{"id":21276,"date":"2024-09-19T12:22:39","date_gmt":"2024-09-19T19:22:39","guid":{"rendered":"https:\/\/techmasterdemexico.com\/producto\/comprobador-de-instalacion-multifuncion-kew-6516-2\/"},"modified":"2024-09-24T10:41:24","modified_gmt":"2024-09-24T17:41:24","slug":"comprobador-de-instalacion-multifuncion-kew-6516-2","status":"publish","type":"product","link":"https:\/\/techmasterdemexico.com\/en\/producto\/comprobador-de-instalacion-multifuncion-kew-6516-2\/","title":{"rendered":"Comprobador de instalaci\u00f3n multifunci\u00f3n KEW 6516"},"content":{"rendered":"<p><\/p>\n<div>Mucha potencia de prueba en manos de profesionales de la instalaci\u00f3n el\u00e9ctrica<\/div>\n<div><\/div>\n<div><\/div>\n<div>PANTALLA<\/div>\n<div>LCD en color de 3,5 pulgadas de matriz de puntos.<\/div>\n<div><\/div>\n<div>ATT<\/div>\n<div>Tecnolog\u00eda Anti-Trip (con 2 y 3 hilos) para pruebas LOOP L-PE sin disparo en todos los RCDs.<\/div>\n<div>S\u00f3lo con 2 hilos, muy \u00fatil en caso de ausencia de Neutro (por ejemplo, l\u00edneas de motor trif\u00e1sicas).<\/div>\n<div><\/div>\n<div>LOOP<\/div>\n<ul>\n<li>Alto rango de corriente de prueba de 2\u03a9 con resoluci\u00f3n de 0,001\u03a9.<\/li>\n<li>Zs L\u00edmite compara los valores requeridos por la Norma de Instalaciones El\u00e9ctricas con los resultados medidos.<\/li>\n<\/ul>\n<div><\/div>\n<div>RCD<\/div>\n<ul>\n<li>Tipo AC, A, F, B(General y Selectivo), EV y RCDs Variables.<\/li>\n<\/ul>\n<div>Prueba simple y autom\u00e1tica, prueba de rampa y tensi\u00f3n de contacto.<\/div>\n<div><\/div>\n<div>TIERRA<\/div>\n<div>Prueba de resistencia de tierra a 2 y 3 hilos con todos los accesorios incluidos.<\/div>\n<div><\/div>\n<div>AISLAMIENTO<\/div>\n<div>Prueba de resistencia 100, 250, 500 y 1000V con tensi\u00f3n de descarga autom\u00e1tica.<\/div>\n<div><\/div>\n<div>CONTINUIDAD<\/div>\n<div>Prueba de continuidad a 200mA o 15mA con zumbador seleccionable para juicio r\u00e1pido.<\/div>\n<div><\/div>\n<div>ROTACI\u00d3N DE FASE<\/div>\n<div>En l\u00edneas trif\u00e1sicas con indicaci\u00f3n clara de la secuencia en la pantalla.<\/div>\n<div><\/div>\n<div>TENSI\u00d3N<\/div>\n<div>Medidas de tensi\u00f3n TRMS 2-600V, frecuencia de red.<\/div>\n<div><\/div>\n<div>AYUDA<\/div>\n<div>La pantalla muestra c\u00f3mo conectar el instrumento seg\u00fan la funci\u00f3n seleccionada.<\/div>\n<div><\/div>\n<div>SPD<\/div>\n<div>Prueba del dispositivo de protecci\u00f3n contra sobretensiones, para SPD que utiliza varistor.<\/div>\n<div><\/div>\n<div>PAT<\/div>\n<div>Funci\u00f3n Portable Appliance Tester, para prueba de resistencia de aislamiento y conductor de protecci\u00f3n.<\/div>\n<div><\/div>\n<div>SEGURIDAD<\/div>\n<div>IEC 61010-1 CAT \u2163 300V \/ CAT \u2162 600V, IEC 61557-1,2,3,4,5,6,7,10.<\/div>\n<div><\/div>\n<div><\/div>\n<p><\/p>","protected":false},"excerpt":{"rendered":"<p>Mucha potencia de prueba en manos de profesionales de la instalaci\u00f3n el\u00e9ctrica PANTALLA LCD en color de 3,5 pulgadas de matriz de puntos. ATT Tecnolog\u00eda Anti-Trip (con 2 y 3 hilos) para pruebas LOOP L-PE sin disparo en todos los RCDs. S\u00f3lo con 2 hilos, muy \u00fatil en caso de ausencia de Neutro (por ejemplo, [&hellip;]<\/p>\n","protected":false},"featured_media":21706,"template":"","meta":{"_acf_changed":false},"pwb-brand":[624],"product_brand":[],"product_cat":[626,621,620],"product_tag":[],"class_list":{"0":"post-21276","1":"product","2":"type-product","3":"status-publish","4":"has-post-thumbnail","6":"pwb-brand-kyoritsu","7":"product_cat-comprobadores-de-tierra","8":"product_cat-instrumentos-de-medicion-y-prueba","9":"product_cat-kyoritsu","11":"first","12":"instock","13":"taxable","14":"shipping-taxable","15":"product-type-simple"},"acf":[],"yoast_head":"<!-- This site is optimized with the Yoast SEO plugin v27.4 - https:\/\/yoast.com\/product\/yoast-seo-wordpress\/ -->\n<title>Comprobador de instalaci\u00f3n multifunci\u00f3n KEW 6516 - Techmaster de Mexico<\/title>\n<meta name=\"robots\" content=\"index, follow, max-snippet:-1, max-image-preview:large, max-video-preview:-1\" \/>\n<link rel=\"canonical\" href=\"https:\/\/techmasterdemexico.com\/producto\/comprobador-de-instalacion-multifuncion-kew-6516-2\/\" \/>\n<meta property=\"og:locale\" content=\"en_US\" \/>\n<meta property=\"og:type\" content=\"article\" \/>\n<meta property=\"og:title\" content=\"Comprobador de instalaci\u00f3n multifunci\u00f3n KEW 6516 - Techmaster de Mexico\" \/>\n<meta property=\"og:description\" content=\"Mucha potencia de prueba en manos de profesionales de la instalaci\u00f3n el\u00e9ctrica PANTALLA LCD en color de 3,5 pulgadas de matriz de puntos. ATT Tecnolog\u00eda Anti-Trip (con 2 y 3 hilos) para pruebas LOOP L-PE sin disparo en todos los RCDs. S\u00f3lo con 2 hilos, muy \u00fatil en caso de ausencia de Neutro (por ejemplo, [&hellip;]\" \/>\n<meta property=\"og:url\" content=\"https:\/\/techmasterdemexico.com\/producto\/comprobador-de-instalacion-multifuncion-kew-6516-2\/\" \/>\n<meta property=\"og:site_name\" content=\"Techmaster de Mexico\" \/>\n<meta property=\"article:modified_time\" content=\"2024-09-24T17:41:24+00:00\" \/>\n<meta property=\"og:image\" content=\"https:\/\/techmasterdemexico.com\/wp-content\/uploads\/KEW-6516-1.jpg\" \/>\n\t<meta property=\"og:image:width\" content=\"1000\" \/>\n\t<meta property=\"og:image:height\" content=\"1000\" \/>\n\t<meta property=\"og:image:type\" content=\"image\/jpeg\" \/>\n<meta name=\"twitter:card\" content=\"summary_large_image\" \/>\n<meta name=\"twitter:label1\" content=\"Est. reading time\" \/>\n\t<meta name=\"twitter:data1\" content=\"2 minutes\" \/>\n<script type=\"application\/ld+json\" class=\"yoast-schema-graph\">{\"@context\":\"https:\\\/\\\/schema.org\",\"@graph\":[{\"@type\":\"WebPage\",\"@id\":\"https:\\\/\\\/techmasterdemexico.com\\\/producto\\\/comprobador-de-instalacion-multifuncion-kew-6516-2\\\/\",\"url\":\"https:\\\/\\\/techmasterdemexico.com\\\/producto\\\/comprobador-de-instalacion-multifuncion-kew-6516-2\\\/\",\"name\":\"Comprobador de instalaci\u00f3n multifunci\u00f3n KEW 6516 - Techmaster de Mexico\",\"isPartOf\":{\"@id\":\"https:\\\/\\\/techmasterdemexico.com\\\/#website\"},\"primaryImageOfPage\":{\"@id\":\"https:\\\/\\\/techmasterdemexico.com\\\/producto\\\/comprobador-de-instalacion-multifuncion-kew-6516-2\\\/#primaryimage\"},\"image\":{\"@id\":\"https:\\\/\\\/techmasterdemexico.com\\\/producto\\\/comprobador-de-instalacion-multifuncion-kew-6516-2\\\/#primaryimage\"},\"thumbnailUrl\":\"https:\\\/\\\/techmasterdemexico.com\\\/wp-content\\\/uploads\\\/KEW-6516-1.jpg\",\"datePublished\":\"2024-09-19T19:22:39+00:00\",\"dateModified\":\"2024-09-24T17:41:24+00:00\",\"breadcrumb\":{\"@id\":\"https:\\\/\\\/techmasterdemexico.com\\\/producto\\\/comprobador-de-instalacion-multifuncion-kew-6516-2\\\/#breadcrumb\"},\"inLanguage\":\"en-US\",\"potentialAction\":[{\"@type\":\"ReadAction\",\"target\":[\"https:\\\/\\\/techmasterdemexico.com\\\/producto\\\/comprobador-de-instalacion-multifuncion-kew-6516-2\\\/\"]}]},{\"@type\":\"ImageObject\",\"inLanguage\":\"en-US\",\"@id\":\"https:\\\/\\\/techmasterdemexico.com\\\/producto\\\/comprobador-de-instalacion-multifuncion-kew-6516-2\\\/#primaryimage\",\"url\":\"https:\\\/\\\/techmasterdemexico.com\\\/wp-content\\\/uploads\\\/KEW-6516-1.jpg\",\"contentUrl\":\"https:\\\/\\\/techmasterdemexico.com\\\/wp-content\\\/uploads\\\/KEW-6516-1.jpg\",\"width\":1000,\"height\":1000},{\"@type\":\"BreadcrumbList\",\"@id\":\"https:\\\/\\\/techmasterdemexico.com\\\/producto\\\/comprobador-de-instalacion-multifuncion-kew-6516-2\\\/#breadcrumb\",\"itemListElement\":[{\"@type\":\"ListItem\",\"position\":1,\"name\":\"Portada\",\"item\":\"https:\\\/\\\/techmasterdemexico.com\\\/\"},{\"@type\":\"ListItem\",\"position\":2,\"name\":\"Comprobador de instalaci\u00f3n multifunci\u00f3n KEW 6516\"}]},{\"@type\":\"WebSite\",\"@id\":\"https:\\\/\\\/techmasterdemexico.com\\\/#website\",\"url\":\"https:\\\/\\\/techmasterdemexico.com\\\/\",\"name\":\"Techmaster de Mexico\",\"description\":\"\",\"potentialAction\":[{\"@type\":\"SearchAction\",\"target\":{\"@type\":\"EntryPoint\",\"urlTemplate\":\"https:\\\/\\\/techmasterdemexico.com\\\/?s={search_term_string}\"},\"query-input\":{\"@type\":\"PropertyValueSpecification\",\"valueRequired\":true,\"valueName\":\"search_term_string\"}}],\"inLanguage\":\"en-US\"}]}<\/script>\n<!-- \/ Yoast SEO plugin. -->","yoast_head_json":{"title":"Comprobador de instalaci\u00f3n multifunci\u00f3n KEW 6516 - Techmaster de Mexico","robots":{"index":"index","follow":"follow","max-snippet":"max-snippet:-1","max-image-preview":"max-image-preview:large","max-video-preview":"max-video-preview:-1"},"canonical":"https:\/\/techmasterdemexico.com\/producto\/comprobador-de-instalacion-multifuncion-kew-6516-2\/","og_locale":"en_US","og_type":"article","og_title":"Comprobador de instalaci\u00f3n multifunci\u00f3n KEW 6516 - Techmaster de Mexico","og_description":"Mucha potencia de prueba en manos de profesionales de la instalaci\u00f3n el\u00e9ctrica PANTALLA LCD en color de 3,5 pulgadas de matriz de puntos. ATT Tecnolog\u00eda Anti-Trip (con 2 y 3 hilos) para pruebas LOOP L-PE sin disparo en todos los RCDs. S\u00f3lo con 2 hilos, muy \u00fatil en caso de ausencia de Neutro (por ejemplo, [&hellip;]","og_url":"https:\/\/techmasterdemexico.com\/producto\/comprobador-de-instalacion-multifuncion-kew-6516-2\/","og_site_name":"Techmaster de Mexico","article_modified_time":"2024-09-24T17:41:24+00:00","og_image":[{"width":1000,"height":1000,"url":"https:\/\/techmasterdemexico.com\/wp-content\/uploads\/KEW-6516-1.jpg","type":"image\/jpeg"}],"twitter_card":"summary_large_image","twitter_misc":{"Est. reading time":"2 minutes"},"schema":{"@context":"https:\/\/schema.org","@graph":[{"@type":"WebPage","@id":"https:\/\/techmasterdemexico.com\/producto\/comprobador-de-instalacion-multifuncion-kew-6516-2\/","url":"https:\/\/techmasterdemexico.com\/producto\/comprobador-de-instalacion-multifuncion-kew-6516-2\/","name":"Comprobador de instalaci\u00f3n multifunci\u00f3n KEW 6516 - Techmaster de Mexico","isPartOf":{"@id":"https:\/\/techmasterdemexico.com\/#website"},"primaryImageOfPage":{"@id":"https:\/\/techmasterdemexico.com\/producto\/comprobador-de-instalacion-multifuncion-kew-6516-2\/#primaryimage"},"image":{"@id":"https:\/\/techmasterdemexico.com\/producto\/comprobador-de-instalacion-multifuncion-kew-6516-2\/#primaryimage"},"thumbnailUrl":"https:\/\/techmasterdemexico.com\/wp-content\/uploads\/KEW-6516-1.jpg","datePublished":"2024-09-19T19:22:39+00:00","dateModified":"2024-09-24T17:41:24+00:00","breadcrumb":{"@id":"https:\/\/techmasterdemexico.com\/producto\/comprobador-de-instalacion-multifuncion-kew-6516-2\/#breadcrumb"},"inLanguage":"en-US","potentialAction":[{"@type":"ReadAction","target":["https:\/\/techmasterdemexico.com\/producto\/comprobador-de-instalacion-multifuncion-kew-6516-2\/"]}]},{"@type":"ImageObject","inLanguage":"en-US","@id":"https:\/\/techmasterdemexico.com\/producto\/comprobador-de-instalacion-multifuncion-kew-6516-2\/#primaryimage","url":"https:\/\/techmasterdemexico.com\/wp-content\/uploads\/KEW-6516-1.jpg","contentUrl":"https:\/\/techmasterdemexico.com\/wp-content\/uploads\/KEW-6516-1.jpg","width":1000,"height":1000},{"@type":"BreadcrumbList","@id":"https:\/\/techmasterdemexico.com\/producto\/comprobador-de-instalacion-multifuncion-kew-6516-2\/#breadcrumb","itemListElement":[{"@type":"ListItem","position":1,"name":"Portada","item":"https:\/\/techmasterdemexico.com\/"},{"@type":"ListItem","position":2,"name":"Comprobador de instalaci\u00f3n multifunci\u00f3n KEW 6516"}]},{"@type":"WebSite","@id":"https:\/\/techmasterdemexico.com\/#website","url":"https:\/\/techmasterdemexico.com\/","name":"Techmaster de Mexico","description":"","potentialAction":[{"@type":"SearchAction","target":{"@type":"EntryPoint","urlTemplate":"https:\/\/techmasterdemexico.com\/?s={search_term_string}"},"query-input":{"@type":"PropertyValueSpecification","valueRequired":true,"valueName":"search_term_string"}}],"inLanguage":"en-US"}]}},"brands":[{"id":624,"name":"Kyoritsu","slug":"kyoritsu"}],"_links":{"self":[{"href":"https:\/\/techmasterdemexico.com\/en\/wp-json\/wp\/v2\/product\/21276","targetHints":{"allow":["GET"]}}],"collection":[{"href":"https:\/\/techmasterdemexico.com\/en\/wp-json\/wp\/v2\/product"}],"about":[{"href":"https:\/\/techmasterdemexico.com\/en\/wp-json\/wp\/v2\/types\/product"}],"wp:featuredmedia":[{"embeddable":true,"href":"https:\/\/techmasterdemexico.com\/en\/wp-json\/wp\/v2\/media\/21706"}],"wp:attachment":[{"href":"https:\/\/techmasterdemexico.com\/en\/wp-json\/wp\/v2\/media?parent=21276"}],"wp:term":[{"taxonomy":"pwb-brand","embeddable":true,"href":"https:\/\/techmasterdemexico.com\/en\/wp-json\/wp\/v2\/pwb-brand?post=21276"},{"taxonomy":"product_brand","embeddable":true,"href":"https:\/\/techmasterdemexico.com\/en\/wp-json\/wp\/v2\/product_brand?post=21276"},{"taxonomy":"product_cat","embeddable":true,"href":"https:\/\/techmasterdemexico.com\/en\/wp-json\/wp\/v2\/product_cat?post=21276"},{"taxonomy":"product_tag","embeddable":true,"href":"https:\/\/techmasterdemexico.com\/en\/wp-json\/wp\/v2\/product_tag?post=21276"}],"curies":[{"name":"wp","href":"https:\/\/api.w.org\/{rel}","templated":true}]}}