{"id":21266,"date":"2024-09-19T12:22:36","date_gmt":"2024-09-19T19:22:36","guid":{"rendered":"https:\/\/techmasterdemexico.com\/producto\/comprobador-de-aislamiento-continuidad-modelo-3005a\/"},"modified":"2024-09-23T12:31:14","modified_gmt":"2024-09-23T19:31:14","slug":"comprobador-de-aislamiento-continuidad-modelo-3005a","status":"publish","type":"product","link":"https:\/\/techmasterdemexico.com\/en\/producto\/comprobador-de-aislamiento-continuidad-modelo-3005a\/","title":{"rendered":"Comprobador de aislamiento\/continuidad MODELO 3005A"},"content":{"rendered":"<ul>\n<li>Gr\u00e1fico de barras para visualizar la resistencia del aislamiento<\/li>\n<li>Muestra el valor de la tensi\u00f3n alterna externa con un s\u00edmbolo intermitente<\/li>\n<li>Funci\u00f3n de anulaci\u00f3n autom\u00e1tica para restar autom\u00e1ticamente la resistencia del cable de prueba antes de mostrar el valor real de la resistencia de continuidad.<\/li>\n<li>Zumbador de aviso de circuito bajo tensi\u00f3n<\/li>\n<li>Al soltar el bot\u00f3n de prueba se descargan autom\u00e1ticamente las cargas almacenadas en el circuito bajo prueba<\/li>\n<li>Corriente de medici\u00f3n de 200 mA en pruebas de continuidad<\/li>\n<\/ul>\n","protected":false},"excerpt":{"rendered":"<p>Gr\u00e1fico de barras para visualizar la resistencia del aislamiento Muestra el valor de la tensi\u00f3n alterna externa con un s\u00edmbolo intermitente Funci\u00f3n de anulaci\u00f3n autom\u00e1tica para restar autom\u00e1ticamente la resistencia del cable de prueba antes de mostrar el valor real de la resistencia de continuidad. Zumbador de aviso de circuito bajo tensi\u00f3n Al soltar el [&hellip;]<\/p>\n","protected":false},"featured_media":21654,"template":"","meta":{"_acf_changed":false},"pwb-brand":[624],"product_brand":[],"product_cat":[625,621,620],"product_tag":[],"class_list":{"0":"post-21266","1":"product","2":"type-product","3":"status-publish","4":"has-post-thumbnail","6":"pwb-brand-kyoritsu","7":"product_cat-comprobadores-de-aislamiento-instrumentos-de-medicion-y-prueba","8":"product_cat-instrumentos-de-medicion-y-prueba","9":"product_cat-kyoritsu","11":"first","12":"instock","13":"taxable","14":"shipping-taxable","15":"product-type-simple"},"acf":[],"yoast_head":"<!-- This site is optimized with the Yoast SEO plugin v27.4 - https:\/\/yoast.com\/product\/yoast-seo-wordpress\/ -->\n<title>Comprobador de aislamiento\/continuidad MODELO 3005A - Techmaster de Mexico<\/title>\n<meta name=\"robots\" content=\"index, follow, max-snippet:-1, max-image-preview:large, max-video-preview:-1\" \/>\n<link rel=\"canonical\" href=\"https:\/\/techmasterdemexico.com\/producto\/comprobador-de-aislamiento-continuidad-modelo-3005a\/\" \/>\n<meta property=\"og:locale\" content=\"en_US\" \/>\n<meta property=\"og:type\" content=\"article\" \/>\n<meta property=\"og:title\" content=\"Comprobador de aislamiento\/continuidad MODELO 3005A - Techmaster de Mexico\" \/>\n<meta property=\"og:description\" content=\"Gr\u00e1fico de barras para visualizar la resistencia del aislamiento Muestra el valor de la tensi\u00f3n alterna externa con un s\u00edmbolo intermitente Funci\u00f3n de anulaci\u00f3n autom\u00e1tica para restar autom\u00e1ticamente la resistencia del cable de prueba antes de mostrar el valor real de la resistencia de continuidad. Zumbador de aviso de circuito bajo tensi\u00f3n Al soltar el [&hellip;]\" \/>\n<meta property=\"og:url\" content=\"https:\/\/techmasterdemexico.com\/producto\/comprobador-de-aislamiento-continuidad-modelo-3005a\/\" \/>\n<meta property=\"og:site_name\" content=\"Techmaster de Mexico\" \/>\n<meta property=\"article:modified_time\" content=\"2024-09-23T19:31:14+00:00\" \/>\n<meta property=\"og:image\" content=\"https:\/\/techmasterdemexico.com\/wp-content\/uploads\/MODEL-3005A.jpg\" \/>\n\t<meta property=\"og:image:width\" content=\"1000\" \/>\n\t<meta property=\"og:image:height\" content=\"1000\" \/>\n\t<meta property=\"og:image:type\" content=\"image\/jpeg\" \/>\n<meta name=\"twitter:card\" content=\"summary_large_image\" \/>\n<meta name=\"twitter:label1\" content=\"Est. reading time\" \/>\n\t<meta name=\"twitter:data1\" content=\"1 minute\" \/>\n<script type=\"application\/ld+json\" class=\"yoast-schema-graph\">{\"@context\":\"https:\\\/\\\/schema.org\",\"@graph\":[{\"@type\":\"WebPage\",\"@id\":\"https:\\\/\\\/techmasterdemexico.com\\\/producto\\\/comprobador-de-aislamiento-continuidad-modelo-3005a\\\/\",\"url\":\"https:\\\/\\\/techmasterdemexico.com\\\/producto\\\/comprobador-de-aislamiento-continuidad-modelo-3005a\\\/\",\"name\":\"Comprobador de aislamiento\\\/continuidad MODELO 3005A - Techmaster de Mexico\",\"isPartOf\":{\"@id\":\"https:\\\/\\\/techmasterdemexico.com\\\/#website\"},\"primaryImageOfPage\":{\"@id\":\"https:\\\/\\\/techmasterdemexico.com\\\/producto\\\/comprobador-de-aislamiento-continuidad-modelo-3005a\\\/#primaryimage\"},\"image\":{\"@id\":\"https:\\\/\\\/techmasterdemexico.com\\\/producto\\\/comprobador-de-aislamiento-continuidad-modelo-3005a\\\/#primaryimage\"},\"thumbnailUrl\":\"https:\\\/\\\/techmasterdemexico.com\\\/wp-content\\\/uploads\\\/MODEL-3005A.jpg\",\"datePublished\":\"2024-09-19T19:22:36+00:00\",\"dateModified\":\"2024-09-23T19:31:14+00:00\",\"breadcrumb\":{\"@id\":\"https:\\\/\\\/techmasterdemexico.com\\\/producto\\\/comprobador-de-aislamiento-continuidad-modelo-3005a\\\/#breadcrumb\"},\"inLanguage\":\"en-US\",\"potentialAction\":[{\"@type\":\"ReadAction\",\"target\":[\"https:\\\/\\\/techmasterdemexico.com\\\/producto\\\/comprobador-de-aislamiento-continuidad-modelo-3005a\\\/\"]}]},{\"@type\":\"ImageObject\",\"inLanguage\":\"en-US\",\"@id\":\"https:\\\/\\\/techmasterdemexico.com\\\/producto\\\/comprobador-de-aislamiento-continuidad-modelo-3005a\\\/#primaryimage\",\"url\":\"https:\\\/\\\/techmasterdemexico.com\\\/wp-content\\\/uploads\\\/MODEL-3005A.jpg\",\"contentUrl\":\"https:\\\/\\\/techmasterdemexico.com\\\/wp-content\\\/uploads\\\/MODEL-3005A.jpg\",\"width\":1000,\"height\":1000},{\"@type\":\"BreadcrumbList\",\"@id\":\"https:\\\/\\\/techmasterdemexico.com\\\/producto\\\/comprobador-de-aislamiento-continuidad-modelo-3005a\\\/#breadcrumb\",\"itemListElement\":[{\"@type\":\"ListItem\",\"position\":1,\"name\":\"Portada\",\"item\":\"https:\\\/\\\/techmasterdemexico.com\\\/\"},{\"@type\":\"ListItem\",\"position\":2,\"name\":\"Comprobador de aislamiento\\\/continuidad MODELO 3005A\"}]},{\"@type\":\"WebSite\",\"@id\":\"https:\\\/\\\/techmasterdemexico.com\\\/#website\",\"url\":\"https:\\\/\\\/techmasterdemexico.com\\\/\",\"name\":\"Techmaster de Mexico\",\"description\":\"\",\"potentialAction\":[{\"@type\":\"SearchAction\",\"target\":{\"@type\":\"EntryPoint\",\"urlTemplate\":\"https:\\\/\\\/techmasterdemexico.com\\\/?s={search_term_string}\"},\"query-input\":{\"@type\":\"PropertyValueSpecification\",\"valueRequired\":true,\"valueName\":\"search_term_string\"}}],\"inLanguage\":\"en-US\"}]}<\/script>\n<!-- \/ Yoast SEO plugin. -->","yoast_head_json":{"title":"Comprobador de aislamiento\/continuidad MODELO 3005A - Techmaster de Mexico","robots":{"index":"index","follow":"follow","max-snippet":"max-snippet:-1","max-image-preview":"max-image-preview:large","max-video-preview":"max-video-preview:-1"},"canonical":"https:\/\/techmasterdemexico.com\/producto\/comprobador-de-aislamiento-continuidad-modelo-3005a\/","og_locale":"en_US","og_type":"article","og_title":"Comprobador de aislamiento\/continuidad MODELO 3005A - Techmaster de Mexico","og_description":"Gr\u00e1fico de barras para visualizar la resistencia del aislamiento Muestra el valor de la tensi\u00f3n alterna externa con un s\u00edmbolo intermitente Funci\u00f3n de anulaci\u00f3n autom\u00e1tica para restar autom\u00e1ticamente la resistencia del cable de prueba antes de mostrar el valor real de la resistencia de continuidad. Zumbador de aviso de circuito bajo tensi\u00f3n Al soltar el [&hellip;]","og_url":"https:\/\/techmasterdemexico.com\/producto\/comprobador-de-aislamiento-continuidad-modelo-3005a\/","og_site_name":"Techmaster de Mexico","article_modified_time":"2024-09-23T19:31:14+00:00","og_image":[{"width":1000,"height":1000,"url":"https:\/\/techmasterdemexico.com\/wp-content\/uploads\/MODEL-3005A.jpg","type":"image\/jpeg"}],"twitter_card":"summary_large_image","twitter_misc":{"Est. reading time":"1 minute"},"schema":{"@context":"https:\/\/schema.org","@graph":[{"@type":"WebPage","@id":"https:\/\/techmasterdemexico.com\/producto\/comprobador-de-aislamiento-continuidad-modelo-3005a\/","url":"https:\/\/techmasterdemexico.com\/producto\/comprobador-de-aislamiento-continuidad-modelo-3005a\/","name":"Comprobador de aislamiento\/continuidad MODELO 3005A - Techmaster de Mexico","isPartOf":{"@id":"https:\/\/techmasterdemexico.com\/#website"},"primaryImageOfPage":{"@id":"https:\/\/techmasterdemexico.com\/producto\/comprobador-de-aislamiento-continuidad-modelo-3005a\/#primaryimage"},"image":{"@id":"https:\/\/techmasterdemexico.com\/producto\/comprobador-de-aislamiento-continuidad-modelo-3005a\/#primaryimage"},"thumbnailUrl":"https:\/\/techmasterdemexico.com\/wp-content\/uploads\/MODEL-3005A.jpg","datePublished":"2024-09-19T19:22:36+00:00","dateModified":"2024-09-23T19:31:14+00:00","breadcrumb":{"@id":"https:\/\/techmasterdemexico.com\/producto\/comprobador-de-aislamiento-continuidad-modelo-3005a\/#breadcrumb"},"inLanguage":"en-US","potentialAction":[{"@type":"ReadAction","target":["https:\/\/techmasterdemexico.com\/producto\/comprobador-de-aislamiento-continuidad-modelo-3005a\/"]}]},{"@type":"ImageObject","inLanguage":"en-US","@id":"https:\/\/techmasterdemexico.com\/producto\/comprobador-de-aislamiento-continuidad-modelo-3005a\/#primaryimage","url":"https:\/\/techmasterdemexico.com\/wp-content\/uploads\/MODEL-3005A.jpg","contentUrl":"https:\/\/techmasterdemexico.com\/wp-content\/uploads\/MODEL-3005A.jpg","width":1000,"height":1000},{"@type":"BreadcrumbList","@id":"https:\/\/techmasterdemexico.com\/producto\/comprobador-de-aislamiento-continuidad-modelo-3005a\/#breadcrumb","itemListElement":[{"@type":"ListItem","position":1,"name":"Portada","item":"https:\/\/techmasterdemexico.com\/"},{"@type":"ListItem","position":2,"name":"Comprobador de aislamiento\/continuidad MODELO 3005A"}]},{"@type":"WebSite","@id":"https:\/\/techmasterdemexico.com\/#website","url":"https:\/\/techmasterdemexico.com\/","name":"Techmaster de Mexico","description":"","potentialAction":[{"@type":"SearchAction","target":{"@type":"EntryPoint","urlTemplate":"https:\/\/techmasterdemexico.com\/?s={search_term_string}"},"query-input":{"@type":"PropertyValueSpecification","valueRequired":true,"valueName":"search_term_string"}}],"inLanguage":"en-US"}]}},"brands":[{"id":624,"name":"Kyoritsu","slug":"kyoritsu"}],"_links":{"self":[{"href":"https:\/\/techmasterdemexico.com\/en\/wp-json\/wp\/v2\/product\/21266","targetHints":{"allow":["GET"]}}],"collection":[{"href":"https:\/\/techmasterdemexico.com\/en\/wp-json\/wp\/v2\/product"}],"about":[{"href":"https:\/\/techmasterdemexico.com\/en\/wp-json\/wp\/v2\/types\/product"}],"wp:featuredmedia":[{"embeddable":true,"href":"https:\/\/techmasterdemexico.com\/en\/wp-json\/wp\/v2\/media\/21654"}],"wp:attachment":[{"href":"https:\/\/techmasterdemexico.com\/en\/wp-json\/wp\/v2\/media?parent=21266"}],"wp:term":[{"taxonomy":"pwb-brand","embeddable":true,"href":"https:\/\/techmasterdemexico.com\/en\/wp-json\/wp\/v2\/pwb-brand?post=21266"},{"taxonomy":"product_brand","embeddable":true,"href":"https:\/\/techmasterdemexico.com\/en\/wp-json\/wp\/v2\/product_brand?post=21266"},{"taxonomy":"product_cat","embeddable":true,"href":"https:\/\/techmasterdemexico.com\/en\/wp-json\/wp\/v2\/product_cat?post=21266"},{"taxonomy":"product_tag","embeddable":true,"href":"https:\/\/techmasterdemexico.com\/en\/wp-json\/wp\/v2\/product_tag?post=21266"}],"curies":[{"name":"wp","href":"https:\/\/api.w.org\/{rel}","templated":true}]}}