{"id":21254,"date":"2024-09-19T12:22:32","date_gmt":"2024-09-19T19:22:32","guid":{"rendered":"https:\/\/techmasterdemexico.com\/producto\/comprobador-de-instalacion-multifuncion-modelo-6011a\/"},"modified":"2024-09-23T12:50:11","modified_gmt":"2024-09-23T19:50:11","slug":"comprobador-de-instalacion-multifuncion-modelo-6011a","status":"publish","type":"product","link":"https:\/\/techmasterdemexico.com\/en\/producto\/comprobador-de-instalacion-multifuncion-modelo-6011a\/","title":{"rendered":"Comprobador de instalaci\u00f3n multifunci\u00f3n MODELO 6011A"},"content":{"rendered":"<ul>\n<li>Cumple la norma IEC 61557<\/li>\n<li>Dise\u00f1ado para IP 54<\/li>\n<li>LED de comprobaci\u00f3n del circuito en tensi\u00f3n y de la conexi\u00f3n del cableado<\/li>\n<li>Pruebas de aislamiento de triple rango a 250, 500 y 1000V<\/li>\n<li>Pruebas de bucle y PSC de triple rango Corriente de prueba de 15 mA en el rango 200\u03a9\/2000\u03a9(Sin disparo RCD)<\/li>\n<li>Selecci\u00f3n de \u00e1ngulo de fase en rangos RCD<\/li>\n<li>Conmutador de polaridad para pruebas de continuidad<\/li>\n<li>Funci\u00f3n de anulaci\u00f3n autom\u00e1tica para pruebas de continuidad<\/li>\n<li>Sonda de tierra para pruebas de impedancia de bucle en estructuras met\u00e1licas externas<\/li>\n<li>Lectura de la tensi\u00f3n de contacto<\/li>\n<li>Prueba de una gran variedad de RCD&#8217;s: Est\u00e1ndar, Selectivo, CA y A<br \/>\n(interruptores sensibles a CC)<\/li>\n<\/ul>\n","protected":false},"excerpt":{"rendered":"<p>Cumple la norma IEC 61557 Dise\u00f1ado para IP 54 LED de comprobaci\u00f3n del circuito en tensi\u00f3n y de la conexi\u00f3n del cableado Pruebas de aislamiento de triple rango a 250, 500 y 1000V Pruebas de bucle y PSC de triple rango Corriente de prueba de 15 mA en el rango 200\u03a9\/2000\u03a9(Sin disparo RCD) Selecci\u00f3n de [&hellip;]<\/p>\n","protected":false},"featured_media":21678,"template":"","meta":{"_acf_changed":false},"pwb-brand":[624],"product_brand":[],"product_cat":[625,621,620],"product_tag":[],"class_list":{"0":"post-21254","1":"product","2":"type-product","3":"status-publish","4":"has-post-thumbnail","6":"pwb-brand-kyoritsu","7":"product_cat-comprobadores-de-aislamiento-instrumentos-de-medicion-y-prueba","8":"product_cat-instrumentos-de-medicion-y-prueba","9":"product_cat-kyoritsu","11":"first","12":"instock","13":"taxable","14":"shipping-taxable","15":"product-type-simple"},"acf":[],"yoast_head":"<!-- This site is optimized with the Yoast SEO plugin v27.3 - https:\/\/yoast.com\/product\/yoast-seo-wordpress\/ -->\n<title>Comprobador de instalaci\u00f3n multifunci\u00f3n MODELO 6011A - Techmaster de Mexico<\/title>\n<meta name=\"robots\" content=\"index, follow, max-snippet:-1, max-image-preview:large, max-video-preview:-1\" \/>\n<link rel=\"canonical\" href=\"https:\/\/techmasterdemexico.com\/producto\/comprobador-de-instalacion-multifuncion-modelo-6011a\/\" \/>\n<meta property=\"og:locale\" content=\"en_US\" \/>\n<meta property=\"og:type\" content=\"article\" \/>\n<meta property=\"og:title\" content=\"Comprobador de instalaci\u00f3n multifunci\u00f3n MODELO 6011A - Techmaster de Mexico\" \/>\n<meta property=\"og:description\" content=\"Cumple la norma IEC 61557 Dise\u00f1ado para IP 54 LED de comprobaci\u00f3n del circuito en tensi\u00f3n y de la conexi\u00f3n del cableado Pruebas de aislamiento de triple rango a 250, 500 y 1000V Pruebas de bucle y PSC de triple rango Corriente de prueba de 15 mA en el rango 200\u03a9\/2000\u03a9(Sin disparo RCD) Selecci\u00f3n de [&hellip;]\" \/>\n<meta property=\"og:url\" content=\"https:\/\/techmasterdemexico.com\/producto\/comprobador-de-instalacion-multifuncion-modelo-6011a\/\" \/>\n<meta property=\"og:site_name\" content=\"Techmaster de Mexico\" \/>\n<meta property=\"article:modified_time\" content=\"2024-09-23T19:50:11+00:00\" \/>\n<meta property=\"og:image\" content=\"https:\/\/techmasterdemexico.com\/wp-content\/uploads\/MODEL-6011A.jpg\" \/>\n\t<meta property=\"og:image:width\" content=\"1000\" \/>\n\t<meta property=\"og:image:height\" content=\"1000\" \/>\n\t<meta property=\"og:image:type\" content=\"image\/jpeg\" \/>\n<meta name=\"twitter:card\" content=\"summary_large_image\" \/>\n<meta name=\"twitter:label1\" content=\"Est. reading time\" \/>\n\t<meta name=\"twitter:data1\" content=\"1 minute\" \/>\n<script type=\"application\/ld+json\" class=\"yoast-schema-graph\">{\"@context\":\"https:\\\/\\\/schema.org\",\"@graph\":[{\"@type\":\"WebPage\",\"@id\":\"https:\\\/\\\/techmasterdemexico.com\\\/producto\\\/comprobador-de-instalacion-multifuncion-modelo-6011a\\\/\",\"url\":\"https:\\\/\\\/techmasterdemexico.com\\\/producto\\\/comprobador-de-instalacion-multifuncion-modelo-6011a\\\/\",\"name\":\"Comprobador de instalaci\u00f3n multifunci\u00f3n MODELO 6011A - Techmaster de Mexico\",\"isPartOf\":{\"@id\":\"https:\\\/\\\/techmasterdemexico.com\\\/#website\"},\"primaryImageOfPage\":{\"@id\":\"https:\\\/\\\/techmasterdemexico.com\\\/producto\\\/comprobador-de-instalacion-multifuncion-modelo-6011a\\\/#primaryimage\"},\"image\":{\"@id\":\"https:\\\/\\\/techmasterdemexico.com\\\/producto\\\/comprobador-de-instalacion-multifuncion-modelo-6011a\\\/#primaryimage\"},\"thumbnailUrl\":\"https:\\\/\\\/techmasterdemexico.com\\\/wp-content\\\/uploads\\\/MODEL-6011A.jpg\",\"datePublished\":\"2024-09-19T19:22:32+00:00\",\"dateModified\":\"2024-09-23T19:50:11+00:00\",\"breadcrumb\":{\"@id\":\"https:\\\/\\\/techmasterdemexico.com\\\/producto\\\/comprobador-de-instalacion-multifuncion-modelo-6011a\\\/#breadcrumb\"},\"inLanguage\":\"en-US\",\"potentialAction\":[{\"@type\":\"ReadAction\",\"target\":[\"https:\\\/\\\/techmasterdemexico.com\\\/producto\\\/comprobador-de-instalacion-multifuncion-modelo-6011a\\\/\"]}]},{\"@type\":\"ImageObject\",\"inLanguage\":\"en-US\",\"@id\":\"https:\\\/\\\/techmasterdemexico.com\\\/producto\\\/comprobador-de-instalacion-multifuncion-modelo-6011a\\\/#primaryimage\",\"url\":\"https:\\\/\\\/techmasterdemexico.com\\\/wp-content\\\/uploads\\\/MODEL-6011A.jpg\",\"contentUrl\":\"https:\\\/\\\/techmasterdemexico.com\\\/wp-content\\\/uploads\\\/MODEL-6011A.jpg\",\"width\":1000,\"height\":1000},{\"@type\":\"BreadcrumbList\",\"@id\":\"https:\\\/\\\/techmasterdemexico.com\\\/producto\\\/comprobador-de-instalacion-multifuncion-modelo-6011a\\\/#breadcrumb\",\"itemListElement\":[{\"@type\":\"ListItem\",\"position\":1,\"name\":\"Portada\",\"item\":\"https:\\\/\\\/techmasterdemexico.com\\\/\"},{\"@type\":\"ListItem\",\"position\":2,\"name\":\"Comprobador de instalaci\u00f3n multifunci\u00f3n MODELO 6011A\"}]},{\"@type\":\"WebSite\",\"@id\":\"https:\\\/\\\/techmasterdemexico.com\\\/#website\",\"url\":\"https:\\\/\\\/techmasterdemexico.com\\\/\",\"name\":\"Techmaster de Mexico\",\"description\":\"\",\"potentialAction\":[{\"@type\":\"SearchAction\",\"target\":{\"@type\":\"EntryPoint\",\"urlTemplate\":\"https:\\\/\\\/techmasterdemexico.com\\\/?s={search_term_string}\"},\"query-input\":{\"@type\":\"PropertyValueSpecification\",\"valueRequired\":true,\"valueName\":\"search_term_string\"}}],\"inLanguage\":\"en-US\"}]}<\/script>\n<!-- \/ Yoast SEO plugin. -->","yoast_head_json":{"title":"Comprobador de instalaci\u00f3n multifunci\u00f3n MODELO 6011A - Techmaster de Mexico","robots":{"index":"index","follow":"follow","max-snippet":"max-snippet:-1","max-image-preview":"max-image-preview:large","max-video-preview":"max-video-preview:-1"},"canonical":"https:\/\/techmasterdemexico.com\/producto\/comprobador-de-instalacion-multifuncion-modelo-6011a\/","og_locale":"en_US","og_type":"article","og_title":"Comprobador de instalaci\u00f3n multifunci\u00f3n MODELO 6011A - Techmaster de Mexico","og_description":"Cumple la norma IEC 61557 Dise\u00f1ado para IP 54 LED de comprobaci\u00f3n del circuito en tensi\u00f3n y de la conexi\u00f3n del cableado Pruebas de aislamiento de triple rango a 250, 500 y 1000V Pruebas de bucle y PSC de triple rango Corriente de prueba de 15 mA en el rango 200\u03a9\/2000\u03a9(Sin disparo RCD) Selecci\u00f3n de [&hellip;]","og_url":"https:\/\/techmasterdemexico.com\/producto\/comprobador-de-instalacion-multifuncion-modelo-6011a\/","og_site_name":"Techmaster de Mexico","article_modified_time":"2024-09-23T19:50:11+00:00","og_image":[{"width":1000,"height":1000,"url":"https:\/\/techmasterdemexico.com\/wp-content\/uploads\/MODEL-6011A.jpg","type":"image\/jpeg"}],"twitter_card":"summary_large_image","twitter_misc":{"Est. reading time":"1 minute"},"schema":{"@context":"https:\/\/schema.org","@graph":[{"@type":"WebPage","@id":"https:\/\/techmasterdemexico.com\/producto\/comprobador-de-instalacion-multifuncion-modelo-6011a\/","url":"https:\/\/techmasterdemexico.com\/producto\/comprobador-de-instalacion-multifuncion-modelo-6011a\/","name":"Comprobador de instalaci\u00f3n multifunci\u00f3n MODELO 6011A - Techmaster de Mexico","isPartOf":{"@id":"https:\/\/techmasterdemexico.com\/#website"},"primaryImageOfPage":{"@id":"https:\/\/techmasterdemexico.com\/producto\/comprobador-de-instalacion-multifuncion-modelo-6011a\/#primaryimage"},"image":{"@id":"https:\/\/techmasterdemexico.com\/producto\/comprobador-de-instalacion-multifuncion-modelo-6011a\/#primaryimage"},"thumbnailUrl":"https:\/\/techmasterdemexico.com\/wp-content\/uploads\/MODEL-6011A.jpg","datePublished":"2024-09-19T19:22:32+00:00","dateModified":"2024-09-23T19:50:11+00:00","breadcrumb":{"@id":"https:\/\/techmasterdemexico.com\/producto\/comprobador-de-instalacion-multifuncion-modelo-6011a\/#breadcrumb"},"inLanguage":"en-US","potentialAction":[{"@type":"ReadAction","target":["https:\/\/techmasterdemexico.com\/producto\/comprobador-de-instalacion-multifuncion-modelo-6011a\/"]}]},{"@type":"ImageObject","inLanguage":"en-US","@id":"https:\/\/techmasterdemexico.com\/producto\/comprobador-de-instalacion-multifuncion-modelo-6011a\/#primaryimage","url":"https:\/\/techmasterdemexico.com\/wp-content\/uploads\/MODEL-6011A.jpg","contentUrl":"https:\/\/techmasterdemexico.com\/wp-content\/uploads\/MODEL-6011A.jpg","width":1000,"height":1000},{"@type":"BreadcrumbList","@id":"https:\/\/techmasterdemexico.com\/producto\/comprobador-de-instalacion-multifuncion-modelo-6011a\/#breadcrumb","itemListElement":[{"@type":"ListItem","position":1,"name":"Portada","item":"https:\/\/techmasterdemexico.com\/"},{"@type":"ListItem","position":2,"name":"Comprobador de instalaci\u00f3n multifunci\u00f3n MODELO 6011A"}]},{"@type":"WebSite","@id":"https:\/\/techmasterdemexico.com\/#website","url":"https:\/\/techmasterdemexico.com\/","name":"Techmaster de Mexico","description":"","potentialAction":[{"@type":"SearchAction","target":{"@type":"EntryPoint","urlTemplate":"https:\/\/techmasterdemexico.com\/?s={search_term_string}"},"query-input":{"@type":"PropertyValueSpecification","valueRequired":true,"valueName":"search_term_string"}}],"inLanguage":"en-US"}]}},"brands":[{"id":624,"name":"Kyoritsu","slug":"kyoritsu"}],"_links":{"self":[{"href":"https:\/\/techmasterdemexico.com\/en\/wp-json\/wp\/v2\/product\/21254","targetHints":{"allow":["GET"]}}],"collection":[{"href":"https:\/\/techmasterdemexico.com\/en\/wp-json\/wp\/v2\/product"}],"about":[{"href":"https:\/\/techmasterdemexico.com\/en\/wp-json\/wp\/v2\/types\/product"}],"wp:featuredmedia":[{"embeddable":true,"href":"https:\/\/techmasterdemexico.com\/en\/wp-json\/wp\/v2\/media\/21678"}],"wp:attachment":[{"href":"https:\/\/techmasterdemexico.com\/en\/wp-json\/wp\/v2\/media?parent=21254"}],"wp:term":[{"taxonomy":"pwb-brand","embeddable":true,"href":"https:\/\/techmasterdemexico.com\/en\/wp-json\/wp\/v2\/pwb-brand?post=21254"},{"taxonomy":"product_brand","embeddable":true,"href":"https:\/\/techmasterdemexico.com\/en\/wp-json\/wp\/v2\/product_brand?post=21254"},{"taxonomy":"product_cat","embeddable":true,"href":"https:\/\/techmasterdemexico.com\/en\/wp-json\/wp\/v2\/product_cat?post=21254"},{"taxonomy":"product_tag","embeddable":true,"href":"https:\/\/techmasterdemexico.com\/en\/wp-json\/wp\/v2\/product_tag?post=21254"}],"curies":[{"name":"wp","href":"https:\/\/api.w.org\/{rel}","templated":true}]}}