{"id":21252,"date":"2024-09-19T12:22:32","date_gmt":"2024-09-19T19:22:32","guid":{"rendered":"https:\/\/techmasterdemexico.com\/producto\/comprobador-de-puesta-a-tierra-de-aislamiento-fotovoltaico-modelo-6024pv\/"},"modified":"2024-09-23T16:05:59","modified_gmt":"2024-09-23T23:05:59","slug":"comprobador-de-puesta-a-tierra-de-aislamiento-fotovoltaico-modelo-6024pv","status":"publish","type":"product","link":"https:\/\/techmasterdemexico.com\/en\/producto\/comprobador-de-puesta-a-tierra-de-aislamiento-fotovoltaico-modelo-6024pv\/","title":{"rendered":"Comprobador de puesta a tierra de aislamiento fotovoltaico MODELO 6024PV"},"content":{"rendered":"<p>Medici\u00f3n precisa de la resistencia de aislamiento incluso si las matrices fotovoltaicas (FV) est\u00e1n generando energ\u00eda<\/p>\n<ul>\n<li>Medici\u00f3n precisa de la resistencia de aislamiento incluso si las matrices fotovoltaicas est\u00e1n generando energ\u00eda.<\/li>\n<li>No es necesario cortocircuitar las matrices fotovoltaicas ni realizar pruebas nocturnas para medir la resistencia de aislamiento.<\/li>\n<li>Medici\u00f3n de la resistencia de tierra con el m\u00e9todo voltamperom\u00e9trico en 3 y 2 polos<\/li>\n<li>Dise\u00f1o impermeable, ideal para trabajar en condiciones meteorol\u00f3gicas adversas<\/li>\n<li>Funci\u00f3n de memoria de hasta 1000 datos<\/li>\n<li>Botones de luminiscencia y gran pantalla retroiluminada<\/li>\n<li>El tiempo transcurrido, despu\u00e9s de iniciar una medici\u00f3n, se muestra con los valores medidos<\/li>\n<li>Compacto y ligero<\/li>\n<li>La sonda de prueba con interruptor de control remoto se suministra como accesorio est\u00e1ndar<\/li>\n<li>Autodescarga con indicaci\u00f3n de tensi\u00f3n<\/li>\n<li>Software de an\u00e1lisis especial &#8220;KEW Report&#8221; disponible<\/li>\n<\/ul>\n","protected":false},"excerpt":{"rendered":"<p>Medici\u00f3n precisa de la resistencia de aislamiento incluso si las matrices fotovoltaicas (FV) est\u00e1n generando energ\u00eda Medici\u00f3n precisa de la resistencia de aislamiento incluso si las matrices fotovoltaicas est\u00e1n generando energ\u00eda. No es necesario cortocircuitar las matrices fotovoltaicas ni realizar pruebas nocturnas para medir la resistencia de aislamiento. Medici\u00f3n de la resistencia de tierra con [&hellip;]<\/p>\n","protected":false},"featured_media":21682,"template":"","meta":{"_acf_changed":false},"pwb-brand":[624],"product_brand":[],"product_cat":[625,621,620],"product_tag":[],"class_list":{"0":"post-21252","1":"product","2":"type-product","3":"status-publish","4":"has-post-thumbnail","6":"pwb-brand-kyoritsu","7":"product_cat-comprobadores-de-aislamiento-instrumentos-de-medicion-y-prueba","8":"product_cat-instrumentos-de-medicion-y-prueba","9":"product_cat-kyoritsu","11":"first","12":"instock","13":"taxable","14":"shipping-taxable","15":"product-type-simple"},"acf":[],"yoast_head":"<!-- This site is optimized with the Yoast SEO plugin v27.3 - https:\/\/yoast.com\/product\/yoast-seo-wordpress\/ -->\n<title>Comprobador de puesta a tierra de aislamiento fotovoltaico MODELO 6024PV - Techmaster de Mexico<\/title>\n<meta name=\"robots\" content=\"index, follow, max-snippet:-1, max-image-preview:large, max-video-preview:-1\" \/>\n<link rel=\"canonical\" href=\"https:\/\/techmasterdemexico.com\/producto\/comprobador-de-puesta-a-tierra-de-aislamiento-fotovoltaico-modelo-6024pv\/\" \/>\n<meta property=\"og:locale\" content=\"en_US\" \/>\n<meta property=\"og:type\" content=\"article\" \/>\n<meta property=\"og:title\" content=\"Comprobador de puesta a tierra de aislamiento fotovoltaico MODELO 6024PV - Techmaster de Mexico\" \/>\n<meta property=\"og:description\" content=\"Medici\u00f3n precisa de la resistencia de aislamiento incluso si las matrices fotovoltaicas (FV) est\u00e1n generando energ\u00eda Medici\u00f3n precisa de la resistencia de aislamiento incluso si las matrices fotovoltaicas est\u00e1n generando energ\u00eda. No es necesario cortocircuitar las matrices fotovoltaicas ni realizar pruebas nocturnas para medir la resistencia de aislamiento. Medici\u00f3n de la resistencia de tierra con [&hellip;]\" \/>\n<meta property=\"og:url\" content=\"https:\/\/techmasterdemexico.com\/producto\/comprobador-de-puesta-a-tierra-de-aislamiento-fotovoltaico-modelo-6024pv\/\" \/>\n<meta property=\"og:site_name\" content=\"Techmaster de Mexico\" \/>\n<meta property=\"article:modified_time\" content=\"2024-09-23T23:05:59+00:00\" \/>\n<meta property=\"og:image\" content=\"https:\/\/techmasterdemexico.com\/wp-content\/uploads\/KEW-6024PV.jpg\" \/>\n\t<meta property=\"og:image:width\" content=\"1000\" \/>\n\t<meta property=\"og:image:height\" content=\"1000\" \/>\n\t<meta property=\"og:image:type\" content=\"image\/jpeg\" \/>\n<meta name=\"twitter:card\" content=\"summary_large_image\" \/>\n<meta name=\"twitter:label1\" content=\"Est. reading time\" \/>\n\t<meta name=\"twitter:data1\" content=\"1 minute\" \/>\n<script type=\"application\/ld+json\" class=\"yoast-schema-graph\">{\"@context\":\"https:\\\/\\\/schema.org\",\"@graph\":[{\"@type\":\"WebPage\",\"@id\":\"https:\\\/\\\/techmasterdemexico.com\\\/producto\\\/comprobador-de-puesta-a-tierra-de-aislamiento-fotovoltaico-modelo-6024pv\\\/\",\"url\":\"https:\\\/\\\/techmasterdemexico.com\\\/producto\\\/comprobador-de-puesta-a-tierra-de-aislamiento-fotovoltaico-modelo-6024pv\\\/\",\"name\":\"Comprobador de puesta a tierra de aislamiento fotovoltaico MODELO 6024PV - Techmaster de Mexico\",\"isPartOf\":{\"@id\":\"https:\\\/\\\/techmasterdemexico.com\\\/#website\"},\"primaryImageOfPage\":{\"@id\":\"https:\\\/\\\/techmasterdemexico.com\\\/producto\\\/comprobador-de-puesta-a-tierra-de-aislamiento-fotovoltaico-modelo-6024pv\\\/#primaryimage\"},\"image\":{\"@id\":\"https:\\\/\\\/techmasterdemexico.com\\\/producto\\\/comprobador-de-puesta-a-tierra-de-aislamiento-fotovoltaico-modelo-6024pv\\\/#primaryimage\"},\"thumbnailUrl\":\"https:\\\/\\\/techmasterdemexico.com\\\/wp-content\\\/uploads\\\/KEW-6024PV.jpg\",\"datePublished\":\"2024-09-19T19:22:32+00:00\",\"dateModified\":\"2024-09-23T23:05:59+00:00\",\"breadcrumb\":{\"@id\":\"https:\\\/\\\/techmasterdemexico.com\\\/producto\\\/comprobador-de-puesta-a-tierra-de-aislamiento-fotovoltaico-modelo-6024pv\\\/#breadcrumb\"},\"inLanguage\":\"en-US\",\"potentialAction\":[{\"@type\":\"ReadAction\",\"target\":[\"https:\\\/\\\/techmasterdemexico.com\\\/producto\\\/comprobador-de-puesta-a-tierra-de-aislamiento-fotovoltaico-modelo-6024pv\\\/\"]}]},{\"@type\":\"ImageObject\",\"inLanguage\":\"en-US\",\"@id\":\"https:\\\/\\\/techmasterdemexico.com\\\/producto\\\/comprobador-de-puesta-a-tierra-de-aislamiento-fotovoltaico-modelo-6024pv\\\/#primaryimage\",\"url\":\"https:\\\/\\\/techmasterdemexico.com\\\/wp-content\\\/uploads\\\/KEW-6024PV.jpg\",\"contentUrl\":\"https:\\\/\\\/techmasterdemexico.com\\\/wp-content\\\/uploads\\\/KEW-6024PV.jpg\",\"width\":1000,\"height\":1000},{\"@type\":\"BreadcrumbList\",\"@id\":\"https:\\\/\\\/techmasterdemexico.com\\\/producto\\\/comprobador-de-puesta-a-tierra-de-aislamiento-fotovoltaico-modelo-6024pv\\\/#breadcrumb\",\"itemListElement\":[{\"@type\":\"ListItem\",\"position\":1,\"name\":\"Portada\",\"item\":\"https:\\\/\\\/techmasterdemexico.com\\\/\"},{\"@type\":\"ListItem\",\"position\":2,\"name\":\"Comprobador de puesta a tierra de aislamiento fotovoltaico MODELO 6024PV\"}]},{\"@type\":\"WebSite\",\"@id\":\"https:\\\/\\\/techmasterdemexico.com\\\/#website\",\"url\":\"https:\\\/\\\/techmasterdemexico.com\\\/\",\"name\":\"Techmaster de Mexico\",\"description\":\"\",\"potentialAction\":[{\"@type\":\"SearchAction\",\"target\":{\"@type\":\"EntryPoint\",\"urlTemplate\":\"https:\\\/\\\/techmasterdemexico.com\\\/?s={search_term_string}\"},\"query-input\":{\"@type\":\"PropertyValueSpecification\",\"valueRequired\":true,\"valueName\":\"search_term_string\"}}],\"inLanguage\":\"en-US\"}]}<\/script>\n<!-- \/ Yoast SEO plugin. -->","yoast_head_json":{"title":"Comprobador de puesta a tierra de aislamiento fotovoltaico MODELO 6024PV - Techmaster de Mexico","robots":{"index":"index","follow":"follow","max-snippet":"max-snippet:-1","max-image-preview":"max-image-preview:large","max-video-preview":"max-video-preview:-1"},"canonical":"https:\/\/techmasterdemexico.com\/producto\/comprobador-de-puesta-a-tierra-de-aislamiento-fotovoltaico-modelo-6024pv\/","og_locale":"en_US","og_type":"article","og_title":"Comprobador de puesta a tierra de aislamiento fotovoltaico MODELO 6024PV - Techmaster de Mexico","og_description":"Medici\u00f3n precisa de la resistencia de aislamiento incluso si las matrices fotovoltaicas (FV) est\u00e1n generando energ\u00eda Medici\u00f3n precisa de la resistencia de aislamiento incluso si las matrices fotovoltaicas est\u00e1n generando energ\u00eda. No es necesario cortocircuitar las matrices fotovoltaicas ni realizar pruebas nocturnas para medir la resistencia de aislamiento. Medici\u00f3n de la resistencia de tierra con [&hellip;]","og_url":"https:\/\/techmasterdemexico.com\/producto\/comprobador-de-puesta-a-tierra-de-aislamiento-fotovoltaico-modelo-6024pv\/","og_site_name":"Techmaster de Mexico","article_modified_time":"2024-09-23T23:05:59+00:00","og_image":[{"width":1000,"height":1000,"url":"https:\/\/techmasterdemexico.com\/wp-content\/uploads\/KEW-6024PV.jpg","type":"image\/jpeg"}],"twitter_card":"summary_large_image","twitter_misc":{"Est. reading time":"1 minute"},"schema":{"@context":"https:\/\/schema.org","@graph":[{"@type":"WebPage","@id":"https:\/\/techmasterdemexico.com\/producto\/comprobador-de-puesta-a-tierra-de-aislamiento-fotovoltaico-modelo-6024pv\/","url":"https:\/\/techmasterdemexico.com\/producto\/comprobador-de-puesta-a-tierra-de-aislamiento-fotovoltaico-modelo-6024pv\/","name":"Comprobador de puesta a tierra de aislamiento fotovoltaico MODELO 6024PV - Techmaster de Mexico","isPartOf":{"@id":"https:\/\/techmasterdemexico.com\/#website"},"primaryImageOfPage":{"@id":"https:\/\/techmasterdemexico.com\/producto\/comprobador-de-puesta-a-tierra-de-aislamiento-fotovoltaico-modelo-6024pv\/#primaryimage"},"image":{"@id":"https:\/\/techmasterdemexico.com\/producto\/comprobador-de-puesta-a-tierra-de-aislamiento-fotovoltaico-modelo-6024pv\/#primaryimage"},"thumbnailUrl":"https:\/\/techmasterdemexico.com\/wp-content\/uploads\/KEW-6024PV.jpg","datePublished":"2024-09-19T19:22:32+00:00","dateModified":"2024-09-23T23:05:59+00:00","breadcrumb":{"@id":"https:\/\/techmasterdemexico.com\/producto\/comprobador-de-puesta-a-tierra-de-aislamiento-fotovoltaico-modelo-6024pv\/#breadcrumb"},"inLanguage":"en-US","potentialAction":[{"@type":"ReadAction","target":["https:\/\/techmasterdemexico.com\/producto\/comprobador-de-puesta-a-tierra-de-aislamiento-fotovoltaico-modelo-6024pv\/"]}]},{"@type":"ImageObject","inLanguage":"en-US","@id":"https:\/\/techmasterdemexico.com\/producto\/comprobador-de-puesta-a-tierra-de-aislamiento-fotovoltaico-modelo-6024pv\/#primaryimage","url":"https:\/\/techmasterdemexico.com\/wp-content\/uploads\/KEW-6024PV.jpg","contentUrl":"https:\/\/techmasterdemexico.com\/wp-content\/uploads\/KEW-6024PV.jpg","width":1000,"height":1000},{"@type":"BreadcrumbList","@id":"https:\/\/techmasterdemexico.com\/producto\/comprobador-de-puesta-a-tierra-de-aislamiento-fotovoltaico-modelo-6024pv\/#breadcrumb","itemListElement":[{"@type":"ListItem","position":1,"name":"Portada","item":"https:\/\/techmasterdemexico.com\/"},{"@type":"ListItem","position":2,"name":"Comprobador de puesta a tierra de aislamiento fotovoltaico MODELO 6024PV"}]},{"@type":"WebSite","@id":"https:\/\/techmasterdemexico.com\/#website","url":"https:\/\/techmasterdemexico.com\/","name":"Techmaster de Mexico","description":"","potentialAction":[{"@type":"SearchAction","target":{"@type":"EntryPoint","urlTemplate":"https:\/\/techmasterdemexico.com\/?s={search_term_string}"},"query-input":{"@type":"PropertyValueSpecification","valueRequired":true,"valueName":"search_term_string"}}],"inLanguage":"en-US"}]}},"brands":[{"id":624,"name":"Kyoritsu","slug":"kyoritsu"}],"_links":{"self":[{"href":"https:\/\/techmasterdemexico.com\/en\/wp-json\/wp\/v2\/product\/21252","targetHints":{"allow":["GET"]}}],"collection":[{"href":"https:\/\/techmasterdemexico.com\/en\/wp-json\/wp\/v2\/product"}],"about":[{"href":"https:\/\/techmasterdemexico.com\/en\/wp-json\/wp\/v2\/types\/product"}],"wp:featuredmedia":[{"embeddable":true,"href":"https:\/\/techmasterdemexico.com\/en\/wp-json\/wp\/v2\/media\/21682"}],"wp:attachment":[{"href":"https:\/\/techmasterdemexico.com\/en\/wp-json\/wp\/v2\/media?parent=21252"}],"wp:term":[{"taxonomy":"pwb-brand","embeddable":true,"href":"https:\/\/techmasterdemexico.com\/en\/wp-json\/wp\/v2\/pwb-brand?post=21252"},{"taxonomy":"product_brand","embeddable":true,"href":"https:\/\/techmasterdemexico.com\/en\/wp-json\/wp\/v2\/product_brand?post=21252"},{"taxonomy":"product_cat","embeddable":true,"href":"https:\/\/techmasterdemexico.com\/en\/wp-json\/wp\/v2\/product_cat?post=21252"},{"taxonomy":"product_tag","embeddable":true,"href":"https:\/\/techmasterdemexico.com\/en\/wp-json\/wp\/v2\/product_tag?post=21252"}],"curies":[{"name":"wp","href":"https:\/\/api.w.org\/{rel}","templated":true}]}}