{"id":21247,"date":"2024-09-19T12:22:31","date_gmt":"2024-09-19T19:22:31","guid":{"rendered":"https:\/\/techmasterdemexico.com\/producto\/comprobador-de-instalacion-multifuncion-modelo-6514bt\/"},"modified":"2024-09-23T16:11:51","modified_gmt":"2024-09-23T23:11:51","slug":"comprobador-de-instalacion-multifuncion-modelo-6514bt","status":"publish","type":"product","link":"https:\/\/techmasterdemexico.com\/en\/producto\/comprobador-de-instalacion-multifuncion-modelo-6514bt\/","title":{"rendered":"Comprobador de instalaci\u00f3n multifunci\u00f3n MODELO 6514BT"},"content":{"rendered":"<p>Comprobador vers\u00e1til que admite diversas pruebas el\u00e9ctricas para completar las inspecciones, el mantenimiento y la resoluci\u00f3n de problemas.<br \/>\nEVSE funci\u00f3n de prueba dedicada ofrece extra por el uso de la combinaci\u00f3n de EVSE ADAPTADOR.<br \/>\n(EVSE\uff1aEquipo de suministro de veh\u00edculos el\u00e9ctricos)<\/p>\n<p>Ofrece varias pruebas para la instalaci\u00f3n el\u00e9ctrica<\/p>\n<ul>\n<li>Aislamiento \/ Tierra \/ Continuidad \/ Rotaci\u00f3n del motor \/ Bucle de 2 hilos \/ RCD \/ Rotaci\u00f3n de fase \/ Frecuencia \/ AC V \/ SPD(Varistor)<\/li>\n<li>Memoria autom\u00e1tica<\/li>\n<li>Pantalla LCD en color<\/li>\n<li>Funci\u00f3n dedicada para EVSE<\/li>\n<\/ul>\n","protected":false},"excerpt":{"rendered":"<p>Comprobador vers\u00e1til que admite diversas pruebas el\u00e9ctricas para completar las inspecciones, el mantenimiento y la resoluci\u00f3n de problemas. EVSE funci\u00f3n de prueba dedicada ofrece extra por el uso de la combinaci\u00f3n de EVSE ADAPTADOR. (EVSE\uff1aEquipo de suministro de veh\u00edculos el\u00e9ctricos) Ofrece varias pruebas para la instalaci\u00f3n el\u00e9ctrica Aislamiento \/ Tierra \/ Continuidad \/ Rotaci\u00f3n del [&hellip;]<\/p>\n","protected":false},"featured_media":21685,"template":"","meta":{"_acf_changed":false},"pwb-brand":[624],"product_brand":[],"product_cat":[625,621,620],"product_tag":[],"class_list":{"0":"post-21247","1":"product","2":"type-product","3":"status-publish","4":"has-post-thumbnail","6":"pwb-brand-kyoritsu","7":"product_cat-comprobadores-de-aislamiento-instrumentos-de-medicion-y-prueba","8":"product_cat-instrumentos-de-medicion-y-prueba","9":"product_cat-kyoritsu","11":"first","12":"instock","13":"taxable","14":"shipping-taxable","15":"product-type-simple"},"acf":[],"yoast_head":"<!-- This site is optimized with the Yoast SEO plugin v27.5 - https:\/\/yoast.com\/product\/yoast-seo-wordpress\/ -->\n<title>Comprobador de instalaci\u00f3n multifunci\u00f3n MODELO 6514BT - Techmaster de Mexico<\/title>\n<meta name=\"robots\" content=\"index, follow, max-snippet:-1, max-image-preview:large, max-video-preview:-1\" \/>\n<link rel=\"canonical\" href=\"https:\/\/techmasterdemexico.com\/producto\/comprobador-de-instalacion-multifuncion-modelo-6514bt\/\" \/>\n<meta property=\"og:locale\" content=\"en_US\" \/>\n<meta property=\"og:type\" content=\"article\" \/>\n<meta property=\"og:title\" content=\"Comprobador de instalaci\u00f3n multifunci\u00f3n MODELO 6514BT - Techmaster de Mexico\" \/>\n<meta property=\"og:description\" content=\"Comprobador vers\u00e1til que admite diversas pruebas el\u00e9ctricas para completar las inspecciones, el mantenimiento y la resoluci\u00f3n de problemas. EVSE funci\u00f3n de prueba dedicada ofrece extra por el uso de la combinaci\u00f3n de EVSE ADAPTADOR. (EVSE\uff1aEquipo de suministro de veh\u00edculos el\u00e9ctricos) Ofrece varias pruebas para la instalaci\u00f3n el\u00e9ctrica Aislamiento \/ Tierra \/ Continuidad \/ Rotaci\u00f3n del [&hellip;]\" \/>\n<meta property=\"og:url\" content=\"https:\/\/techmasterdemexico.com\/producto\/comprobador-de-instalacion-multifuncion-modelo-6514bt\/\" \/>\n<meta property=\"og:site_name\" content=\"Techmaster de Mexico\" \/>\n<meta property=\"article:modified_time\" content=\"2024-09-23T23:11:51+00:00\" \/>\n<meta property=\"og:image\" content=\"https:\/\/techmasterdemexico.com\/wp-content\/uploads\/KEW-6514BT.jpg\" \/>\n\t<meta property=\"og:image:width\" content=\"1000\" \/>\n\t<meta property=\"og:image:height\" content=\"1000\" \/>\n\t<meta property=\"og:image:type\" content=\"image\/jpeg\" \/>\n<meta name=\"twitter:card\" content=\"summary_large_image\" \/>\n<meta name=\"twitter:label1\" content=\"Est. reading time\" \/>\n\t<meta name=\"twitter:data1\" content=\"1 minute\" \/>\n<script type=\"application\/ld+json\" class=\"yoast-schema-graph\">{\"@context\":\"https:\\\/\\\/schema.org\",\"@graph\":[{\"@type\":\"WebPage\",\"@id\":\"https:\\\/\\\/techmasterdemexico.com\\\/producto\\\/comprobador-de-instalacion-multifuncion-modelo-6514bt\\\/\",\"url\":\"https:\\\/\\\/techmasterdemexico.com\\\/producto\\\/comprobador-de-instalacion-multifuncion-modelo-6514bt\\\/\",\"name\":\"Comprobador de instalaci\u00f3n multifunci\u00f3n MODELO 6514BT - Techmaster de Mexico\",\"isPartOf\":{\"@id\":\"https:\\\/\\\/techmasterdemexico.com\\\/#website\"},\"primaryImageOfPage\":{\"@id\":\"https:\\\/\\\/techmasterdemexico.com\\\/producto\\\/comprobador-de-instalacion-multifuncion-modelo-6514bt\\\/#primaryimage\"},\"image\":{\"@id\":\"https:\\\/\\\/techmasterdemexico.com\\\/producto\\\/comprobador-de-instalacion-multifuncion-modelo-6514bt\\\/#primaryimage\"},\"thumbnailUrl\":\"https:\\\/\\\/techmasterdemexico.com\\\/wp-content\\\/uploads\\\/KEW-6514BT.jpg\",\"datePublished\":\"2024-09-19T19:22:31+00:00\",\"dateModified\":\"2024-09-23T23:11:51+00:00\",\"breadcrumb\":{\"@id\":\"https:\\\/\\\/techmasterdemexico.com\\\/producto\\\/comprobador-de-instalacion-multifuncion-modelo-6514bt\\\/#breadcrumb\"},\"inLanguage\":\"en-US\",\"potentialAction\":[{\"@type\":\"ReadAction\",\"target\":[\"https:\\\/\\\/techmasterdemexico.com\\\/producto\\\/comprobador-de-instalacion-multifuncion-modelo-6514bt\\\/\"]}]},{\"@type\":\"ImageObject\",\"inLanguage\":\"en-US\",\"@id\":\"https:\\\/\\\/techmasterdemexico.com\\\/producto\\\/comprobador-de-instalacion-multifuncion-modelo-6514bt\\\/#primaryimage\",\"url\":\"https:\\\/\\\/techmasterdemexico.com\\\/wp-content\\\/uploads\\\/KEW-6514BT.jpg\",\"contentUrl\":\"https:\\\/\\\/techmasterdemexico.com\\\/wp-content\\\/uploads\\\/KEW-6514BT.jpg\",\"width\":1000,\"height\":1000},{\"@type\":\"BreadcrumbList\",\"@id\":\"https:\\\/\\\/techmasterdemexico.com\\\/producto\\\/comprobador-de-instalacion-multifuncion-modelo-6514bt\\\/#breadcrumb\",\"itemListElement\":[{\"@type\":\"ListItem\",\"position\":1,\"name\":\"Portada\",\"item\":\"https:\\\/\\\/techmasterdemexico.com\\\/\"},{\"@type\":\"ListItem\",\"position\":2,\"name\":\"Comprobador de instalaci\u00f3n multifunci\u00f3n MODELO 6514BT\"}]},{\"@type\":\"WebSite\",\"@id\":\"https:\\\/\\\/techmasterdemexico.com\\\/#website\",\"url\":\"https:\\\/\\\/techmasterdemexico.com\\\/\",\"name\":\"Techmaster de Mexico\",\"description\":\"\",\"potentialAction\":[{\"@type\":\"SearchAction\",\"target\":{\"@type\":\"EntryPoint\",\"urlTemplate\":\"https:\\\/\\\/techmasterdemexico.com\\\/?s={search_term_string}\"},\"query-input\":{\"@type\":\"PropertyValueSpecification\",\"valueRequired\":true,\"valueName\":\"search_term_string\"}}],\"inLanguage\":\"en-US\"}]}<\/script>\n<!-- \/ Yoast SEO plugin. -->","yoast_head_json":{"title":"Comprobador de instalaci\u00f3n multifunci\u00f3n MODELO 6514BT - Techmaster de Mexico","robots":{"index":"index","follow":"follow","max-snippet":"max-snippet:-1","max-image-preview":"max-image-preview:large","max-video-preview":"max-video-preview:-1"},"canonical":"https:\/\/techmasterdemexico.com\/producto\/comprobador-de-instalacion-multifuncion-modelo-6514bt\/","og_locale":"en_US","og_type":"article","og_title":"Comprobador de instalaci\u00f3n multifunci\u00f3n MODELO 6514BT - Techmaster de Mexico","og_description":"Comprobador vers\u00e1til que admite diversas pruebas el\u00e9ctricas para completar las inspecciones, el mantenimiento y la resoluci\u00f3n de problemas. EVSE funci\u00f3n de prueba dedicada ofrece extra por el uso de la combinaci\u00f3n de EVSE ADAPTADOR. (EVSE\uff1aEquipo de suministro de veh\u00edculos el\u00e9ctricos) Ofrece varias pruebas para la instalaci\u00f3n el\u00e9ctrica Aislamiento \/ Tierra \/ Continuidad \/ Rotaci\u00f3n del [&hellip;]","og_url":"https:\/\/techmasterdemexico.com\/producto\/comprobador-de-instalacion-multifuncion-modelo-6514bt\/","og_site_name":"Techmaster de Mexico","article_modified_time":"2024-09-23T23:11:51+00:00","og_image":[{"width":1000,"height":1000,"url":"https:\/\/techmasterdemexico.com\/wp-content\/uploads\/KEW-6514BT.jpg","type":"image\/jpeg"}],"twitter_card":"summary_large_image","twitter_misc":{"Est. reading time":"1 minute"},"schema":{"@context":"https:\/\/schema.org","@graph":[{"@type":"WebPage","@id":"https:\/\/techmasterdemexico.com\/producto\/comprobador-de-instalacion-multifuncion-modelo-6514bt\/","url":"https:\/\/techmasterdemexico.com\/producto\/comprobador-de-instalacion-multifuncion-modelo-6514bt\/","name":"Comprobador de instalaci\u00f3n multifunci\u00f3n MODELO 6514BT - Techmaster de Mexico","isPartOf":{"@id":"https:\/\/techmasterdemexico.com\/#website"},"primaryImageOfPage":{"@id":"https:\/\/techmasterdemexico.com\/producto\/comprobador-de-instalacion-multifuncion-modelo-6514bt\/#primaryimage"},"image":{"@id":"https:\/\/techmasterdemexico.com\/producto\/comprobador-de-instalacion-multifuncion-modelo-6514bt\/#primaryimage"},"thumbnailUrl":"https:\/\/techmasterdemexico.com\/wp-content\/uploads\/KEW-6514BT.jpg","datePublished":"2024-09-19T19:22:31+00:00","dateModified":"2024-09-23T23:11:51+00:00","breadcrumb":{"@id":"https:\/\/techmasterdemexico.com\/producto\/comprobador-de-instalacion-multifuncion-modelo-6514bt\/#breadcrumb"},"inLanguage":"en-US","potentialAction":[{"@type":"ReadAction","target":["https:\/\/techmasterdemexico.com\/producto\/comprobador-de-instalacion-multifuncion-modelo-6514bt\/"]}]},{"@type":"ImageObject","inLanguage":"en-US","@id":"https:\/\/techmasterdemexico.com\/producto\/comprobador-de-instalacion-multifuncion-modelo-6514bt\/#primaryimage","url":"https:\/\/techmasterdemexico.com\/wp-content\/uploads\/KEW-6514BT.jpg","contentUrl":"https:\/\/techmasterdemexico.com\/wp-content\/uploads\/KEW-6514BT.jpg","width":1000,"height":1000},{"@type":"BreadcrumbList","@id":"https:\/\/techmasterdemexico.com\/producto\/comprobador-de-instalacion-multifuncion-modelo-6514bt\/#breadcrumb","itemListElement":[{"@type":"ListItem","position":1,"name":"Portada","item":"https:\/\/techmasterdemexico.com\/"},{"@type":"ListItem","position":2,"name":"Comprobador de instalaci\u00f3n multifunci\u00f3n MODELO 6514BT"}]},{"@type":"WebSite","@id":"https:\/\/techmasterdemexico.com\/#website","url":"https:\/\/techmasterdemexico.com\/","name":"Techmaster de Mexico","description":"","potentialAction":[{"@type":"SearchAction","target":{"@type":"EntryPoint","urlTemplate":"https:\/\/techmasterdemexico.com\/?s={search_term_string}"},"query-input":{"@type":"PropertyValueSpecification","valueRequired":true,"valueName":"search_term_string"}}],"inLanguage":"en-US"}]}},"brands":[{"id":624,"name":"Kyoritsu","slug":"kyoritsu"}],"_links":{"self":[{"href":"https:\/\/techmasterdemexico.com\/en\/wp-json\/wp\/v2\/product\/21247","targetHints":{"allow":["GET"]}}],"collection":[{"href":"https:\/\/techmasterdemexico.com\/en\/wp-json\/wp\/v2\/product"}],"about":[{"href":"https:\/\/techmasterdemexico.com\/en\/wp-json\/wp\/v2\/types\/product"}],"wp:featuredmedia":[{"embeddable":true,"href":"https:\/\/techmasterdemexico.com\/en\/wp-json\/wp\/v2\/media\/21685"}],"wp:attachment":[{"href":"https:\/\/techmasterdemexico.com\/en\/wp-json\/wp\/v2\/media?parent=21247"}],"wp:term":[{"taxonomy":"pwb-brand","embeddable":true,"href":"https:\/\/techmasterdemexico.com\/en\/wp-json\/wp\/v2\/pwb-brand?post=21247"},{"taxonomy":"product_brand","embeddable":true,"href":"https:\/\/techmasterdemexico.com\/en\/wp-json\/wp\/v2\/product_brand?post=21247"},{"taxonomy":"product_cat","embeddable":true,"href":"https:\/\/techmasterdemexico.com\/en\/wp-json\/wp\/v2\/product_cat?post=21247"},{"taxonomy":"product_tag","embeddable":true,"href":"https:\/\/techmasterdemexico.com\/en\/wp-json\/wp\/v2\/product_tag?post=21247"}],"curies":[{"name":"wp","href":"https:\/\/api.w.org\/{rel}","templated":true}]}}