{"id":21217,"date":"2024-09-19T12:22:21","date_gmt":"2024-09-19T19:22:21","guid":{"rendered":"https:\/\/techmasterdemexico.com\/producto\/medidor-de-potencia-con-pinza-modelo-2060bt\/"},"modified":"2024-09-23T11:42:51","modified_gmt":"2024-09-23T18:42:51","slug":"medidor-de-potencia-con-pinza-modelo-2060bt","status":"publish","type":"product","link":"https:\/\/techmasterdemexico.com\/en\/producto\/medidor-de-potencia-con-pinza-modelo-2060bt\/","title":{"rendered":"Medidor de potencia con pinza MODELO 2060BT"},"content":{"rendered":"<p>Mand\u00edbula extremadamente grande con forma de gota de l\u00e1grima:<br \/>\n\u00a1la soluci\u00f3n ideal para barras colectoras y grandes corrientes!<\/p>\n<ul>\n<li>Corriente hasta 1000A rms<\/li>\n<li>Tensi\u00f3n hasta 1000V rms<\/li>\n<li>Arm\u00f3nicos hasta 30<\/li>\n<li>KEW 2060BT tiene una mordaza especial de nuevo dise\u00f1o para su uso en barras colectoras de gran tama\u00f1o Una mordaza extremadamente grande con forma de l\u00e1grima puede sujetar una barra colectora de gran tama\u00f1o con seguridad.<br \/>\n(Tama\u00f1o del conductor 75 mm, barra colectora 80 mm x 30 mm)<\/li>\n<\/ul>\n","protected":false},"excerpt":{"rendered":"<p>Mand\u00edbula extremadamente grande con forma de gota de l\u00e1grima: \u00a1la soluci\u00f3n ideal para barras colectoras y grandes corrientes! Corriente hasta 1000A rms Tensi\u00f3n hasta 1000V rms Arm\u00f3nicos hasta 30 KEW 2060BT tiene una mordaza especial de nuevo dise\u00f1o para su uso en barras colectoras de gran tama\u00f1o Una mordaza extremadamente grande con forma de l\u00e1grima [&hellip;]<\/p>\n","protected":false},"featured_media":21634,"template":"","meta":{"_acf_changed":false},"pwb-brand":[624],"product_brand":[],"product_cat":[621,620,623],"product_tag":[],"class_list":{"0":"post-21217","1":"product","2":"type-product","3":"status-publish","4":"has-post-thumbnail","6":"pwb-brand-kyoritsu","7":"product_cat-instrumentos-de-medicion-y-prueba","8":"product_cat-kyoritsu","9":"product_cat-pinzas-amperimetricas-instrumentos-de-medicion-y-prueba","11":"first","12":"instock","13":"taxable","14":"shipping-taxable","15":"product-type-simple"},"acf":[],"yoast_head":"<!-- This site is optimized with the Yoast SEO plugin v27.4 - https:\/\/yoast.com\/product\/yoast-seo-wordpress\/ -->\n<title>Medidor de potencia con pinza MODELO 2060BT - Techmaster de Mexico<\/title>\n<meta name=\"robots\" content=\"index, follow, max-snippet:-1, max-image-preview:large, max-video-preview:-1\" \/>\n<link rel=\"canonical\" href=\"https:\/\/techmasterdemexico.com\/en\/producto\/medidor-de-potencia-con-pinza-modelo-2060bt\/\" \/>\n<meta property=\"og:locale\" content=\"en_US\" \/>\n<meta property=\"og:type\" content=\"article\" \/>\n<meta property=\"og:title\" content=\"Medidor de potencia con pinza MODELO 2060BT - Techmaster de Mexico\" \/>\n<meta property=\"og:description\" content=\"Mand\u00edbula extremadamente grande con forma de gota de l\u00e1grima: \u00a1la soluci\u00f3n ideal para barras colectoras y grandes corrientes! Corriente hasta 1000A rms Tensi\u00f3n hasta 1000V rms Arm\u00f3nicos hasta 30 KEW 2060BT tiene una mordaza especial de nuevo dise\u00f1o para su uso en barras colectoras de gran tama\u00f1o Una mordaza extremadamente grande con forma de l\u00e1grima [&hellip;]\" \/>\n<meta property=\"og:url\" content=\"https:\/\/techmasterdemexico.com\/en\/producto\/medidor-de-potencia-con-pinza-modelo-2060bt\/\" \/>\n<meta property=\"og:site_name\" content=\"Techmaster de Mexico\" \/>\n<meta property=\"article:modified_time\" content=\"2024-09-23T18:42:51+00:00\" \/>\n<meta property=\"og:image\" content=\"https:\/\/techmasterdemexico.com\/wp-content\/uploads\/KEW-2060BT.jpg\" \/>\n\t<meta property=\"og:image:width\" content=\"1000\" \/>\n\t<meta property=\"og:image:height\" content=\"1000\" \/>\n\t<meta property=\"og:image:type\" content=\"image\/jpeg\" \/>\n<meta name=\"twitter:card\" content=\"summary_large_image\" \/>\n<meta name=\"twitter:label1\" content=\"Est. reading time\" \/>\n\t<meta name=\"twitter:data1\" content=\"1 minute\" \/>\n<script type=\"application\/ld+json\" class=\"yoast-schema-graph\">{\"@context\":\"https:\\\/\\\/schema.org\",\"@graph\":[{\"@type\":\"WebPage\",\"@id\":\"https:\\\/\\\/techmasterdemexico.com\\\/en\\\/producto\\\/medidor-de-potencia-con-pinza-modelo-2060bt\\\/\",\"url\":\"https:\\\/\\\/techmasterdemexico.com\\\/en\\\/producto\\\/medidor-de-potencia-con-pinza-modelo-2060bt\\\/\",\"name\":\"Medidor de potencia con pinza MODELO 2060BT - Techmaster de Mexico\",\"isPartOf\":{\"@id\":\"https:\\\/\\\/techmasterdemexico.com\\\/#website\"},\"primaryImageOfPage\":{\"@id\":\"https:\\\/\\\/techmasterdemexico.com\\\/en\\\/producto\\\/medidor-de-potencia-con-pinza-modelo-2060bt\\\/#primaryimage\"},\"image\":{\"@id\":\"https:\\\/\\\/techmasterdemexico.com\\\/en\\\/producto\\\/medidor-de-potencia-con-pinza-modelo-2060bt\\\/#primaryimage\"},\"thumbnailUrl\":\"https:\\\/\\\/techmasterdemexico.com\\\/wp-content\\\/uploads\\\/KEW-2060BT.jpg\",\"datePublished\":\"2024-09-19T19:22:21+00:00\",\"dateModified\":\"2024-09-23T18:42:51+00:00\",\"breadcrumb\":{\"@id\":\"https:\\\/\\\/techmasterdemexico.com\\\/en\\\/producto\\\/medidor-de-potencia-con-pinza-modelo-2060bt\\\/#breadcrumb\"},\"inLanguage\":\"en-US\",\"potentialAction\":[{\"@type\":\"ReadAction\",\"target\":[\"https:\\\/\\\/techmasterdemexico.com\\\/en\\\/producto\\\/medidor-de-potencia-con-pinza-modelo-2060bt\\\/\"]}]},{\"@type\":\"ImageObject\",\"inLanguage\":\"en-US\",\"@id\":\"https:\\\/\\\/techmasterdemexico.com\\\/en\\\/producto\\\/medidor-de-potencia-con-pinza-modelo-2060bt\\\/#primaryimage\",\"url\":\"https:\\\/\\\/techmasterdemexico.com\\\/wp-content\\\/uploads\\\/KEW-2060BT.jpg\",\"contentUrl\":\"https:\\\/\\\/techmasterdemexico.com\\\/wp-content\\\/uploads\\\/KEW-2060BT.jpg\",\"width\":1000,\"height\":1000},{\"@type\":\"BreadcrumbList\",\"@id\":\"https:\\\/\\\/techmasterdemexico.com\\\/en\\\/producto\\\/medidor-de-potencia-con-pinza-modelo-2060bt\\\/#breadcrumb\",\"itemListElement\":[{\"@type\":\"ListItem\",\"position\":1,\"name\":\"Portada\",\"item\":\"https:\\\/\\\/techmasterdemexico.com\\\/\"},{\"@type\":\"ListItem\",\"position\":2,\"name\":\"Medidor de potencia con pinza MODELO 2060BT\"}]},{\"@type\":\"WebSite\",\"@id\":\"https:\\\/\\\/techmasterdemexico.com\\\/#website\",\"url\":\"https:\\\/\\\/techmasterdemexico.com\\\/\",\"name\":\"Techmaster de Mexico\",\"description\":\"\",\"potentialAction\":[{\"@type\":\"SearchAction\",\"target\":{\"@type\":\"EntryPoint\",\"urlTemplate\":\"https:\\\/\\\/techmasterdemexico.com\\\/?s={search_term_string}\"},\"query-input\":{\"@type\":\"PropertyValueSpecification\",\"valueRequired\":true,\"valueName\":\"search_term_string\"}}],\"inLanguage\":\"en-US\"}]}<\/script>\n<!-- \/ Yoast SEO plugin. -->","yoast_head_json":{"title":"Medidor de potencia con pinza MODELO 2060BT - Techmaster de Mexico","robots":{"index":"index","follow":"follow","max-snippet":"max-snippet:-1","max-image-preview":"max-image-preview:large","max-video-preview":"max-video-preview:-1"},"canonical":"https:\/\/techmasterdemexico.com\/en\/producto\/medidor-de-potencia-con-pinza-modelo-2060bt\/","og_locale":"en_US","og_type":"article","og_title":"Medidor de potencia con pinza MODELO 2060BT - Techmaster de Mexico","og_description":"Mand\u00edbula extremadamente grande con forma de gota de l\u00e1grima: \u00a1la soluci\u00f3n ideal para barras colectoras y grandes corrientes! Corriente hasta 1000A rms Tensi\u00f3n hasta 1000V rms Arm\u00f3nicos hasta 30 KEW 2060BT tiene una mordaza especial de nuevo dise\u00f1o para su uso en barras colectoras de gran tama\u00f1o Una mordaza extremadamente grande con forma de l\u00e1grima [&hellip;]","og_url":"https:\/\/techmasterdemexico.com\/en\/producto\/medidor-de-potencia-con-pinza-modelo-2060bt\/","og_site_name":"Techmaster de Mexico","article_modified_time":"2024-09-23T18:42:51+00:00","og_image":[{"width":1000,"height":1000,"url":"https:\/\/techmasterdemexico.com\/wp-content\/uploads\/KEW-2060BT.jpg","type":"image\/jpeg"}],"twitter_card":"summary_large_image","twitter_misc":{"Est. reading time":"1 minute"},"schema":{"@context":"https:\/\/schema.org","@graph":[{"@type":"WebPage","@id":"https:\/\/techmasterdemexico.com\/en\/producto\/medidor-de-potencia-con-pinza-modelo-2060bt\/","url":"https:\/\/techmasterdemexico.com\/en\/producto\/medidor-de-potencia-con-pinza-modelo-2060bt\/","name":"Medidor de potencia con pinza MODELO 2060BT - Techmaster de Mexico","isPartOf":{"@id":"https:\/\/techmasterdemexico.com\/#website"},"primaryImageOfPage":{"@id":"https:\/\/techmasterdemexico.com\/en\/producto\/medidor-de-potencia-con-pinza-modelo-2060bt\/#primaryimage"},"image":{"@id":"https:\/\/techmasterdemexico.com\/en\/producto\/medidor-de-potencia-con-pinza-modelo-2060bt\/#primaryimage"},"thumbnailUrl":"https:\/\/techmasterdemexico.com\/wp-content\/uploads\/KEW-2060BT.jpg","datePublished":"2024-09-19T19:22:21+00:00","dateModified":"2024-09-23T18:42:51+00:00","breadcrumb":{"@id":"https:\/\/techmasterdemexico.com\/en\/producto\/medidor-de-potencia-con-pinza-modelo-2060bt\/#breadcrumb"},"inLanguage":"en-US","potentialAction":[{"@type":"ReadAction","target":["https:\/\/techmasterdemexico.com\/en\/producto\/medidor-de-potencia-con-pinza-modelo-2060bt\/"]}]},{"@type":"ImageObject","inLanguage":"en-US","@id":"https:\/\/techmasterdemexico.com\/en\/producto\/medidor-de-potencia-con-pinza-modelo-2060bt\/#primaryimage","url":"https:\/\/techmasterdemexico.com\/wp-content\/uploads\/KEW-2060BT.jpg","contentUrl":"https:\/\/techmasterdemexico.com\/wp-content\/uploads\/KEW-2060BT.jpg","width":1000,"height":1000},{"@type":"BreadcrumbList","@id":"https:\/\/techmasterdemexico.com\/en\/producto\/medidor-de-potencia-con-pinza-modelo-2060bt\/#breadcrumb","itemListElement":[{"@type":"ListItem","position":1,"name":"Portada","item":"https:\/\/techmasterdemexico.com\/"},{"@type":"ListItem","position":2,"name":"Medidor de potencia con pinza MODELO 2060BT"}]},{"@type":"WebSite","@id":"https:\/\/techmasterdemexico.com\/#website","url":"https:\/\/techmasterdemexico.com\/","name":"Techmaster de Mexico","description":"","potentialAction":[{"@type":"SearchAction","target":{"@type":"EntryPoint","urlTemplate":"https:\/\/techmasterdemexico.com\/?s={search_term_string}"},"query-input":{"@type":"PropertyValueSpecification","valueRequired":true,"valueName":"search_term_string"}}],"inLanguage":"en-US"}]}},"brands":[{"id":624,"name":"Kyoritsu","slug":"kyoritsu"}],"_links":{"self":[{"href":"https:\/\/techmasterdemexico.com\/en\/wp-json\/wp\/v2\/product\/21217","targetHints":{"allow":["GET"]}}],"collection":[{"href":"https:\/\/techmasterdemexico.com\/en\/wp-json\/wp\/v2\/product"}],"about":[{"href":"https:\/\/techmasterdemexico.com\/en\/wp-json\/wp\/v2\/types\/product"}],"wp:featuredmedia":[{"embeddable":true,"href":"https:\/\/techmasterdemexico.com\/en\/wp-json\/wp\/v2\/media\/21634"}],"wp:attachment":[{"href":"https:\/\/techmasterdemexico.com\/en\/wp-json\/wp\/v2\/media?parent=21217"}],"wp:term":[{"taxonomy":"pwb-brand","embeddable":true,"href":"https:\/\/techmasterdemexico.com\/en\/wp-json\/wp\/v2\/pwb-brand?post=21217"},{"taxonomy":"product_brand","embeddable":true,"href":"https:\/\/techmasterdemexico.com\/en\/wp-json\/wp\/v2\/product_brand?post=21217"},{"taxonomy":"product_cat","embeddable":true,"href":"https:\/\/techmasterdemexico.com\/en\/wp-json\/wp\/v2\/product_cat?post=21217"},{"taxonomy":"product_tag","embeddable":true,"href":"https:\/\/techmasterdemexico.com\/en\/wp-json\/wp\/v2\/product_tag?post=21217"}],"curies":[{"name":"wp","href":"https:\/\/api.w.org\/{rel}","templated":true}]}}