{"id":21212,"date":"2024-09-19T12:22:20","date_gmt":"2024-09-19T19:22:20","guid":{"rendered":"https:\/\/techmasterdemexico.com\/producto\/multimetro-digital-kew-1021r\/"},"modified":"2024-09-23T10:06:24","modified_gmt":"2024-09-23T17:06:24","slug":"multimetro-digital-kew-1021r","status":"publish","type":"product","link":"https:\/\/techmasterdemexico.com\/en\/producto\/multimetro-digital-kew-1021r\/","title":{"rendered":"Mult\u00edmetro digital KEW 1021R"},"content":{"rendered":"<p>    Lectura precisa con True RMS<br \/>\n    Gran pantalla con 6000 recuentos y retroiluminaci\u00f3n<br \/>\n    Funci\u00f3n MIN\/MAX<br \/>\n    Robusto y fiable<br \/>\n    Funci\u00f3n de medici\u00f3n de corriente mejorada mediante un sensor de pinza externo<br \/>\n    Modo sensor (con sensor de pinza)<br \/>\n    Dise\u00f1o ergon\u00f3mico<br \/>\n    Norma de seguridad IEC 61010-1 CAT \u2163 300V \/ CAT \u2162 600V<\/p>\n","protected":false},"excerpt":{"rendered":"<p>Lectura precisa con True RMS Gran pantalla con 6000 recuentos y retroiluminaci\u00f3n Funci\u00f3n MIN\/MAX Robusto y fiable Funci\u00f3n de medici\u00f3n de corriente mejorada mediante un sensor de pinza externo Modo sensor (con sensor de pinza) Dise\u00f1o ergon\u00f3mico Norma de seguridad IEC 61010-1 CAT \u2163 300V \/ CAT \u2162 600V<\/p>\n","protected":false},"featured_media":21558,"template":"","meta":{"_acf_changed":false},"pwb-brand":[624],"product_brand":[],"product_cat":[621,620,622],"product_tag":[],"class_list":{"0":"post-21212","1":"product","2":"type-product","3":"status-publish","4":"has-post-thumbnail","6":"pwb-brand-kyoritsu","7":"product_cat-instrumentos-de-medicion-y-prueba","8":"product_cat-kyoritsu","9":"product_cat-multimetros-instrumentos-de-medicion-y-prueba","11":"first","12":"instock","13":"taxable","14":"shipping-taxable","15":"product-type-simple"},"acf":[],"yoast_head":"<!-- This site is optimized with the Yoast SEO plugin v27.4 - https:\/\/yoast.com\/product\/yoast-seo-wordpress\/ -->\n<title>Mult\u00edmetro digital KEW 1021R - Techmaster de Mexico<\/title>\n<meta name=\"robots\" content=\"index, follow, max-snippet:-1, max-image-preview:large, max-video-preview:-1\" \/>\n<link rel=\"canonical\" href=\"https:\/\/techmasterdemexico.com\/en\/producto\/multimetro-digital-kew-1021r\/\" \/>\n<meta property=\"og:locale\" content=\"en_US\" \/>\n<meta property=\"og:type\" content=\"article\" \/>\n<meta property=\"og:title\" content=\"Mult\u00edmetro digital KEW 1021R - Techmaster de Mexico\" \/>\n<meta property=\"og:description\" content=\"Lectura precisa con True RMS Gran pantalla con 6000 recuentos y retroiluminaci\u00f3n Funci\u00f3n MIN\/MAX Robusto y fiable Funci\u00f3n de medici\u00f3n de corriente mejorada mediante un sensor de pinza externo Modo sensor (con sensor de pinza) Dise\u00f1o ergon\u00f3mico Norma de seguridad IEC 61010-1 CAT \u2163 300V \/ CAT \u2162 600V\" \/>\n<meta property=\"og:url\" content=\"https:\/\/techmasterdemexico.com\/en\/producto\/multimetro-digital-kew-1021r\/\" \/>\n<meta property=\"og:site_name\" content=\"Techmaster de Mexico\" \/>\n<meta property=\"article:modified_time\" content=\"2024-09-23T17:06:24+00:00\" \/>\n<meta property=\"og:image\" content=\"https:\/\/techmasterdemexico.com\/wp-content\/uploads\/KEW-1021R.jpg\" \/>\n\t<meta property=\"og:image:width\" content=\"1000\" \/>\n\t<meta property=\"og:image:height\" content=\"1000\" \/>\n\t<meta property=\"og:image:type\" content=\"image\/jpeg\" \/>\n<meta name=\"twitter:card\" content=\"summary_large_image\" \/>\n<meta name=\"twitter:label1\" content=\"Est. reading time\" \/>\n\t<meta name=\"twitter:data1\" content=\"1 minute\" \/>\n<script type=\"application\/ld+json\" class=\"yoast-schema-graph\">{\"@context\":\"https:\\\/\\\/schema.org\",\"@graph\":[{\"@type\":\"WebPage\",\"@id\":\"https:\\\/\\\/techmasterdemexico.com\\\/en\\\/producto\\\/multimetro-digital-kew-1021r\\\/\",\"url\":\"https:\\\/\\\/techmasterdemexico.com\\\/en\\\/producto\\\/multimetro-digital-kew-1021r\\\/\",\"name\":\"Mult\u00edmetro digital KEW 1021R - Techmaster de Mexico\",\"isPartOf\":{\"@id\":\"https:\\\/\\\/techmasterdemexico.com\\\/#website\"},\"primaryImageOfPage\":{\"@id\":\"https:\\\/\\\/techmasterdemexico.com\\\/en\\\/producto\\\/multimetro-digital-kew-1021r\\\/#primaryimage\"},\"image\":{\"@id\":\"https:\\\/\\\/techmasterdemexico.com\\\/en\\\/producto\\\/multimetro-digital-kew-1021r\\\/#primaryimage\"},\"thumbnailUrl\":\"https:\\\/\\\/techmasterdemexico.com\\\/wp-content\\\/uploads\\\/KEW-1021R.jpg\",\"datePublished\":\"2024-09-19T19:22:20+00:00\",\"dateModified\":\"2024-09-23T17:06:24+00:00\",\"breadcrumb\":{\"@id\":\"https:\\\/\\\/techmasterdemexico.com\\\/en\\\/producto\\\/multimetro-digital-kew-1021r\\\/#breadcrumb\"},\"inLanguage\":\"en-US\",\"potentialAction\":[{\"@type\":\"ReadAction\",\"target\":[\"https:\\\/\\\/techmasterdemexico.com\\\/en\\\/producto\\\/multimetro-digital-kew-1021r\\\/\"]}]},{\"@type\":\"ImageObject\",\"inLanguage\":\"en-US\",\"@id\":\"https:\\\/\\\/techmasterdemexico.com\\\/en\\\/producto\\\/multimetro-digital-kew-1021r\\\/#primaryimage\",\"url\":\"https:\\\/\\\/techmasterdemexico.com\\\/wp-content\\\/uploads\\\/KEW-1021R.jpg\",\"contentUrl\":\"https:\\\/\\\/techmasterdemexico.com\\\/wp-content\\\/uploads\\\/KEW-1021R.jpg\",\"width\":1000,\"height\":1000},{\"@type\":\"BreadcrumbList\",\"@id\":\"https:\\\/\\\/techmasterdemexico.com\\\/en\\\/producto\\\/multimetro-digital-kew-1021r\\\/#breadcrumb\",\"itemListElement\":[{\"@type\":\"ListItem\",\"position\":1,\"name\":\"Portada\",\"item\":\"https:\\\/\\\/techmasterdemexico.com\\\/\"},{\"@type\":\"ListItem\",\"position\":2,\"name\":\"Mult\u00edmetro digital KEW 1021R\"}]},{\"@type\":\"WebSite\",\"@id\":\"https:\\\/\\\/techmasterdemexico.com\\\/#website\",\"url\":\"https:\\\/\\\/techmasterdemexico.com\\\/\",\"name\":\"Techmaster de Mexico\",\"description\":\"\",\"potentialAction\":[{\"@type\":\"SearchAction\",\"target\":{\"@type\":\"EntryPoint\",\"urlTemplate\":\"https:\\\/\\\/techmasterdemexico.com\\\/?s={search_term_string}\"},\"query-input\":{\"@type\":\"PropertyValueSpecification\",\"valueRequired\":true,\"valueName\":\"search_term_string\"}}],\"inLanguage\":\"en-US\"}]}<\/script>\n<!-- \/ Yoast SEO plugin. -->","yoast_head_json":{"title":"Mult\u00edmetro digital KEW 1021R - Techmaster de Mexico","robots":{"index":"index","follow":"follow","max-snippet":"max-snippet:-1","max-image-preview":"max-image-preview:large","max-video-preview":"max-video-preview:-1"},"canonical":"https:\/\/techmasterdemexico.com\/en\/producto\/multimetro-digital-kew-1021r\/","og_locale":"en_US","og_type":"article","og_title":"Mult\u00edmetro digital KEW 1021R - Techmaster de Mexico","og_description":"Lectura precisa con True RMS Gran pantalla con 6000 recuentos y retroiluminaci\u00f3n Funci\u00f3n MIN\/MAX Robusto y fiable Funci\u00f3n de medici\u00f3n de corriente mejorada mediante un sensor de pinza externo Modo sensor (con sensor de pinza) Dise\u00f1o ergon\u00f3mico Norma de seguridad IEC 61010-1 CAT \u2163 300V \/ CAT \u2162 600V","og_url":"https:\/\/techmasterdemexico.com\/en\/producto\/multimetro-digital-kew-1021r\/","og_site_name":"Techmaster de Mexico","article_modified_time":"2024-09-23T17:06:24+00:00","og_image":[{"width":1000,"height":1000,"url":"https:\/\/techmasterdemexico.com\/wp-content\/uploads\/KEW-1021R.jpg","type":"image\/jpeg"}],"twitter_card":"summary_large_image","twitter_misc":{"Est. reading time":"1 minute"},"schema":{"@context":"https:\/\/schema.org","@graph":[{"@type":"WebPage","@id":"https:\/\/techmasterdemexico.com\/en\/producto\/multimetro-digital-kew-1021r\/","url":"https:\/\/techmasterdemexico.com\/en\/producto\/multimetro-digital-kew-1021r\/","name":"Mult\u00edmetro digital KEW 1021R - Techmaster de Mexico","isPartOf":{"@id":"https:\/\/techmasterdemexico.com\/#website"},"primaryImageOfPage":{"@id":"https:\/\/techmasterdemexico.com\/en\/producto\/multimetro-digital-kew-1021r\/#primaryimage"},"image":{"@id":"https:\/\/techmasterdemexico.com\/en\/producto\/multimetro-digital-kew-1021r\/#primaryimage"},"thumbnailUrl":"https:\/\/techmasterdemexico.com\/wp-content\/uploads\/KEW-1021R.jpg","datePublished":"2024-09-19T19:22:20+00:00","dateModified":"2024-09-23T17:06:24+00:00","breadcrumb":{"@id":"https:\/\/techmasterdemexico.com\/en\/producto\/multimetro-digital-kew-1021r\/#breadcrumb"},"inLanguage":"en-US","potentialAction":[{"@type":"ReadAction","target":["https:\/\/techmasterdemexico.com\/en\/producto\/multimetro-digital-kew-1021r\/"]}]},{"@type":"ImageObject","inLanguage":"en-US","@id":"https:\/\/techmasterdemexico.com\/en\/producto\/multimetro-digital-kew-1021r\/#primaryimage","url":"https:\/\/techmasterdemexico.com\/wp-content\/uploads\/KEW-1021R.jpg","contentUrl":"https:\/\/techmasterdemexico.com\/wp-content\/uploads\/KEW-1021R.jpg","width":1000,"height":1000},{"@type":"BreadcrumbList","@id":"https:\/\/techmasterdemexico.com\/en\/producto\/multimetro-digital-kew-1021r\/#breadcrumb","itemListElement":[{"@type":"ListItem","position":1,"name":"Portada","item":"https:\/\/techmasterdemexico.com\/"},{"@type":"ListItem","position":2,"name":"Mult\u00edmetro digital KEW 1021R"}]},{"@type":"WebSite","@id":"https:\/\/techmasterdemexico.com\/#website","url":"https:\/\/techmasterdemexico.com\/","name":"Techmaster de Mexico","description":"","potentialAction":[{"@type":"SearchAction","target":{"@type":"EntryPoint","urlTemplate":"https:\/\/techmasterdemexico.com\/?s={search_term_string}"},"query-input":{"@type":"PropertyValueSpecification","valueRequired":true,"valueName":"search_term_string"}}],"inLanguage":"en-US"}]}},"brands":[{"id":624,"name":"Kyoritsu","slug":"kyoritsu"}],"_links":{"self":[{"href":"https:\/\/techmasterdemexico.com\/en\/wp-json\/wp\/v2\/product\/21212","targetHints":{"allow":["GET"]}}],"collection":[{"href":"https:\/\/techmasterdemexico.com\/en\/wp-json\/wp\/v2\/product"}],"about":[{"href":"https:\/\/techmasterdemexico.com\/en\/wp-json\/wp\/v2\/types\/product"}],"wp:featuredmedia":[{"embeddable":true,"href":"https:\/\/techmasterdemexico.com\/en\/wp-json\/wp\/v2\/media\/21558"}],"wp:attachment":[{"href":"https:\/\/techmasterdemexico.com\/en\/wp-json\/wp\/v2\/media?parent=21212"}],"wp:term":[{"taxonomy":"pwb-brand","embeddable":true,"href":"https:\/\/techmasterdemexico.com\/en\/wp-json\/wp\/v2\/pwb-brand?post=21212"},{"taxonomy":"product_brand","embeddable":true,"href":"https:\/\/techmasterdemexico.com\/en\/wp-json\/wp\/v2\/product_brand?post=21212"},{"taxonomy":"product_cat","embeddable":true,"href":"https:\/\/techmasterdemexico.com\/en\/wp-json\/wp\/v2\/product_cat?post=21212"},{"taxonomy":"product_tag","embeddable":true,"href":"https:\/\/techmasterdemexico.com\/en\/wp-json\/wp\/v2\/product_tag?post=21212"}],"curies":[{"name":"wp","href":"https:\/\/api.w.org\/{rel}","templated":true}]}}