{"id":21201,"date":"2024-09-19T12:22:17","date_gmt":"2024-09-19T19:22:17","guid":{"rendered":"https:\/\/techmasterdemexico.com\/producto\/multimetro-digital-kew-1062\/"},"modified":"2024-09-23T10:21:03","modified_gmt":"2024-09-23T17:21:03","slug":"multimetro-digital-kew-1062","status":"publish","type":"product","link":"https:\/\/techmasterdemexico.com\/en\/producto\/multimetro-digital-kew-1062\/","title":{"rendered":"Mult\u00edmetro digital KEW 1062"},"content":{"rendered":"<ul>\n<li>Mediciones de alta precisi\u00f3n, alto rendimiento y fiabilidad<\/li>\n<li>Precisi\u00f3n b\u00e1sica de CC del 0,02<\/li>\n<li>Gran pantalla con 50.000 recuentos<\/li>\n<li>Doble pantalla para doble indicaci\u00f3n de CA y CC, V y Hz, etc.<\/li>\n<li>Medidas True-RMS AC y AC+DC<\/li>\n<li>Amplio ancho de banda de frecuencia de CA de 10 Hz a 100 kHz<\/li>\n<li>Modo de detecci\u00f3n de valor True-RMS o MEDIO seleccionable<\/li>\n<li>R\u00e1pido tiempo de respuesta de retenci\u00f3n de picos de 250 \u00b5s<\/li>\n<li>Filtro de paso bajo para mediciones de accionamiento de motores<\/li>\n<li>Baja potencia \u03a9 para mediciones de resistencia en circuitos electr\u00f3nicos sensibles mediante una corriente de prueba baja y segura<\/li>\n<li>Funci\u00f3n de calibraci\u00f3n por el usuario<\/li>\n<li>Dise\u00f1o de seguridad para uso industrial<\/li>\n<li>Cumple con IEC 61010-1 CAT IV 600V, CAT III 1000V<\/li>\n<li>Obturador de terminales para evitar la inserci\u00f3n incorrecta de los cables de prueba en los terminales de corriente<\/li>\n<li>Amplio rango de temperaturas de funcionamiento, de -20 a 55 \u00baC<\/li>\n<li>Soporte fiable para la gesti\u00f3n de datos<\/li>\n<li>Amplia memoria interna de datos<\/li>\n<li>KEW 1062: 10.000 datos (registro), 100 datos (manual)<\/li>\n<li>Descarga de datos y monitorizaci\u00f3n en vivo en un PC a trav\u00e9s de la interfaz USB<br \/>\n(Opci\u00f3n de juego de comunicaci\u00f3n USB)<br \/>\n* Se pueden transferir 32.767 datos como m\u00e1ximo.<\/li>\n<\/ul>\n","protected":false},"excerpt":{"rendered":"<p>Mediciones de alta precisi\u00f3n, alto rendimiento y fiabilidad Precisi\u00f3n b\u00e1sica de CC del 0,02 Gran pantalla con 50.000 recuentos Doble pantalla para doble indicaci\u00f3n de CA y CC, V y Hz, etc. Medidas True-RMS AC y AC+DC Amplio ancho de banda de frecuencia de CA de 10 Hz a 100 kHz Modo de detecci\u00f3n de [&hellip;]<\/p>\n","protected":false},"featured_media":21578,"template":"","meta":{"_acf_changed":false},"pwb-brand":[624],"product_brand":[],"product_cat":[621,620,622],"product_tag":[],"class_list":{"0":"post-21201","1":"product","2":"type-product","3":"status-publish","4":"has-post-thumbnail","6":"pwb-brand-kyoritsu","7":"product_cat-instrumentos-de-medicion-y-prueba","8":"product_cat-kyoritsu","9":"product_cat-multimetros-instrumentos-de-medicion-y-prueba","11":"first","12":"instock","13":"taxable","14":"shipping-taxable","15":"product-type-simple"},"acf":[],"yoast_head":"<!-- This site is optimized with the Yoast SEO plugin v27.4 - https:\/\/yoast.com\/product\/yoast-seo-wordpress\/ -->\n<title>Mult\u00edmetro digital KEW 1062 - Techmaster de Mexico<\/title>\n<meta name=\"robots\" content=\"index, follow, max-snippet:-1, max-image-preview:large, max-video-preview:-1\" \/>\n<link rel=\"canonical\" href=\"https:\/\/techmasterdemexico.com\/en\/producto\/multimetro-digital-kew-1062\/\" \/>\n<meta property=\"og:locale\" content=\"en_US\" \/>\n<meta property=\"og:type\" content=\"article\" \/>\n<meta property=\"og:title\" content=\"Mult\u00edmetro digital KEW 1062 - Techmaster de Mexico\" \/>\n<meta property=\"og:description\" content=\"Mediciones de alta precisi\u00f3n, alto rendimiento y fiabilidad Precisi\u00f3n b\u00e1sica de CC del 0,02 Gran pantalla con 50.000 recuentos Doble pantalla para doble indicaci\u00f3n de CA y CC, V y Hz, etc. Medidas True-RMS AC y AC+DC Amplio ancho de banda de frecuencia de CA de 10 Hz a 100 kHz Modo de detecci\u00f3n de [&hellip;]\" \/>\n<meta property=\"og:url\" content=\"https:\/\/techmasterdemexico.com\/en\/producto\/multimetro-digital-kew-1062\/\" \/>\n<meta property=\"og:site_name\" content=\"Techmaster de Mexico\" \/>\n<meta property=\"article:modified_time\" content=\"2024-09-23T17:21:03+00:00\" \/>\n<meta property=\"og:image\" content=\"https:\/\/techmasterdemexico.com\/wp-content\/uploads\/KEW-1062.jpg\" \/>\n\t<meta property=\"og:image:width\" content=\"1000\" \/>\n\t<meta property=\"og:image:height\" content=\"1000\" \/>\n\t<meta property=\"og:image:type\" content=\"image\/jpeg\" \/>\n<meta name=\"twitter:card\" content=\"summary_large_image\" \/>\n<meta name=\"twitter:label1\" content=\"Est. reading time\" \/>\n\t<meta name=\"twitter:data1\" content=\"2 minutes\" \/>\n<script type=\"application\/ld+json\" class=\"yoast-schema-graph\">{\"@context\":\"https:\\\/\\\/schema.org\",\"@graph\":[{\"@type\":\"WebPage\",\"@id\":\"https:\\\/\\\/techmasterdemexico.com\\\/en\\\/producto\\\/multimetro-digital-kew-1062\\\/\",\"url\":\"https:\\\/\\\/techmasterdemexico.com\\\/en\\\/producto\\\/multimetro-digital-kew-1062\\\/\",\"name\":\"Mult\u00edmetro digital KEW 1062 - Techmaster de Mexico\",\"isPartOf\":{\"@id\":\"https:\\\/\\\/techmasterdemexico.com\\\/#website\"},\"primaryImageOfPage\":{\"@id\":\"https:\\\/\\\/techmasterdemexico.com\\\/en\\\/producto\\\/multimetro-digital-kew-1062\\\/#primaryimage\"},\"image\":{\"@id\":\"https:\\\/\\\/techmasterdemexico.com\\\/en\\\/producto\\\/multimetro-digital-kew-1062\\\/#primaryimage\"},\"thumbnailUrl\":\"https:\\\/\\\/techmasterdemexico.com\\\/wp-content\\\/uploads\\\/KEW-1062.jpg\",\"datePublished\":\"2024-09-19T19:22:17+00:00\",\"dateModified\":\"2024-09-23T17:21:03+00:00\",\"breadcrumb\":{\"@id\":\"https:\\\/\\\/techmasterdemexico.com\\\/en\\\/producto\\\/multimetro-digital-kew-1062\\\/#breadcrumb\"},\"inLanguage\":\"en-US\",\"potentialAction\":[{\"@type\":\"ReadAction\",\"target\":[\"https:\\\/\\\/techmasterdemexico.com\\\/en\\\/producto\\\/multimetro-digital-kew-1062\\\/\"]}]},{\"@type\":\"ImageObject\",\"inLanguage\":\"en-US\",\"@id\":\"https:\\\/\\\/techmasterdemexico.com\\\/en\\\/producto\\\/multimetro-digital-kew-1062\\\/#primaryimage\",\"url\":\"https:\\\/\\\/techmasterdemexico.com\\\/wp-content\\\/uploads\\\/KEW-1062.jpg\",\"contentUrl\":\"https:\\\/\\\/techmasterdemexico.com\\\/wp-content\\\/uploads\\\/KEW-1062.jpg\",\"width\":1000,\"height\":1000},{\"@type\":\"BreadcrumbList\",\"@id\":\"https:\\\/\\\/techmasterdemexico.com\\\/en\\\/producto\\\/multimetro-digital-kew-1062\\\/#breadcrumb\",\"itemListElement\":[{\"@type\":\"ListItem\",\"position\":1,\"name\":\"Portada\",\"item\":\"https:\\\/\\\/techmasterdemexico.com\\\/\"},{\"@type\":\"ListItem\",\"position\":2,\"name\":\"Mult\u00edmetro digital KEW 1062\"}]},{\"@type\":\"WebSite\",\"@id\":\"https:\\\/\\\/techmasterdemexico.com\\\/#website\",\"url\":\"https:\\\/\\\/techmasterdemexico.com\\\/\",\"name\":\"Techmaster de Mexico\",\"description\":\"\",\"potentialAction\":[{\"@type\":\"SearchAction\",\"target\":{\"@type\":\"EntryPoint\",\"urlTemplate\":\"https:\\\/\\\/techmasterdemexico.com\\\/?s={search_term_string}\"},\"query-input\":{\"@type\":\"PropertyValueSpecification\",\"valueRequired\":true,\"valueName\":\"search_term_string\"}}],\"inLanguage\":\"en-US\"}]}<\/script>\n<!-- \/ Yoast SEO plugin. -->","yoast_head_json":{"title":"Mult\u00edmetro digital KEW 1062 - Techmaster de Mexico","robots":{"index":"index","follow":"follow","max-snippet":"max-snippet:-1","max-image-preview":"max-image-preview:large","max-video-preview":"max-video-preview:-1"},"canonical":"https:\/\/techmasterdemexico.com\/en\/producto\/multimetro-digital-kew-1062\/","og_locale":"en_US","og_type":"article","og_title":"Mult\u00edmetro digital KEW 1062 - Techmaster de Mexico","og_description":"Mediciones de alta precisi\u00f3n, alto rendimiento y fiabilidad Precisi\u00f3n b\u00e1sica de CC del 0,02 Gran pantalla con 50.000 recuentos Doble pantalla para doble indicaci\u00f3n de CA y CC, V y Hz, etc. Medidas True-RMS AC y AC+DC Amplio ancho de banda de frecuencia de CA de 10 Hz a 100 kHz Modo de detecci\u00f3n de [&hellip;]","og_url":"https:\/\/techmasterdemexico.com\/en\/producto\/multimetro-digital-kew-1062\/","og_site_name":"Techmaster de Mexico","article_modified_time":"2024-09-23T17:21:03+00:00","og_image":[{"width":1000,"height":1000,"url":"https:\/\/techmasterdemexico.com\/wp-content\/uploads\/KEW-1062.jpg","type":"image\/jpeg"}],"twitter_card":"summary_large_image","twitter_misc":{"Est. reading time":"2 minutes"},"schema":{"@context":"https:\/\/schema.org","@graph":[{"@type":"WebPage","@id":"https:\/\/techmasterdemexico.com\/en\/producto\/multimetro-digital-kew-1062\/","url":"https:\/\/techmasterdemexico.com\/en\/producto\/multimetro-digital-kew-1062\/","name":"Mult\u00edmetro digital KEW 1062 - Techmaster de Mexico","isPartOf":{"@id":"https:\/\/techmasterdemexico.com\/#website"},"primaryImageOfPage":{"@id":"https:\/\/techmasterdemexico.com\/en\/producto\/multimetro-digital-kew-1062\/#primaryimage"},"image":{"@id":"https:\/\/techmasterdemexico.com\/en\/producto\/multimetro-digital-kew-1062\/#primaryimage"},"thumbnailUrl":"https:\/\/techmasterdemexico.com\/wp-content\/uploads\/KEW-1062.jpg","datePublished":"2024-09-19T19:22:17+00:00","dateModified":"2024-09-23T17:21:03+00:00","breadcrumb":{"@id":"https:\/\/techmasterdemexico.com\/en\/producto\/multimetro-digital-kew-1062\/#breadcrumb"},"inLanguage":"en-US","potentialAction":[{"@type":"ReadAction","target":["https:\/\/techmasterdemexico.com\/en\/producto\/multimetro-digital-kew-1062\/"]}]},{"@type":"ImageObject","inLanguage":"en-US","@id":"https:\/\/techmasterdemexico.com\/en\/producto\/multimetro-digital-kew-1062\/#primaryimage","url":"https:\/\/techmasterdemexico.com\/wp-content\/uploads\/KEW-1062.jpg","contentUrl":"https:\/\/techmasterdemexico.com\/wp-content\/uploads\/KEW-1062.jpg","width":1000,"height":1000},{"@type":"BreadcrumbList","@id":"https:\/\/techmasterdemexico.com\/en\/producto\/multimetro-digital-kew-1062\/#breadcrumb","itemListElement":[{"@type":"ListItem","position":1,"name":"Portada","item":"https:\/\/techmasterdemexico.com\/"},{"@type":"ListItem","position":2,"name":"Mult\u00edmetro digital KEW 1062"}]},{"@type":"WebSite","@id":"https:\/\/techmasterdemexico.com\/#website","url":"https:\/\/techmasterdemexico.com\/","name":"Techmaster de Mexico","description":"","potentialAction":[{"@type":"SearchAction","target":{"@type":"EntryPoint","urlTemplate":"https:\/\/techmasterdemexico.com\/?s={search_term_string}"},"query-input":{"@type":"PropertyValueSpecification","valueRequired":true,"valueName":"search_term_string"}}],"inLanguage":"en-US"}]}},"brands":[{"id":624,"name":"Kyoritsu","slug":"kyoritsu"}],"_links":{"self":[{"href":"https:\/\/techmasterdemexico.com\/en\/wp-json\/wp\/v2\/product\/21201","targetHints":{"allow":["GET"]}}],"collection":[{"href":"https:\/\/techmasterdemexico.com\/en\/wp-json\/wp\/v2\/product"}],"about":[{"href":"https:\/\/techmasterdemexico.com\/en\/wp-json\/wp\/v2\/types\/product"}],"wp:featuredmedia":[{"embeddable":true,"href":"https:\/\/techmasterdemexico.com\/en\/wp-json\/wp\/v2\/media\/21578"}],"wp:attachment":[{"href":"https:\/\/techmasterdemexico.com\/en\/wp-json\/wp\/v2\/media?parent=21201"}],"wp:term":[{"taxonomy":"pwb-brand","embeddable":true,"href":"https:\/\/techmasterdemexico.com\/en\/wp-json\/wp\/v2\/pwb-brand?post=21201"},{"taxonomy":"product_brand","embeddable":true,"href":"https:\/\/techmasterdemexico.com\/en\/wp-json\/wp\/v2\/product_brand?post=21201"},{"taxonomy":"product_cat","embeddable":true,"href":"https:\/\/techmasterdemexico.com\/en\/wp-json\/wp\/v2\/product_cat?post=21201"},{"taxonomy":"product_tag","embeddable":true,"href":"https:\/\/techmasterdemexico.com\/en\/wp-json\/wp\/v2\/product_tag?post=21201"}],"curies":[{"name":"wp","href":"https:\/\/api.w.org\/{rel}","templated":true}]}}