{"id":20856,"date":"2023-11-16T01:43:35","date_gmt":"2023-11-16T08:43:35","guid":{"rendered":"https:\/\/techmasterdemexico.com\/?post_type=product&#038;p=20856"},"modified":"2025-06-26T12:40:05","modified_gmt":"2025-06-26T19:40:05","slug":"detector-de-voltaje-fluke-1ac-a1-ii-5pk","status":"publish","type":"product","link":"https:\/\/techmasterdemexico.com\/en\/producto\/detector-de-voltaje-fluke-1ac-a1-ii-5pk\/","title":{"rendered":"Detector de voltaje FLUKE-1AC-A1-II 5PK"},"content":{"rendered":"<p>Fluke&#8217;s new generation of VoltAlert\u2122 non-contact AC voltage testers are very easy to use \u2013 just hold the tip close to a terminal, socket or wire. If the tip turns red and the unit beeps, it indicates that there is voltage. Electricians, maintenance, service or security technicians, as well as private homeowners can easily check for voltage in circuits both at the workplace and in their own homes.<\/p>","protected":false},"excerpt":{"rendered":"<ul>\n<li>Power: 2 AAA batteries<\/li>\n<li>Rated voltage 90 VAC to 1000 VAC or 200 VAC to 1000 VAC, depending on model; 45 Hz to 405 Hz, plus a 20 V to 90 V control circuit model<\/li>\n<li>Detector tip type: Flat or round, depending on model<\/li>\n<li>Light source: high intensity red LED<\/li>\n<li>Safety category: 1000 V, CAT IV<\/li>\n<li>IP degree of protection: IP 40<\/li>\n<li>Working temperature: -10 \u00b0C to 50 \u00b0C<\/li>\n<li>Working humidity ranges: 0% to 95% (0\u00b0C to 30\u00b0C) \/ 0% to 75% (30\u00b0C to 40\u00b0C) \/ 0% to 45% (40\u00b0C to 55\u00b0C)<\/li>\n<li>Working Altitude: 3000m<\/li>\n<\/ul>\n","protected":false},"featured_media":20011,"template":"","meta":{"_acf_changed":false},"pwb-brand":[31],"product_brand":[],"product_cat":[366,78,30],"product_tag":[],"class_list":{"0":"post-20856","1":"product","2":"type-product","3":"status-publish","4":"has-post-thumbnail","6":"pwb-brand-fluke","7":"product_cat-todos-los-productos","8":"product_cat-comprobadores-basicos","9":"product_cat-fluke","11":"first","12":"instock","13":"taxable","14":"shipping-taxable","15":"purchasable","16":"product-type-simple"},"acf":[],"yoast_head":"<!-- This site is optimized with the Yoast SEO plugin v27.4 - https:\/\/yoast.com\/product\/yoast-seo-wordpress\/ -->\n<title>Detector de voltaje FLUKE-1AC-A1-II 5PK - Techmaster de Mexico<\/title>\n<meta name=\"robots\" content=\"index, follow, max-snippet:-1, max-image-preview:large, max-video-preview:-1\" \/>\n<link rel=\"canonical\" href=\"https:\/\/techmasterdemexico.com\/producto\/detector-de-voltaje-fluke-1ac-a1-ii-5pk\/\" \/>\n<meta property=\"og:locale\" content=\"en_US\" \/>\n<meta property=\"og:type\" content=\"article\" \/>\n<meta property=\"og:title\" content=\"Detector de voltaje FLUKE-1AC-A1-II 5PK - Techmaster de Mexico\" \/>\n<meta property=\"og:description\" content=\"[:es]  Alimentaci\u00f3n: 2 pilas AAA  Tensi\u00f3n nominal de 90 VCA a 1000 VCA o de 200 VCA a 1000 VCA, en funci\u00f3n del modelo; de 45 Hz a 405 Hz, adem\u00e1s de un modelo de circuito de control de 20 V a 90 V  Tipo de punta del detector: Plana o redonda, en funci\u00f3n del modelo  Fuente de luz: LED rojo de alta intensidad  Categor\u00eda de seguridad: 1000 V, CAT IV  Grado de protecci\u00f3n IP: IP 40  Temperatura de trabajo: -10 \u00b0C a 50 \u00b0C  Rangos de humedad de trabajo: 0 % a 95 % (0 \u00b0C a 30 \u00b0C) \/ 0 % a 75 % (30 \u00b0C a 40 \u00b0C) \/ 0 % a 45 % (40 \u00b0C a 55 \u00b0C)  Altitud de trabajo: 3000 m [:en]  Power: 2 AAA batteries  Rated voltage 90 VAC to 1000 VAC or 200 VAC to 1000 VAC, depending on model; 45 Hz to 405 Hz, plus a 20 V to 90 V control circuit model  Detector tip type: Flat or round, depending on model  Light source: high intensity red LED  Safety category: 1000 V, CAT IV  IP degree of protection: IP 40  Working temperature: -10 \u00b0C to 50 \u00b0C  Working humidity ranges: 0% to 95% (0\u00b0C to 30\u00b0C) \/ 0% to 75% (30\u00b0C to 40\u00b0C) \/ 0% to 45% (40\u00b0C to 55\u00b0C)  Working Altitude: 3000m [:]\" \/>\n<meta property=\"og:url\" content=\"https:\/\/techmasterdemexico.com\/producto\/detector-de-voltaje-fluke-1ac-a1-ii-5pk\/\" \/>\n<meta property=\"og:site_name\" content=\"Techmaster de Mexico\" \/>\n<meta property=\"article:modified_time\" content=\"2025-06-26T19:40:05+00:00\" \/>\n<meta property=\"og:image\" content=\"https:\/\/techmasterdemexico.com\/wp-content\/uploads\/FLUKE-1AC-A1-II.jpg\" \/>\n\t<meta property=\"og:image:width\" content=\"950\" \/>\n\t<meta property=\"og:image:height\" content=\"949\" \/>\n\t<meta property=\"og:image:type\" content=\"image\/jpeg\" \/>\n<meta name=\"twitter:card\" content=\"summary_large_image\" \/>\n<meta name=\"twitter:label1\" content=\"Est. reading time\" \/>\n\t<meta name=\"twitter:data1\" content=\"1 minute\" \/>\n<script type=\"application\/ld+json\" class=\"yoast-schema-graph\">{\"@context\":\"https:\\\/\\\/schema.org\",\"@graph\":[{\"@type\":\"WebPage\",\"@id\":\"https:\\\/\\\/techmasterdemexico.com\\\/producto\\\/detector-de-voltaje-fluke-1ac-a1-ii-5pk\\\/\",\"url\":\"https:\\\/\\\/techmasterdemexico.com\\\/producto\\\/detector-de-voltaje-fluke-1ac-a1-ii-5pk\\\/\",\"name\":\"Detector de voltaje FLUKE-1AC-A1-II 5PK - Techmaster de Mexico\",\"isPartOf\":{\"@id\":\"https:\\\/\\\/techmasterdemexico.com\\\/#website\"},\"primaryImageOfPage\":{\"@id\":\"https:\\\/\\\/techmasterdemexico.com\\\/producto\\\/detector-de-voltaje-fluke-1ac-a1-ii-5pk\\\/#primaryimage\"},\"image\":{\"@id\":\"https:\\\/\\\/techmasterdemexico.com\\\/producto\\\/detector-de-voltaje-fluke-1ac-a1-ii-5pk\\\/#primaryimage\"},\"thumbnailUrl\":\"https:\\\/\\\/techmasterdemexico.com\\\/wp-content\\\/uploads\\\/FLUKE-1AC-A1-II.jpg\",\"datePublished\":\"2023-11-16T08:43:35+00:00\",\"dateModified\":\"2025-06-26T19:40:05+00:00\",\"breadcrumb\":{\"@id\":\"https:\\\/\\\/techmasterdemexico.com\\\/producto\\\/detector-de-voltaje-fluke-1ac-a1-ii-5pk\\\/#breadcrumb\"},\"inLanguage\":\"en-US\",\"potentialAction\":[{\"@type\":\"ReadAction\",\"target\":[\"https:\\\/\\\/techmasterdemexico.com\\\/producto\\\/detector-de-voltaje-fluke-1ac-a1-ii-5pk\\\/\"]}]},{\"@type\":\"ImageObject\",\"inLanguage\":\"en-US\",\"@id\":\"https:\\\/\\\/techmasterdemexico.com\\\/producto\\\/detector-de-voltaje-fluke-1ac-a1-ii-5pk\\\/#primaryimage\",\"url\":\"https:\\\/\\\/techmasterdemexico.com\\\/wp-content\\\/uploads\\\/FLUKE-1AC-A1-II.jpg\",\"contentUrl\":\"https:\\\/\\\/techmasterdemexico.com\\\/wp-content\\\/uploads\\\/FLUKE-1AC-A1-II.jpg\",\"width\":950,\"height\":949},{\"@type\":\"BreadcrumbList\",\"@id\":\"https:\\\/\\\/techmasterdemexico.com\\\/producto\\\/detector-de-voltaje-fluke-1ac-a1-ii-5pk\\\/#breadcrumb\",\"itemListElement\":[{\"@type\":\"ListItem\",\"position\":1,\"name\":\"Portada\",\"item\":\"https:\\\/\\\/techmasterdemexico.com\\\/\"},{\"@type\":\"ListItem\",\"position\":2,\"name\":\"Detector de voltaje FLUKE-1AC-A1-II 5PK\"}]},{\"@type\":\"WebSite\",\"@id\":\"https:\\\/\\\/techmasterdemexico.com\\\/#website\",\"url\":\"https:\\\/\\\/techmasterdemexico.com\\\/\",\"name\":\"Techmaster de Mexico\",\"description\":\"\",\"potentialAction\":[{\"@type\":\"SearchAction\",\"target\":{\"@type\":\"EntryPoint\",\"urlTemplate\":\"https:\\\/\\\/techmasterdemexico.com\\\/?s={search_term_string}\"},\"query-input\":{\"@type\":\"PropertyValueSpecification\",\"valueRequired\":true,\"valueName\":\"search_term_string\"}}],\"inLanguage\":\"en-US\"}]}<\/script>\n<!-- \/ Yoast SEO plugin. -->","yoast_head_json":{"title":"Detector de voltaje FLUKE-1AC-A1-II 5PK - Techmaster de Mexico","robots":{"index":"index","follow":"follow","max-snippet":"max-snippet:-1","max-image-preview":"max-image-preview:large","max-video-preview":"max-video-preview:-1"},"canonical":"https:\/\/techmasterdemexico.com\/producto\/detector-de-voltaje-fluke-1ac-a1-ii-5pk\/","og_locale":"en_US","og_type":"article","og_title":"Detector de voltaje FLUKE-1AC-A1-II 5PK - Techmaster de Mexico","og_description":"[:es]  Alimentaci\u00f3n: 2 pilas AAA  Tensi\u00f3n nominal de 90 VCA a 1000 VCA o de 200 VCA a 1000 VCA, en funci\u00f3n del modelo; de 45 Hz a 405 Hz, adem\u00e1s de un modelo de circuito de control de 20 V a 90 V  Tipo de punta del detector: Plana o redonda, en funci\u00f3n del modelo  Fuente de luz: LED rojo de alta intensidad  Categor\u00eda de seguridad: 1000 V, CAT IV  Grado de protecci\u00f3n IP: IP 40  Temperatura de trabajo: -10 \u00b0C a 50 \u00b0C  Rangos de humedad de trabajo: 0 % a 95 % (0 \u00b0C a 30 \u00b0C) \/ 0 % a 75 % (30 \u00b0C a 40 \u00b0C) \/ 0 % a 45 % (40 \u00b0C a 55 \u00b0C)  Altitud de trabajo: 3000 m [:en]  Power: 2 AAA batteries  Rated voltage 90 VAC to 1000 VAC or 200 VAC to 1000 VAC, depending on model; 45 Hz to 405 Hz, plus a 20 V to 90 V control circuit model  Detector tip type: Flat or round, depending on model  Light source: high intensity red LED  Safety category: 1000 V, CAT IV  IP degree of protection: IP 40  Working temperature: -10 \u00b0C to 50 \u00b0C  Working humidity ranges: 0% to 95% (0\u00b0C to 30\u00b0C) \/ 0% to 75% (30\u00b0C to 40\u00b0C) \/ 0% to 45% (40\u00b0C to 55\u00b0C)  Working Altitude: 3000m [:]","og_url":"https:\/\/techmasterdemexico.com\/producto\/detector-de-voltaje-fluke-1ac-a1-ii-5pk\/","og_site_name":"Techmaster de Mexico","article_modified_time":"2025-06-26T19:40:05+00:00","og_image":[{"width":950,"height":949,"url":"https:\/\/techmasterdemexico.com\/wp-content\/uploads\/FLUKE-1AC-A1-II.jpg","type":"image\/jpeg"}],"twitter_card":"summary_large_image","twitter_misc":{"Est. reading time":"1 minute"},"schema":{"@context":"https:\/\/schema.org","@graph":[{"@type":"WebPage","@id":"https:\/\/techmasterdemexico.com\/producto\/detector-de-voltaje-fluke-1ac-a1-ii-5pk\/","url":"https:\/\/techmasterdemexico.com\/producto\/detector-de-voltaje-fluke-1ac-a1-ii-5pk\/","name":"Detector de voltaje FLUKE-1AC-A1-II 5PK - Techmaster de Mexico","isPartOf":{"@id":"https:\/\/techmasterdemexico.com\/#website"},"primaryImageOfPage":{"@id":"https:\/\/techmasterdemexico.com\/producto\/detector-de-voltaje-fluke-1ac-a1-ii-5pk\/#primaryimage"},"image":{"@id":"https:\/\/techmasterdemexico.com\/producto\/detector-de-voltaje-fluke-1ac-a1-ii-5pk\/#primaryimage"},"thumbnailUrl":"https:\/\/techmasterdemexico.com\/wp-content\/uploads\/FLUKE-1AC-A1-II.jpg","datePublished":"2023-11-16T08:43:35+00:00","dateModified":"2025-06-26T19:40:05+00:00","breadcrumb":{"@id":"https:\/\/techmasterdemexico.com\/producto\/detector-de-voltaje-fluke-1ac-a1-ii-5pk\/#breadcrumb"},"inLanguage":"en-US","potentialAction":[{"@type":"ReadAction","target":["https:\/\/techmasterdemexico.com\/producto\/detector-de-voltaje-fluke-1ac-a1-ii-5pk\/"]}]},{"@type":"ImageObject","inLanguage":"en-US","@id":"https:\/\/techmasterdemexico.com\/producto\/detector-de-voltaje-fluke-1ac-a1-ii-5pk\/#primaryimage","url":"https:\/\/techmasterdemexico.com\/wp-content\/uploads\/FLUKE-1AC-A1-II.jpg","contentUrl":"https:\/\/techmasterdemexico.com\/wp-content\/uploads\/FLUKE-1AC-A1-II.jpg","width":950,"height":949},{"@type":"BreadcrumbList","@id":"https:\/\/techmasterdemexico.com\/producto\/detector-de-voltaje-fluke-1ac-a1-ii-5pk\/#breadcrumb","itemListElement":[{"@type":"ListItem","position":1,"name":"Portada","item":"https:\/\/techmasterdemexico.com\/"},{"@type":"ListItem","position":2,"name":"Detector de voltaje FLUKE-1AC-A1-II 5PK"}]},{"@type":"WebSite","@id":"https:\/\/techmasterdemexico.com\/#website","url":"https:\/\/techmasterdemexico.com\/","name":"Techmaster de Mexico","description":"","potentialAction":[{"@type":"SearchAction","target":{"@type":"EntryPoint","urlTemplate":"https:\/\/techmasterdemexico.com\/?s={search_term_string}"},"query-input":{"@type":"PropertyValueSpecification","valueRequired":true,"valueName":"search_term_string"}}],"inLanguage":"en-US"}]}},"brands":[{"id":31,"name":"Fluke","slug":"fluke"}],"_links":{"self":[{"href":"https:\/\/techmasterdemexico.com\/en\/wp-json\/wp\/v2\/product\/20856","targetHints":{"allow":["GET"]}}],"collection":[{"href":"https:\/\/techmasterdemexico.com\/en\/wp-json\/wp\/v2\/product"}],"about":[{"href":"https:\/\/techmasterdemexico.com\/en\/wp-json\/wp\/v2\/types\/product"}],"wp:featuredmedia":[{"embeddable":true,"href":"https:\/\/techmasterdemexico.com\/en\/wp-json\/wp\/v2\/media\/20011"}],"wp:attachment":[{"href":"https:\/\/techmasterdemexico.com\/en\/wp-json\/wp\/v2\/media?parent=20856"}],"wp:term":[{"taxonomy":"pwb-brand","embeddable":true,"href":"https:\/\/techmasterdemexico.com\/en\/wp-json\/wp\/v2\/pwb-brand?post=20856"},{"taxonomy":"product_brand","embeddable":true,"href":"https:\/\/techmasterdemexico.com\/en\/wp-json\/wp\/v2\/product_brand?post=20856"},{"taxonomy":"product_cat","embeddable":true,"href":"https:\/\/techmasterdemexico.com\/en\/wp-json\/wp\/v2\/product_cat?post=20856"},{"taxonomy":"product_tag","embeddable":true,"href":"https:\/\/techmasterdemexico.com\/en\/wp-json\/wp\/v2\/product_tag?post=20856"}],"curies":[{"name":"wp","href":"https:\/\/api.w.org\/{rel}","templated":true}]}}