{"id":20614,"date":"2023-09-04T16:51:43","date_gmt":"2023-09-04T23:51:43","guid":{"rendered":"https:\/\/techmasterdemexico.com\/?post_type=product&#038;p=20614"},"modified":"2023-09-04T16:52:35","modified_gmt":"2023-09-04T23:52:35","slug":"14-4-v-1-4-drive-microlithium-cordless-ratchet","status":"publish","type":"product","link":"https:\/\/techmasterdemexico.com\/en\/producto\/14-4-v-1-4-drive-microlithium-cordless-ratchet\/","title":{"rendered":"14.4 V 1\/4\u2033 Drive MicroLithium Cordless Ratchet"},"content":{"rendered":"<ul>\n<li>Potente salida de par de 35 ft-lb, perfecta para aplicaciones con elementos de fijaci\u00f3n de 12 mm o m\u00e1s peque\u00f1os<\/li>\n<li>Velocidad libre de 350 RPM para una r\u00e1pida extracci\u00f3n e instalaci\u00f3n de elementos de fijaci\u00f3n<\/li>\n<li>Plataforma de carraca de 1\/4&#8243; con dise\u00f1o compacto para mayor accesibilidad<\/li>\n<li>Gatillo de velocidad variable para un control preciso<\/li>\n<li>LED incorporado que ilumina el \u00e1rea de trabajo<\/li>\n<li>Carga de par manual de 46 ft-lb (62 N?-m) que permite al usuario liberar manualmente los elementos de fijaci\u00f3n<\/li>\n<li>Bater\u00edas y cargador no incluidos<\/li>\n<\/ul>\n","protected":false},"excerpt":{"rendered":"<ul>\n<li>Velocidad libre, RPM 350<\/li>\n<li>Tiempo de carga, minutos 70<\/li>\n<li>Tipo de bater\u00eda Litio 2,5 Ah<\/li>\n<li>Pa\u00eds de origen USA<\/li>\n<li>Garant\u00eda 1 a\u00f1o<\/li>\n<li>Altura con bater\u00eda, mm (pulgadas) 282 (11,1)<\/li>\n<li>Bater\u00eda (cant.) CTB8174 (no incluida)<\/li>\n<li>Peso con bater\u00eda, kg (lb) 0,91 (2)<\/li>\n<li>Tensi\u00f3n de la bater\u00eda 14,4<\/li>\n<li>Cuadradillo de arrastre, pulgadas (mm) 1\/4 (6)<\/li>\n<li>Cargador de bater\u00eda CTC772A (no incluido)<\/li>\n<\/ul>\n","protected":false},"featured_media":20615,"template":"","meta":{"_acf_changed":false},"pwb-brand":[98],"product_brand":[],"product_cat":[111,285,48],"product_tag":[],"class_list":{"0":"post-20614","1":"product","2":"type-product","3":"status-publish","4":"has-post-thumbnail","6":"pwb-brand-snap-on","7":"product_cat-herramientas-electricas","8":"product_cat-herramientas-electricas-e-inalambricas","9":"product_cat-snap-on","11":"first","12":"instock","13":"taxable","14":"shipping-taxable","15":"product-type-simple"},"acf":[],"yoast_head":"<!-- This site is optimized with the Yoast SEO plugin v27.5 - https:\/\/yoast.com\/product\/yoast-seo-wordpress\/ -->\n<title>14.4 V 1\/4\u2033 Drive MicroLithium Cordless Ratchet - Techmaster de Mexico<\/title>\n<meta name=\"robots\" content=\"index, follow, max-snippet:-1, max-image-preview:large, max-video-preview:-1\" \/>\n<link rel=\"canonical\" href=\"https:\/\/techmasterdemexico.com\/producto\/14-4-v-1-4-drive-microlithium-cordless-ratchet\/\" \/>\n<meta property=\"og:locale\" content=\"en_US\" \/>\n<meta property=\"og:type\" content=\"article\" \/>\n<meta property=\"og:title\" content=\"14.4 V 1\/4\u2033 Drive MicroLithium Cordless Ratchet - Techmaster de Mexico\" \/>\n<meta property=\"og:description\" content=\"Velocidad libre, RPM 350  Tiempo de carga, minutos 70  Tipo de bater\u00eda Litio 2,5 Ah  Pa\u00eds de origen USA  Garant\u00eda 1 a\u00f1o  Altura con bater\u00eda, mm (pulgadas) 282 (11,1)  Bater\u00eda (cant.) CTB8174 (no incluida)  Peso con bater\u00eda, kg (lb) 0,91 (2)  Tensi\u00f3n de la bater\u00eda 14,4  Cuadradillo de arrastre, pulgadas (mm) 1\/4 (6)  Cargador de bater\u00eda CTC772A (no incluido)\" \/>\n<meta property=\"og:url\" content=\"https:\/\/techmasterdemexico.com\/producto\/14-4-v-1-4-drive-microlithium-cordless-ratchet\/\" \/>\n<meta property=\"og:site_name\" content=\"Techmaster de Mexico\" \/>\n<meta property=\"article:modified_time\" content=\"2023-09-04T23:52:35+00:00\" \/>\n<meta property=\"og:image\" content=\"https:\/\/techmasterdemexico.com\/wp-content\/uploads\/CTR714AGDB.jpg\" \/>\n\t<meta property=\"og:image:width\" content=\"1000\" \/>\n\t<meta property=\"og:image:height\" content=\"1000\" \/>\n\t<meta property=\"og:image:type\" content=\"image\/jpeg\" \/>\n<meta name=\"twitter:card\" content=\"summary_large_image\" \/>\n<script type=\"application\/ld+json\" class=\"yoast-schema-graph\">{\"@context\":\"https:\\\/\\\/schema.org\",\"@graph\":[{\"@type\":\"WebPage\",\"@id\":\"https:\\\/\\\/techmasterdemexico.com\\\/producto\\\/14-4-v-1-4-drive-microlithium-cordless-ratchet\\\/\",\"url\":\"https:\\\/\\\/techmasterdemexico.com\\\/producto\\\/14-4-v-1-4-drive-microlithium-cordless-ratchet\\\/\",\"name\":\"14.4 V 1\\\/4\u2033 Drive MicroLithium Cordless Ratchet - Techmaster de Mexico\",\"isPartOf\":{\"@id\":\"https:\\\/\\\/techmasterdemexico.com\\\/#website\"},\"primaryImageOfPage\":{\"@id\":\"https:\\\/\\\/techmasterdemexico.com\\\/producto\\\/14-4-v-1-4-drive-microlithium-cordless-ratchet\\\/#primaryimage\"},\"image\":{\"@id\":\"https:\\\/\\\/techmasterdemexico.com\\\/producto\\\/14-4-v-1-4-drive-microlithium-cordless-ratchet\\\/#primaryimage\"},\"thumbnailUrl\":\"https:\\\/\\\/techmasterdemexico.com\\\/wp-content\\\/uploads\\\/CTR714AGDB.jpg\",\"datePublished\":\"2023-09-04T23:51:43+00:00\",\"dateModified\":\"2023-09-04T23:52:35+00:00\",\"breadcrumb\":{\"@id\":\"https:\\\/\\\/techmasterdemexico.com\\\/producto\\\/14-4-v-1-4-drive-microlithium-cordless-ratchet\\\/#breadcrumb\"},\"inLanguage\":\"en-US\",\"potentialAction\":[{\"@type\":\"ReadAction\",\"target\":[\"https:\\\/\\\/techmasterdemexico.com\\\/producto\\\/14-4-v-1-4-drive-microlithium-cordless-ratchet\\\/\"]}]},{\"@type\":\"ImageObject\",\"inLanguage\":\"en-US\",\"@id\":\"https:\\\/\\\/techmasterdemexico.com\\\/producto\\\/14-4-v-1-4-drive-microlithium-cordless-ratchet\\\/#primaryimage\",\"url\":\"https:\\\/\\\/techmasterdemexico.com\\\/wp-content\\\/uploads\\\/CTR714AGDB.jpg\",\"contentUrl\":\"https:\\\/\\\/techmasterdemexico.com\\\/wp-content\\\/uploads\\\/CTR714AGDB.jpg\",\"width\":1000,\"height\":1000},{\"@type\":\"BreadcrumbList\",\"@id\":\"https:\\\/\\\/techmasterdemexico.com\\\/producto\\\/14-4-v-1-4-drive-microlithium-cordless-ratchet\\\/#breadcrumb\",\"itemListElement\":[{\"@type\":\"ListItem\",\"position\":1,\"name\":\"Portada\",\"item\":\"https:\\\/\\\/techmasterdemexico.com\\\/\"},{\"@type\":\"ListItem\",\"position\":2,\"name\":\"14.4 V 1\\\/4\u2033 Drive MicroLithium Cordless Ratchet\"}]},{\"@type\":\"WebSite\",\"@id\":\"https:\\\/\\\/techmasterdemexico.com\\\/#website\",\"url\":\"https:\\\/\\\/techmasterdemexico.com\\\/\",\"name\":\"Techmaster de Mexico\",\"description\":\"\",\"potentialAction\":[{\"@type\":\"SearchAction\",\"target\":{\"@type\":\"EntryPoint\",\"urlTemplate\":\"https:\\\/\\\/techmasterdemexico.com\\\/?s={search_term_string}\"},\"query-input\":{\"@type\":\"PropertyValueSpecification\",\"valueRequired\":true,\"valueName\":\"search_term_string\"}}],\"inLanguage\":\"en-US\"}]}<\/script>\n<!-- \/ Yoast SEO plugin. -->","yoast_head_json":{"title":"14.4 V 1\/4\u2033 Drive MicroLithium Cordless Ratchet - Techmaster de Mexico","robots":{"index":"index","follow":"follow","max-snippet":"max-snippet:-1","max-image-preview":"max-image-preview:large","max-video-preview":"max-video-preview:-1"},"canonical":"https:\/\/techmasterdemexico.com\/producto\/14-4-v-1-4-drive-microlithium-cordless-ratchet\/","og_locale":"en_US","og_type":"article","og_title":"14.4 V 1\/4\u2033 Drive MicroLithium Cordless Ratchet - Techmaster de Mexico","og_description":"Velocidad libre, RPM 350  Tiempo de carga, minutos 70  Tipo de bater\u00eda Litio 2,5 Ah  Pa\u00eds de origen USA  Garant\u00eda 1 a\u00f1o  Altura con bater\u00eda, mm (pulgadas) 282 (11,1)  Bater\u00eda (cant.) CTB8174 (no incluida)  Peso con bater\u00eda, kg (lb) 0,91 (2)  Tensi\u00f3n de la bater\u00eda 14,4  Cuadradillo de arrastre, pulgadas (mm) 1\/4 (6)  Cargador de bater\u00eda CTC772A (no incluido)","og_url":"https:\/\/techmasterdemexico.com\/producto\/14-4-v-1-4-drive-microlithium-cordless-ratchet\/","og_site_name":"Techmaster de Mexico","article_modified_time":"2023-09-04T23:52:35+00:00","og_image":[{"width":1000,"height":1000,"url":"https:\/\/techmasterdemexico.com\/wp-content\/uploads\/CTR714AGDB.jpg","type":"image\/jpeg"}],"twitter_card":"summary_large_image","schema":{"@context":"https:\/\/schema.org","@graph":[{"@type":"WebPage","@id":"https:\/\/techmasterdemexico.com\/producto\/14-4-v-1-4-drive-microlithium-cordless-ratchet\/","url":"https:\/\/techmasterdemexico.com\/producto\/14-4-v-1-4-drive-microlithium-cordless-ratchet\/","name":"14.4 V 1\/4\u2033 Drive MicroLithium Cordless Ratchet - Techmaster de Mexico","isPartOf":{"@id":"https:\/\/techmasterdemexico.com\/#website"},"primaryImageOfPage":{"@id":"https:\/\/techmasterdemexico.com\/producto\/14-4-v-1-4-drive-microlithium-cordless-ratchet\/#primaryimage"},"image":{"@id":"https:\/\/techmasterdemexico.com\/producto\/14-4-v-1-4-drive-microlithium-cordless-ratchet\/#primaryimage"},"thumbnailUrl":"https:\/\/techmasterdemexico.com\/wp-content\/uploads\/CTR714AGDB.jpg","datePublished":"2023-09-04T23:51:43+00:00","dateModified":"2023-09-04T23:52:35+00:00","breadcrumb":{"@id":"https:\/\/techmasterdemexico.com\/producto\/14-4-v-1-4-drive-microlithium-cordless-ratchet\/#breadcrumb"},"inLanguage":"en-US","potentialAction":[{"@type":"ReadAction","target":["https:\/\/techmasterdemexico.com\/producto\/14-4-v-1-4-drive-microlithium-cordless-ratchet\/"]}]},{"@type":"ImageObject","inLanguage":"en-US","@id":"https:\/\/techmasterdemexico.com\/producto\/14-4-v-1-4-drive-microlithium-cordless-ratchet\/#primaryimage","url":"https:\/\/techmasterdemexico.com\/wp-content\/uploads\/CTR714AGDB.jpg","contentUrl":"https:\/\/techmasterdemexico.com\/wp-content\/uploads\/CTR714AGDB.jpg","width":1000,"height":1000},{"@type":"BreadcrumbList","@id":"https:\/\/techmasterdemexico.com\/producto\/14-4-v-1-4-drive-microlithium-cordless-ratchet\/#breadcrumb","itemListElement":[{"@type":"ListItem","position":1,"name":"Portada","item":"https:\/\/techmasterdemexico.com\/"},{"@type":"ListItem","position":2,"name":"14.4 V 1\/4\u2033 Drive MicroLithium Cordless Ratchet"}]},{"@type":"WebSite","@id":"https:\/\/techmasterdemexico.com\/#website","url":"https:\/\/techmasterdemexico.com\/","name":"Techmaster de Mexico","description":"","potentialAction":[{"@type":"SearchAction","target":{"@type":"EntryPoint","urlTemplate":"https:\/\/techmasterdemexico.com\/?s={search_term_string}"},"query-input":{"@type":"PropertyValueSpecification","valueRequired":true,"valueName":"search_term_string"}}],"inLanguage":"en-US"}]}},"brands":[{"id":98,"name":"Snap On","slug":"snap-on"}],"_links":{"self":[{"href":"https:\/\/techmasterdemexico.com\/en\/wp-json\/wp\/v2\/product\/20614","targetHints":{"allow":["GET"]}}],"collection":[{"href":"https:\/\/techmasterdemexico.com\/en\/wp-json\/wp\/v2\/product"}],"about":[{"href":"https:\/\/techmasterdemexico.com\/en\/wp-json\/wp\/v2\/types\/product"}],"wp:featuredmedia":[{"embeddable":true,"href":"https:\/\/techmasterdemexico.com\/en\/wp-json\/wp\/v2\/media\/20615"}],"wp:attachment":[{"href":"https:\/\/techmasterdemexico.com\/en\/wp-json\/wp\/v2\/media?parent=20614"}],"wp:term":[{"taxonomy":"pwb-brand","embeddable":true,"href":"https:\/\/techmasterdemexico.com\/en\/wp-json\/wp\/v2\/pwb-brand?post=20614"},{"taxonomy":"product_brand","embeddable":true,"href":"https:\/\/techmasterdemexico.com\/en\/wp-json\/wp\/v2\/product_brand?post=20614"},{"taxonomy":"product_cat","embeddable":true,"href":"https:\/\/techmasterdemexico.com\/en\/wp-json\/wp\/v2\/product_cat?post=20614"},{"taxonomy":"product_tag","embeddable":true,"href":"https:\/\/techmasterdemexico.com\/en\/wp-json\/wp\/v2\/product_tag?post=20614"}],"curies":[{"name":"wp","href":"https:\/\/api.w.org\/{rel}","templated":true}]}}