{"id":19959,"date":"2022-12-20T11:14:54","date_gmt":"2022-12-20T18:14:54","guid":{"rendered":"https:\/\/techmasterdemexico.com\/producto\/medidor-de-temperatura-de-humedad-combinado-comark-dth880\/"},"modified":"2025-06-26T12:40:32","modified_gmt":"2025-06-26T19:40:32","slug":"medidor-de-temperatura-de-humedad-combinado-comark-dth880","status":"publish","type":"product","link":"https:\/\/techmasterdemexico.com\/en\/producto\/medidor-de-temperatura-de-humedad-combinado-comark-dth880\/","title":{"rendered":"Medidor de temperatura de humedad combinado Comark DTH880\u00a0"},"content":{"rendered":"<p>The DTH880 Combination Humidity and Temperature Meter is designed for everyday use in the home or small business. With a built-in easel, it stands on flat surfaces and can also be mounted on walls. This humidity meter and thermometer device displays both measurements simultaneously. Additionally, a comfort indicator appears when the temperature is between 62.2\u00b0 and 70.6\u00b0 F, and the RH falls between 45% and 65%<\/p>","protected":false},"excerpt":{"rendered":"<ul>\n<li>Temperature Range: 32\u00b0F to 122\u00b0F<\/li>\n<li>Humidity: 25% to 95% RH<\/li>\n<li>Uses AAA battery<\/li>\n<li>Temperature measurement range: 0\u00b0 to +50\u00b0C \/ +32\u00b0 to +122\u00b0F<\/li>\n<li>Humidity measurement range: 25 to 95% RH<\/li>\n<li>Temperature accuracy (0\u00b0 to 40\u00b0C): \u00b11\u00b0C \/ \u00b12\u00b0F<\/li>\n<li>Temperature Accuracy (32\u00b0 to 104\u00b0F): \u00b12\u00b0F<\/li>\n<li>Temperature accuracy (full range): \u00b12\u00b0C \/ \u00b14\u00b0F<\/li>\n<li>Humidity Accuracy (40% to 80%): \u00b15% relative humidity<\/li>\n<li>Humidity Accuracy (below 40% or above 80%): \u00b17% relative humidity<\/li>\n<li>Resolution: Temperature: 1\u00baF\/C, Humidity: 1%RH<\/li>\n<li>Battery Type 1xAAA (1.5V)<\/li>\n<li>Battery Life Expectations 1 year or more<\/li>\n<li>\u00b0C and \u00b0F scales<\/li>\n<li>Compliance EN50 081-1:1992, EN 50082-1:1992 CEI 801-2: 1984, CEI 801-3:1984, CEI 801-4:1998<\/li>\n<\/ul>\n","protected":false},"featured_media":19969,"template":"","meta":{"_acf_changed":false},"pwb-brand":[527],"product_brand":[],"product_cat":[366,528,536,535],"product_tag":[],"class_list":{"0":"post-19959","1":"product","2":"type-product","3":"status-publish","4":"has-post-thumbnail","6":"pwb-brand-comark","7":"product_cat-todos-los-productos","8":"product_cat-comark","9":"product_cat-medidor-de-humedad-y-de-temperatura","10":"product_cat-medidores-de-humedad","12":"first","13":"instock","14":"taxable","15":"shipping-taxable","16":"purchasable","17":"product-type-simple"},"acf":[],"yoast_head":"<!-- This site is optimized with the Yoast SEO plugin v27.4 - https:\/\/yoast.com\/product\/yoast-seo-wordpress\/ -->\n<title>Medidor de temperatura de humedad combinado Comark DTH880\u00a0 - Techmaster de Mexico<\/title>\n<meta name=\"robots\" content=\"index, follow, max-snippet:-1, max-image-preview:large, max-video-preview:-1\" \/>\n<link rel=\"canonical\" href=\"https:\/\/techmasterdemexico.com\/producto\/medidor-de-temperatura-de-humedad-combinado-comark-dth880\/\" \/>\n<meta property=\"og:locale\" content=\"en_US\" \/>\n<meta property=\"og:type\" content=\"article\" \/>\n<meta property=\"og:title\" content=\"Medidor de temperatura de humedad combinado Comark DTH880\u00a0 - Techmaster de Mexico\" \/>\n<meta property=\"og:description\" content=\"[:es]  Rango de temperatura: 32 \u00b0F a 122 \u00b0F  Humedad: 25% a 95% HR  Utiliza bater\u00eda AAA  Rango de medici\u00f3n de temperatura: 0\u00b0 a +50\u00b0C \/ +32\u00b0 a +122\u00b0F  Rango de medici\u00f3n de humedad: 25 a 95% HR  Precisi\u00f3n de temperatura (0\u00b0 a 40\u00b0C): \u00b11\u00b0C \/ \u00b12\u00b0F  Precisi\u00f3n de temperatura (32\u00b0 a 104\u00b0F): \u00b12\u00b0F  Precisi\u00f3n de temperatura (rango completo): \u00b12\u00b0C \/ \u00b14\u00b0F  Precisi\u00f3n de humedad (40% a 80%): \u00b15 % de humedad relativa  Precisi\u00f3n de humedad (por debajo del 40 % o por encima del 80 %): \u00b17 % de humedad relativa  Resoluci\u00f3n: Temperatura: 1\u00baF\/C, Humedad: 1%RH  Tipo de Bater\u00eda 1xAAA (1,5 V)  Expectativas de duraci\u00f3n de la bater\u00eda 1 a\u00f1o o m\u00e1s  Escalas \u00b0C y \u00b0F  Cumplimiento EN50 081-1:1992, EN 50082-1:1992 CEI 801-2: 1984, CEI 801-3:1984, CEI 801-4:1998 [:en]  Temperature Range: 32\u00b0F to 122\u00b0F  Humidity: 25% to 95% RH  Uses AAA battery  Temperature measurement range: 0\u00b0 to +50\u00b0C \/ +32\u00b0 to +122\u00b0F  Humidity measurement range: 25 to 95% RH  Temperature accuracy (0\u00b0 to 40\u00b0C): \u00b11\u00b0C \/ \u00b12\u00b0F  Temperature Accuracy (32\u00b0 to 104\u00b0F): \u00b12\u00b0F  Temperature accuracy (full range): \u00b12\u00b0C \/ \u00b14\u00b0F  Humidity Accuracy (40% to 80%): \u00b15% relative humidity  Humidity Accuracy (below 40% or above 80%): \u00b17% relative humidity  Resolution: Temperature: 1\u00baF\/C, Humidity: 1%RH  Battery Type 1xAAA (1.5V)  Battery Life Expectations 1 year or more  \u00b0C and \u00b0F scales  Compliance EN50 081-1:1992, EN 50082-1:1992 CEI 801-2: 1984, CEI 801-3:1984, CEI 801-4:1998 [:]\" \/>\n<meta property=\"og:url\" content=\"https:\/\/techmasterdemexico.com\/producto\/medidor-de-temperatura-de-humedad-combinado-comark-dth880\/\" \/>\n<meta property=\"og:site_name\" content=\"Techmaster de Mexico\" \/>\n<meta property=\"article:modified_time\" content=\"2025-06-26T19:40:32+00:00\" \/>\n<meta property=\"og:image\" content=\"https:\/\/techmasterdemexico.com\/wp-content\/uploads\/Dth880.png\" \/>\n\t<meta property=\"og:image:width\" content=\"500\" \/>\n\t<meta property=\"og:image:height\" content=\"500\" \/>\n\t<meta property=\"og:image:type\" content=\"image\/png\" \/>\n<meta name=\"twitter:card\" content=\"summary_large_image\" \/>\n<meta name=\"twitter:label1\" content=\"Est. reading time\" \/>\n\t<meta name=\"twitter:data1\" content=\"1 minute\" \/>\n<script type=\"application\/ld+json\" class=\"yoast-schema-graph\">{\"@context\":\"https:\\\/\\\/schema.org\",\"@graph\":[{\"@type\":\"WebPage\",\"@id\":\"https:\\\/\\\/techmasterdemexico.com\\\/producto\\\/medidor-de-temperatura-de-humedad-combinado-comark-dth880\\\/\",\"url\":\"https:\\\/\\\/techmasterdemexico.com\\\/producto\\\/medidor-de-temperatura-de-humedad-combinado-comark-dth880\\\/\",\"name\":\"Medidor de temperatura de humedad combinado Comark DTH880\u00a0 - Techmaster de Mexico\",\"isPartOf\":{\"@id\":\"https:\\\/\\\/techmasterdemexico.com\\\/#website\"},\"primaryImageOfPage\":{\"@id\":\"https:\\\/\\\/techmasterdemexico.com\\\/producto\\\/medidor-de-temperatura-de-humedad-combinado-comark-dth880\\\/#primaryimage\"},\"image\":{\"@id\":\"https:\\\/\\\/techmasterdemexico.com\\\/producto\\\/medidor-de-temperatura-de-humedad-combinado-comark-dth880\\\/#primaryimage\"},\"thumbnailUrl\":\"https:\\\/\\\/techmasterdemexico.com\\\/wp-content\\\/uploads\\\/Dth880.png\",\"datePublished\":\"2022-12-20T18:14:54+00:00\",\"dateModified\":\"2025-06-26T19:40:32+00:00\",\"breadcrumb\":{\"@id\":\"https:\\\/\\\/techmasterdemexico.com\\\/producto\\\/medidor-de-temperatura-de-humedad-combinado-comark-dth880\\\/#breadcrumb\"},\"inLanguage\":\"en-US\",\"potentialAction\":[{\"@type\":\"ReadAction\",\"target\":[\"https:\\\/\\\/techmasterdemexico.com\\\/producto\\\/medidor-de-temperatura-de-humedad-combinado-comark-dth880\\\/\"]}]},{\"@type\":\"ImageObject\",\"inLanguage\":\"en-US\",\"@id\":\"https:\\\/\\\/techmasterdemexico.com\\\/producto\\\/medidor-de-temperatura-de-humedad-combinado-comark-dth880\\\/#primaryimage\",\"url\":\"https:\\\/\\\/techmasterdemexico.com\\\/wp-content\\\/uploads\\\/Dth880.png\",\"contentUrl\":\"https:\\\/\\\/techmasterdemexico.com\\\/wp-content\\\/uploads\\\/Dth880.png\",\"width\":500,\"height\":500},{\"@type\":\"BreadcrumbList\",\"@id\":\"https:\\\/\\\/techmasterdemexico.com\\\/producto\\\/medidor-de-temperatura-de-humedad-combinado-comark-dth880\\\/#breadcrumb\",\"itemListElement\":[{\"@type\":\"ListItem\",\"position\":1,\"name\":\"Portada\",\"item\":\"https:\\\/\\\/techmasterdemexico.com\\\/\"},{\"@type\":\"ListItem\",\"position\":2,\"name\":\"Medidor de temperatura de humedad combinado Comark DTH880\u00a0\"}]},{\"@type\":\"WebSite\",\"@id\":\"https:\\\/\\\/techmasterdemexico.com\\\/#website\",\"url\":\"https:\\\/\\\/techmasterdemexico.com\\\/\",\"name\":\"Techmaster de Mexico\",\"description\":\"\",\"potentialAction\":[{\"@type\":\"SearchAction\",\"target\":{\"@type\":\"EntryPoint\",\"urlTemplate\":\"https:\\\/\\\/techmasterdemexico.com\\\/?s={search_term_string}\"},\"query-input\":{\"@type\":\"PropertyValueSpecification\",\"valueRequired\":true,\"valueName\":\"search_term_string\"}}],\"inLanguage\":\"en-US\"}]}<\/script>\n<!-- \/ Yoast SEO plugin. -->","yoast_head_json":{"title":"Medidor de temperatura de humedad combinado Comark DTH880\u00a0 - Techmaster de Mexico","robots":{"index":"index","follow":"follow","max-snippet":"max-snippet:-1","max-image-preview":"max-image-preview:large","max-video-preview":"max-video-preview:-1"},"canonical":"https:\/\/techmasterdemexico.com\/producto\/medidor-de-temperatura-de-humedad-combinado-comark-dth880\/","og_locale":"en_US","og_type":"article","og_title":"Medidor de temperatura de humedad combinado Comark DTH880\u00a0 - Techmaster de Mexico","og_description":"[:es]  Rango de temperatura: 32 \u00b0F a 122 \u00b0F  Humedad: 25% a 95% HR  Utiliza bater\u00eda AAA  Rango de medici\u00f3n de temperatura: 0\u00b0 a +50\u00b0C \/ +32\u00b0 a +122\u00b0F  Rango de medici\u00f3n de humedad: 25 a 95% HR  Precisi\u00f3n de temperatura (0\u00b0 a 40\u00b0C): \u00b11\u00b0C \/ \u00b12\u00b0F  Precisi\u00f3n de temperatura (32\u00b0 a 104\u00b0F): \u00b12\u00b0F  Precisi\u00f3n de temperatura (rango completo): \u00b12\u00b0C \/ \u00b14\u00b0F  Precisi\u00f3n de humedad (40% a 80%): \u00b15 % de humedad relativa  Precisi\u00f3n de humedad (por debajo del 40 % o por encima del 80 %): \u00b17 % de humedad relativa  Resoluci\u00f3n: Temperatura: 1\u00baF\/C, Humedad: 1%RH  Tipo de Bater\u00eda 1xAAA (1,5 V)  Expectativas de duraci\u00f3n de la bater\u00eda 1 a\u00f1o o m\u00e1s  Escalas \u00b0C y \u00b0F  Cumplimiento EN50 081-1:1992, EN 50082-1:1992 CEI 801-2: 1984, CEI 801-3:1984, CEI 801-4:1998 [:en]  Temperature Range: 32\u00b0F to 122\u00b0F  Humidity: 25% to 95% RH  Uses AAA battery  Temperature measurement range: 0\u00b0 to +50\u00b0C \/ +32\u00b0 to +122\u00b0F  Humidity measurement range: 25 to 95% RH  Temperature accuracy (0\u00b0 to 40\u00b0C): \u00b11\u00b0C \/ \u00b12\u00b0F  Temperature Accuracy (32\u00b0 to 104\u00b0F): \u00b12\u00b0F  Temperature accuracy (full range): \u00b12\u00b0C \/ \u00b14\u00b0F  Humidity Accuracy (40% to 80%): \u00b15% relative humidity  Humidity Accuracy (below 40% or above 80%): \u00b17% relative humidity  Resolution: Temperature: 1\u00baF\/C, Humidity: 1%RH  Battery Type 1xAAA (1.5V)  Battery Life Expectations 1 year or more  \u00b0C and \u00b0F scales  Compliance EN50 081-1:1992, EN 50082-1:1992 CEI 801-2: 1984, CEI 801-3:1984, CEI 801-4:1998 [:]","og_url":"https:\/\/techmasterdemexico.com\/producto\/medidor-de-temperatura-de-humedad-combinado-comark-dth880\/","og_site_name":"Techmaster de Mexico","article_modified_time":"2025-06-26T19:40:32+00:00","og_image":[{"width":500,"height":500,"url":"https:\/\/techmasterdemexico.com\/wp-content\/uploads\/Dth880.png","type":"image\/png"}],"twitter_card":"summary_large_image","twitter_misc":{"Est. reading time":"1 minute"},"schema":{"@context":"https:\/\/schema.org","@graph":[{"@type":"WebPage","@id":"https:\/\/techmasterdemexico.com\/producto\/medidor-de-temperatura-de-humedad-combinado-comark-dth880\/","url":"https:\/\/techmasterdemexico.com\/producto\/medidor-de-temperatura-de-humedad-combinado-comark-dth880\/","name":"Medidor de temperatura de humedad combinado Comark DTH880\u00a0 - Techmaster de Mexico","isPartOf":{"@id":"https:\/\/techmasterdemexico.com\/#website"},"primaryImageOfPage":{"@id":"https:\/\/techmasterdemexico.com\/producto\/medidor-de-temperatura-de-humedad-combinado-comark-dth880\/#primaryimage"},"image":{"@id":"https:\/\/techmasterdemexico.com\/producto\/medidor-de-temperatura-de-humedad-combinado-comark-dth880\/#primaryimage"},"thumbnailUrl":"https:\/\/techmasterdemexico.com\/wp-content\/uploads\/Dth880.png","datePublished":"2022-12-20T18:14:54+00:00","dateModified":"2025-06-26T19:40:32+00:00","breadcrumb":{"@id":"https:\/\/techmasterdemexico.com\/producto\/medidor-de-temperatura-de-humedad-combinado-comark-dth880\/#breadcrumb"},"inLanguage":"en-US","potentialAction":[{"@type":"ReadAction","target":["https:\/\/techmasterdemexico.com\/producto\/medidor-de-temperatura-de-humedad-combinado-comark-dth880\/"]}]},{"@type":"ImageObject","inLanguage":"en-US","@id":"https:\/\/techmasterdemexico.com\/producto\/medidor-de-temperatura-de-humedad-combinado-comark-dth880\/#primaryimage","url":"https:\/\/techmasterdemexico.com\/wp-content\/uploads\/Dth880.png","contentUrl":"https:\/\/techmasterdemexico.com\/wp-content\/uploads\/Dth880.png","width":500,"height":500},{"@type":"BreadcrumbList","@id":"https:\/\/techmasterdemexico.com\/producto\/medidor-de-temperatura-de-humedad-combinado-comark-dth880\/#breadcrumb","itemListElement":[{"@type":"ListItem","position":1,"name":"Portada","item":"https:\/\/techmasterdemexico.com\/"},{"@type":"ListItem","position":2,"name":"Medidor de temperatura de humedad combinado Comark DTH880\u00a0"}]},{"@type":"WebSite","@id":"https:\/\/techmasterdemexico.com\/#website","url":"https:\/\/techmasterdemexico.com\/","name":"Techmaster de Mexico","description":"","potentialAction":[{"@type":"SearchAction","target":{"@type":"EntryPoint","urlTemplate":"https:\/\/techmasterdemexico.com\/?s={search_term_string}"},"query-input":{"@type":"PropertyValueSpecification","valueRequired":true,"valueName":"search_term_string"}}],"inLanguage":"en-US"}]}},"brands":[{"id":527,"name":"Comark","slug":"comark"}],"_links":{"self":[{"href":"https:\/\/techmasterdemexico.com\/en\/wp-json\/wp\/v2\/product\/19959","targetHints":{"allow":["GET"]}}],"collection":[{"href":"https:\/\/techmasterdemexico.com\/en\/wp-json\/wp\/v2\/product"}],"about":[{"href":"https:\/\/techmasterdemexico.com\/en\/wp-json\/wp\/v2\/types\/product"}],"wp:featuredmedia":[{"embeddable":true,"href":"https:\/\/techmasterdemexico.com\/en\/wp-json\/wp\/v2\/media\/19969"}],"wp:attachment":[{"href":"https:\/\/techmasterdemexico.com\/en\/wp-json\/wp\/v2\/media?parent=19959"}],"wp:term":[{"taxonomy":"pwb-brand","embeddable":true,"href":"https:\/\/techmasterdemexico.com\/en\/wp-json\/wp\/v2\/pwb-brand?post=19959"},{"taxonomy":"product_brand","embeddable":true,"href":"https:\/\/techmasterdemexico.com\/en\/wp-json\/wp\/v2\/product_brand?post=19959"},{"taxonomy":"product_cat","embeddable":true,"href":"https:\/\/techmasterdemexico.com\/en\/wp-json\/wp\/v2\/product_cat?post=19959"},{"taxonomy":"product_tag","embeddable":true,"href":"https:\/\/techmasterdemexico.com\/en\/wp-json\/wp\/v2\/product_tag?post=19959"}],"curies":[{"name":"wp","href":"https:\/\/api.w.org\/{rel}","templated":true}]}}