{"id":19958,"date":"2022-12-20T11:14:53","date_gmt":"2022-12-20T18:14:53","guid":{"rendered":"https:\/\/techmasterdemexico.com\/producto\/medidor-de-de-dioxido-de-carbono-para-montaje-en-paredes-co2-200\/"},"modified":"2026-03-26T16:42:28","modified_gmt":"2026-03-26T23:42:28","slug":"medidor-de-de-dioxido-de-carbono-para-montaje-en-paredes-co2-200","status":"publish","type":"product","link":"https:\/\/techmasterdemexico.com\/en\/producto\/medidor-de-de-dioxido-de-carbono-para-montaje-en-paredes-co2-200\/","title":{"rendered":"Medidor de de di\u00f3xido de carbono para montaje en paredes CO2-200"},"content":{"rendered":"<p>Carbon Dioxide (CO2) meter and monitor with range from 0 to 9,999 ppm (parts per million) with alarm. To place on table or wall. It also measures ambient temperature and humidity.<\/p>","protected":false},"excerpt":{"rendered":"<ul>\n<li>Measuring range: CO2 0~9999ppm<\/li>\n<li>Measurement range: 2001 ~ 9999 ppm (out of scale range)<\/li>\n<li>Resolution: 1 ppm \u2013 CO2 concentration, 0.1 \u00b0C\/\u00b0F \u2013 Temperature, 0.1% RH \u2013 Humidity<\/li>\n<li>Accuracy: \u00b175ppm\u00b15% of reading (0 ~ 2000ppm) Other accuracy ranges are not specified<\/li>\n<li>Temperature: \u00b10.6\u00b0C\/\u00b10.9\u00b0F<\/li>\n<li>Temperature range: -10 \u00b0C to 60 \u00b0C (14 \u00b0F to 140 \u00b0F)<\/li>\n<li>RH range: 0% ~ 95%<\/li>\n<li>Accuracy: \u00b13% RH (at 25\u00b0C, 10-90%) other \u00b15% for other RH range<\/li>\n<li>DP (Dew Point Temperature): -20\u00b0C to 59.9\u00b0C (-4\u00b0F to 139.8\u00b0F)<\/li>\n<li>WB (Wet Bulb Temperature): -5.0 \u00b0C to 59.9 \u00b0C (23 \u00b0F to 139.8 \u00b0F)<\/li>\n<li>Power supply: 12 V DC adapter<\/li>\n<\/ul>\n","protected":false},"featured_media":19974,"template":"","meta":{"_acf_changed":false},"pwb-brand":[104],"product_brand":[],"product_cat":[366,101,537,103],"product_tag":[],"class_list":{"0":"post-19958","1":"product","2":"type-product","3":"status-publish","4":"has-post-thumbnail","6":"pwb-brand-amprobe","7":"product_cat-todos-los-productos","8":"product_cat-amprobe","9":"product_cat-medidor-de-dioxido","10":"product_cat-probadores-ambientales","12":"first","13":"instock","14":"taxable","15":"shipping-taxable","16":"product-type-simple"},"acf":[],"yoast_head":"<!-- This site is optimized with the Yoast SEO plugin v27.4 - https:\/\/yoast.com\/product\/yoast-seo-wordpress\/ -->\n<title>Medidor de de di\u00f3xido de carbono para montaje en paredes CO2-200 - Techmaster de Mexico<\/title>\n<meta name=\"robots\" content=\"index, follow, max-snippet:-1, max-image-preview:large, max-video-preview:-1\" \/>\n<link rel=\"canonical\" href=\"https:\/\/techmasterdemexico.com\/producto\/medidor-de-de-dioxido-de-carbono-para-montaje-en-paredes-co2-200\/\" \/>\n<meta property=\"og:locale\" content=\"en_US\" \/>\n<meta property=\"og:type\" content=\"article\" \/>\n<meta property=\"og:title\" content=\"Medidor de de di\u00f3xido de carbono para montaje en paredes CO2-200 - Techmaster de Mexico\" \/>\n<meta property=\"og:description\" content=\"[:es]  Rango de medici\u00f3n: CO2 0 ~ 9999 ppm  Rango de medici\u00f3n: 2001 ~ 9999 ppm (fuera del rango de escala)  Resoluci\u00f3n: 1 ppm \u2013 Concentraci\u00f3n de CO2, 0,1 \u00b0C\/\u00b0F \u2013 Temperatura, 0,1 % HR \u2013 Humedad  Precisi\u00f3n: \u00b175ppm\u00b15% de lectura (0 ~ 2000 ppm) No se especifican otros rangos de precisi\u00f3n  La temperatura: \u00b10,6 \u00b0C\/\u00b10,9 \u00b0F  Rango de temperatura: -10 \u00b0C a 60 \u00b0C (14 \u00b0F a 140 \u00b0F)  Rango de HR: 0% ~ 95%  Precisi\u00f3n: \u00b13% HR (a 25\u00b0C, 10-90%) otros \u00b15% para otro rango de HR  DP (temperatura del punto de roc\u00edo): -20 \u00b0C a 59,9 \u00b0C (-4 \u00b0F a 139,8 \u00b0F)  WB (temperatura de bulbo h\u00famedo): -5,0 \u00b0C a 59,9 \u00b0C (23 \u00b0F a 139,8 \u00b0F)  Fuente de alimentaci\u00f3n: adaptador de 12 V CC [:en]  Measuring range: CO2 0~9999ppm  Measurement range: 2001 ~ 9999 ppm (out of scale range)  Resolution: 1 ppm \u2013 CO2 concentration, 0.1 \u00b0C\/\u00b0F \u2013 Temperature, 0.1% RH \u2013 Humidity  Accuracy: \u00b175ppm\u00b15% of reading (0 ~ 2000ppm) Other accuracy ranges are not specified  Temperature: \u00b10.6\u00b0C\/\u00b10.9\u00b0F  Temperature range: -10 \u00b0C to 60 \u00b0C (14 \u00b0F to 140 \u00b0F)  RH range: 0% ~ 95%  Accuracy: \u00b13% RH (at 25\u00b0C, 10-90%) other \u00b15% for other RH range  DP (Dew Point Temperature): -20\u00b0C to 59.9\u00b0C (-4\u00b0F to 139.8\u00b0F)  WB (Wet Bulb Temperature): -5.0 \u00b0C to 59.9 \u00b0C (23 \u00b0F to 139.8 \u00b0F)  Power supply: 12 V DC adapter [:]\" \/>\n<meta property=\"og:url\" content=\"https:\/\/techmasterdemexico.com\/producto\/medidor-de-de-dioxido-de-carbono-para-montaje-en-paredes-co2-200\/\" \/>\n<meta property=\"og:site_name\" content=\"Techmaster de Mexico\" \/>\n<meta property=\"article:modified_time\" content=\"2026-03-26T23:42:28+00:00\" \/>\n<meta property=\"og:image\" content=\"https:\/\/techmasterdemexico.com\/wp-content\/uploads\/CO2-200.png\" \/>\n\t<meta property=\"og:image:width\" content=\"500\" \/>\n\t<meta property=\"og:image:height\" content=\"500\" \/>\n\t<meta property=\"og:image:type\" content=\"image\/png\" \/>\n<meta name=\"twitter:card\" content=\"summary_large_image\" \/>\n<meta name=\"twitter:label1\" content=\"Est. reading time\" \/>\n\t<meta name=\"twitter:data1\" content=\"1 minute\" \/>\n<script type=\"application\/ld+json\" class=\"yoast-schema-graph\">{\"@context\":\"https:\\\/\\\/schema.org\",\"@graph\":[{\"@type\":\"WebPage\",\"@id\":\"https:\\\/\\\/techmasterdemexico.com\\\/producto\\\/medidor-de-de-dioxido-de-carbono-para-montaje-en-paredes-co2-200\\\/\",\"url\":\"https:\\\/\\\/techmasterdemexico.com\\\/producto\\\/medidor-de-de-dioxido-de-carbono-para-montaje-en-paredes-co2-200\\\/\",\"name\":\"Medidor de de di\u00f3xido de carbono para montaje en paredes CO2-200 - Techmaster de Mexico\",\"isPartOf\":{\"@id\":\"https:\\\/\\\/techmasterdemexico.com\\\/#website\"},\"primaryImageOfPage\":{\"@id\":\"https:\\\/\\\/techmasterdemexico.com\\\/producto\\\/medidor-de-de-dioxido-de-carbono-para-montaje-en-paredes-co2-200\\\/#primaryimage\"},\"image\":{\"@id\":\"https:\\\/\\\/techmasterdemexico.com\\\/producto\\\/medidor-de-de-dioxido-de-carbono-para-montaje-en-paredes-co2-200\\\/#primaryimage\"},\"thumbnailUrl\":\"https:\\\/\\\/techmasterdemexico.com\\\/wp-content\\\/uploads\\\/CO2-200.png\",\"datePublished\":\"2022-12-20T18:14:53+00:00\",\"dateModified\":\"2026-03-26T23:42:28+00:00\",\"breadcrumb\":{\"@id\":\"https:\\\/\\\/techmasterdemexico.com\\\/producto\\\/medidor-de-de-dioxido-de-carbono-para-montaje-en-paredes-co2-200\\\/#breadcrumb\"},\"inLanguage\":\"en-US\",\"potentialAction\":[{\"@type\":\"ReadAction\",\"target\":[\"https:\\\/\\\/techmasterdemexico.com\\\/producto\\\/medidor-de-de-dioxido-de-carbono-para-montaje-en-paredes-co2-200\\\/\"]}]},{\"@type\":\"ImageObject\",\"inLanguage\":\"en-US\",\"@id\":\"https:\\\/\\\/techmasterdemexico.com\\\/producto\\\/medidor-de-de-dioxido-de-carbono-para-montaje-en-paredes-co2-200\\\/#primaryimage\",\"url\":\"https:\\\/\\\/techmasterdemexico.com\\\/wp-content\\\/uploads\\\/CO2-200.png\",\"contentUrl\":\"https:\\\/\\\/techmasterdemexico.com\\\/wp-content\\\/uploads\\\/CO2-200.png\",\"width\":500,\"height\":500},{\"@type\":\"BreadcrumbList\",\"@id\":\"https:\\\/\\\/techmasterdemexico.com\\\/producto\\\/medidor-de-de-dioxido-de-carbono-para-montaje-en-paredes-co2-200\\\/#breadcrumb\",\"itemListElement\":[{\"@type\":\"ListItem\",\"position\":1,\"name\":\"Portada\",\"item\":\"https:\\\/\\\/techmasterdemexico.com\\\/\"},{\"@type\":\"ListItem\",\"position\":2,\"name\":\"Medidor de de di\u00f3xido de carbono para montaje en paredes CO2-200\"}]},{\"@type\":\"WebSite\",\"@id\":\"https:\\\/\\\/techmasterdemexico.com\\\/#website\",\"url\":\"https:\\\/\\\/techmasterdemexico.com\\\/\",\"name\":\"Techmaster de Mexico\",\"description\":\"\",\"potentialAction\":[{\"@type\":\"SearchAction\",\"target\":{\"@type\":\"EntryPoint\",\"urlTemplate\":\"https:\\\/\\\/techmasterdemexico.com\\\/?s={search_term_string}\"},\"query-input\":{\"@type\":\"PropertyValueSpecification\",\"valueRequired\":true,\"valueName\":\"search_term_string\"}}],\"inLanguage\":\"en-US\"}]}<\/script>\n<!-- \/ Yoast SEO plugin. -->","yoast_head_json":{"title":"Medidor de de di\u00f3xido de carbono para montaje en paredes CO2-200 - Techmaster de Mexico","robots":{"index":"index","follow":"follow","max-snippet":"max-snippet:-1","max-image-preview":"max-image-preview:large","max-video-preview":"max-video-preview:-1"},"canonical":"https:\/\/techmasterdemexico.com\/producto\/medidor-de-de-dioxido-de-carbono-para-montaje-en-paredes-co2-200\/","og_locale":"en_US","og_type":"article","og_title":"Medidor de de di\u00f3xido de carbono para montaje en paredes CO2-200 - Techmaster de Mexico","og_description":"[:es]  Rango de medici\u00f3n: CO2 0 ~ 9999 ppm  Rango de medici\u00f3n: 2001 ~ 9999 ppm (fuera del rango de escala)  Resoluci\u00f3n: 1 ppm \u2013 Concentraci\u00f3n de CO2, 0,1 \u00b0C\/\u00b0F \u2013 Temperatura, 0,1 % HR \u2013 Humedad  Precisi\u00f3n: \u00b175ppm\u00b15% de lectura (0 ~ 2000 ppm) No se especifican otros rangos de precisi\u00f3n  La temperatura: \u00b10,6 \u00b0C\/\u00b10,9 \u00b0F  Rango de temperatura: -10 \u00b0C a 60 \u00b0C (14 \u00b0F a 140 \u00b0F)  Rango de HR: 0% ~ 95%  Precisi\u00f3n: \u00b13% HR (a 25\u00b0C, 10-90%) otros \u00b15% para otro rango de HR  DP (temperatura del punto de roc\u00edo): -20 \u00b0C a 59,9 \u00b0C (-4 \u00b0F a 139,8 \u00b0F)  WB (temperatura de bulbo h\u00famedo): -5,0 \u00b0C a 59,9 \u00b0C (23 \u00b0F a 139,8 \u00b0F)  Fuente de alimentaci\u00f3n: adaptador de 12 V CC [:en]  Measuring range: CO2 0~9999ppm  Measurement range: 2001 ~ 9999 ppm (out of scale range)  Resolution: 1 ppm \u2013 CO2 concentration, 0.1 \u00b0C\/\u00b0F \u2013 Temperature, 0.1% RH \u2013 Humidity  Accuracy: \u00b175ppm\u00b15% of reading (0 ~ 2000ppm) Other accuracy ranges are not specified  Temperature: \u00b10.6\u00b0C\/\u00b10.9\u00b0F  Temperature range: -10 \u00b0C to 60 \u00b0C (14 \u00b0F to 140 \u00b0F)  RH range: 0% ~ 95%  Accuracy: \u00b13% RH (at 25\u00b0C, 10-90%) other \u00b15% for other RH range  DP (Dew Point Temperature): -20\u00b0C to 59.9\u00b0C (-4\u00b0F to 139.8\u00b0F)  WB (Wet Bulb Temperature): -5.0 \u00b0C to 59.9 \u00b0C (23 \u00b0F to 139.8 \u00b0F)  Power supply: 12 V DC adapter [:]","og_url":"https:\/\/techmasterdemexico.com\/producto\/medidor-de-de-dioxido-de-carbono-para-montaje-en-paredes-co2-200\/","og_site_name":"Techmaster de Mexico","article_modified_time":"2026-03-26T23:42:28+00:00","og_image":[{"width":500,"height":500,"url":"https:\/\/techmasterdemexico.com\/wp-content\/uploads\/CO2-200.png","type":"image\/png"}],"twitter_card":"summary_large_image","twitter_misc":{"Est. reading time":"1 minute"},"schema":{"@context":"https:\/\/schema.org","@graph":[{"@type":"WebPage","@id":"https:\/\/techmasterdemexico.com\/producto\/medidor-de-de-dioxido-de-carbono-para-montaje-en-paredes-co2-200\/","url":"https:\/\/techmasterdemexico.com\/producto\/medidor-de-de-dioxido-de-carbono-para-montaje-en-paredes-co2-200\/","name":"Medidor de de di\u00f3xido de carbono para montaje en paredes CO2-200 - Techmaster de Mexico","isPartOf":{"@id":"https:\/\/techmasterdemexico.com\/#website"},"primaryImageOfPage":{"@id":"https:\/\/techmasterdemexico.com\/producto\/medidor-de-de-dioxido-de-carbono-para-montaje-en-paredes-co2-200\/#primaryimage"},"image":{"@id":"https:\/\/techmasterdemexico.com\/producto\/medidor-de-de-dioxido-de-carbono-para-montaje-en-paredes-co2-200\/#primaryimage"},"thumbnailUrl":"https:\/\/techmasterdemexico.com\/wp-content\/uploads\/CO2-200.png","datePublished":"2022-12-20T18:14:53+00:00","dateModified":"2026-03-26T23:42:28+00:00","breadcrumb":{"@id":"https:\/\/techmasterdemexico.com\/producto\/medidor-de-de-dioxido-de-carbono-para-montaje-en-paredes-co2-200\/#breadcrumb"},"inLanguage":"en-US","potentialAction":[{"@type":"ReadAction","target":["https:\/\/techmasterdemexico.com\/producto\/medidor-de-de-dioxido-de-carbono-para-montaje-en-paredes-co2-200\/"]}]},{"@type":"ImageObject","inLanguage":"en-US","@id":"https:\/\/techmasterdemexico.com\/producto\/medidor-de-de-dioxido-de-carbono-para-montaje-en-paredes-co2-200\/#primaryimage","url":"https:\/\/techmasterdemexico.com\/wp-content\/uploads\/CO2-200.png","contentUrl":"https:\/\/techmasterdemexico.com\/wp-content\/uploads\/CO2-200.png","width":500,"height":500},{"@type":"BreadcrumbList","@id":"https:\/\/techmasterdemexico.com\/producto\/medidor-de-de-dioxido-de-carbono-para-montaje-en-paredes-co2-200\/#breadcrumb","itemListElement":[{"@type":"ListItem","position":1,"name":"Portada","item":"https:\/\/techmasterdemexico.com\/"},{"@type":"ListItem","position":2,"name":"Medidor de de di\u00f3xido de carbono para montaje en paredes CO2-200"}]},{"@type":"WebSite","@id":"https:\/\/techmasterdemexico.com\/#website","url":"https:\/\/techmasterdemexico.com\/","name":"Techmaster de Mexico","description":"","potentialAction":[{"@type":"SearchAction","target":{"@type":"EntryPoint","urlTemplate":"https:\/\/techmasterdemexico.com\/?s={search_term_string}"},"query-input":{"@type":"PropertyValueSpecification","valueRequired":true,"valueName":"search_term_string"}}],"inLanguage":"en-US"}]}},"brands":[{"id":104,"name":"Amprobe","slug":"amprobe"}],"_links":{"self":[{"href":"https:\/\/techmasterdemexico.com\/en\/wp-json\/wp\/v2\/product\/19958","targetHints":{"allow":["GET"]}}],"collection":[{"href":"https:\/\/techmasterdemexico.com\/en\/wp-json\/wp\/v2\/product"}],"about":[{"href":"https:\/\/techmasterdemexico.com\/en\/wp-json\/wp\/v2\/types\/product"}],"wp:featuredmedia":[{"embeddable":true,"href":"https:\/\/techmasterdemexico.com\/en\/wp-json\/wp\/v2\/media\/19974"}],"wp:attachment":[{"href":"https:\/\/techmasterdemexico.com\/en\/wp-json\/wp\/v2\/media?parent=19958"}],"wp:term":[{"taxonomy":"pwb-brand","embeddable":true,"href":"https:\/\/techmasterdemexico.com\/en\/wp-json\/wp\/v2\/pwb-brand?post=19958"},{"taxonomy":"product_brand","embeddable":true,"href":"https:\/\/techmasterdemexico.com\/en\/wp-json\/wp\/v2\/product_brand?post=19958"},{"taxonomy":"product_cat","embeddable":true,"href":"https:\/\/techmasterdemexico.com\/en\/wp-json\/wp\/v2\/product_cat?post=19958"},{"taxonomy":"product_tag","embeddable":true,"href":"https:\/\/techmasterdemexico.com\/en\/wp-json\/wp\/v2\/product_tag?post=19958"}],"curies":[{"name":"wp","href":"https:\/\/api.w.org\/{rel}","templated":true}]}}