{"id":19957,"date":"2022-12-20T11:14:53","date_gmt":"2022-12-20T18:14:53","guid":{"rendered":"https:\/\/techmasterdemexico.com\/producto\/medidor-de-dioxido-de-carbono-portatil-amprobe-co2-100\/"},"modified":"2026-03-26T16:42:31","modified_gmt":"2026-03-26T23:42:31","slug":"medidor-de-dioxido-de-carbono-portatil-amprobe-co2-100","status":"publish","type":"product","link":"https:\/\/techmasterdemexico.com\/en\/producto\/medidor-de-dioxido-de-carbono-portatil-amprobe-co2-100\/","title":{"rendered":"Medidor de di\u00f3xido de carbono port\u00e1til Amprobe CO2-100"},"content":{"rendered":"<p>Instant information on CO2 levels, with additional measurement of temperature and humidity. The built-in alarm warns of dangerous CO2 levels. The CO2-100 Portable Air Quality Meter is designed to measure air quality compliance in occupied spaces such as offices, manufacturing plants, schools, or hospitals.<\/p>","protected":false},"excerpt":{"rendered":"<ul>\n<li>Low drift portable meter to check indoor air quality<\/li>\n<li>CO2 measurement up to 9999 ppm<\/li>\n<li>Triple display with simultaneous readings of CO2, temperature and relative humidity<\/li>\n<li>Selectable dew point and wet bulb display<\/li>\n<li>TWA (Time Weighted Average) display over an 8 hour period<\/li>\n<li>15 minutes STEL value (short term exposure limit)<\/li>\n<li>High performance, low drift sensor designed with NDIR (non-dispersive infrared) waveguide technology<\/li>\n<li>Large easy to read LCD display<\/li>\n<li>Manually calibrated<\/li>\n<li>Audible alarm threshold setting to set warning against carbon dioxide level<\/li>\n<li>Backlight function for working in dark areas<\/li>\n<li>Optional PC download capabilities<\/li>\n<li>Data retention<\/li>\n<li>Maximum, minimum and average functions<\/li>\n<li>Long-term drift compensation for accurate readings<\/li>\n<\/ul>\n","protected":false},"featured_media":19972,"template":"","meta":{"_acf_changed":false},"pwb-brand":[104],"product_brand":[],"product_cat":[366,101,537,103],"product_tag":[],"class_list":{"0":"post-19957","1":"product","2":"type-product","3":"status-publish","4":"has-post-thumbnail","6":"pwb-brand-amprobe","7":"product_cat-todos-los-productos","8":"product_cat-amprobe","9":"product_cat-medidor-de-dioxido","10":"product_cat-probadores-ambientales","12":"first","13":"instock","14":"taxable","15":"shipping-taxable","16":"product-type-simple"},"acf":[],"yoast_head":"<!-- This site is optimized with the Yoast SEO plugin v27.4 - https:\/\/yoast.com\/product\/yoast-seo-wordpress\/ -->\n<title>Medidor de di\u00f3xido de carbono port\u00e1til Amprobe CO2-100 - Techmaster de Mexico<\/title>\n<meta name=\"robots\" content=\"index, follow, max-snippet:-1, max-image-preview:large, max-video-preview:-1\" \/>\n<link rel=\"canonical\" href=\"https:\/\/techmasterdemexico.com\/producto\/medidor-de-dioxido-de-carbono-portatil-amprobe-co2-100\/\" \/>\n<meta property=\"og:locale\" content=\"en_US\" \/>\n<meta property=\"og:type\" content=\"article\" \/>\n<meta property=\"og:title\" content=\"Medidor de di\u00f3xido de carbono port\u00e1til Amprobe CO2-100 - Techmaster de Mexico\" \/>\n<meta property=\"og:description\" content=\"[:es]  Medidor port\u00e1til de baja deriva para comprobar la calidad del aire interior  Medici\u00f3n de CO2 hasta 9999 ppm  Pantalla triple con lecturas simult\u00e1neas de CO2, temperatura y humedad relativa  Pantalla seleccionable de punto de roc\u00edo y bulbo h\u00famedo  Pantalla TWA (promedio ponderado en el tiempo) durante un per\u00edodo de 8 horas  15 minutos Valor STEL (l\u00edmite de exposici\u00f3n a corto plazo)  Sensor de alto rendimiento y baja deriva dise\u00f1ado con tecnolog\u00eda de gu\u00eda de onda NDIR (infrarrojo no dispersivo)  Pantalla LCD grande f\u00e1cil de leer  Calibrable manualmente  Configuraci\u00f3n del umbral de alarma audible para configurar la advertencia contra el nivel de di\u00f3xido de carbono  Funci\u00f3n de luz de fondo para trabajar en \u00e1reas oscuras  Capacidades opcionales de descarga de PC  Retenci\u00f3n de datos  Funciones de m\u00e1ximo, m\u00ednimo y promedio  Compensaci\u00f3n de deriva a largo plazo para lecturas precisas [:en]  Low drift portable meter to check indoor air quality  CO2 measurement up to 9999 ppm  Triple display with simultaneous readings of CO2, temperature and relative humidity  Selectable dew point and wet bulb display  TWA (Time Weighted Average) display over an 8 hour period  15 minutes STEL value (short term exposure limit)  High performance, low drift sensor designed with NDIR (non-dispersive infrared) waveguide technology  Large easy to read LCD display  Manually calibrated  Audible alarm threshold setting to set warning against carbon dioxide level  Backlight function for working in dark areas  Optional PC download capabilities  Data retention  Maximum, minimum and average functions  Long-term drift compensation for accurate readings [:]\" \/>\n<meta property=\"og:url\" content=\"https:\/\/techmasterdemexico.com\/producto\/medidor-de-dioxido-de-carbono-portatil-amprobe-co2-100\/\" \/>\n<meta property=\"og:site_name\" content=\"Techmaster de Mexico\" \/>\n<meta property=\"article:modified_time\" content=\"2026-03-26T23:42:31+00:00\" \/>\n<meta property=\"og:image\" content=\"https:\/\/techmasterdemexico.com\/wp-content\/uploads\/co2-100_1500x1500.jpg\" \/>\n\t<meta property=\"og:image:width\" content=\"1500\" \/>\n\t<meta property=\"og:image:height\" content=\"1500\" \/>\n\t<meta property=\"og:image:type\" content=\"image\/jpeg\" \/>\n<meta name=\"twitter:card\" content=\"summary_large_image\" \/>\n<meta name=\"twitter:label1\" content=\"Est. reading time\" \/>\n\t<meta name=\"twitter:data1\" content=\"1 minute\" \/>\n<script type=\"application\/ld+json\" class=\"yoast-schema-graph\">{\"@context\":\"https:\\\/\\\/schema.org\",\"@graph\":[{\"@type\":\"WebPage\",\"@id\":\"https:\\\/\\\/techmasterdemexico.com\\\/producto\\\/medidor-de-dioxido-de-carbono-portatil-amprobe-co2-100\\\/\",\"url\":\"https:\\\/\\\/techmasterdemexico.com\\\/producto\\\/medidor-de-dioxido-de-carbono-portatil-amprobe-co2-100\\\/\",\"name\":\"Medidor de di\u00f3xido de carbono port\u00e1til Amprobe CO2-100 - Techmaster de Mexico\",\"isPartOf\":{\"@id\":\"https:\\\/\\\/techmasterdemexico.com\\\/#website\"},\"primaryImageOfPage\":{\"@id\":\"https:\\\/\\\/techmasterdemexico.com\\\/producto\\\/medidor-de-dioxido-de-carbono-portatil-amprobe-co2-100\\\/#primaryimage\"},\"image\":{\"@id\":\"https:\\\/\\\/techmasterdemexico.com\\\/producto\\\/medidor-de-dioxido-de-carbono-portatil-amprobe-co2-100\\\/#primaryimage\"},\"thumbnailUrl\":\"https:\\\/\\\/techmasterdemexico.com\\\/wp-content\\\/uploads\\\/co2-100_1500x1500.jpg\",\"datePublished\":\"2022-12-20T18:14:53+00:00\",\"dateModified\":\"2026-03-26T23:42:31+00:00\",\"breadcrumb\":{\"@id\":\"https:\\\/\\\/techmasterdemexico.com\\\/producto\\\/medidor-de-dioxido-de-carbono-portatil-amprobe-co2-100\\\/#breadcrumb\"},\"inLanguage\":\"en-US\",\"potentialAction\":[{\"@type\":\"ReadAction\",\"target\":[\"https:\\\/\\\/techmasterdemexico.com\\\/producto\\\/medidor-de-dioxido-de-carbono-portatil-amprobe-co2-100\\\/\"]}]},{\"@type\":\"ImageObject\",\"inLanguage\":\"en-US\",\"@id\":\"https:\\\/\\\/techmasterdemexico.com\\\/producto\\\/medidor-de-dioxido-de-carbono-portatil-amprobe-co2-100\\\/#primaryimage\",\"url\":\"https:\\\/\\\/techmasterdemexico.com\\\/wp-content\\\/uploads\\\/co2-100_1500x1500.jpg\",\"contentUrl\":\"https:\\\/\\\/techmasterdemexico.com\\\/wp-content\\\/uploads\\\/co2-100_1500x1500.jpg\",\"width\":1500,\"height\":1500},{\"@type\":\"BreadcrumbList\",\"@id\":\"https:\\\/\\\/techmasterdemexico.com\\\/producto\\\/medidor-de-dioxido-de-carbono-portatil-amprobe-co2-100\\\/#breadcrumb\",\"itemListElement\":[{\"@type\":\"ListItem\",\"position\":1,\"name\":\"Portada\",\"item\":\"https:\\\/\\\/techmasterdemexico.com\\\/\"},{\"@type\":\"ListItem\",\"position\":2,\"name\":\"Medidor de di\u00f3xido de carbono port\u00e1til Amprobe CO2-100\"}]},{\"@type\":\"WebSite\",\"@id\":\"https:\\\/\\\/techmasterdemexico.com\\\/#website\",\"url\":\"https:\\\/\\\/techmasterdemexico.com\\\/\",\"name\":\"Techmaster de Mexico\",\"description\":\"\",\"potentialAction\":[{\"@type\":\"SearchAction\",\"target\":{\"@type\":\"EntryPoint\",\"urlTemplate\":\"https:\\\/\\\/techmasterdemexico.com\\\/?s={search_term_string}\"},\"query-input\":{\"@type\":\"PropertyValueSpecification\",\"valueRequired\":true,\"valueName\":\"search_term_string\"}}],\"inLanguage\":\"en-US\"}]}<\/script>\n<!-- \/ Yoast SEO plugin. -->","yoast_head_json":{"title":"Medidor de di\u00f3xido de carbono port\u00e1til Amprobe CO2-100 - Techmaster de Mexico","robots":{"index":"index","follow":"follow","max-snippet":"max-snippet:-1","max-image-preview":"max-image-preview:large","max-video-preview":"max-video-preview:-1"},"canonical":"https:\/\/techmasterdemexico.com\/producto\/medidor-de-dioxido-de-carbono-portatil-amprobe-co2-100\/","og_locale":"en_US","og_type":"article","og_title":"Medidor de di\u00f3xido de carbono port\u00e1til Amprobe CO2-100 - Techmaster de Mexico","og_description":"[:es]  Medidor port\u00e1til de baja deriva para comprobar la calidad del aire interior  Medici\u00f3n de CO2 hasta 9999 ppm  Pantalla triple con lecturas simult\u00e1neas de CO2, temperatura y humedad relativa  Pantalla seleccionable de punto de roc\u00edo y bulbo h\u00famedo  Pantalla TWA (promedio ponderado en el tiempo) durante un per\u00edodo de 8 horas  15 minutos Valor STEL (l\u00edmite de exposici\u00f3n a corto plazo)  Sensor de alto rendimiento y baja deriva dise\u00f1ado con tecnolog\u00eda de gu\u00eda de onda NDIR (infrarrojo no dispersivo)  Pantalla LCD grande f\u00e1cil de leer  Calibrable manualmente  Configuraci\u00f3n del umbral de alarma audible para configurar la advertencia contra el nivel de di\u00f3xido de carbono  Funci\u00f3n de luz de fondo para trabajar en \u00e1reas oscuras  Capacidades opcionales de descarga de PC  Retenci\u00f3n de datos  Funciones de m\u00e1ximo, m\u00ednimo y promedio  Compensaci\u00f3n de deriva a largo plazo para lecturas precisas [:en]  Low drift portable meter to check indoor air quality  CO2 measurement up to 9999 ppm  Triple display with simultaneous readings of CO2, temperature and relative humidity  Selectable dew point and wet bulb display  TWA (Time Weighted Average) display over an 8 hour period  15 minutes STEL value (short term exposure limit)  High performance, low drift sensor designed with NDIR (non-dispersive infrared) waveguide technology  Large easy to read LCD display  Manually calibrated  Audible alarm threshold setting to set warning against carbon dioxide level  Backlight function for working in dark areas  Optional PC download capabilities  Data retention  Maximum, minimum and average functions  Long-term drift compensation for accurate readings [:]","og_url":"https:\/\/techmasterdemexico.com\/producto\/medidor-de-dioxido-de-carbono-portatil-amprobe-co2-100\/","og_site_name":"Techmaster de Mexico","article_modified_time":"2026-03-26T23:42:31+00:00","og_image":[{"width":1500,"height":1500,"url":"https:\/\/techmasterdemexico.com\/wp-content\/uploads\/co2-100_1500x1500.jpg","type":"image\/jpeg"}],"twitter_card":"summary_large_image","twitter_misc":{"Est. reading time":"1 minute"},"schema":{"@context":"https:\/\/schema.org","@graph":[{"@type":"WebPage","@id":"https:\/\/techmasterdemexico.com\/producto\/medidor-de-dioxido-de-carbono-portatil-amprobe-co2-100\/","url":"https:\/\/techmasterdemexico.com\/producto\/medidor-de-dioxido-de-carbono-portatil-amprobe-co2-100\/","name":"Medidor de di\u00f3xido de carbono port\u00e1til Amprobe CO2-100 - Techmaster de Mexico","isPartOf":{"@id":"https:\/\/techmasterdemexico.com\/#website"},"primaryImageOfPage":{"@id":"https:\/\/techmasterdemexico.com\/producto\/medidor-de-dioxido-de-carbono-portatil-amprobe-co2-100\/#primaryimage"},"image":{"@id":"https:\/\/techmasterdemexico.com\/producto\/medidor-de-dioxido-de-carbono-portatil-amprobe-co2-100\/#primaryimage"},"thumbnailUrl":"https:\/\/techmasterdemexico.com\/wp-content\/uploads\/co2-100_1500x1500.jpg","datePublished":"2022-12-20T18:14:53+00:00","dateModified":"2026-03-26T23:42:31+00:00","breadcrumb":{"@id":"https:\/\/techmasterdemexico.com\/producto\/medidor-de-dioxido-de-carbono-portatil-amprobe-co2-100\/#breadcrumb"},"inLanguage":"en-US","potentialAction":[{"@type":"ReadAction","target":["https:\/\/techmasterdemexico.com\/producto\/medidor-de-dioxido-de-carbono-portatil-amprobe-co2-100\/"]}]},{"@type":"ImageObject","inLanguage":"en-US","@id":"https:\/\/techmasterdemexico.com\/producto\/medidor-de-dioxido-de-carbono-portatil-amprobe-co2-100\/#primaryimage","url":"https:\/\/techmasterdemexico.com\/wp-content\/uploads\/co2-100_1500x1500.jpg","contentUrl":"https:\/\/techmasterdemexico.com\/wp-content\/uploads\/co2-100_1500x1500.jpg","width":1500,"height":1500},{"@type":"BreadcrumbList","@id":"https:\/\/techmasterdemexico.com\/producto\/medidor-de-dioxido-de-carbono-portatil-amprobe-co2-100\/#breadcrumb","itemListElement":[{"@type":"ListItem","position":1,"name":"Portada","item":"https:\/\/techmasterdemexico.com\/"},{"@type":"ListItem","position":2,"name":"Medidor de di\u00f3xido de carbono port\u00e1til Amprobe CO2-100"}]},{"@type":"WebSite","@id":"https:\/\/techmasterdemexico.com\/#website","url":"https:\/\/techmasterdemexico.com\/","name":"Techmaster de Mexico","description":"","potentialAction":[{"@type":"SearchAction","target":{"@type":"EntryPoint","urlTemplate":"https:\/\/techmasterdemexico.com\/?s={search_term_string}"},"query-input":{"@type":"PropertyValueSpecification","valueRequired":true,"valueName":"search_term_string"}}],"inLanguage":"en-US"}]}},"brands":[{"id":104,"name":"Amprobe","slug":"amprobe"}],"_links":{"self":[{"href":"https:\/\/techmasterdemexico.com\/en\/wp-json\/wp\/v2\/product\/19957","targetHints":{"allow":["GET"]}}],"collection":[{"href":"https:\/\/techmasterdemexico.com\/en\/wp-json\/wp\/v2\/product"}],"about":[{"href":"https:\/\/techmasterdemexico.com\/en\/wp-json\/wp\/v2\/types\/product"}],"wp:featuredmedia":[{"embeddable":true,"href":"https:\/\/techmasterdemexico.com\/en\/wp-json\/wp\/v2\/media\/19972"}],"wp:attachment":[{"href":"https:\/\/techmasterdemexico.com\/en\/wp-json\/wp\/v2\/media?parent=19957"}],"wp:term":[{"taxonomy":"pwb-brand","embeddable":true,"href":"https:\/\/techmasterdemexico.com\/en\/wp-json\/wp\/v2\/pwb-brand?post=19957"},{"taxonomy":"product_brand","embeddable":true,"href":"https:\/\/techmasterdemexico.com\/en\/wp-json\/wp\/v2\/product_brand?post=19957"},{"taxonomy":"product_cat","embeddable":true,"href":"https:\/\/techmasterdemexico.com\/en\/wp-json\/wp\/v2\/product_cat?post=19957"},{"taxonomy":"product_tag","embeddable":true,"href":"https:\/\/techmasterdemexico.com\/en\/wp-json\/wp\/v2\/product_tag?post=19957"}],"curies":[{"name":"wp","href":"https:\/\/api.w.org\/{rel}","templated":true}]}}