{"id":19954,"date":"2022-12-20T11:14:48","date_gmt":"2022-12-20T18:14:48","guid":{"rendered":"https:\/\/techmasterdemexico.com\/producto\/destornillador-de-gabinete-de-agarre-suave-phillips-2-instinct-rojo\/"},"modified":"2025-06-26T12:40:53","modified_gmt":"2025-06-26T19:40:53","slug":"destornillador-de-gabinete-de-agarre-suave-phillips-2-instinct-rojo","status":"publish","type":"product","link":"https:\/\/techmasterdemexico.com\/en\/producto\/destornillador-de-gabinete-de-agarre-suave-phillips-2-instinct-rojo\/","title":{"rendered":"Destornillador de gabinete de agarre suave PHILLIPS\u00ae #2 Instinct\u00ae (rojo)"},"content":{"rendered":"<p>The SGDP82BR is specially designed to provide fingertip control to prevent the tool from rolling on flat surfaces. It is designed with extremely soft handles that provide comfort, it is designed with a coating against corrosion which makes it easy to clean.<\/p>","protected":false},"excerpt":{"rendered":"<ul>\n<li>Wide three-lobed design in the center of the handle and special alloy steel blade provides turning power when needed<\/li>\n<li>Tip identifier on the crown helps quickly identify the tool needed<\/li>\n<li>Scoop neck and six specially designed curves and flutes provide fingertip control, aid in turning and prevent tool from rolling on flat surfaces<\/li>\n<li>Soft-grip handles provide increased comfort and control while resisting most commercial solvents<\/li>\n<li>Chromium-nickel plating helps protect against corrosion and makes cleaning easy<\/li>\n<\/ul>\n","protected":false},"featured_media":19979,"template":"","meta":{"_acf_changed":false},"pwb-brand":[98],"product_brand":[],"product_cat":[366,63,274,48],"product_tag":[],"class_list":{"0":"post-19954","1":"product","2":"type-product","3":"status-publish","4":"has-post-thumbnail","6":"pwb-brand-snap-on","7":"product_cat-todos-los-productos","8":"product_cat-destornilladores","9":"product_cat-destornilladores-de-mango-de-agarre-sueve","10":"product_cat-snap-on","12":"first","13":"instock","14":"taxable","15":"shipping-taxable","16":"purchasable","17":"product-type-simple"},"acf":[],"yoast_head":"<!-- This site is optimized with the Yoast SEO plugin v27.4 - https:\/\/yoast.com\/product\/yoast-seo-wordpress\/ -->\n<title>Destornillador de gabinete de agarre suave PHILLIPS\u00ae #2 Instinct\u00ae (rojo) - Techmaster de Mexico<\/title>\n<meta name=\"robots\" content=\"index, follow, max-snippet:-1, max-image-preview:large, max-video-preview:-1\" \/>\n<link rel=\"canonical\" href=\"https:\/\/techmasterdemexico.com\/producto\/destornillador-de-gabinete-de-agarre-suave-phillips-2-instinct-rojo\/\" \/>\n<meta property=\"og:locale\" content=\"en_US\" \/>\n<meta property=\"og:type\" content=\"article\" \/>\n<meta property=\"og:title\" content=\"Destornillador de gabinete de agarre suave PHILLIPS\u00ae #2 Instinct\u00ae (rojo) - Techmaster de Mexico\" \/>\n<meta property=\"og:description\" content=\"[:es]  Dise\u00f1o de tres l\u00f3bulos anchos en el centro del mango y hoja de acero de aleaci\u00f3n especial que proporciona potencia de giro cuando es necesario  El identificador de punta en la corona ayuda a identificar r\u00e1pidamente la herramienta necesaria  El cuello redondo y seis curvas y flautas especialmente dise\u00f1adas brindan control con la punta de los dedos, ayudan a girar y evitan que la herramienta ruede sobre superficies planas  Los mangos de agarre suave brindan mayor comodidad y control al mismo tiempo que resisten la mayor\u00eda de los solventes comerciales  El revestimiento de cromo-n\u00edquel ayuda a proteger contra la corrosi\u00f3n y facilita la limpieza [:en]  Wide three-lobed design in the center of the handle and special alloy steel blade provides turning power when needed  Tip identifier on the crown helps quickly identify the tool needed  Scoop neck and six specially designed curves and flutes provide fingertip control, aid in turning and prevent tool from rolling on flat surfaces  Soft-grip handles provide increased comfort and control while resisting most commercial solvents  Chromium-nickel plating helps protect against corrosion and makes cleaning easy [:]\" \/>\n<meta property=\"og:url\" content=\"https:\/\/techmasterdemexico.com\/producto\/destornillador-de-gabinete-de-agarre-suave-phillips-2-instinct-rojo\/\" \/>\n<meta property=\"og:site_name\" content=\"Techmaster de Mexico\" \/>\n<meta property=\"article:modified_time\" content=\"2025-06-26T19:40:53+00:00\" \/>\n<meta property=\"og:image\" content=\"https:\/\/techmasterdemexico.com\/wp-content\/uploads\/SGDP82BR.png\" \/>\n\t<meta property=\"og:image:width\" content=\"1000\" \/>\n\t<meta property=\"og:image:height\" content=\"1000\" \/>\n\t<meta property=\"og:image:type\" content=\"image\/png\" \/>\n<meta name=\"twitter:card\" content=\"summary_large_image\" \/>\n<meta name=\"twitter:label1\" content=\"Est. reading time\" \/>\n\t<meta name=\"twitter:data1\" content=\"1 minute\" \/>\n<script type=\"application\/ld+json\" class=\"yoast-schema-graph\">{\"@context\":\"https:\\\/\\\/schema.org\",\"@graph\":[{\"@type\":\"WebPage\",\"@id\":\"https:\\\/\\\/techmasterdemexico.com\\\/producto\\\/destornillador-de-gabinete-de-agarre-suave-phillips-2-instinct-rojo\\\/\",\"url\":\"https:\\\/\\\/techmasterdemexico.com\\\/producto\\\/destornillador-de-gabinete-de-agarre-suave-phillips-2-instinct-rojo\\\/\",\"name\":\"Destornillador de gabinete de agarre suave PHILLIPS\u00ae #2 Instinct\u00ae (rojo) - Techmaster de Mexico\",\"isPartOf\":{\"@id\":\"https:\\\/\\\/techmasterdemexico.com\\\/#website\"},\"primaryImageOfPage\":{\"@id\":\"https:\\\/\\\/techmasterdemexico.com\\\/producto\\\/destornillador-de-gabinete-de-agarre-suave-phillips-2-instinct-rojo\\\/#primaryimage\"},\"image\":{\"@id\":\"https:\\\/\\\/techmasterdemexico.com\\\/producto\\\/destornillador-de-gabinete-de-agarre-suave-phillips-2-instinct-rojo\\\/#primaryimage\"},\"thumbnailUrl\":\"https:\\\/\\\/techmasterdemexico.com\\\/wp-content\\\/uploads\\\/SGDP82BR.png\",\"datePublished\":\"2022-12-20T18:14:48+00:00\",\"dateModified\":\"2025-06-26T19:40:53+00:00\",\"breadcrumb\":{\"@id\":\"https:\\\/\\\/techmasterdemexico.com\\\/producto\\\/destornillador-de-gabinete-de-agarre-suave-phillips-2-instinct-rojo\\\/#breadcrumb\"},\"inLanguage\":\"en-US\",\"potentialAction\":[{\"@type\":\"ReadAction\",\"target\":[\"https:\\\/\\\/techmasterdemexico.com\\\/producto\\\/destornillador-de-gabinete-de-agarre-suave-phillips-2-instinct-rojo\\\/\"]}]},{\"@type\":\"ImageObject\",\"inLanguage\":\"en-US\",\"@id\":\"https:\\\/\\\/techmasterdemexico.com\\\/producto\\\/destornillador-de-gabinete-de-agarre-suave-phillips-2-instinct-rojo\\\/#primaryimage\",\"url\":\"https:\\\/\\\/techmasterdemexico.com\\\/wp-content\\\/uploads\\\/SGDP82BR.png\",\"contentUrl\":\"https:\\\/\\\/techmasterdemexico.com\\\/wp-content\\\/uploads\\\/SGDP82BR.png\",\"width\":1000,\"height\":1000},{\"@type\":\"BreadcrumbList\",\"@id\":\"https:\\\/\\\/techmasterdemexico.com\\\/producto\\\/destornillador-de-gabinete-de-agarre-suave-phillips-2-instinct-rojo\\\/#breadcrumb\",\"itemListElement\":[{\"@type\":\"ListItem\",\"position\":1,\"name\":\"Portada\",\"item\":\"https:\\\/\\\/techmasterdemexico.com\\\/\"},{\"@type\":\"ListItem\",\"position\":2,\"name\":\"Destornillador de gabinete de agarre suave PHILLIPS\u00ae #2 Instinct\u00ae (rojo)\"}]},{\"@type\":\"WebSite\",\"@id\":\"https:\\\/\\\/techmasterdemexico.com\\\/#website\",\"url\":\"https:\\\/\\\/techmasterdemexico.com\\\/\",\"name\":\"Techmaster de Mexico\",\"description\":\"\",\"potentialAction\":[{\"@type\":\"SearchAction\",\"target\":{\"@type\":\"EntryPoint\",\"urlTemplate\":\"https:\\\/\\\/techmasterdemexico.com\\\/?s={search_term_string}\"},\"query-input\":{\"@type\":\"PropertyValueSpecification\",\"valueRequired\":true,\"valueName\":\"search_term_string\"}}],\"inLanguage\":\"en-US\"}]}<\/script>\n<!-- \/ Yoast SEO plugin. -->","yoast_head_json":{"title":"Destornillador de gabinete de agarre suave PHILLIPS\u00ae #2 Instinct\u00ae (rojo) - Techmaster de Mexico","robots":{"index":"index","follow":"follow","max-snippet":"max-snippet:-1","max-image-preview":"max-image-preview:large","max-video-preview":"max-video-preview:-1"},"canonical":"https:\/\/techmasterdemexico.com\/producto\/destornillador-de-gabinete-de-agarre-suave-phillips-2-instinct-rojo\/","og_locale":"en_US","og_type":"article","og_title":"Destornillador de gabinete de agarre suave PHILLIPS\u00ae #2 Instinct\u00ae (rojo) - Techmaster de Mexico","og_description":"[:es]  Dise\u00f1o de tres l\u00f3bulos anchos en el centro del mango y hoja de acero de aleaci\u00f3n especial que proporciona potencia de giro cuando es necesario  El identificador de punta en la corona ayuda a identificar r\u00e1pidamente la herramienta necesaria  El cuello redondo y seis curvas y flautas especialmente dise\u00f1adas brindan control con la punta de los dedos, ayudan a girar y evitan que la herramienta ruede sobre superficies planas  Los mangos de agarre suave brindan mayor comodidad y control al mismo tiempo que resisten la mayor\u00eda de los solventes comerciales  El revestimiento de cromo-n\u00edquel ayuda a proteger contra la corrosi\u00f3n y facilita la limpieza [:en]  Wide three-lobed design in the center of the handle and special alloy steel blade provides turning power when needed  Tip identifier on the crown helps quickly identify the tool needed  Scoop neck and six specially designed curves and flutes provide fingertip control, aid in turning and prevent tool from rolling on flat surfaces  Soft-grip handles provide increased comfort and control while resisting most commercial solvents  Chromium-nickel plating helps protect against corrosion and makes cleaning easy [:]","og_url":"https:\/\/techmasterdemexico.com\/producto\/destornillador-de-gabinete-de-agarre-suave-phillips-2-instinct-rojo\/","og_site_name":"Techmaster de Mexico","article_modified_time":"2025-06-26T19:40:53+00:00","og_image":[{"width":1000,"height":1000,"url":"https:\/\/techmasterdemexico.com\/wp-content\/uploads\/SGDP82BR.png","type":"image\/png"}],"twitter_card":"summary_large_image","twitter_misc":{"Est. reading time":"1 minute"},"schema":{"@context":"https:\/\/schema.org","@graph":[{"@type":"WebPage","@id":"https:\/\/techmasterdemexico.com\/producto\/destornillador-de-gabinete-de-agarre-suave-phillips-2-instinct-rojo\/","url":"https:\/\/techmasterdemexico.com\/producto\/destornillador-de-gabinete-de-agarre-suave-phillips-2-instinct-rojo\/","name":"Destornillador de gabinete de agarre suave PHILLIPS\u00ae #2 Instinct\u00ae (rojo) - Techmaster de Mexico","isPartOf":{"@id":"https:\/\/techmasterdemexico.com\/#website"},"primaryImageOfPage":{"@id":"https:\/\/techmasterdemexico.com\/producto\/destornillador-de-gabinete-de-agarre-suave-phillips-2-instinct-rojo\/#primaryimage"},"image":{"@id":"https:\/\/techmasterdemexico.com\/producto\/destornillador-de-gabinete-de-agarre-suave-phillips-2-instinct-rojo\/#primaryimage"},"thumbnailUrl":"https:\/\/techmasterdemexico.com\/wp-content\/uploads\/SGDP82BR.png","datePublished":"2022-12-20T18:14:48+00:00","dateModified":"2025-06-26T19:40:53+00:00","breadcrumb":{"@id":"https:\/\/techmasterdemexico.com\/producto\/destornillador-de-gabinete-de-agarre-suave-phillips-2-instinct-rojo\/#breadcrumb"},"inLanguage":"en-US","potentialAction":[{"@type":"ReadAction","target":["https:\/\/techmasterdemexico.com\/producto\/destornillador-de-gabinete-de-agarre-suave-phillips-2-instinct-rojo\/"]}]},{"@type":"ImageObject","inLanguage":"en-US","@id":"https:\/\/techmasterdemexico.com\/producto\/destornillador-de-gabinete-de-agarre-suave-phillips-2-instinct-rojo\/#primaryimage","url":"https:\/\/techmasterdemexico.com\/wp-content\/uploads\/SGDP82BR.png","contentUrl":"https:\/\/techmasterdemexico.com\/wp-content\/uploads\/SGDP82BR.png","width":1000,"height":1000},{"@type":"BreadcrumbList","@id":"https:\/\/techmasterdemexico.com\/producto\/destornillador-de-gabinete-de-agarre-suave-phillips-2-instinct-rojo\/#breadcrumb","itemListElement":[{"@type":"ListItem","position":1,"name":"Portada","item":"https:\/\/techmasterdemexico.com\/"},{"@type":"ListItem","position":2,"name":"Destornillador de gabinete de agarre suave PHILLIPS\u00ae #2 Instinct\u00ae (rojo)"}]},{"@type":"WebSite","@id":"https:\/\/techmasterdemexico.com\/#website","url":"https:\/\/techmasterdemexico.com\/","name":"Techmaster de Mexico","description":"","potentialAction":[{"@type":"SearchAction","target":{"@type":"EntryPoint","urlTemplate":"https:\/\/techmasterdemexico.com\/?s={search_term_string}"},"query-input":{"@type":"PropertyValueSpecification","valueRequired":true,"valueName":"search_term_string"}}],"inLanguage":"en-US"}]}},"brands":[{"id":98,"name":"Snap On","slug":"snap-on"}],"_links":{"self":[{"href":"https:\/\/techmasterdemexico.com\/en\/wp-json\/wp\/v2\/product\/19954","targetHints":{"allow":["GET"]}}],"collection":[{"href":"https:\/\/techmasterdemexico.com\/en\/wp-json\/wp\/v2\/product"}],"about":[{"href":"https:\/\/techmasterdemexico.com\/en\/wp-json\/wp\/v2\/types\/product"}],"wp:featuredmedia":[{"embeddable":true,"href":"https:\/\/techmasterdemexico.com\/en\/wp-json\/wp\/v2\/media\/19979"}],"wp:attachment":[{"href":"https:\/\/techmasterdemexico.com\/en\/wp-json\/wp\/v2\/media?parent=19954"}],"wp:term":[{"taxonomy":"pwb-brand","embeddable":true,"href":"https:\/\/techmasterdemexico.com\/en\/wp-json\/wp\/v2\/pwb-brand?post=19954"},{"taxonomy":"product_brand","embeddable":true,"href":"https:\/\/techmasterdemexico.com\/en\/wp-json\/wp\/v2\/product_brand?post=19954"},{"taxonomy":"product_cat","embeddable":true,"href":"https:\/\/techmasterdemexico.com\/en\/wp-json\/wp\/v2\/product_cat?post=19954"},{"taxonomy":"product_tag","embeddable":true,"href":"https:\/\/techmasterdemexico.com\/en\/wp-json\/wp\/v2\/product_tag?post=19954"}],"curies":[{"name":"wp","href":"https:\/\/api.w.org\/{rel}","templated":true}]}}