{"id":19953,"date":"2022-12-20T11:14:47","date_gmt":"2022-12-20T18:14:47","guid":{"rendered":"https:\/\/techmasterdemexico.com\/producto\/destornillador-de-torque-ajustable\/"},"modified":"2025-06-26T12:39:39","modified_gmt":"2025-06-26T19:39:39","slug":"destornillador-de-torque-ajustable","status":"publish","type":"product","link":"https:\/\/techmasterdemexico.com\/en\/producto\/destornillador-de-torque-ajustable\/","title":{"rendered":"Destornillador de torque ajustable"},"content":{"rendered":"<p>Snap-On\u00ae Torque Driver, Adjustable, Imperial Measurement System, 1\/4 in. Hex Drive, 5 &#8211; 40 in-lb Range, 6-11\/16 in. Overall Length, CW, +\/- Accuracy -6%, ergonomic\/tri-lobe grip, aluminum with stainless steel shank, red anodized. Drivers accept all standard 1\/4 in. hex driver bits. The cam torque limiting clutch freewheels 90 degrees when the set torque is reached. The robust and lightweight construction features a red anodized aluminum body with a stainless steel stem. Comfortable ergonomic Tri-Lobe grip and magnetic bit retention. Accuracy is +\/-6% clockwise for all serial controllers only.<\/p>","protected":false},"excerpt":{"rendered":"<ul>\n<li>Ideal tool for low-torque assembly, precision applications, and panel work.<\/li>\n<li>The driver accepts all standard 1\/4&#8243; hex driver bits.<\/li>\n<li>Torque limiting clutch freewheels 90\u00b0 when set torque is reached.<\/li>\n<li>Accuracy is \u00b16% from 20 to 100% of full scale in a clockwise direction.<\/li>\n<li>Lightweight and robust construction with an aluminum body with a steel stem.<\/li>\n<li>Comfortable ergonomic tri-lobed grip and magnetic bit retention.<\/li>\n<li>Textured body provides a no-slip grip.<\/li>\n<li>Length (6-11\/16 inches).<\/li>\n<li>Increments 0.5 in-lb.<\/li>\n<li>Range 5\u201340 in-lb (56\u2013451 N\u2022cm).<\/li>\n<\/ul>\n","protected":false},"featured_media":19981,"template":"","meta":{"_acf_changed":false},"pwb-brand":[98],"product_brand":[],"product_cat":[366,63,541,48],"product_tag":[],"class_list":{"0":"post-19953","1":"product","2":"type-product","3":"status-publish","4":"has-post-thumbnail","6":"pwb-brand-snap-on","7":"product_cat-todos-los-productos","8":"product_cat-destornilladores","9":"product_cat-destornilladores-dinamometricos","10":"product_cat-snap-on","12":"first","13":"instock","14":"taxable","15":"shipping-taxable","16":"purchasable","17":"product-type-simple"},"acf":[],"yoast_head":"<!-- This site is optimized with the Yoast SEO plugin v27.4 - https:\/\/yoast.com\/product\/yoast-seo-wordpress\/ -->\n<title>Destornillador de torque ajustable - Techmaster de Mexico<\/title>\n<meta name=\"robots\" content=\"index, follow, max-snippet:-1, max-image-preview:large, max-video-preview:-1\" \/>\n<link rel=\"canonical\" href=\"https:\/\/techmasterdemexico.com\/producto\/destornillador-de-torque-ajustable\/\" \/>\n<meta property=\"og:locale\" content=\"en_US\" \/>\n<meta property=\"og:type\" content=\"article\" \/>\n<meta property=\"og:title\" content=\"Destornillador de torque ajustable - Techmaster de Mexico\" \/>\n<meta property=\"og:description\" content=\"[:es]  Herramienta ideal para ensambles de bajo torque, aplicaciones de precisi\u00f3n y trabajo en el tablero.  El destornillador acepta todas las puntas de destornillador hexagonal est\u00e1ndar de 1\/4&quot;.  Ruedas libres del embrague limitador de par 90\u00b0 cuando se alcanza el par establecido.  La precisi\u00f3n es de \u00b16 % del 20 al 100 % de la escala completa en el sentido de las agujas del reloj.  Construcci\u00f3n liviana y robusta con cuerpo de aluminio con v\u00e1stago de acero.  C\u00f3moda empu\u00f1adura ergon\u00f3mica de tres l\u00f3bulos y retenci\u00f3n magn\u00e9tica de puntas.  El cuerpo texturizado brinda un agarre antideslizante.  Longitud (Pulgadas 6-11\/16).  Incrementos 0.5 in-lb.  Rango 5\u201340 pulg.-lb (56\u2013451 N\u2022cm). [:en]  Ideal tool for low-torque assembly, precision applications, and panel work.  The driver accepts all standard 1\/4&quot; hex driver bits.  Torque limiting clutch freewheels 90\u00b0 when set torque is reached.  Accuracy is \u00b16% from 20 to 100% of full scale in a clockwise direction.  Lightweight and robust construction with an aluminum body with a steel stem.  Comfortable ergonomic tri-lobed grip and magnetic bit retention.  Textured body provides a no-slip grip.  Length (6-11\/16 inches).  Increments 0.5 in-lb.  Range 5\u201340 in-lb (56\u2013451 N\u2022cm). [:]\" \/>\n<meta property=\"og:url\" content=\"https:\/\/techmasterdemexico.com\/producto\/destornillador-de-torque-ajustable\/\" \/>\n<meta property=\"og:site_name\" content=\"Techmaster de Mexico\" \/>\n<meta property=\"article:modified_time\" content=\"2025-06-26T19:39:39+00:00\" \/>\n<meta property=\"og:image\" content=\"https:\/\/techmasterdemexico.com\/wp-content\/uploads\/SnapOn-QDRIVER4.png\" \/>\n\t<meta property=\"og:image:width\" content=\"1000\" \/>\n\t<meta property=\"og:image:height\" content=\"1000\" \/>\n\t<meta property=\"og:image:type\" content=\"image\/png\" \/>\n<meta name=\"twitter:card\" content=\"summary_large_image\" \/>\n<meta name=\"twitter:label1\" content=\"Est. reading time\" \/>\n\t<meta name=\"twitter:data1\" content=\"1 minute\" \/>\n<script type=\"application\/ld+json\" class=\"yoast-schema-graph\">{\"@context\":\"https:\\\/\\\/schema.org\",\"@graph\":[{\"@type\":\"WebPage\",\"@id\":\"https:\\\/\\\/techmasterdemexico.com\\\/producto\\\/destornillador-de-torque-ajustable\\\/\",\"url\":\"https:\\\/\\\/techmasterdemexico.com\\\/producto\\\/destornillador-de-torque-ajustable\\\/\",\"name\":\"Destornillador de torque ajustable - Techmaster de Mexico\",\"isPartOf\":{\"@id\":\"https:\\\/\\\/techmasterdemexico.com\\\/#website\"},\"primaryImageOfPage\":{\"@id\":\"https:\\\/\\\/techmasterdemexico.com\\\/producto\\\/destornillador-de-torque-ajustable\\\/#primaryimage\"},\"image\":{\"@id\":\"https:\\\/\\\/techmasterdemexico.com\\\/producto\\\/destornillador-de-torque-ajustable\\\/#primaryimage\"},\"thumbnailUrl\":\"https:\\\/\\\/techmasterdemexico.com\\\/wp-content\\\/uploads\\\/SnapOn-QDRIVER4.png\",\"datePublished\":\"2022-12-20T18:14:47+00:00\",\"dateModified\":\"2025-06-26T19:39:39+00:00\",\"breadcrumb\":{\"@id\":\"https:\\\/\\\/techmasterdemexico.com\\\/producto\\\/destornillador-de-torque-ajustable\\\/#breadcrumb\"},\"inLanguage\":\"en-US\",\"potentialAction\":[{\"@type\":\"ReadAction\",\"target\":[\"https:\\\/\\\/techmasterdemexico.com\\\/producto\\\/destornillador-de-torque-ajustable\\\/\"]}]},{\"@type\":\"ImageObject\",\"inLanguage\":\"en-US\",\"@id\":\"https:\\\/\\\/techmasterdemexico.com\\\/producto\\\/destornillador-de-torque-ajustable\\\/#primaryimage\",\"url\":\"https:\\\/\\\/techmasterdemexico.com\\\/wp-content\\\/uploads\\\/SnapOn-QDRIVER4.png\",\"contentUrl\":\"https:\\\/\\\/techmasterdemexico.com\\\/wp-content\\\/uploads\\\/SnapOn-QDRIVER4.png\",\"width\":1000,\"height\":1000},{\"@type\":\"BreadcrumbList\",\"@id\":\"https:\\\/\\\/techmasterdemexico.com\\\/producto\\\/destornillador-de-torque-ajustable\\\/#breadcrumb\",\"itemListElement\":[{\"@type\":\"ListItem\",\"position\":1,\"name\":\"Portada\",\"item\":\"https:\\\/\\\/techmasterdemexico.com\\\/\"},{\"@type\":\"ListItem\",\"position\":2,\"name\":\"Destornillador de torque ajustable\"}]},{\"@type\":\"WebSite\",\"@id\":\"https:\\\/\\\/techmasterdemexico.com\\\/#website\",\"url\":\"https:\\\/\\\/techmasterdemexico.com\\\/\",\"name\":\"Techmaster de Mexico\",\"description\":\"\",\"potentialAction\":[{\"@type\":\"SearchAction\",\"target\":{\"@type\":\"EntryPoint\",\"urlTemplate\":\"https:\\\/\\\/techmasterdemexico.com\\\/?s={search_term_string}\"},\"query-input\":{\"@type\":\"PropertyValueSpecification\",\"valueRequired\":true,\"valueName\":\"search_term_string\"}}],\"inLanguage\":\"en-US\"}]}<\/script>\n<!-- \/ Yoast SEO plugin. -->","yoast_head_json":{"title":"Destornillador de torque ajustable - Techmaster de Mexico","robots":{"index":"index","follow":"follow","max-snippet":"max-snippet:-1","max-image-preview":"max-image-preview:large","max-video-preview":"max-video-preview:-1"},"canonical":"https:\/\/techmasterdemexico.com\/producto\/destornillador-de-torque-ajustable\/","og_locale":"en_US","og_type":"article","og_title":"Destornillador de torque ajustable - Techmaster de Mexico","og_description":"[:es]  Herramienta ideal para ensambles de bajo torque, aplicaciones de precisi\u00f3n y trabajo en el tablero.  El destornillador acepta todas las puntas de destornillador hexagonal est\u00e1ndar de 1\/4\".  Ruedas libres del embrague limitador de par 90\u00b0 cuando se alcanza el par establecido.  La precisi\u00f3n es de \u00b16 % del 20 al 100 % de la escala completa en el sentido de las agujas del reloj.  Construcci\u00f3n liviana y robusta con cuerpo de aluminio con v\u00e1stago de acero.  C\u00f3moda empu\u00f1adura ergon\u00f3mica de tres l\u00f3bulos y retenci\u00f3n magn\u00e9tica de puntas.  El cuerpo texturizado brinda un agarre antideslizante.  Longitud (Pulgadas 6-11\/16).  Incrementos 0.5 in-lb.  Rango 5\u201340 pulg.-lb (56\u2013451 N\u2022cm). [:en]  Ideal tool for low-torque assembly, precision applications, and panel work.  The driver accepts all standard 1\/4\" hex driver bits.  Torque limiting clutch freewheels 90\u00b0 when set torque is reached.  Accuracy is \u00b16% from 20 to 100% of full scale in a clockwise direction.  Lightweight and robust construction with an aluminum body with a steel stem.  Comfortable ergonomic tri-lobed grip and magnetic bit retention.  Textured body provides a no-slip grip.  Length (6-11\/16 inches).  Increments 0.5 in-lb.  Range 5\u201340 in-lb (56\u2013451 N\u2022cm). [:]","og_url":"https:\/\/techmasterdemexico.com\/producto\/destornillador-de-torque-ajustable\/","og_site_name":"Techmaster de Mexico","article_modified_time":"2025-06-26T19:39:39+00:00","og_image":[{"width":1000,"height":1000,"url":"https:\/\/techmasterdemexico.com\/wp-content\/uploads\/SnapOn-QDRIVER4.png","type":"image\/png"}],"twitter_card":"summary_large_image","twitter_misc":{"Est. reading time":"1 minute"},"schema":{"@context":"https:\/\/schema.org","@graph":[{"@type":"WebPage","@id":"https:\/\/techmasterdemexico.com\/producto\/destornillador-de-torque-ajustable\/","url":"https:\/\/techmasterdemexico.com\/producto\/destornillador-de-torque-ajustable\/","name":"Destornillador de torque ajustable - Techmaster de Mexico","isPartOf":{"@id":"https:\/\/techmasterdemexico.com\/#website"},"primaryImageOfPage":{"@id":"https:\/\/techmasterdemexico.com\/producto\/destornillador-de-torque-ajustable\/#primaryimage"},"image":{"@id":"https:\/\/techmasterdemexico.com\/producto\/destornillador-de-torque-ajustable\/#primaryimage"},"thumbnailUrl":"https:\/\/techmasterdemexico.com\/wp-content\/uploads\/SnapOn-QDRIVER4.png","datePublished":"2022-12-20T18:14:47+00:00","dateModified":"2025-06-26T19:39:39+00:00","breadcrumb":{"@id":"https:\/\/techmasterdemexico.com\/producto\/destornillador-de-torque-ajustable\/#breadcrumb"},"inLanguage":"en-US","potentialAction":[{"@type":"ReadAction","target":["https:\/\/techmasterdemexico.com\/producto\/destornillador-de-torque-ajustable\/"]}]},{"@type":"ImageObject","inLanguage":"en-US","@id":"https:\/\/techmasterdemexico.com\/producto\/destornillador-de-torque-ajustable\/#primaryimage","url":"https:\/\/techmasterdemexico.com\/wp-content\/uploads\/SnapOn-QDRIVER4.png","contentUrl":"https:\/\/techmasterdemexico.com\/wp-content\/uploads\/SnapOn-QDRIVER4.png","width":1000,"height":1000},{"@type":"BreadcrumbList","@id":"https:\/\/techmasterdemexico.com\/producto\/destornillador-de-torque-ajustable\/#breadcrumb","itemListElement":[{"@type":"ListItem","position":1,"name":"Portada","item":"https:\/\/techmasterdemexico.com\/"},{"@type":"ListItem","position":2,"name":"Destornillador de torque ajustable"}]},{"@type":"WebSite","@id":"https:\/\/techmasterdemexico.com\/#website","url":"https:\/\/techmasterdemexico.com\/","name":"Techmaster de Mexico","description":"","potentialAction":[{"@type":"SearchAction","target":{"@type":"EntryPoint","urlTemplate":"https:\/\/techmasterdemexico.com\/?s={search_term_string}"},"query-input":{"@type":"PropertyValueSpecification","valueRequired":true,"valueName":"search_term_string"}}],"inLanguage":"en-US"}]}},"brands":[{"id":98,"name":"Snap On","slug":"snap-on"}],"_links":{"self":[{"href":"https:\/\/techmasterdemexico.com\/en\/wp-json\/wp\/v2\/product\/19953","targetHints":{"allow":["GET"]}}],"collection":[{"href":"https:\/\/techmasterdemexico.com\/en\/wp-json\/wp\/v2\/product"}],"about":[{"href":"https:\/\/techmasterdemexico.com\/en\/wp-json\/wp\/v2\/types\/product"}],"wp:featuredmedia":[{"embeddable":true,"href":"https:\/\/techmasterdemexico.com\/en\/wp-json\/wp\/v2\/media\/19981"}],"wp:attachment":[{"href":"https:\/\/techmasterdemexico.com\/en\/wp-json\/wp\/v2\/media?parent=19953"}],"wp:term":[{"taxonomy":"pwb-brand","embeddable":true,"href":"https:\/\/techmasterdemexico.com\/en\/wp-json\/wp\/v2\/pwb-brand?post=19953"},{"taxonomy":"product_brand","embeddable":true,"href":"https:\/\/techmasterdemexico.com\/en\/wp-json\/wp\/v2\/product_brand?post=19953"},{"taxonomy":"product_cat","embeddable":true,"href":"https:\/\/techmasterdemexico.com\/en\/wp-json\/wp\/v2\/product_cat?post=19953"},{"taxonomy":"product_tag","embeddable":true,"href":"https:\/\/techmasterdemexico.com\/en\/wp-json\/wp\/v2\/product_tag?post=19953"}],"curies":[{"name":"wp","href":"https:\/\/api.w.org\/{rel}","templated":true}]}}