{"id":19951,"date":"2022-12-20T11:14:44","date_gmt":"2022-12-20T18:14:44","guid":{"rendered":"https:\/\/techmasterdemexico.com\/producto\/dial-gauge-flat-bottom-type-iso-ip64-20-mm-0-01-mm\/"},"modified":"2025-06-26T12:40:28","modified_gmt":"2025-06-26T19:40:28","slug":"dial-gauge-flat-bottom-type-iso-ip64-20-mm-0-01-mm","status":"publish","type":"product","link":"https:\/\/techmasterdemexico.com\/en\/producto\/dial-gauge-flat-bottom-type-iso-ip64-20-mm-0-01-mm\/","title":{"rendered":"Dial gauge, flat bottom, type ISO IP64, 20 mm, 0.01 mm"},"content":{"rendered":"<p>Dial indicator, 0.01mm graduations, +\/-0.02mm accuracy, long-form calibration certificate number, AGD number AGD 2, flat back type, dial color white, dial reading 0-100, dial size 57 mm, and continuous reading. Designed with a bright face, the Mitutoyo 2050AB ANSI\/AGD Series 2 ANSI\/AGD Flat Dial Indicator offers easy readings. The compact indicator features a stem that measures 0.38&#8243; (9.5 mm) in diameter.<\/p>","protected":false},"excerpt":{"rendered":"<ul>\n<li>No threaded holes in the frame for high dust resistance.<\/li>\n<li>Increased bearing plate stiffness to reduce tracking error.<\/li>\n<li>Supported measurement units: Millimeter.<\/li>\n<li>Measuring range: Range\/Per Revolution: 20 mm\/1 mm.<\/li>\n<li>Accuracy: 0.01 mm first 2.5 revolutions; 0.02mm overall.<\/li>\n<li>Dial reading: 0 to 100.<\/li>\n<li>Graduation measures: Millimeters.<\/li>\n<li>Measuring force: 2 N or less.<\/li>\n<li>Approvals: ANSI AGD.<\/li>\n<\/ul>\n","protected":false},"featured_media":19990,"template":"","meta":{"_acf_changed":false},"pwb-brand":[39],"product_brand":[],"product_cat":[69,412,331,38],"product_tag":[],"class_list":{"0":"post-19951","1":"product","2":"type-product","3":"status-publish","4":"has-post-thumbnail","6":"pwb-brand-mitutoyo","7":"product_cat-indicadores","8":"product_cat-indicadores-de-caratula","9":"product_cat-instrumentos-de-medicion-y-gestion-de-datos","10":"product_cat-mitutoyo","12":"first","13":"instock","14":"taxable","15":"shipping-taxable","16":"purchasable","17":"product-type-simple"},"acf":[],"yoast_head":"<!-- This site is optimized with the Yoast SEO plugin v27.4 - https:\/\/yoast.com\/product\/yoast-seo-wordpress\/ -->\n<title>Dial gauge, flat bottom, type ISO IP64, 20 mm, 0.01 mm - Techmaster de Mexico<\/title>\n<meta name=\"robots\" content=\"index, follow, max-snippet:-1, max-image-preview:large, max-video-preview:-1\" \/>\n<link rel=\"canonical\" href=\"https:\/\/techmasterdemexico.com\/producto\/dial-gauge-flat-bottom-type-iso-ip64-20-mm-0-01-mm\/\" \/>\n<meta property=\"og:locale\" content=\"en_US\" \/>\n<meta property=\"og:type\" content=\"article\" \/>\n<meta property=\"og:title\" content=\"Dial gauge, flat bottom, type ISO IP64, 20 mm, 0.01 mm - Techmaster de Mexico\" \/>\n<meta property=\"og:description\" content=\"[:es]  Sin agujeros de rosca en el marco para una alta resistencia al polvo.  Mayor rigidez en la placa de rodamiento para reducir el error de rastreo.  Unidades de medida admitidas: Mil\u00edmetro.  Rango de medicion: Rango\/Por Revoluci\u00f3n: 20 mm\/1 mm.  Precisi\u00f3n: 0,01 mm primeras 2,5 revoluciones; 0,02 mm total.  Lectura de marcaci\u00f3n: 0 a 100.  Medidas de graduaci\u00f3n: Mil\u00edmetros.  Fuerza de medici\u00f3n: 2 N o menos.  Aprobaciones: ANSI AGD. [:en]  No threaded holes in the frame for high dust resistance.  Increased bearing plate stiffness to reduce tracking error.  Supported measurement units: Millimeter.  Measuring range: Range\/Per Revolution: 20 mm\/1 mm.  Accuracy: 0.01 mm first 2.5 revolutions; 0.02mm overall.  Dial reading: 0 to 100.  Graduation measures: Millimeters.  Measuring force: 2 N or less.  Approvals: ANSI AGD. [:]\" \/>\n<meta property=\"og:url\" content=\"https:\/\/techmasterdemexico.com\/producto\/dial-gauge-flat-bottom-type-iso-ip64-20-mm-0-01-mm\/\" \/>\n<meta property=\"og:site_name\" content=\"Techmaster de Mexico\" \/>\n<meta property=\"article:modified_time\" content=\"2025-06-26T19:40:28+00:00\" \/>\n<meta property=\"og:image\" content=\"https:\/\/techmasterdemexico.com\/wp-content\/uploads\/2050AB.png\" \/>\n\t<meta property=\"og:image:width\" content=\"1000\" \/>\n\t<meta property=\"og:image:height\" content=\"1000\" \/>\n\t<meta property=\"og:image:type\" content=\"image\/png\" \/>\n<meta name=\"twitter:card\" content=\"summary_large_image\" \/>\n<meta name=\"twitter:label1\" content=\"Est. reading time\" \/>\n\t<meta name=\"twitter:data1\" content=\"1 minute\" \/>\n<script type=\"application\/ld+json\" class=\"yoast-schema-graph\">{\"@context\":\"https:\\\/\\\/schema.org\",\"@graph\":[{\"@type\":\"WebPage\",\"@id\":\"https:\\\/\\\/techmasterdemexico.com\\\/producto\\\/dial-gauge-flat-bottom-type-iso-ip64-20-mm-0-01-mm\\\/\",\"url\":\"https:\\\/\\\/techmasterdemexico.com\\\/producto\\\/dial-gauge-flat-bottom-type-iso-ip64-20-mm-0-01-mm\\\/\",\"name\":\"Dial gauge, flat bottom, type ISO IP64, 20 mm, 0.01 mm - Techmaster de Mexico\",\"isPartOf\":{\"@id\":\"https:\\\/\\\/techmasterdemexico.com\\\/#website\"},\"primaryImageOfPage\":{\"@id\":\"https:\\\/\\\/techmasterdemexico.com\\\/producto\\\/dial-gauge-flat-bottom-type-iso-ip64-20-mm-0-01-mm\\\/#primaryimage\"},\"image\":{\"@id\":\"https:\\\/\\\/techmasterdemexico.com\\\/producto\\\/dial-gauge-flat-bottom-type-iso-ip64-20-mm-0-01-mm\\\/#primaryimage\"},\"thumbnailUrl\":\"https:\\\/\\\/techmasterdemexico.com\\\/wp-content\\\/uploads\\\/2050AB.png\",\"datePublished\":\"2022-12-20T18:14:44+00:00\",\"dateModified\":\"2025-06-26T19:40:28+00:00\",\"breadcrumb\":{\"@id\":\"https:\\\/\\\/techmasterdemexico.com\\\/producto\\\/dial-gauge-flat-bottom-type-iso-ip64-20-mm-0-01-mm\\\/#breadcrumb\"},\"inLanguage\":\"en-US\",\"potentialAction\":[{\"@type\":\"ReadAction\",\"target\":[\"https:\\\/\\\/techmasterdemexico.com\\\/producto\\\/dial-gauge-flat-bottom-type-iso-ip64-20-mm-0-01-mm\\\/\"]}]},{\"@type\":\"ImageObject\",\"inLanguage\":\"en-US\",\"@id\":\"https:\\\/\\\/techmasterdemexico.com\\\/producto\\\/dial-gauge-flat-bottom-type-iso-ip64-20-mm-0-01-mm\\\/#primaryimage\",\"url\":\"https:\\\/\\\/techmasterdemexico.com\\\/wp-content\\\/uploads\\\/2050AB.png\",\"contentUrl\":\"https:\\\/\\\/techmasterdemexico.com\\\/wp-content\\\/uploads\\\/2050AB.png\",\"width\":1000,\"height\":1000},{\"@type\":\"BreadcrumbList\",\"@id\":\"https:\\\/\\\/techmasterdemexico.com\\\/producto\\\/dial-gauge-flat-bottom-type-iso-ip64-20-mm-0-01-mm\\\/#breadcrumb\",\"itemListElement\":[{\"@type\":\"ListItem\",\"position\":1,\"name\":\"Portada\",\"item\":\"https:\\\/\\\/techmasterdemexico.com\\\/\"},{\"@type\":\"ListItem\",\"position\":2,\"name\":\"Dial gauge, flat bottom, type ISO IP64, 20 mm, 0.01 mm\"}]},{\"@type\":\"WebSite\",\"@id\":\"https:\\\/\\\/techmasterdemexico.com\\\/#website\",\"url\":\"https:\\\/\\\/techmasterdemexico.com\\\/\",\"name\":\"Techmaster de Mexico\",\"description\":\"\",\"potentialAction\":[{\"@type\":\"SearchAction\",\"target\":{\"@type\":\"EntryPoint\",\"urlTemplate\":\"https:\\\/\\\/techmasterdemexico.com\\\/?s={search_term_string}\"},\"query-input\":{\"@type\":\"PropertyValueSpecification\",\"valueRequired\":true,\"valueName\":\"search_term_string\"}}],\"inLanguage\":\"en-US\"}]}<\/script>\n<!-- \/ Yoast SEO plugin. -->","yoast_head_json":{"title":"Dial gauge, flat bottom, type ISO IP64, 20 mm, 0.01 mm - Techmaster de Mexico","robots":{"index":"index","follow":"follow","max-snippet":"max-snippet:-1","max-image-preview":"max-image-preview:large","max-video-preview":"max-video-preview:-1"},"canonical":"https:\/\/techmasterdemexico.com\/producto\/dial-gauge-flat-bottom-type-iso-ip64-20-mm-0-01-mm\/","og_locale":"en_US","og_type":"article","og_title":"Dial gauge, flat bottom, type ISO IP64, 20 mm, 0.01 mm - Techmaster de Mexico","og_description":"[:es]  Sin agujeros de rosca en el marco para una alta resistencia al polvo.  Mayor rigidez en la placa de rodamiento para reducir el error de rastreo.  Unidades de medida admitidas: Mil\u00edmetro.  Rango de medicion: Rango\/Por Revoluci\u00f3n: 20 mm\/1 mm.  Precisi\u00f3n: 0,01 mm primeras 2,5 revoluciones; 0,02 mm total.  Lectura de marcaci\u00f3n: 0 a 100.  Medidas de graduaci\u00f3n: Mil\u00edmetros.  Fuerza de medici\u00f3n: 2 N o menos.  Aprobaciones: ANSI AGD. [:en]  No threaded holes in the frame for high dust resistance.  Increased bearing plate stiffness to reduce tracking error.  Supported measurement units: Millimeter.  Measuring range: Range\/Per Revolution: 20 mm\/1 mm.  Accuracy: 0.01 mm first 2.5 revolutions; 0.02mm overall.  Dial reading: 0 to 100.  Graduation measures: Millimeters.  Measuring force: 2 N or less.  Approvals: ANSI AGD. [:]","og_url":"https:\/\/techmasterdemexico.com\/producto\/dial-gauge-flat-bottom-type-iso-ip64-20-mm-0-01-mm\/","og_site_name":"Techmaster de Mexico","article_modified_time":"2025-06-26T19:40:28+00:00","og_image":[{"width":1000,"height":1000,"url":"https:\/\/techmasterdemexico.com\/wp-content\/uploads\/2050AB.png","type":"image\/png"}],"twitter_card":"summary_large_image","twitter_misc":{"Est. reading time":"1 minute"},"schema":{"@context":"https:\/\/schema.org","@graph":[{"@type":"WebPage","@id":"https:\/\/techmasterdemexico.com\/producto\/dial-gauge-flat-bottom-type-iso-ip64-20-mm-0-01-mm\/","url":"https:\/\/techmasterdemexico.com\/producto\/dial-gauge-flat-bottom-type-iso-ip64-20-mm-0-01-mm\/","name":"Dial gauge, flat bottom, type ISO IP64, 20 mm, 0.01 mm - Techmaster de Mexico","isPartOf":{"@id":"https:\/\/techmasterdemexico.com\/#website"},"primaryImageOfPage":{"@id":"https:\/\/techmasterdemexico.com\/producto\/dial-gauge-flat-bottom-type-iso-ip64-20-mm-0-01-mm\/#primaryimage"},"image":{"@id":"https:\/\/techmasterdemexico.com\/producto\/dial-gauge-flat-bottom-type-iso-ip64-20-mm-0-01-mm\/#primaryimage"},"thumbnailUrl":"https:\/\/techmasterdemexico.com\/wp-content\/uploads\/2050AB.png","datePublished":"2022-12-20T18:14:44+00:00","dateModified":"2025-06-26T19:40:28+00:00","breadcrumb":{"@id":"https:\/\/techmasterdemexico.com\/producto\/dial-gauge-flat-bottom-type-iso-ip64-20-mm-0-01-mm\/#breadcrumb"},"inLanguage":"en-US","potentialAction":[{"@type":"ReadAction","target":["https:\/\/techmasterdemexico.com\/producto\/dial-gauge-flat-bottom-type-iso-ip64-20-mm-0-01-mm\/"]}]},{"@type":"ImageObject","inLanguage":"en-US","@id":"https:\/\/techmasterdemexico.com\/producto\/dial-gauge-flat-bottom-type-iso-ip64-20-mm-0-01-mm\/#primaryimage","url":"https:\/\/techmasterdemexico.com\/wp-content\/uploads\/2050AB.png","contentUrl":"https:\/\/techmasterdemexico.com\/wp-content\/uploads\/2050AB.png","width":1000,"height":1000},{"@type":"BreadcrumbList","@id":"https:\/\/techmasterdemexico.com\/producto\/dial-gauge-flat-bottom-type-iso-ip64-20-mm-0-01-mm\/#breadcrumb","itemListElement":[{"@type":"ListItem","position":1,"name":"Portada","item":"https:\/\/techmasterdemexico.com\/"},{"@type":"ListItem","position":2,"name":"Dial gauge, flat bottom, type ISO IP64, 20 mm, 0.01 mm"}]},{"@type":"WebSite","@id":"https:\/\/techmasterdemexico.com\/#website","url":"https:\/\/techmasterdemexico.com\/","name":"Techmaster de Mexico","description":"","potentialAction":[{"@type":"SearchAction","target":{"@type":"EntryPoint","urlTemplate":"https:\/\/techmasterdemexico.com\/?s={search_term_string}"},"query-input":{"@type":"PropertyValueSpecification","valueRequired":true,"valueName":"search_term_string"}}],"inLanguage":"en-US"}]}},"brands":[{"id":39,"name":"Mitutoyo","slug":"mitutoyo"}],"_links":{"self":[{"href":"https:\/\/techmasterdemexico.com\/en\/wp-json\/wp\/v2\/product\/19951","targetHints":{"allow":["GET"]}}],"collection":[{"href":"https:\/\/techmasterdemexico.com\/en\/wp-json\/wp\/v2\/product"}],"about":[{"href":"https:\/\/techmasterdemexico.com\/en\/wp-json\/wp\/v2\/types\/product"}],"wp:featuredmedia":[{"embeddable":true,"href":"https:\/\/techmasterdemexico.com\/en\/wp-json\/wp\/v2\/media\/19990"}],"wp:attachment":[{"href":"https:\/\/techmasterdemexico.com\/en\/wp-json\/wp\/v2\/media?parent=19951"}],"wp:term":[{"taxonomy":"pwb-brand","embeddable":true,"href":"https:\/\/techmasterdemexico.com\/en\/wp-json\/wp\/v2\/pwb-brand?post=19951"},{"taxonomy":"product_brand","embeddable":true,"href":"https:\/\/techmasterdemexico.com\/en\/wp-json\/wp\/v2\/product_brand?post=19951"},{"taxonomy":"product_cat","embeddable":true,"href":"https:\/\/techmasterdemexico.com\/en\/wp-json\/wp\/v2\/product_cat?post=19951"},{"taxonomy":"product_tag","embeddable":true,"href":"https:\/\/techmasterdemexico.com\/en\/wp-json\/wp\/v2\/product_tag?post=19951"}],"curies":[{"name":"wp","href":"https:\/\/api.w.org\/{rel}","templated":true}]}}