{"id":19950,"date":"2022-12-20T11:14:42","date_gmt":"2022-12-20T18:14:42","guid":{"rendered":"https:\/\/techmasterdemexico.com\/producto\/linterna-led-de-lujo-para-gorra-fluke-l206\/"},"modified":"2025-06-26T12:40:30","modified_gmt":"2025-06-26T19:40:30","slug":"linterna-led-de-lujo-para-gorra-fluke-l206","status":"publish","type":"product","link":"https:\/\/techmasterdemexico.com\/en\/producto\/linterna-led-de-lujo-para-gorra-fluke-l206\/","title":{"rendered":"Linterna LED de lujo para gorra Fluke L206"},"content":{"rendered":"<p>Attach it to a hard hat, cap, or even a panel hatch to get the lighting you need. Helmet lamp, ideal tool for when you need it, easy to use.<\/p>","protected":false},"excerpt":{"rendered":"<ul>\n<li>3 super bright white LEDs<\/li>\n<li>360\u00b0 rotating clamp<\/li>\n<li>40 hour battery<\/li>\n<li>water resistant<\/li>\n<li>Durable polymer design<\/li>\n<li>Frame with rubber protection<\/li>\n<li>shielded rubber panel<\/li>\n<li>Durable polymer construction<\/li>\n<li>waterproof casing<\/li>\n<li>Neck belt included<\/li>\n<li>360\u00b0 rotating clip<\/li>\n<li>A special clip to be attached to a protective helmet<\/li>\n<li>Thermoplastic body material<\/li>\n<li>Lamp life 100,000 hours<\/li>\n<li>Flashlight battery size ( AAA )<\/li>\n<li>Flashlight Battery Type ( Alkaline )<\/li>\n<\/ul>\n","protected":false},"featured_media":19993,"template":"","meta":{"_acf_changed":false},"pwb-brand":[31],"product_brand":[],"product_cat":[366,118,120,30],"product_tag":[],"class_list":{"0":"post-19950","1":"product","2":"type-product","3":"status-publish","4":"has-post-thumbnail","6":"pwb-brand-fluke","7":"product_cat-todos-los-productos","8":"product_cat-accesorios-fluke","9":"product_cat-adaptadores-y-cables","10":"product_cat-fluke","12":"first","13":"instock","14":"taxable","15":"shipping-taxable","16":"purchasable","17":"product-type-simple"},"acf":[],"yoast_head":"<!-- This site is optimized with the Yoast SEO plugin v27.4 - https:\/\/yoast.com\/product\/yoast-seo-wordpress\/ -->\n<title>Linterna LED de lujo para gorra Fluke L206 - Techmaster de Mexico<\/title>\n<meta name=\"robots\" content=\"index, follow, max-snippet:-1, max-image-preview:large, max-video-preview:-1\" \/>\n<link rel=\"canonical\" href=\"https:\/\/techmasterdemexico.com\/producto\/linterna-led-de-lujo-para-gorra-fluke-l206\/\" \/>\n<meta property=\"og:locale\" content=\"en_US\" \/>\n<meta property=\"og:type\" content=\"article\" \/>\n<meta property=\"og:title\" content=\"Linterna LED de lujo para gorra Fluke L206 - Techmaster de Mexico\" \/>\n<meta property=\"og:description\" content=\"[:es]  3 LED blancos superbrillantes  Pinza con rotaci\u00f3n de 360 \u00b0  Bater\u00eda de 40 horas  Resistentes al agua  Dise\u00f1o resistente de pol\u00edmero  Marco con protecci\u00f3n de goma  Panel de goma apantallado  Construcci\u00f3n duradera de pol\u00edmero  Carcasa impermeable  Cintur\u00f3n para cuello incluido  Clip giratorio 360\u00b0  Un clip especial para fijarse en casco de protecci\u00f3n  Material del cuerpo termopl\u00e1stico  Vida de la l\u00e1mpara 100.000 horas  Tama\u00f1o de la bater\u00eda de la linterna ( AAA )  Tipo de bater\u00eda de la linterna ( Alcalina ) [:en]  3 super bright white LEDs  360\u00b0 rotating clamp  40 hour battery  water resistant  Durable polymer design  Frame with rubber protection  shielded rubber panel  Durable polymer construction  waterproof casing  Neck belt included  360\u00b0 rotating clip  A special clip to be attached to a protective helmet  Thermoplastic body material  Lamp life 100,000 hours  Flashlight battery size ( AAA )  Flashlight Battery Type ( Alkaline ) [:]\" \/>\n<meta property=\"og:url\" content=\"https:\/\/techmasterdemexico.com\/producto\/linterna-led-de-lujo-para-gorra-fluke-l206\/\" \/>\n<meta property=\"og:site_name\" content=\"Techmaster de Mexico\" \/>\n<meta property=\"article:modified_time\" content=\"2025-06-26T19:40:30+00:00\" \/>\n<meta property=\"og:image\" content=\"https:\/\/techmasterdemexico.com\/wp-content\/uploads\/l206.png\" \/>\n\t<meta property=\"og:image:width\" content=\"1000\" \/>\n\t<meta property=\"og:image:height\" content=\"1000\" \/>\n\t<meta property=\"og:image:type\" content=\"image\/png\" \/>\n<meta name=\"twitter:card\" content=\"summary_large_image\" \/>\n<script type=\"application\/ld+json\" class=\"yoast-schema-graph\">{\"@context\":\"https:\\\/\\\/schema.org\",\"@graph\":[{\"@type\":\"WebPage\",\"@id\":\"https:\\\/\\\/techmasterdemexico.com\\\/producto\\\/linterna-led-de-lujo-para-gorra-fluke-l206\\\/\",\"url\":\"https:\\\/\\\/techmasterdemexico.com\\\/producto\\\/linterna-led-de-lujo-para-gorra-fluke-l206\\\/\",\"name\":\"Linterna LED de lujo para gorra Fluke L206 - Techmaster de Mexico\",\"isPartOf\":{\"@id\":\"https:\\\/\\\/techmasterdemexico.com\\\/#website\"},\"primaryImageOfPage\":{\"@id\":\"https:\\\/\\\/techmasterdemexico.com\\\/producto\\\/linterna-led-de-lujo-para-gorra-fluke-l206\\\/#primaryimage\"},\"image\":{\"@id\":\"https:\\\/\\\/techmasterdemexico.com\\\/producto\\\/linterna-led-de-lujo-para-gorra-fluke-l206\\\/#primaryimage\"},\"thumbnailUrl\":\"https:\\\/\\\/techmasterdemexico.com\\\/wp-content\\\/uploads\\\/l206.png\",\"datePublished\":\"2022-12-20T18:14:42+00:00\",\"dateModified\":\"2025-06-26T19:40:30+00:00\",\"breadcrumb\":{\"@id\":\"https:\\\/\\\/techmasterdemexico.com\\\/producto\\\/linterna-led-de-lujo-para-gorra-fluke-l206\\\/#breadcrumb\"},\"inLanguage\":\"en-US\",\"potentialAction\":[{\"@type\":\"ReadAction\",\"target\":[\"https:\\\/\\\/techmasterdemexico.com\\\/producto\\\/linterna-led-de-lujo-para-gorra-fluke-l206\\\/\"]}]},{\"@type\":\"ImageObject\",\"inLanguage\":\"en-US\",\"@id\":\"https:\\\/\\\/techmasterdemexico.com\\\/producto\\\/linterna-led-de-lujo-para-gorra-fluke-l206\\\/#primaryimage\",\"url\":\"https:\\\/\\\/techmasterdemexico.com\\\/wp-content\\\/uploads\\\/l206.png\",\"contentUrl\":\"https:\\\/\\\/techmasterdemexico.com\\\/wp-content\\\/uploads\\\/l206.png\",\"width\":1000,\"height\":1000},{\"@type\":\"BreadcrumbList\",\"@id\":\"https:\\\/\\\/techmasterdemexico.com\\\/producto\\\/linterna-led-de-lujo-para-gorra-fluke-l206\\\/#breadcrumb\",\"itemListElement\":[{\"@type\":\"ListItem\",\"position\":1,\"name\":\"Portada\",\"item\":\"https:\\\/\\\/techmasterdemexico.com\\\/\"},{\"@type\":\"ListItem\",\"position\":2,\"name\":\"Linterna LED de lujo para gorra Fluke L206\"}]},{\"@type\":\"WebSite\",\"@id\":\"https:\\\/\\\/techmasterdemexico.com\\\/#website\",\"url\":\"https:\\\/\\\/techmasterdemexico.com\\\/\",\"name\":\"Techmaster de Mexico\",\"description\":\"\",\"potentialAction\":[{\"@type\":\"SearchAction\",\"target\":{\"@type\":\"EntryPoint\",\"urlTemplate\":\"https:\\\/\\\/techmasterdemexico.com\\\/?s={search_term_string}\"},\"query-input\":{\"@type\":\"PropertyValueSpecification\",\"valueRequired\":true,\"valueName\":\"search_term_string\"}}],\"inLanguage\":\"en-US\"}]}<\/script>\n<!-- \/ Yoast SEO plugin. -->","yoast_head_json":{"title":"Linterna LED de lujo para gorra Fluke L206 - Techmaster de Mexico","robots":{"index":"index","follow":"follow","max-snippet":"max-snippet:-1","max-image-preview":"max-image-preview:large","max-video-preview":"max-video-preview:-1"},"canonical":"https:\/\/techmasterdemexico.com\/producto\/linterna-led-de-lujo-para-gorra-fluke-l206\/","og_locale":"en_US","og_type":"article","og_title":"Linterna LED de lujo para gorra Fluke L206 - Techmaster de Mexico","og_description":"[:es]  3 LED blancos superbrillantes  Pinza con rotaci\u00f3n de 360 \u00b0  Bater\u00eda de 40 horas  Resistentes al agua  Dise\u00f1o resistente de pol\u00edmero  Marco con protecci\u00f3n de goma  Panel de goma apantallado  Construcci\u00f3n duradera de pol\u00edmero  Carcasa impermeable  Cintur\u00f3n para cuello incluido  Clip giratorio 360\u00b0  Un clip especial para fijarse en casco de protecci\u00f3n  Material del cuerpo termopl\u00e1stico  Vida de la l\u00e1mpara 100.000 horas  Tama\u00f1o de la bater\u00eda de la linterna ( AAA )  Tipo de bater\u00eda de la linterna ( Alcalina ) [:en]  3 super bright white LEDs  360\u00b0 rotating clamp  40 hour battery  water resistant  Durable polymer design  Frame with rubber protection  shielded rubber panel  Durable polymer construction  waterproof casing  Neck belt included  360\u00b0 rotating clip  A special clip to be attached to a protective helmet  Thermoplastic body material  Lamp life 100,000 hours  Flashlight battery size ( AAA )  Flashlight Battery Type ( Alkaline ) [:]","og_url":"https:\/\/techmasterdemexico.com\/producto\/linterna-led-de-lujo-para-gorra-fluke-l206\/","og_site_name":"Techmaster de Mexico","article_modified_time":"2025-06-26T19:40:30+00:00","og_image":[{"width":1000,"height":1000,"url":"https:\/\/techmasterdemexico.com\/wp-content\/uploads\/l206.png","type":"image\/png"}],"twitter_card":"summary_large_image","schema":{"@context":"https:\/\/schema.org","@graph":[{"@type":"WebPage","@id":"https:\/\/techmasterdemexico.com\/producto\/linterna-led-de-lujo-para-gorra-fluke-l206\/","url":"https:\/\/techmasterdemexico.com\/producto\/linterna-led-de-lujo-para-gorra-fluke-l206\/","name":"Linterna LED de lujo para gorra Fluke L206 - Techmaster de Mexico","isPartOf":{"@id":"https:\/\/techmasterdemexico.com\/#website"},"primaryImageOfPage":{"@id":"https:\/\/techmasterdemexico.com\/producto\/linterna-led-de-lujo-para-gorra-fluke-l206\/#primaryimage"},"image":{"@id":"https:\/\/techmasterdemexico.com\/producto\/linterna-led-de-lujo-para-gorra-fluke-l206\/#primaryimage"},"thumbnailUrl":"https:\/\/techmasterdemexico.com\/wp-content\/uploads\/l206.png","datePublished":"2022-12-20T18:14:42+00:00","dateModified":"2025-06-26T19:40:30+00:00","breadcrumb":{"@id":"https:\/\/techmasterdemexico.com\/producto\/linterna-led-de-lujo-para-gorra-fluke-l206\/#breadcrumb"},"inLanguage":"en-US","potentialAction":[{"@type":"ReadAction","target":["https:\/\/techmasterdemexico.com\/producto\/linterna-led-de-lujo-para-gorra-fluke-l206\/"]}]},{"@type":"ImageObject","inLanguage":"en-US","@id":"https:\/\/techmasterdemexico.com\/producto\/linterna-led-de-lujo-para-gorra-fluke-l206\/#primaryimage","url":"https:\/\/techmasterdemexico.com\/wp-content\/uploads\/l206.png","contentUrl":"https:\/\/techmasterdemexico.com\/wp-content\/uploads\/l206.png","width":1000,"height":1000},{"@type":"BreadcrumbList","@id":"https:\/\/techmasterdemexico.com\/producto\/linterna-led-de-lujo-para-gorra-fluke-l206\/#breadcrumb","itemListElement":[{"@type":"ListItem","position":1,"name":"Portada","item":"https:\/\/techmasterdemexico.com\/"},{"@type":"ListItem","position":2,"name":"Linterna LED de lujo para gorra Fluke L206"}]},{"@type":"WebSite","@id":"https:\/\/techmasterdemexico.com\/#website","url":"https:\/\/techmasterdemexico.com\/","name":"Techmaster de Mexico","description":"","potentialAction":[{"@type":"SearchAction","target":{"@type":"EntryPoint","urlTemplate":"https:\/\/techmasterdemexico.com\/?s={search_term_string}"},"query-input":{"@type":"PropertyValueSpecification","valueRequired":true,"valueName":"search_term_string"}}],"inLanguage":"en-US"}]}},"brands":[{"id":31,"name":"Fluke","slug":"fluke"}],"_links":{"self":[{"href":"https:\/\/techmasterdemexico.com\/en\/wp-json\/wp\/v2\/product\/19950","targetHints":{"allow":["GET"]}}],"collection":[{"href":"https:\/\/techmasterdemexico.com\/en\/wp-json\/wp\/v2\/product"}],"about":[{"href":"https:\/\/techmasterdemexico.com\/en\/wp-json\/wp\/v2\/types\/product"}],"wp:featuredmedia":[{"embeddable":true,"href":"https:\/\/techmasterdemexico.com\/en\/wp-json\/wp\/v2\/media\/19993"}],"wp:attachment":[{"href":"https:\/\/techmasterdemexico.com\/en\/wp-json\/wp\/v2\/media?parent=19950"}],"wp:term":[{"taxonomy":"pwb-brand","embeddable":true,"href":"https:\/\/techmasterdemexico.com\/en\/wp-json\/wp\/v2\/pwb-brand?post=19950"},{"taxonomy":"product_brand","embeddable":true,"href":"https:\/\/techmasterdemexico.com\/en\/wp-json\/wp\/v2\/product_brand?post=19950"},{"taxonomy":"product_cat","embeddable":true,"href":"https:\/\/techmasterdemexico.com\/en\/wp-json\/wp\/v2\/product_cat?post=19950"},{"taxonomy":"product_tag","embeddable":true,"href":"https:\/\/techmasterdemexico.com\/en\/wp-json\/wp\/v2\/product_tag?post=19950"}],"curies":[{"name":"wp","href":"https:\/\/api.w.org\/{rel}","templated":true}]}}