{"id":19949,"date":"2022-12-20T11:14:41","date_gmt":"2022-12-20T18:14:41","guid":{"rendered":"https:\/\/techmasterdemexico.com\/producto\/kit-combinado-fluke-116-323-cvaa-incluye-multimetro-y-pinza-amperimetrica\/"},"modified":"2023-09-06T15:48:37","modified_gmt":"2023-09-06T22:48:37","slug":"kit-combinado-fluke-116-323-cvaa-incluye-multimetro-y-pinza-amperimetrica","status":"publish","type":"product","link":"https:\/\/techmasterdemexico.com\/en\/producto\/kit-combinado-fluke-116-323-cvaa-incluye-multimetro-y-pinza-amperimetrica\/","title":{"rendered":"Kit combinado Fluke 116\/323 CVAA \u2013 Incluye mult\u00edmetro y pinza amperim\u00e9trica"},"content":{"rendered":"<p>The Fluke 116\/323 HVAC Combo Kit gives you the best of a rugged, versatile multimeter and snap-acting general purpose clamp meter. The Fluke 323 is particularly well suited for current measurements up to 400 A in confined spaces. The Fluke 116 makes resistance, continuity, frequency, and capacitance measurements, and provides min\/max\/average readings with elapsed time to record signal fluctuations. Combined, the Fluke 116 HVAC Multimeter and 323 True RMS Clamp Meters give electricians the right tools for the job.<\/p>\n<p>&nbsp;<\/p>\n<p>Applications and main features:<\/p>\n<ul>\n<li>Integrated thermometer for heating, ventilation and air conditioning applications<\/li>\n<li>Microamp measurement for testing flame sensors<\/li>\n<li>Low input impedance \u2013 helps prevent false readings caused by ghost voltage<\/li>\n<li>Large backlit display for working in dimly lit places<\/li>\n<li>Resistance, continuity, frequency and capacity<\/li>\n<li>Recording of minimum, maximum and average values with indication of the elapsed time to detect signal fluctuations<\/li>\n<li>Ergonomic and compact design for one-handed use<\/li>\n<li>Compatible with optional magnet strap (ToolPak\u2122)<\/li>\n<li>CAT III 600V safety rating<\/li>\n<\/ul>\n<p><\/p>","protected":false},"excerpt":{"rendered":"<p>Fluke 116<\/p>\n<ul>\n<li>Dimensions 167x84x46mm<\/li>\n<li>Weight 550g<\/li>\n<li>Low input impedance \u2013 helps prevent false readings caused by ghost voltage<\/li>\n<li>Large backlit display for working in dimly lit places resistance, continuity, frequency and capacity.<\/li>\n<li>Provides Min\/Max\/Average to record signal fluctuations.<\/li>\n<li>Ergonomic and compact design for use with one hand.<\/li>\n<li>Compatible with optional strap with magnet (ToolPak\u2122).<\/li>\n<li>CAT III 600V safety rating.<\/li>\n<\/ul>\n<p>Fluke 323 True RMS Clamp Meter:<\/p>\n<ul>\n<li>Dimensions 207x75x34mm<\/li>\n<li>Weight 265g<\/li>\n<li>400 A AC current measurement.<\/li>\n<li>600 V AC and DC voltage measurement.<\/li>\n<li>True RMS AC voltage and current for accurate measurements on non-linear signals.<\/li>\n<li>Resistance measurement up to 40k? with continuity detection.<\/li>\n<li>Slim and ergonomic design.<\/li>\n<li>CAT IV 300V\/CAT III 600V safety rating.<\/li>\n<\/ul>\n","protected":false},"featured_media":19998,"template":"","meta":{"_acf_changed":false},"pwb-brand":[31],"product_brand":[],"product_cat":[366,30,138],"product_tag":[],"class_list":{"0":"post-19949","1":"product","2":"type-product","3":"status-publish","4":"has-post-thumbnail","6":"pwb-brand-fluke","7":"product_cat-todos-los-productos","8":"product_cat-fluke","9":"product_cat-multimetros-digitales-fluke","11":"first","12":"instock","13":"taxable","14":"shipping-taxable","15":"product-type-simple"},"acf":[],"yoast_head":"<!-- This site is optimized with the Yoast SEO plugin v27.4 - https:\/\/yoast.com\/product\/yoast-seo-wordpress\/ -->\n<title>Kit combinado Fluke 116\/323 CVAA \u2013 Incluye mult\u00edmetro y pinza amperim\u00e9trica - Techmaster de Mexico<\/title>\n<meta name=\"robots\" content=\"index, follow, max-snippet:-1, max-image-preview:large, max-video-preview:-1\" \/>\n<link rel=\"canonical\" href=\"https:\/\/techmasterdemexico.com\/producto\/kit-combinado-fluke-116-323-cvaa-incluye-multimetro-y-pinza-amperimetrica\/\" \/>\n<meta property=\"og:locale\" content=\"en_US\" \/>\n<meta property=\"og:type\" content=\"article\" \/>\n<meta property=\"og:title\" content=\"Kit combinado Fluke 116\/323 CVAA \u2013 Incluye mult\u00edmetro y pinza amperim\u00e9trica - Techmaster de Mexico\" \/>\n<meta property=\"og:description\" content=\"[:es]Fluke 116   Dimensiones 167x84x46mm  Peso 550g  Baja impedancia de entrada: ayuda a evitar las lecturas falsas producidas por voltaje fantasma  Gran pantalla con retroiluminaci\u00f3n para trabajar en lugares poco iluminados resistencia, continuidad, frecuencia y capacidad.  Proporciona Min \/ Max \/ Average para registrar las fluctuaciones de la se\u00f1al.  Dise\u00f1o ergon\u00f3mico y compacto para su usaci\u00f3n con una sola mano.  Compatible con correa con im\u00e1n opcional (ToolPak\u2122).  Clasificaci\u00f3n de seguridad CAT III 600 V.  Pinza amperim\u00e9trica de valor eficaz verdadero Fluke 323:   Dimensiones 207x75x34 mm  Peso 265g  Medida de corriente CA de 400 A.  Medida de voltaje de CA y CC de 600 V.  Voltaje y corriente de CA con valor eficaz verdadero para obtener mediciones exactas en se\u00f1ales no lineales.  Medida de resistencia de hasta 40 k? con detecci\u00f3n de continuidad.  Dise\u00f1o delgado y ergon\u00f3mico.  Clasificaci\u00f3n de seguridad CAT IV 300 V\/CAT III 600 V. [:en]Fluke 116   Dimensions 167x84x46mm  Weight 550g  Low input impedance \u2013 helps prevent false readings caused by ghost voltage  Large backlit display for working in dimly lit places resistance, continuity, frequency and capacity.  Provides Min\/Max\/Average to record signal fluctuations.  Ergonomic and compact design for use with one hand.  Compatible with optional strap with magnet (ToolPak\u2122).  CAT III 600V safety rating.  Fluke 323 True RMS Clamp Meter:   Dimensions 207x75x34mm  Weight 265g  400 A AC current measurement.  600 V AC and DC voltage measurement.  True RMS AC voltage and current for accurate measurements on non-linear signals.  Resistance measurement up to 40k? with continuity detection.  Slim and ergonomic design.  CAT IV 300V\/CAT III 600V safety rating. [:]\" \/>\n<meta property=\"og:url\" content=\"https:\/\/techmasterdemexico.com\/producto\/kit-combinado-fluke-116-323-cvaa-incluye-multimetro-y-pinza-amperimetrica\/\" \/>\n<meta property=\"og:site_name\" content=\"Techmaster de Mexico\" \/>\n<meta property=\"article:modified_time\" content=\"2023-09-06T22:48:37+00:00\" \/>\n<meta property=\"og:image\" content=\"https:\/\/techmasterdemexico.com\/wp-content\/uploads\/113-323.png\" \/>\n\t<meta property=\"og:image:width\" content=\"1000\" \/>\n\t<meta property=\"og:image:height\" content=\"1000\" \/>\n\t<meta property=\"og:image:type\" content=\"image\/png\" \/>\n<meta name=\"twitter:card\" content=\"summary_large_image\" \/>\n<meta name=\"twitter:label1\" content=\"Est. reading time\" \/>\n\t<meta name=\"twitter:data1\" content=\"2 minutes\" \/>\n<script type=\"application\/ld+json\" class=\"yoast-schema-graph\">{\"@context\":\"https:\\\/\\\/schema.org\",\"@graph\":[{\"@type\":\"WebPage\",\"@id\":\"https:\\\/\\\/techmasterdemexico.com\\\/producto\\\/kit-combinado-fluke-116-323-cvaa-incluye-multimetro-y-pinza-amperimetrica\\\/\",\"url\":\"https:\\\/\\\/techmasterdemexico.com\\\/producto\\\/kit-combinado-fluke-116-323-cvaa-incluye-multimetro-y-pinza-amperimetrica\\\/\",\"name\":\"Kit combinado Fluke 116\\\/323 CVAA \u2013 Incluye mult\u00edmetro y pinza amperim\u00e9trica - Techmaster de Mexico\",\"isPartOf\":{\"@id\":\"https:\\\/\\\/techmasterdemexico.com\\\/#website\"},\"primaryImageOfPage\":{\"@id\":\"https:\\\/\\\/techmasterdemexico.com\\\/producto\\\/kit-combinado-fluke-116-323-cvaa-incluye-multimetro-y-pinza-amperimetrica\\\/#primaryimage\"},\"image\":{\"@id\":\"https:\\\/\\\/techmasterdemexico.com\\\/producto\\\/kit-combinado-fluke-116-323-cvaa-incluye-multimetro-y-pinza-amperimetrica\\\/#primaryimage\"},\"thumbnailUrl\":\"https:\\\/\\\/techmasterdemexico.com\\\/wp-content\\\/uploads\\\/113-323.png\",\"datePublished\":\"2022-12-20T18:14:41+00:00\",\"dateModified\":\"2023-09-06T22:48:37+00:00\",\"breadcrumb\":{\"@id\":\"https:\\\/\\\/techmasterdemexico.com\\\/producto\\\/kit-combinado-fluke-116-323-cvaa-incluye-multimetro-y-pinza-amperimetrica\\\/#breadcrumb\"},\"inLanguage\":\"en-US\",\"potentialAction\":[{\"@type\":\"ReadAction\",\"target\":[\"https:\\\/\\\/techmasterdemexico.com\\\/producto\\\/kit-combinado-fluke-116-323-cvaa-incluye-multimetro-y-pinza-amperimetrica\\\/\"]}]},{\"@type\":\"ImageObject\",\"inLanguage\":\"en-US\",\"@id\":\"https:\\\/\\\/techmasterdemexico.com\\\/producto\\\/kit-combinado-fluke-116-323-cvaa-incluye-multimetro-y-pinza-amperimetrica\\\/#primaryimage\",\"url\":\"https:\\\/\\\/techmasterdemexico.com\\\/wp-content\\\/uploads\\\/113-323.png\",\"contentUrl\":\"https:\\\/\\\/techmasterdemexico.com\\\/wp-content\\\/uploads\\\/113-323.png\",\"width\":1000,\"height\":1000},{\"@type\":\"BreadcrumbList\",\"@id\":\"https:\\\/\\\/techmasterdemexico.com\\\/producto\\\/kit-combinado-fluke-116-323-cvaa-incluye-multimetro-y-pinza-amperimetrica\\\/#breadcrumb\",\"itemListElement\":[{\"@type\":\"ListItem\",\"position\":1,\"name\":\"Portada\",\"item\":\"https:\\\/\\\/techmasterdemexico.com\\\/\"},{\"@type\":\"ListItem\",\"position\":2,\"name\":\"Kit combinado Fluke 116\\\/323 CVAA \u2013 Incluye mult\u00edmetro y pinza amperim\u00e9trica\"}]},{\"@type\":\"WebSite\",\"@id\":\"https:\\\/\\\/techmasterdemexico.com\\\/#website\",\"url\":\"https:\\\/\\\/techmasterdemexico.com\\\/\",\"name\":\"Techmaster de Mexico\",\"description\":\"\",\"potentialAction\":[{\"@type\":\"SearchAction\",\"target\":{\"@type\":\"EntryPoint\",\"urlTemplate\":\"https:\\\/\\\/techmasterdemexico.com\\\/?s={search_term_string}\"},\"query-input\":{\"@type\":\"PropertyValueSpecification\",\"valueRequired\":true,\"valueName\":\"search_term_string\"}}],\"inLanguage\":\"en-US\"}]}<\/script>\n<!-- \/ Yoast SEO plugin. -->","yoast_head_json":{"title":"Kit combinado Fluke 116\/323 CVAA \u2013 Incluye mult\u00edmetro y pinza amperim\u00e9trica - Techmaster de Mexico","robots":{"index":"index","follow":"follow","max-snippet":"max-snippet:-1","max-image-preview":"max-image-preview:large","max-video-preview":"max-video-preview:-1"},"canonical":"https:\/\/techmasterdemexico.com\/producto\/kit-combinado-fluke-116-323-cvaa-incluye-multimetro-y-pinza-amperimetrica\/","og_locale":"en_US","og_type":"article","og_title":"Kit combinado Fluke 116\/323 CVAA \u2013 Incluye mult\u00edmetro y pinza amperim\u00e9trica - Techmaster de Mexico","og_description":"[:es]Fluke 116   Dimensiones 167x84x46mm  Peso 550g  Baja impedancia de entrada: ayuda a evitar las lecturas falsas producidas por voltaje fantasma  Gran pantalla con retroiluminaci\u00f3n para trabajar en lugares poco iluminados resistencia, continuidad, frecuencia y capacidad.  Proporciona Min \/ Max \/ Average para registrar las fluctuaciones de la se\u00f1al.  Dise\u00f1o ergon\u00f3mico y compacto para su usaci\u00f3n con una sola mano.  Compatible con correa con im\u00e1n opcional (ToolPak\u2122).  Clasificaci\u00f3n de seguridad CAT III 600 V.  Pinza amperim\u00e9trica de valor eficaz verdadero Fluke 323:   Dimensiones 207x75x34 mm  Peso 265g  Medida de corriente CA de 400 A.  Medida de voltaje de CA y CC de 600 V.  Voltaje y corriente de CA con valor eficaz verdadero para obtener mediciones exactas en se\u00f1ales no lineales.  Medida de resistencia de hasta 40 k? con detecci\u00f3n de continuidad.  Dise\u00f1o delgado y ergon\u00f3mico.  Clasificaci\u00f3n de seguridad CAT IV 300 V\/CAT III 600 V. [:en]Fluke 116   Dimensions 167x84x46mm  Weight 550g  Low input impedance \u2013 helps prevent false readings caused by ghost voltage  Large backlit display for working in dimly lit places resistance, continuity, frequency and capacity.  Provides Min\/Max\/Average to record signal fluctuations.  Ergonomic and compact design for use with one hand.  Compatible with optional strap with magnet (ToolPak\u2122).  CAT III 600V safety rating.  Fluke 323 True RMS Clamp Meter:   Dimensions 207x75x34mm  Weight 265g  400 A AC current measurement.  600 V AC and DC voltage measurement.  True RMS AC voltage and current for accurate measurements on non-linear signals.  Resistance measurement up to 40k? with continuity detection.  Slim and ergonomic design.  CAT IV 300V\/CAT III 600V safety rating. [:]","og_url":"https:\/\/techmasterdemexico.com\/producto\/kit-combinado-fluke-116-323-cvaa-incluye-multimetro-y-pinza-amperimetrica\/","og_site_name":"Techmaster de Mexico","article_modified_time":"2023-09-06T22:48:37+00:00","og_image":[{"width":1000,"height":1000,"url":"https:\/\/techmasterdemexico.com\/wp-content\/uploads\/113-323.png","type":"image\/png"}],"twitter_card":"summary_large_image","twitter_misc":{"Est. reading time":"2 minutes"},"schema":{"@context":"https:\/\/schema.org","@graph":[{"@type":"WebPage","@id":"https:\/\/techmasterdemexico.com\/producto\/kit-combinado-fluke-116-323-cvaa-incluye-multimetro-y-pinza-amperimetrica\/","url":"https:\/\/techmasterdemexico.com\/producto\/kit-combinado-fluke-116-323-cvaa-incluye-multimetro-y-pinza-amperimetrica\/","name":"Kit combinado Fluke 116\/323 CVAA \u2013 Incluye mult\u00edmetro y pinza amperim\u00e9trica - Techmaster de Mexico","isPartOf":{"@id":"https:\/\/techmasterdemexico.com\/#website"},"primaryImageOfPage":{"@id":"https:\/\/techmasterdemexico.com\/producto\/kit-combinado-fluke-116-323-cvaa-incluye-multimetro-y-pinza-amperimetrica\/#primaryimage"},"image":{"@id":"https:\/\/techmasterdemexico.com\/producto\/kit-combinado-fluke-116-323-cvaa-incluye-multimetro-y-pinza-amperimetrica\/#primaryimage"},"thumbnailUrl":"https:\/\/techmasterdemexico.com\/wp-content\/uploads\/113-323.png","datePublished":"2022-12-20T18:14:41+00:00","dateModified":"2023-09-06T22:48:37+00:00","breadcrumb":{"@id":"https:\/\/techmasterdemexico.com\/producto\/kit-combinado-fluke-116-323-cvaa-incluye-multimetro-y-pinza-amperimetrica\/#breadcrumb"},"inLanguage":"en-US","potentialAction":[{"@type":"ReadAction","target":["https:\/\/techmasterdemexico.com\/producto\/kit-combinado-fluke-116-323-cvaa-incluye-multimetro-y-pinza-amperimetrica\/"]}]},{"@type":"ImageObject","inLanguage":"en-US","@id":"https:\/\/techmasterdemexico.com\/producto\/kit-combinado-fluke-116-323-cvaa-incluye-multimetro-y-pinza-amperimetrica\/#primaryimage","url":"https:\/\/techmasterdemexico.com\/wp-content\/uploads\/113-323.png","contentUrl":"https:\/\/techmasterdemexico.com\/wp-content\/uploads\/113-323.png","width":1000,"height":1000},{"@type":"BreadcrumbList","@id":"https:\/\/techmasterdemexico.com\/producto\/kit-combinado-fluke-116-323-cvaa-incluye-multimetro-y-pinza-amperimetrica\/#breadcrumb","itemListElement":[{"@type":"ListItem","position":1,"name":"Portada","item":"https:\/\/techmasterdemexico.com\/"},{"@type":"ListItem","position":2,"name":"Kit combinado Fluke 116\/323 CVAA \u2013 Incluye mult\u00edmetro y pinza amperim\u00e9trica"}]},{"@type":"WebSite","@id":"https:\/\/techmasterdemexico.com\/#website","url":"https:\/\/techmasterdemexico.com\/","name":"Techmaster de Mexico","description":"","potentialAction":[{"@type":"SearchAction","target":{"@type":"EntryPoint","urlTemplate":"https:\/\/techmasterdemexico.com\/?s={search_term_string}"},"query-input":{"@type":"PropertyValueSpecification","valueRequired":true,"valueName":"search_term_string"}}],"inLanguage":"en-US"}]}},"brands":[{"id":31,"name":"Fluke","slug":"fluke"}],"_links":{"self":[{"href":"https:\/\/techmasterdemexico.com\/en\/wp-json\/wp\/v2\/product\/19949","targetHints":{"allow":["GET"]}}],"collection":[{"href":"https:\/\/techmasterdemexico.com\/en\/wp-json\/wp\/v2\/product"}],"about":[{"href":"https:\/\/techmasterdemexico.com\/en\/wp-json\/wp\/v2\/types\/product"}],"wp:featuredmedia":[{"embeddable":true,"href":"https:\/\/techmasterdemexico.com\/en\/wp-json\/wp\/v2\/media\/19998"}],"wp:attachment":[{"href":"https:\/\/techmasterdemexico.com\/en\/wp-json\/wp\/v2\/media?parent=19949"}],"wp:term":[{"taxonomy":"pwb-brand","embeddable":true,"href":"https:\/\/techmasterdemexico.com\/en\/wp-json\/wp\/v2\/pwb-brand?post=19949"},{"taxonomy":"product_brand","embeddable":true,"href":"https:\/\/techmasterdemexico.com\/en\/wp-json\/wp\/v2\/product_brand?post=19949"},{"taxonomy":"product_cat","embeddable":true,"href":"https:\/\/techmasterdemexico.com\/en\/wp-json\/wp\/v2\/product_cat?post=19949"},{"taxonomy":"product_tag","embeddable":true,"href":"https:\/\/techmasterdemexico.com\/en\/wp-json\/wp\/v2\/product_tag?post=19949"}],"curies":[{"name":"wp","href":"https:\/\/api.w.org\/{rel}","templated":true}]}}