{"id":19948,"date":"2022-12-20T11:14:41","date_gmt":"2022-12-20T18:14:41","guid":{"rendered":"https:\/\/techmasterdemexico.com\/producto\/sonda-de-proposito-general-fluke-80pk-26\/"},"modified":"2025-11-12T16:59:25","modified_gmt":"2025-11-12T23:59:25","slug":"sonda-de-proposito-general-fluke-80pk-26","status":"publish","type":"product","link":"https:\/\/techmasterdemexico.com\/en\/producto\/sonda-de-proposito-general-fluke-80pk-26\/","title":{"rendered":"Sonda de prop\u00f3sito general Fluke 80PK-26"},"content":{"rendered":"<p>The 80PK-26 SureGripTM temperature probe is essentially a bead probe with a handle that can be used as a surface probe. The stainless steel sheath allows the probe to measure higher temperatures than probes with flexible leads. The handle also allows you to apply more focused surface pressure without keeping your hand close to the source. The 80PK-26 can be used with any temperature measurement instrument that is designed to accept Type K thermocouples and has a miniature connector input. The 40-inch (1 meter) cable is terminated with a Type K miniature thermocouple connector with 0.792 mm (0.312-inch) pin spacing.<\/p>","protected":false},"excerpt":{"rendered":"<ul>\n<li>Maximum tension<\/li>\n<li>24 V ac rms or 60 V dc<\/li>\n<li>Maximum Tip Temperature: 816\u00b0C (1500\u00b0F)<\/li>\n<li>Material: 304 stainless steel<\/li>\n<li>Diameter: 4.8mm (.19in)<\/li>\n<li>Length: 20.32 cm (8 in)<\/li>\n<li>Material: PVC<\/li>\n<li>Maximum temperature: 105 \u00b0C (220 \u00b0F)<\/li>\n<li>Cover Color: Gray<\/li>\n<li>Cable length: 1 meter (40 in)<\/li>\n<li>Connector type: mini-thermal with a distance of 0.792 mm (.0312 in )<\/li>\n<li>Total probe length 12.55 in. (31.9 cm) from tip to end of cable strain relief.<\/li>\n<\/ul>\n","protected":false},"featured_media":20003,"template":"","meta":{"_acf_changed":false},"pwb-brand":[31],"product_brand":[],"product_cat":[366,118,122,30],"product_tag":[],"class_list":{"0":"post-19948","1":"product","2":"type-product","3":"status-publish","4":"has-post-thumbnail","6":"pwb-brand-fluke","7":"product_cat-todos-los-productos","8":"product_cat-accesorios-fluke","9":"product_cat-cables-sondas-y-puntas-de-prueba","10":"product_cat-fluke","12":"first","13":"instock","14":"taxable","15":"shipping-taxable","16":"product-type-simple"},"acf":[],"yoast_head":"<!-- This site is optimized with the Yoast SEO plugin v27.4 - https:\/\/yoast.com\/product\/yoast-seo-wordpress\/ -->\n<title>Sonda de prop\u00f3sito general Fluke 80PK-26 - Techmaster de Mexico<\/title>\n<meta name=\"robots\" content=\"index, follow, max-snippet:-1, max-image-preview:large, max-video-preview:-1\" \/>\n<link rel=\"canonical\" href=\"https:\/\/techmasterdemexico.com\/producto\/sonda-de-proposito-general-fluke-80pk-26\/\" \/>\n<meta property=\"og:locale\" content=\"en_US\" \/>\n<meta property=\"og:type\" content=\"article\" \/>\n<meta property=\"og:title\" content=\"Sonda de prop\u00f3sito general Fluke 80PK-26 - Techmaster de Mexico\" \/>\n<meta property=\"og:description\" content=\"[:es]  Tensi\u00f3n m\u00e1xima  24 V ac rms o 60 V dc  Temperatura m\u00e1xima de la punta: 816 \u00b0C (1500 \u00b0F)  Material: Acero inoxidable 304  Di\u00e1metro: 4,8 mm (.19 in)  Longitud: 20,32 cm (8 in)  Material: PVC  Temperatura m\u00e1xima: 105 \u00b0C (220 \u00b0F)  Color de la cubierta: Gris  Longitud del cable: 1 metro (40 pulg)  Tipo de conector: minit\u00e9rmico con una distancia de 0,792 mm (.0312 in )  Longitud total de la sonda 31,9 cm (12,55 pulg.) desde la punta hasta el final de la descarga de tensi\u00f3n del cable. [:en]  Maximum tension  24 V ac rms or 60 V dc  Maximum Tip Temperature: 816\u00b0C (1500\u00b0F)  Material: 304 stainless steel  Diameter: 4.8mm (.19in)  Length: 20.32 cm (8 in)  Material: PVC  Maximum temperature: 105 \u00b0C (220 \u00b0F)  Cover Color: Gray  Cable length: 1 meter (40 in)  Connector type: mini-thermal with a distance of 0.792 mm (.0312 in )  Total probe length 12.55 in. (31.9 cm) from tip to end of cable strain relief. [:]\" \/>\n<meta property=\"og:url\" content=\"https:\/\/techmasterdemexico.com\/producto\/sonda-de-proposito-general-fluke-80pk-26\/\" \/>\n<meta property=\"og:site_name\" content=\"Techmaster de Mexico\" \/>\n<meta property=\"article:modified_time\" content=\"2025-11-12T23:59:25+00:00\" \/>\n<meta property=\"og:image\" content=\"https:\/\/techmasterdemexico.com\/wp-content\/uploads\/80pk-26.png\" \/>\n\t<meta property=\"og:image:width\" content=\"500\" \/>\n\t<meta property=\"og:image:height\" content=\"500\" \/>\n\t<meta property=\"og:image:type\" content=\"image\/png\" \/>\n<meta name=\"twitter:card\" content=\"summary_large_image\" \/>\n<meta name=\"twitter:label1\" content=\"Est. reading time\" \/>\n\t<meta name=\"twitter:data1\" content=\"2 minutes\" \/>\n<script type=\"application\/ld+json\" class=\"yoast-schema-graph\">{\"@context\":\"https:\\\/\\\/schema.org\",\"@graph\":[{\"@type\":\"WebPage\",\"@id\":\"https:\\\/\\\/techmasterdemexico.com\\\/producto\\\/sonda-de-proposito-general-fluke-80pk-26\\\/\",\"url\":\"https:\\\/\\\/techmasterdemexico.com\\\/producto\\\/sonda-de-proposito-general-fluke-80pk-26\\\/\",\"name\":\"Sonda de prop\u00f3sito general Fluke 80PK-26 - Techmaster de Mexico\",\"isPartOf\":{\"@id\":\"https:\\\/\\\/techmasterdemexico.com\\\/#website\"},\"primaryImageOfPage\":{\"@id\":\"https:\\\/\\\/techmasterdemexico.com\\\/producto\\\/sonda-de-proposito-general-fluke-80pk-26\\\/#primaryimage\"},\"image\":{\"@id\":\"https:\\\/\\\/techmasterdemexico.com\\\/producto\\\/sonda-de-proposito-general-fluke-80pk-26\\\/#primaryimage\"},\"thumbnailUrl\":\"https:\\\/\\\/techmasterdemexico.com\\\/wp-content\\\/uploads\\\/80pk-26.png\",\"datePublished\":\"2022-12-20T18:14:41+00:00\",\"dateModified\":\"2025-11-12T23:59:25+00:00\",\"breadcrumb\":{\"@id\":\"https:\\\/\\\/techmasterdemexico.com\\\/producto\\\/sonda-de-proposito-general-fluke-80pk-26\\\/#breadcrumb\"},\"inLanguage\":\"en-US\",\"potentialAction\":[{\"@type\":\"ReadAction\",\"target\":[\"https:\\\/\\\/techmasterdemexico.com\\\/producto\\\/sonda-de-proposito-general-fluke-80pk-26\\\/\"]}]},{\"@type\":\"ImageObject\",\"inLanguage\":\"en-US\",\"@id\":\"https:\\\/\\\/techmasterdemexico.com\\\/producto\\\/sonda-de-proposito-general-fluke-80pk-26\\\/#primaryimage\",\"url\":\"https:\\\/\\\/techmasterdemexico.com\\\/wp-content\\\/uploads\\\/80pk-26.png\",\"contentUrl\":\"https:\\\/\\\/techmasterdemexico.com\\\/wp-content\\\/uploads\\\/80pk-26.png\",\"width\":500,\"height\":500},{\"@type\":\"BreadcrumbList\",\"@id\":\"https:\\\/\\\/techmasterdemexico.com\\\/producto\\\/sonda-de-proposito-general-fluke-80pk-26\\\/#breadcrumb\",\"itemListElement\":[{\"@type\":\"ListItem\",\"position\":1,\"name\":\"Portada\",\"item\":\"https:\\\/\\\/techmasterdemexico.com\\\/\"},{\"@type\":\"ListItem\",\"position\":2,\"name\":\"Sonda de prop\u00f3sito general Fluke 80PK-26\"}]},{\"@type\":\"WebSite\",\"@id\":\"https:\\\/\\\/techmasterdemexico.com\\\/#website\",\"url\":\"https:\\\/\\\/techmasterdemexico.com\\\/\",\"name\":\"Techmaster de Mexico\",\"description\":\"\",\"potentialAction\":[{\"@type\":\"SearchAction\",\"target\":{\"@type\":\"EntryPoint\",\"urlTemplate\":\"https:\\\/\\\/techmasterdemexico.com\\\/?s={search_term_string}\"},\"query-input\":{\"@type\":\"PropertyValueSpecification\",\"valueRequired\":true,\"valueName\":\"search_term_string\"}}],\"inLanguage\":\"en-US\"}]}<\/script>\n<!-- \/ Yoast SEO plugin. -->","yoast_head_json":{"title":"Sonda de prop\u00f3sito general Fluke 80PK-26 - Techmaster de Mexico","robots":{"index":"index","follow":"follow","max-snippet":"max-snippet:-1","max-image-preview":"max-image-preview:large","max-video-preview":"max-video-preview:-1"},"canonical":"https:\/\/techmasterdemexico.com\/producto\/sonda-de-proposito-general-fluke-80pk-26\/","og_locale":"en_US","og_type":"article","og_title":"Sonda de prop\u00f3sito general Fluke 80PK-26 - Techmaster de Mexico","og_description":"[:es]  Tensi\u00f3n m\u00e1xima  24 V ac rms o 60 V dc  Temperatura m\u00e1xima de la punta: 816 \u00b0C (1500 \u00b0F)  Material: Acero inoxidable 304  Di\u00e1metro: 4,8 mm (.19 in)  Longitud: 20,32 cm (8 in)  Material: PVC  Temperatura m\u00e1xima: 105 \u00b0C (220 \u00b0F)  Color de la cubierta: Gris  Longitud del cable: 1 metro (40 pulg)  Tipo de conector: minit\u00e9rmico con una distancia de 0,792 mm (.0312 in )  Longitud total de la sonda 31,9 cm (12,55 pulg.) desde la punta hasta el final de la descarga de tensi\u00f3n del cable. [:en]  Maximum tension  24 V ac rms or 60 V dc  Maximum Tip Temperature: 816\u00b0C (1500\u00b0F)  Material: 304 stainless steel  Diameter: 4.8mm (.19in)  Length: 20.32 cm (8 in)  Material: PVC  Maximum temperature: 105 \u00b0C (220 \u00b0F)  Cover Color: Gray  Cable length: 1 meter (40 in)  Connector type: mini-thermal with a distance of 0.792 mm (.0312 in )  Total probe length 12.55 in. (31.9 cm) from tip to end of cable strain relief. [:]","og_url":"https:\/\/techmasterdemexico.com\/producto\/sonda-de-proposito-general-fluke-80pk-26\/","og_site_name":"Techmaster de Mexico","article_modified_time":"2025-11-12T23:59:25+00:00","og_image":[{"width":500,"height":500,"url":"https:\/\/techmasterdemexico.com\/wp-content\/uploads\/80pk-26.png","type":"image\/png"}],"twitter_card":"summary_large_image","twitter_misc":{"Est. reading time":"2 minutes"},"schema":{"@context":"https:\/\/schema.org","@graph":[{"@type":"WebPage","@id":"https:\/\/techmasterdemexico.com\/producto\/sonda-de-proposito-general-fluke-80pk-26\/","url":"https:\/\/techmasterdemexico.com\/producto\/sonda-de-proposito-general-fluke-80pk-26\/","name":"Sonda de prop\u00f3sito general Fluke 80PK-26 - Techmaster de Mexico","isPartOf":{"@id":"https:\/\/techmasterdemexico.com\/#website"},"primaryImageOfPage":{"@id":"https:\/\/techmasterdemexico.com\/producto\/sonda-de-proposito-general-fluke-80pk-26\/#primaryimage"},"image":{"@id":"https:\/\/techmasterdemexico.com\/producto\/sonda-de-proposito-general-fluke-80pk-26\/#primaryimage"},"thumbnailUrl":"https:\/\/techmasterdemexico.com\/wp-content\/uploads\/80pk-26.png","datePublished":"2022-12-20T18:14:41+00:00","dateModified":"2025-11-12T23:59:25+00:00","breadcrumb":{"@id":"https:\/\/techmasterdemexico.com\/producto\/sonda-de-proposito-general-fluke-80pk-26\/#breadcrumb"},"inLanguage":"en-US","potentialAction":[{"@type":"ReadAction","target":["https:\/\/techmasterdemexico.com\/producto\/sonda-de-proposito-general-fluke-80pk-26\/"]}]},{"@type":"ImageObject","inLanguage":"en-US","@id":"https:\/\/techmasterdemexico.com\/producto\/sonda-de-proposito-general-fluke-80pk-26\/#primaryimage","url":"https:\/\/techmasterdemexico.com\/wp-content\/uploads\/80pk-26.png","contentUrl":"https:\/\/techmasterdemexico.com\/wp-content\/uploads\/80pk-26.png","width":500,"height":500},{"@type":"BreadcrumbList","@id":"https:\/\/techmasterdemexico.com\/producto\/sonda-de-proposito-general-fluke-80pk-26\/#breadcrumb","itemListElement":[{"@type":"ListItem","position":1,"name":"Portada","item":"https:\/\/techmasterdemexico.com\/"},{"@type":"ListItem","position":2,"name":"Sonda de prop\u00f3sito general Fluke 80PK-26"}]},{"@type":"WebSite","@id":"https:\/\/techmasterdemexico.com\/#website","url":"https:\/\/techmasterdemexico.com\/","name":"Techmaster de Mexico","description":"","potentialAction":[{"@type":"SearchAction","target":{"@type":"EntryPoint","urlTemplate":"https:\/\/techmasterdemexico.com\/?s={search_term_string}"},"query-input":{"@type":"PropertyValueSpecification","valueRequired":true,"valueName":"search_term_string"}}],"inLanguage":"en-US"}]}},"brands":[{"id":31,"name":"Fluke","slug":"fluke"}],"_links":{"self":[{"href":"https:\/\/techmasterdemexico.com\/en\/wp-json\/wp\/v2\/product\/19948","targetHints":{"allow":["GET"]}}],"collection":[{"href":"https:\/\/techmasterdemexico.com\/en\/wp-json\/wp\/v2\/product"}],"about":[{"href":"https:\/\/techmasterdemexico.com\/en\/wp-json\/wp\/v2\/types\/product"}],"wp:featuredmedia":[{"embeddable":true,"href":"https:\/\/techmasterdemexico.com\/en\/wp-json\/wp\/v2\/media\/20003"}],"wp:attachment":[{"href":"https:\/\/techmasterdemexico.com\/en\/wp-json\/wp\/v2\/media?parent=19948"}],"wp:term":[{"taxonomy":"pwb-brand","embeddable":true,"href":"https:\/\/techmasterdemexico.com\/en\/wp-json\/wp\/v2\/pwb-brand?post=19948"},{"taxonomy":"product_brand","embeddable":true,"href":"https:\/\/techmasterdemexico.com\/en\/wp-json\/wp\/v2\/product_brand?post=19948"},{"taxonomy":"product_cat","embeddable":true,"href":"https:\/\/techmasterdemexico.com\/en\/wp-json\/wp\/v2\/product_cat?post=19948"},{"taxonomy":"product_tag","embeddable":true,"href":"https:\/\/techmasterdemexico.com\/en\/wp-json\/wp\/v2\/product_tag?post=19948"}],"curies":[{"name":"wp","href":"https:\/\/api.w.org\/{rel}","templated":true}]}}