{"id":19947,"date":"2022-12-20T11:14:40","date_gmt":"2022-12-20T18:14:40","guid":{"rendered":"https:\/\/techmasterdemexico.com\/producto\/sonda-de-aire-fluke-80pk-24\/"},"modified":"2025-06-26T12:40:25","modified_gmt":"2025-06-26T19:40:25","slug":"sonda-de-aire-fluke-80pk-24","status":"publish","type":"product","link":"https:\/\/techmasterdemexico.com\/en\/producto\/sonda-de-aire-fluke-80pk-24\/","title":{"rendered":"Sonda de aire Fluke 80PK-24"},"content":{"rendered":"<p>Type K thermocouple for use with measurements of air and non-caustic gases.<\/p>\n<p>The 80PK-24 SureGripTM air temperature probe is designed to measure the temperature of air or gases. The probe&#8217;s test bead is protected by a perforated 304 stainless steel baffle to prevent accidental damage.<\/p>\n<p>&nbsp;<\/p>\n<p>The sheath material is 300 stainless steel.<br \/>\nThe 38-inch (1 meter) cable is terminated with a miniature L-type thermocouple connector with 0.792 mm (0.312-inch) pin spacing.<\/p>\n<p>&nbsp;<\/p>\n<p>The 80PL-24 can be used with any temperature measurement instrument that is designed to accept Type K thermocouples and has a miniature connector input.<\/p>","protected":false},"excerpt":{"rendered":"<ul>\n<li>Cover Color: Gray<\/li>\n<li>Maximum temperature: 125 \u00b0C (257 \u00b0F)<\/li>\n<li>Connector type: mini-thermal with a distance of 0.792 mm (0.312 in.)<\/li>\n<li>Conductors type: K<\/li>\n<li>Size: AWG #24 Stranded (7 Strands of #32)<\/li>\n<li>Ground connection<\/li>\n<li>Union welded to the sheath.<\/li>\n<li>Output: @ 25 \u00b0C (77 \u00b0F) =1.00 mV (reference junction @ 0 \u00b0C)<\/li>\n<li>Seebeck coefficient: @ 25 \u00b0C (77 \u00b0F) =40.50 \u03bcV \/ \u00b0C<\/li>\n<li>Measurement time (time constant): 3.0 seconds in air at 100\u00b0C moving at 3.33 meters\/second (10.9 feet\/second) at sea level pressure (5 time constants = 1 full step change, i.e. 15 seconds).<\/li>\n<li>Maximum voltage: 24 V ac rms or 60 V dc<\/li>\n<li>Maximum Tip Temperature: 816\u00b0C (1500\u00b0F)<\/li>\n<\/ul>\n","protected":false},"featured_media":20004,"template":"","meta":{"_acf_changed":false},"pwb-brand":[31],"product_brand":[],"product_cat":[366,118,122,30],"product_tag":[],"class_list":{"0":"post-19947","1":"product","2":"type-product","3":"status-publish","4":"has-post-thumbnail","6":"pwb-brand-fluke","7":"product_cat-todos-los-productos","8":"product_cat-accesorios-fluke","9":"product_cat-cables-sondas-y-puntas-de-prueba","10":"product_cat-fluke","12":"first","13":"outofstock","14":"taxable","15":"shipping-taxable","16":"purchasable","17":"product-type-simple"},"acf":[],"yoast_head":"<!-- This site is optimized with the Yoast SEO plugin v27.4 - https:\/\/yoast.com\/product\/yoast-seo-wordpress\/ -->\n<title>Sonda de aire Fluke 80PK-24 - Techmaster de Mexico<\/title>\n<meta name=\"robots\" content=\"index, follow, max-snippet:-1, max-image-preview:large, max-video-preview:-1\" \/>\n<link rel=\"canonical\" href=\"https:\/\/techmasterdemexico.com\/producto\/sonda-de-aire-fluke-80pk-24\/\" \/>\n<meta property=\"og:locale\" content=\"en_US\" \/>\n<meta property=\"og:type\" content=\"article\" \/>\n<meta property=\"og:title\" content=\"Sonda de aire Fluke 80PK-24 - Techmaster de Mexico\" \/>\n<meta property=\"og:description\" content=\"[:es]  Color de la cubierta: Gris  Temperatura m\u00e1xima: 125 \u00b0C (257 \u00b0F)  Tipo de conector: minit\u00e9rmico con una distancia de 0,792 mm (0,312 pulg.)  Conductores tipo: K  Tama\u00f1o: AWG #24 trenzado (7 hilos de #32)  Conexi\u00f3n a tierra  Uni\u00f3n soldada a la funda.  Salida: @ 25 \u00b0C (77 \u00b0F) =1,00 mV (uni\u00f3n de referencia @ 0 \u00b0C)  Coeficiente Seebeck: @ 25 \u00b0C (77 \u00b0F) =40,50 \u03bcV \/ \u00b0C  Tiempo de medici\u00f3n (constante de tiempo): 3,0 segundos en aire a 100 \u00b0C que se mueve a 3,33 metros\/segundo (10,9 pies\/segundo) a la presi\u00f3n del nivel del mar (5 constantes de tiempo = 1 cambio de paso completo, es decir, 15 segundos).  Tensi\u00f3n m\u00e1xima: 24 V ac rms o 60 V dc  Temperatura m\u00e1xima de la punta: 816 \u00b0C (1500 \u00b0F) [:en]  Cover Color: Gray  Maximum temperature: 125 \u00b0C (257 \u00b0F)  Connector type: mini-thermal with a distance of 0.792 mm (0.312 in.)  Conductors type: K  Size: AWG #24 Stranded (7 Strands of #32)  Ground connection  Union welded to the sheath.  Output: @ 25 \u00b0C (77 \u00b0F) =1.00 mV (reference junction @ 0 \u00b0C)  Seebeck coefficient: @ 25 \u00b0C (77 \u00b0F) =40.50 \u03bcV \/ \u00b0C  Measurement time (time constant): 3.0 seconds in air at 100\u00b0C moving at 3.33 meters\/second (10.9 feet\/second) at sea level pressure (5 time constants = 1 full step change, i.e. 15 seconds).  Maximum voltage: 24 V ac rms or 60 V dc  Maximum Tip Temperature: 816\u00b0C (1500\u00b0F) [:]\" \/>\n<meta property=\"og:url\" content=\"https:\/\/techmasterdemexico.com\/producto\/sonda-de-aire-fluke-80pk-24\/\" \/>\n<meta property=\"og:site_name\" content=\"Techmaster de Mexico\" \/>\n<meta property=\"article:modified_time\" content=\"2025-06-26T19:40:25+00:00\" \/>\n<meta property=\"og:image\" content=\"https:\/\/techmasterdemexico.com\/wp-content\/uploads\/80pk-24.png\" \/>\n\t<meta property=\"og:image:width\" content=\"500\" \/>\n\t<meta property=\"og:image:height\" content=\"500\" \/>\n\t<meta property=\"og:image:type\" content=\"image\/png\" \/>\n<meta name=\"twitter:card\" content=\"summary_large_image\" \/>\n<meta name=\"twitter:label1\" content=\"Est. reading time\" \/>\n\t<meta name=\"twitter:data1\" content=\"1 minute\" \/>\n<script type=\"application\/ld+json\" class=\"yoast-schema-graph\">{\"@context\":\"https:\\\/\\\/schema.org\",\"@graph\":[{\"@type\":\"WebPage\",\"@id\":\"https:\\\/\\\/techmasterdemexico.com\\\/producto\\\/sonda-de-aire-fluke-80pk-24\\\/\",\"url\":\"https:\\\/\\\/techmasterdemexico.com\\\/producto\\\/sonda-de-aire-fluke-80pk-24\\\/\",\"name\":\"Sonda de aire Fluke 80PK-24 - Techmaster de Mexico\",\"isPartOf\":{\"@id\":\"https:\\\/\\\/techmasterdemexico.com\\\/#website\"},\"primaryImageOfPage\":{\"@id\":\"https:\\\/\\\/techmasterdemexico.com\\\/producto\\\/sonda-de-aire-fluke-80pk-24\\\/#primaryimage\"},\"image\":{\"@id\":\"https:\\\/\\\/techmasterdemexico.com\\\/producto\\\/sonda-de-aire-fluke-80pk-24\\\/#primaryimage\"},\"thumbnailUrl\":\"https:\\\/\\\/techmasterdemexico.com\\\/wp-content\\\/uploads\\\/80pk-24.png\",\"datePublished\":\"2022-12-20T18:14:40+00:00\",\"dateModified\":\"2025-06-26T19:40:25+00:00\",\"breadcrumb\":{\"@id\":\"https:\\\/\\\/techmasterdemexico.com\\\/producto\\\/sonda-de-aire-fluke-80pk-24\\\/#breadcrumb\"},\"inLanguage\":\"en-US\",\"potentialAction\":[{\"@type\":\"ReadAction\",\"target\":[\"https:\\\/\\\/techmasterdemexico.com\\\/producto\\\/sonda-de-aire-fluke-80pk-24\\\/\"]}]},{\"@type\":\"ImageObject\",\"inLanguage\":\"en-US\",\"@id\":\"https:\\\/\\\/techmasterdemexico.com\\\/producto\\\/sonda-de-aire-fluke-80pk-24\\\/#primaryimage\",\"url\":\"https:\\\/\\\/techmasterdemexico.com\\\/wp-content\\\/uploads\\\/80pk-24.png\",\"contentUrl\":\"https:\\\/\\\/techmasterdemexico.com\\\/wp-content\\\/uploads\\\/80pk-24.png\",\"width\":500,\"height\":500},{\"@type\":\"BreadcrumbList\",\"@id\":\"https:\\\/\\\/techmasterdemexico.com\\\/producto\\\/sonda-de-aire-fluke-80pk-24\\\/#breadcrumb\",\"itemListElement\":[{\"@type\":\"ListItem\",\"position\":1,\"name\":\"Portada\",\"item\":\"https:\\\/\\\/techmasterdemexico.com\\\/\"},{\"@type\":\"ListItem\",\"position\":2,\"name\":\"Sonda de aire Fluke 80PK-24\"}]},{\"@type\":\"WebSite\",\"@id\":\"https:\\\/\\\/techmasterdemexico.com\\\/#website\",\"url\":\"https:\\\/\\\/techmasterdemexico.com\\\/\",\"name\":\"Techmaster de Mexico\",\"description\":\"\",\"potentialAction\":[{\"@type\":\"SearchAction\",\"target\":{\"@type\":\"EntryPoint\",\"urlTemplate\":\"https:\\\/\\\/techmasterdemexico.com\\\/?s={search_term_string}\"},\"query-input\":{\"@type\":\"PropertyValueSpecification\",\"valueRequired\":true,\"valueName\":\"search_term_string\"}}],\"inLanguage\":\"en-US\"}]}<\/script>\n<!-- \/ Yoast SEO plugin. -->","yoast_head_json":{"title":"Sonda de aire Fluke 80PK-24 - Techmaster de Mexico","robots":{"index":"index","follow":"follow","max-snippet":"max-snippet:-1","max-image-preview":"max-image-preview:large","max-video-preview":"max-video-preview:-1"},"canonical":"https:\/\/techmasterdemexico.com\/producto\/sonda-de-aire-fluke-80pk-24\/","og_locale":"en_US","og_type":"article","og_title":"Sonda de aire Fluke 80PK-24 - Techmaster de Mexico","og_description":"[:es]  Color de la cubierta: Gris  Temperatura m\u00e1xima: 125 \u00b0C (257 \u00b0F)  Tipo de conector: minit\u00e9rmico con una distancia de 0,792 mm (0,312 pulg.)  Conductores tipo: K  Tama\u00f1o: AWG #24 trenzado (7 hilos de #32)  Conexi\u00f3n a tierra  Uni\u00f3n soldada a la funda.  Salida: @ 25 \u00b0C (77 \u00b0F) =1,00 mV (uni\u00f3n de referencia @ 0 \u00b0C)  Coeficiente Seebeck: @ 25 \u00b0C (77 \u00b0F) =40,50 \u03bcV \/ \u00b0C  Tiempo de medici\u00f3n (constante de tiempo): 3,0 segundos en aire a 100 \u00b0C que se mueve a 3,33 metros\/segundo (10,9 pies\/segundo) a la presi\u00f3n del nivel del mar (5 constantes de tiempo = 1 cambio de paso completo, es decir, 15 segundos).  Tensi\u00f3n m\u00e1xima: 24 V ac rms o 60 V dc  Temperatura m\u00e1xima de la punta: 816 \u00b0C (1500 \u00b0F) [:en]  Cover Color: Gray  Maximum temperature: 125 \u00b0C (257 \u00b0F)  Connector type: mini-thermal with a distance of 0.792 mm (0.312 in.)  Conductors type: K  Size: AWG #24 Stranded (7 Strands of #32)  Ground connection  Union welded to the sheath.  Output: @ 25 \u00b0C (77 \u00b0F) =1.00 mV (reference junction @ 0 \u00b0C)  Seebeck coefficient: @ 25 \u00b0C (77 \u00b0F) =40.50 \u03bcV \/ \u00b0C  Measurement time (time constant): 3.0 seconds in air at 100\u00b0C moving at 3.33 meters\/second (10.9 feet\/second) at sea level pressure (5 time constants = 1 full step change, i.e. 15 seconds).  Maximum voltage: 24 V ac rms or 60 V dc  Maximum Tip Temperature: 816\u00b0C (1500\u00b0F) [:]","og_url":"https:\/\/techmasterdemexico.com\/producto\/sonda-de-aire-fluke-80pk-24\/","og_site_name":"Techmaster de Mexico","article_modified_time":"2025-06-26T19:40:25+00:00","og_image":[{"width":500,"height":500,"url":"https:\/\/techmasterdemexico.com\/wp-content\/uploads\/80pk-24.png","type":"image\/png"}],"twitter_card":"summary_large_image","twitter_misc":{"Est. reading time":"1 minute"},"schema":{"@context":"https:\/\/schema.org","@graph":[{"@type":"WebPage","@id":"https:\/\/techmasterdemexico.com\/producto\/sonda-de-aire-fluke-80pk-24\/","url":"https:\/\/techmasterdemexico.com\/producto\/sonda-de-aire-fluke-80pk-24\/","name":"Sonda de aire Fluke 80PK-24 - Techmaster de Mexico","isPartOf":{"@id":"https:\/\/techmasterdemexico.com\/#website"},"primaryImageOfPage":{"@id":"https:\/\/techmasterdemexico.com\/producto\/sonda-de-aire-fluke-80pk-24\/#primaryimage"},"image":{"@id":"https:\/\/techmasterdemexico.com\/producto\/sonda-de-aire-fluke-80pk-24\/#primaryimage"},"thumbnailUrl":"https:\/\/techmasterdemexico.com\/wp-content\/uploads\/80pk-24.png","datePublished":"2022-12-20T18:14:40+00:00","dateModified":"2025-06-26T19:40:25+00:00","breadcrumb":{"@id":"https:\/\/techmasterdemexico.com\/producto\/sonda-de-aire-fluke-80pk-24\/#breadcrumb"},"inLanguage":"en-US","potentialAction":[{"@type":"ReadAction","target":["https:\/\/techmasterdemexico.com\/producto\/sonda-de-aire-fluke-80pk-24\/"]}]},{"@type":"ImageObject","inLanguage":"en-US","@id":"https:\/\/techmasterdemexico.com\/producto\/sonda-de-aire-fluke-80pk-24\/#primaryimage","url":"https:\/\/techmasterdemexico.com\/wp-content\/uploads\/80pk-24.png","contentUrl":"https:\/\/techmasterdemexico.com\/wp-content\/uploads\/80pk-24.png","width":500,"height":500},{"@type":"BreadcrumbList","@id":"https:\/\/techmasterdemexico.com\/producto\/sonda-de-aire-fluke-80pk-24\/#breadcrumb","itemListElement":[{"@type":"ListItem","position":1,"name":"Portada","item":"https:\/\/techmasterdemexico.com\/"},{"@type":"ListItem","position":2,"name":"Sonda de aire Fluke 80PK-24"}]},{"@type":"WebSite","@id":"https:\/\/techmasterdemexico.com\/#website","url":"https:\/\/techmasterdemexico.com\/","name":"Techmaster de Mexico","description":"","potentialAction":[{"@type":"SearchAction","target":{"@type":"EntryPoint","urlTemplate":"https:\/\/techmasterdemexico.com\/?s={search_term_string}"},"query-input":{"@type":"PropertyValueSpecification","valueRequired":true,"valueName":"search_term_string"}}],"inLanguage":"en-US"}]}},"brands":[{"id":31,"name":"Fluke","slug":"fluke"}],"_links":{"self":[{"href":"https:\/\/techmasterdemexico.com\/en\/wp-json\/wp\/v2\/product\/19947","targetHints":{"allow":["GET"]}}],"collection":[{"href":"https:\/\/techmasterdemexico.com\/en\/wp-json\/wp\/v2\/product"}],"about":[{"href":"https:\/\/techmasterdemexico.com\/en\/wp-json\/wp\/v2\/types\/product"}],"wp:featuredmedia":[{"embeddable":true,"href":"https:\/\/techmasterdemexico.com\/en\/wp-json\/wp\/v2\/media\/20004"}],"wp:attachment":[{"href":"https:\/\/techmasterdemexico.com\/en\/wp-json\/wp\/v2\/media?parent=19947"}],"wp:term":[{"taxonomy":"pwb-brand","embeddable":true,"href":"https:\/\/techmasterdemexico.com\/en\/wp-json\/wp\/v2\/pwb-brand?post=19947"},{"taxonomy":"product_brand","embeddable":true,"href":"https:\/\/techmasterdemexico.com\/en\/wp-json\/wp\/v2\/product_brand?post=19947"},{"taxonomy":"product_cat","embeddable":true,"href":"https:\/\/techmasterdemexico.com\/en\/wp-json\/wp\/v2\/product_cat?post=19947"},{"taxonomy":"product_tag","embeddable":true,"href":"https:\/\/techmasterdemexico.com\/en\/wp-json\/wp\/v2\/product_tag?post=19947"}],"curies":[{"name":"wp","href":"https:\/\/api.w.org\/{rel}","templated":true}]}}