{"id":19946,"date":"2022-12-20T11:14:40","date_gmt":"2022-12-20T18:14:40","guid":{"rendered":"https:\/\/techmasterdemexico.com\/producto\/sonda-de-inmersion-fluke-80pk-22-suregrip\/"},"modified":"2026-03-10T11:25:14","modified_gmt":"2026-03-10T18:25:14","slug":"sonda-de-inmersion-fluke-80pk-22-suregrip","status":"publish","type":"product","link":"https:\/\/techmasterdemexico.com\/en\/producto\/sonda-de-inmersion-fluke-80pk-22-suregrip\/","title":{"rendered":"Sonda de inmersi\u00f3n Fluke 80PK-22 SureGrip\u2122"},"content":{"rendered":"<p>The Fluke 80PK-22 SureGrip\u2122 Immersion Temperature Probe is designed for use in liquids and gels.<\/p>\n<p>&nbsp;<\/p>\n<p>It can also be used as a general purpose temperature probe. An Inconel connection protects the thermocouple junction from tip to handle. The 80PK-22 probe can be used with any temperature measurement instrument designed to<br \/>\naccept type K thermocouples that have an input for miniature connectors.<\/p>\n<p>The 80PK-22 can be used with any temperature measurement instrument that is designed to accept Type K thermocouples and has a miniature connector input. The thermocouple junction is protected from tip to shank by an Inconel sheath.<\/p>","protected":false},"excerpt":{"rendered":"<ul>\n<li>Material: PVC<\/li>\n<li>Maximum temperature: 105 \u00b0C (220 \u00b0F)<\/li>\n<li>Cover Color: Gray<\/li>\n<li>Cable length: 40 inches (1 meter)<\/li>\n<li>Measurement time: (Time constant): 3.0 seconds in still water at 100\u00b0C at sea level.<\/li>\n<li>The full step change equals 5 time constants (3.75 seconds).<\/li>\n<li>Maximum voltage 24 V ac rms or 60 V dc<\/li>\n<li>Maximum Tip Temperature 1090 \u00b0C (1994 \u00b0F)<\/li>\n<li>Measurement range from -40 \u00b0C to 1090 \u00b0C (-40 \u00b0F to 1994 \u00b0F)<\/li>\n<li>Accuracy: (With respect to ANSI MC96.1-1982-Limits of Standard Error)<\/li>\n<\/ul>\n","protected":false},"featured_media":20007,"template":"","meta":{"_acf_changed":false},"pwb-brand":[31],"product_brand":[],"product_cat":[366,118,122,30],"product_tag":[],"class_list":{"0":"post-19946","1":"product","2":"type-product","3":"status-publish","4":"has-post-thumbnail","6":"pwb-brand-fluke","7":"product_cat-todos-los-productos","8":"product_cat-accesorios-fluke","9":"product_cat-cables-sondas-y-puntas-de-prueba","10":"product_cat-fluke","12":"first","13":"onbackorder","14":"taxable","15":"shipping-taxable","16":"product-type-simple"},"acf":[],"yoast_head":"<!-- This site is optimized with the Yoast SEO plugin v27.4 - https:\/\/yoast.com\/product\/yoast-seo-wordpress\/ -->\n<title>Sonda de inmersi\u00f3n Fluke 80PK-22 SureGrip\u2122 - Techmaster de Mexico<\/title>\n<meta name=\"robots\" content=\"index, follow, max-snippet:-1, max-image-preview:large, max-video-preview:-1\" \/>\n<link rel=\"canonical\" href=\"https:\/\/techmasterdemexico.com\/producto\/sonda-de-inmersion-fluke-80pk-22-suregrip\/\" \/>\n<meta property=\"og:locale\" content=\"en_US\" \/>\n<meta property=\"og:type\" content=\"article\" \/>\n<meta property=\"og:title\" content=\"Sonda de inmersi\u00f3n Fluke 80PK-22 SureGrip\u2122 - Techmaster de Mexico\" \/>\n<meta property=\"og:description\" content=\"[:es]  Material: PVC  Temperatura m\u00e1xima: 105 \u00b0C (220 \u00b0F)  Color de la cubierta: Gris  Longitud de cable: 40 pulgadas (1 metro)  Tiempo de medici\u00f3n: (Constante de tiempo): 3,0 segundos en agua tranquila a 100 \u00b0C a nivel del mar.  El cambio de paso completo equivale a 5 constantes de tiempo (3,75segundos).  Tensi\u00f3n m\u00e1xima 24 V ac rms o 60 V dc  Temperatura m\u00e1xima de la punta 1090 \u00b0C (1994 \u00b0F)  Rango de medici\u00f3n de -40 \u00b0C a 1090 \u00b0C (de -40 \u00b0F a 1994 \u00b0F)  Precisi\u00f3n: (Con respecto a ANSI MC96.1-1982-L\u00edmites de error est\u00e1ndar) [:en]  Material: PVC  Maximum temperature: 105 \u00b0C (220 \u00b0F)  Cover Color: Gray  Cable length: 40 inches (1 meter)  Measurement time: (Time constant): 3.0 seconds in still water at 100\u00b0C at sea level.  The full step change equals 5 time constants (3.75 seconds).  Maximum voltage 24 V ac rms or 60 V dc  Maximum Tip Temperature 1090 \u00b0C (1994 \u00b0F)  Measurement range from -40 \u00b0C to 1090 \u00b0C (-40 \u00b0F to 1994 \u00b0F)  Accuracy: (With respect to ANSI MC96.1-1982-Limits of Standard Error) [:]\" \/>\n<meta property=\"og:url\" content=\"https:\/\/techmasterdemexico.com\/producto\/sonda-de-inmersion-fluke-80pk-22-suregrip\/\" \/>\n<meta property=\"og:site_name\" content=\"Techmaster de Mexico\" \/>\n<meta property=\"article:modified_time\" content=\"2026-03-10T18:25:14+00:00\" \/>\n<meta property=\"og:image\" content=\"https:\/\/techmasterdemexico.com\/wp-content\/uploads\/80pk-22.png\" \/>\n\t<meta property=\"og:image:width\" content=\"500\" \/>\n\t<meta property=\"og:image:height\" content=\"500\" \/>\n\t<meta property=\"og:image:type\" content=\"image\/png\" \/>\n<meta name=\"twitter:card\" content=\"summary_large_image\" \/>\n<meta name=\"twitter:label1\" content=\"Est. reading time\" \/>\n\t<meta name=\"twitter:data1\" content=\"2 minutes\" \/>\n<script type=\"application\/ld+json\" class=\"yoast-schema-graph\">{\"@context\":\"https:\\\/\\\/schema.org\",\"@graph\":[{\"@type\":\"WebPage\",\"@id\":\"https:\\\/\\\/techmasterdemexico.com\\\/producto\\\/sonda-de-inmersion-fluke-80pk-22-suregrip\\\/\",\"url\":\"https:\\\/\\\/techmasterdemexico.com\\\/producto\\\/sonda-de-inmersion-fluke-80pk-22-suregrip\\\/\",\"name\":\"Sonda de inmersi\u00f3n Fluke 80PK-22 SureGrip\u2122 - Techmaster de Mexico\",\"isPartOf\":{\"@id\":\"https:\\\/\\\/techmasterdemexico.com\\\/#website\"},\"primaryImageOfPage\":{\"@id\":\"https:\\\/\\\/techmasterdemexico.com\\\/producto\\\/sonda-de-inmersion-fluke-80pk-22-suregrip\\\/#primaryimage\"},\"image\":{\"@id\":\"https:\\\/\\\/techmasterdemexico.com\\\/producto\\\/sonda-de-inmersion-fluke-80pk-22-suregrip\\\/#primaryimage\"},\"thumbnailUrl\":\"https:\\\/\\\/techmasterdemexico.com\\\/wp-content\\\/uploads\\\/80pk-22.png\",\"datePublished\":\"2022-12-20T18:14:40+00:00\",\"dateModified\":\"2026-03-10T18:25:14+00:00\",\"breadcrumb\":{\"@id\":\"https:\\\/\\\/techmasterdemexico.com\\\/producto\\\/sonda-de-inmersion-fluke-80pk-22-suregrip\\\/#breadcrumb\"},\"inLanguage\":\"en-US\",\"potentialAction\":[{\"@type\":\"ReadAction\",\"target\":[\"https:\\\/\\\/techmasterdemexico.com\\\/producto\\\/sonda-de-inmersion-fluke-80pk-22-suregrip\\\/\"]}]},{\"@type\":\"ImageObject\",\"inLanguage\":\"en-US\",\"@id\":\"https:\\\/\\\/techmasterdemexico.com\\\/producto\\\/sonda-de-inmersion-fluke-80pk-22-suregrip\\\/#primaryimage\",\"url\":\"https:\\\/\\\/techmasterdemexico.com\\\/wp-content\\\/uploads\\\/80pk-22.png\",\"contentUrl\":\"https:\\\/\\\/techmasterdemexico.com\\\/wp-content\\\/uploads\\\/80pk-22.png\",\"width\":500,\"height\":500},{\"@type\":\"BreadcrumbList\",\"@id\":\"https:\\\/\\\/techmasterdemexico.com\\\/producto\\\/sonda-de-inmersion-fluke-80pk-22-suregrip\\\/#breadcrumb\",\"itemListElement\":[{\"@type\":\"ListItem\",\"position\":1,\"name\":\"Portada\",\"item\":\"https:\\\/\\\/techmasterdemexico.com\\\/\"},{\"@type\":\"ListItem\",\"position\":2,\"name\":\"Sonda de inmersi\u00f3n Fluke 80PK-22 SureGrip\u2122\"}]},{\"@type\":\"WebSite\",\"@id\":\"https:\\\/\\\/techmasterdemexico.com\\\/#website\",\"url\":\"https:\\\/\\\/techmasterdemexico.com\\\/\",\"name\":\"Techmaster de Mexico\",\"description\":\"\",\"potentialAction\":[{\"@type\":\"SearchAction\",\"target\":{\"@type\":\"EntryPoint\",\"urlTemplate\":\"https:\\\/\\\/techmasterdemexico.com\\\/?s={search_term_string}\"},\"query-input\":{\"@type\":\"PropertyValueSpecification\",\"valueRequired\":true,\"valueName\":\"search_term_string\"}}],\"inLanguage\":\"en-US\"}]}<\/script>\n<!-- \/ Yoast SEO plugin. -->","yoast_head_json":{"title":"Sonda de inmersi\u00f3n Fluke 80PK-22 SureGrip\u2122 - Techmaster de Mexico","robots":{"index":"index","follow":"follow","max-snippet":"max-snippet:-1","max-image-preview":"max-image-preview:large","max-video-preview":"max-video-preview:-1"},"canonical":"https:\/\/techmasterdemexico.com\/producto\/sonda-de-inmersion-fluke-80pk-22-suregrip\/","og_locale":"en_US","og_type":"article","og_title":"Sonda de inmersi\u00f3n Fluke 80PK-22 SureGrip\u2122 - Techmaster de Mexico","og_description":"[:es]  Material: PVC  Temperatura m\u00e1xima: 105 \u00b0C (220 \u00b0F)  Color de la cubierta: Gris  Longitud de cable: 40 pulgadas (1 metro)  Tiempo de medici\u00f3n: (Constante de tiempo): 3,0 segundos en agua tranquila a 100 \u00b0C a nivel del mar.  El cambio de paso completo equivale a 5 constantes de tiempo (3,75segundos).  Tensi\u00f3n m\u00e1xima 24 V ac rms o 60 V dc  Temperatura m\u00e1xima de la punta 1090 \u00b0C (1994 \u00b0F)  Rango de medici\u00f3n de -40 \u00b0C a 1090 \u00b0C (de -40 \u00b0F a 1994 \u00b0F)  Precisi\u00f3n: (Con respecto a ANSI MC96.1-1982-L\u00edmites de error est\u00e1ndar) [:en]  Material: PVC  Maximum temperature: 105 \u00b0C (220 \u00b0F)  Cover Color: Gray  Cable length: 40 inches (1 meter)  Measurement time: (Time constant): 3.0 seconds in still water at 100\u00b0C at sea level.  The full step change equals 5 time constants (3.75 seconds).  Maximum voltage 24 V ac rms or 60 V dc  Maximum Tip Temperature 1090 \u00b0C (1994 \u00b0F)  Measurement range from -40 \u00b0C to 1090 \u00b0C (-40 \u00b0F to 1994 \u00b0F)  Accuracy: (With respect to ANSI MC96.1-1982-Limits of Standard Error) [:]","og_url":"https:\/\/techmasterdemexico.com\/producto\/sonda-de-inmersion-fluke-80pk-22-suregrip\/","og_site_name":"Techmaster de Mexico","article_modified_time":"2026-03-10T18:25:14+00:00","og_image":[{"width":500,"height":500,"url":"https:\/\/techmasterdemexico.com\/wp-content\/uploads\/80pk-22.png","type":"image\/png"}],"twitter_card":"summary_large_image","twitter_misc":{"Est. reading time":"2 minutes"},"schema":{"@context":"https:\/\/schema.org","@graph":[{"@type":"WebPage","@id":"https:\/\/techmasterdemexico.com\/producto\/sonda-de-inmersion-fluke-80pk-22-suregrip\/","url":"https:\/\/techmasterdemexico.com\/producto\/sonda-de-inmersion-fluke-80pk-22-suregrip\/","name":"Sonda de inmersi\u00f3n Fluke 80PK-22 SureGrip\u2122 - Techmaster de Mexico","isPartOf":{"@id":"https:\/\/techmasterdemexico.com\/#website"},"primaryImageOfPage":{"@id":"https:\/\/techmasterdemexico.com\/producto\/sonda-de-inmersion-fluke-80pk-22-suregrip\/#primaryimage"},"image":{"@id":"https:\/\/techmasterdemexico.com\/producto\/sonda-de-inmersion-fluke-80pk-22-suregrip\/#primaryimage"},"thumbnailUrl":"https:\/\/techmasterdemexico.com\/wp-content\/uploads\/80pk-22.png","datePublished":"2022-12-20T18:14:40+00:00","dateModified":"2026-03-10T18:25:14+00:00","breadcrumb":{"@id":"https:\/\/techmasterdemexico.com\/producto\/sonda-de-inmersion-fluke-80pk-22-suregrip\/#breadcrumb"},"inLanguage":"en-US","potentialAction":[{"@type":"ReadAction","target":["https:\/\/techmasterdemexico.com\/producto\/sonda-de-inmersion-fluke-80pk-22-suregrip\/"]}]},{"@type":"ImageObject","inLanguage":"en-US","@id":"https:\/\/techmasterdemexico.com\/producto\/sonda-de-inmersion-fluke-80pk-22-suregrip\/#primaryimage","url":"https:\/\/techmasterdemexico.com\/wp-content\/uploads\/80pk-22.png","contentUrl":"https:\/\/techmasterdemexico.com\/wp-content\/uploads\/80pk-22.png","width":500,"height":500},{"@type":"BreadcrumbList","@id":"https:\/\/techmasterdemexico.com\/producto\/sonda-de-inmersion-fluke-80pk-22-suregrip\/#breadcrumb","itemListElement":[{"@type":"ListItem","position":1,"name":"Portada","item":"https:\/\/techmasterdemexico.com\/"},{"@type":"ListItem","position":2,"name":"Sonda de inmersi\u00f3n Fluke 80PK-22 SureGrip\u2122"}]},{"@type":"WebSite","@id":"https:\/\/techmasterdemexico.com\/#website","url":"https:\/\/techmasterdemexico.com\/","name":"Techmaster de Mexico","description":"","potentialAction":[{"@type":"SearchAction","target":{"@type":"EntryPoint","urlTemplate":"https:\/\/techmasterdemexico.com\/?s={search_term_string}"},"query-input":{"@type":"PropertyValueSpecification","valueRequired":true,"valueName":"search_term_string"}}],"inLanguage":"en-US"}]}},"brands":[{"id":31,"name":"Fluke","slug":"fluke"}],"_links":{"self":[{"href":"https:\/\/techmasterdemexico.com\/en\/wp-json\/wp\/v2\/product\/19946","targetHints":{"allow":["GET"]}}],"collection":[{"href":"https:\/\/techmasterdemexico.com\/en\/wp-json\/wp\/v2\/product"}],"about":[{"href":"https:\/\/techmasterdemexico.com\/en\/wp-json\/wp\/v2\/types\/product"}],"wp:featuredmedia":[{"embeddable":true,"href":"https:\/\/techmasterdemexico.com\/en\/wp-json\/wp\/v2\/media\/20007"}],"wp:attachment":[{"href":"https:\/\/techmasterdemexico.com\/en\/wp-json\/wp\/v2\/media?parent=19946"}],"wp:term":[{"taxonomy":"pwb-brand","embeddable":true,"href":"https:\/\/techmasterdemexico.com\/en\/wp-json\/wp\/v2\/pwb-brand?post=19946"},{"taxonomy":"product_brand","embeddable":true,"href":"https:\/\/techmasterdemexico.com\/en\/wp-json\/wp\/v2\/product_brand?post=19946"},{"taxonomy":"product_cat","embeddable":true,"href":"https:\/\/techmasterdemexico.com\/en\/wp-json\/wp\/v2\/product_cat?post=19946"},{"taxonomy":"product_tag","embeddable":true,"href":"https:\/\/techmasterdemexico.com\/en\/wp-json\/wp\/v2\/product_tag?post=19946"}],"curies":[{"name":"wp","href":"https:\/\/api.w.org\/{rel}","templated":true}]}}