{"id":19945,"date":"2022-12-20T11:14:39","date_gmt":"2022-12-20T18:14:39","guid":{"rendered":"https:\/\/techmasterdemexico.com\/producto\/sonda-de-temperatura-fluke-80pk-25\/"},"modified":"2025-06-26T12:40:26","modified_gmt":"2025-06-26T19:40:26","slug":"sonda-de-temperatura-fluke-80pk-25","status":"publish","type":"product","link":"https:\/\/techmasterdemexico.com\/en\/producto\/sonda-de-temperatura-fluke-80pk-25\/","title":{"rendered":"Sonda de temperatura Fluke 80PK-25"},"content":{"rendered":"<p>The 80PK-25 SureGripTM piercing temperature probe is designed for use in liquids, gels, soft and semi-hard materials.<\/p>\n<p>The probe is made of 316 stainless steel, which is suitable for food service use. The probe&#8217;s thermocouple junction is protected from tip to shank by a 316 stainless steel sheath.<\/p>\n<p>The 40&#8243; (1 meter) cable terminates with a standard Type K mini male thermocouple connector. The 80PK-25 can be used with any thermometer that is designed to accept Type K thermocouples and has a miniature connector input.<\/p>","protected":false},"excerpt":{"rendered":"<ul>\n<li>Type K thermocouple suitable for the food industry, liquids and gels.<\/li>\n<li>Measuring range: -40 to 260 \u00b0C.<\/li>\n<li>Type K: Standard grade Ni-Cr vs Ni-Al (Chromel vs Alumel).<\/li>\n<li>Stainless steel probe measuring range: 40\u00b0C to 350\u00b0C (-40\u00b0F to 662\u00b0F).<\/li>\n<li>Accuracy: (With respect to ANSI MC96.1 standard error limits).<\/li>\n<li>Maximum voltage: 24 V ac rms or 60 V dc.<\/li>\n<li>Maximum tip temperature 816 \u00b0C (1500 \u00b0F).<\/li>\n<\/ul>\n","protected":false},"featured_media":20009,"template":"","meta":{"_acf_changed":false},"pwb-brand":[31],"product_brand":[],"product_cat":[366,118,122,30],"product_tag":[],"class_list":{"0":"post-19945","1":"product","2":"type-product","3":"status-publish","4":"has-post-thumbnail","6":"pwb-brand-fluke","7":"product_cat-todos-los-productos","8":"product_cat-accesorios-fluke","9":"product_cat-cables-sondas-y-puntas-de-prueba","10":"product_cat-fluke","12":"first","13":"instock","14":"taxable","15":"shipping-taxable","16":"purchasable","17":"product-type-simple"},"acf":[],"yoast_head":"<!-- This site is optimized with the Yoast SEO plugin v27.4 - https:\/\/yoast.com\/product\/yoast-seo-wordpress\/ -->\n<title>Sonda de temperatura Fluke 80PK-25 - Techmaster de Mexico<\/title>\n<meta name=\"robots\" content=\"index, follow, max-snippet:-1, max-image-preview:large, max-video-preview:-1\" \/>\n<link rel=\"canonical\" href=\"https:\/\/techmasterdemexico.com\/producto\/sonda-de-temperatura-fluke-80pk-25\/\" \/>\n<meta property=\"og:locale\" content=\"en_US\" \/>\n<meta property=\"og:type\" content=\"article\" \/>\n<meta property=\"og:title\" content=\"Sonda de temperatura Fluke 80PK-25 - Techmaster de Mexico\" \/>\n<meta property=\"og:description\" content=\"[:es]  Termopar tipo K apropiado para el sector alimentario, l\u00edquidos y geles.  Rango de medici\u00f3n: de -40 a 260 \u00b0C.  Tipo K: Grado est\u00e1ndar Ni-Cr vs Ni-Al (Chromel vs Alumel).  Rango de medici\u00f3n de la sonda de acero inoxidable: 40 \u00b0C a 350 \u00b0C (-40 \u00b0F a 662 \u00b0F).  Precisi\u00f3n: (Con respecto a los l\u00edmites de error est\u00e1ndar ANSI MC96.1).  Voltaje m\u00e1ximo: 24 V ac rms o 60 V dc.  Temperatura m\u00e1xima de la punta 816 \u00b0C (1500 \u00b0F). [:en]  Type K thermocouple suitable for the food industry, liquids and gels.  Measuring range: -40 to 260 \u00b0C.  Type K: Standard grade Ni-Cr vs Ni-Al (Chromel vs Alumel).  Stainless steel probe measuring range: 40\u00b0C to 350\u00b0C (-40\u00b0F to 662\u00b0F).  Accuracy: (With respect to ANSI MC96.1 standard error limits).  Maximum voltage: 24 V ac rms or 60 V dc.  Maximum tip temperature 816 \u00b0C (1500 \u00b0F). [:]\" \/>\n<meta property=\"og:url\" content=\"https:\/\/techmasterdemexico.com\/producto\/sonda-de-temperatura-fluke-80pk-25\/\" \/>\n<meta property=\"og:site_name\" content=\"Techmaster de Mexico\" \/>\n<meta property=\"article:modified_time\" content=\"2025-06-26T19:40:26+00:00\" \/>\n<meta property=\"og:image\" content=\"https:\/\/techmasterdemexico.com\/wp-content\/uploads\/80pk-25.png\" \/>\n\t<meta property=\"og:image:width\" content=\"500\" \/>\n\t<meta property=\"og:image:height\" content=\"500\" \/>\n\t<meta property=\"og:image:type\" content=\"image\/png\" \/>\n<meta name=\"twitter:card\" content=\"summary_large_image\" \/>\n<meta name=\"twitter:label1\" content=\"Est. reading time\" \/>\n\t<meta name=\"twitter:data1\" content=\"1 minute\" \/>\n<script type=\"application\/ld+json\" class=\"yoast-schema-graph\">{\"@context\":\"https:\\\/\\\/schema.org\",\"@graph\":[{\"@type\":\"WebPage\",\"@id\":\"https:\\\/\\\/techmasterdemexico.com\\\/producto\\\/sonda-de-temperatura-fluke-80pk-25\\\/\",\"url\":\"https:\\\/\\\/techmasterdemexico.com\\\/producto\\\/sonda-de-temperatura-fluke-80pk-25\\\/\",\"name\":\"Sonda de temperatura Fluke 80PK-25 - Techmaster de Mexico\",\"isPartOf\":{\"@id\":\"https:\\\/\\\/techmasterdemexico.com\\\/#website\"},\"primaryImageOfPage\":{\"@id\":\"https:\\\/\\\/techmasterdemexico.com\\\/producto\\\/sonda-de-temperatura-fluke-80pk-25\\\/#primaryimage\"},\"image\":{\"@id\":\"https:\\\/\\\/techmasterdemexico.com\\\/producto\\\/sonda-de-temperatura-fluke-80pk-25\\\/#primaryimage\"},\"thumbnailUrl\":\"https:\\\/\\\/techmasterdemexico.com\\\/wp-content\\\/uploads\\\/80pk-25.png\",\"datePublished\":\"2022-12-20T18:14:39+00:00\",\"dateModified\":\"2025-06-26T19:40:26+00:00\",\"breadcrumb\":{\"@id\":\"https:\\\/\\\/techmasterdemexico.com\\\/producto\\\/sonda-de-temperatura-fluke-80pk-25\\\/#breadcrumb\"},\"inLanguage\":\"en-US\",\"potentialAction\":[{\"@type\":\"ReadAction\",\"target\":[\"https:\\\/\\\/techmasterdemexico.com\\\/producto\\\/sonda-de-temperatura-fluke-80pk-25\\\/\"]}]},{\"@type\":\"ImageObject\",\"inLanguage\":\"en-US\",\"@id\":\"https:\\\/\\\/techmasterdemexico.com\\\/producto\\\/sonda-de-temperatura-fluke-80pk-25\\\/#primaryimage\",\"url\":\"https:\\\/\\\/techmasterdemexico.com\\\/wp-content\\\/uploads\\\/80pk-25.png\",\"contentUrl\":\"https:\\\/\\\/techmasterdemexico.com\\\/wp-content\\\/uploads\\\/80pk-25.png\",\"width\":500,\"height\":500},{\"@type\":\"BreadcrumbList\",\"@id\":\"https:\\\/\\\/techmasterdemexico.com\\\/producto\\\/sonda-de-temperatura-fluke-80pk-25\\\/#breadcrumb\",\"itemListElement\":[{\"@type\":\"ListItem\",\"position\":1,\"name\":\"Portada\",\"item\":\"https:\\\/\\\/techmasterdemexico.com\\\/\"},{\"@type\":\"ListItem\",\"position\":2,\"name\":\"Sonda de temperatura Fluke 80PK-25\"}]},{\"@type\":\"WebSite\",\"@id\":\"https:\\\/\\\/techmasterdemexico.com\\\/#website\",\"url\":\"https:\\\/\\\/techmasterdemexico.com\\\/\",\"name\":\"Techmaster de Mexico\",\"description\":\"\",\"potentialAction\":[{\"@type\":\"SearchAction\",\"target\":{\"@type\":\"EntryPoint\",\"urlTemplate\":\"https:\\\/\\\/techmasterdemexico.com\\\/?s={search_term_string}\"},\"query-input\":{\"@type\":\"PropertyValueSpecification\",\"valueRequired\":true,\"valueName\":\"search_term_string\"}}],\"inLanguage\":\"en-US\"}]}<\/script>\n<!-- \/ Yoast SEO plugin. -->","yoast_head_json":{"title":"Sonda de temperatura Fluke 80PK-25 - Techmaster de Mexico","robots":{"index":"index","follow":"follow","max-snippet":"max-snippet:-1","max-image-preview":"max-image-preview:large","max-video-preview":"max-video-preview:-1"},"canonical":"https:\/\/techmasterdemexico.com\/producto\/sonda-de-temperatura-fluke-80pk-25\/","og_locale":"en_US","og_type":"article","og_title":"Sonda de temperatura Fluke 80PK-25 - Techmaster de Mexico","og_description":"[:es]  Termopar tipo K apropiado para el sector alimentario, l\u00edquidos y geles.  Rango de medici\u00f3n: de -40 a 260 \u00b0C.  Tipo K: Grado est\u00e1ndar Ni-Cr vs Ni-Al (Chromel vs Alumel).  Rango de medici\u00f3n de la sonda de acero inoxidable: 40 \u00b0C a 350 \u00b0C (-40 \u00b0F a 662 \u00b0F).  Precisi\u00f3n: (Con respecto a los l\u00edmites de error est\u00e1ndar ANSI MC96.1).  Voltaje m\u00e1ximo: 24 V ac rms o 60 V dc.  Temperatura m\u00e1xima de la punta 816 \u00b0C (1500 \u00b0F). [:en]  Type K thermocouple suitable for the food industry, liquids and gels.  Measuring range: -40 to 260 \u00b0C.  Type K: Standard grade Ni-Cr vs Ni-Al (Chromel vs Alumel).  Stainless steel probe measuring range: 40\u00b0C to 350\u00b0C (-40\u00b0F to 662\u00b0F).  Accuracy: (With respect to ANSI MC96.1 standard error limits).  Maximum voltage: 24 V ac rms or 60 V dc.  Maximum tip temperature 816 \u00b0C (1500 \u00b0F). [:]","og_url":"https:\/\/techmasterdemexico.com\/producto\/sonda-de-temperatura-fluke-80pk-25\/","og_site_name":"Techmaster de Mexico","article_modified_time":"2025-06-26T19:40:26+00:00","og_image":[{"width":500,"height":500,"url":"https:\/\/techmasterdemexico.com\/wp-content\/uploads\/80pk-25.png","type":"image\/png"}],"twitter_card":"summary_large_image","twitter_misc":{"Est. reading time":"1 minute"},"schema":{"@context":"https:\/\/schema.org","@graph":[{"@type":"WebPage","@id":"https:\/\/techmasterdemexico.com\/producto\/sonda-de-temperatura-fluke-80pk-25\/","url":"https:\/\/techmasterdemexico.com\/producto\/sonda-de-temperatura-fluke-80pk-25\/","name":"Sonda de temperatura Fluke 80PK-25 - Techmaster de Mexico","isPartOf":{"@id":"https:\/\/techmasterdemexico.com\/#website"},"primaryImageOfPage":{"@id":"https:\/\/techmasterdemexico.com\/producto\/sonda-de-temperatura-fluke-80pk-25\/#primaryimage"},"image":{"@id":"https:\/\/techmasterdemexico.com\/producto\/sonda-de-temperatura-fluke-80pk-25\/#primaryimage"},"thumbnailUrl":"https:\/\/techmasterdemexico.com\/wp-content\/uploads\/80pk-25.png","datePublished":"2022-12-20T18:14:39+00:00","dateModified":"2025-06-26T19:40:26+00:00","breadcrumb":{"@id":"https:\/\/techmasterdemexico.com\/producto\/sonda-de-temperatura-fluke-80pk-25\/#breadcrumb"},"inLanguage":"en-US","potentialAction":[{"@type":"ReadAction","target":["https:\/\/techmasterdemexico.com\/producto\/sonda-de-temperatura-fluke-80pk-25\/"]}]},{"@type":"ImageObject","inLanguage":"en-US","@id":"https:\/\/techmasterdemexico.com\/producto\/sonda-de-temperatura-fluke-80pk-25\/#primaryimage","url":"https:\/\/techmasterdemexico.com\/wp-content\/uploads\/80pk-25.png","contentUrl":"https:\/\/techmasterdemexico.com\/wp-content\/uploads\/80pk-25.png","width":500,"height":500},{"@type":"BreadcrumbList","@id":"https:\/\/techmasterdemexico.com\/producto\/sonda-de-temperatura-fluke-80pk-25\/#breadcrumb","itemListElement":[{"@type":"ListItem","position":1,"name":"Portada","item":"https:\/\/techmasterdemexico.com\/"},{"@type":"ListItem","position":2,"name":"Sonda de temperatura Fluke 80PK-25"}]},{"@type":"WebSite","@id":"https:\/\/techmasterdemexico.com\/#website","url":"https:\/\/techmasterdemexico.com\/","name":"Techmaster de Mexico","description":"","potentialAction":[{"@type":"SearchAction","target":{"@type":"EntryPoint","urlTemplate":"https:\/\/techmasterdemexico.com\/?s={search_term_string}"},"query-input":{"@type":"PropertyValueSpecification","valueRequired":true,"valueName":"search_term_string"}}],"inLanguage":"en-US"}]}},"brands":[{"id":31,"name":"Fluke","slug":"fluke"}],"_links":{"self":[{"href":"https:\/\/techmasterdemexico.com\/en\/wp-json\/wp\/v2\/product\/19945","targetHints":{"allow":["GET"]}}],"collection":[{"href":"https:\/\/techmasterdemexico.com\/en\/wp-json\/wp\/v2\/product"}],"about":[{"href":"https:\/\/techmasterdemexico.com\/en\/wp-json\/wp\/v2\/types\/product"}],"wp:featuredmedia":[{"embeddable":true,"href":"https:\/\/techmasterdemexico.com\/en\/wp-json\/wp\/v2\/media\/20009"}],"wp:attachment":[{"href":"https:\/\/techmasterdemexico.com\/en\/wp-json\/wp\/v2\/media?parent=19945"}],"wp:term":[{"taxonomy":"pwb-brand","embeddable":true,"href":"https:\/\/techmasterdemexico.com\/en\/wp-json\/wp\/v2\/pwb-brand?post=19945"},{"taxonomy":"product_brand","embeddable":true,"href":"https:\/\/techmasterdemexico.com\/en\/wp-json\/wp\/v2\/product_brand?post=19945"},{"taxonomy":"product_cat","embeddable":true,"href":"https:\/\/techmasterdemexico.com\/en\/wp-json\/wp\/v2\/product_cat?post=19945"},{"taxonomy":"product_tag","embeddable":true,"href":"https:\/\/techmasterdemexico.com\/en\/wp-json\/wp\/v2\/product_tag?post=19945"}],"curies":[{"name":"wp","href":"https:\/\/api.w.org\/{rel}","templated":true}]}}