{"id":19941,"date":"2022-12-20T11:14:35","date_gmt":"2022-12-20T18:14:35","guid":{"rendered":"https:\/\/techmasterdemexico.com\/producto\/detector-de-voltaje-con-linterna-fluke-lvd2\/"},"modified":"2025-06-26T12:40:51","modified_gmt":"2025-06-26T19:40:51","slug":"detector-de-voltaje-con-linterna-fluke-lvd2","status":"publish","type":"product","link":"https:\/\/techmasterdemexico.com\/en\/producto\/detector-de-voltaje-con-linterna-fluke-lvd2\/","title":{"rendered":"Detector de voltaje con linterna Fluke LVD2"},"content":{"rendered":"<p>Non-contact AC voltage detector and LED flashlight combined in a very easy to use pencil-shaped design.<\/p>\n<p>The LVD2 is a CAT IV 600V category non-contact detector suitable for commercial and industrial applications.<\/p>\n<p>The LVD2 is a bi-level detector that turns blue when at a distance of 1 to 5 (2.54 cm to 12.7 cm) from the source, and red when over the source itself.<\/p>\n<p>Operating temperature 0 to 50 degrees C. Ultra-bright white LED.<\/p>\n<p>100,000 hour bulb. AAA battery included.<\/p>","protected":false},"excerpt":{"rendered":"<ul>\n<li>Double sensitivity<\/li>\n<li>LED flashlight with 100,000 hours of useful life<\/li>\n<li>Detects between 90 and 600 VAC<\/li>\n<li>Rated CAT IV 600V<\/li>\n<li>Double levels of detection<\/li>\n<li>Blue indicates proximity to an AC voltage source<\/li>\n<li>Red indicates that you are at the source<\/li>\n<li>Working temperature from 0 \u00b0C to 50 \u00b0C<\/li>\n<li>ultra-bright white LED<\/li>\n<li>100,000 hour bulb life<\/li>\n<li>Altitude 2,000m<\/li>\n<li>Humidity 80% for temperatures up to 31\u00b0C<\/li>\n<li>Decreasing linearly to a humidity<\/li>\n<li>45% relative at 50 \u00b0C<\/li>\n<li>Power supply 1.5 V DC (1 LR03 AAA battery)<\/li>\n<li>Temperature 0 \u00b0C to 50 \u00b0C<\/li>\n<li>Maximum voltage to ground 600 V<\/li>\n<\/ul>\n","protected":false},"featured_media":20014,"template":"","meta":{"_acf_changed":false},"pwb-brand":[31],"product_brand":[],"product_cat":[78,30],"product_tag":[],"class_list":{"0":"post-19941","1":"product","2":"type-product","3":"status-publish","4":"has-post-thumbnail","6":"pwb-brand-fluke","7":"product_cat-comprobadores-basicos","8":"product_cat-fluke","10":"first","11":"instock","12":"taxable","13":"shipping-taxable","14":"purchasable","15":"product-type-simple"},"acf":[],"yoast_head":"<!-- This site is optimized with the Yoast SEO plugin v27.4 - https:\/\/yoast.com\/product\/yoast-seo-wordpress\/ -->\n<title>Detector de voltaje con linterna Fluke LVD2 - Techmaster de Mexico<\/title>\n<meta name=\"robots\" content=\"index, follow, max-snippet:-1, max-image-preview:large, max-video-preview:-1\" \/>\n<link rel=\"canonical\" href=\"https:\/\/techmasterdemexico.com\/producto\/detector-de-voltaje-con-linterna-fluke-lvd2\/\" \/>\n<meta property=\"og:locale\" content=\"en_US\" \/>\n<meta property=\"og:type\" content=\"article\" \/>\n<meta property=\"og:title\" content=\"Detector de voltaje con linterna Fluke LVD2 - Techmaster de Mexico\" \/>\n<meta property=\"og:description\" content=\"[:es]  Sensibilidad doble  Linterna LED con 100,000 horas de vida \u00fatil  Detecta entre 90 y 600 V CA  Clasificado como CAT IV 600 V  Niveles dobles de detecci\u00f3n  El azul indica proximidad a una fuente de voltaje de CA  El rojo indica que usted est\u00e1 en la fuente  Temperatura de trabajo de 0 \u00b0C a 50 \u00b0C  LED blanco ultra brillante  Bombilla de 100,000 horas de duraci\u00f3n  Altitud 2.000 m  Humedad 80 % para temperaturas de hasta 31 \u00b0C  Disminuyendo linealmente hasta una humedad  Relativa del 45 % a 50 \u00b0C  Suministro el\u00e9ctrico 1,5 V de CC (1 pila LR03 AAA)  Temperatura 0 \u00b0C a 50 \u00b0C  M\u00e1xima tensi\u00f3n a tierra 600 V [:en]  Double sensitivity  LED flashlight with 100,000 hours of useful life  Detects between 90 and 600 VAC  Rated CAT IV 600V  Double levels of detection  Blue indicates proximity to an AC voltage source  Red indicates that you are at the source  Working temperature from 0 \u00b0C to 50 \u00b0C  ultra-bright white LED  100,000 hour bulb life  Altitude 2,000m  Humidity 80% for temperatures up to 31\u00b0C  Decreasing linearly to a humidity  45% relative at 50 \u00b0C  Power supply 1.5 V DC (1 LR03 AAA battery)  Temperature 0 \u00b0C to 50 \u00b0C  Maximum voltage to ground 600 V [:]\" \/>\n<meta property=\"og:url\" content=\"https:\/\/techmasterdemexico.com\/producto\/detector-de-voltaje-con-linterna-fluke-lvd2\/\" \/>\n<meta property=\"og:site_name\" content=\"Techmaster de Mexico\" \/>\n<meta property=\"article:modified_time\" content=\"2025-06-26T19:40:51+00:00\" \/>\n<meta property=\"og:image\" content=\"https:\/\/techmasterdemexico.com\/wp-content\/uploads\/FlukeLVD2.jpg\" \/>\n\t<meta property=\"og:image:width\" content=\"522\" \/>\n\t<meta property=\"og:image:height\" content=\"522\" \/>\n\t<meta property=\"og:image:type\" content=\"image\/jpeg\" \/>\n<meta name=\"twitter:card\" content=\"summary_large_image\" \/>\n<meta name=\"twitter:label1\" content=\"Est. reading time\" \/>\n\t<meta name=\"twitter:data1\" content=\"1 minute\" \/>\n<script type=\"application\/ld+json\" class=\"yoast-schema-graph\">{\"@context\":\"https:\\\/\\\/schema.org\",\"@graph\":[{\"@type\":\"WebPage\",\"@id\":\"https:\\\/\\\/techmasterdemexico.com\\\/producto\\\/detector-de-voltaje-con-linterna-fluke-lvd2\\\/\",\"url\":\"https:\\\/\\\/techmasterdemexico.com\\\/producto\\\/detector-de-voltaje-con-linterna-fluke-lvd2\\\/\",\"name\":\"Detector de voltaje con linterna Fluke LVD2 - Techmaster de Mexico\",\"isPartOf\":{\"@id\":\"https:\\\/\\\/techmasterdemexico.com\\\/#website\"},\"primaryImageOfPage\":{\"@id\":\"https:\\\/\\\/techmasterdemexico.com\\\/producto\\\/detector-de-voltaje-con-linterna-fluke-lvd2\\\/#primaryimage\"},\"image\":{\"@id\":\"https:\\\/\\\/techmasterdemexico.com\\\/producto\\\/detector-de-voltaje-con-linterna-fluke-lvd2\\\/#primaryimage\"},\"thumbnailUrl\":\"https:\\\/\\\/techmasterdemexico.com\\\/wp-content\\\/uploads\\\/FlukeLVD2.jpg\",\"datePublished\":\"2022-12-20T18:14:35+00:00\",\"dateModified\":\"2025-06-26T19:40:51+00:00\",\"breadcrumb\":{\"@id\":\"https:\\\/\\\/techmasterdemexico.com\\\/producto\\\/detector-de-voltaje-con-linterna-fluke-lvd2\\\/#breadcrumb\"},\"inLanguage\":\"en-US\",\"potentialAction\":[{\"@type\":\"ReadAction\",\"target\":[\"https:\\\/\\\/techmasterdemexico.com\\\/producto\\\/detector-de-voltaje-con-linterna-fluke-lvd2\\\/\"]}]},{\"@type\":\"ImageObject\",\"inLanguage\":\"en-US\",\"@id\":\"https:\\\/\\\/techmasterdemexico.com\\\/producto\\\/detector-de-voltaje-con-linterna-fluke-lvd2\\\/#primaryimage\",\"url\":\"https:\\\/\\\/techmasterdemexico.com\\\/wp-content\\\/uploads\\\/FlukeLVD2.jpg\",\"contentUrl\":\"https:\\\/\\\/techmasterdemexico.com\\\/wp-content\\\/uploads\\\/FlukeLVD2.jpg\",\"width\":522,\"height\":522},{\"@type\":\"BreadcrumbList\",\"@id\":\"https:\\\/\\\/techmasterdemexico.com\\\/producto\\\/detector-de-voltaje-con-linterna-fluke-lvd2\\\/#breadcrumb\",\"itemListElement\":[{\"@type\":\"ListItem\",\"position\":1,\"name\":\"Portada\",\"item\":\"https:\\\/\\\/techmasterdemexico.com\\\/\"},{\"@type\":\"ListItem\",\"position\":2,\"name\":\"Detector de voltaje con linterna Fluke LVD2\"}]},{\"@type\":\"WebSite\",\"@id\":\"https:\\\/\\\/techmasterdemexico.com\\\/#website\",\"url\":\"https:\\\/\\\/techmasterdemexico.com\\\/\",\"name\":\"Techmaster de Mexico\",\"description\":\"\",\"potentialAction\":[{\"@type\":\"SearchAction\",\"target\":{\"@type\":\"EntryPoint\",\"urlTemplate\":\"https:\\\/\\\/techmasterdemexico.com\\\/?s={search_term_string}\"},\"query-input\":{\"@type\":\"PropertyValueSpecification\",\"valueRequired\":true,\"valueName\":\"search_term_string\"}}],\"inLanguage\":\"en-US\"}]}<\/script>\n<!-- \/ Yoast SEO plugin. -->","yoast_head_json":{"title":"Detector de voltaje con linterna Fluke LVD2 - Techmaster de Mexico","robots":{"index":"index","follow":"follow","max-snippet":"max-snippet:-1","max-image-preview":"max-image-preview:large","max-video-preview":"max-video-preview:-1"},"canonical":"https:\/\/techmasterdemexico.com\/producto\/detector-de-voltaje-con-linterna-fluke-lvd2\/","og_locale":"en_US","og_type":"article","og_title":"Detector de voltaje con linterna Fluke LVD2 - Techmaster de Mexico","og_description":"[:es]  Sensibilidad doble  Linterna LED con 100,000 horas de vida \u00fatil  Detecta entre 90 y 600 V CA  Clasificado como CAT IV 600 V  Niveles dobles de detecci\u00f3n  El azul indica proximidad a una fuente de voltaje de CA  El rojo indica que usted est\u00e1 en la fuente  Temperatura de trabajo de 0 \u00b0C a 50 \u00b0C  LED blanco ultra brillante  Bombilla de 100,000 horas de duraci\u00f3n  Altitud 2.000 m  Humedad 80 % para temperaturas de hasta 31 \u00b0C  Disminuyendo linealmente hasta una humedad  Relativa del 45 % a 50 \u00b0C  Suministro el\u00e9ctrico 1,5 V de CC (1 pila LR03 AAA)  Temperatura 0 \u00b0C a 50 \u00b0C  M\u00e1xima tensi\u00f3n a tierra 600 V [:en]  Double sensitivity  LED flashlight with 100,000 hours of useful life  Detects between 90 and 600 VAC  Rated CAT IV 600V  Double levels of detection  Blue indicates proximity to an AC voltage source  Red indicates that you are at the source  Working temperature from 0 \u00b0C to 50 \u00b0C  ultra-bright white LED  100,000 hour bulb life  Altitude 2,000m  Humidity 80% for temperatures up to 31\u00b0C  Decreasing linearly to a humidity  45% relative at 50 \u00b0C  Power supply 1.5 V DC (1 LR03 AAA battery)  Temperature 0 \u00b0C to 50 \u00b0C  Maximum voltage to ground 600 V [:]","og_url":"https:\/\/techmasterdemexico.com\/producto\/detector-de-voltaje-con-linterna-fluke-lvd2\/","og_site_name":"Techmaster de Mexico","article_modified_time":"2025-06-26T19:40:51+00:00","og_image":[{"width":522,"height":522,"url":"https:\/\/techmasterdemexico.com\/wp-content\/uploads\/FlukeLVD2.jpg","type":"image\/jpeg"}],"twitter_card":"summary_large_image","twitter_misc":{"Est. reading time":"1 minute"},"schema":{"@context":"https:\/\/schema.org","@graph":[{"@type":"WebPage","@id":"https:\/\/techmasterdemexico.com\/producto\/detector-de-voltaje-con-linterna-fluke-lvd2\/","url":"https:\/\/techmasterdemexico.com\/producto\/detector-de-voltaje-con-linterna-fluke-lvd2\/","name":"Detector de voltaje con linterna Fluke LVD2 - Techmaster de Mexico","isPartOf":{"@id":"https:\/\/techmasterdemexico.com\/#website"},"primaryImageOfPage":{"@id":"https:\/\/techmasterdemexico.com\/producto\/detector-de-voltaje-con-linterna-fluke-lvd2\/#primaryimage"},"image":{"@id":"https:\/\/techmasterdemexico.com\/producto\/detector-de-voltaje-con-linterna-fluke-lvd2\/#primaryimage"},"thumbnailUrl":"https:\/\/techmasterdemexico.com\/wp-content\/uploads\/FlukeLVD2.jpg","datePublished":"2022-12-20T18:14:35+00:00","dateModified":"2025-06-26T19:40:51+00:00","breadcrumb":{"@id":"https:\/\/techmasterdemexico.com\/producto\/detector-de-voltaje-con-linterna-fluke-lvd2\/#breadcrumb"},"inLanguage":"en-US","potentialAction":[{"@type":"ReadAction","target":["https:\/\/techmasterdemexico.com\/producto\/detector-de-voltaje-con-linterna-fluke-lvd2\/"]}]},{"@type":"ImageObject","inLanguage":"en-US","@id":"https:\/\/techmasterdemexico.com\/producto\/detector-de-voltaje-con-linterna-fluke-lvd2\/#primaryimage","url":"https:\/\/techmasterdemexico.com\/wp-content\/uploads\/FlukeLVD2.jpg","contentUrl":"https:\/\/techmasterdemexico.com\/wp-content\/uploads\/FlukeLVD2.jpg","width":522,"height":522},{"@type":"BreadcrumbList","@id":"https:\/\/techmasterdemexico.com\/producto\/detector-de-voltaje-con-linterna-fluke-lvd2\/#breadcrumb","itemListElement":[{"@type":"ListItem","position":1,"name":"Portada","item":"https:\/\/techmasterdemexico.com\/"},{"@type":"ListItem","position":2,"name":"Detector de voltaje con linterna Fluke LVD2"}]},{"@type":"WebSite","@id":"https:\/\/techmasterdemexico.com\/#website","url":"https:\/\/techmasterdemexico.com\/","name":"Techmaster de Mexico","description":"","potentialAction":[{"@type":"SearchAction","target":{"@type":"EntryPoint","urlTemplate":"https:\/\/techmasterdemexico.com\/?s={search_term_string}"},"query-input":{"@type":"PropertyValueSpecification","valueRequired":true,"valueName":"search_term_string"}}],"inLanguage":"en-US"}]}},"brands":[{"id":31,"name":"Fluke","slug":"fluke"}],"_links":{"self":[{"href":"https:\/\/techmasterdemexico.com\/en\/wp-json\/wp\/v2\/product\/19941","targetHints":{"allow":["GET"]}}],"collection":[{"href":"https:\/\/techmasterdemexico.com\/en\/wp-json\/wp\/v2\/product"}],"about":[{"href":"https:\/\/techmasterdemexico.com\/en\/wp-json\/wp\/v2\/types\/product"}],"wp:featuredmedia":[{"embeddable":true,"href":"https:\/\/techmasterdemexico.com\/en\/wp-json\/wp\/v2\/media\/20014"}],"wp:attachment":[{"href":"https:\/\/techmasterdemexico.com\/en\/wp-json\/wp\/v2\/media?parent=19941"}],"wp:term":[{"taxonomy":"pwb-brand","embeddable":true,"href":"https:\/\/techmasterdemexico.com\/en\/wp-json\/wp\/v2\/pwb-brand?post=19941"},{"taxonomy":"product_brand","embeddable":true,"href":"https:\/\/techmasterdemexico.com\/en\/wp-json\/wp\/v2\/product_brand?post=19941"},{"taxonomy":"product_cat","embeddable":true,"href":"https:\/\/techmasterdemexico.com\/en\/wp-json\/wp\/v2\/product_cat?post=19941"},{"taxonomy":"product_tag","embeddable":true,"href":"https:\/\/techmasterdemexico.com\/en\/wp-json\/wp\/v2\/product_tag?post=19941"}],"curies":[{"name":"wp","href":"https:\/\/api.w.org\/{rel}","templated":true}]}}