{"id":19940,"date":"2022-12-20T11:14:34","date_gmt":"2022-12-20T18:14:34","guid":{"rendered":"https:\/\/techmasterdemexico.com\/producto\/comprobador-electrico-fluke-t6-1000-pro\/"},"modified":"2023-02-09T15:03:04","modified_gmt":"2023-02-09T22:03:04","slug":"comprobador-electrico-fluke-t6-1000-pro","status":"publish","type":"product","link":"https:\/\/techmasterdemexico.com\/en\/producto\/comprobador-electrico-fluke-t6-1000-pro\/","title":{"rendered":"Comprobador el\u00e9ctrico Fluke T6-1000 PRO"},"content":{"rendered":"<p>The T6-1000 PRO electrical tester measures voltages up to 1000 V AC and currents up to 200 A AC with the jaw open and without contacting test leads with the voltage source.<br \/>\nSimply connect the black lead to ground with the included robust alligator clip, insert the lead into the open jaw and check voltage and current at the same time.<br \/>\nSuitable for cables up to AGW 4\/0 (120 mm2), and up to 200 A and 1000 V AC, even with gloves on. It will change the way you work.<\/p>\n<p>Other functions:<\/p>\n<ul>\n<li>1 to 1000 V AC or DC<\/li>\n<li>0.1 to 200 A AC<\/li>\n<li>Resistance from 1 \u03a9 to 100 k\u03a9<\/li>\n<li>Frequency measurement from 45 Hz to 66 Hz with the jaw open<\/li>\n<li>Works with most wires up to AWG 4\/0 (17.8mm\/0.7&#8221; jaw opening)<\/li>\n<li>HOLD button temporarily freezes the display for easier reading<\/li>\n<li>Easy reading thanks to backlight<\/li>\n<li>Supports optional Fluke TPAK magnetic strap for added convenience<\/li>\n<\/ul>\n<p><\/p>","protected":false},"excerpt":{"rendered":"<ul>\n<li>Temperature\n<ul>\n<li>Operation: -10 \u00b0C to +50 \u00b0C (14 \u00b0F to 122 \u00b0F)<\/li>\n<li>Storage: -30 \u00b0C to +60 \u00b0C (-22 \u00b0F to +140 \u00b0F)<\/li>\n<\/ul>\n<\/li>\n<li>Altitude\n<ul>\n<li>Operating: 2,000 m (6,562 ft)<\/li>\n<li>Storage: 10,000 m (32,808 ft)<\/li>\n<\/ul>\n<\/li>\n<li>Battery type: 2 AA batteries (IEC LR6)<\/li>\n<li>Autonomy: 360 h of continuous use, typically 200 h with FieldSense function<\/li>\n<li>Temperature coefficient: 0.1 X (specified accuracy) \/ \u00b0C for &lt;18 \u00b0C or &gt;28 \u00b0C (&lt;64.4 \u00b0F or &gt;82.4 \u00b0F)<\/li>\n<li>Electromagnetic compatibility: IEC\/EN 61326-1: Portable<\/li>\n<li>Measurements of T6-1000 PRO:<\/li>\n<li>IEC 61010-1; Pollution degree 2<\/li>\n<li>IEC 61010-2-032; CAT IV 600V\/CAT III 1000V<\/li>\n<\/ul>\n","protected":false},"featured_media":20017,"template":"","meta":{"_acf_changed":false},"pwb-brand":[31],"product_brand":[],"product_cat":[366,78,30],"product_tag":[],"class_list":{"0":"post-19940","1":"product","2":"type-product","3":"status-publish","4":"has-post-thumbnail","6":"pwb-brand-fluke","7":"product_cat-todos-los-productos","8":"product_cat-comprobadores-basicos","9":"product_cat-fluke","11":"first","12":"instock","13":"featured","14":"taxable","15":"shipping-taxable","16":"product-type-simple"},"acf":[],"yoast_head":"<!-- This site is optimized with the Yoast SEO plugin v27.5 - https:\/\/yoast.com\/product\/yoast-seo-wordpress\/ -->\n<title>Comprobador el\u00e9ctrico Fluke T6-1000 PRO - Techmaster de Mexico<\/title>\n<meta name=\"robots\" content=\"index, follow, max-snippet:-1, max-image-preview:large, max-video-preview:-1\" \/>\n<link rel=\"canonical\" href=\"https:\/\/techmasterdemexico.com\/producto\/comprobador-electrico-fluke-t6-1000-pro\/\" \/>\n<meta property=\"og:locale\" content=\"en_US\" \/>\n<meta property=\"og:type\" content=\"article\" \/>\n<meta property=\"og:title\" content=\"Comprobador el\u00e9ctrico Fluke T6-1000 PRO - Techmaster de Mexico\" \/>\n<meta property=\"og:description\" content=\"[:es]  Temperatura   Funcionamiento: -10 \u00b0C a +50 \u00b0C (14 \u00b0F a 122 \u00b0F)  Almacenamiento: -30 \u00b0C a +60 \u00b0C (-22 \u00b0F a +140 \u00b0F)    Altitud   Funcionamiento: 2000 m (6562 pies )  Almacenamiento: 10.000 m (32.808 pies)    Bateria tipo: 2 pilas AA (IEC LR6)  Autonom\u00eda: 360 h de uso continuo, normalmente 200 h con funci\u00f3n FieldSense  Coeficiente de temperatura: 0,1 X (precisi\u00f3n especificada) \/ \u00b0C para &lt;18 \u00b0C o &gt;28 \u00b0C (&lt;64,4 \u00b0F o &gt;82,4 \u00b0F)  Compatibilidad electromagn\u00e9tica: IEC\/EN 61326-1: Port\u00e1til  Medidas deT6-1000 PRO:  IEC 61010-1; Grado de contaminaci\u00f3n 2  IEC 61010-2-032; CAT IV 600 V\/CAT III 1000 V [:en]  Temperature   Operation: -10 \u00b0C to +50 \u00b0C (14 \u00b0F to 122 \u00b0F)  Storage: -30 \u00b0C to +60 \u00b0C (-22 \u00b0F to +140 \u00b0F)    Altitude   Operating: 2,000 m (6,562 ft)  Storage: 10,000 m (32,808 ft)    Battery type: 2 AA batteries (IEC LR6)  Autonomy: 360 h of continuous use, typically 200 h with FieldSense function  Temperature coefficient: 0.1 X (specified accuracy) \/ \u00b0C for &lt;18 \u00b0C or &gt;28 \u00b0C (&lt;64.4 \u00b0F or &gt;82.4 \u00b0F)  Electromagnetic compatibility: IEC\/EN 61326-1: Portable  Measurements of T6-1000 PRO:  IEC 61010-1; Pollution degree 2  IEC 61010-2-032; CAT IV 600V\/CAT III 1000V [:]\" \/>\n<meta property=\"og:url\" content=\"https:\/\/techmasterdemexico.com\/producto\/comprobador-electrico-fluke-t6-1000-pro\/\" \/>\n<meta property=\"og:site_name\" content=\"Techmaster de Mexico\" \/>\n<meta property=\"article:modified_time\" content=\"2023-02-09T22:03:04+00:00\" \/>\n<meta property=\"og:image\" content=\"https:\/\/techmasterdemexico.com\/wp-content\/uploads\/t6-1000-pro.png\" \/>\n\t<meta property=\"og:image:width\" content=\"1000\" \/>\n\t<meta property=\"og:image:height\" content=\"1000\" \/>\n\t<meta property=\"og:image:type\" content=\"image\/png\" \/>\n<meta name=\"twitter:card\" content=\"summary_large_image\" \/>\n<meta name=\"twitter:label1\" content=\"Est. reading time\" \/>\n\t<meta name=\"twitter:data1\" content=\"2 minutes\" \/>\n<script type=\"application\/ld+json\" class=\"yoast-schema-graph\">{\"@context\":\"https:\\\/\\\/schema.org\",\"@graph\":[{\"@type\":\"WebPage\",\"@id\":\"https:\\\/\\\/techmasterdemexico.com\\\/producto\\\/comprobador-electrico-fluke-t6-1000-pro\\\/\",\"url\":\"https:\\\/\\\/techmasterdemexico.com\\\/producto\\\/comprobador-electrico-fluke-t6-1000-pro\\\/\",\"name\":\"Comprobador el\u00e9ctrico Fluke T6-1000 PRO - Techmaster de Mexico\",\"isPartOf\":{\"@id\":\"https:\\\/\\\/techmasterdemexico.com\\\/#website\"},\"primaryImageOfPage\":{\"@id\":\"https:\\\/\\\/techmasterdemexico.com\\\/producto\\\/comprobador-electrico-fluke-t6-1000-pro\\\/#primaryimage\"},\"image\":{\"@id\":\"https:\\\/\\\/techmasterdemexico.com\\\/producto\\\/comprobador-electrico-fluke-t6-1000-pro\\\/#primaryimage\"},\"thumbnailUrl\":\"https:\\\/\\\/techmasterdemexico.com\\\/wp-content\\\/uploads\\\/t6-1000-pro.png\",\"datePublished\":\"2022-12-20T18:14:34+00:00\",\"dateModified\":\"2023-02-09T22:03:04+00:00\",\"breadcrumb\":{\"@id\":\"https:\\\/\\\/techmasterdemexico.com\\\/producto\\\/comprobador-electrico-fluke-t6-1000-pro\\\/#breadcrumb\"},\"inLanguage\":\"en-US\",\"potentialAction\":[{\"@type\":\"ReadAction\",\"target\":[\"https:\\\/\\\/techmasterdemexico.com\\\/producto\\\/comprobador-electrico-fluke-t6-1000-pro\\\/\"]}]},{\"@type\":\"ImageObject\",\"inLanguage\":\"en-US\",\"@id\":\"https:\\\/\\\/techmasterdemexico.com\\\/producto\\\/comprobador-electrico-fluke-t6-1000-pro\\\/#primaryimage\",\"url\":\"https:\\\/\\\/techmasterdemexico.com\\\/wp-content\\\/uploads\\\/t6-1000-pro.png\",\"contentUrl\":\"https:\\\/\\\/techmasterdemexico.com\\\/wp-content\\\/uploads\\\/t6-1000-pro.png\",\"width\":1000,\"height\":1000},{\"@type\":\"BreadcrumbList\",\"@id\":\"https:\\\/\\\/techmasterdemexico.com\\\/producto\\\/comprobador-electrico-fluke-t6-1000-pro\\\/#breadcrumb\",\"itemListElement\":[{\"@type\":\"ListItem\",\"position\":1,\"name\":\"Portada\",\"item\":\"https:\\\/\\\/techmasterdemexico.com\\\/\"},{\"@type\":\"ListItem\",\"position\":2,\"name\":\"Comprobador el\u00e9ctrico Fluke T6-1000 PRO\"}]},{\"@type\":\"WebSite\",\"@id\":\"https:\\\/\\\/techmasterdemexico.com\\\/#website\",\"url\":\"https:\\\/\\\/techmasterdemexico.com\\\/\",\"name\":\"Techmaster de Mexico\",\"description\":\"\",\"potentialAction\":[{\"@type\":\"SearchAction\",\"target\":{\"@type\":\"EntryPoint\",\"urlTemplate\":\"https:\\\/\\\/techmasterdemexico.com\\\/?s={search_term_string}\"},\"query-input\":{\"@type\":\"PropertyValueSpecification\",\"valueRequired\":true,\"valueName\":\"search_term_string\"}}],\"inLanguage\":\"en-US\"}]}<\/script>\n<!-- \/ Yoast SEO plugin. -->","yoast_head_json":{"title":"Comprobador el\u00e9ctrico Fluke T6-1000 PRO - Techmaster de Mexico","robots":{"index":"index","follow":"follow","max-snippet":"max-snippet:-1","max-image-preview":"max-image-preview:large","max-video-preview":"max-video-preview:-1"},"canonical":"https:\/\/techmasterdemexico.com\/producto\/comprobador-electrico-fluke-t6-1000-pro\/","og_locale":"en_US","og_type":"article","og_title":"Comprobador el\u00e9ctrico Fluke T6-1000 PRO - Techmaster de Mexico","og_description":"[:es]  Temperatura   Funcionamiento: -10 \u00b0C a +50 \u00b0C (14 \u00b0F a 122 \u00b0F)  Almacenamiento: -30 \u00b0C a +60 \u00b0C (-22 \u00b0F a +140 \u00b0F)    Altitud   Funcionamiento: 2000 m (6562 pies )  Almacenamiento: 10.000 m (32.808 pies)    Bateria tipo: 2 pilas AA (IEC LR6)  Autonom\u00eda: 360 h de uso continuo, normalmente 200 h con funci\u00f3n FieldSense  Coeficiente de temperatura: 0,1 X (precisi\u00f3n especificada) \/ \u00b0C para &lt;18 \u00b0C o &gt;28 \u00b0C (&lt;64,4 \u00b0F o &gt;82,4 \u00b0F)  Compatibilidad electromagn\u00e9tica: IEC\/EN 61326-1: Port\u00e1til  Medidas deT6-1000 PRO:  IEC 61010-1; Grado de contaminaci\u00f3n 2  IEC 61010-2-032; CAT IV 600 V\/CAT III 1000 V [:en]  Temperature   Operation: -10 \u00b0C to +50 \u00b0C (14 \u00b0F to 122 \u00b0F)  Storage: -30 \u00b0C to +60 \u00b0C (-22 \u00b0F to +140 \u00b0F)    Altitude   Operating: 2,000 m (6,562 ft)  Storage: 10,000 m (32,808 ft)    Battery type: 2 AA batteries (IEC LR6)  Autonomy: 360 h of continuous use, typically 200 h with FieldSense function  Temperature coefficient: 0.1 X (specified accuracy) \/ \u00b0C for &lt;18 \u00b0C or &gt;28 \u00b0C (&lt;64.4 \u00b0F or &gt;82.4 \u00b0F)  Electromagnetic compatibility: IEC\/EN 61326-1: Portable  Measurements of T6-1000 PRO:  IEC 61010-1; Pollution degree 2  IEC 61010-2-032; CAT IV 600V\/CAT III 1000V [:]","og_url":"https:\/\/techmasterdemexico.com\/producto\/comprobador-electrico-fluke-t6-1000-pro\/","og_site_name":"Techmaster de Mexico","article_modified_time":"2023-02-09T22:03:04+00:00","og_image":[{"width":1000,"height":1000,"url":"https:\/\/techmasterdemexico.com\/wp-content\/uploads\/t6-1000-pro.png","type":"image\/png"}],"twitter_card":"summary_large_image","twitter_misc":{"Est. reading time":"2 minutes"},"schema":{"@context":"https:\/\/schema.org","@graph":[{"@type":"WebPage","@id":"https:\/\/techmasterdemexico.com\/producto\/comprobador-electrico-fluke-t6-1000-pro\/","url":"https:\/\/techmasterdemexico.com\/producto\/comprobador-electrico-fluke-t6-1000-pro\/","name":"Comprobador el\u00e9ctrico Fluke T6-1000 PRO - Techmaster de Mexico","isPartOf":{"@id":"https:\/\/techmasterdemexico.com\/#website"},"primaryImageOfPage":{"@id":"https:\/\/techmasterdemexico.com\/producto\/comprobador-electrico-fluke-t6-1000-pro\/#primaryimage"},"image":{"@id":"https:\/\/techmasterdemexico.com\/producto\/comprobador-electrico-fluke-t6-1000-pro\/#primaryimage"},"thumbnailUrl":"https:\/\/techmasterdemexico.com\/wp-content\/uploads\/t6-1000-pro.png","datePublished":"2022-12-20T18:14:34+00:00","dateModified":"2023-02-09T22:03:04+00:00","breadcrumb":{"@id":"https:\/\/techmasterdemexico.com\/producto\/comprobador-electrico-fluke-t6-1000-pro\/#breadcrumb"},"inLanguage":"en-US","potentialAction":[{"@type":"ReadAction","target":["https:\/\/techmasterdemexico.com\/producto\/comprobador-electrico-fluke-t6-1000-pro\/"]}]},{"@type":"ImageObject","inLanguage":"en-US","@id":"https:\/\/techmasterdemexico.com\/producto\/comprobador-electrico-fluke-t6-1000-pro\/#primaryimage","url":"https:\/\/techmasterdemexico.com\/wp-content\/uploads\/t6-1000-pro.png","contentUrl":"https:\/\/techmasterdemexico.com\/wp-content\/uploads\/t6-1000-pro.png","width":1000,"height":1000},{"@type":"BreadcrumbList","@id":"https:\/\/techmasterdemexico.com\/producto\/comprobador-electrico-fluke-t6-1000-pro\/#breadcrumb","itemListElement":[{"@type":"ListItem","position":1,"name":"Portada","item":"https:\/\/techmasterdemexico.com\/"},{"@type":"ListItem","position":2,"name":"Comprobador el\u00e9ctrico Fluke T6-1000 PRO"}]},{"@type":"WebSite","@id":"https:\/\/techmasterdemexico.com\/#website","url":"https:\/\/techmasterdemexico.com\/","name":"Techmaster de Mexico","description":"","potentialAction":[{"@type":"SearchAction","target":{"@type":"EntryPoint","urlTemplate":"https:\/\/techmasterdemexico.com\/?s={search_term_string}"},"query-input":{"@type":"PropertyValueSpecification","valueRequired":true,"valueName":"search_term_string"}}],"inLanguage":"en-US"}]}},"brands":[{"id":31,"name":"Fluke","slug":"fluke"}],"_links":{"self":[{"href":"https:\/\/techmasterdemexico.com\/en\/wp-json\/wp\/v2\/product\/19940","targetHints":{"allow":["GET"]}}],"collection":[{"href":"https:\/\/techmasterdemexico.com\/en\/wp-json\/wp\/v2\/product"}],"about":[{"href":"https:\/\/techmasterdemexico.com\/en\/wp-json\/wp\/v2\/types\/product"}],"wp:featuredmedia":[{"embeddable":true,"href":"https:\/\/techmasterdemexico.com\/en\/wp-json\/wp\/v2\/media\/20017"}],"wp:attachment":[{"href":"https:\/\/techmasterdemexico.com\/en\/wp-json\/wp\/v2\/media?parent=19940"}],"wp:term":[{"taxonomy":"pwb-brand","embeddable":true,"href":"https:\/\/techmasterdemexico.com\/en\/wp-json\/wp\/v2\/pwb-brand?post=19940"},{"taxonomy":"product_brand","embeddable":true,"href":"https:\/\/techmasterdemexico.com\/en\/wp-json\/wp\/v2\/product_brand?post=19940"},{"taxonomy":"product_cat","embeddable":true,"href":"https:\/\/techmasterdemexico.com\/en\/wp-json\/wp\/v2\/product_cat?post=19940"},{"taxonomy":"product_tag","embeddable":true,"href":"https:\/\/techmasterdemexico.com\/en\/wp-json\/wp\/v2\/product_tag?post=19940"}],"curies":[{"name":"wp","href":"https:\/\/api.w.org\/{rel}","templated":true}]}}