{"id":19938,"date":"2022-12-20T11:14:34","date_gmt":"2022-12-20T18:14:34","guid":{"rendered":"https:\/\/techmasterdemexico.com\/producto\/pinza-amperimetrica-de-verdadero-valor-eficaz-con-iflex-cat-iii-1500-v-393-fc\/"},"modified":"2023-07-18T09:34:51","modified_gmt":"2023-07-18T16:34:51","slug":"pinza-amperimetrica-de-verdadero-valor-eficaz-con-iflex-cat-iii-1500-v-393-fc","status":"publish","type":"product","link":"https:\/\/techmasterdemexico.com\/en\/producto\/pinza-amperimetrica-de-verdadero-valor-eficaz-con-iflex-cat-iii-1500-v-393-fc\/","title":{"rendered":"Pinza amperim\u00e9trica de verdadero valor eficaz con iFlex CAT III 1500 V 393 FC"},"content":{"rendered":"<p>The Fluke 393 FC Clamp Meter is specially designed for technicians working in high-voltage DC environments such as solar panels, wind power, electric railways, or data center battery banks for UPSs. The clamp can measure up to 1500 V DC, 1000 V AC, and up to 999.9 A DC or AC through the jaw. The included iFlex flexible current probe increases AC current measurements up to 2500 A. This clamp has a very fine jaw that will allow you to access cables found in high-density combiner boxes. The test leads are designed with your job in mind, and for CAT III 1500 Vdc as well.<\/p>\n<p>&nbsp;<\/p>\n<p>Other essential functions:<br \/>\nIP54, ideal for working outdoors on solar panels or wind power systems. The iFlex probe can be twisted and turned in extremely small spaces and provides accurate current measurements. DC measurement with readings in kVA<\/p>","protected":false},"excerpt":{"rendered":"<ul>\n<li>Batteries: 2 AA IEC LR6 alkaline batteries.<\/li>\n<li>Display: dual display with backlight.<\/li>\n<li>Automatic shutdown: 20 minutes.<\/li>\n<li>Accuracy: The specified accuracy refers to the year following the calibration,<br \/>\nat operating temperatures of 18 to 28 \u00b0C with a relative humidity of 0 to 75%.<\/li>\n<li>Accuracy specifications are of the type: \u00b1 ([% of reading] + [number of least significant digits]).<\/li>\n<li>Temperature Coefficients: Add 0.1 x specified accuracy for each \u00b0C &gt; 28 \u00b0C or &lt; 18 \u00b0C.<\/li>\n<li>AC Rating of Jaw: 999.9 A.<\/li>\n<li>Clamp accuracy: 2% + 5 digits (10 to 100 Hz) and 2.5% 5 digits (100 to 500 Hz).<\/li>\n<li>Jaw opening: 34mm.<\/li>\n<li>Flexible current probe diameter: 7.5mm.<\/li>\n<li>Operating temperature: -10 to 50 \u00b0C.<\/li>\n<li>Storage temperature: -40 to 60 \u00b0C.<\/li>\n<li>Operating altitude: 2000 meters.<\/li>\n<li>Storage altitude: 12,000m.<\/li>\n<li>General specifications: IEC 60529-1, pollution degree 2.<\/li>\n<li>Measurement: IEC 61010-2-032, CAT III 1500 V \/ CAT IV 600 V and IEC 61010-2-033: CAT III 1500 V \/ CAT IV 600 V.<\/li>\n<\/ul>\n","protected":false},"featured_media":20019,"template":"","meta":{"_acf_changed":false},"pwb-brand":[31],"product_brand":[],"product_cat":[366,30,41],"product_tag":[],"class_list":{"0":"post-19938","1":"product","2":"type-product","3":"status-publish","4":"has-post-thumbnail","6":"pwb-brand-fluke","7":"product_cat-todos-los-productos","8":"product_cat-fluke","9":"product_cat-pinzas-amperimetricas","11":"first","12":"instock","13":"taxable","14":"shipping-taxable","15":"product-type-simple"},"acf":[],"yoast_head":"<!-- This site is optimized with the Yoast SEO plugin v27.4 - https:\/\/yoast.com\/product\/yoast-seo-wordpress\/ -->\n<title>Pinza amperim\u00e9trica de verdadero valor eficaz con iFlex CAT III 1500 V 393 FC - Techmaster de Mexico<\/title>\n<meta name=\"robots\" content=\"index, follow, max-snippet:-1, max-image-preview:large, max-video-preview:-1\" \/>\n<link rel=\"canonical\" href=\"https:\/\/techmasterdemexico.com\/producto\/pinza-amperimetrica-de-verdadero-valor-eficaz-con-iflex-cat-iii-1500-v-393-fc\/\" \/>\n<meta property=\"og:locale\" content=\"en_US\" \/>\n<meta property=\"og:type\" content=\"article\" \/>\n<meta property=\"og:title\" content=\"Pinza amperim\u00e9trica de verdadero valor eficaz con iFlex CAT III 1500 V 393 FC - Techmaster de Mexico\" \/>\n<meta property=\"og:description\" content=\"[:es]  Pilas: 2 pilas AA IEC LR6 alcalinas.  Pantalla: pantalla doble con retroiluminaci\u00f3n.  Apagado autom\u00e1tico: 20 minutos.  Exactitud: La exactitud especificada hace referencia al a\u00f1o siguiente a la calibraci\u00f3n, a temperaturas de funcionamiento de 18 a 28 \u00b0C con una humedad relativa del 0 al 75%.  Las especificaciones de exactitud son del tipo: \u00b1 ([% de la lectura] + [n\u00famero de d\u00edgitos menos significativos]).  Coeficientes de temperatura: a\u00f1ada 0,1 x la exactitud especificada por cada \u00b0C &gt; 28 \u00b0C o &lt; 18 \u00b0C.  Rango CA de la mordaza: 999,9 A.  Exactitud mordaza: 2% + 5 d\u00edgitos (10 a 100 Hz) y 2,5% 5 d\u00edgitos (100 a 500 Hz).  Apertura de la mordaza: 34mm.  Di\u00e1metro de la sonda de corriente flexible: 7,5mm.  Temperatura de funcionamiento: -10 a 50 \u00b0C.  Temperatura de almacenamiento: -40 a 60 \u00b0C.  Altitud de funcionamiento: 2000 metros.  Altitud de almacenamiento: 12.000m.  Especificaciones generales: IEC 60529-1, grado de contaminaci\u00f3n 2.  Medida: IEC 61010-2-032, CAT III 1500 V \/ CAT IV 600 V y IEC 61010-2-033: CAT III 1500 V \/ CAT IV 600 V. [:en]  Batteries: 2 AA IEC LR6 alkaline batteries.  Display: dual display with backlight.  Automatic shutdown: 20 minutes.  Accuracy: The specified accuracy refers to the year following the calibration, at operating temperatures of 18 to 28 \u00b0C with a relative humidity of 0 to 75%.  Accuracy specifications are of the type: \u00b1 ([% of reading] + [number of least significant digits]).  Temperature Coefficients: Add 0.1 x specified accuracy for each \u00b0C &gt; 28 \u00b0C or &lt; 18 \u00b0C.  AC Rating of Jaw: 999.9 A.  Clamp accuracy: 2% + 5 digits (10 to 100 Hz) and 2.5% 5 digits (100 to 500 Hz).  Jaw opening: 34mm.  Flexible current probe diameter: 7.5mm.  Operating temperature: -10 to 50 \u00b0C.  Storage temperature: -40 to 60 \u00b0C.  Operating altitude: 2000 meters.  Storage altitude: 12,000m.  General specifications: IEC 60529-1, pollution degree 2.  Measurement: IEC 61010-2-032, CAT III 1500 V \/ CAT IV 600 V and IEC 61010-2-033: CAT III 1500 V \/ CAT IV 600 V. [:]\" \/>\n<meta property=\"og:url\" content=\"https:\/\/techmasterdemexico.com\/producto\/pinza-amperimetrica-de-verdadero-valor-eficaz-con-iflex-cat-iii-1500-v-393-fc\/\" \/>\n<meta property=\"og:site_name\" content=\"Techmaster de Mexico\" \/>\n<meta property=\"article:modified_time\" content=\"2023-07-18T16:34:51+00:00\" \/>\n<meta property=\"og:image\" content=\"https:\/\/techmasterdemexico.com\/wp-content\/uploads\/Fluke-393-FC.jpg\" \/>\n\t<meta property=\"og:image:width\" content=\"1000\" \/>\n\t<meta property=\"og:image:height\" content=\"1000\" \/>\n\t<meta property=\"og:image:type\" content=\"image\/jpeg\" \/>\n<meta name=\"twitter:card\" content=\"summary_large_image\" \/>\n<meta name=\"twitter:label1\" content=\"Est. reading time\" \/>\n\t<meta name=\"twitter:data1\" content=\"2 minutes\" \/>\n<script type=\"application\/ld+json\" class=\"yoast-schema-graph\">{\"@context\":\"https:\\\/\\\/schema.org\",\"@graph\":[{\"@type\":\"WebPage\",\"@id\":\"https:\\\/\\\/techmasterdemexico.com\\\/producto\\\/pinza-amperimetrica-de-verdadero-valor-eficaz-con-iflex-cat-iii-1500-v-393-fc\\\/\",\"url\":\"https:\\\/\\\/techmasterdemexico.com\\\/producto\\\/pinza-amperimetrica-de-verdadero-valor-eficaz-con-iflex-cat-iii-1500-v-393-fc\\\/\",\"name\":\"Pinza amperim\u00e9trica de verdadero valor eficaz con iFlex CAT III 1500 V 393 FC - Techmaster de Mexico\",\"isPartOf\":{\"@id\":\"https:\\\/\\\/techmasterdemexico.com\\\/#website\"},\"primaryImageOfPage\":{\"@id\":\"https:\\\/\\\/techmasterdemexico.com\\\/producto\\\/pinza-amperimetrica-de-verdadero-valor-eficaz-con-iflex-cat-iii-1500-v-393-fc\\\/#primaryimage\"},\"image\":{\"@id\":\"https:\\\/\\\/techmasterdemexico.com\\\/producto\\\/pinza-amperimetrica-de-verdadero-valor-eficaz-con-iflex-cat-iii-1500-v-393-fc\\\/#primaryimage\"},\"thumbnailUrl\":\"https:\\\/\\\/techmasterdemexico.com\\\/wp-content\\\/uploads\\\/Fluke-393-FC.jpg\",\"datePublished\":\"2022-12-20T18:14:34+00:00\",\"dateModified\":\"2023-07-18T16:34:51+00:00\",\"breadcrumb\":{\"@id\":\"https:\\\/\\\/techmasterdemexico.com\\\/producto\\\/pinza-amperimetrica-de-verdadero-valor-eficaz-con-iflex-cat-iii-1500-v-393-fc\\\/#breadcrumb\"},\"inLanguage\":\"en-US\",\"potentialAction\":[{\"@type\":\"ReadAction\",\"target\":[\"https:\\\/\\\/techmasterdemexico.com\\\/producto\\\/pinza-amperimetrica-de-verdadero-valor-eficaz-con-iflex-cat-iii-1500-v-393-fc\\\/\"]}]},{\"@type\":\"ImageObject\",\"inLanguage\":\"en-US\",\"@id\":\"https:\\\/\\\/techmasterdemexico.com\\\/producto\\\/pinza-amperimetrica-de-verdadero-valor-eficaz-con-iflex-cat-iii-1500-v-393-fc\\\/#primaryimage\",\"url\":\"https:\\\/\\\/techmasterdemexico.com\\\/wp-content\\\/uploads\\\/Fluke-393-FC.jpg\",\"contentUrl\":\"https:\\\/\\\/techmasterdemexico.com\\\/wp-content\\\/uploads\\\/Fluke-393-FC.jpg\",\"width\":1000,\"height\":1000},{\"@type\":\"BreadcrumbList\",\"@id\":\"https:\\\/\\\/techmasterdemexico.com\\\/producto\\\/pinza-amperimetrica-de-verdadero-valor-eficaz-con-iflex-cat-iii-1500-v-393-fc\\\/#breadcrumb\",\"itemListElement\":[{\"@type\":\"ListItem\",\"position\":1,\"name\":\"Portada\",\"item\":\"https:\\\/\\\/techmasterdemexico.com\\\/\"},{\"@type\":\"ListItem\",\"position\":2,\"name\":\"Pinza amperim\u00e9trica de verdadero valor eficaz con iFlex CAT III 1500 V 393 FC\"}]},{\"@type\":\"WebSite\",\"@id\":\"https:\\\/\\\/techmasterdemexico.com\\\/#website\",\"url\":\"https:\\\/\\\/techmasterdemexico.com\\\/\",\"name\":\"Techmaster de Mexico\",\"description\":\"\",\"potentialAction\":[{\"@type\":\"SearchAction\",\"target\":{\"@type\":\"EntryPoint\",\"urlTemplate\":\"https:\\\/\\\/techmasterdemexico.com\\\/?s={search_term_string}\"},\"query-input\":{\"@type\":\"PropertyValueSpecification\",\"valueRequired\":true,\"valueName\":\"search_term_string\"}}],\"inLanguage\":\"en-US\"}]}<\/script>\n<!-- \/ Yoast SEO plugin. -->","yoast_head_json":{"title":"Pinza amperim\u00e9trica de verdadero valor eficaz con iFlex CAT III 1500 V 393 FC - Techmaster de Mexico","robots":{"index":"index","follow":"follow","max-snippet":"max-snippet:-1","max-image-preview":"max-image-preview:large","max-video-preview":"max-video-preview:-1"},"canonical":"https:\/\/techmasterdemexico.com\/producto\/pinza-amperimetrica-de-verdadero-valor-eficaz-con-iflex-cat-iii-1500-v-393-fc\/","og_locale":"en_US","og_type":"article","og_title":"Pinza amperim\u00e9trica de verdadero valor eficaz con iFlex CAT III 1500 V 393 FC - Techmaster de Mexico","og_description":"[:es]  Pilas: 2 pilas AA IEC LR6 alcalinas.  Pantalla: pantalla doble con retroiluminaci\u00f3n.  Apagado autom\u00e1tico: 20 minutos.  Exactitud: La exactitud especificada hace referencia al a\u00f1o siguiente a la calibraci\u00f3n, a temperaturas de funcionamiento de 18 a 28 \u00b0C con una humedad relativa del 0 al 75%.  Las especificaciones de exactitud son del tipo: \u00b1 ([% de la lectura] + [n\u00famero de d\u00edgitos menos significativos]).  Coeficientes de temperatura: a\u00f1ada 0,1 x la exactitud especificada por cada \u00b0C &gt; 28 \u00b0C o &lt; 18 \u00b0C.  Rango CA de la mordaza: 999,9 A.  Exactitud mordaza: 2% + 5 d\u00edgitos (10 a 100 Hz) y 2,5% 5 d\u00edgitos (100 a 500 Hz).  Apertura de la mordaza: 34mm.  Di\u00e1metro de la sonda de corriente flexible: 7,5mm.  Temperatura de funcionamiento: -10 a 50 \u00b0C.  Temperatura de almacenamiento: -40 a 60 \u00b0C.  Altitud de funcionamiento: 2000 metros.  Altitud de almacenamiento: 12.000m.  Especificaciones generales: IEC 60529-1, grado de contaminaci\u00f3n 2.  Medida: IEC 61010-2-032, CAT III 1500 V \/ CAT IV 600 V y IEC 61010-2-033: CAT III 1500 V \/ CAT IV 600 V. [:en]  Batteries: 2 AA IEC LR6 alkaline batteries.  Display: dual display with backlight.  Automatic shutdown: 20 minutes.  Accuracy: The specified accuracy refers to the year following the calibration, at operating temperatures of 18 to 28 \u00b0C with a relative humidity of 0 to 75%.  Accuracy specifications are of the type: \u00b1 ([% of reading] + [number of least significant digits]).  Temperature Coefficients: Add 0.1 x specified accuracy for each \u00b0C &gt; 28 \u00b0C or &lt; 18 \u00b0C.  AC Rating of Jaw: 999.9 A.  Clamp accuracy: 2% + 5 digits (10 to 100 Hz) and 2.5% 5 digits (100 to 500 Hz).  Jaw opening: 34mm.  Flexible current probe diameter: 7.5mm.  Operating temperature: -10 to 50 \u00b0C.  Storage temperature: -40 to 60 \u00b0C.  Operating altitude: 2000 meters.  Storage altitude: 12,000m.  General specifications: IEC 60529-1, pollution degree 2.  Measurement: IEC 61010-2-032, CAT III 1500 V \/ CAT IV 600 V and IEC 61010-2-033: CAT III 1500 V \/ CAT IV 600 V. [:]","og_url":"https:\/\/techmasterdemexico.com\/producto\/pinza-amperimetrica-de-verdadero-valor-eficaz-con-iflex-cat-iii-1500-v-393-fc\/","og_site_name":"Techmaster de Mexico","article_modified_time":"2023-07-18T16:34:51+00:00","og_image":[{"width":1000,"height":1000,"url":"https:\/\/techmasterdemexico.com\/wp-content\/uploads\/Fluke-393-FC.jpg","type":"image\/jpeg"}],"twitter_card":"summary_large_image","twitter_misc":{"Est. reading time":"2 minutes"},"schema":{"@context":"https:\/\/schema.org","@graph":[{"@type":"WebPage","@id":"https:\/\/techmasterdemexico.com\/producto\/pinza-amperimetrica-de-verdadero-valor-eficaz-con-iflex-cat-iii-1500-v-393-fc\/","url":"https:\/\/techmasterdemexico.com\/producto\/pinza-amperimetrica-de-verdadero-valor-eficaz-con-iflex-cat-iii-1500-v-393-fc\/","name":"Pinza amperim\u00e9trica de verdadero valor eficaz con iFlex CAT III 1500 V 393 FC - Techmaster de Mexico","isPartOf":{"@id":"https:\/\/techmasterdemexico.com\/#website"},"primaryImageOfPage":{"@id":"https:\/\/techmasterdemexico.com\/producto\/pinza-amperimetrica-de-verdadero-valor-eficaz-con-iflex-cat-iii-1500-v-393-fc\/#primaryimage"},"image":{"@id":"https:\/\/techmasterdemexico.com\/producto\/pinza-amperimetrica-de-verdadero-valor-eficaz-con-iflex-cat-iii-1500-v-393-fc\/#primaryimage"},"thumbnailUrl":"https:\/\/techmasterdemexico.com\/wp-content\/uploads\/Fluke-393-FC.jpg","datePublished":"2022-12-20T18:14:34+00:00","dateModified":"2023-07-18T16:34:51+00:00","breadcrumb":{"@id":"https:\/\/techmasterdemexico.com\/producto\/pinza-amperimetrica-de-verdadero-valor-eficaz-con-iflex-cat-iii-1500-v-393-fc\/#breadcrumb"},"inLanguage":"en-US","potentialAction":[{"@type":"ReadAction","target":["https:\/\/techmasterdemexico.com\/producto\/pinza-amperimetrica-de-verdadero-valor-eficaz-con-iflex-cat-iii-1500-v-393-fc\/"]}]},{"@type":"ImageObject","inLanguage":"en-US","@id":"https:\/\/techmasterdemexico.com\/producto\/pinza-amperimetrica-de-verdadero-valor-eficaz-con-iflex-cat-iii-1500-v-393-fc\/#primaryimage","url":"https:\/\/techmasterdemexico.com\/wp-content\/uploads\/Fluke-393-FC.jpg","contentUrl":"https:\/\/techmasterdemexico.com\/wp-content\/uploads\/Fluke-393-FC.jpg","width":1000,"height":1000},{"@type":"BreadcrumbList","@id":"https:\/\/techmasterdemexico.com\/producto\/pinza-amperimetrica-de-verdadero-valor-eficaz-con-iflex-cat-iii-1500-v-393-fc\/#breadcrumb","itemListElement":[{"@type":"ListItem","position":1,"name":"Portada","item":"https:\/\/techmasterdemexico.com\/"},{"@type":"ListItem","position":2,"name":"Pinza amperim\u00e9trica de verdadero valor eficaz con iFlex CAT III 1500 V 393 FC"}]},{"@type":"WebSite","@id":"https:\/\/techmasterdemexico.com\/#website","url":"https:\/\/techmasterdemexico.com\/","name":"Techmaster de Mexico","description":"","potentialAction":[{"@type":"SearchAction","target":{"@type":"EntryPoint","urlTemplate":"https:\/\/techmasterdemexico.com\/?s={search_term_string}"},"query-input":{"@type":"PropertyValueSpecification","valueRequired":true,"valueName":"search_term_string"}}],"inLanguage":"en-US"}]}},"brands":[{"id":31,"name":"Fluke","slug":"fluke"}],"_links":{"self":[{"href":"https:\/\/techmasterdemexico.com\/en\/wp-json\/wp\/v2\/product\/19938","targetHints":{"allow":["GET"]}}],"collection":[{"href":"https:\/\/techmasterdemexico.com\/en\/wp-json\/wp\/v2\/product"}],"about":[{"href":"https:\/\/techmasterdemexico.com\/en\/wp-json\/wp\/v2\/types\/product"}],"wp:featuredmedia":[{"embeddable":true,"href":"https:\/\/techmasterdemexico.com\/en\/wp-json\/wp\/v2\/media\/20019"}],"wp:attachment":[{"href":"https:\/\/techmasterdemexico.com\/en\/wp-json\/wp\/v2\/media?parent=19938"}],"wp:term":[{"taxonomy":"pwb-brand","embeddable":true,"href":"https:\/\/techmasterdemexico.com\/en\/wp-json\/wp\/v2\/pwb-brand?post=19938"},{"taxonomy":"product_brand","embeddable":true,"href":"https:\/\/techmasterdemexico.com\/en\/wp-json\/wp\/v2\/product_brand?post=19938"},{"taxonomy":"product_cat","embeddable":true,"href":"https:\/\/techmasterdemexico.com\/en\/wp-json\/wp\/v2\/product_cat?post=19938"},{"taxonomy":"product_tag","embeddable":true,"href":"https:\/\/techmasterdemexico.com\/en\/wp-json\/wp\/v2\/product_tag?post=19938"}],"curies":[{"name":"wp","href":"https:\/\/api.w.org\/{rel}","templated":true}]}}