{"id":19937,"date":"2022-12-20T11:14:33","date_gmt":"2022-12-20T18:14:33","guid":{"rendered":"https:\/\/techmasterdemexico.com\/producto\/multimetro-digital-fluke-113\/"},"modified":"2025-06-26T12:40:24","modified_gmt":"2025-06-26T19:40:24","slug":"multimetro-digital-fluke-113","status":"publish","type":"product","link":"https:\/\/techmasterdemexico.com\/en\/producto\/multimetro-digital-fluke-113\/","title":{"rendered":"Mult\u00edmetro digital Fluke 113"},"content":{"rendered":"<p>The Fluke 113 Digital Multimeter allows users to perform basic meter settings and reconnect testing quickly and easily.<\/p>\n<p>This easy-to-use multimeter has the features you need to solve most electrical problems. The Fluke 113 incorporates significant improvements over other digital multimeters available on the market, including the Fluke 7-600 model.<\/p>\n<p>Using the Fluke VCHEK\u2122 LoZ, low impedance measurement feature, users will be able to perform simultaneous voltage and continuity checks.<\/p>\n<p>Low impedance LoZ measurements can also block ghost voltages induced by nearby conductors.<\/p>\n<p>The Min\/Max function allows you to record signal fluctuations. The Fluke 113 allows you to perform diode tests and also offers automatic and manual ranging functions. With features like compliance with the latest safety standards, backlighting, and a much larger display for easy viewing, this multimeter is a must-have in every toolbox.<\/p>","protected":false},"excerpt":{"rendered":"<ul>\n<li>Maximum voltage between any terminal and ground: 600 V<\/li>\n<li>Display: 3 3\/4 digits, 6000 counts, 4\/s updates<\/li>\n<li>Working temperature: -10\u00b0C to 50\u00b0C (14\u00b0F to 122\u00b0F)<\/li>\n<li>Storage temperature: -40 \u00b0C to 60 \u00b0C (-22 \u00b0F to 140 \u00b0F)<\/li>\n<li>Working Altitude: 2000m<\/li>\n<li>Storage altitude: 10,000 m<\/li>\n<li>Battery Type: 9 volt alkaline, ANSI 1604A\/IEC 6F22<\/li>\n<li>Battery Life: Alkaline 300 hours, without using backlight<\/li>\n<li>Size (H x W x L): 167.1 x 85.1 x 46.0 mm (6.58 x 3.35 x 1.81 in)<\/li>\n<li>Vibrations: per MIL-PRF-28800 for a class 2 instrument<\/li>\n<li>Relative humidity: 95% at 30\u00b0C, 75% at 40\u00b0C, 45% at 50\u00b0C<\/li>\n<li>Temperature coefficient: 0.1 x (specified accuracy) \/ \u00b0C (&lt; 18 \u00b0C or &gt; 28 \u00b0C)<\/li>\n<li>Maximum voltage between any terminal and ground; 600V<\/li>\n<li>Accuracy: The buzzer is activated if &lt; 20 \u03a9 and deactivated if &gt; 250 \u03a9; detects open circuits or short circuits of 500 \u03bcs duration or more<\/li>\n<li>Diode test for general purpose checks on germanium, silicon and power diodes<\/li>\n<li>Optional TPAK magnetic hook that allows the user to work hands-free<\/li>\n<li>True RMS for accurate AC measurements on non-linear loads<\/li>\n<\/ul>\n","protected":false},"featured_media":20023,"template":"","meta":{"_acf_changed":false},"pwb-brand":[31],"product_brand":[],"product_cat":[366,30,138],"product_tag":[],"class_list":{"0":"post-19937","1":"product","2":"type-product","3":"status-publish","4":"has-post-thumbnail","6":"pwb-brand-fluke","7":"product_cat-todos-los-productos","8":"product_cat-fluke","9":"product_cat-multimetros-digitales-fluke","11":"first","12":"instock","13":"taxable","14":"shipping-taxable","15":"purchasable","16":"product-type-simple"},"acf":[],"yoast_head":"<!-- This site is optimized with the Yoast SEO plugin v27.4 - https:\/\/yoast.com\/product\/yoast-seo-wordpress\/ -->\n<title>Mult\u00edmetro digital Fluke 113 - Techmaster de Mexico<\/title>\n<meta name=\"robots\" content=\"index, follow, max-snippet:-1, max-image-preview:large, max-video-preview:-1\" \/>\n<link rel=\"canonical\" href=\"https:\/\/techmasterdemexico.com\/producto\/multimetro-digital-fluke-113\/\" \/>\n<meta property=\"og:locale\" content=\"en_US\" \/>\n<meta property=\"og:type\" content=\"article\" \/>\n<meta property=\"og:title\" content=\"Mult\u00edmetro digital Fluke 113 - Techmaster de Mexico\" \/>\n<meta property=\"og:description\" content=\"[:es]  Voltaje m\u00e1ximo entre cualquier terminal y tierra: 600 V  Pantalla: 3 3\/4 d\u00edgitos, 6000 recuentos, actualizaciones 4\/s  Temperatura de trabajo:-10\u00b0C a 50 \u00b0C (14 \u00b0F a 122 \u00b0F)  Temperatura de almacenamiento: -40 \u00b0C a 60 \u00b0C (-22 \u00b0F a 140 \u00b0F)  Altitud de trabajo: 2000 m  Altitud de almacenamiento: 10 000 m  Tipo de bater\u00eda: 9 voltios alcalina, ANSI 1604A\/IEC 6F22  Duraci\u00f3n de la bater\u00eda: alcalina 300 horas, sin usar retroiluminaci\u00f3n  Tama\u00f1o (al. x an. x long.): 167.1 x 85.1 x 46.0 mm (6.58 x 3.35 x 1.81 pulg.)  Vibraciones: seg\u00fan MIL-PRF-28800 para un instrumento de clase 2  Humedad relativa: 95 % a 30 \u00b0C, 75 % a 40 \u00b0C, 45 % a 50 \u00b0C  Coeficiente de temperatura: 0.1 x (precisi\u00f3n especificada) \/ \u00b0C (&lt; 18 \u00b0C o &gt; 28 \u00b0C)  Voltaje m\u00e1ximo entre cualquier terminal y tierra; 600V  Precisi\u00f3n: El zumbador se activa si &lt; 20 \u2126 y se desactiva si &gt; 250 \u2126; detecta circuitos abiertos o cortocircuitos de 500 \u03bcs de duraci\u00f3n o m\u00e1s  Comprobaci\u00f3n de diodos para realizar verificaciones de tipo general en diodos de germanio, de silicio y de potencia  Gancho magn\u00e9tico opcional TPAK que permite al usuario trabajar con las manos libres  Verdadero valor eficaz para medidas precisas de CA en cargas no lineales [:en]  Maximum voltage between any terminal and ground: 600 V  Display: 3 3\/4 digits, 6000 counts, 4\/s updates  Working temperature: -10\u00b0C to 50\u00b0C (14\u00b0F to 122\u00b0F)  Storage temperature: -40 \u00b0C to 60 \u00b0C (-22 \u00b0F to 140 \u00b0F)  Working Altitude: 2000m  Storage altitude: 10,000 m  Battery Type: 9 volt alkaline, ANSI 1604A\/IEC 6F22  Battery Life: Alkaline 300 hours, without using backlight  Size (H x W x L): 167.1 x 85.1 x 46.0 mm (6.58 x 3.35 x 1.81 in)  Vibrations: per MIL-PRF-28800 for a class 2 instrument  Relative humidity: 95% at 30\u00b0C, 75% at 40\u00b0C, 45% at 50\u00b0C  Temperature coefficient: 0.1 x (specified accuracy) \/ \u00b0C (&lt; 18 \u00b0C or &gt; 28 \u00b0C)  Maximum voltage between any terminal and ground; 600V  Accuracy: The buzzer is activated if &lt; 20 \u03a9 and deactivated if &gt; 250 \u03a9; detects open circuits or short circuits of 500 \u03bcs duration or more  Diode test for general purpose checks on germanium, silicon and power diodes  Optional TPAK magnetic hook that allows the user to work hands-free  True RMS for accurate AC measurements on non-linear loads [:]\" \/>\n<meta property=\"og:url\" content=\"https:\/\/techmasterdemexico.com\/producto\/multimetro-digital-fluke-113\/\" \/>\n<meta property=\"og:site_name\" content=\"Techmaster de Mexico\" \/>\n<meta property=\"article:modified_time\" content=\"2025-06-26T19:40:24+00:00\" \/>\n<meta property=\"og:image\" content=\"https:\/\/techmasterdemexico.com\/wp-content\/uploads\/fluke-113.png\" \/>\n\t<meta property=\"og:image:width\" content=\"500\" \/>\n\t<meta property=\"og:image:height\" content=\"500\" \/>\n\t<meta property=\"og:image:type\" content=\"image\/png\" \/>\n<meta name=\"twitter:card\" content=\"summary_large_image\" \/>\n<meta name=\"twitter:label1\" content=\"Est. reading time\" \/>\n\t<meta name=\"twitter:data1\" content=\"2 minutes\" \/>\n<script type=\"application\/ld+json\" class=\"yoast-schema-graph\">{\"@context\":\"https:\\\/\\\/schema.org\",\"@graph\":[{\"@type\":\"WebPage\",\"@id\":\"https:\\\/\\\/techmasterdemexico.com\\\/producto\\\/multimetro-digital-fluke-113\\\/\",\"url\":\"https:\\\/\\\/techmasterdemexico.com\\\/producto\\\/multimetro-digital-fluke-113\\\/\",\"name\":\"Mult\u00edmetro digital Fluke 113 - Techmaster de Mexico\",\"isPartOf\":{\"@id\":\"https:\\\/\\\/techmasterdemexico.com\\\/#website\"},\"primaryImageOfPage\":{\"@id\":\"https:\\\/\\\/techmasterdemexico.com\\\/producto\\\/multimetro-digital-fluke-113\\\/#primaryimage\"},\"image\":{\"@id\":\"https:\\\/\\\/techmasterdemexico.com\\\/producto\\\/multimetro-digital-fluke-113\\\/#primaryimage\"},\"thumbnailUrl\":\"https:\\\/\\\/techmasterdemexico.com\\\/wp-content\\\/uploads\\\/fluke-113.png\",\"datePublished\":\"2022-12-20T18:14:33+00:00\",\"dateModified\":\"2025-06-26T19:40:24+00:00\",\"breadcrumb\":{\"@id\":\"https:\\\/\\\/techmasterdemexico.com\\\/producto\\\/multimetro-digital-fluke-113\\\/#breadcrumb\"},\"inLanguage\":\"en-US\",\"potentialAction\":[{\"@type\":\"ReadAction\",\"target\":[\"https:\\\/\\\/techmasterdemexico.com\\\/producto\\\/multimetro-digital-fluke-113\\\/\"]}]},{\"@type\":\"ImageObject\",\"inLanguage\":\"en-US\",\"@id\":\"https:\\\/\\\/techmasterdemexico.com\\\/producto\\\/multimetro-digital-fluke-113\\\/#primaryimage\",\"url\":\"https:\\\/\\\/techmasterdemexico.com\\\/wp-content\\\/uploads\\\/fluke-113.png\",\"contentUrl\":\"https:\\\/\\\/techmasterdemexico.com\\\/wp-content\\\/uploads\\\/fluke-113.png\",\"width\":500,\"height\":500},{\"@type\":\"BreadcrumbList\",\"@id\":\"https:\\\/\\\/techmasterdemexico.com\\\/producto\\\/multimetro-digital-fluke-113\\\/#breadcrumb\",\"itemListElement\":[{\"@type\":\"ListItem\",\"position\":1,\"name\":\"Portada\",\"item\":\"https:\\\/\\\/techmasterdemexico.com\\\/\"},{\"@type\":\"ListItem\",\"position\":2,\"name\":\"Mult\u00edmetro digital Fluke 113\"}]},{\"@type\":\"WebSite\",\"@id\":\"https:\\\/\\\/techmasterdemexico.com\\\/#website\",\"url\":\"https:\\\/\\\/techmasterdemexico.com\\\/\",\"name\":\"Techmaster de Mexico\",\"description\":\"\",\"potentialAction\":[{\"@type\":\"SearchAction\",\"target\":{\"@type\":\"EntryPoint\",\"urlTemplate\":\"https:\\\/\\\/techmasterdemexico.com\\\/?s={search_term_string}\"},\"query-input\":{\"@type\":\"PropertyValueSpecification\",\"valueRequired\":true,\"valueName\":\"search_term_string\"}}],\"inLanguage\":\"en-US\"}]}<\/script>\n<!-- \/ Yoast SEO plugin. -->","yoast_head_json":{"title":"Mult\u00edmetro digital Fluke 113 - Techmaster de Mexico","robots":{"index":"index","follow":"follow","max-snippet":"max-snippet:-1","max-image-preview":"max-image-preview:large","max-video-preview":"max-video-preview:-1"},"canonical":"https:\/\/techmasterdemexico.com\/producto\/multimetro-digital-fluke-113\/","og_locale":"en_US","og_type":"article","og_title":"Mult\u00edmetro digital Fluke 113 - Techmaster de Mexico","og_description":"[:es]  Voltaje m\u00e1ximo entre cualquier terminal y tierra: 600 V  Pantalla: 3 3\/4 d\u00edgitos, 6000 recuentos, actualizaciones 4\/s  Temperatura de trabajo:-10\u00b0C a 50 \u00b0C (14 \u00b0F a 122 \u00b0F)  Temperatura de almacenamiento: -40 \u00b0C a 60 \u00b0C (-22 \u00b0F a 140 \u00b0F)  Altitud de trabajo: 2000 m  Altitud de almacenamiento: 10 000 m  Tipo de bater\u00eda: 9 voltios alcalina, ANSI 1604A\/IEC 6F22  Duraci\u00f3n de la bater\u00eda: alcalina 300 horas, sin usar retroiluminaci\u00f3n  Tama\u00f1o (al. x an. x long.): 167.1 x 85.1 x 46.0 mm (6.58 x 3.35 x 1.81 pulg.)  Vibraciones: seg\u00fan MIL-PRF-28800 para un instrumento de clase 2  Humedad relativa: 95 % a 30 \u00b0C, 75 % a 40 \u00b0C, 45 % a 50 \u00b0C  Coeficiente de temperatura: 0.1 x (precisi\u00f3n especificada) \/ \u00b0C (&lt; 18 \u00b0C o &gt; 28 \u00b0C)  Voltaje m\u00e1ximo entre cualquier terminal y tierra; 600V  Precisi\u00f3n: El zumbador se activa si &lt; 20 \u2126 y se desactiva si &gt; 250 \u2126; detecta circuitos abiertos o cortocircuitos de 500 \u03bcs de duraci\u00f3n o m\u00e1s  Comprobaci\u00f3n de diodos para realizar verificaciones de tipo general en diodos de germanio, de silicio y de potencia  Gancho magn\u00e9tico opcional TPAK que permite al usuario trabajar con las manos libres  Verdadero valor eficaz para medidas precisas de CA en cargas no lineales [:en]  Maximum voltage between any terminal and ground: 600 V  Display: 3 3\/4 digits, 6000 counts, 4\/s updates  Working temperature: -10\u00b0C to 50\u00b0C (14\u00b0F to 122\u00b0F)  Storage temperature: -40 \u00b0C to 60 \u00b0C (-22 \u00b0F to 140 \u00b0F)  Working Altitude: 2000m  Storage altitude: 10,000 m  Battery Type: 9 volt alkaline, ANSI 1604A\/IEC 6F22  Battery Life: Alkaline 300 hours, without using backlight  Size (H x W x L): 167.1 x 85.1 x 46.0 mm (6.58 x 3.35 x 1.81 in)  Vibrations: per MIL-PRF-28800 for a class 2 instrument  Relative humidity: 95% at 30\u00b0C, 75% at 40\u00b0C, 45% at 50\u00b0C  Temperature coefficient: 0.1 x (specified accuracy) \/ \u00b0C (&lt; 18 \u00b0C or &gt; 28 \u00b0C)  Maximum voltage between any terminal and ground; 600V  Accuracy: The buzzer is activated if &lt; 20 \u03a9 and deactivated if &gt; 250 \u03a9; detects open circuits or short circuits of 500 \u03bcs duration or more  Diode test for general purpose checks on germanium, silicon and power diodes  Optional TPAK magnetic hook that allows the user to work hands-free  True RMS for accurate AC measurements on non-linear loads [:]","og_url":"https:\/\/techmasterdemexico.com\/producto\/multimetro-digital-fluke-113\/","og_site_name":"Techmaster de Mexico","article_modified_time":"2025-06-26T19:40:24+00:00","og_image":[{"width":500,"height":500,"url":"https:\/\/techmasterdemexico.com\/wp-content\/uploads\/fluke-113.png","type":"image\/png"}],"twitter_card":"summary_large_image","twitter_misc":{"Est. reading time":"2 minutes"},"schema":{"@context":"https:\/\/schema.org","@graph":[{"@type":"WebPage","@id":"https:\/\/techmasterdemexico.com\/producto\/multimetro-digital-fluke-113\/","url":"https:\/\/techmasterdemexico.com\/producto\/multimetro-digital-fluke-113\/","name":"Mult\u00edmetro digital Fluke 113 - Techmaster de Mexico","isPartOf":{"@id":"https:\/\/techmasterdemexico.com\/#website"},"primaryImageOfPage":{"@id":"https:\/\/techmasterdemexico.com\/producto\/multimetro-digital-fluke-113\/#primaryimage"},"image":{"@id":"https:\/\/techmasterdemexico.com\/producto\/multimetro-digital-fluke-113\/#primaryimage"},"thumbnailUrl":"https:\/\/techmasterdemexico.com\/wp-content\/uploads\/fluke-113.png","datePublished":"2022-12-20T18:14:33+00:00","dateModified":"2025-06-26T19:40:24+00:00","breadcrumb":{"@id":"https:\/\/techmasterdemexico.com\/producto\/multimetro-digital-fluke-113\/#breadcrumb"},"inLanguage":"en-US","potentialAction":[{"@type":"ReadAction","target":["https:\/\/techmasterdemexico.com\/producto\/multimetro-digital-fluke-113\/"]}]},{"@type":"ImageObject","inLanguage":"en-US","@id":"https:\/\/techmasterdemexico.com\/producto\/multimetro-digital-fluke-113\/#primaryimage","url":"https:\/\/techmasterdemexico.com\/wp-content\/uploads\/fluke-113.png","contentUrl":"https:\/\/techmasterdemexico.com\/wp-content\/uploads\/fluke-113.png","width":500,"height":500},{"@type":"BreadcrumbList","@id":"https:\/\/techmasterdemexico.com\/producto\/multimetro-digital-fluke-113\/#breadcrumb","itemListElement":[{"@type":"ListItem","position":1,"name":"Portada","item":"https:\/\/techmasterdemexico.com\/"},{"@type":"ListItem","position":2,"name":"Mult\u00edmetro digital Fluke 113"}]},{"@type":"WebSite","@id":"https:\/\/techmasterdemexico.com\/#website","url":"https:\/\/techmasterdemexico.com\/","name":"Techmaster de Mexico","description":"","potentialAction":[{"@type":"SearchAction","target":{"@type":"EntryPoint","urlTemplate":"https:\/\/techmasterdemexico.com\/?s={search_term_string}"},"query-input":{"@type":"PropertyValueSpecification","valueRequired":true,"valueName":"search_term_string"}}],"inLanguage":"en-US"}]}},"brands":[{"id":31,"name":"Fluke","slug":"fluke"}],"_links":{"self":[{"href":"https:\/\/techmasterdemexico.com\/en\/wp-json\/wp\/v2\/product\/19937","targetHints":{"allow":["GET"]}}],"collection":[{"href":"https:\/\/techmasterdemexico.com\/en\/wp-json\/wp\/v2\/product"}],"about":[{"href":"https:\/\/techmasterdemexico.com\/en\/wp-json\/wp\/v2\/types\/product"}],"wp:featuredmedia":[{"embeddable":true,"href":"https:\/\/techmasterdemexico.com\/en\/wp-json\/wp\/v2\/media\/20023"}],"wp:attachment":[{"href":"https:\/\/techmasterdemexico.com\/en\/wp-json\/wp\/v2\/media?parent=19937"}],"wp:term":[{"taxonomy":"pwb-brand","embeddable":true,"href":"https:\/\/techmasterdemexico.com\/en\/wp-json\/wp\/v2\/pwb-brand?post=19937"},{"taxonomy":"product_brand","embeddable":true,"href":"https:\/\/techmasterdemexico.com\/en\/wp-json\/wp\/v2\/product_brand?post=19937"},{"taxonomy":"product_cat","embeddable":true,"href":"https:\/\/techmasterdemexico.com\/en\/wp-json\/wp\/v2\/product_cat?post=19937"},{"taxonomy":"product_tag","embeddable":true,"href":"https:\/\/techmasterdemexico.com\/en\/wp-json\/wp\/v2\/product_tag?post=19937"}],"curies":[{"name":"wp","href":"https:\/\/api.w.org\/{rel}","templated":true}]}}