{"id":19704,"date":"2022-08-04T20:05:42","date_gmt":"2022-08-04T20:05:42","guid":{"rendered":"https:\/\/techmasterdemexico.com\/?post_type=product&#038;p=19704"},"modified":"2025-09-11T13:48:04","modified_gmt":"2025-09-11T20:48:04","slug":"conexion-a-tierra-kit-del-comprobador-de-puesta-a-tierra-1625-2-geo","status":"publish","type":"product","link":"https:\/\/techmasterdemexico.com\/en\/producto\/conexion-a-tierra-kit-del-comprobador-de-puesta-a-tierra-1625-2-geo\/","title":{"rendered":"Conexi\u00f3n a tierra\/ Kit del comprobador de puesta a tierra 1625-2 GEO"},"content":{"rendered":"<p>El comprobador de puesta a tierra 1625-2 GEO de Fluke ofrece almacenamiento de datos y capacidades de descarga mediante un puerto USB. Los accesorios de clase mundial simplificar\u00e1n y acelerar\u00e1n el tiempo de prueba.<\/p>\n<p>&nbsp;<\/p>\n<ul>\n<li>Prueba de bucle de resistencia de tierra con el m\u00e9todo de ca\u00edda de potencial de 3 y 4 hilos<\/li>\n<li>Medici\u00f3n de la resistividad de suelos de 4 hilos<\/li>\n<li>Medici\u00f3n de resistencia de tierra de varilla selectiva con 1 pinza<\/li>\n<li>Medici\u00f3n de resistencia de tierra de varilla sin picas con 2 pinzas<\/li>\n<li>Con clasificaci\u00f3n IP56 para uso en exteriores<\/li>\n<li>Malet\u00edn de transporte r\u00edgido<\/li>\n<li>Transferencia y almacenamiento de datos a trav\u00e9s de USB<\/li>\n<\/ul>\n<p>&nbsp;<\/p>\n<p>Adem\u00e1s, el comprobador es muy f\u00e1cil de usar. Para cada medici\u00f3n, el comprobador le indica qu\u00e9 picas o pinzas se necesitan conectar y el interruptor giratorio se puede utilizar incluso con guantes.<\/p>\n","protected":false},"excerpt":{"rendered":"<p>Medici\u00f3n sin picas<\/p>\n<p>El comprobador de puesta a tierra Fluke 1625-2 puede medir resistencias de bucle de puesta a tierra usando solo pinzas. Con este m\u00e9todo, se ubican dos pinzas alrededor de la varilla de puesta a tierra y cada una se conecta al comprobador. No se usa ninguna pica de tierra. Con una de las pinzas se induce un voltaje fijo conocido, mientras que con la otra se mide la corriente. Luego el comprobador determina autom\u00e1ticamente la resistencia de la varilla de puesta tierra. Este m\u00e9todo de medici\u00f3n solo funciona si el edificio o estructura en donde se realiza la medici\u00f3n cuenta con un sistema de puesta a tierra, aunque la mayor\u00eda lo tiene. Si existe solo una trayectoria a tierra, como sucede en muchas aplicaciones residenciales, el m\u00e9todo sin picas no proporcionar\u00e1 un valor fiable y se debe usar el m\u00e9todo de prueba de ca\u00edda de potencial.<\/p>\n<p>&nbsp;<\/p>\n<p>Con el m\u00e9todo sin picas, no es necesario desconectar la varilla de puesta a tierra, por lo que no se altera el sistema de puesta a tierra existente durante la medici\u00f3n. Ya no es necesario dedicar tiempo a colocar y conectar picas para cada varilla de puesta a tierra de su sistema, con lo que se ahorra mucho tiempo. Tambi\u00e9n puede efectuar mediciones de puesta a tierra en lugares que antes no hubiese considerado: dentro de edificios, en torres de alto voltaje o en cualquier lugar donde no haya contacto directo con el suelo.<\/p>\n<p>El comprobador m\u00e1s completo<\/p>\n<p>El Fluke 1625-2 es un comprobador de puesta a tierra \u00fanico que puede realizar los cuatro tipos de medici\u00f3n de puesta a tierra:<\/p>\n<ul>\n<li>Ca\u00edda de potencial de 3 y 4 hilos (usando picas)<\/li>\n<li>Comprobaci\u00f3n de resistividad del terreno de 4 hilos (usando picas)<\/li>\n<li>Comprobaci\u00f3n selectiva (usando 1 pinza y picas)<\/li>\n<li>Comprobaci\u00f3n sin picas (usando solo 2 pinzas)<\/li>\n<\/ul>\n","protected":false},"featured_media":19707,"template":"","meta":{"_acf_changed":false},"pwb-brand":[31],"product_brand":[],"product_cat":[140,30],"product_tag":[],"class_list":{"0":"post-19704","1":"product","2":"type-product","3":"status-publish","4":"has-post-thumbnail","6":"pwb-brand-fluke","7":"product_cat-conexion-a-tierra","8":"product_cat-fluke","10":"first","11":"instock","12":"taxable","13":"shipping-taxable","14":"product-type-simple"},"acf":[],"yoast_head":"<!-- This site is optimized with the Yoast SEO plugin v27.5 - https:\/\/yoast.com\/product\/yoast-seo-wordpress\/ -->\n<title>Conexi\u00f3n a tierra\/ Kit del comprobador de puesta a tierra 1625-2 GEO - Techmaster de Mexico<\/title>\n<meta name=\"robots\" content=\"index, follow, max-snippet:-1, max-image-preview:large, max-video-preview:-1\" \/>\n<link rel=\"canonical\" href=\"https:\/\/techmasterdemexico.com\/producto\/conexion-a-tierra-kit-del-comprobador-de-puesta-a-tierra-1625-2-geo\/\" \/>\n<meta property=\"og:locale\" content=\"en_US\" \/>\n<meta property=\"og:type\" content=\"article\" \/>\n<meta property=\"og:title\" content=\"Conexi\u00f3n a tierra\/ Kit del comprobador de puesta a tierra 1625-2 GEO - Techmaster de Mexico\" \/>\n<meta property=\"og:description\" content=\"Medici\u00f3n sin picas  El comprobador de puesta a tierra Fluke 1625-2 puede medir resistencias de bucle de puesta a tierra usando solo pinzas. Con este m\u00e9todo, se ubican dos pinzas alrededor de la varilla de puesta a tierra y cada una se conecta al comprobador. No se usa ninguna pica de tierra. Con una de las pinzas se induce un voltaje fijo conocido, mientras que con la otra se mide la corriente. Luego el comprobador determina autom\u00e1ticamente la resistencia de la varilla de puesta tierra. Este m\u00e9todo de medici\u00f3n solo funciona si el edificio o estructura en donde se realiza la medici\u00f3n cuenta con un sistema de puesta a tierra, aunque la mayor\u00eda lo tiene. Si existe solo una trayectoria a tierra, como sucede en muchas aplicaciones residenciales, el m\u00e9todo sin picas no proporcionar\u00e1 un valor fiable y se debe usar el m\u00e9todo de prueba de ca\u00edda de potencial.  &nbsp;  Con el m\u00e9todo sin picas, no es necesario desconectar la varilla de puesta a tierra, por lo que no se altera el sistema de puesta a tierra existente durante la medici\u00f3n. Ya no es necesario dedicar tiempo a colocar y conectar picas para cada varilla de puesta a tierra de su sistema, con lo que se ahorra mucho tiempo. Tambi\u00e9n puede efectuar mediciones de puesta a tierra en lugares que antes no hubiese considerado: dentro de edificios, en torres de alto voltaje o en cualquier lugar donde no haya contacto directo con el suelo.  El comprobador m\u00e1s completo  El Fluke 1625-2 es un comprobador de puesta a tierra \u00fanico que puede realizar los cuatro tipos de medici\u00f3n de puesta a tierra:   Ca\u00edda de potencial de 3 y 4 hilos (usando picas)  Comprobaci\u00f3n de resistividad del terreno de 4 hilos (usando picas)  Comprobaci\u00f3n selectiva (usando 1 pinza y picas)  Comprobaci\u00f3n sin picas (usando solo 2 pinzas)\" \/>\n<meta property=\"og:url\" content=\"https:\/\/techmasterdemexico.com\/producto\/conexion-a-tierra-kit-del-comprobador-de-puesta-a-tierra-1625-2-geo\/\" \/>\n<meta property=\"og:site_name\" content=\"Techmaster de Mexico\" \/>\n<meta property=\"article:modified_time\" content=\"2025-09-11T20:48:04+00:00\" \/>\n<meta property=\"og:image\" content=\"https:\/\/techmasterdemexico.com\/wp-content\/uploads\/2022\/08\/1625-2.jpg\" \/>\n\t<meta property=\"og:image:width\" content=\"1000\" \/>\n\t<meta property=\"og:image:height\" content=\"1000\" \/>\n\t<meta property=\"og:image:type\" content=\"image\/jpeg\" \/>\n<meta name=\"twitter:card\" content=\"summary_large_image\" \/>\n<meta name=\"twitter:label1\" content=\"Est. reading time\" \/>\n\t<meta name=\"twitter:data1\" content=\"1 minute\" \/>\n<script type=\"application\/ld+json\" class=\"yoast-schema-graph\">{\"@context\":\"https:\\\/\\\/schema.org\",\"@graph\":[{\"@type\":\"WebPage\",\"@id\":\"https:\\\/\\\/techmasterdemexico.com\\\/producto\\\/conexion-a-tierra-kit-del-comprobador-de-puesta-a-tierra-1625-2-geo\\\/\",\"url\":\"https:\\\/\\\/techmasterdemexico.com\\\/producto\\\/conexion-a-tierra-kit-del-comprobador-de-puesta-a-tierra-1625-2-geo\\\/\",\"name\":\"Conexi\u00f3n a tierra\\\/ Kit del comprobador de puesta a tierra 1625-2 GEO - Techmaster de Mexico\",\"isPartOf\":{\"@id\":\"https:\\\/\\\/techmasterdemexico.com\\\/#website\"},\"primaryImageOfPage\":{\"@id\":\"https:\\\/\\\/techmasterdemexico.com\\\/producto\\\/conexion-a-tierra-kit-del-comprobador-de-puesta-a-tierra-1625-2-geo\\\/#primaryimage\"},\"image\":{\"@id\":\"https:\\\/\\\/techmasterdemexico.com\\\/producto\\\/conexion-a-tierra-kit-del-comprobador-de-puesta-a-tierra-1625-2-geo\\\/#primaryimage\"},\"thumbnailUrl\":\"https:\\\/\\\/techmasterdemexico.com\\\/wp-content\\\/uploads\\\/2022\\\/08\\\/1625-2.jpg\",\"datePublished\":\"2022-08-04T20:05:42+00:00\",\"dateModified\":\"2025-09-11T20:48:04+00:00\",\"breadcrumb\":{\"@id\":\"https:\\\/\\\/techmasterdemexico.com\\\/producto\\\/conexion-a-tierra-kit-del-comprobador-de-puesta-a-tierra-1625-2-geo\\\/#breadcrumb\"},\"inLanguage\":\"en-US\",\"potentialAction\":[{\"@type\":\"ReadAction\",\"target\":[\"https:\\\/\\\/techmasterdemexico.com\\\/producto\\\/conexion-a-tierra-kit-del-comprobador-de-puesta-a-tierra-1625-2-geo\\\/\"]}]},{\"@type\":\"ImageObject\",\"inLanguage\":\"en-US\",\"@id\":\"https:\\\/\\\/techmasterdemexico.com\\\/producto\\\/conexion-a-tierra-kit-del-comprobador-de-puesta-a-tierra-1625-2-geo\\\/#primaryimage\",\"url\":\"https:\\\/\\\/techmasterdemexico.com\\\/wp-content\\\/uploads\\\/2022\\\/08\\\/1625-2.jpg\",\"contentUrl\":\"https:\\\/\\\/techmasterdemexico.com\\\/wp-content\\\/uploads\\\/2022\\\/08\\\/1625-2.jpg\",\"width\":1000,\"height\":1000},{\"@type\":\"BreadcrumbList\",\"@id\":\"https:\\\/\\\/techmasterdemexico.com\\\/producto\\\/conexion-a-tierra-kit-del-comprobador-de-puesta-a-tierra-1625-2-geo\\\/#breadcrumb\",\"itemListElement\":[{\"@type\":\"ListItem\",\"position\":1,\"name\":\"Portada\",\"item\":\"https:\\\/\\\/techmasterdemexico.com\\\/\"},{\"@type\":\"ListItem\",\"position\":2,\"name\":\"Conexi\u00f3n a tierra\\\/ Kit del comprobador de puesta a tierra 1625-2 GEO\"}]},{\"@type\":\"WebSite\",\"@id\":\"https:\\\/\\\/techmasterdemexico.com\\\/#website\",\"url\":\"https:\\\/\\\/techmasterdemexico.com\\\/\",\"name\":\"Techmaster de Mexico\",\"description\":\"\",\"potentialAction\":[{\"@type\":\"SearchAction\",\"target\":{\"@type\":\"EntryPoint\",\"urlTemplate\":\"https:\\\/\\\/techmasterdemexico.com\\\/?s={search_term_string}\"},\"query-input\":{\"@type\":\"PropertyValueSpecification\",\"valueRequired\":true,\"valueName\":\"search_term_string\"}}],\"inLanguage\":\"en-US\"}]}<\/script>\n<!-- \/ Yoast SEO plugin. -->","yoast_head_json":{"title":"Conexi\u00f3n a tierra\/ Kit del comprobador de puesta a tierra 1625-2 GEO - Techmaster de Mexico","robots":{"index":"index","follow":"follow","max-snippet":"max-snippet:-1","max-image-preview":"max-image-preview:large","max-video-preview":"max-video-preview:-1"},"canonical":"https:\/\/techmasterdemexico.com\/producto\/conexion-a-tierra-kit-del-comprobador-de-puesta-a-tierra-1625-2-geo\/","og_locale":"en_US","og_type":"article","og_title":"Conexi\u00f3n a tierra\/ Kit del comprobador de puesta a tierra 1625-2 GEO - Techmaster de Mexico","og_description":"Medici\u00f3n sin picas  El comprobador de puesta a tierra Fluke 1625-2 puede medir resistencias de bucle de puesta a tierra usando solo pinzas. Con este m\u00e9todo, se ubican dos pinzas alrededor de la varilla de puesta a tierra y cada una se conecta al comprobador. No se usa ninguna pica de tierra. Con una de las pinzas se induce un voltaje fijo conocido, mientras que con la otra se mide la corriente. Luego el comprobador determina autom\u00e1ticamente la resistencia de la varilla de puesta tierra. Este m\u00e9todo de medici\u00f3n solo funciona si el edificio o estructura en donde se realiza la medici\u00f3n cuenta con un sistema de puesta a tierra, aunque la mayor\u00eda lo tiene. Si existe solo una trayectoria a tierra, como sucede en muchas aplicaciones residenciales, el m\u00e9todo sin picas no proporcionar\u00e1 un valor fiable y se debe usar el m\u00e9todo de prueba de ca\u00edda de potencial.  &nbsp;  Con el m\u00e9todo sin picas, no es necesario desconectar la varilla de puesta a tierra, por lo que no se altera el sistema de puesta a tierra existente durante la medici\u00f3n. Ya no es necesario dedicar tiempo a colocar y conectar picas para cada varilla de puesta a tierra de su sistema, con lo que se ahorra mucho tiempo. Tambi\u00e9n puede efectuar mediciones de puesta a tierra en lugares que antes no hubiese considerado: dentro de edificios, en torres de alto voltaje o en cualquier lugar donde no haya contacto directo con el suelo.  El comprobador m\u00e1s completo  El Fluke 1625-2 es un comprobador de puesta a tierra \u00fanico que puede realizar los cuatro tipos de medici\u00f3n de puesta a tierra:   Ca\u00edda de potencial de 3 y 4 hilos (usando picas)  Comprobaci\u00f3n de resistividad del terreno de 4 hilos (usando picas)  Comprobaci\u00f3n selectiva (usando 1 pinza y picas)  Comprobaci\u00f3n sin picas (usando solo 2 pinzas)","og_url":"https:\/\/techmasterdemexico.com\/producto\/conexion-a-tierra-kit-del-comprobador-de-puesta-a-tierra-1625-2-geo\/","og_site_name":"Techmaster de Mexico","article_modified_time":"2025-09-11T20:48:04+00:00","og_image":[{"width":1000,"height":1000,"url":"https:\/\/techmasterdemexico.com\/wp-content\/uploads\/2022\/08\/1625-2.jpg","type":"image\/jpeg"}],"twitter_card":"summary_large_image","twitter_misc":{"Est. reading time":"1 minute"},"schema":{"@context":"https:\/\/schema.org","@graph":[{"@type":"WebPage","@id":"https:\/\/techmasterdemexico.com\/producto\/conexion-a-tierra-kit-del-comprobador-de-puesta-a-tierra-1625-2-geo\/","url":"https:\/\/techmasterdemexico.com\/producto\/conexion-a-tierra-kit-del-comprobador-de-puesta-a-tierra-1625-2-geo\/","name":"Conexi\u00f3n a tierra\/ Kit del comprobador de puesta a tierra 1625-2 GEO - Techmaster de Mexico","isPartOf":{"@id":"https:\/\/techmasterdemexico.com\/#website"},"primaryImageOfPage":{"@id":"https:\/\/techmasterdemexico.com\/producto\/conexion-a-tierra-kit-del-comprobador-de-puesta-a-tierra-1625-2-geo\/#primaryimage"},"image":{"@id":"https:\/\/techmasterdemexico.com\/producto\/conexion-a-tierra-kit-del-comprobador-de-puesta-a-tierra-1625-2-geo\/#primaryimage"},"thumbnailUrl":"https:\/\/techmasterdemexico.com\/wp-content\/uploads\/2022\/08\/1625-2.jpg","datePublished":"2022-08-04T20:05:42+00:00","dateModified":"2025-09-11T20:48:04+00:00","breadcrumb":{"@id":"https:\/\/techmasterdemexico.com\/producto\/conexion-a-tierra-kit-del-comprobador-de-puesta-a-tierra-1625-2-geo\/#breadcrumb"},"inLanguage":"en-US","potentialAction":[{"@type":"ReadAction","target":["https:\/\/techmasterdemexico.com\/producto\/conexion-a-tierra-kit-del-comprobador-de-puesta-a-tierra-1625-2-geo\/"]}]},{"@type":"ImageObject","inLanguage":"en-US","@id":"https:\/\/techmasterdemexico.com\/producto\/conexion-a-tierra-kit-del-comprobador-de-puesta-a-tierra-1625-2-geo\/#primaryimage","url":"https:\/\/techmasterdemexico.com\/wp-content\/uploads\/2022\/08\/1625-2.jpg","contentUrl":"https:\/\/techmasterdemexico.com\/wp-content\/uploads\/2022\/08\/1625-2.jpg","width":1000,"height":1000},{"@type":"BreadcrumbList","@id":"https:\/\/techmasterdemexico.com\/producto\/conexion-a-tierra-kit-del-comprobador-de-puesta-a-tierra-1625-2-geo\/#breadcrumb","itemListElement":[{"@type":"ListItem","position":1,"name":"Portada","item":"https:\/\/techmasterdemexico.com\/"},{"@type":"ListItem","position":2,"name":"Conexi\u00f3n a tierra\/ Kit del comprobador de puesta a tierra 1625-2 GEO"}]},{"@type":"WebSite","@id":"https:\/\/techmasterdemexico.com\/#website","url":"https:\/\/techmasterdemexico.com\/","name":"Techmaster de Mexico","description":"","potentialAction":[{"@type":"SearchAction","target":{"@type":"EntryPoint","urlTemplate":"https:\/\/techmasterdemexico.com\/?s={search_term_string}"},"query-input":{"@type":"PropertyValueSpecification","valueRequired":true,"valueName":"search_term_string"}}],"inLanguage":"en-US"}]}},"brands":[{"id":31,"name":"Fluke","slug":"fluke"}],"_links":{"self":[{"href":"https:\/\/techmasterdemexico.com\/en\/wp-json\/wp\/v2\/product\/19704","targetHints":{"allow":["GET"]}}],"collection":[{"href":"https:\/\/techmasterdemexico.com\/en\/wp-json\/wp\/v2\/product"}],"about":[{"href":"https:\/\/techmasterdemexico.com\/en\/wp-json\/wp\/v2\/types\/product"}],"wp:featuredmedia":[{"embeddable":true,"href":"https:\/\/techmasterdemexico.com\/en\/wp-json\/wp\/v2\/media\/19707"}],"wp:attachment":[{"href":"https:\/\/techmasterdemexico.com\/en\/wp-json\/wp\/v2\/media?parent=19704"}],"wp:term":[{"taxonomy":"pwb-brand","embeddable":true,"href":"https:\/\/techmasterdemexico.com\/en\/wp-json\/wp\/v2\/pwb-brand?post=19704"},{"taxonomy":"product_brand","embeddable":true,"href":"https:\/\/techmasterdemexico.com\/en\/wp-json\/wp\/v2\/product_brand?post=19704"},{"taxonomy":"product_cat","embeddable":true,"href":"https:\/\/techmasterdemexico.com\/en\/wp-json\/wp\/v2\/product_cat?post=19704"},{"taxonomy":"product_tag","embeddable":true,"href":"https:\/\/techmasterdemexico.com\/en\/wp-json\/wp\/v2\/product_tag?post=19704"}],"curies":[{"name":"wp","href":"https:\/\/api.w.org\/{rel}","templated":true}]}}