{"id":19507,"date":"2022-06-07T22:43:10","date_gmt":"2022-06-07T22:43:10","guid":{"rendered":"https:\/\/techmasterdemexico.com\/producto\/hilos-de-medicion-de-rosca-de-60\/"},"modified":"2022-07-28T18:01:17","modified_gmt":"2022-07-28T18:01:17","slug":"hilos-de-medicion-de-rosca-de-60","status":"publish","type":"product","link":"https:\/\/techmasterdemexico.com\/en\/producto\/hilos-de-medicion-de-rosca-de-60\/","title":{"rendered":"Hilos de medici\u00f3n de rosca de 60\u00b0"},"content":{"rendered":"<p>Los alambres de medici\u00f3n de roscas Meyer Gage junto con un micr\u00f3metro se utilizan para medir de forma r\u00e1pida y precisa los di\u00e1metros de paso de las roscas externas. Son perfectos para calibrar o verificar medidores de tapones de roscas de desgaste, y se utilizan para monitorear y controlar los di\u00e1metros de paso de las roscas fabricadas. Los alambres de medici\u00f3n de roscas Meyer se fabrican como un conjunto combinado de tres alambres seg\u00fan ASME B89.1.17. Cada di\u00e1metro de cable coincide con los dem\u00e1s dentro de +\/-.00001\u2033. Los di\u00e1metros de los tres cables deben estar dentro de +\/-.00002\u2033 del mejor di\u00e1metro de tama\u00f1o de cable.<\/p>\n","protected":false},"excerpt":{"rendered":"<ul>\n<li>100% inspecci\u00f3n<\/li>\n<li>Herramienta de acero<\/li>\n<li>Todos los miembros de 2\u201d de largo<\/li>\n<li>Cumple con la antigua especificaci\u00f3n federal GGG-W-366b para hilos maestros de grado A. Cada di\u00e1metro de cable es un conjunto coincidente con los dem\u00e1s dentro de +\/-.00001\u2033.<\/li>\n<li>Los di\u00e1metros de los cables deber\u00e1n estar dentro de +\/-.00002\u2033 del mejor di\u00e1metro de tama\u00f1o de cable.<\/li>\n<\/ul>\n","protected":false},"featured_media":19556,"template":"","meta":{"_acf_changed":false},"pwb-brand":[515],"product_brand":[],"product_cat":[514,511,470,510],"product_tag":[],"class_list":{"0":"post-19507","1":"product","2":"type-product","3":"status-publish","4":"has-post-thumbnail","6":"pwb-brand-meyer-gages","7":"product_cat-60-thread-measuring-wires","8":"product_cat-alambres-soportes-y-sets-para-medir-roscas","9":"product_cat-meyer-gages","10":"product_cat-thread-wires","12":"first","13":"instock","14":"taxable","15":"shipping-taxable","16":"product-type-simple"},"acf":[],"yoast_head":"<!-- This site is optimized with the Yoast SEO plugin v27.4 - https:\/\/yoast.com\/product\/yoast-seo-wordpress\/ -->\n<title>Hilos de medici\u00f3n de rosca de 60\u00b0 - Techmaster de Mexico<\/title>\n<meta name=\"robots\" content=\"index, follow, max-snippet:-1, max-image-preview:large, max-video-preview:-1\" \/>\n<link rel=\"canonical\" href=\"https:\/\/techmasterdemexico.com\/en\/producto\/hilos-de-medicion-de-rosca-de-60\/\" \/>\n<meta property=\"og:locale\" content=\"en_US\" \/>\n<meta property=\"og:type\" content=\"article\" \/>\n<meta property=\"og:title\" content=\"Hilos de medici\u00f3n de rosca de 60\u00b0 - Techmaster de Mexico\" \/>\n<meta property=\"og:description\" content=\"100% inspecci\u00f3n  Herramienta de acero  Todos los miembros de 2\u201d de largo  Cumple con la antigua especificaci\u00f3n federal GGG-W-366b para hilos maestros de grado A. Cada di\u00e1metro de cable es un conjunto coincidente con los dem\u00e1s dentro de +\/-.00001\u2033.  Los di\u00e1metros de los cables deber\u00e1n estar dentro de +\/-.00002\u2033 del mejor di\u00e1metro de tama\u00f1o de cable.\" \/>\n<meta property=\"og:url\" content=\"https:\/\/techmasterdemexico.com\/en\/producto\/hilos-de-medicion-de-rosca-de-60\/\" \/>\n<meta property=\"og:site_name\" content=\"Techmaster de Mexico\" \/>\n<meta property=\"article:modified_time\" content=\"2022-07-28T18:01:17+00:00\" \/>\n<meta property=\"og:image\" content=\"https:\/\/techmasterdemexico.com\/wp-content\/uploads\/2022\/06\/Hilos-de-medicion-de-rosca-de-60\u00b0-01.png\" \/>\n\t<meta property=\"og:image:width\" content=\"1042\" \/>\n\t<meta property=\"og:image:height\" content=\"1042\" \/>\n\t<meta property=\"og:image:type\" content=\"image\/png\" \/>\n<meta name=\"twitter:card\" content=\"summary_large_image\" \/>\n<meta name=\"twitter:label1\" content=\"Est. reading time\" \/>\n\t<meta name=\"twitter:data1\" content=\"1 minute\" \/>\n<script type=\"application\/ld+json\" class=\"yoast-schema-graph\">{\"@context\":\"https:\\\/\\\/schema.org\",\"@graph\":[{\"@type\":\"WebPage\",\"@id\":\"https:\\\/\\\/techmasterdemexico.com\\\/en\\\/producto\\\/hilos-de-medicion-de-rosca-de-60\\\/\",\"url\":\"https:\\\/\\\/techmasterdemexico.com\\\/en\\\/producto\\\/hilos-de-medicion-de-rosca-de-60\\\/\",\"name\":\"Hilos de medici\u00f3n de rosca de 60\u00b0 - Techmaster de Mexico\",\"isPartOf\":{\"@id\":\"https:\\\/\\\/techmasterdemexico.com\\\/#website\"},\"primaryImageOfPage\":{\"@id\":\"https:\\\/\\\/techmasterdemexico.com\\\/en\\\/producto\\\/hilos-de-medicion-de-rosca-de-60\\\/#primaryimage\"},\"image\":{\"@id\":\"https:\\\/\\\/techmasterdemexico.com\\\/en\\\/producto\\\/hilos-de-medicion-de-rosca-de-60\\\/#primaryimage\"},\"thumbnailUrl\":\"https:\\\/\\\/techmasterdemexico.com\\\/wp-content\\\/uploads\\\/2022\\\/06\\\/Hilos-de-medicion-de-rosca-de-60\u00b0-01.png\",\"datePublished\":\"2022-06-07T22:43:10+00:00\",\"dateModified\":\"2022-07-28T18:01:17+00:00\",\"breadcrumb\":{\"@id\":\"https:\\\/\\\/techmasterdemexico.com\\\/en\\\/producto\\\/hilos-de-medicion-de-rosca-de-60\\\/#breadcrumb\"},\"inLanguage\":\"en-US\",\"potentialAction\":[{\"@type\":\"ReadAction\",\"target\":[\"https:\\\/\\\/techmasterdemexico.com\\\/en\\\/producto\\\/hilos-de-medicion-de-rosca-de-60\\\/\"]}]},{\"@type\":\"ImageObject\",\"inLanguage\":\"en-US\",\"@id\":\"https:\\\/\\\/techmasterdemexico.com\\\/en\\\/producto\\\/hilos-de-medicion-de-rosca-de-60\\\/#primaryimage\",\"url\":\"https:\\\/\\\/techmasterdemexico.com\\\/wp-content\\\/uploads\\\/2022\\\/06\\\/Hilos-de-medicion-de-rosca-de-60\u00b0-01.png\",\"contentUrl\":\"https:\\\/\\\/techmasterdemexico.com\\\/wp-content\\\/uploads\\\/2022\\\/06\\\/Hilos-de-medicion-de-rosca-de-60\u00b0-01.png\",\"width\":1042,\"height\":1042},{\"@type\":\"BreadcrumbList\",\"@id\":\"https:\\\/\\\/techmasterdemexico.com\\\/en\\\/producto\\\/hilos-de-medicion-de-rosca-de-60\\\/#breadcrumb\",\"itemListElement\":[{\"@type\":\"ListItem\",\"position\":1,\"name\":\"Portada\",\"item\":\"https:\\\/\\\/techmasterdemexico.com\\\/\"},{\"@type\":\"ListItem\",\"position\":2,\"name\":\"Hilos de medici\u00f3n de rosca de 60\u00b0\"}]},{\"@type\":\"WebSite\",\"@id\":\"https:\\\/\\\/techmasterdemexico.com\\\/#website\",\"url\":\"https:\\\/\\\/techmasterdemexico.com\\\/\",\"name\":\"Techmaster de Mexico\",\"description\":\"\",\"potentialAction\":[{\"@type\":\"SearchAction\",\"target\":{\"@type\":\"EntryPoint\",\"urlTemplate\":\"https:\\\/\\\/techmasterdemexico.com\\\/?s={search_term_string}\"},\"query-input\":{\"@type\":\"PropertyValueSpecification\",\"valueRequired\":true,\"valueName\":\"search_term_string\"}}],\"inLanguage\":\"en-US\"}]}<\/script>\n<!-- \/ Yoast SEO plugin. -->","yoast_head_json":{"title":"Hilos de medici\u00f3n de rosca de 60\u00b0 - Techmaster de Mexico","robots":{"index":"index","follow":"follow","max-snippet":"max-snippet:-1","max-image-preview":"max-image-preview:large","max-video-preview":"max-video-preview:-1"},"canonical":"https:\/\/techmasterdemexico.com\/en\/producto\/hilos-de-medicion-de-rosca-de-60\/","og_locale":"en_US","og_type":"article","og_title":"Hilos de medici\u00f3n de rosca de 60\u00b0 - Techmaster de Mexico","og_description":"100% inspecci\u00f3n  Herramienta de acero  Todos los miembros de 2\u201d de largo  Cumple con la antigua especificaci\u00f3n federal GGG-W-366b para hilos maestros de grado A. Cada di\u00e1metro de cable es un conjunto coincidente con los dem\u00e1s dentro de +\/-.00001\u2033.  Los di\u00e1metros de los cables deber\u00e1n estar dentro de +\/-.00002\u2033 del mejor di\u00e1metro de tama\u00f1o de cable.","og_url":"https:\/\/techmasterdemexico.com\/en\/producto\/hilos-de-medicion-de-rosca-de-60\/","og_site_name":"Techmaster de Mexico","article_modified_time":"2022-07-28T18:01:17+00:00","og_image":[{"width":1042,"height":1042,"url":"https:\/\/techmasterdemexico.com\/wp-content\/uploads\/2022\/06\/Hilos-de-medicion-de-rosca-de-60\u00b0-01.png","type":"image\/png"}],"twitter_card":"summary_large_image","twitter_misc":{"Est. reading time":"1 minute"},"schema":{"@context":"https:\/\/schema.org","@graph":[{"@type":"WebPage","@id":"https:\/\/techmasterdemexico.com\/en\/producto\/hilos-de-medicion-de-rosca-de-60\/","url":"https:\/\/techmasterdemexico.com\/en\/producto\/hilos-de-medicion-de-rosca-de-60\/","name":"Hilos de medici\u00f3n de rosca de 60\u00b0 - Techmaster de Mexico","isPartOf":{"@id":"https:\/\/techmasterdemexico.com\/#website"},"primaryImageOfPage":{"@id":"https:\/\/techmasterdemexico.com\/en\/producto\/hilos-de-medicion-de-rosca-de-60\/#primaryimage"},"image":{"@id":"https:\/\/techmasterdemexico.com\/en\/producto\/hilos-de-medicion-de-rosca-de-60\/#primaryimage"},"thumbnailUrl":"https:\/\/techmasterdemexico.com\/wp-content\/uploads\/2022\/06\/Hilos-de-medicion-de-rosca-de-60\u00b0-01.png","datePublished":"2022-06-07T22:43:10+00:00","dateModified":"2022-07-28T18:01:17+00:00","breadcrumb":{"@id":"https:\/\/techmasterdemexico.com\/en\/producto\/hilos-de-medicion-de-rosca-de-60\/#breadcrumb"},"inLanguage":"en-US","potentialAction":[{"@type":"ReadAction","target":["https:\/\/techmasterdemexico.com\/en\/producto\/hilos-de-medicion-de-rosca-de-60\/"]}]},{"@type":"ImageObject","inLanguage":"en-US","@id":"https:\/\/techmasterdemexico.com\/en\/producto\/hilos-de-medicion-de-rosca-de-60\/#primaryimage","url":"https:\/\/techmasterdemexico.com\/wp-content\/uploads\/2022\/06\/Hilos-de-medicion-de-rosca-de-60\u00b0-01.png","contentUrl":"https:\/\/techmasterdemexico.com\/wp-content\/uploads\/2022\/06\/Hilos-de-medicion-de-rosca-de-60\u00b0-01.png","width":1042,"height":1042},{"@type":"BreadcrumbList","@id":"https:\/\/techmasterdemexico.com\/en\/producto\/hilos-de-medicion-de-rosca-de-60\/#breadcrumb","itemListElement":[{"@type":"ListItem","position":1,"name":"Portada","item":"https:\/\/techmasterdemexico.com\/"},{"@type":"ListItem","position":2,"name":"Hilos de medici\u00f3n de rosca de 60\u00b0"}]},{"@type":"WebSite","@id":"https:\/\/techmasterdemexico.com\/#website","url":"https:\/\/techmasterdemexico.com\/","name":"Techmaster de Mexico","description":"","potentialAction":[{"@type":"SearchAction","target":{"@type":"EntryPoint","urlTemplate":"https:\/\/techmasterdemexico.com\/?s={search_term_string}"},"query-input":{"@type":"PropertyValueSpecification","valueRequired":true,"valueName":"search_term_string"}}],"inLanguage":"en-US"}]}},"brands":[{"id":515,"name":"Meyer Gages","slug":"meyer-gages"}],"_links":{"self":[{"href":"https:\/\/techmasterdemexico.com\/en\/wp-json\/wp\/v2\/product\/19507","targetHints":{"allow":["GET"]}}],"collection":[{"href":"https:\/\/techmasterdemexico.com\/en\/wp-json\/wp\/v2\/product"}],"about":[{"href":"https:\/\/techmasterdemexico.com\/en\/wp-json\/wp\/v2\/types\/product"}],"wp:featuredmedia":[{"embeddable":true,"href":"https:\/\/techmasterdemexico.com\/en\/wp-json\/wp\/v2\/media\/19556"}],"wp:attachment":[{"href":"https:\/\/techmasterdemexico.com\/en\/wp-json\/wp\/v2\/media?parent=19507"}],"wp:term":[{"taxonomy":"pwb-brand","embeddable":true,"href":"https:\/\/techmasterdemexico.com\/en\/wp-json\/wp\/v2\/pwb-brand?post=19507"},{"taxonomy":"product_brand","embeddable":true,"href":"https:\/\/techmasterdemexico.com\/en\/wp-json\/wp\/v2\/product_brand?post=19507"},{"taxonomy":"product_cat","embeddable":true,"href":"https:\/\/techmasterdemexico.com\/en\/wp-json\/wp\/v2\/product_cat?post=19507"},{"taxonomy":"product_tag","embeddable":true,"href":"https:\/\/techmasterdemexico.com\/en\/wp-json\/wp\/v2\/product_tag?post=19507"}],"curies":[{"name":"wp","href":"https:\/\/api.w.org\/{rel}","templated":true}]}}