{"id":19504,"date":"2022-06-07T22:43:09","date_gmt":"2022-06-07T22:43:09","guid":{"rendered":"https:\/\/techmasterdemexico.com\/producto\/discos-de-ajuste-maestro-split-go\/"},"modified":"2022-07-28T17:47:00","modified_gmt":"2022-07-28T17:47:00","slug":"discos-de-ajuste-maestro-split-go","status":"publish","type":"product","link":"https:\/\/techmasterdemexico.com\/en\/producto\/discos-de-ajuste-maestro-split-go\/","title":{"rendered":"Discos de ajuste maestro (Split, Go)"},"content":{"rendered":"<p>Puede utilizar estos discos maestros para calibrar su equipo de medici\u00f3n<br \/>\nequipos de medici\u00f3n. Son imprescindibles para su laboratorio de calibraci\u00f3n y sus<br \/>\n\u00e1reas de inspecci\u00f3n. Los Discos Maestros Meyers est\u00e1n disponibles en tres<br \/>\nestilos y vienen con un Certificado de Precisi\u00f3n.<\/p>\n","protected":false},"excerpt":{"rendered":"<ul>\n<li>Tolerancias GO, NOGO, Bilaterales disponibles<\/li>\n<li>Acero 60\/62 Rockwell C<\/li>\n<li>Viene completo con agarraderas en los extremos<\/li>\n<li>Material de hasta 1.510\u2033 06 de acero para herramientas endurecido en toda su extensi\u00f3n 58\/60 Rockwell C<\/li>\n<li>Material de m\u00e1s de 1.510\u2033 8620 acero para herramientas endurecido en caja 58\/60 Rockwell C<\/li>\n<li>La redondez est\u00e1 dentro de la mitad de la tolerancia<\/li>\n<\/ul>\n<p>Nota: Para la gama superior a 1,510&#8243; hasta 8,510&#8243; inclusive, las normas de D.G.A. para el estilo n\u00ba 2 exigen discos maestros de estilo n\u00ba 3 separados por una placa separadora de D.G.A. y unidos entre s\u00ed con un tirante y aisladores.<\/p>\n","protected":false},"featured_media":19572,"template":"","meta":{"_acf_changed":false},"pwb-brand":[515],"product_brand":[],"product_cat":[508,509,507,470],"product_tag":[],"class_list":{"0":"post-19504","1":"product","2":"type-product","3":"status-publish","4":"has-post-thumbnail","6":"pwb-brand-meyer-gages","7":"product_cat-discos-de-ajuste-maestro","8":"product_cat-master-setting-discs","9":"product_cat-mater-settings-discs","10":"product_cat-meyer-gages","12":"first","13":"instock","14":"taxable","15":"shipping-taxable","16":"product-type-simple"},"acf":[],"yoast_head":"<!-- This site is optimized with the Yoast SEO plugin v27.4 - https:\/\/yoast.com\/product\/yoast-seo-wordpress\/ -->\n<title>Discos de ajuste maestro (Split, Go) - Techmaster de Mexico<\/title>\n<meta name=\"robots\" content=\"index, follow, max-snippet:-1, max-image-preview:large, max-video-preview:-1\" \/>\n<link rel=\"canonical\" href=\"https:\/\/techmasterdemexico.com\/en\/producto\/discos-de-ajuste-maestro-split-go\/\" \/>\n<meta property=\"og:locale\" content=\"en_US\" \/>\n<meta property=\"og:type\" content=\"article\" \/>\n<meta property=\"og:title\" content=\"Discos de ajuste maestro (Split, Go) - Techmaster de Mexico\" \/>\n<meta property=\"og:description\" content=\"Tolerancias GO, NOGO, Bilaterales disponibles  Acero 60\/62 Rockwell C  Viene completo con agarraderas en los extremos  Material de hasta 1.510\u2033 06 de acero para herramientas endurecido en toda su extensi\u00f3n 58\/60 Rockwell C  Material de m\u00e1s de 1.510\u2033 8620 acero para herramientas endurecido en caja 58\/60 Rockwell C  La redondez est\u00e1 dentro de la mitad de la tolerancia   Nota: Para la gama superior a 1,510&quot; hasta 8,510&quot; inclusive, las normas de D.G.A. para el estilo n\u00ba 2 exigen discos maestros de estilo n\u00ba 3 separados por una placa separadora de D.G.A. y unidos entre s\u00ed con un tirante y aisladores.\" \/>\n<meta property=\"og:url\" content=\"https:\/\/techmasterdemexico.com\/en\/producto\/discos-de-ajuste-maestro-split-go\/\" \/>\n<meta property=\"og:site_name\" content=\"Techmaster de Mexico\" \/>\n<meta property=\"article:modified_time\" content=\"2022-07-28T17:47:00+00:00\" \/>\n<meta property=\"og:image\" content=\"https:\/\/techmasterdemexico.com\/wp-content\/uploads\/2022\/06\/Discos-de-ajuste-maestro-01.png\" \/>\n\t<meta property=\"og:image:width\" content=\"1042\" \/>\n\t<meta property=\"og:image:height\" content=\"1042\" \/>\n\t<meta property=\"og:image:type\" content=\"image\/png\" \/>\n<meta name=\"twitter:card\" content=\"summary_large_image\" \/>\n<script type=\"application\/ld+json\" class=\"yoast-schema-graph\">{\"@context\":\"https:\\\/\\\/schema.org\",\"@graph\":[{\"@type\":\"WebPage\",\"@id\":\"https:\\\/\\\/techmasterdemexico.com\\\/en\\\/producto\\\/discos-de-ajuste-maestro-split-go\\\/\",\"url\":\"https:\\\/\\\/techmasterdemexico.com\\\/en\\\/producto\\\/discos-de-ajuste-maestro-split-go\\\/\",\"name\":\"Discos de ajuste maestro (Split, Go) - Techmaster de Mexico\",\"isPartOf\":{\"@id\":\"https:\\\/\\\/techmasterdemexico.com\\\/#website\"},\"primaryImageOfPage\":{\"@id\":\"https:\\\/\\\/techmasterdemexico.com\\\/en\\\/producto\\\/discos-de-ajuste-maestro-split-go\\\/#primaryimage\"},\"image\":{\"@id\":\"https:\\\/\\\/techmasterdemexico.com\\\/en\\\/producto\\\/discos-de-ajuste-maestro-split-go\\\/#primaryimage\"},\"thumbnailUrl\":\"https:\\\/\\\/techmasterdemexico.com\\\/wp-content\\\/uploads\\\/2022\\\/06\\\/Discos-de-ajuste-maestro-01.png\",\"datePublished\":\"2022-06-07T22:43:09+00:00\",\"dateModified\":\"2022-07-28T17:47:00+00:00\",\"breadcrumb\":{\"@id\":\"https:\\\/\\\/techmasterdemexico.com\\\/en\\\/producto\\\/discos-de-ajuste-maestro-split-go\\\/#breadcrumb\"},\"inLanguage\":\"en-US\",\"potentialAction\":[{\"@type\":\"ReadAction\",\"target\":[\"https:\\\/\\\/techmasterdemexico.com\\\/en\\\/producto\\\/discos-de-ajuste-maestro-split-go\\\/\"]}]},{\"@type\":\"ImageObject\",\"inLanguage\":\"en-US\",\"@id\":\"https:\\\/\\\/techmasterdemexico.com\\\/en\\\/producto\\\/discos-de-ajuste-maestro-split-go\\\/#primaryimage\",\"url\":\"https:\\\/\\\/techmasterdemexico.com\\\/wp-content\\\/uploads\\\/2022\\\/06\\\/Discos-de-ajuste-maestro-01.png\",\"contentUrl\":\"https:\\\/\\\/techmasterdemexico.com\\\/wp-content\\\/uploads\\\/2022\\\/06\\\/Discos-de-ajuste-maestro-01.png\",\"width\":1042,\"height\":1042},{\"@type\":\"BreadcrumbList\",\"@id\":\"https:\\\/\\\/techmasterdemexico.com\\\/en\\\/producto\\\/discos-de-ajuste-maestro-split-go\\\/#breadcrumb\",\"itemListElement\":[{\"@type\":\"ListItem\",\"position\":1,\"name\":\"Portada\",\"item\":\"https:\\\/\\\/techmasterdemexico.com\\\/\"},{\"@type\":\"ListItem\",\"position\":2,\"name\":\"Discos de ajuste maestro (Split, Go)\"}]},{\"@type\":\"WebSite\",\"@id\":\"https:\\\/\\\/techmasterdemexico.com\\\/#website\",\"url\":\"https:\\\/\\\/techmasterdemexico.com\\\/\",\"name\":\"Techmaster de Mexico\",\"description\":\"\",\"potentialAction\":[{\"@type\":\"SearchAction\",\"target\":{\"@type\":\"EntryPoint\",\"urlTemplate\":\"https:\\\/\\\/techmasterdemexico.com\\\/?s={search_term_string}\"},\"query-input\":{\"@type\":\"PropertyValueSpecification\",\"valueRequired\":true,\"valueName\":\"search_term_string\"}}],\"inLanguage\":\"en-US\"}]}<\/script>\n<!-- \/ Yoast SEO plugin. -->","yoast_head_json":{"title":"Discos de ajuste maestro (Split, Go) - Techmaster de Mexico","robots":{"index":"index","follow":"follow","max-snippet":"max-snippet:-1","max-image-preview":"max-image-preview:large","max-video-preview":"max-video-preview:-1"},"canonical":"https:\/\/techmasterdemexico.com\/en\/producto\/discos-de-ajuste-maestro-split-go\/","og_locale":"en_US","og_type":"article","og_title":"Discos de ajuste maestro (Split, Go) - Techmaster de Mexico","og_description":"Tolerancias GO, NOGO, Bilaterales disponibles  Acero 60\/62 Rockwell C  Viene completo con agarraderas en los extremos  Material de hasta 1.510\u2033 06 de acero para herramientas endurecido en toda su extensi\u00f3n 58\/60 Rockwell C  Material de m\u00e1s de 1.510\u2033 8620 acero para herramientas endurecido en caja 58\/60 Rockwell C  La redondez est\u00e1 dentro de la mitad de la tolerancia   Nota: Para la gama superior a 1,510\" hasta 8,510\" inclusive, las normas de D.G.A. para el estilo n\u00ba 2 exigen discos maestros de estilo n\u00ba 3 separados por una placa separadora de D.G.A. y unidos entre s\u00ed con un tirante y aisladores.","og_url":"https:\/\/techmasterdemexico.com\/en\/producto\/discos-de-ajuste-maestro-split-go\/","og_site_name":"Techmaster de Mexico","article_modified_time":"2022-07-28T17:47:00+00:00","og_image":[{"width":1042,"height":1042,"url":"https:\/\/techmasterdemexico.com\/wp-content\/uploads\/2022\/06\/Discos-de-ajuste-maestro-01.png","type":"image\/png"}],"twitter_card":"summary_large_image","schema":{"@context":"https:\/\/schema.org","@graph":[{"@type":"WebPage","@id":"https:\/\/techmasterdemexico.com\/en\/producto\/discos-de-ajuste-maestro-split-go\/","url":"https:\/\/techmasterdemexico.com\/en\/producto\/discos-de-ajuste-maestro-split-go\/","name":"Discos de ajuste maestro (Split, Go) - Techmaster de Mexico","isPartOf":{"@id":"https:\/\/techmasterdemexico.com\/#website"},"primaryImageOfPage":{"@id":"https:\/\/techmasterdemexico.com\/en\/producto\/discos-de-ajuste-maestro-split-go\/#primaryimage"},"image":{"@id":"https:\/\/techmasterdemexico.com\/en\/producto\/discos-de-ajuste-maestro-split-go\/#primaryimage"},"thumbnailUrl":"https:\/\/techmasterdemexico.com\/wp-content\/uploads\/2022\/06\/Discos-de-ajuste-maestro-01.png","datePublished":"2022-06-07T22:43:09+00:00","dateModified":"2022-07-28T17:47:00+00:00","breadcrumb":{"@id":"https:\/\/techmasterdemexico.com\/en\/producto\/discos-de-ajuste-maestro-split-go\/#breadcrumb"},"inLanguage":"en-US","potentialAction":[{"@type":"ReadAction","target":["https:\/\/techmasterdemexico.com\/en\/producto\/discos-de-ajuste-maestro-split-go\/"]}]},{"@type":"ImageObject","inLanguage":"en-US","@id":"https:\/\/techmasterdemexico.com\/en\/producto\/discos-de-ajuste-maestro-split-go\/#primaryimage","url":"https:\/\/techmasterdemexico.com\/wp-content\/uploads\/2022\/06\/Discos-de-ajuste-maestro-01.png","contentUrl":"https:\/\/techmasterdemexico.com\/wp-content\/uploads\/2022\/06\/Discos-de-ajuste-maestro-01.png","width":1042,"height":1042},{"@type":"BreadcrumbList","@id":"https:\/\/techmasterdemexico.com\/en\/producto\/discos-de-ajuste-maestro-split-go\/#breadcrumb","itemListElement":[{"@type":"ListItem","position":1,"name":"Portada","item":"https:\/\/techmasterdemexico.com\/"},{"@type":"ListItem","position":2,"name":"Discos de ajuste maestro (Split, Go)"}]},{"@type":"WebSite","@id":"https:\/\/techmasterdemexico.com\/#website","url":"https:\/\/techmasterdemexico.com\/","name":"Techmaster de Mexico","description":"","potentialAction":[{"@type":"SearchAction","target":{"@type":"EntryPoint","urlTemplate":"https:\/\/techmasterdemexico.com\/?s={search_term_string}"},"query-input":{"@type":"PropertyValueSpecification","valueRequired":true,"valueName":"search_term_string"}}],"inLanguage":"en-US"}]}},"brands":[{"id":515,"name":"Meyer Gages","slug":"meyer-gages"}],"_links":{"self":[{"href":"https:\/\/techmasterdemexico.com\/en\/wp-json\/wp\/v2\/product\/19504","targetHints":{"allow":["GET"]}}],"collection":[{"href":"https:\/\/techmasterdemexico.com\/en\/wp-json\/wp\/v2\/product"}],"about":[{"href":"https:\/\/techmasterdemexico.com\/en\/wp-json\/wp\/v2\/types\/product"}],"wp:featuredmedia":[{"embeddable":true,"href":"https:\/\/techmasterdemexico.com\/en\/wp-json\/wp\/v2\/media\/19572"}],"wp:attachment":[{"href":"https:\/\/techmasterdemexico.com\/en\/wp-json\/wp\/v2\/media?parent=19504"}],"wp:term":[{"taxonomy":"pwb-brand","embeddable":true,"href":"https:\/\/techmasterdemexico.com\/en\/wp-json\/wp\/v2\/pwb-brand?post=19504"},{"taxonomy":"product_brand","embeddable":true,"href":"https:\/\/techmasterdemexico.com\/en\/wp-json\/wp\/v2\/product_brand?post=19504"},{"taxonomy":"product_cat","embeddable":true,"href":"https:\/\/techmasterdemexico.com\/en\/wp-json\/wp\/v2\/product_cat?post=19504"},{"taxonomy":"product_tag","embeddable":true,"href":"https:\/\/techmasterdemexico.com\/en\/wp-json\/wp\/v2\/product_tag?post=19504"}],"curies":[{"name":"wp","href":"https:\/\/api.w.org\/{rel}","templated":true}]}}