{"id":19503,"date":"2022-06-07T22:43:08","date_gmt":"2022-06-07T22:43:08","guid":{"rendered":"https:\/\/techmasterdemexico.com\/producto\/medidores-de-anillo-cilindrico\/"},"modified":"2022-07-28T18:04:13","modified_gmt":"2022-07-28T18:04:13","slug":"medidores-de-anillo-cilindrico","status":"publish","type":"product","link":"https:\/\/techmasterdemexico.com\/en\/producto\/medidores-de-anillo-cilindrico\/","title":{"rendered":"Medidores de anillo cil\u00edndrico"},"content":{"rendered":"<p>El material. Usamos solo aceros de excelente calidad en nuestros calibres de anillos cil\u00edndricos como 06 o aceros aleados como 8620 y tratamos t\u00e9rmicamente nuestros espacios en blanco a un m\u00ednimo de 58RC.<\/p>\n<p>El Proceso de Estabilizaci\u00f3n. Las operaciones de rectificado posteriores pueden introducir calor y tensi\u00f3n. Meyer Gage somete todos los espacios en blanco a un proceso de estabilizaci\u00f3n, cicl\u00e1ndolos a trav\u00e9s de temperaturas extremas de -130 \u00b0F a +300 \u00b0F.<br \/>\nEl proceso de lapeado de precisi\u00f3n. El \u201clapeado\u201d es el proceso de acabado que elimina peque\u00f1as cantidades de material de la superficie del calibre anular y lo lleva dentro de sus l\u00edmites de tolerancia final.<\/p>\n","protected":false},"excerpt":{"rendered":"<ul>\n<li>MASTER: tolerancia bilateral (dividida).<\/li>\n<li>GO: tolerancia unilateral (unidireccional) menos.<\/li>\n<li>NOGO: unilateral (una direcci\u00f3n) m\u00e1s tolerancia.<\/li>\n<li>Los medidores de anillo se fabrican de acuerdo con la especificaci\u00f3n ANSI B89.1.6 &#8211; 1989.<\/li>\n<li>La redondez y el espesor de todos los medidores de anillos no exceder\u00e1n el 50% de la tolerancia de tama\u00f1o del fabricante de anillos y no son acumulativos.<\/li>\n<li>Los ANILLOS DE CARBURO tienen insertos de carburo de tungsteno con chaquetas de acero. (S\u00f3lo medidores de anillos de carburo de tungsteno)<\/li>\n<\/ul>\n","protected":false},"featured_media":19571,"template":"","meta":{"_acf_changed":false},"pwb-brand":[515],"product_brand":[],"product_cat":[505,470,504,506],"product_tag":[],"class_list":{"0":"post-19503","1":"product","2":"type-product","3":"status-publish","4":"has-post-thumbnail","6":"pwb-brand-meyer-gages","7":"product_cat-cylindrical-ring-gages","8":"product_cat-meyer-gages","9":"product_cat-ring-gages","10":"product_cat-ring-gages-cylindrical-ring-gages","12":"first","13":"instock","14":"taxable","15":"shipping-taxable","16":"product-type-simple"},"acf":[],"yoast_head":"<!-- This site is optimized with the Yoast SEO plugin v27.4 - https:\/\/yoast.com\/product\/yoast-seo-wordpress\/ -->\n<title>Medidores de anillo cil\u00edndrico - Techmaster de Mexico<\/title>\n<meta name=\"robots\" content=\"index, follow, max-snippet:-1, max-image-preview:large, max-video-preview:-1\" \/>\n<link rel=\"canonical\" href=\"https:\/\/techmasterdemexico.com\/producto\/medidores-de-anillo-cilindrico\/\" \/>\n<meta property=\"og:locale\" content=\"en_US\" \/>\n<meta property=\"og:type\" content=\"article\" \/>\n<meta property=\"og:title\" content=\"Medidores de anillo cil\u00edndrico - Techmaster de Mexico\" \/>\n<meta property=\"og:description\" content=\"MASTER: tolerancia bilateral (dividida).  GO: tolerancia unilateral (unidireccional) menos.  NOGO: unilateral (una direcci\u00f3n) m\u00e1s tolerancia.  Los medidores de anillo se fabrican de acuerdo con la especificaci\u00f3n ANSI B89.1.6 - 1989.  La redondez y el espesor de todos los medidores de anillos no exceder\u00e1n el 50% de la tolerancia de tama\u00f1o del fabricante de anillos y no son acumulativos.  Los ANILLOS DE CARBURO tienen insertos de carburo de tungsteno con chaquetas de acero. (S\u00f3lo medidores de anillos de carburo de tungsteno)\" \/>\n<meta property=\"og:url\" content=\"https:\/\/techmasterdemexico.com\/producto\/medidores-de-anillo-cilindrico\/\" \/>\n<meta property=\"og:site_name\" content=\"Techmaster de Mexico\" \/>\n<meta property=\"article:modified_time\" content=\"2022-07-28T18:04:13+00:00\" \/>\n<meta property=\"og:image\" content=\"https:\/\/techmasterdemexico.com\/wp-content\/uploads\/2022\/06\/Medidores-de-anillo-cilindrico-01.png\" \/>\n\t<meta property=\"og:image:width\" content=\"1042\" \/>\n\t<meta property=\"og:image:height\" content=\"1042\" \/>\n\t<meta property=\"og:image:type\" content=\"image\/png\" \/>\n<meta name=\"twitter:card\" content=\"summary_large_image\" \/>\n<meta name=\"twitter:label1\" content=\"Est. reading time\" \/>\n\t<meta name=\"twitter:data1\" content=\"1 minute\" \/>\n<script type=\"application\/ld+json\" class=\"yoast-schema-graph\">{\"@context\":\"https:\\\/\\\/schema.org\",\"@graph\":[{\"@type\":\"WebPage\",\"@id\":\"https:\\\/\\\/techmasterdemexico.com\\\/producto\\\/medidores-de-anillo-cilindrico\\\/\",\"url\":\"https:\\\/\\\/techmasterdemexico.com\\\/producto\\\/medidores-de-anillo-cilindrico\\\/\",\"name\":\"Medidores de anillo cil\u00edndrico - Techmaster de Mexico\",\"isPartOf\":{\"@id\":\"https:\\\/\\\/techmasterdemexico.com\\\/#website\"},\"primaryImageOfPage\":{\"@id\":\"https:\\\/\\\/techmasterdemexico.com\\\/producto\\\/medidores-de-anillo-cilindrico\\\/#primaryimage\"},\"image\":{\"@id\":\"https:\\\/\\\/techmasterdemexico.com\\\/producto\\\/medidores-de-anillo-cilindrico\\\/#primaryimage\"},\"thumbnailUrl\":\"https:\\\/\\\/techmasterdemexico.com\\\/wp-content\\\/uploads\\\/2022\\\/06\\\/Medidores-de-anillo-cilindrico-01.png\",\"datePublished\":\"2022-06-07T22:43:08+00:00\",\"dateModified\":\"2022-07-28T18:04:13+00:00\",\"breadcrumb\":{\"@id\":\"https:\\\/\\\/techmasterdemexico.com\\\/producto\\\/medidores-de-anillo-cilindrico\\\/#breadcrumb\"},\"inLanguage\":\"en-US\",\"potentialAction\":[{\"@type\":\"ReadAction\",\"target\":[\"https:\\\/\\\/techmasterdemexico.com\\\/producto\\\/medidores-de-anillo-cilindrico\\\/\"]}]},{\"@type\":\"ImageObject\",\"inLanguage\":\"en-US\",\"@id\":\"https:\\\/\\\/techmasterdemexico.com\\\/producto\\\/medidores-de-anillo-cilindrico\\\/#primaryimage\",\"url\":\"https:\\\/\\\/techmasterdemexico.com\\\/wp-content\\\/uploads\\\/2022\\\/06\\\/Medidores-de-anillo-cilindrico-01.png\",\"contentUrl\":\"https:\\\/\\\/techmasterdemexico.com\\\/wp-content\\\/uploads\\\/2022\\\/06\\\/Medidores-de-anillo-cilindrico-01.png\",\"width\":1042,\"height\":1042},{\"@type\":\"BreadcrumbList\",\"@id\":\"https:\\\/\\\/techmasterdemexico.com\\\/producto\\\/medidores-de-anillo-cilindrico\\\/#breadcrumb\",\"itemListElement\":[{\"@type\":\"ListItem\",\"position\":1,\"name\":\"Portada\",\"item\":\"https:\\\/\\\/techmasterdemexico.com\\\/\"},{\"@type\":\"ListItem\",\"position\":2,\"name\":\"Medidores de anillo cil\u00edndrico\"}]},{\"@type\":\"WebSite\",\"@id\":\"https:\\\/\\\/techmasterdemexico.com\\\/#website\",\"url\":\"https:\\\/\\\/techmasterdemexico.com\\\/\",\"name\":\"Techmaster de Mexico\",\"description\":\"\",\"potentialAction\":[{\"@type\":\"SearchAction\",\"target\":{\"@type\":\"EntryPoint\",\"urlTemplate\":\"https:\\\/\\\/techmasterdemexico.com\\\/?s={search_term_string}\"},\"query-input\":{\"@type\":\"PropertyValueSpecification\",\"valueRequired\":true,\"valueName\":\"search_term_string\"}}],\"inLanguage\":\"en-US\"}]}<\/script>\n<!-- \/ Yoast SEO plugin. -->","yoast_head_json":{"title":"Medidores de anillo cil\u00edndrico - Techmaster de Mexico","robots":{"index":"index","follow":"follow","max-snippet":"max-snippet:-1","max-image-preview":"max-image-preview:large","max-video-preview":"max-video-preview:-1"},"canonical":"https:\/\/techmasterdemexico.com\/producto\/medidores-de-anillo-cilindrico\/","og_locale":"en_US","og_type":"article","og_title":"Medidores de anillo cil\u00edndrico - Techmaster de Mexico","og_description":"MASTER: tolerancia bilateral (dividida).  GO: tolerancia unilateral (unidireccional) menos.  NOGO: unilateral (una direcci\u00f3n) m\u00e1s tolerancia.  Los medidores de anillo se fabrican de acuerdo con la especificaci\u00f3n ANSI B89.1.6 - 1989.  La redondez y el espesor de todos los medidores de anillos no exceder\u00e1n el 50% de la tolerancia de tama\u00f1o del fabricante de anillos y no son acumulativos.  Los ANILLOS DE CARBURO tienen insertos de carburo de tungsteno con chaquetas de acero. (S\u00f3lo medidores de anillos de carburo de tungsteno)","og_url":"https:\/\/techmasterdemexico.com\/producto\/medidores-de-anillo-cilindrico\/","og_site_name":"Techmaster de Mexico","article_modified_time":"2022-07-28T18:04:13+00:00","og_image":[{"width":1042,"height":1042,"url":"https:\/\/techmasterdemexico.com\/wp-content\/uploads\/2022\/06\/Medidores-de-anillo-cilindrico-01.png","type":"image\/png"}],"twitter_card":"summary_large_image","twitter_misc":{"Est. reading time":"1 minute"},"schema":{"@context":"https:\/\/schema.org","@graph":[{"@type":"WebPage","@id":"https:\/\/techmasterdemexico.com\/producto\/medidores-de-anillo-cilindrico\/","url":"https:\/\/techmasterdemexico.com\/producto\/medidores-de-anillo-cilindrico\/","name":"Medidores de anillo cil\u00edndrico - Techmaster de Mexico","isPartOf":{"@id":"https:\/\/techmasterdemexico.com\/#website"},"primaryImageOfPage":{"@id":"https:\/\/techmasterdemexico.com\/producto\/medidores-de-anillo-cilindrico\/#primaryimage"},"image":{"@id":"https:\/\/techmasterdemexico.com\/producto\/medidores-de-anillo-cilindrico\/#primaryimage"},"thumbnailUrl":"https:\/\/techmasterdemexico.com\/wp-content\/uploads\/2022\/06\/Medidores-de-anillo-cilindrico-01.png","datePublished":"2022-06-07T22:43:08+00:00","dateModified":"2022-07-28T18:04:13+00:00","breadcrumb":{"@id":"https:\/\/techmasterdemexico.com\/producto\/medidores-de-anillo-cilindrico\/#breadcrumb"},"inLanguage":"en-US","potentialAction":[{"@type":"ReadAction","target":["https:\/\/techmasterdemexico.com\/producto\/medidores-de-anillo-cilindrico\/"]}]},{"@type":"ImageObject","inLanguage":"en-US","@id":"https:\/\/techmasterdemexico.com\/producto\/medidores-de-anillo-cilindrico\/#primaryimage","url":"https:\/\/techmasterdemexico.com\/wp-content\/uploads\/2022\/06\/Medidores-de-anillo-cilindrico-01.png","contentUrl":"https:\/\/techmasterdemexico.com\/wp-content\/uploads\/2022\/06\/Medidores-de-anillo-cilindrico-01.png","width":1042,"height":1042},{"@type":"BreadcrumbList","@id":"https:\/\/techmasterdemexico.com\/producto\/medidores-de-anillo-cilindrico\/#breadcrumb","itemListElement":[{"@type":"ListItem","position":1,"name":"Portada","item":"https:\/\/techmasterdemexico.com\/"},{"@type":"ListItem","position":2,"name":"Medidores de anillo cil\u00edndrico"}]},{"@type":"WebSite","@id":"https:\/\/techmasterdemexico.com\/#website","url":"https:\/\/techmasterdemexico.com\/","name":"Techmaster de Mexico","description":"","potentialAction":[{"@type":"SearchAction","target":{"@type":"EntryPoint","urlTemplate":"https:\/\/techmasterdemexico.com\/?s={search_term_string}"},"query-input":{"@type":"PropertyValueSpecification","valueRequired":true,"valueName":"search_term_string"}}],"inLanguage":"en-US"}]}},"brands":[{"id":515,"name":"Meyer Gages","slug":"meyer-gages"}],"_links":{"self":[{"href":"https:\/\/techmasterdemexico.com\/en\/wp-json\/wp\/v2\/product\/19503","targetHints":{"allow":["GET"]}}],"collection":[{"href":"https:\/\/techmasterdemexico.com\/en\/wp-json\/wp\/v2\/product"}],"about":[{"href":"https:\/\/techmasterdemexico.com\/en\/wp-json\/wp\/v2\/types\/product"}],"wp:featuredmedia":[{"embeddable":true,"href":"https:\/\/techmasterdemexico.com\/en\/wp-json\/wp\/v2\/media\/19571"}],"wp:attachment":[{"href":"https:\/\/techmasterdemexico.com\/en\/wp-json\/wp\/v2\/media?parent=19503"}],"wp:term":[{"taxonomy":"pwb-brand","embeddable":true,"href":"https:\/\/techmasterdemexico.com\/en\/wp-json\/wp\/v2\/pwb-brand?post=19503"},{"taxonomy":"product_brand","embeddable":true,"href":"https:\/\/techmasterdemexico.com\/en\/wp-json\/wp\/v2\/product_brand?post=19503"},{"taxonomy":"product_cat","embeddable":true,"href":"https:\/\/techmasterdemexico.com\/en\/wp-json\/wp\/v2\/product_cat?post=19503"},{"taxonomy":"product_tag","embeddable":true,"href":"https:\/\/techmasterdemexico.com\/en\/wp-json\/wp\/v2\/product_tag?post=19503"}],"curies":[{"name":"wp","href":"https:\/\/api.w.org\/{rel}","templated":true}]}}