{"id":19501,"date":"2022-06-07T22:43:07","date_gmt":"2022-06-07T22:43:07","guid":{"rendered":"https:\/\/techmasterdemexico.com\/producto\/medidores-taperlock-gages-acero-y-cromo\/"},"modified":"2022-07-28T18:07:06","modified_gmt":"2022-07-28T18:07:06","slug":"medidores-taperlock-gages-acero-y-cromo","status":"publish","type":"product","link":"https:\/\/techmasterdemexico.com\/en\/producto\/medidores-taperlock-gages-acero-y-cromo\/","title":{"rendered":"Medidores Taperlock Gages-Acero y cromo"},"content":{"rendered":"<p>Los miembros salen para un reemplazo r\u00e1pido. Excelente opci\u00f3n para la inspecci\u00f3n de di\u00e1metros m\u00e1s grandes.<\/p>\n<p>&nbsp;<\/p>\n","protected":false},"excerpt":{"rendered":"<ul>\n<li>Tolerancias positivas, negativas o bilaterales<\/li>\n<li>Clase XX, X, Y o Z.<\/li>\n<li>Placa de acero o cromada disponible<\/li>\n<li>Material Trilock Gage estilo 8620 Caja de acero endurecido 58\/60 Rockwell C<\/li>\n<li>Material Taperlock Gage estilo 06 Acero endurecido 58\/60 Rockwell C<\/li>\n<\/ul>\n","protected":false},"featured_media":19584,"template":"","meta":{"_acf_changed":false},"pwb-brand":[515],"product_brand":[],"product_cat":[501,502,470,503],"product_tag":[],"class_list":{"0":"post-19501","1":"product","2":"type-product","3":"status-publish","4":"has-post-thumbnail","6":"pwb-brand-meyer-gages","7":"product_cat-medidores-taperlock","8":"product_cat-medidores-taperlocks-trilocks","9":"product_cat-meyer-gages","10":"product_cat-taperlock-trilock-gages","12":"first","13":"instock","14":"taxable","15":"shipping-taxable","16":"product-type-simple"},"acf":[],"yoast_head":"<!-- This site is optimized with the Yoast SEO plugin v27.4 - https:\/\/yoast.com\/product\/yoast-seo-wordpress\/ -->\n<title>Medidores Taperlock Gages-Acero y cromo - Techmaster de Mexico<\/title>\n<meta name=\"robots\" content=\"index, follow, max-snippet:-1, max-image-preview:large, max-video-preview:-1\" \/>\n<link rel=\"canonical\" href=\"https:\/\/techmasterdemexico.com\/producto\/medidores-taperlock-gages-acero-y-cromo\/\" \/>\n<meta property=\"og:locale\" content=\"en_US\" \/>\n<meta property=\"og:type\" content=\"article\" \/>\n<meta property=\"og:title\" content=\"Medidores Taperlock Gages-Acero y cromo - Techmaster de Mexico\" \/>\n<meta property=\"og:description\" content=\"Tolerancias positivas, negativas o bilaterales  Clase XX, X, Y o Z.  Placa de acero o cromada disponible  Material Trilock Gage estilo 8620 Caja de acero endurecido 58\/60 Rockwell C  Material Taperlock Gage estilo 06 Acero endurecido 58\/60 Rockwell C\" \/>\n<meta property=\"og:url\" content=\"https:\/\/techmasterdemexico.com\/producto\/medidores-taperlock-gages-acero-y-cromo\/\" \/>\n<meta property=\"og:site_name\" content=\"Techmaster de Mexico\" \/>\n<meta property=\"article:modified_time\" content=\"2022-07-28T18:07:06+00:00\" \/>\n<meta property=\"og:image\" content=\"https:\/\/techmasterdemexico.com\/wp-content\/uploads\/2022\/06\/Medidores-Taperlock-Gages-Acero-y-cromo-01.png\" \/>\n\t<meta property=\"og:image:width\" content=\"1042\" \/>\n\t<meta property=\"og:image:height\" content=\"1042\" \/>\n\t<meta property=\"og:image:type\" content=\"image\/png\" \/>\n<meta name=\"twitter:card\" content=\"summary_large_image\" \/>\n<script type=\"application\/ld+json\" class=\"yoast-schema-graph\">{\"@context\":\"https:\\\/\\\/schema.org\",\"@graph\":[{\"@type\":\"WebPage\",\"@id\":\"https:\\\/\\\/techmasterdemexico.com\\\/producto\\\/medidores-taperlock-gages-acero-y-cromo\\\/\",\"url\":\"https:\\\/\\\/techmasterdemexico.com\\\/producto\\\/medidores-taperlock-gages-acero-y-cromo\\\/\",\"name\":\"Medidores Taperlock Gages-Acero y cromo - Techmaster de Mexico\",\"isPartOf\":{\"@id\":\"https:\\\/\\\/techmasterdemexico.com\\\/#website\"},\"primaryImageOfPage\":{\"@id\":\"https:\\\/\\\/techmasterdemexico.com\\\/producto\\\/medidores-taperlock-gages-acero-y-cromo\\\/#primaryimage\"},\"image\":{\"@id\":\"https:\\\/\\\/techmasterdemexico.com\\\/producto\\\/medidores-taperlock-gages-acero-y-cromo\\\/#primaryimage\"},\"thumbnailUrl\":\"https:\\\/\\\/techmasterdemexico.com\\\/wp-content\\\/uploads\\\/2022\\\/06\\\/Medidores-Taperlock-Gages-Acero-y-cromo-01.png\",\"datePublished\":\"2022-06-07T22:43:07+00:00\",\"dateModified\":\"2022-07-28T18:07:06+00:00\",\"breadcrumb\":{\"@id\":\"https:\\\/\\\/techmasterdemexico.com\\\/producto\\\/medidores-taperlock-gages-acero-y-cromo\\\/#breadcrumb\"},\"inLanguage\":\"en-US\",\"potentialAction\":[{\"@type\":\"ReadAction\",\"target\":[\"https:\\\/\\\/techmasterdemexico.com\\\/producto\\\/medidores-taperlock-gages-acero-y-cromo\\\/\"]}]},{\"@type\":\"ImageObject\",\"inLanguage\":\"en-US\",\"@id\":\"https:\\\/\\\/techmasterdemexico.com\\\/producto\\\/medidores-taperlock-gages-acero-y-cromo\\\/#primaryimage\",\"url\":\"https:\\\/\\\/techmasterdemexico.com\\\/wp-content\\\/uploads\\\/2022\\\/06\\\/Medidores-Taperlock-Gages-Acero-y-cromo-01.png\",\"contentUrl\":\"https:\\\/\\\/techmasterdemexico.com\\\/wp-content\\\/uploads\\\/2022\\\/06\\\/Medidores-Taperlock-Gages-Acero-y-cromo-01.png\",\"width\":1042,\"height\":1042},{\"@type\":\"BreadcrumbList\",\"@id\":\"https:\\\/\\\/techmasterdemexico.com\\\/producto\\\/medidores-taperlock-gages-acero-y-cromo\\\/#breadcrumb\",\"itemListElement\":[{\"@type\":\"ListItem\",\"position\":1,\"name\":\"Portada\",\"item\":\"https:\\\/\\\/techmasterdemexico.com\\\/\"},{\"@type\":\"ListItem\",\"position\":2,\"name\":\"Medidores Taperlock Gages-Acero y cromo\"}]},{\"@type\":\"WebSite\",\"@id\":\"https:\\\/\\\/techmasterdemexico.com\\\/#website\",\"url\":\"https:\\\/\\\/techmasterdemexico.com\\\/\",\"name\":\"Techmaster de Mexico\",\"description\":\"\",\"potentialAction\":[{\"@type\":\"SearchAction\",\"target\":{\"@type\":\"EntryPoint\",\"urlTemplate\":\"https:\\\/\\\/techmasterdemexico.com\\\/?s={search_term_string}\"},\"query-input\":{\"@type\":\"PropertyValueSpecification\",\"valueRequired\":true,\"valueName\":\"search_term_string\"}}],\"inLanguage\":\"en-US\"}]}<\/script>\n<!-- \/ Yoast SEO plugin. -->","yoast_head_json":{"title":"Medidores Taperlock Gages-Acero y cromo - Techmaster de Mexico","robots":{"index":"index","follow":"follow","max-snippet":"max-snippet:-1","max-image-preview":"max-image-preview:large","max-video-preview":"max-video-preview:-1"},"canonical":"https:\/\/techmasterdemexico.com\/producto\/medidores-taperlock-gages-acero-y-cromo\/","og_locale":"en_US","og_type":"article","og_title":"Medidores Taperlock Gages-Acero y cromo - Techmaster de Mexico","og_description":"Tolerancias positivas, negativas o bilaterales  Clase XX, X, Y o Z.  Placa de acero o cromada disponible  Material Trilock Gage estilo 8620 Caja de acero endurecido 58\/60 Rockwell C  Material Taperlock Gage estilo 06 Acero endurecido 58\/60 Rockwell C","og_url":"https:\/\/techmasterdemexico.com\/producto\/medidores-taperlock-gages-acero-y-cromo\/","og_site_name":"Techmaster de Mexico","article_modified_time":"2022-07-28T18:07:06+00:00","og_image":[{"width":1042,"height":1042,"url":"https:\/\/techmasterdemexico.com\/wp-content\/uploads\/2022\/06\/Medidores-Taperlock-Gages-Acero-y-cromo-01.png","type":"image\/png"}],"twitter_card":"summary_large_image","schema":{"@context":"https:\/\/schema.org","@graph":[{"@type":"WebPage","@id":"https:\/\/techmasterdemexico.com\/producto\/medidores-taperlock-gages-acero-y-cromo\/","url":"https:\/\/techmasterdemexico.com\/producto\/medidores-taperlock-gages-acero-y-cromo\/","name":"Medidores Taperlock Gages-Acero y cromo - Techmaster de Mexico","isPartOf":{"@id":"https:\/\/techmasterdemexico.com\/#website"},"primaryImageOfPage":{"@id":"https:\/\/techmasterdemexico.com\/producto\/medidores-taperlock-gages-acero-y-cromo\/#primaryimage"},"image":{"@id":"https:\/\/techmasterdemexico.com\/producto\/medidores-taperlock-gages-acero-y-cromo\/#primaryimage"},"thumbnailUrl":"https:\/\/techmasterdemexico.com\/wp-content\/uploads\/2022\/06\/Medidores-Taperlock-Gages-Acero-y-cromo-01.png","datePublished":"2022-06-07T22:43:07+00:00","dateModified":"2022-07-28T18:07:06+00:00","breadcrumb":{"@id":"https:\/\/techmasterdemexico.com\/producto\/medidores-taperlock-gages-acero-y-cromo\/#breadcrumb"},"inLanguage":"en-US","potentialAction":[{"@type":"ReadAction","target":["https:\/\/techmasterdemexico.com\/producto\/medidores-taperlock-gages-acero-y-cromo\/"]}]},{"@type":"ImageObject","inLanguage":"en-US","@id":"https:\/\/techmasterdemexico.com\/producto\/medidores-taperlock-gages-acero-y-cromo\/#primaryimage","url":"https:\/\/techmasterdemexico.com\/wp-content\/uploads\/2022\/06\/Medidores-Taperlock-Gages-Acero-y-cromo-01.png","contentUrl":"https:\/\/techmasterdemexico.com\/wp-content\/uploads\/2022\/06\/Medidores-Taperlock-Gages-Acero-y-cromo-01.png","width":1042,"height":1042},{"@type":"BreadcrumbList","@id":"https:\/\/techmasterdemexico.com\/producto\/medidores-taperlock-gages-acero-y-cromo\/#breadcrumb","itemListElement":[{"@type":"ListItem","position":1,"name":"Portada","item":"https:\/\/techmasterdemexico.com\/"},{"@type":"ListItem","position":2,"name":"Medidores Taperlock Gages-Acero y cromo"}]},{"@type":"WebSite","@id":"https:\/\/techmasterdemexico.com\/#website","url":"https:\/\/techmasterdemexico.com\/","name":"Techmaster de Mexico","description":"","potentialAction":[{"@type":"SearchAction","target":{"@type":"EntryPoint","urlTemplate":"https:\/\/techmasterdemexico.com\/?s={search_term_string}"},"query-input":{"@type":"PropertyValueSpecification","valueRequired":true,"valueName":"search_term_string"}}],"inLanguage":"en-US"}]}},"brands":[{"id":515,"name":"Meyer Gages","slug":"meyer-gages"}],"_links":{"self":[{"href":"https:\/\/techmasterdemexico.com\/en\/wp-json\/wp\/v2\/product\/19501","targetHints":{"allow":["GET"]}}],"collection":[{"href":"https:\/\/techmasterdemexico.com\/en\/wp-json\/wp\/v2\/product"}],"about":[{"href":"https:\/\/techmasterdemexico.com\/en\/wp-json\/wp\/v2\/types\/product"}],"wp:featuredmedia":[{"embeddable":true,"href":"https:\/\/techmasterdemexico.com\/en\/wp-json\/wp\/v2\/media\/19584"}],"wp:attachment":[{"href":"https:\/\/techmasterdemexico.com\/en\/wp-json\/wp\/v2\/media?parent=19501"}],"wp:term":[{"taxonomy":"pwb-brand","embeddable":true,"href":"https:\/\/techmasterdemexico.com\/en\/wp-json\/wp\/v2\/pwb-brand?post=19501"},{"taxonomy":"product_brand","embeddable":true,"href":"https:\/\/techmasterdemexico.com\/en\/wp-json\/wp\/v2\/product_brand?post=19501"},{"taxonomy":"product_cat","embeddable":true,"href":"https:\/\/techmasterdemexico.com\/en\/wp-json\/wp\/v2\/product_cat?post=19501"},{"taxonomy":"product_tag","embeddable":true,"href":"https:\/\/techmasterdemexico.com\/en\/wp-json\/wp\/v2\/product_tag?post=19501"}],"curies":[{"name":"wp","href":"https:\/\/api.w.org\/{rel}","templated":true}]}}