{"id":19499,"date":"2022-06-07T22:43:06","date_gmt":"2022-06-07T22:43:06","guid":{"rendered":"https:\/\/techmasterdemexico.com\/producto\/poly-inserts\/"},"modified":"2022-07-28T18:12:56","modified_gmt":"2022-07-28T18:12:56","slug":"poly-inserts","status":"publish","type":"product","link":"https:\/\/techmasterdemexico.com\/en\/producto\/poly-inserts\/","title":{"rendered":"Poly Inserts"},"content":{"rendered":"<p>Meyer Gage ha desarrollado y probado los siguientes accesorios para mejorar y prolongar la vida \u00fatil de nuestros medidores.<br \/>\nOfrecemos estuches e insertos de reemplazo junto con nuestros gabinetes de almacenamiento de metal resistente. Nuestro gabinete de almacenamiento es una forma ideal de actualizar y mejorar sus juegos de medidores individuales en caja. Al combinar sus juegos existentes, ahorrar\u00e1 un valioso espacio en el banco y tendr\u00e1 sus medidores bajo llave.<\/p>\n<p>&nbsp;<\/p>\n<p>Otro paso importante pero que com\u00fanmente se pasa por alto es proteger los medidores del calor y la humedad. Despu\u00e9s de su uso, cada medidor debe limpiarse de huellas dactilares y contaminantes, y luego engrasarse con un inhibidor de \u00f3xido. Recomendamos el lubricante Tri Flow para el mantenimiento de los man\u00f3metros.<\/p>\n","protected":false},"excerpt":{"rendered":"<ul>\n<li>Inserto de poli\u00e9ster para el juego M-0<\/li>\n<li>Inserto de poli\u00e9ster para el juego M-1 a M-8<\/li>\n<li>Cada tama\u00f1o de orificio est\u00e1 marcado en el inserto.<\/li>\n<\/ul>\n","protected":false},"featured_media":19561,"template":"","meta":{"_acf_changed":false},"pwb-brand":[515],"product_brand":[],"product_cat":[497,496,500,470],"product_tag":[],"class_list":{"0":"post-19499","1":"product","2":"type-product","3":"status-publish","4":"has-post-thumbnail","6":"pwb-brand-meyer-gages","7":"product_cat-accessories-gage-handles-bushings","8":"product_cat-accessorios","9":"product_cat-gage-store","10":"product_cat-meyer-gages","12":"first","13":"instock","14":"taxable","15":"shipping-taxable","16":"product-type-simple"},"acf":[],"yoast_head":"<!-- This site is optimized with the Yoast SEO plugin v27.4 - https:\/\/yoast.com\/product\/yoast-seo-wordpress\/ -->\n<title>Poly Inserts - Techmaster de Mexico<\/title>\n<meta name=\"robots\" content=\"index, follow, max-snippet:-1, max-image-preview:large, max-video-preview:-1\" \/>\n<link rel=\"canonical\" href=\"https:\/\/techmasterdemexico.com\/producto\/poly-inserts\/\" \/>\n<meta property=\"og:locale\" content=\"en_US\" \/>\n<meta property=\"og:type\" content=\"article\" \/>\n<meta property=\"og:title\" content=\"Poly Inserts - Techmaster de Mexico\" \/>\n<meta property=\"og:description\" content=\"Inserto de poli\u00e9ster para el juego M-0  Inserto de poli\u00e9ster para el juego M-1 a M-8  Cada tama\u00f1o de orificio est\u00e1 marcado en el inserto.\" \/>\n<meta property=\"og:url\" content=\"https:\/\/techmasterdemexico.com\/producto\/poly-inserts\/\" \/>\n<meta property=\"og:site_name\" content=\"Techmaster de Mexico\" \/>\n<meta property=\"article:modified_time\" content=\"2022-07-28T18:12:56+00:00\" \/>\n<meta property=\"og:image\" content=\"https:\/\/techmasterdemexico.com\/wp-content\/uploads\/2022\/06\/Poly-Inserts-01.png\" \/>\n\t<meta property=\"og:image:width\" content=\"1042\" \/>\n\t<meta property=\"og:image:height\" content=\"1042\" \/>\n\t<meta property=\"og:image:type\" content=\"image\/png\" \/>\n<meta name=\"twitter:card\" content=\"summary_large_image\" \/>\n<meta name=\"twitter:label1\" content=\"Est. reading time\" \/>\n\t<meta name=\"twitter:data1\" content=\"1 minute\" \/>\n<script type=\"application\/ld+json\" class=\"yoast-schema-graph\">{\"@context\":\"https:\\\/\\\/schema.org\",\"@graph\":[{\"@type\":\"WebPage\",\"@id\":\"https:\\\/\\\/techmasterdemexico.com\\\/producto\\\/poly-inserts\\\/\",\"url\":\"https:\\\/\\\/techmasterdemexico.com\\\/producto\\\/poly-inserts\\\/\",\"name\":\"Poly Inserts - Techmaster de Mexico\",\"isPartOf\":{\"@id\":\"https:\\\/\\\/techmasterdemexico.com\\\/#website\"},\"primaryImageOfPage\":{\"@id\":\"https:\\\/\\\/techmasterdemexico.com\\\/producto\\\/poly-inserts\\\/#primaryimage\"},\"image\":{\"@id\":\"https:\\\/\\\/techmasterdemexico.com\\\/producto\\\/poly-inserts\\\/#primaryimage\"},\"thumbnailUrl\":\"https:\\\/\\\/techmasterdemexico.com\\\/wp-content\\\/uploads\\\/2022\\\/06\\\/Poly-Inserts-01.png\",\"datePublished\":\"2022-06-07T22:43:06+00:00\",\"dateModified\":\"2022-07-28T18:12:56+00:00\",\"breadcrumb\":{\"@id\":\"https:\\\/\\\/techmasterdemexico.com\\\/producto\\\/poly-inserts\\\/#breadcrumb\"},\"inLanguage\":\"en-US\",\"potentialAction\":[{\"@type\":\"ReadAction\",\"target\":[\"https:\\\/\\\/techmasterdemexico.com\\\/producto\\\/poly-inserts\\\/\"]}]},{\"@type\":\"ImageObject\",\"inLanguage\":\"en-US\",\"@id\":\"https:\\\/\\\/techmasterdemexico.com\\\/producto\\\/poly-inserts\\\/#primaryimage\",\"url\":\"https:\\\/\\\/techmasterdemexico.com\\\/wp-content\\\/uploads\\\/2022\\\/06\\\/Poly-Inserts-01.png\",\"contentUrl\":\"https:\\\/\\\/techmasterdemexico.com\\\/wp-content\\\/uploads\\\/2022\\\/06\\\/Poly-Inserts-01.png\",\"width\":1042,\"height\":1042},{\"@type\":\"BreadcrumbList\",\"@id\":\"https:\\\/\\\/techmasterdemexico.com\\\/producto\\\/poly-inserts\\\/#breadcrumb\",\"itemListElement\":[{\"@type\":\"ListItem\",\"position\":1,\"name\":\"Portada\",\"item\":\"https:\\\/\\\/techmasterdemexico.com\\\/\"},{\"@type\":\"ListItem\",\"position\":2,\"name\":\"Poly Inserts\"}]},{\"@type\":\"WebSite\",\"@id\":\"https:\\\/\\\/techmasterdemexico.com\\\/#website\",\"url\":\"https:\\\/\\\/techmasterdemexico.com\\\/\",\"name\":\"Techmaster de Mexico\",\"description\":\"\",\"potentialAction\":[{\"@type\":\"SearchAction\",\"target\":{\"@type\":\"EntryPoint\",\"urlTemplate\":\"https:\\\/\\\/techmasterdemexico.com\\\/?s={search_term_string}\"},\"query-input\":{\"@type\":\"PropertyValueSpecification\",\"valueRequired\":true,\"valueName\":\"search_term_string\"}}],\"inLanguage\":\"en-US\"}]}<\/script>\n<!-- \/ Yoast SEO plugin. -->","yoast_head_json":{"title":"Poly Inserts - Techmaster de Mexico","robots":{"index":"index","follow":"follow","max-snippet":"max-snippet:-1","max-image-preview":"max-image-preview:large","max-video-preview":"max-video-preview:-1"},"canonical":"https:\/\/techmasterdemexico.com\/producto\/poly-inserts\/","og_locale":"en_US","og_type":"article","og_title":"Poly Inserts - Techmaster de Mexico","og_description":"Inserto de poli\u00e9ster para el juego M-0  Inserto de poli\u00e9ster para el juego M-1 a M-8  Cada tama\u00f1o de orificio est\u00e1 marcado en el inserto.","og_url":"https:\/\/techmasterdemexico.com\/producto\/poly-inserts\/","og_site_name":"Techmaster de Mexico","article_modified_time":"2022-07-28T18:12:56+00:00","og_image":[{"width":1042,"height":1042,"url":"https:\/\/techmasterdemexico.com\/wp-content\/uploads\/2022\/06\/Poly-Inserts-01.png","type":"image\/png"}],"twitter_card":"summary_large_image","twitter_misc":{"Est. reading time":"1 minute"},"schema":{"@context":"https:\/\/schema.org","@graph":[{"@type":"WebPage","@id":"https:\/\/techmasterdemexico.com\/producto\/poly-inserts\/","url":"https:\/\/techmasterdemexico.com\/producto\/poly-inserts\/","name":"Poly Inserts - Techmaster de Mexico","isPartOf":{"@id":"https:\/\/techmasterdemexico.com\/#website"},"primaryImageOfPage":{"@id":"https:\/\/techmasterdemexico.com\/producto\/poly-inserts\/#primaryimage"},"image":{"@id":"https:\/\/techmasterdemexico.com\/producto\/poly-inserts\/#primaryimage"},"thumbnailUrl":"https:\/\/techmasterdemexico.com\/wp-content\/uploads\/2022\/06\/Poly-Inserts-01.png","datePublished":"2022-06-07T22:43:06+00:00","dateModified":"2022-07-28T18:12:56+00:00","breadcrumb":{"@id":"https:\/\/techmasterdemexico.com\/producto\/poly-inserts\/#breadcrumb"},"inLanguage":"en-US","potentialAction":[{"@type":"ReadAction","target":["https:\/\/techmasterdemexico.com\/producto\/poly-inserts\/"]}]},{"@type":"ImageObject","inLanguage":"en-US","@id":"https:\/\/techmasterdemexico.com\/producto\/poly-inserts\/#primaryimage","url":"https:\/\/techmasterdemexico.com\/wp-content\/uploads\/2022\/06\/Poly-Inserts-01.png","contentUrl":"https:\/\/techmasterdemexico.com\/wp-content\/uploads\/2022\/06\/Poly-Inserts-01.png","width":1042,"height":1042},{"@type":"BreadcrumbList","@id":"https:\/\/techmasterdemexico.com\/producto\/poly-inserts\/#breadcrumb","itemListElement":[{"@type":"ListItem","position":1,"name":"Portada","item":"https:\/\/techmasterdemexico.com\/"},{"@type":"ListItem","position":2,"name":"Poly Inserts"}]},{"@type":"WebSite","@id":"https:\/\/techmasterdemexico.com\/#website","url":"https:\/\/techmasterdemexico.com\/","name":"Techmaster de Mexico","description":"","potentialAction":[{"@type":"SearchAction","target":{"@type":"EntryPoint","urlTemplate":"https:\/\/techmasterdemexico.com\/?s={search_term_string}"},"query-input":{"@type":"PropertyValueSpecification","valueRequired":true,"valueName":"search_term_string"}}],"inLanguage":"en-US"}]}},"brands":[{"id":515,"name":"Meyer Gages","slug":"meyer-gages"}],"_links":{"self":[{"href":"https:\/\/techmasterdemexico.com\/en\/wp-json\/wp\/v2\/product\/19499","targetHints":{"allow":["GET"]}}],"collection":[{"href":"https:\/\/techmasterdemexico.com\/en\/wp-json\/wp\/v2\/product"}],"about":[{"href":"https:\/\/techmasterdemexico.com\/en\/wp-json\/wp\/v2\/types\/product"}],"wp:featuredmedia":[{"embeddable":true,"href":"https:\/\/techmasterdemexico.com\/en\/wp-json\/wp\/v2\/media\/19561"}],"wp:attachment":[{"href":"https:\/\/techmasterdemexico.com\/en\/wp-json\/wp\/v2\/media?parent=19499"}],"wp:term":[{"taxonomy":"pwb-brand","embeddable":true,"href":"https:\/\/techmasterdemexico.com\/en\/wp-json\/wp\/v2\/pwb-brand?post=19499"},{"taxonomy":"product_brand","embeddable":true,"href":"https:\/\/techmasterdemexico.com\/en\/wp-json\/wp\/v2\/product_brand?post=19499"},{"taxonomy":"product_cat","embeddable":true,"href":"https:\/\/techmasterdemexico.com\/en\/wp-json\/wp\/v2\/product_cat?post=19499"},{"taxonomy":"product_tag","embeddable":true,"href":"https:\/\/techmasterdemexico.com\/en\/wp-json\/wp\/v2\/product_tag?post=19499"}],"curies":[{"name":"wp","href":"https:\/\/api.w.org\/{rel}","templated":true}]}}