{"id":19484,"date":"2022-06-07T22:42:57","date_gmt":"2022-06-07T22:42:57","guid":{"rendered":"https:\/\/techmasterdemexico.com\/producto\/class-xmg-25-series\/"},"modified":"2022-07-28T17:41:28","modified_gmt":"2022-07-28T17:41:28","slug":"class-xmg-25-series","status":"publish","type":"product","link":"https:\/\/techmasterdemexico.com\/en\/producto\/class-xmg-25-series\/","title":{"rendered":"Class XMG-25 Series"},"content":{"rendered":"<p>Se utilizan como maestros para calibrar equipos de medici\u00f3n y verificar la linealidad de comparadores, micr\u00f3metros y calibradores. Estos conjuntos de calibres pin de &#8220;d\u00e9cimo paso&#8221; tienen aplicaciones ilimitadas, como inspecci\u00f3n de control de calidad, trabajo de prototipo y dise\u00f1o de producci\u00f3n. Estos maestros redondos simulan una pieza cil\u00edndrica que, a diferencia de los bloques planos, puede detectar el desgaste desigual en las puntas de micr\u00f3metros y calibradores.<\/p>\n","protected":false},"excerpt":{"rendered":"<ul>\n<li>Cada juego contiene 25 piezas de clavijas de medidor con tolerancia clase X (.00004&#8243;). Trazable seg\u00fan el NIST<\/li>\n<li>Elecci\u00f3n de dos tolerancias: M\u00e1s (+.00004&#8243;) o Menos (-.00004&#8243;)<\/li>\n<li>Los juegos constan de un tama\u00f1o nominal central y 12 medidores m\u00e1s grandes en pasos de 0,0001&#8243; y 12 medidores m\u00e1s peque\u00f1os en pasos de 0,0001&#8243;.<\/li>\n<li>Juegos m\u00e9tricos disponibles en incrementos de 0,01 mm.<\/li>\n<li>Cada medidor es inspeccionado y tiene un microacabado de 2 o mejor.<\/li>\n<li>Tratados t\u00e9rmicamente y endurecidos hasta 60-62 Rockwell C<\/li>\n<li>Todos los medidores de clavijas de m\u00e1s de 0,060&#8243; o 1,51 mm est\u00e1n marcados con l\u00e1ser con la direcci\u00f3n del tama\u00f1o de la tolerancia y el n\u00famero de serie para su trazabilidad.<\/li>\n<\/ul>\n","protected":false},"featured_media":19574,"template":"","meta":{"_acf_changed":false},"pwb-brand":[515],"product_brand":[],"product_cat":[477,479,471,470],"product_tag":[],"class_list":{"0":"post-19484","1":"product","2":"type-product","3":"status-publish","4":"has-post-thumbnail","6":"pwb-brand-meyer-gages","7":"product_cat-class-x-gage-pins","8":"product_cat-class-xmg-25-series-gage-pins-sets","9":"product_cat-gages-pins","10":"product_cat-meyer-gages","12":"first","13":"instock","14":"taxable","15":"shipping-taxable","16":"product-type-simple"},"acf":[],"yoast_head":"<!-- This site is optimized with the Yoast SEO plugin v27.4 - https:\/\/yoast.com\/product\/yoast-seo-wordpress\/ -->\n<title>Class XMG-25 Series - Techmaster de Mexico<\/title>\n<meta name=\"robots\" content=\"index, follow, max-snippet:-1, max-image-preview:large, max-video-preview:-1\" \/>\n<link rel=\"canonical\" href=\"https:\/\/techmasterdemexico.com\/en\/producto\/class-xmg-25-series\/\" \/>\n<meta property=\"og:locale\" content=\"en_US\" \/>\n<meta property=\"og:type\" content=\"article\" \/>\n<meta property=\"og:title\" content=\"Class XMG-25 Series - Techmaster de Mexico\" \/>\n<meta property=\"og:description\" content=\"Cada juego contiene 25 piezas de clavijas de medidor con tolerancia clase X (.00004&quot;). Trazable seg\u00fan el NIST  Elecci\u00f3n de dos tolerancias: M\u00e1s (+.00004&quot;) o Menos (-.00004&quot;)  Los juegos constan de un tama\u00f1o nominal central y 12 medidores m\u00e1s grandes en pasos de 0,0001&quot; y 12 medidores m\u00e1s peque\u00f1os en pasos de 0,0001&quot;.  Juegos m\u00e9tricos disponibles en incrementos de 0,01 mm.  Cada medidor es inspeccionado y tiene un microacabado de 2 o mejor.  Tratados t\u00e9rmicamente y endurecidos hasta 60-62 Rockwell C  Todos los medidores de clavijas de m\u00e1s de 0,060&quot; o 1,51 mm est\u00e1n marcados con l\u00e1ser con la direcci\u00f3n del tama\u00f1o de la tolerancia y el n\u00famero de serie para su trazabilidad.\" \/>\n<meta property=\"og:url\" content=\"https:\/\/techmasterdemexico.com\/en\/producto\/class-xmg-25-series\/\" \/>\n<meta property=\"og:site_name\" content=\"Techmaster de Mexico\" \/>\n<meta property=\"article:modified_time\" content=\"2022-07-28T17:41:28+00:00\" \/>\n<meta property=\"og:image\" content=\"https:\/\/techmasterdemexico.com\/wp-content\/uploads\/2022\/06\/Class-XMG-25-Series-01.png\" \/>\n\t<meta property=\"og:image:width\" content=\"1042\" \/>\n\t<meta property=\"og:image:height\" content=\"1042\" \/>\n\t<meta property=\"og:image:type\" content=\"image\/png\" \/>\n<meta name=\"twitter:card\" content=\"summary_large_image\" \/>\n<script type=\"application\/ld+json\" class=\"yoast-schema-graph\">{\"@context\":\"https:\\\/\\\/schema.org\",\"@graph\":[{\"@type\":\"WebPage\",\"@id\":\"https:\\\/\\\/techmasterdemexico.com\\\/en\\\/producto\\\/class-xmg-25-series\\\/\",\"url\":\"https:\\\/\\\/techmasterdemexico.com\\\/en\\\/producto\\\/class-xmg-25-series\\\/\",\"name\":\"Class XMG-25 Series - Techmaster de Mexico\",\"isPartOf\":{\"@id\":\"https:\\\/\\\/techmasterdemexico.com\\\/#website\"},\"primaryImageOfPage\":{\"@id\":\"https:\\\/\\\/techmasterdemexico.com\\\/en\\\/producto\\\/class-xmg-25-series\\\/#primaryimage\"},\"image\":{\"@id\":\"https:\\\/\\\/techmasterdemexico.com\\\/en\\\/producto\\\/class-xmg-25-series\\\/#primaryimage\"},\"thumbnailUrl\":\"https:\\\/\\\/techmasterdemexico.com\\\/wp-content\\\/uploads\\\/2022\\\/06\\\/Class-XMG-25-Series-01.png\",\"datePublished\":\"2022-06-07T22:42:57+00:00\",\"dateModified\":\"2022-07-28T17:41:28+00:00\",\"breadcrumb\":{\"@id\":\"https:\\\/\\\/techmasterdemexico.com\\\/en\\\/producto\\\/class-xmg-25-series\\\/#breadcrumb\"},\"inLanguage\":\"en-US\",\"potentialAction\":[{\"@type\":\"ReadAction\",\"target\":[\"https:\\\/\\\/techmasterdemexico.com\\\/en\\\/producto\\\/class-xmg-25-series\\\/\"]}]},{\"@type\":\"ImageObject\",\"inLanguage\":\"en-US\",\"@id\":\"https:\\\/\\\/techmasterdemexico.com\\\/en\\\/producto\\\/class-xmg-25-series\\\/#primaryimage\",\"url\":\"https:\\\/\\\/techmasterdemexico.com\\\/wp-content\\\/uploads\\\/2022\\\/06\\\/Class-XMG-25-Series-01.png\",\"contentUrl\":\"https:\\\/\\\/techmasterdemexico.com\\\/wp-content\\\/uploads\\\/2022\\\/06\\\/Class-XMG-25-Series-01.png\",\"width\":1042,\"height\":1042},{\"@type\":\"BreadcrumbList\",\"@id\":\"https:\\\/\\\/techmasterdemexico.com\\\/en\\\/producto\\\/class-xmg-25-series\\\/#breadcrumb\",\"itemListElement\":[{\"@type\":\"ListItem\",\"position\":1,\"name\":\"Portada\",\"item\":\"https:\\\/\\\/techmasterdemexico.com\\\/\"},{\"@type\":\"ListItem\",\"position\":2,\"name\":\"Class XMG-25 Series\"}]},{\"@type\":\"WebSite\",\"@id\":\"https:\\\/\\\/techmasterdemexico.com\\\/#website\",\"url\":\"https:\\\/\\\/techmasterdemexico.com\\\/\",\"name\":\"Techmaster de Mexico\",\"description\":\"\",\"potentialAction\":[{\"@type\":\"SearchAction\",\"target\":{\"@type\":\"EntryPoint\",\"urlTemplate\":\"https:\\\/\\\/techmasterdemexico.com\\\/?s={search_term_string}\"},\"query-input\":{\"@type\":\"PropertyValueSpecification\",\"valueRequired\":true,\"valueName\":\"search_term_string\"}}],\"inLanguage\":\"en-US\"}]}<\/script>\n<!-- \/ Yoast SEO plugin. -->","yoast_head_json":{"title":"Class XMG-25 Series - Techmaster de Mexico","robots":{"index":"index","follow":"follow","max-snippet":"max-snippet:-1","max-image-preview":"max-image-preview:large","max-video-preview":"max-video-preview:-1"},"canonical":"https:\/\/techmasterdemexico.com\/en\/producto\/class-xmg-25-series\/","og_locale":"en_US","og_type":"article","og_title":"Class XMG-25 Series - Techmaster de Mexico","og_description":"Cada juego contiene 25 piezas de clavijas de medidor con tolerancia clase X (.00004\"). Trazable seg\u00fan el NIST  Elecci\u00f3n de dos tolerancias: M\u00e1s (+.00004\") o Menos (-.00004\")  Los juegos constan de un tama\u00f1o nominal central y 12 medidores m\u00e1s grandes en pasos de 0,0001\" y 12 medidores m\u00e1s peque\u00f1os en pasos de 0,0001\".  Juegos m\u00e9tricos disponibles en incrementos de 0,01 mm.  Cada medidor es inspeccionado y tiene un microacabado de 2 o mejor.  Tratados t\u00e9rmicamente y endurecidos hasta 60-62 Rockwell C  Todos los medidores de clavijas de m\u00e1s de 0,060\" o 1,51 mm est\u00e1n marcados con l\u00e1ser con la direcci\u00f3n del tama\u00f1o de la tolerancia y el n\u00famero de serie para su trazabilidad.","og_url":"https:\/\/techmasterdemexico.com\/en\/producto\/class-xmg-25-series\/","og_site_name":"Techmaster de Mexico","article_modified_time":"2022-07-28T17:41:28+00:00","og_image":[{"width":1042,"height":1042,"url":"https:\/\/techmasterdemexico.com\/wp-content\/uploads\/2022\/06\/Class-XMG-25-Series-01.png","type":"image\/png"}],"twitter_card":"summary_large_image","schema":{"@context":"https:\/\/schema.org","@graph":[{"@type":"WebPage","@id":"https:\/\/techmasterdemexico.com\/en\/producto\/class-xmg-25-series\/","url":"https:\/\/techmasterdemexico.com\/en\/producto\/class-xmg-25-series\/","name":"Class XMG-25 Series - Techmaster de Mexico","isPartOf":{"@id":"https:\/\/techmasterdemexico.com\/#website"},"primaryImageOfPage":{"@id":"https:\/\/techmasterdemexico.com\/en\/producto\/class-xmg-25-series\/#primaryimage"},"image":{"@id":"https:\/\/techmasterdemexico.com\/en\/producto\/class-xmg-25-series\/#primaryimage"},"thumbnailUrl":"https:\/\/techmasterdemexico.com\/wp-content\/uploads\/2022\/06\/Class-XMG-25-Series-01.png","datePublished":"2022-06-07T22:42:57+00:00","dateModified":"2022-07-28T17:41:28+00:00","breadcrumb":{"@id":"https:\/\/techmasterdemexico.com\/en\/producto\/class-xmg-25-series\/#breadcrumb"},"inLanguage":"en-US","potentialAction":[{"@type":"ReadAction","target":["https:\/\/techmasterdemexico.com\/en\/producto\/class-xmg-25-series\/"]}]},{"@type":"ImageObject","inLanguage":"en-US","@id":"https:\/\/techmasterdemexico.com\/en\/producto\/class-xmg-25-series\/#primaryimage","url":"https:\/\/techmasterdemexico.com\/wp-content\/uploads\/2022\/06\/Class-XMG-25-Series-01.png","contentUrl":"https:\/\/techmasterdemexico.com\/wp-content\/uploads\/2022\/06\/Class-XMG-25-Series-01.png","width":1042,"height":1042},{"@type":"BreadcrumbList","@id":"https:\/\/techmasterdemexico.com\/en\/producto\/class-xmg-25-series\/#breadcrumb","itemListElement":[{"@type":"ListItem","position":1,"name":"Portada","item":"https:\/\/techmasterdemexico.com\/"},{"@type":"ListItem","position":2,"name":"Class XMG-25 Series"}]},{"@type":"WebSite","@id":"https:\/\/techmasterdemexico.com\/#website","url":"https:\/\/techmasterdemexico.com\/","name":"Techmaster de Mexico","description":"","potentialAction":[{"@type":"SearchAction","target":{"@type":"EntryPoint","urlTemplate":"https:\/\/techmasterdemexico.com\/?s={search_term_string}"},"query-input":{"@type":"PropertyValueSpecification","valueRequired":true,"valueName":"search_term_string"}}],"inLanguage":"en-US"}]}},"brands":[{"id":515,"name":"Meyer Gages","slug":"meyer-gages"}],"_links":{"self":[{"href":"https:\/\/techmasterdemexico.com\/en\/wp-json\/wp\/v2\/product\/19484","targetHints":{"allow":["GET"]}}],"collection":[{"href":"https:\/\/techmasterdemexico.com\/en\/wp-json\/wp\/v2\/product"}],"about":[{"href":"https:\/\/techmasterdemexico.com\/en\/wp-json\/wp\/v2\/types\/product"}],"wp:featuredmedia":[{"embeddable":true,"href":"https:\/\/techmasterdemexico.com\/en\/wp-json\/wp\/v2\/media\/19574"}],"wp:attachment":[{"href":"https:\/\/techmasterdemexico.com\/en\/wp-json\/wp\/v2\/media?parent=19484"}],"wp:term":[{"taxonomy":"pwb-brand","embeddable":true,"href":"https:\/\/techmasterdemexico.com\/en\/wp-json\/wp\/v2\/pwb-brand?post=19484"},{"taxonomy":"product_brand","embeddable":true,"href":"https:\/\/techmasterdemexico.com\/en\/wp-json\/wp\/v2\/product_brand?post=19484"},{"taxonomy":"product_cat","embeddable":true,"href":"https:\/\/techmasterdemexico.com\/en\/wp-json\/wp\/v2\/product_cat?post=19484"},{"taxonomy":"product_tag","embeddable":true,"href":"https:\/\/techmasterdemexico.com\/en\/wp-json\/wp\/v2\/product_tag?post=19484"}],"curies":[{"name":"wp","href":"https:\/\/api.w.org\/{rel}","templated":true}]}}