{"id":19482,"date":"2022-06-07T22:42:57","date_gmt":"2022-06-07T22:42:57","guid":{"rendered":"https:\/\/techmasterdemexico.com\/producto\/metric-class-z-gage-pins-sets\/"},"modified":"2022-07-28T18:09:29","modified_gmt":"2022-07-28T18:09:29","slug":"metric-class-z-gage-pins-sets","status":"publish","type":"product","link":"https:\/\/techmasterdemexico.com\/en\/producto\/metric-class-z-gage-pins-sets\/","title":{"rendered":"Metric Class Z Gage Pins Sets"},"content":{"rendered":"<p>Solo mire esta selecci\u00f3n de conjuntos y bibliotecas de calibres de pasador de clase m\u00e9trica Z. Estos conjuntos tienen todas las caracter\u00edsticas de nuestros conjuntos ingleses, pero brindan los incrementos de tama\u00f1o m\u00e1s finos que simplemente no puede obtener al convertir ingleses a m\u00e9tricos. Nuestros medidores tienen m\u00e1s funciones que los medidores que cuestan el doble.<\/p>\n","protected":false},"excerpt":{"rendered":"<ul>\n<li>Todos los calibres y conjuntos son trazables a NIST<\/li>\n<li>Cajas y calibres ambos marcados<\/li>\n<li>Tama\u00f1o y n\u00famero de serie grabados con l\u00e1ser en cada pieza (MO no grabado)<\/li>\n<li>Material: acero para rodamientos 52100<\/li>\n<li>Sin bordes afilados<\/li>\n<li>51 mm de longitud total<\/li>\n<li>Todos los conjuntos en incrementos de 0,02 mm<\/li>\n<\/ul>\n","protected":false},"featured_media":19563,"template":"","meta":{"_acf_changed":false},"pwb-brand":[515],"product_brand":[],"product_cat":[474,471,476,470],"product_tag":[],"class_list":{"0":"post-19482","1":"product","2":"type-product","3":"status-publish","4":"has-post-thumbnail","6":"pwb-brand-meyer-gages","7":"product_cat-class-z-gage-pins","8":"product_cat-gages-pins","9":"product_cat-metric-class-z-pins-gage-sets-libraries","10":"product_cat-meyer-gages","12":"first","13":"instock","14":"taxable","15":"shipping-taxable","16":"product-type-simple"},"acf":[],"yoast_head":"<!-- This site is optimized with the Yoast SEO plugin v27.4 - https:\/\/yoast.com\/product\/yoast-seo-wordpress\/ -->\n<title>Metric Class Z Gage Pins Sets - Techmaster de Mexico<\/title>\n<meta name=\"robots\" content=\"index, follow, max-snippet:-1, max-image-preview:large, max-video-preview:-1\" \/>\n<link rel=\"canonical\" href=\"https:\/\/techmasterdemexico.com\/en\/producto\/metric-class-z-gage-pins-sets\/\" \/>\n<meta property=\"og:locale\" content=\"en_US\" \/>\n<meta property=\"og:type\" content=\"article\" \/>\n<meta property=\"og:title\" content=\"Metric Class Z Gage Pins Sets - Techmaster de Mexico\" \/>\n<meta property=\"og:description\" content=\"Todos los calibres y conjuntos son trazables a NIST  Cajas y calibres ambos marcados  Tama\u00f1o y n\u00famero de serie grabados con l\u00e1ser en cada pieza (MO no grabado)  Material: acero para rodamientos 52100  Sin bordes afilados  51 mm de longitud total  Todos los conjuntos en incrementos de 0,02 mm\" \/>\n<meta property=\"og:url\" content=\"https:\/\/techmasterdemexico.com\/en\/producto\/metric-class-z-gage-pins-sets\/\" \/>\n<meta property=\"og:site_name\" content=\"Techmaster de Mexico\" \/>\n<meta property=\"article:modified_time\" content=\"2022-07-28T18:09:29+00:00\" \/>\n<meta property=\"og:image\" content=\"https:\/\/techmasterdemexico.com\/wp-content\/uploads\/2022\/06\/Metric-Class-Z-Gage-Pins-Sets-01.png\" \/>\n\t<meta property=\"og:image:width\" content=\"1042\" \/>\n\t<meta property=\"og:image:height\" content=\"1042\" \/>\n\t<meta property=\"og:image:type\" content=\"image\/png\" \/>\n<meta name=\"twitter:card\" content=\"summary_large_image\" \/>\n<script type=\"application\/ld+json\" class=\"yoast-schema-graph\">{\"@context\":\"https:\\\/\\\/schema.org\",\"@graph\":[{\"@type\":\"WebPage\",\"@id\":\"https:\\\/\\\/techmasterdemexico.com\\\/en\\\/producto\\\/metric-class-z-gage-pins-sets\\\/\",\"url\":\"https:\\\/\\\/techmasterdemexico.com\\\/en\\\/producto\\\/metric-class-z-gage-pins-sets\\\/\",\"name\":\"Metric Class Z Gage Pins Sets - Techmaster de Mexico\",\"isPartOf\":{\"@id\":\"https:\\\/\\\/techmasterdemexico.com\\\/#website\"},\"primaryImageOfPage\":{\"@id\":\"https:\\\/\\\/techmasterdemexico.com\\\/en\\\/producto\\\/metric-class-z-gage-pins-sets\\\/#primaryimage\"},\"image\":{\"@id\":\"https:\\\/\\\/techmasterdemexico.com\\\/en\\\/producto\\\/metric-class-z-gage-pins-sets\\\/#primaryimage\"},\"thumbnailUrl\":\"https:\\\/\\\/techmasterdemexico.com\\\/wp-content\\\/uploads\\\/2022\\\/06\\\/Metric-Class-Z-Gage-Pins-Sets-01.png\",\"datePublished\":\"2022-06-07T22:42:57+00:00\",\"dateModified\":\"2022-07-28T18:09:29+00:00\",\"breadcrumb\":{\"@id\":\"https:\\\/\\\/techmasterdemexico.com\\\/en\\\/producto\\\/metric-class-z-gage-pins-sets\\\/#breadcrumb\"},\"inLanguage\":\"en-US\",\"potentialAction\":[{\"@type\":\"ReadAction\",\"target\":[\"https:\\\/\\\/techmasterdemexico.com\\\/en\\\/producto\\\/metric-class-z-gage-pins-sets\\\/\"]}]},{\"@type\":\"ImageObject\",\"inLanguage\":\"en-US\",\"@id\":\"https:\\\/\\\/techmasterdemexico.com\\\/en\\\/producto\\\/metric-class-z-gage-pins-sets\\\/#primaryimage\",\"url\":\"https:\\\/\\\/techmasterdemexico.com\\\/wp-content\\\/uploads\\\/2022\\\/06\\\/Metric-Class-Z-Gage-Pins-Sets-01.png\",\"contentUrl\":\"https:\\\/\\\/techmasterdemexico.com\\\/wp-content\\\/uploads\\\/2022\\\/06\\\/Metric-Class-Z-Gage-Pins-Sets-01.png\",\"width\":1042,\"height\":1042},{\"@type\":\"BreadcrumbList\",\"@id\":\"https:\\\/\\\/techmasterdemexico.com\\\/en\\\/producto\\\/metric-class-z-gage-pins-sets\\\/#breadcrumb\",\"itemListElement\":[{\"@type\":\"ListItem\",\"position\":1,\"name\":\"Portada\",\"item\":\"https:\\\/\\\/techmasterdemexico.com\\\/\"},{\"@type\":\"ListItem\",\"position\":2,\"name\":\"Metric Class Z Gage Pins Sets\"}]},{\"@type\":\"WebSite\",\"@id\":\"https:\\\/\\\/techmasterdemexico.com\\\/#website\",\"url\":\"https:\\\/\\\/techmasterdemexico.com\\\/\",\"name\":\"Techmaster de Mexico\",\"description\":\"\",\"potentialAction\":[{\"@type\":\"SearchAction\",\"target\":{\"@type\":\"EntryPoint\",\"urlTemplate\":\"https:\\\/\\\/techmasterdemexico.com\\\/?s={search_term_string}\"},\"query-input\":{\"@type\":\"PropertyValueSpecification\",\"valueRequired\":true,\"valueName\":\"search_term_string\"}}],\"inLanguage\":\"en-US\"}]}<\/script>\n<!-- \/ Yoast SEO plugin. -->","yoast_head_json":{"title":"Metric Class Z Gage Pins Sets - Techmaster de Mexico","robots":{"index":"index","follow":"follow","max-snippet":"max-snippet:-1","max-image-preview":"max-image-preview:large","max-video-preview":"max-video-preview:-1"},"canonical":"https:\/\/techmasterdemexico.com\/en\/producto\/metric-class-z-gage-pins-sets\/","og_locale":"en_US","og_type":"article","og_title":"Metric Class Z Gage Pins Sets - Techmaster de Mexico","og_description":"Todos los calibres y conjuntos son trazables a NIST  Cajas y calibres ambos marcados  Tama\u00f1o y n\u00famero de serie grabados con l\u00e1ser en cada pieza (MO no grabado)  Material: acero para rodamientos 52100  Sin bordes afilados  51 mm de longitud total  Todos los conjuntos en incrementos de 0,02 mm","og_url":"https:\/\/techmasterdemexico.com\/en\/producto\/metric-class-z-gage-pins-sets\/","og_site_name":"Techmaster de Mexico","article_modified_time":"2022-07-28T18:09:29+00:00","og_image":[{"width":1042,"height":1042,"url":"https:\/\/techmasterdemexico.com\/wp-content\/uploads\/2022\/06\/Metric-Class-Z-Gage-Pins-Sets-01.png","type":"image\/png"}],"twitter_card":"summary_large_image","schema":{"@context":"https:\/\/schema.org","@graph":[{"@type":"WebPage","@id":"https:\/\/techmasterdemexico.com\/en\/producto\/metric-class-z-gage-pins-sets\/","url":"https:\/\/techmasterdemexico.com\/en\/producto\/metric-class-z-gage-pins-sets\/","name":"Metric Class Z Gage Pins Sets - Techmaster de Mexico","isPartOf":{"@id":"https:\/\/techmasterdemexico.com\/#website"},"primaryImageOfPage":{"@id":"https:\/\/techmasterdemexico.com\/en\/producto\/metric-class-z-gage-pins-sets\/#primaryimage"},"image":{"@id":"https:\/\/techmasterdemexico.com\/en\/producto\/metric-class-z-gage-pins-sets\/#primaryimage"},"thumbnailUrl":"https:\/\/techmasterdemexico.com\/wp-content\/uploads\/2022\/06\/Metric-Class-Z-Gage-Pins-Sets-01.png","datePublished":"2022-06-07T22:42:57+00:00","dateModified":"2022-07-28T18:09:29+00:00","breadcrumb":{"@id":"https:\/\/techmasterdemexico.com\/en\/producto\/metric-class-z-gage-pins-sets\/#breadcrumb"},"inLanguage":"en-US","potentialAction":[{"@type":"ReadAction","target":["https:\/\/techmasterdemexico.com\/en\/producto\/metric-class-z-gage-pins-sets\/"]}]},{"@type":"ImageObject","inLanguage":"en-US","@id":"https:\/\/techmasterdemexico.com\/en\/producto\/metric-class-z-gage-pins-sets\/#primaryimage","url":"https:\/\/techmasterdemexico.com\/wp-content\/uploads\/2022\/06\/Metric-Class-Z-Gage-Pins-Sets-01.png","contentUrl":"https:\/\/techmasterdemexico.com\/wp-content\/uploads\/2022\/06\/Metric-Class-Z-Gage-Pins-Sets-01.png","width":1042,"height":1042},{"@type":"BreadcrumbList","@id":"https:\/\/techmasterdemexico.com\/en\/producto\/metric-class-z-gage-pins-sets\/#breadcrumb","itemListElement":[{"@type":"ListItem","position":1,"name":"Portada","item":"https:\/\/techmasterdemexico.com\/"},{"@type":"ListItem","position":2,"name":"Metric Class Z Gage Pins Sets"}]},{"@type":"WebSite","@id":"https:\/\/techmasterdemexico.com\/#website","url":"https:\/\/techmasterdemexico.com\/","name":"Techmaster de Mexico","description":"","potentialAction":[{"@type":"SearchAction","target":{"@type":"EntryPoint","urlTemplate":"https:\/\/techmasterdemexico.com\/?s={search_term_string}"},"query-input":{"@type":"PropertyValueSpecification","valueRequired":true,"valueName":"search_term_string"}}],"inLanguage":"en-US"}]}},"brands":[{"id":515,"name":"Meyer Gages","slug":"meyer-gages"}],"_links":{"self":[{"href":"https:\/\/techmasterdemexico.com\/en\/wp-json\/wp\/v2\/product\/19482","targetHints":{"allow":["GET"]}}],"collection":[{"href":"https:\/\/techmasterdemexico.com\/en\/wp-json\/wp\/v2\/product"}],"about":[{"href":"https:\/\/techmasterdemexico.com\/en\/wp-json\/wp\/v2\/types\/product"}],"wp:featuredmedia":[{"embeddable":true,"href":"https:\/\/techmasterdemexico.com\/en\/wp-json\/wp\/v2\/media\/19563"}],"wp:attachment":[{"href":"https:\/\/techmasterdemexico.com\/en\/wp-json\/wp\/v2\/media?parent=19482"}],"wp:term":[{"taxonomy":"pwb-brand","embeddable":true,"href":"https:\/\/techmasterdemexico.com\/en\/wp-json\/wp\/v2\/pwb-brand?post=19482"},{"taxonomy":"product_brand","embeddable":true,"href":"https:\/\/techmasterdemexico.com\/en\/wp-json\/wp\/v2\/product_brand?post=19482"},{"taxonomy":"product_cat","embeddable":true,"href":"https:\/\/techmasterdemexico.com\/en\/wp-json\/wp\/v2\/product_cat?post=19482"},{"taxonomy":"product_tag","embeddable":true,"href":"https:\/\/techmasterdemexico.com\/en\/wp-json\/wp\/v2\/product_tag?post=19482"}],"curies":[{"name":"wp","href":"https:\/\/api.w.org\/{rel}","templated":true}]}}