{"id":19480,"date":"2022-06-07T22:42:55","date_gmt":"2022-06-07T22:42:55","guid":{"rendered":"https:\/\/techmasterdemexico.com\/producto\/english-old-class-zz\/"},"modified":"2022-07-28T17:59:04","modified_gmt":"2022-07-28T17:59:04","slug":"english-old-class-zz","status":"publish","type":"product","link":"https:\/\/techmasterdemexico.com\/en\/producto\/english-old-class-zz\/","title":{"rendered":"English OLD Class ZZ"},"content":{"rendered":"<p>Comenzamos a fabricar el ZZ original en 1965 y nuestra competencia lo ha intentado, pero no puede copiar la calidad de estos asequibles conjuntos de calibres de clavijas. Ahora hemos dado un paso m\u00e1s para mejorar los juegos y bibliotecas de calibres de pasador clase Z en ingl\u00e9s. Presentamos MEYER Z. Una tolerancia m\u00e1s cercana (.0001), m\u00e1s precisa y mejor para sus necesidades. Lo hemos vuelto a hacer. Hemos hecho un pin gage mejor que ning\u00fan otro ha intentado con las mismas excelentes funciones que se enumeran a continuaci\u00f3n.<\/p>\n<p>&nbsp;<\/p>\n<p>Compru\u00e9belo usted mismo, a continuaci\u00f3n se muestra una comparaci\u00f3n de las especificaciones de pasadores de calibre Clase ZZ y Clase Z.<\/p>\n","protected":false},"excerpt":{"rendered":"<ul>\n<li>Todos los calibres y conjuntos son trazables a NIST<\/li>\n<li>Cajas y calibres ambos marcados<\/li>\n<li>Tama\u00f1o y n\u00famero de serie grabados con l\u00e1ser en cada pieza (MO no grabado)<\/li>\n<li>Material: acero para rodamientos 52100<\/li>\n<li>Sin bordes afilados<\/li>\n<li>Todos los miembros de 2\u201d de largo<\/li>\n<li>Desviaci\u00f3n de tama\u00f1o .0002\u201d<\/li>\n<li>Geometr\u00eda de redondez .0001\u201d<\/li>\n<li>Acabado superficial 10 micro<\/li>\n<li><\/li>\n<\/ul>\n","protected":false},"featured_media":19565,"template":"","meta":{"_acf_changed":false},"pwb-brand":[515],"product_brand":[],"product_cat":[474,475,471,470],"product_tag":[],"class_list":{"0":"post-19480","1":"product","2":"type-product","3":"status-publish","4":"has-post-thumbnail","6":"pwb-brand-meyer-gages","7":"product_cat-class-z-gage-pins","8":"product_cat-english-class-z-pins-gage-sets-libraries","9":"product_cat-gages-pins","10":"product_cat-meyer-gages","12":"first","13":"instock","14":"taxable","15":"shipping-taxable","16":"product-type-simple"},"acf":[],"yoast_head":"<!-- This site is optimized with the Yoast SEO plugin v27.4 - https:\/\/yoast.com\/product\/yoast-seo-wordpress\/ -->\n<title>English OLD Class ZZ - Techmaster de Mexico<\/title>\n<meta name=\"robots\" content=\"index, follow, max-snippet:-1, max-image-preview:large, max-video-preview:-1\" \/>\n<link rel=\"canonical\" href=\"https:\/\/techmasterdemexico.com\/producto\/english-old-class-zz\/\" \/>\n<meta property=\"og:locale\" content=\"en_US\" \/>\n<meta property=\"og:type\" content=\"article\" \/>\n<meta property=\"og:title\" content=\"English OLD Class ZZ - Techmaster de Mexico\" \/>\n<meta property=\"og:description\" content=\"[:es]  Todos los calibres y conjuntos son trazables a NIST  Cajas y calibres ambos marcados  Tama\u00f1o y n\u00famero de serie grabados con l\u00e1ser en cada pieza (MO no grabado)  Material: acero para rodamientos 52100  Sin bordes afilados  Todos los miembros de 2\u201d de largo  Desviaci\u00f3n de tama\u00f1o .0002\u201d  Geometr\u00eda de redondez .0001\u201d  Acabado superficial 10 micro [:en]  Todos los calibres y conjuntos son trazables a NIST  Cajas y calibres ambos marcados  Tama\u00f1o y n\u00famero de serie grabados con l\u00e1ser en cada pieza (MO no grabado)  Material: acero para rodamientos 52100  Sin bordes afilados  Todos los miembros de 2\u201d de largo  Desviaci\u00f3n de tama\u00f1o .0002\u201d  Geometr\u00eda de redondez .0001\u201d  Acabado superficial 10 micro   [:]\" \/>\n<meta property=\"og:url\" content=\"https:\/\/techmasterdemexico.com\/producto\/english-old-class-zz\/\" \/>\n<meta property=\"og:site_name\" content=\"Techmaster de Mexico\" \/>\n<meta property=\"article:modified_time\" content=\"2022-07-28T17:59:04+00:00\" \/>\n<meta property=\"og:image\" content=\"https:\/\/techmasterdemexico.com\/wp-content\/uploads\/2022\/06\/English-OLD-Class-ZZ-01.png\" \/>\n\t<meta property=\"og:image:width\" content=\"1042\" \/>\n\t<meta property=\"og:image:height\" content=\"1042\" \/>\n\t<meta property=\"og:image:type\" content=\"image\/png\" \/>\n<meta name=\"twitter:card\" content=\"summary_large_image\" \/>\n<meta name=\"twitter:label1\" content=\"Est. reading time\" \/>\n\t<meta name=\"twitter:data1\" content=\"1 minute\" \/>\n<script type=\"application\/ld+json\" class=\"yoast-schema-graph\">{\"@context\":\"https:\\\/\\\/schema.org\",\"@graph\":[{\"@type\":\"WebPage\",\"@id\":\"https:\\\/\\\/techmasterdemexico.com\\\/producto\\\/english-old-class-zz\\\/\",\"url\":\"https:\\\/\\\/techmasterdemexico.com\\\/producto\\\/english-old-class-zz\\\/\",\"name\":\"English OLD Class ZZ - Techmaster de Mexico\",\"isPartOf\":{\"@id\":\"https:\\\/\\\/techmasterdemexico.com\\\/#website\"},\"primaryImageOfPage\":{\"@id\":\"https:\\\/\\\/techmasterdemexico.com\\\/producto\\\/english-old-class-zz\\\/#primaryimage\"},\"image\":{\"@id\":\"https:\\\/\\\/techmasterdemexico.com\\\/producto\\\/english-old-class-zz\\\/#primaryimage\"},\"thumbnailUrl\":\"https:\\\/\\\/techmasterdemexico.com\\\/wp-content\\\/uploads\\\/2022\\\/06\\\/English-OLD-Class-ZZ-01.png\",\"datePublished\":\"2022-06-07T22:42:55+00:00\",\"dateModified\":\"2022-07-28T17:59:04+00:00\",\"breadcrumb\":{\"@id\":\"https:\\\/\\\/techmasterdemexico.com\\\/producto\\\/english-old-class-zz\\\/#breadcrumb\"},\"inLanguage\":\"en-US\",\"potentialAction\":[{\"@type\":\"ReadAction\",\"target\":[\"https:\\\/\\\/techmasterdemexico.com\\\/producto\\\/english-old-class-zz\\\/\"]}]},{\"@type\":\"ImageObject\",\"inLanguage\":\"en-US\",\"@id\":\"https:\\\/\\\/techmasterdemexico.com\\\/producto\\\/english-old-class-zz\\\/#primaryimage\",\"url\":\"https:\\\/\\\/techmasterdemexico.com\\\/wp-content\\\/uploads\\\/2022\\\/06\\\/English-OLD-Class-ZZ-01.png\",\"contentUrl\":\"https:\\\/\\\/techmasterdemexico.com\\\/wp-content\\\/uploads\\\/2022\\\/06\\\/English-OLD-Class-ZZ-01.png\",\"width\":1042,\"height\":1042},{\"@type\":\"BreadcrumbList\",\"@id\":\"https:\\\/\\\/techmasterdemexico.com\\\/producto\\\/english-old-class-zz\\\/#breadcrumb\",\"itemListElement\":[{\"@type\":\"ListItem\",\"position\":1,\"name\":\"Portada\",\"item\":\"https:\\\/\\\/techmasterdemexico.com\\\/\"},{\"@type\":\"ListItem\",\"position\":2,\"name\":\"English OLD Class ZZ\"}]},{\"@type\":\"WebSite\",\"@id\":\"https:\\\/\\\/techmasterdemexico.com\\\/#website\",\"url\":\"https:\\\/\\\/techmasterdemexico.com\\\/\",\"name\":\"Techmaster de Mexico\",\"description\":\"\",\"potentialAction\":[{\"@type\":\"SearchAction\",\"target\":{\"@type\":\"EntryPoint\",\"urlTemplate\":\"https:\\\/\\\/techmasterdemexico.com\\\/?s={search_term_string}\"},\"query-input\":{\"@type\":\"PropertyValueSpecification\",\"valueRequired\":true,\"valueName\":\"search_term_string\"}}],\"inLanguage\":\"en-US\"}]}<\/script>\n<!-- \/ Yoast SEO plugin. -->","yoast_head_json":{"title":"English OLD Class ZZ - Techmaster de Mexico","robots":{"index":"index","follow":"follow","max-snippet":"max-snippet:-1","max-image-preview":"max-image-preview:large","max-video-preview":"max-video-preview:-1"},"canonical":"https:\/\/techmasterdemexico.com\/producto\/english-old-class-zz\/","og_locale":"en_US","og_type":"article","og_title":"English OLD Class ZZ - Techmaster de Mexico","og_description":"[:es]  Todos los calibres y conjuntos son trazables a NIST  Cajas y calibres ambos marcados  Tama\u00f1o y n\u00famero de serie grabados con l\u00e1ser en cada pieza (MO no grabado)  Material: acero para rodamientos 52100  Sin bordes afilados  Todos los miembros de 2\u201d de largo  Desviaci\u00f3n de tama\u00f1o .0002\u201d  Geometr\u00eda de redondez .0001\u201d  Acabado superficial 10 micro [:en]  Todos los calibres y conjuntos son trazables a NIST  Cajas y calibres ambos marcados  Tama\u00f1o y n\u00famero de serie grabados con l\u00e1ser en cada pieza (MO no grabado)  Material: acero para rodamientos 52100  Sin bordes afilados  Todos los miembros de 2\u201d de largo  Desviaci\u00f3n de tama\u00f1o .0002\u201d  Geometr\u00eda de redondez .0001\u201d  Acabado superficial 10 micro   [:]","og_url":"https:\/\/techmasterdemexico.com\/producto\/english-old-class-zz\/","og_site_name":"Techmaster de Mexico","article_modified_time":"2022-07-28T17:59:04+00:00","og_image":[{"width":1042,"height":1042,"url":"https:\/\/techmasterdemexico.com\/wp-content\/uploads\/2022\/06\/English-OLD-Class-ZZ-01.png","type":"image\/png"}],"twitter_card":"summary_large_image","twitter_misc":{"Est. reading time":"1 minute"},"schema":{"@context":"https:\/\/schema.org","@graph":[{"@type":"WebPage","@id":"https:\/\/techmasterdemexico.com\/producto\/english-old-class-zz\/","url":"https:\/\/techmasterdemexico.com\/producto\/english-old-class-zz\/","name":"English OLD Class ZZ - Techmaster de Mexico","isPartOf":{"@id":"https:\/\/techmasterdemexico.com\/#website"},"primaryImageOfPage":{"@id":"https:\/\/techmasterdemexico.com\/producto\/english-old-class-zz\/#primaryimage"},"image":{"@id":"https:\/\/techmasterdemexico.com\/producto\/english-old-class-zz\/#primaryimage"},"thumbnailUrl":"https:\/\/techmasterdemexico.com\/wp-content\/uploads\/2022\/06\/English-OLD-Class-ZZ-01.png","datePublished":"2022-06-07T22:42:55+00:00","dateModified":"2022-07-28T17:59:04+00:00","breadcrumb":{"@id":"https:\/\/techmasterdemexico.com\/producto\/english-old-class-zz\/#breadcrumb"},"inLanguage":"en-US","potentialAction":[{"@type":"ReadAction","target":["https:\/\/techmasterdemexico.com\/producto\/english-old-class-zz\/"]}]},{"@type":"ImageObject","inLanguage":"en-US","@id":"https:\/\/techmasterdemexico.com\/producto\/english-old-class-zz\/#primaryimage","url":"https:\/\/techmasterdemexico.com\/wp-content\/uploads\/2022\/06\/English-OLD-Class-ZZ-01.png","contentUrl":"https:\/\/techmasterdemexico.com\/wp-content\/uploads\/2022\/06\/English-OLD-Class-ZZ-01.png","width":1042,"height":1042},{"@type":"BreadcrumbList","@id":"https:\/\/techmasterdemexico.com\/producto\/english-old-class-zz\/#breadcrumb","itemListElement":[{"@type":"ListItem","position":1,"name":"Portada","item":"https:\/\/techmasterdemexico.com\/"},{"@type":"ListItem","position":2,"name":"English OLD Class ZZ"}]},{"@type":"WebSite","@id":"https:\/\/techmasterdemexico.com\/#website","url":"https:\/\/techmasterdemexico.com\/","name":"Techmaster de Mexico","description":"","potentialAction":[{"@type":"SearchAction","target":{"@type":"EntryPoint","urlTemplate":"https:\/\/techmasterdemexico.com\/?s={search_term_string}"},"query-input":{"@type":"PropertyValueSpecification","valueRequired":true,"valueName":"search_term_string"}}],"inLanguage":"en-US"}]}},"brands":[{"id":515,"name":"Meyer Gages","slug":"meyer-gages"}],"_links":{"self":[{"href":"https:\/\/techmasterdemexico.com\/en\/wp-json\/wp\/v2\/product\/19480","targetHints":{"allow":["GET"]}}],"collection":[{"href":"https:\/\/techmasterdemexico.com\/en\/wp-json\/wp\/v2\/product"}],"about":[{"href":"https:\/\/techmasterdemexico.com\/en\/wp-json\/wp\/v2\/types\/product"}],"wp:featuredmedia":[{"embeddable":true,"href":"https:\/\/techmasterdemexico.com\/en\/wp-json\/wp\/v2\/media\/19565"}],"wp:attachment":[{"href":"https:\/\/techmasterdemexico.com\/en\/wp-json\/wp\/v2\/media?parent=19480"}],"wp:term":[{"taxonomy":"pwb-brand","embeddable":true,"href":"https:\/\/techmasterdemexico.com\/en\/wp-json\/wp\/v2\/pwb-brand?post=19480"},{"taxonomy":"product_brand","embeddable":true,"href":"https:\/\/techmasterdemexico.com\/en\/wp-json\/wp\/v2\/product_brand?post=19480"},{"taxonomy":"product_cat","embeddable":true,"href":"https:\/\/techmasterdemexico.com\/en\/wp-json\/wp\/v2\/product_cat?post=19480"},{"taxonomy":"product_tag","embeddable":true,"href":"https:\/\/techmasterdemexico.com\/en\/wp-json\/wp\/v2\/product_tag?post=19480"}],"curies":[{"name":"wp","href":"https:\/\/api.w.org\/{rel}","templated":true}]}}