{"id":19479,"date":"2022-06-07T22:42:55","date_gmt":"2022-06-07T22:42:55","guid":{"rendered":"https:\/\/techmasterdemexico.com\/producto\/class-zz-pin-gage-black-oxided\/"},"modified":"2022-07-28T17:42:40","modified_gmt":"2022-07-28T17:42:40","slug":"class-zz-pin-gage-black-oxided","status":"publish","type":"product","link":"https:\/\/techmasterdemexico.com\/en\/producto\/class-zz-pin-gage-black-oxided\/","title":{"rendered":"Class ZZ Pin Gage Black Oxided"},"content":{"rendered":"<p>Los pasadores de calibre tratados con Black OX resisten la corrosi\u00f3n y est\u00e1n disponibles en tama\u00f1os ingleses desde 0,011\u2033 hasta 0,750\u2033 en incrementos de 0,001\u2033. He llegado a conocer y confiar.<\/p>\n<p>Los calibres de pasador Black OX se ofrecen a un precio que cualquier tienda puede pagar. Perfecto para uso general en el taller.<\/p>\n","protected":false},"excerpt":{"rendered":"<ul>\n<li>Clase ZZ .0002\u2033 tolerancia<\/li>\n<li>Caja y calibres claramente marcados<\/li>\n<li>Sin bordes afilados<\/li>\n<li>Todos los calibres 2\u201d de largo<\/li>\n<li>Certificado de conformidad con ANSI B89. 1,5-1998<\/li>\n<li>Material E52100 acero de calidad para rodamientos<\/li>\n<li>Dureza 60\/62 Rockwell C<\/li>\n<\/ul>\n","protected":false},"featured_media":19566,"template":"","meta":{"_acf_changed":false},"pwb-brand":[515],"product_brand":[],"product_cat":[473,472,471,470],"product_tag":[],"class_list":{"0":"post-19479","1":"product","2":"type-product","3":"status-publish","4":"has-post-thumbnail","6":"pwb-brand-meyer-gages","7":"product_cat-class-zz-black-ox-gage-sets-libraries","8":"product_cat-class-zz-gage-pins","9":"product_cat-gages-pins","10":"product_cat-meyer-gages","12":"first","13":"instock","14":"taxable","15":"shipping-taxable","16":"product-type-simple"},"acf":[],"yoast_head":"<!-- This site is optimized with the Yoast SEO plugin v27.4 - https:\/\/yoast.com\/product\/yoast-seo-wordpress\/ -->\n<title>Class ZZ Pin Gage Black Oxided - Techmaster de Mexico<\/title>\n<meta name=\"robots\" content=\"index, follow, max-snippet:-1, max-image-preview:large, max-video-preview:-1\" \/>\n<link rel=\"canonical\" href=\"https:\/\/techmasterdemexico.com\/en\/producto\/class-zz-pin-gage-black-oxided\/\" \/>\n<meta property=\"og:locale\" content=\"en_US\" \/>\n<meta property=\"og:type\" content=\"article\" \/>\n<meta property=\"og:title\" content=\"Class ZZ Pin Gage Black Oxided - Techmaster de Mexico\" \/>\n<meta property=\"og:description\" content=\"Clase ZZ .0002\u2033 tolerancia  Caja y calibres claramente marcados  Sin bordes afilados  Todos los calibres 2\u201d de largo  Certificado de conformidad con ANSI B89. 1,5-1998  Material E52100 acero de calidad para rodamientos  Dureza 60\/62 Rockwell C\" \/>\n<meta property=\"og:url\" content=\"https:\/\/techmasterdemexico.com\/en\/producto\/class-zz-pin-gage-black-oxided\/\" \/>\n<meta property=\"og:site_name\" content=\"Techmaster de Mexico\" \/>\n<meta property=\"article:modified_time\" content=\"2022-07-28T17:42:40+00:00\" \/>\n<meta property=\"og:image\" content=\"https:\/\/techmasterdemexico.com\/wp-content\/uploads\/2022\/06\/Class-ZZ-Pin-Gage-Black-Oxided-01.png\" \/>\n\t<meta property=\"og:image:width\" content=\"1042\" \/>\n\t<meta property=\"og:image:height\" content=\"1042\" \/>\n\t<meta property=\"og:image:type\" content=\"image\/png\" \/>\n<meta name=\"twitter:card\" content=\"summary_large_image\" \/>\n<script type=\"application\/ld+json\" class=\"yoast-schema-graph\">{\"@context\":\"https:\\\/\\\/schema.org\",\"@graph\":[{\"@type\":\"WebPage\",\"@id\":\"https:\\\/\\\/techmasterdemexico.com\\\/en\\\/producto\\\/class-zz-pin-gage-black-oxided\\\/\",\"url\":\"https:\\\/\\\/techmasterdemexico.com\\\/en\\\/producto\\\/class-zz-pin-gage-black-oxided\\\/\",\"name\":\"Class ZZ Pin Gage Black Oxided - Techmaster de Mexico\",\"isPartOf\":{\"@id\":\"https:\\\/\\\/techmasterdemexico.com\\\/#website\"},\"primaryImageOfPage\":{\"@id\":\"https:\\\/\\\/techmasterdemexico.com\\\/en\\\/producto\\\/class-zz-pin-gage-black-oxided\\\/#primaryimage\"},\"image\":{\"@id\":\"https:\\\/\\\/techmasterdemexico.com\\\/en\\\/producto\\\/class-zz-pin-gage-black-oxided\\\/#primaryimage\"},\"thumbnailUrl\":\"https:\\\/\\\/techmasterdemexico.com\\\/wp-content\\\/uploads\\\/2022\\\/06\\\/Class-ZZ-Pin-Gage-Black-Oxided-01.png\",\"datePublished\":\"2022-06-07T22:42:55+00:00\",\"dateModified\":\"2022-07-28T17:42:40+00:00\",\"breadcrumb\":{\"@id\":\"https:\\\/\\\/techmasterdemexico.com\\\/en\\\/producto\\\/class-zz-pin-gage-black-oxided\\\/#breadcrumb\"},\"inLanguage\":\"en-US\",\"potentialAction\":[{\"@type\":\"ReadAction\",\"target\":[\"https:\\\/\\\/techmasterdemexico.com\\\/en\\\/producto\\\/class-zz-pin-gage-black-oxided\\\/\"]}]},{\"@type\":\"ImageObject\",\"inLanguage\":\"en-US\",\"@id\":\"https:\\\/\\\/techmasterdemexico.com\\\/en\\\/producto\\\/class-zz-pin-gage-black-oxided\\\/#primaryimage\",\"url\":\"https:\\\/\\\/techmasterdemexico.com\\\/wp-content\\\/uploads\\\/2022\\\/06\\\/Class-ZZ-Pin-Gage-Black-Oxided-01.png\",\"contentUrl\":\"https:\\\/\\\/techmasterdemexico.com\\\/wp-content\\\/uploads\\\/2022\\\/06\\\/Class-ZZ-Pin-Gage-Black-Oxided-01.png\",\"width\":1042,\"height\":1042},{\"@type\":\"BreadcrumbList\",\"@id\":\"https:\\\/\\\/techmasterdemexico.com\\\/en\\\/producto\\\/class-zz-pin-gage-black-oxided\\\/#breadcrumb\",\"itemListElement\":[{\"@type\":\"ListItem\",\"position\":1,\"name\":\"Portada\",\"item\":\"https:\\\/\\\/techmasterdemexico.com\\\/\"},{\"@type\":\"ListItem\",\"position\":2,\"name\":\"Class ZZ Pin Gage Black Oxided\"}]},{\"@type\":\"WebSite\",\"@id\":\"https:\\\/\\\/techmasterdemexico.com\\\/#website\",\"url\":\"https:\\\/\\\/techmasterdemexico.com\\\/\",\"name\":\"Techmaster de Mexico\",\"description\":\"\",\"potentialAction\":[{\"@type\":\"SearchAction\",\"target\":{\"@type\":\"EntryPoint\",\"urlTemplate\":\"https:\\\/\\\/techmasterdemexico.com\\\/?s={search_term_string}\"},\"query-input\":{\"@type\":\"PropertyValueSpecification\",\"valueRequired\":true,\"valueName\":\"search_term_string\"}}],\"inLanguage\":\"en-US\"}]}<\/script>\n<!-- \/ Yoast SEO plugin. -->","yoast_head_json":{"title":"Class ZZ Pin Gage Black Oxided - Techmaster de Mexico","robots":{"index":"index","follow":"follow","max-snippet":"max-snippet:-1","max-image-preview":"max-image-preview:large","max-video-preview":"max-video-preview:-1"},"canonical":"https:\/\/techmasterdemexico.com\/en\/producto\/class-zz-pin-gage-black-oxided\/","og_locale":"en_US","og_type":"article","og_title":"Class ZZ Pin Gage Black Oxided - Techmaster de Mexico","og_description":"Clase ZZ .0002\u2033 tolerancia  Caja y calibres claramente marcados  Sin bordes afilados  Todos los calibres 2\u201d de largo  Certificado de conformidad con ANSI B89. 1,5-1998  Material E52100 acero de calidad para rodamientos  Dureza 60\/62 Rockwell C","og_url":"https:\/\/techmasterdemexico.com\/en\/producto\/class-zz-pin-gage-black-oxided\/","og_site_name":"Techmaster de Mexico","article_modified_time":"2022-07-28T17:42:40+00:00","og_image":[{"width":1042,"height":1042,"url":"https:\/\/techmasterdemexico.com\/wp-content\/uploads\/2022\/06\/Class-ZZ-Pin-Gage-Black-Oxided-01.png","type":"image\/png"}],"twitter_card":"summary_large_image","schema":{"@context":"https:\/\/schema.org","@graph":[{"@type":"WebPage","@id":"https:\/\/techmasterdemexico.com\/en\/producto\/class-zz-pin-gage-black-oxided\/","url":"https:\/\/techmasterdemexico.com\/en\/producto\/class-zz-pin-gage-black-oxided\/","name":"Class ZZ Pin Gage Black Oxided - Techmaster de Mexico","isPartOf":{"@id":"https:\/\/techmasterdemexico.com\/#website"},"primaryImageOfPage":{"@id":"https:\/\/techmasterdemexico.com\/en\/producto\/class-zz-pin-gage-black-oxided\/#primaryimage"},"image":{"@id":"https:\/\/techmasterdemexico.com\/en\/producto\/class-zz-pin-gage-black-oxided\/#primaryimage"},"thumbnailUrl":"https:\/\/techmasterdemexico.com\/wp-content\/uploads\/2022\/06\/Class-ZZ-Pin-Gage-Black-Oxided-01.png","datePublished":"2022-06-07T22:42:55+00:00","dateModified":"2022-07-28T17:42:40+00:00","breadcrumb":{"@id":"https:\/\/techmasterdemexico.com\/en\/producto\/class-zz-pin-gage-black-oxided\/#breadcrumb"},"inLanguage":"en-US","potentialAction":[{"@type":"ReadAction","target":["https:\/\/techmasterdemexico.com\/en\/producto\/class-zz-pin-gage-black-oxided\/"]}]},{"@type":"ImageObject","inLanguage":"en-US","@id":"https:\/\/techmasterdemexico.com\/en\/producto\/class-zz-pin-gage-black-oxided\/#primaryimage","url":"https:\/\/techmasterdemexico.com\/wp-content\/uploads\/2022\/06\/Class-ZZ-Pin-Gage-Black-Oxided-01.png","contentUrl":"https:\/\/techmasterdemexico.com\/wp-content\/uploads\/2022\/06\/Class-ZZ-Pin-Gage-Black-Oxided-01.png","width":1042,"height":1042},{"@type":"BreadcrumbList","@id":"https:\/\/techmasterdemexico.com\/en\/producto\/class-zz-pin-gage-black-oxided\/#breadcrumb","itemListElement":[{"@type":"ListItem","position":1,"name":"Portada","item":"https:\/\/techmasterdemexico.com\/"},{"@type":"ListItem","position":2,"name":"Class ZZ Pin Gage Black Oxided"}]},{"@type":"WebSite","@id":"https:\/\/techmasterdemexico.com\/#website","url":"https:\/\/techmasterdemexico.com\/","name":"Techmaster de Mexico","description":"","potentialAction":[{"@type":"SearchAction","target":{"@type":"EntryPoint","urlTemplate":"https:\/\/techmasterdemexico.com\/?s={search_term_string}"},"query-input":{"@type":"PropertyValueSpecification","valueRequired":true,"valueName":"search_term_string"}}],"inLanguage":"en-US"}]}},"brands":[{"id":515,"name":"Meyer Gages","slug":"meyer-gages"}],"_links":{"self":[{"href":"https:\/\/techmasterdemexico.com\/en\/wp-json\/wp\/v2\/product\/19479","targetHints":{"allow":["GET"]}}],"collection":[{"href":"https:\/\/techmasterdemexico.com\/en\/wp-json\/wp\/v2\/product"}],"about":[{"href":"https:\/\/techmasterdemexico.com\/en\/wp-json\/wp\/v2\/types\/product"}],"wp:featuredmedia":[{"embeddable":true,"href":"https:\/\/techmasterdemexico.com\/en\/wp-json\/wp\/v2\/media\/19566"}],"wp:attachment":[{"href":"https:\/\/techmasterdemexico.com\/en\/wp-json\/wp\/v2\/media?parent=19479"}],"wp:term":[{"taxonomy":"pwb-brand","embeddable":true,"href":"https:\/\/techmasterdemexico.com\/en\/wp-json\/wp\/v2\/pwb-brand?post=19479"},{"taxonomy":"product_brand","embeddable":true,"href":"https:\/\/techmasterdemexico.com\/en\/wp-json\/wp\/v2\/product_brand?post=19479"},{"taxonomy":"product_cat","embeddable":true,"href":"https:\/\/techmasterdemexico.com\/en\/wp-json\/wp\/v2\/product_cat?post=19479"},{"taxonomy":"product_tag","embeddable":true,"href":"https:\/\/techmasterdemexico.com\/en\/wp-json\/wp\/v2\/product_tag?post=19479"}],"curies":[{"name":"wp","href":"https:\/\/api.w.org\/{rel}","templated":true}]}}