{"id":19141,"date":"2022-03-25T22:04:12","date_gmt":"2022-03-25T22:04:12","guid":{"rendered":"https:\/\/techmasterdemexico.com\/?post_type=product&#038;p=19141"},"modified":"2022-06-17T05:13:00","modified_gmt":"2022-06-17T05:13:00","slug":"analizadores-trifasicos-de-calidad-electrica-serie-1770","status":"publish","type":"product","link":"https:\/\/techmasterdemexico.com\/en\/producto\/analizadores-trifasicos-de-calidad-electrica-serie-1770\/","title":{"rendered":"Analizadores trifa\u0301sicos de calidad ele\u0301ctrica Serie 1770"},"content":{"rendered":"<p>Los analizadores trif\u00e1sicos de calidad el\u00e9ctrica de la serie 1770 de Fluke facilitan el registro, la resoluci\u00f3n de problemas y el an\u00e1lisis de calidad el\u00e9ctrica. La serie 1770, cuyo dise\u00f1o agiliza y facilita los estudios de calidad el\u00e9ctrica, ofrece medidas autom\u00e1ticas, una interfaz de usuario intuitiva y una sencilla configuraci\u00f3n, las mejores especificaciones de su clase y una plataforma simplificada para generar informes. Este instrumento tambi\u00e9n se puede alimentar directamente desde el circuito de medida, eliminando as\u00ed el uso de una toma de corriente o un alargador.<\/p>\n<p>Con la serie 1770 no le pasar\u00e1 nunca por alto un evento cr\u00edtico de calidad el\u00e9ctrica, como transitorios r\u00e1pidos de hasta 8 kV, arm\u00f3nicos de hasta 30 kHz, subidas y bajadas de tensi\u00f3n, y medidas de tensi\u00f3n, corriente y potencia que le permitir\u00e1n caracterizar su sistema el\u00e9ctrico.<\/p>\n","protected":false},"excerpt":{"rendered":"<ul>\n<li>Medida autom\u00e1tica de par\u00e1metros de potencia y calidad el\u00e9ctrica<\/li>\n<li>Visi\u00f3n general del estado de la calidad el\u00e9ctrica para una resoluci\u00f3n m\u00e1s r\u00e1pida de problemas<\/li>\n<li>Visualizaci\u00f3n sencilla de datos de V\/A\/Hz, potencia, subidas, bajadas y arm\u00f3nicos<\/li>\n<li>Captura de transitorios de alta velocidad de hasta 8 kV<\/li>\n<li>Alimentaci\u00f3n directa desde el circuito de medida sin cable<\/li>\n<\/ul>\n","protected":false},"featured_media":19142,"template":"","meta":{"_acf_changed":false},"pwb-brand":[31],"product_brand":[],"product_cat":[366,189,132,30],"product_tag":[],"class_list":{"0":"post-19141","1":"product","2":"type-product","3":"status-publish","4":"has-post-thumbnail","6":"pwb-brand-fluke","7":"product_cat-todos-los-productos","8":"product_cat-analizadores-de-problemas-de-calidad-electrica","9":"product_cat-calidad-electrica","10":"product_cat-fluke","12":"first","13":"instock","14":"taxable","15":"shipping-taxable","16":"product-type-simple"},"acf":[],"yoast_head":"<!-- This site is optimized with the Yoast SEO plugin v27.4 - https:\/\/yoast.com\/product\/yoast-seo-wordpress\/ -->\n<title>Analizadores trifa\u0301sicos de calidad ele\u0301ctrica Serie 1770 - Techmaster de Mexico<\/title>\n<meta name=\"robots\" content=\"index, follow, max-snippet:-1, max-image-preview:large, max-video-preview:-1\" \/>\n<link rel=\"canonical\" href=\"https:\/\/techmasterdemexico.com\/producto\/analizadores-trifasicos-de-calidad-electrica-serie-1770\/\" \/>\n<meta property=\"og:locale\" content=\"en_US\" \/>\n<meta property=\"og:type\" content=\"article\" \/>\n<meta property=\"og:title\" content=\"Analizadores trifa\u0301sicos de calidad ele\u0301ctrica Serie 1770 - Techmaster de Mexico\" \/>\n<meta property=\"og:description\" content=\"Medida autom\u00e1tica de par\u00e1metros de potencia y calidad el\u00e9ctrica  Visi\u00f3n general del estado de la calidad el\u00e9ctrica para una resoluci\u00f3n m\u00e1s r\u00e1pida de problemas  Visualizaci\u00f3n sencilla de datos de V\/A\/Hz, potencia, subidas, bajadas y arm\u00f3nicos  Captura de transitorios de alta velocidad de hasta 8 kV  Alimentaci\u00f3n directa desde el circuito de medida sin cable\" \/>\n<meta property=\"og:url\" content=\"https:\/\/techmasterdemexico.com\/producto\/analizadores-trifasicos-de-calidad-electrica-serie-1770\/\" \/>\n<meta property=\"og:site_name\" content=\"Techmaster de Mexico\" \/>\n<meta property=\"article:modified_time\" content=\"2022-06-17T05:13:00+00:00\" \/>\n<meta property=\"og:image\" content=\"https:\/\/techmasterdemexico.com\/wp-content\/uploads\/2022\/03\/1773.png\" \/>\n\t<meta property=\"og:image:width\" content=\"1000\" \/>\n\t<meta property=\"og:image:height\" content=\"1000\" \/>\n\t<meta property=\"og:image:type\" content=\"image\/png\" \/>\n<meta name=\"twitter:card\" content=\"summary_large_image\" \/>\n<meta name=\"twitter:label1\" content=\"Est. reading time\" \/>\n\t<meta name=\"twitter:data1\" content=\"1 minute\" \/>\n<script type=\"application\/ld+json\" class=\"yoast-schema-graph\">{\"@context\":\"https:\\\/\\\/schema.org\",\"@graph\":[{\"@type\":\"WebPage\",\"@id\":\"https:\\\/\\\/techmasterdemexico.com\\\/producto\\\/analizadores-trifasicos-de-calidad-electrica-serie-1770\\\/\",\"url\":\"https:\\\/\\\/techmasterdemexico.com\\\/producto\\\/analizadores-trifasicos-de-calidad-electrica-serie-1770\\\/\",\"name\":\"Analizadores trifa\u0301sicos de calidad ele\u0301ctrica Serie 1770 - Techmaster de Mexico\",\"isPartOf\":{\"@id\":\"https:\\\/\\\/techmasterdemexico.com\\\/#website\"},\"primaryImageOfPage\":{\"@id\":\"https:\\\/\\\/techmasterdemexico.com\\\/producto\\\/analizadores-trifasicos-de-calidad-electrica-serie-1770\\\/#primaryimage\"},\"image\":{\"@id\":\"https:\\\/\\\/techmasterdemexico.com\\\/producto\\\/analizadores-trifasicos-de-calidad-electrica-serie-1770\\\/#primaryimage\"},\"thumbnailUrl\":\"https:\\\/\\\/techmasterdemexico.com\\\/wp-content\\\/uploads\\\/2022\\\/03\\\/1773.png\",\"datePublished\":\"2022-03-25T22:04:12+00:00\",\"dateModified\":\"2022-06-17T05:13:00+00:00\",\"breadcrumb\":{\"@id\":\"https:\\\/\\\/techmasterdemexico.com\\\/producto\\\/analizadores-trifasicos-de-calidad-electrica-serie-1770\\\/#breadcrumb\"},\"inLanguage\":\"en-US\",\"potentialAction\":[{\"@type\":\"ReadAction\",\"target\":[\"https:\\\/\\\/techmasterdemexico.com\\\/producto\\\/analizadores-trifasicos-de-calidad-electrica-serie-1770\\\/\"]}]},{\"@type\":\"ImageObject\",\"inLanguage\":\"en-US\",\"@id\":\"https:\\\/\\\/techmasterdemexico.com\\\/producto\\\/analizadores-trifasicos-de-calidad-electrica-serie-1770\\\/#primaryimage\",\"url\":\"https:\\\/\\\/techmasterdemexico.com\\\/wp-content\\\/uploads\\\/2022\\\/03\\\/1773.png\",\"contentUrl\":\"https:\\\/\\\/techmasterdemexico.com\\\/wp-content\\\/uploads\\\/2022\\\/03\\\/1773.png\",\"width\":1000,\"height\":1000},{\"@type\":\"BreadcrumbList\",\"@id\":\"https:\\\/\\\/techmasterdemexico.com\\\/producto\\\/analizadores-trifasicos-de-calidad-electrica-serie-1770\\\/#breadcrumb\",\"itemListElement\":[{\"@type\":\"ListItem\",\"position\":1,\"name\":\"Portada\",\"item\":\"https:\\\/\\\/techmasterdemexico.com\\\/\"},{\"@type\":\"ListItem\",\"position\":2,\"name\":\"Analizadores trifa\u0301sicos de calidad ele\u0301ctrica Serie 1770\"}]},{\"@type\":\"WebSite\",\"@id\":\"https:\\\/\\\/techmasterdemexico.com\\\/#website\",\"url\":\"https:\\\/\\\/techmasterdemexico.com\\\/\",\"name\":\"Techmaster de Mexico\",\"description\":\"\",\"potentialAction\":[{\"@type\":\"SearchAction\",\"target\":{\"@type\":\"EntryPoint\",\"urlTemplate\":\"https:\\\/\\\/techmasterdemexico.com\\\/?s={search_term_string}\"},\"query-input\":{\"@type\":\"PropertyValueSpecification\",\"valueRequired\":true,\"valueName\":\"search_term_string\"}}],\"inLanguage\":\"en-US\"}]}<\/script>\n<!-- \/ Yoast SEO plugin. -->","yoast_head_json":{"title":"Analizadores trifa\u0301sicos de calidad ele\u0301ctrica Serie 1770 - Techmaster de Mexico","robots":{"index":"index","follow":"follow","max-snippet":"max-snippet:-1","max-image-preview":"max-image-preview:large","max-video-preview":"max-video-preview:-1"},"canonical":"https:\/\/techmasterdemexico.com\/producto\/analizadores-trifasicos-de-calidad-electrica-serie-1770\/","og_locale":"en_US","og_type":"article","og_title":"Analizadores trifa\u0301sicos de calidad ele\u0301ctrica Serie 1770 - Techmaster de Mexico","og_description":"Medida autom\u00e1tica de par\u00e1metros de potencia y calidad el\u00e9ctrica  Visi\u00f3n general del estado de la calidad el\u00e9ctrica para una resoluci\u00f3n m\u00e1s r\u00e1pida de problemas  Visualizaci\u00f3n sencilla de datos de V\/A\/Hz, potencia, subidas, bajadas y arm\u00f3nicos  Captura de transitorios de alta velocidad de hasta 8 kV  Alimentaci\u00f3n directa desde el circuito de medida sin cable","og_url":"https:\/\/techmasterdemexico.com\/producto\/analizadores-trifasicos-de-calidad-electrica-serie-1770\/","og_site_name":"Techmaster de Mexico","article_modified_time":"2022-06-17T05:13:00+00:00","og_image":[{"width":1000,"height":1000,"url":"https:\/\/techmasterdemexico.com\/wp-content\/uploads\/2022\/03\/1773.png","type":"image\/png"}],"twitter_card":"summary_large_image","twitter_misc":{"Est. reading time":"1 minute"},"schema":{"@context":"https:\/\/schema.org","@graph":[{"@type":"WebPage","@id":"https:\/\/techmasterdemexico.com\/producto\/analizadores-trifasicos-de-calidad-electrica-serie-1770\/","url":"https:\/\/techmasterdemexico.com\/producto\/analizadores-trifasicos-de-calidad-electrica-serie-1770\/","name":"Analizadores trifa\u0301sicos de calidad ele\u0301ctrica Serie 1770 - Techmaster de Mexico","isPartOf":{"@id":"https:\/\/techmasterdemexico.com\/#website"},"primaryImageOfPage":{"@id":"https:\/\/techmasterdemexico.com\/producto\/analizadores-trifasicos-de-calidad-electrica-serie-1770\/#primaryimage"},"image":{"@id":"https:\/\/techmasterdemexico.com\/producto\/analizadores-trifasicos-de-calidad-electrica-serie-1770\/#primaryimage"},"thumbnailUrl":"https:\/\/techmasterdemexico.com\/wp-content\/uploads\/2022\/03\/1773.png","datePublished":"2022-03-25T22:04:12+00:00","dateModified":"2022-06-17T05:13:00+00:00","breadcrumb":{"@id":"https:\/\/techmasterdemexico.com\/producto\/analizadores-trifasicos-de-calidad-electrica-serie-1770\/#breadcrumb"},"inLanguage":"en-US","potentialAction":[{"@type":"ReadAction","target":["https:\/\/techmasterdemexico.com\/producto\/analizadores-trifasicos-de-calidad-electrica-serie-1770\/"]}]},{"@type":"ImageObject","inLanguage":"en-US","@id":"https:\/\/techmasterdemexico.com\/producto\/analizadores-trifasicos-de-calidad-electrica-serie-1770\/#primaryimage","url":"https:\/\/techmasterdemexico.com\/wp-content\/uploads\/2022\/03\/1773.png","contentUrl":"https:\/\/techmasterdemexico.com\/wp-content\/uploads\/2022\/03\/1773.png","width":1000,"height":1000},{"@type":"BreadcrumbList","@id":"https:\/\/techmasterdemexico.com\/producto\/analizadores-trifasicos-de-calidad-electrica-serie-1770\/#breadcrumb","itemListElement":[{"@type":"ListItem","position":1,"name":"Portada","item":"https:\/\/techmasterdemexico.com\/"},{"@type":"ListItem","position":2,"name":"Analizadores trifa\u0301sicos de calidad ele\u0301ctrica Serie 1770"}]},{"@type":"WebSite","@id":"https:\/\/techmasterdemexico.com\/#website","url":"https:\/\/techmasterdemexico.com\/","name":"Techmaster de Mexico","description":"","potentialAction":[{"@type":"SearchAction","target":{"@type":"EntryPoint","urlTemplate":"https:\/\/techmasterdemexico.com\/?s={search_term_string}"},"query-input":{"@type":"PropertyValueSpecification","valueRequired":true,"valueName":"search_term_string"}}],"inLanguage":"en-US"}]}},"brands":[{"id":31,"name":"Fluke","slug":"fluke"}],"_links":{"self":[{"href":"https:\/\/techmasterdemexico.com\/en\/wp-json\/wp\/v2\/product\/19141","targetHints":{"allow":["GET"]}}],"collection":[{"href":"https:\/\/techmasterdemexico.com\/en\/wp-json\/wp\/v2\/product"}],"about":[{"href":"https:\/\/techmasterdemexico.com\/en\/wp-json\/wp\/v2\/types\/product"}],"wp:featuredmedia":[{"embeddable":true,"href":"https:\/\/techmasterdemexico.com\/en\/wp-json\/wp\/v2\/media\/19142"}],"wp:attachment":[{"href":"https:\/\/techmasterdemexico.com\/en\/wp-json\/wp\/v2\/media?parent=19141"}],"wp:term":[{"taxonomy":"pwb-brand","embeddable":true,"href":"https:\/\/techmasterdemexico.com\/en\/wp-json\/wp\/v2\/pwb-brand?post=19141"},{"taxonomy":"product_brand","embeddable":true,"href":"https:\/\/techmasterdemexico.com\/en\/wp-json\/wp\/v2\/product_brand?post=19141"},{"taxonomy":"product_cat","embeddable":true,"href":"https:\/\/techmasterdemexico.com\/en\/wp-json\/wp\/v2\/product_cat?post=19141"},{"taxonomy":"product_tag","embeddable":true,"href":"https:\/\/techmasterdemexico.com\/en\/wp-json\/wp\/v2\/product_tag?post=19141"}],"curies":[{"name":"wp","href":"https:\/\/api.w.org\/{rel}","templated":true}]}}