{"id":19138,"date":"2022-03-25T21:24:19","date_gmt":"2022-03-25T21:24:19","guid":{"rendered":"https:\/\/techmasterdemexico.com\/?post_type=product&#038;p=19138"},"modified":"2022-05-12T02:47:03","modified_gmt":"2022-05-12T02:47:03","slug":"registrador-monofasico-de-calidad-de-la-tension-fluke-vr1710","status":"publish","type":"product","link":"https:\/\/techmasterdemexico.com\/en\/producto\/registrador-monofasico-de-calidad-de-la-tension-fluke-vr1710\/","title":{"rendered":"Registrador monofa\u0301sico de calidad de la tensio\u0301n Fluke VR1710"},"content":{"rendered":"<p>El analizador y registrador de calidad el\u00e9ctrica Fluke VR1710 es un registrador monof\u00e1sico de calidad de voltaje que constituye una soluci\u00f3n sencilla para la detecci\u00f3n y el registro de problemas de calidad el\u00e9ctrica, ya que permite tomar medidas inmediatas y reduce los tiempos de inactividad. El registrador monof\u00e1sico VR1710 satisface las demandas del personal de mantenimiento y de gesti\u00f3n de instalaciones de organizaciones industriales, servicios y p\u00fablicas, cuya actividad depende de una calidad el\u00e9ctrica fiable. Los par\u00e1metros de calidad el\u00e9ctrica, como el valor eficaz promedio, transitorios, fluctuaciones r\u00e1pidas y arm\u00f3nicos hasta el orden 32 se registran durante un periodo de tiempo medio, definido por el usuario, de entre 1 segundo y 20 minutos.<\/p>\n","protected":false},"excerpt":{"rendered":"<ul>\n<li>Registro f\u00e1cil y r\u00e1pido de tendencias y fluctuaciones de voltaje y calidad el\u00e9ctrica: para llegar de forma sencilla a la ra\u00edz de los problemas asociados a un voltaje monof\u00e1sico deficiente<\/li>\n<li>Manejo extremadamente sencillo: conecte el equipo directamente a la toma de corriente de la red de suministro y capture los datos<\/li>\n<li>Grabaci\u00f3n continua de todos los valores, sin separaciones; ahorre tiempo de realizaci\u00f3n de pruebas al obtener una imagen de la totalidad de la situaci\u00f3n con un solo instrumento que registra tanto eventos como voltaje<\/li>\n<li>Un resumen gr\u00e1fico claro de los datos y una descripci\u00f3n general r\u00e1pida de par\u00e1metros clave de calidad de la potencia; evite la necesidad de adivinar al diagnosticar problemas de calidad del voltaje<\/li>\n<li>Valores RMS m\u00ednimos, m\u00e1ximos y promedio (1\/4 de ciclo) con indicaci\u00f3n de tiempo: para consultar de un vistazo todo lo que ha ocurrido y cu\u00e1ndo<\/li>\n<li>Visualizaci\u00f3n real de transitorios (&gt;100 ?s) con indicaci\u00f3n de tiempo: para identificar r\u00e1pidamente problemas de calidad el\u00e9ctrica con el software gr\u00e1fico incluido.<\/li>\n<li>Registro fluctuaciones r\u00e1pidas de voltaje de acuerdo a EN 61000-4-15, valores de distorsi\u00f3n arm\u00f3nica total (THD)y de arm\u00f3nicos individuales con registros de tendencia: para determinar con facilidad si el problema est\u00e1 asociado al suministro el\u00e9ctrico o a los equipos<\/li>\n<li>An\u00e1lisis estad\u00edstico de eventos de voltaje monof\u00e1sica: reduce el tiempo de an\u00e1lisis realizando un seguimiento de las cantidades y magnitudes de los eventos.<\/li>\n<li>Incluye el software PowerLog que permite una r\u00e1pida descarga de los datos, su an\u00e1lisis y la generaci\u00f3n autom\u00e1tica de informes &#8211; Ahorre tiempo mediante la creaci\u00f3n autom\u00e1tica de informes de calidad el\u00e9ctrica con plantillas preestablecidas.<\/li>\n<\/ul>\n","protected":false},"featured_media":19140,"template":"","meta":{"_acf_changed":false},"pwb-brand":[31],"product_brand":[],"product_cat":[366,189,132,30],"product_tag":[],"class_list":{"0":"post-19138","1":"product","2":"type-product","3":"status-publish","4":"has-post-thumbnail","6":"pwb-brand-fluke","7":"product_cat-todos-los-productos","8":"product_cat-analizadores-de-problemas-de-calidad-electrica","9":"product_cat-calidad-electrica","10":"product_cat-fluke","12":"first","13":"instock","14":"taxable","15":"shipping-taxable","16":"product-type-simple"},"acf":[],"yoast_head":"<!-- This site is optimized with the Yoast SEO plugin v27.4 - https:\/\/yoast.com\/product\/yoast-seo-wordpress\/ -->\n<title>Registrador monofa\u0301sico de calidad de la tensio\u0301n Fluke VR1710 - Techmaster de Mexico<\/title>\n<meta name=\"robots\" content=\"index, follow, max-snippet:-1, max-image-preview:large, max-video-preview:-1\" \/>\n<link rel=\"canonical\" href=\"https:\/\/techmasterdemexico.com\/producto\/registrador-monofasico-de-calidad-de-la-tension-fluke-vr1710\/\" \/>\n<meta property=\"og:locale\" content=\"en_US\" \/>\n<meta property=\"og:type\" content=\"article\" \/>\n<meta property=\"og:title\" content=\"Registrador monofa\u0301sico de calidad de la tensio\u0301n Fluke VR1710 - Techmaster de Mexico\" \/>\n<meta property=\"og:description\" content=\"Registro f\u00e1cil y r\u00e1pido de tendencias y fluctuaciones de voltaje y calidad el\u00e9ctrica: para llegar de forma sencilla a la ra\u00edz de los problemas asociados a un voltaje monof\u00e1sico deficiente  Manejo extremadamente sencillo: conecte el equipo directamente a la toma de corriente de la red de suministro y capture los datos  Grabaci\u00f3n continua de todos los valores, sin separaciones; ahorre tiempo de realizaci\u00f3n de pruebas al obtener una imagen de la totalidad de la situaci\u00f3n con un solo instrumento que registra tanto eventos como voltaje  Un resumen gr\u00e1fico claro de los datos y una descripci\u00f3n general r\u00e1pida de par\u00e1metros clave de calidad de la potencia; evite la necesidad de adivinar al diagnosticar problemas de calidad del voltaje  Valores RMS m\u00ednimos, m\u00e1ximos y promedio (1\/4 de ciclo) con indicaci\u00f3n de tiempo: para consultar de un vistazo todo lo que ha ocurrido y cu\u00e1ndo  Visualizaci\u00f3n real de transitorios (&gt;100 ?s) con indicaci\u00f3n de tiempo: para identificar r\u00e1pidamente problemas de calidad el\u00e9ctrica con el software gr\u00e1fico incluido.  Registro fluctuaciones r\u00e1pidas de voltaje de acuerdo a EN 61000-4-15, valores de distorsi\u00f3n arm\u00f3nica total (THD)y de arm\u00f3nicos individuales con registros de tendencia: para determinar con facilidad si el problema est\u00e1 asociado al suministro el\u00e9ctrico o a los equipos  An\u00e1lisis estad\u00edstico de eventos de voltaje monof\u00e1sica: reduce el tiempo de an\u00e1lisis realizando un seguimiento de las cantidades y magnitudes de los eventos.  Incluye el software PowerLog que permite una r\u00e1pida descarga de los datos, su an\u00e1lisis y la generaci\u00f3n autom\u00e1tica de informes - Ahorre tiempo mediante la creaci\u00f3n autom\u00e1tica de informes de calidad el\u00e9ctrica con plantillas preestablecidas.\" \/>\n<meta property=\"og:url\" content=\"https:\/\/techmasterdemexico.com\/producto\/registrador-monofasico-de-calidad-de-la-tension-fluke-vr1710\/\" \/>\n<meta property=\"og:site_name\" content=\"Techmaster de Mexico\" \/>\n<meta property=\"article:modified_time\" content=\"2022-05-12T02:47:03+00:00\" \/>\n<meta property=\"og:image\" content=\"https:\/\/techmasterdemexico.com\/wp-content\/uploads\/2022\/03\/VR1710.png\" \/>\n\t<meta property=\"og:image:width\" content=\"1000\" \/>\n\t<meta property=\"og:image:height\" content=\"1000\" \/>\n\t<meta property=\"og:image:type\" content=\"image\/png\" \/>\n<meta name=\"twitter:card\" content=\"summary_large_image\" \/>\n<meta name=\"twitter:label1\" content=\"Est. reading time\" \/>\n\t<meta name=\"twitter:data1\" content=\"1 minute\" \/>\n<script type=\"application\/ld+json\" class=\"yoast-schema-graph\">{\"@context\":\"https:\\\/\\\/schema.org\",\"@graph\":[{\"@type\":\"WebPage\",\"@id\":\"https:\\\/\\\/techmasterdemexico.com\\\/producto\\\/registrador-monofasico-de-calidad-de-la-tension-fluke-vr1710\\\/\",\"url\":\"https:\\\/\\\/techmasterdemexico.com\\\/producto\\\/registrador-monofasico-de-calidad-de-la-tension-fluke-vr1710\\\/\",\"name\":\"Registrador monofa\u0301sico de calidad de la tensio\u0301n Fluke VR1710 - Techmaster de Mexico\",\"isPartOf\":{\"@id\":\"https:\\\/\\\/techmasterdemexico.com\\\/#website\"},\"primaryImageOfPage\":{\"@id\":\"https:\\\/\\\/techmasterdemexico.com\\\/producto\\\/registrador-monofasico-de-calidad-de-la-tension-fluke-vr1710\\\/#primaryimage\"},\"image\":{\"@id\":\"https:\\\/\\\/techmasterdemexico.com\\\/producto\\\/registrador-monofasico-de-calidad-de-la-tension-fluke-vr1710\\\/#primaryimage\"},\"thumbnailUrl\":\"https:\\\/\\\/techmasterdemexico.com\\\/wp-content\\\/uploads\\\/2022\\\/03\\\/VR1710.png\",\"datePublished\":\"2022-03-25T21:24:19+00:00\",\"dateModified\":\"2022-05-12T02:47:03+00:00\",\"breadcrumb\":{\"@id\":\"https:\\\/\\\/techmasterdemexico.com\\\/producto\\\/registrador-monofasico-de-calidad-de-la-tension-fluke-vr1710\\\/#breadcrumb\"},\"inLanguage\":\"en-US\",\"potentialAction\":[{\"@type\":\"ReadAction\",\"target\":[\"https:\\\/\\\/techmasterdemexico.com\\\/producto\\\/registrador-monofasico-de-calidad-de-la-tension-fluke-vr1710\\\/\"]}]},{\"@type\":\"ImageObject\",\"inLanguage\":\"en-US\",\"@id\":\"https:\\\/\\\/techmasterdemexico.com\\\/producto\\\/registrador-monofasico-de-calidad-de-la-tension-fluke-vr1710\\\/#primaryimage\",\"url\":\"https:\\\/\\\/techmasterdemexico.com\\\/wp-content\\\/uploads\\\/2022\\\/03\\\/VR1710.png\",\"contentUrl\":\"https:\\\/\\\/techmasterdemexico.com\\\/wp-content\\\/uploads\\\/2022\\\/03\\\/VR1710.png\",\"width\":1000,\"height\":1000},{\"@type\":\"BreadcrumbList\",\"@id\":\"https:\\\/\\\/techmasterdemexico.com\\\/producto\\\/registrador-monofasico-de-calidad-de-la-tension-fluke-vr1710\\\/#breadcrumb\",\"itemListElement\":[{\"@type\":\"ListItem\",\"position\":1,\"name\":\"Portada\",\"item\":\"https:\\\/\\\/techmasterdemexico.com\\\/\"},{\"@type\":\"ListItem\",\"position\":2,\"name\":\"Registrador monofa\u0301sico de calidad de la tensio\u0301n Fluke VR1710\"}]},{\"@type\":\"WebSite\",\"@id\":\"https:\\\/\\\/techmasterdemexico.com\\\/#website\",\"url\":\"https:\\\/\\\/techmasterdemexico.com\\\/\",\"name\":\"Techmaster de Mexico\",\"description\":\"\",\"potentialAction\":[{\"@type\":\"SearchAction\",\"target\":{\"@type\":\"EntryPoint\",\"urlTemplate\":\"https:\\\/\\\/techmasterdemexico.com\\\/?s={search_term_string}\"},\"query-input\":{\"@type\":\"PropertyValueSpecification\",\"valueRequired\":true,\"valueName\":\"search_term_string\"}}],\"inLanguage\":\"en-US\"}]}<\/script>\n<!-- \/ Yoast SEO plugin. -->","yoast_head_json":{"title":"Registrador monofa\u0301sico de calidad de la tensio\u0301n Fluke VR1710 - Techmaster de Mexico","robots":{"index":"index","follow":"follow","max-snippet":"max-snippet:-1","max-image-preview":"max-image-preview:large","max-video-preview":"max-video-preview:-1"},"canonical":"https:\/\/techmasterdemexico.com\/producto\/registrador-monofasico-de-calidad-de-la-tension-fluke-vr1710\/","og_locale":"en_US","og_type":"article","og_title":"Registrador monofa\u0301sico de calidad de la tensio\u0301n Fluke VR1710 - Techmaster de Mexico","og_description":"Registro f\u00e1cil y r\u00e1pido de tendencias y fluctuaciones de voltaje y calidad el\u00e9ctrica: para llegar de forma sencilla a la ra\u00edz de los problemas asociados a un voltaje monof\u00e1sico deficiente  Manejo extremadamente sencillo: conecte el equipo directamente a la toma de corriente de la red de suministro y capture los datos  Grabaci\u00f3n continua de todos los valores, sin separaciones; ahorre tiempo de realizaci\u00f3n de pruebas al obtener una imagen de la totalidad de la situaci\u00f3n con un solo instrumento que registra tanto eventos como voltaje  Un resumen gr\u00e1fico claro de los datos y una descripci\u00f3n general r\u00e1pida de par\u00e1metros clave de calidad de la potencia; evite la necesidad de adivinar al diagnosticar problemas de calidad del voltaje  Valores RMS m\u00ednimos, m\u00e1ximos y promedio (1\/4 de ciclo) con indicaci\u00f3n de tiempo: para consultar de un vistazo todo lo que ha ocurrido y cu\u00e1ndo  Visualizaci\u00f3n real de transitorios (&gt;100 ?s) con indicaci\u00f3n de tiempo: para identificar r\u00e1pidamente problemas de calidad el\u00e9ctrica con el software gr\u00e1fico incluido.  Registro fluctuaciones r\u00e1pidas de voltaje de acuerdo a EN 61000-4-15, valores de distorsi\u00f3n arm\u00f3nica total (THD)y de arm\u00f3nicos individuales con registros de tendencia: para determinar con facilidad si el problema est\u00e1 asociado al suministro el\u00e9ctrico o a los equipos  An\u00e1lisis estad\u00edstico de eventos de voltaje monof\u00e1sica: reduce el tiempo de an\u00e1lisis realizando un seguimiento de las cantidades y magnitudes de los eventos.  Incluye el software PowerLog que permite una r\u00e1pida descarga de los datos, su an\u00e1lisis y la generaci\u00f3n autom\u00e1tica de informes - Ahorre tiempo mediante la creaci\u00f3n autom\u00e1tica de informes de calidad el\u00e9ctrica con plantillas preestablecidas.","og_url":"https:\/\/techmasterdemexico.com\/producto\/registrador-monofasico-de-calidad-de-la-tension-fluke-vr1710\/","og_site_name":"Techmaster de Mexico","article_modified_time":"2022-05-12T02:47:03+00:00","og_image":[{"width":1000,"height":1000,"url":"https:\/\/techmasterdemexico.com\/wp-content\/uploads\/2022\/03\/VR1710.png","type":"image\/png"}],"twitter_card":"summary_large_image","twitter_misc":{"Est. reading time":"1 minute"},"schema":{"@context":"https:\/\/schema.org","@graph":[{"@type":"WebPage","@id":"https:\/\/techmasterdemexico.com\/producto\/registrador-monofasico-de-calidad-de-la-tension-fluke-vr1710\/","url":"https:\/\/techmasterdemexico.com\/producto\/registrador-monofasico-de-calidad-de-la-tension-fluke-vr1710\/","name":"Registrador monofa\u0301sico de calidad de la tensio\u0301n Fluke VR1710 - Techmaster de Mexico","isPartOf":{"@id":"https:\/\/techmasterdemexico.com\/#website"},"primaryImageOfPage":{"@id":"https:\/\/techmasterdemexico.com\/producto\/registrador-monofasico-de-calidad-de-la-tension-fluke-vr1710\/#primaryimage"},"image":{"@id":"https:\/\/techmasterdemexico.com\/producto\/registrador-monofasico-de-calidad-de-la-tension-fluke-vr1710\/#primaryimage"},"thumbnailUrl":"https:\/\/techmasterdemexico.com\/wp-content\/uploads\/2022\/03\/VR1710.png","datePublished":"2022-03-25T21:24:19+00:00","dateModified":"2022-05-12T02:47:03+00:00","breadcrumb":{"@id":"https:\/\/techmasterdemexico.com\/producto\/registrador-monofasico-de-calidad-de-la-tension-fluke-vr1710\/#breadcrumb"},"inLanguage":"en-US","potentialAction":[{"@type":"ReadAction","target":["https:\/\/techmasterdemexico.com\/producto\/registrador-monofasico-de-calidad-de-la-tension-fluke-vr1710\/"]}]},{"@type":"ImageObject","inLanguage":"en-US","@id":"https:\/\/techmasterdemexico.com\/producto\/registrador-monofasico-de-calidad-de-la-tension-fluke-vr1710\/#primaryimage","url":"https:\/\/techmasterdemexico.com\/wp-content\/uploads\/2022\/03\/VR1710.png","contentUrl":"https:\/\/techmasterdemexico.com\/wp-content\/uploads\/2022\/03\/VR1710.png","width":1000,"height":1000},{"@type":"BreadcrumbList","@id":"https:\/\/techmasterdemexico.com\/producto\/registrador-monofasico-de-calidad-de-la-tension-fluke-vr1710\/#breadcrumb","itemListElement":[{"@type":"ListItem","position":1,"name":"Portada","item":"https:\/\/techmasterdemexico.com\/"},{"@type":"ListItem","position":2,"name":"Registrador monofa\u0301sico de calidad de la tensio\u0301n Fluke VR1710"}]},{"@type":"WebSite","@id":"https:\/\/techmasterdemexico.com\/#website","url":"https:\/\/techmasterdemexico.com\/","name":"Techmaster de Mexico","description":"","potentialAction":[{"@type":"SearchAction","target":{"@type":"EntryPoint","urlTemplate":"https:\/\/techmasterdemexico.com\/?s={search_term_string}"},"query-input":{"@type":"PropertyValueSpecification","valueRequired":true,"valueName":"search_term_string"}}],"inLanguage":"en-US"}]}},"brands":[{"id":31,"name":"Fluke","slug":"fluke"}],"_links":{"self":[{"href":"https:\/\/techmasterdemexico.com\/en\/wp-json\/wp\/v2\/product\/19138","targetHints":{"allow":["GET"]}}],"collection":[{"href":"https:\/\/techmasterdemexico.com\/en\/wp-json\/wp\/v2\/product"}],"about":[{"href":"https:\/\/techmasterdemexico.com\/en\/wp-json\/wp\/v2\/types\/product"}],"wp:featuredmedia":[{"embeddable":true,"href":"https:\/\/techmasterdemexico.com\/en\/wp-json\/wp\/v2\/media\/19140"}],"wp:attachment":[{"href":"https:\/\/techmasterdemexico.com\/en\/wp-json\/wp\/v2\/media?parent=19138"}],"wp:term":[{"taxonomy":"pwb-brand","embeddable":true,"href":"https:\/\/techmasterdemexico.com\/en\/wp-json\/wp\/v2\/pwb-brand?post=19138"},{"taxonomy":"product_brand","embeddable":true,"href":"https:\/\/techmasterdemexico.com\/en\/wp-json\/wp\/v2\/product_brand?post=19138"},{"taxonomy":"product_cat","embeddable":true,"href":"https:\/\/techmasterdemexico.com\/en\/wp-json\/wp\/v2\/product_cat?post=19138"},{"taxonomy":"product_tag","embeddable":true,"href":"https:\/\/techmasterdemexico.com\/en\/wp-json\/wp\/v2\/product_tag?post=19138"}],"curies":[{"name":"wp","href":"https:\/\/api.w.org\/{rel}","templated":true}]}}