{"id":19135,"date":"2022-03-25T21:19:13","date_gmt":"2022-03-25T21:19:13","guid":{"rendered":"https:\/\/techmasterdemexico.com\/?post_type=product&#038;p=19135"},"modified":"2022-05-12T02:47:03","modified_gmt":"2022-05-12T02:47:03","slug":"registrador-trifasico-de-calidad-electrica-fluke-1760","status":"publish","type":"product","link":"https:\/\/techmasterdemexico.com\/en\/producto\/registrador-trifasico-de-calidad-electrica-fluke-1760\/","title":{"rendered":"Registrador trif\u00e1sico de calidad el\u00e9ctrica Fluke 1760"},"content":{"rendered":"<p>Registrador trif\u00e1sico de calidad el\u00e9ctrica Fluke 1760<\/p>\n<p>&nbsp;<\/p>\n<p>Dise\u00f1o conforme a la clase A para las pruebas de calidad el\u00e9ctrica m\u00e1s exigentes<\/p>\n<p>&nbsp;<\/p>\n<p>El registrador trif\u00e1sico de calidad el\u00e9ctrica Fluke 1760 es completamente compatible con el est\u00e1ndar IEC 61000-4-30 clase A, para el an\u00e1lisis avanzado de calidad de la potencia y pruebas de cumplimiento constantes. Dise\u00f1ado para el an\u00e1lisis de sistemas industriales y p\u00fablicos de distribuci\u00f3n de energ\u00eda el\u00e9ctrica, en redes de medio y bajo voltaje. El registrador Fluke 1760 ofrece la excepcional flexibilidad para personalizar umbrales, algoritmos y selecciones de medida. El registrador trif\u00e1sico de calidad el\u00e9ctrica 1760 captura la informaci\u00f3n m\u00e1s detallada de los par\u00e1metros seleccionados por el propio usuario. La aplicaci\u00f3n de software PQAnalyze que se proporciona permite a los usuarios usar la medici\u00f3n a profundidad y generar an\u00e1lisis e informes sofisticados.<\/p>\n<p>&nbsp;<\/p>\n<p>Aplicaciones<\/p>\n<p>&nbsp;<\/p>\n<ul>\n<li>An\u00e1lisis de perturbaciones detallado: Realice un an\u00e1lisis de transitorios de alta velocidad e identifique la causa del funcionamiento incorrecto de los equipos para su posterior reparaci\u00f3n y mantenimiento predictivo. La opci\u00f3n de transitorios r\u00e1pidos, con su rango de medici\u00f3n de 6000 V, permite capturar impulsos extremadamente cortos, como los de los conmutadores de condensaci\u00f3n y los de los rayos.<\/li>\n<li>Cumplimiento de la calidad del servicio clase A: valide la calidad de la potencia el\u00e9ctrica entrante a la entrada del servicio. Al cumplir los requisitos de la clase A, el dispositivo Fluke 1760 permite realizar una verificaci\u00f3n incomparable. La conformidad con la clase A del dispositivo Fluke 1760 se ha verificado de forma independiente en un laboratorio l\u00edder en el mundo en calidad el\u00e9ctrica.<\/li>\n<li>Correlaci\u00f3n de eventos en varios lugares: Si usan la sincronizaci\u00f3n horaria por GPS, los usuarios pueden detectar d\u00f3nde ocurri\u00f3 primero una falla, dentro o fuera de la instalaci\u00f3n. La precisi\u00f3n de este sello de tiempo permite entender la propagaci\u00f3n de los eventos a trav\u00e9s de la red a los usuarios que tengan m\u00e1s de un analizador Fluke 1760 en su red.<\/li>\n<li>Separaci\u00f3n galv\u00e1nica y acoplamiento de CC: Permite realizar mediciones completas en sistemas el\u00e9ctricos distintos. Por ejemplo, localizaci\u00f3n de aver\u00edas en sistemas de alimentaci\u00f3n ininterrumpida con registro simult\u00e1neo de voltaje de la bater\u00eda y la salida de potencia.<\/li>\n<li>Estudios de cargas el\u00e9ctricas y calidad de la potencia: Eval\u00fae la calidad inicial de la potencia el\u00e9ctrica para validar la compatibilidad con sistemas cr\u00edticos antes de su instalaci\u00f3n y verificar la capacidad de sistemas el\u00e9ctricos antes de agregar cargas.<\/li>\n<\/ul>\n","protected":false},"excerpt":{"rendered":"<ul>\n<li>Conformidad con la clase A:Efect\u00fae pruebas de acuerdo con la estricta norma internacional IEC 61000-4-30 de clase A<\/li>\n<li>Sincronizaci\u00f3n GPS:Relaciona con precisi\u00f3n los datos y eventos registrados con una referencia horaria normalizada.<\/li>\n<li>Umbrales y factores de escala flexibles y completamente configurables:Permite al usuario analizar problemas espec\u00edficos definiendo los criterios detallados para la detecci\u00f3n y el registro de perturbaciones.<\/li>\n<li>Alimentaci\u00f3n ininterrumpida (40 minutos):Nunca se pierden eventos importantes, incluso registra el comienzo y fin de las interrupciones y cortes de voltaje para ayudar a determinar la causa<\/li>\n<li>Memoria de datos de 2 GB: permite almacenar informaci\u00f3n sincr\u00f3nica y detallada de numerosos par\u00e1metros el\u00e9ctricos y durante largos periodos de tiempo<\/li>\n<li>Incluye un software completo:que ofrece diagramas de tendencias para el an\u00e1lisis de problemas estructurales, res\u00famenes estad\u00edsticos, generaci\u00f3n de reportes y monitoreo de datos en l\u00ednea y en tiempo real<\/li>\n<li>Plug and play:Permite una configuraci\u00f3n r\u00e1pida gracias a la detecci\u00f3n autom\u00e1tica de sensores; adem\u00e1s, los sensores son alimentados por el instrumento, eliminando as\u00ed la necesidad de bater\u00edas<\/li>\n<li>Dise\u00f1o robusto para su uso en campo:Su carcasa aislante y dise\u00f1o totalmente electr\u00f3nico, sin componentes mec\u00e1nicos permiten realizar comprobaciones fiables bajo cualquier condici\u00f3n<\/li>\n<\/ul>\n","protected":false},"featured_media":19137,"template":"","meta":{"_acf_changed":false},"pwb-brand":[31],"product_brand":[],"product_cat":[366,132,30,190],"product_tag":[],"class_list":{"0":"post-19135","1":"product","2":"type-product","3":"status-publish","4":"has-post-thumbnail","6":"pwb-brand-fluke","7":"product_cat-todos-los-productos","8":"product_cat-calidad-electrica","9":"product_cat-fluke","10":"product_cat-registradores-de-calidad-electrica","12":"first","13":"instock","14":"taxable","15":"shipping-taxable","16":"product-type-simple"},"acf":[],"yoast_head":"<!-- This site is optimized with the Yoast SEO plugin v27.4 - https:\/\/yoast.com\/product\/yoast-seo-wordpress\/ -->\n<title>Registrador trif\u00e1sico de calidad el\u00e9ctrica Fluke 1760 - Techmaster de Mexico<\/title>\n<meta name=\"robots\" content=\"index, follow, max-snippet:-1, max-image-preview:large, max-video-preview:-1\" \/>\n<link rel=\"canonical\" href=\"https:\/\/techmasterdemexico.com\/producto\/registrador-trifasico-de-calidad-electrica-fluke-1760\/\" \/>\n<meta property=\"og:locale\" content=\"en_US\" \/>\n<meta property=\"og:type\" content=\"article\" \/>\n<meta property=\"og:title\" content=\"Registrador trif\u00e1sico de calidad el\u00e9ctrica Fluke 1760 - Techmaster de Mexico\" \/>\n<meta property=\"og:description\" content=\"Conformidad con la clase A:Efect\u00fae pruebas de acuerdo con la estricta norma internacional IEC 61000-4-30 de clase A  Sincronizaci\u00f3n GPS:Relaciona con precisi\u00f3n los datos y eventos registrados con una referencia horaria normalizada.  Umbrales y factores de escala flexibles y completamente configurables:Permite al usuario analizar problemas espec\u00edficos definiendo los criterios detallados para la detecci\u00f3n y el registro de perturbaciones.  Alimentaci\u00f3n ininterrumpida (40 minutos):Nunca se pierden eventos importantes, incluso registra el comienzo y fin de las interrupciones y cortes de voltaje para ayudar a determinar la causa  Memoria de datos de 2 GB: permite almacenar informaci\u00f3n sincr\u00f3nica y detallada de numerosos par\u00e1metros el\u00e9ctricos y durante largos periodos de tiempo  Incluye un software completo:que ofrece diagramas de tendencias para el an\u00e1lisis de problemas estructurales, res\u00famenes estad\u00edsticos, generaci\u00f3n de reportes y monitoreo de datos en l\u00ednea y en tiempo real  Plug and play:Permite una configuraci\u00f3n r\u00e1pida gracias a la detecci\u00f3n autom\u00e1tica de sensores; adem\u00e1s, los sensores son alimentados por el instrumento, eliminando as\u00ed la necesidad de bater\u00edas  Dise\u00f1o robusto para su uso en campo:Su carcasa aislante y dise\u00f1o totalmente electr\u00f3nico, sin componentes mec\u00e1nicos permiten realizar comprobaciones fiables bajo cualquier condici\u00f3n\" \/>\n<meta property=\"og:url\" content=\"https:\/\/techmasterdemexico.com\/producto\/registrador-trifasico-de-calidad-electrica-fluke-1760\/\" \/>\n<meta property=\"og:site_name\" content=\"Techmaster de Mexico\" \/>\n<meta property=\"article:modified_time\" content=\"2022-05-12T02:47:03+00:00\" \/>\n<meta property=\"og:image\" content=\"https:\/\/techmasterdemexico.com\/wp-content\/uploads\/2022\/03\/1760.jpg\" \/>\n\t<meta property=\"og:image:width\" content=\"400\" \/>\n\t<meta property=\"og:image:height\" content=\"400\" \/>\n\t<meta property=\"og:image:type\" content=\"image\/jpeg\" \/>\n<meta name=\"twitter:card\" content=\"summary_large_image\" \/>\n<meta name=\"twitter:label1\" content=\"Est. reading time\" \/>\n\t<meta name=\"twitter:data1\" content=\"2 minutes\" \/>\n<script type=\"application\/ld+json\" class=\"yoast-schema-graph\">{\"@context\":\"https:\\\/\\\/schema.org\",\"@graph\":[{\"@type\":\"WebPage\",\"@id\":\"https:\\\/\\\/techmasterdemexico.com\\\/producto\\\/registrador-trifasico-de-calidad-electrica-fluke-1760\\\/\",\"url\":\"https:\\\/\\\/techmasterdemexico.com\\\/producto\\\/registrador-trifasico-de-calidad-electrica-fluke-1760\\\/\",\"name\":\"Registrador trif\u00e1sico de calidad el\u00e9ctrica Fluke 1760 - Techmaster de Mexico\",\"isPartOf\":{\"@id\":\"https:\\\/\\\/techmasterdemexico.com\\\/#website\"},\"primaryImageOfPage\":{\"@id\":\"https:\\\/\\\/techmasterdemexico.com\\\/producto\\\/registrador-trifasico-de-calidad-electrica-fluke-1760\\\/#primaryimage\"},\"image\":{\"@id\":\"https:\\\/\\\/techmasterdemexico.com\\\/producto\\\/registrador-trifasico-de-calidad-electrica-fluke-1760\\\/#primaryimage\"},\"thumbnailUrl\":\"https:\\\/\\\/techmasterdemexico.com\\\/wp-content\\\/uploads\\\/2022\\\/03\\\/1760.jpg\",\"datePublished\":\"2022-03-25T21:19:13+00:00\",\"dateModified\":\"2022-05-12T02:47:03+00:00\",\"breadcrumb\":{\"@id\":\"https:\\\/\\\/techmasterdemexico.com\\\/producto\\\/registrador-trifasico-de-calidad-electrica-fluke-1760\\\/#breadcrumb\"},\"inLanguage\":\"en-US\",\"potentialAction\":[{\"@type\":\"ReadAction\",\"target\":[\"https:\\\/\\\/techmasterdemexico.com\\\/producto\\\/registrador-trifasico-de-calidad-electrica-fluke-1760\\\/\"]}]},{\"@type\":\"ImageObject\",\"inLanguage\":\"en-US\",\"@id\":\"https:\\\/\\\/techmasterdemexico.com\\\/producto\\\/registrador-trifasico-de-calidad-electrica-fluke-1760\\\/#primaryimage\",\"url\":\"https:\\\/\\\/techmasterdemexico.com\\\/wp-content\\\/uploads\\\/2022\\\/03\\\/1760.jpg\",\"contentUrl\":\"https:\\\/\\\/techmasterdemexico.com\\\/wp-content\\\/uploads\\\/2022\\\/03\\\/1760.jpg\",\"width\":400,\"height\":400},{\"@type\":\"BreadcrumbList\",\"@id\":\"https:\\\/\\\/techmasterdemexico.com\\\/producto\\\/registrador-trifasico-de-calidad-electrica-fluke-1760\\\/#breadcrumb\",\"itemListElement\":[{\"@type\":\"ListItem\",\"position\":1,\"name\":\"Portada\",\"item\":\"https:\\\/\\\/techmasterdemexico.com\\\/\"},{\"@type\":\"ListItem\",\"position\":2,\"name\":\"Registrador trif\u00e1sico de calidad el\u00e9ctrica Fluke 1760\"}]},{\"@type\":\"WebSite\",\"@id\":\"https:\\\/\\\/techmasterdemexico.com\\\/#website\",\"url\":\"https:\\\/\\\/techmasterdemexico.com\\\/\",\"name\":\"Techmaster de Mexico\",\"description\":\"\",\"potentialAction\":[{\"@type\":\"SearchAction\",\"target\":{\"@type\":\"EntryPoint\",\"urlTemplate\":\"https:\\\/\\\/techmasterdemexico.com\\\/?s={search_term_string}\"},\"query-input\":{\"@type\":\"PropertyValueSpecification\",\"valueRequired\":true,\"valueName\":\"search_term_string\"}}],\"inLanguage\":\"en-US\"}]}<\/script>\n<!-- \/ Yoast SEO plugin. -->","yoast_head_json":{"title":"Registrador trif\u00e1sico de calidad el\u00e9ctrica Fluke 1760 - Techmaster de Mexico","robots":{"index":"index","follow":"follow","max-snippet":"max-snippet:-1","max-image-preview":"max-image-preview:large","max-video-preview":"max-video-preview:-1"},"canonical":"https:\/\/techmasterdemexico.com\/producto\/registrador-trifasico-de-calidad-electrica-fluke-1760\/","og_locale":"en_US","og_type":"article","og_title":"Registrador trif\u00e1sico de calidad el\u00e9ctrica Fluke 1760 - Techmaster de Mexico","og_description":"Conformidad con la clase A:Efect\u00fae pruebas de acuerdo con la estricta norma internacional IEC 61000-4-30 de clase A  Sincronizaci\u00f3n GPS:Relaciona con precisi\u00f3n los datos y eventos registrados con una referencia horaria normalizada.  Umbrales y factores de escala flexibles y completamente configurables:Permite al usuario analizar problemas espec\u00edficos definiendo los criterios detallados para la detecci\u00f3n y el registro de perturbaciones.  Alimentaci\u00f3n ininterrumpida (40 minutos):Nunca se pierden eventos importantes, incluso registra el comienzo y fin de las interrupciones y cortes de voltaje para ayudar a determinar la causa  Memoria de datos de 2 GB: permite almacenar informaci\u00f3n sincr\u00f3nica y detallada de numerosos par\u00e1metros el\u00e9ctricos y durante largos periodos de tiempo  Incluye un software completo:que ofrece diagramas de tendencias para el an\u00e1lisis de problemas estructurales, res\u00famenes estad\u00edsticos, generaci\u00f3n de reportes y monitoreo de datos en l\u00ednea y en tiempo real  Plug and play:Permite una configuraci\u00f3n r\u00e1pida gracias a la detecci\u00f3n autom\u00e1tica de sensores; adem\u00e1s, los sensores son alimentados por el instrumento, eliminando as\u00ed la necesidad de bater\u00edas  Dise\u00f1o robusto para su uso en campo:Su carcasa aislante y dise\u00f1o totalmente electr\u00f3nico, sin componentes mec\u00e1nicos permiten realizar comprobaciones fiables bajo cualquier condici\u00f3n","og_url":"https:\/\/techmasterdemexico.com\/producto\/registrador-trifasico-de-calidad-electrica-fluke-1760\/","og_site_name":"Techmaster de Mexico","article_modified_time":"2022-05-12T02:47:03+00:00","og_image":[{"width":400,"height":400,"url":"https:\/\/techmasterdemexico.com\/wp-content\/uploads\/2022\/03\/1760.jpg","type":"image\/jpeg"}],"twitter_card":"summary_large_image","twitter_misc":{"Est. reading time":"2 minutes"},"schema":{"@context":"https:\/\/schema.org","@graph":[{"@type":"WebPage","@id":"https:\/\/techmasterdemexico.com\/producto\/registrador-trifasico-de-calidad-electrica-fluke-1760\/","url":"https:\/\/techmasterdemexico.com\/producto\/registrador-trifasico-de-calidad-electrica-fluke-1760\/","name":"Registrador trif\u00e1sico de calidad el\u00e9ctrica Fluke 1760 - Techmaster de Mexico","isPartOf":{"@id":"https:\/\/techmasterdemexico.com\/#website"},"primaryImageOfPage":{"@id":"https:\/\/techmasterdemexico.com\/producto\/registrador-trifasico-de-calidad-electrica-fluke-1760\/#primaryimage"},"image":{"@id":"https:\/\/techmasterdemexico.com\/producto\/registrador-trifasico-de-calidad-electrica-fluke-1760\/#primaryimage"},"thumbnailUrl":"https:\/\/techmasterdemexico.com\/wp-content\/uploads\/2022\/03\/1760.jpg","datePublished":"2022-03-25T21:19:13+00:00","dateModified":"2022-05-12T02:47:03+00:00","breadcrumb":{"@id":"https:\/\/techmasterdemexico.com\/producto\/registrador-trifasico-de-calidad-electrica-fluke-1760\/#breadcrumb"},"inLanguage":"en-US","potentialAction":[{"@type":"ReadAction","target":["https:\/\/techmasterdemexico.com\/producto\/registrador-trifasico-de-calidad-electrica-fluke-1760\/"]}]},{"@type":"ImageObject","inLanguage":"en-US","@id":"https:\/\/techmasterdemexico.com\/producto\/registrador-trifasico-de-calidad-electrica-fluke-1760\/#primaryimage","url":"https:\/\/techmasterdemexico.com\/wp-content\/uploads\/2022\/03\/1760.jpg","contentUrl":"https:\/\/techmasterdemexico.com\/wp-content\/uploads\/2022\/03\/1760.jpg","width":400,"height":400},{"@type":"BreadcrumbList","@id":"https:\/\/techmasterdemexico.com\/producto\/registrador-trifasico-de-calidad-electrica-fluke-1760\/#breadcrumb","itemListElement":[{"@type":"ListItem","position":1,"name":"Portada","item":"https:\/\/techmasterdemexico.com\/"},{"@type":"ListItem","position":2,"name":"Registrador trif\u00e1sico de calidad el\u00e9ctrica Fluke 1760"}]},{"@type":"WebSite","@id":"https:\/\/techmasterdemexico.com\/#website","url":"https:\/\/techmasterdemexico.com\/","name":"Techmaster de Mexico","description":"","potentialAction":[{"@type":"SearchAction","target":{"@type":"EntryPoint","urlTemplate":"https:\/\/techmasterdemexico.com\/?s={search_term_string}"},"query-input":{"@type":"PropertyValueSpecification","valueRequired":true,"valueName":"search_term_string"}}],"inLanguage":"en-US"}]}},"brands":[{"id":31,"name":"Fluke","slug":"fluke"}],"_links":{"self":[{"href":"https:\/\/techmasterdemexico.com\/en\/wp-json\/wp\/v2\/product\/19135","targetHints":{"allow":["GET"]}}],"collection":[{"href":"https:\/\/techmasterdemexico.com\/en\/wp-json\/wp\/v2\/product"}],"about":[{"href":"https:\/\/techmasterdemexico.com\/en\/wp-json\/wp\/v2\/types\/product"}],"wp:featuredmedia":[{"embeddable":true,"href":"https:\/\/techmasterdemexico.com\/en\/wp-json\/wp\/v2\/media\/19137"}],"wp:attachment":[{"href":"https:\/\/techmasterdemexico.com\/en\/wp-json\/wp\/v2\/media?parent=19135"}],"wp:term":[{"taxonomy":"pwb-brand","embeddable":true,"href":"https:\/\/techmasterdemexico.com\/en\/wp-json\/wp\/v2\/pwb-brand?post=19135"},{"taxonomy":"product_brand","embeddable":true,"href":"https:\/\/techmasterdemexico.com\/en\/wp-json\/wp\/v2\/product_brand?post=19135"},{"taxonomy":"product_cat","embeddable":true,"href":"https:\/\/techmasterdemexico.com\/en\/wp-json\/wp\/v2\/product_cat?post=19135"},{"taxonomy":"product_tag","embeddable":true,"href":"https:\/\/techmasterdemexico.com\/en\/wp-json\/wp\/v2\/product_tag?post=19135"}],"curies":[{"name":"wp","href":"https:\/\/api.w.org\/{rel}","templated":true}]}}