{"id":16712,"date":"2021-12-22T01:30:13","date_gmt":"2021-12-22T01:30:13","guid":{"rendered":"https:\/\/techmastermx.ddns.net\/producto\/usb-itpak-version-2-1-software-con-licencia\/"},"modified":"2022-02-04T00:11:43","modified_gmt":"2022-02-04T00:11:43","slug":"usb-itpak-version-2-1-software-con-licencia","status":"publish","type":"product","link":"https:\/\/techmasterdemexico.com\/en\/producto\/usb-itpak-version-2-1-software-con-licencia\/","title":{"rendered":"USB-ITPAK Versi\u00f3n 2.1 Software con licencia"},"content":{"rendered":"<p>USB-ITPAK Versi\u00f3n 2.1<br \/>\nSoftware con licencia<br \/>\nN\u00famero de art\u00edculo: 06AFM386<\/p>\n<p>&nbsp;<\/p>\n<ul>\n<li>USB-ITPAK es un software de ajuste y adquisici\u00f3n de datos, que adquiere datos desde los instrumentos de medici\u00f3n Digimatic con opci\u00f3n de salida y entrada a Microsoft Excel.<\/li>\n<li>Cable USB directo, sistema de comunicaci\u00f3n wifi U-WAVE y adaptador USB para enviar datos a una hoja MS Excel.<\/li>\n<\/ul>\n","protected":false},"excerpt":{"rendered":"<ul>\n<li>Observaciones:<br \/>\nSe puede utilizar para Comunicaci\u00f3n Inal\u00e1mbrica (U-WAVE), Cable Directo de Entradas de Datos a USB<br \/>\nyHerramienta N\u00ba 264-16-10 de Introducci\u00f3n de Datos a USB<\/li>\n<li>Compatibilidad OS:<br \/>\nWindows\u00ae 2000 Professional (\u2265SP4), Windows\u00ae XP Professional (\u2265SP2), Windows\u00ae XP Home Edition (\u2265SP2), Windows Vista\u00ae\/7 (32bit,64bit), Windows\u00ae 8, 8.1, 10 (32bit,64bit)<\/li>\n<li>Applicable MS Excel Version:<br \/>\nMicrosoft\u00ae Excel\u00ae 2002\/2003\/2007\/2010\/2013\/2016<\/li>\n<li>Idioma para visualizar:<br \/>\nIngl\u00e9s, Alem\u00e1n, Franc\u00e9s, Italiano, Espa\u00f1ol, turco, checo, polaco, H\u00fangaro, sueco, ruso, Japon\u00e9s, coreano, simplificado Chino, tradicional chino<\/li>\n<li>Functions:<br \/>\nSetting of Microsoft\u00ae Excel\u00ae input (workbook, worksheet, cell range a.s.o.). Data collection: USB Input Tool Direct cable or wireless communication system (U-Wave). Selection of measuring input (sequential, simultaneous or individual). Control of data input (mouse, foot switch or keyboard) Character string input by foot switch, timer function, measurement time input. For further information, please see user manual (linked under the instructions heading below).<\/li>\n<\/ul>\n","protected":false},"featured_media":17564,"template":"","meta":{"_acf_changed":false},"pwb-brand":[39],"product_brand":[],"product_cat":[366,331,38,433,439],"product_tag":[],"class_list":{"0":"post-16712","1":"product","2":"type-product","3":"status-publish","4":"has-post-thumbnail","6":"pwb-brand-mitutoyo","7":"product_cat-todos-los-productos","8":"product_cat-instrumentos-de-medicion-y-gestion-de-datos","9":"product_cat-mitutoyo","10":"product_cat-sistema-de-comunicacion-de-datos","11":"product_cat-software-de-gestion-de-calidad","13":"first","14":"instock","15":"taxable","16":"shipping-taxable","17":"product-type-simple"},"acf":[],"yoast_head":"<!-- This site is optimized with the Yoast SEO plugin v27.4 - https:\/\/yoast.com\/product\/yoast-seo-wordpress\/ -->\n<title>USB-ITPAK Versi\u00f3n 2.1 Software con licencia - Techmaster de Mexico<\/title>\n<meta name=\"robots\" content=\"index, follow, max-snippet:-1, max-image-preview:large, max-video-preview:-1\" \/>\n<link rel=\"canonical\" href=\"https:\/\/techmasterdemexico.com\/producto\/usb-itpak-version-2-1-software-con-licencia\/\" \/>\n<meta property=\"og:locale\" content=\"en_US\" \/>\n<meta property=\"og:type\" content=\"article\" \/>\n<meta property=\"og:title\" content=\"USB-ITPAK Versi\u00f3n 2.1 Software con licencia - Techmaster de Mexico\" \/>\n<meta property=\"og:description\" content=\"Observaciones: Se puede utilizar para Comunicaci\u00f3n Inal\u00e1mbrica (U-WAVE), Cable Directo de Entradas de Datos a USB yHerramienta N\u00ba 264-16-10 de Introducci\u00f3n de Datos a USB  Compatibilidad OS: Windows\u00ae 2000 Professional (\u2265SP4), Windows\u00ae XP Professional (\u2265SP2), Windows\u00ae XP Home Edition (\u2265SP2), Windows Vista\u00ae\/7 (32bit,64bit), Windows\u00ae 8, 8.1, 10 (32bit,64bit)  Applicable MS Excel Version: Microsoft\u00ae Excel\u00ae 2002\/2003\/2007\/2010\/2013\/2016  Idioma para visualizar: Ingl\u00e9s, Alem\u00e1n, Franc\u00e9s, Italiano, Espa\u00f1ol, turco, checo, polaco, H\u00fangaro, sueco, ruso, Japon\u00e9s, coreano, simplificado Chino, tradicional chino  Functions: Setting of Microsoft\u00ae Excel\u00ae input (workbook, worksheet, cell range a.s.o.). Data collection: USB Input Tool Direct cable or wireless communication system (U-Wave). Selection of measuring input (sequential, simultaneous or individual). Control of data input (mouse, foot switch or keyboard) Character string input by foot switch, timer function, measurement time input. For further information, please see user manual (linked under the instructions heading below).\" \/>\n<meta property=\"og:url\" content=\"https:\/\/techmasterdemexico.com\/producto\/usb-itpak-version-2-1-software-con-licencia\/\" \/>\n<meta property=\"og:site_name\" content=\"Techmaster de Mexico\" \/>\n<meta property=\"article:modified_time\" content=\"2022-02-04T00:11:43+00:00\" \/>\n<meta property=\"og:image\" content=\"https:\/\/techmasterdemexico.com\/wp-content\/uploads\/2021\/12\/usb_itpak_cdlabel_jpg.png\" \/>\n\t<meta property=\"og:image:width\" content=\"800\" \/>\n\t<meta property=\"og:image:height\" content=\"800\" \/>\n\t<meta property=\"og:image:type\" content=\"image\/png\" \/>\n<meta name=\"twitter:card\" content=\"summary_large_image\" \/>\n<script type=\"application\/ld+json\" class=\"yoast-schema-graph\">{\"@context\":\"https:\\\/\\\/schema.org\",\"@graph\":[{\"@type\":\"WebPage\",\"@id\":\"https:\\\/\\\/techmasterdemexico.com\\\/producto\\\/usb-itpak-version-2-1-software-con-licencia\\\/\",\"url\":\"https:\\\/\\\/techmasterdemexico.com\\\/producto\\\/usb-itpak-version-2-1-software-con-licencia\\\/\",\"name\":\"USB-ITPAK Versi\u00f3n 2.1 Software con licencia - Techmaster de Mexico\",\"isPartOf\":{\"@id\":\"https:\\\/\\\/techmasterdemexico.com\\\/#website\"},\"primaryImageOfPage\":{\"@id\":\"https:\\\/\\\/techmasterdemexico.com\\\/producto\\\/usb-itpak-version-2-1-software-con-licencia\\\/#primaryimage\"},\"image\":{\"@id\":\"https:\\\/\\\/techmasterdemexico.com\\\/producto\\\/usb-itpak-version-2-1-software-con-licencia\\\/#primaryimage\"},\"thumbnailUrl\":\"https:\\\/\\\/techmasterdemexico.com\\\/wp-content\\\/uploads\\\/2021\\\/12\\\/usb_itpak_cdlabel_jpg.png\",\"datePublished\":\"2021-12-22T01:30:13+00:00\",\"dateModified\":\"2022-02-04T00:11:43+00:00\",\"breadcrumb\":{\"@id\":\"https:\\\/\\\/techmasterdemexico.com\\\/producto\\\/usb-itpak-version-2-1-software-con-licencia\\\/#breadcrumb\"},\"inLanguage\":\"en-US\",\"potentialAction\":[{\"@type\":\"ReadAction\",\"target\":[\"https:\\\/\\\/techmasterdemexico.com\\\/producto\\\/usb-itpak-version-2-1-software-con-licencia\\\/\"]}]},{\"@type\":\"ImageObject\",\"inLanguage\":\"en-US\",\"@id\":\"https:\\\/\\\/techmasterdemexico.com\\\/producto\\\/usb-itpak-version-2-1-software-con-licencia\\\/#primaryimage\",\"url\":\"https:\\\/\\\/techmasterdemexico.com\\\/wp-content\\\/uploads\\\/2021\\\/12\\\/usb_itpak_cdlabel_jpg.png\",\"contentUrl\":\"https:\\\/\\\/techmasterdemexico.com\\\/wp-content\\\/uploads\\\/2021\\\/12\\\/usb_itpak_cdlabel_jpg.png\",\"width\":800,\"height\":800},{\"@type\":\"BreadcrumbList\",\"@id\":\"https:\\\/\\\/techmasterdemexico.com\\\/producto\\\/usb-itpak-version-2-1-software-con-licencia\\\/#breadcrumb\",\"itemListElement\":[{\"@type\":\"ListItem\",\"position\":1,\"name\":\"Portada\",\"item\":\"https:\\\/\\\/techmasterdemexico.com\\\/\"},{\"@type\":\"ListItem\",\"position\":2,\"name\":\"USB-ITPAK Versi\u00f3n 2.1 Software con licencia\"}]},{\"@type\":\"WebSite\",\"@id\":\"https:\\\/\\\/techmasterdemexico.com\\\/#website\",\"url\":\"https:\\\/\\\/techmasterdemexico.com\\\/\",\"name\":\"Techmaster de Mexico\",\"description\":\"\",\"potentialAction\":[{\"@type\":\"SearchAction\",\"target\":{\"@type\":\"EntryPoint\",\"urlTemplate\":\"https:\\\/\\\/techmasterdemexico.com\\\/?s={search_term_string}\"},\"query-input\":{\"@type\":\"PropertyValueSpecification\",\"valueRequired\":true,\"valueName\":\"search_term_string\"}}],\"inLanguage\":\"en-US\"}]}<\/script>\n<!-- \/ Yoast SEO plugin. -->","yoast_head_json":{"title":"USB-ITPAK Versi\u00f3n 2.1 Software con licencia - Techmaster de Mexico","robots":{"index":"index","follow":"follow","max-snippet":"max-snippet:-1","max-image-preview":"max-image-preview:large","max-video-preview":"max-video-preview:-1"},"canonical":"https:\/\/techmasterdemexico.com\/producto\/usb-itpak-version-2-1-software-con-licencia\/","og_locale":"en_US","og_type":"article","og_title":"USB-ITPAK Versi\u00f3n 2.1 Software con licencia - Techmaster de Mexico","og_description":"Observaciones: Se puede utilizar para Comunicaci\u00f3n Inal\u00e1mbrica (U-WAVE), Cable Directo de Entradas de Datos a USB yHerramienta N\u00ba 264-16-10 de Introducci\u00f3n de Datos a USB  Compatibilidad OS: Windows\u00ae 2000 Professional (\u2265SP4), Windows\u00ae XP Professional (\u2265SP2), Windows\u00ae XP Home Edition (\u2265SP2), Windows Vista\u00ae\/7 (32bit,64bit), Windows\u00ae 8, 8.1, 10 (32bit,64bit)  Applicable MS Excel Version: Microsoft\u00ae Excel\u00ae 2002\/2003\/2007\/2010\/2013\/2016  Idioma para visualizar: Ingl\u00e9s, Alem\u00e1n, Franc\u00e9s, Italiano, Espa\u00f1ol, turco, checo, polaco, H\u00fangaro, sueco, ruso, Japon\u00e9s, coreano, simplificado Chino, tradicional chino  Functions: Setting of Microsoft\u00ae Excel\u00ae input (workbook, worksheet, cell range a.s.o.). Data collection: USB Input Tool Direct cable or wireless communication system (U-Wave). Selection of measuring input (sequential, simultaneous or individual). Control of data input (mouse, foot switch or keyboard) Character string input by foot switch, timer function, measurement time input. For further information, please see user manual (linked under the instructions heading below).","og_url":"https:\/\/techmasterdemexico.com\/producto\/usb-itpak-version-2-1-software-con-licencia\/","og_site_name":"Techmaster de Mexico","article_modified_time":"2022-02-04T00:11:43+00:00","og_image":[{"width":800,"height":800,"url":"https:\/\/techmasterdemexico.com\/wp-content\/uploads\/2021\/12\/usb_itpak_cdlabel_jpg.png","type":"image\/png"}],"twitter_card":"summary_large_image","schema":{"@context":"https:\/\/schema.org","@graph":[{"@type":"WebPage","@id":"https:\/\/techmasterdemexico.com\/producto\/usb-itpak-version-2-1-software-con-licencia\/","url":"https:\/\/techmasterdemexico.com\/producto\/usb-itpak-version-2-1-software-con-licencia\/","name":"USB-ITPAK Versi\u00f3n 2.1 Software con licencia - Techmaster de Mexico","isPartOf":{"@id":"https:\/\/techmasterdemexico.com\/#website"},"primaryImageOfPage":{"@id":"https:\/\/techmasterdemexico.com\/producto\/usb-itpak-version-2-1-software-con-licencia\/#primaryimage"},"image":{"@id":"https:\/\/techmasterdemexico.com\/producto\/usb-itpak-version-2-1-software-con-licencia\/#primaryimage"},"thumbnailUrl":"https:\/\/techmasterdemexico.com\/wp-content\/uploads\/2021\/12\/usb_itpak_cdlabel_jpg.png","datePublished":"2021-12-22T01:30:13+00:00","dateModified":"2022-02-04T00:11:43+00:00","breadcrumb":{"@id":"https:\/\/techmasterdemexico.com\/producto\/usb-itpak-version-2-1-software-con-licencia\/#breadcrumb"},"inLanguage":"en-US","potentialAction":[{"@type":"ReadAction","target":["https:\/\/techmasterdemexico.com\/producto\/usb-itpak-version-2-1-software-con-licencia\/"]}]},{"@type":"ImageObject","inLanguage":"en-US","@id":"https:\/\/techmasterdemexico.com\/producto\/usb-itpak-version-2-1-software-con-licencia\/#primaryimage","url":"https:\/\/techmasterdemexico.com\/wp-content\/uploads\/2021\/12\/usb_itpak_cdlabel_jpg.png","contentUrl":"https:\/\/techmasterdemexico.com\/wp-content\/uploads\/2021\/12\/usb_itpak_cdlabel_jpg.png","width":800,"height":800},{"@type":"BreadcrumbList","@id":"https:\/\/techmasterdemexico.com\/producto\/usb-itpak-version-2-1-software-con-licencia\/#breadcrumb","itemListElement":[{"@type":"ListItem","position":1,"name":"Portada","item":"https:\/\/techmasterdemexico.com\/"},{"@type":"ListItem","position":2,"name":"USB-ITPAK Versi\u00f3n 2.1 Software con licencia"}]},{"@type":"WebSite","@id":"https:\/\/techmasterdemexico.com\/#website","url":"https:\/\/techmasterdemexico.com\/","name":"Techmaster de Mexico","description":"","potentialAction":[{"@type":"SearchAction","target":{"@type":"EntryPoint","urlTemplate":"https:\/\/techmasterdemexico.com\/?s={search_term_string}"},"query-input":{"@type":"PropertyValueSpecification","valueRequired":true,"valueName":"search_term_string"}}],"inLanguage":"en-US"}]}},"brands":[{"id":39,"name":"Mitutoyo","slug":"mitutoyo"}],"_links":{"self":[{"href":"https:\/\/techmasterdemexico.com\/en\/wp-json\/wp\/v2\/product\/16712","targetHints":{"allow":["GET"]}}],"collection":[{"href":"https:\/\/techmasterdemexico.com\/en\/wp-json\/wp\/v2\/product"}],"about":[{"href":"https:\/\/techmasterdemexico.com\/en\/wp-json\/wp\/v2\/types\/product"}],"wp:featuredmedia":[{"embeddable":true,"href":"https:\/\/techmasterdemexico.com\/en\/wp-json\/wp\/v2\/media\/17564"}],"wp:attachment":[{"href":"https:\/\/techmasterdemexico.com\/en\/wp-json\/wp\/v2\/media?parent=16712"}],"wp:term":[{"taxonomy":"pwb-brand","embeddable":true,"href":"https:\/\/techmasterdemexico.com\/en\/wp-json\/wp\/v2\/pwb-brand?post=16712"},{"taxonomy":"product_brand","embeddable":true,"href":"https:\/\/techmasterdemexico.com\/en\/wp-json\/wp\/v2\/product_brand?post=16712"},{"taxonomy":"product_cat","embeddable":true,"href":"https:\/\/techmasterdemexico.com\/en\/wp-json\/wp\/v2\/product_cat?post=16712"},{"taxonomy":"product_tag","embeddable":true,"href":"https:\/\/techmasterdemexico.com\/en\/wp-json\/wp\/v2\/product_tag?post=16712"}],"curies":[{"name":"wp","href":"https:\/\/api.w.org\/{rel}","templated":true}]}}