{"id":16707,"date":"2021-12-22T01:30:08","date_gmt":"2021-12-22T01:30:08","guid":{"rendered":"https:\/\/techmastermx.ddns.net\/producto\/rml-workgroup-license-v9-15-licenses\/"},"modified":"2022-02-04T06:46:02","modified_gmt":"2022-02-04T06:46:02","slug":"rml-workgroup-license-v9-15-licenses","status":"publish","type":"product","link":"https:\/\/techmasterdemexico.com\/en\/producto\/rml-workgroup-license-v9-15-licenses\/","title":{"rendered":"(R)ML WORKGROUP LICENSE V9, 15 LICENSES"},"content":{"rendered":"<p>(R)ML WORKGROUP LICENSE V9, 10 LICENSES<br \/>\n10 LICENSES<br \/>\nN\u00famero de art\u00edculo: 64AAB617R<\/p>\n<p>&nbsp;<\/p>\n<ul>\n<li>Soporta y vincula todos los dispositivos de medici\u00f3n de Mitutoyo, desde el dispositivo de medici\u00f3n\u00a0port\u00e1til hasta la m\u00e1quina de medici\u00f3n por coordenadas.<\/li>\n<li>Permite la integraci\u00f3n de datos de medici\u00f3n desde dispositivos de medici\u00f3n anal\u00f3gicos.<\/li>\n<li>Adaptable pr\u00e1cticamente a cualquier situaci\u00f3n de medici\u00f3n, grabaci\u00f3n ilimitada, administraci\u00f3n, evaluaci\u00f3n, registro, documentaci\u00f3n y trazado de datos de medici\u00f3n.<\/li>\n<li>Vinculaci\u00f3n de dispositivos de medici\u00f3n exclusivamente en su compa\u00f1\u00eda as\u00ed como en las instalaciones de sus clientes o proveedores.<\/li>\n<li>C\u00f3modo, de uso f\u00e1cil.<\/li>\n<\/ul>\n<p>&nbsp;<\/p>\n<p>Aplicaciones Measurlink disponibles<\/p>\n<ul>\n<li>Real-Time Est\u00e1ndar<\/li>\n<li>Real-Time Profesional<\/li>\n<li>Real-Time Profesional 3D<\/li>\n<li>Proceso Analizador<\/li>\n<\/ul>\n","protected":false},"excerpt":{"rendered":"<ul>\n<li>Descripci\u00f3n:<br \/>\n(R)ML Workgroup License V9, 10 Licenses*<\/li>\n<\/ul>\n","protected":false},"featured_media":17569,"template":"","meta":{"_acf_changed":false},"pwb-brand":[39],"product_brand":[],"product_cat":[366,331,38,433,439],"product_tag":[],"class_list":{"0":"post-16707","1":"product","2":"type-product","3":"status-publish","4":"has-post-thumbnail","6":"pwb-brand-mitutoyo","7":"product_cat-todos-los-productos","8":"product_cat-instrumentos-de-medicion-y-gestion-de-datos","9":"product_cat-mitutoyo","10":"product_cat-sistema-de-comunicacion-de-datos","11":"product_cat-software-de-gestion-de-calidad","13":"first","14":"instock","15":"taxable","16":"shipping-taxable","17":"product-type-simple"},"acf":[],"yoast_head":"<!-- This site is optimized with the Yoast SEO plugin v27.4 - https:\/\/yoast.com\/product\/yoast-seo-wordpress\/ -->\n<title>(R)ML WORKGROUP LICENSE V9, 15 LICENSES - Techmaster de Mexico<\/title>\n<meta name=\"robots\" content=\"index, follow, max-snippet:-1, max-image-preview:large, max-video-preview:-1\" \/>\n<link rel=\"canonical\" href=\"https:\/\/techmasterdemexico.com\/en\/producto\/rml-workgroup-license-v9-15-licenses\/\" \/>\n<meta property=\"og:locale\" content=\"en_US\" \/>\n<meta property=\"og:type\" content=\"article\" \/>\n<meta property=\"og:title\" content=\"(R)ML WORKGROUP LICENSE V9, 15 LICENSES - Techmaster de Mexico\" \/>\n<meta property=\"og:description\" content=\"Descripci\u00f3n: (R)ML Workgroup License V9, 10 Licenses*\" \/>\n<meta property=\"og:url\" content=\"https:\/\/techmasterdemexico.com\/en\/producto\/rml-workgroup-license-v9-15-licenses\/\" \/>\n<meta property=\"og:site_name\" content=\"Techmaster de Mexico\" \/>\n<meta property=\"article:modified_time\" content=\"2022-02-04T06:46:02+00:00\" \/>\n<meta property=\"og:image\" content=\"https:\/\/techmasterdemexico.com\/wp-content\/uploads\/2021\/12\/measurelink_cool_graphic_jpg.jpg\" \/>\n\t<meta property=\"og:image:width\" content=\"600\" \/>\n\t<meta property=\"og:image:height\" content=\"600\" \/>\n\t<meta property=\"og:image:type\" content=\"image\/jpeg\" \/>\n<meta name=\"twitter:card\" content=\"summary_large_image\" \/>\n<meta name=\"twitter:label1\" content=\"Est. reading time\" \/>\n\t<meta name=\"twitter:data1\" content=\"1 minute\" \/>\n<script type=\"application\/ld+json\" class=\"yoast-schema-graph\">{\"@context\":\"https:\\\/\\\/schema.org\",\"@graph\":[{\"@type\":\"WebPage\",\"@id\":\"https:\\\/\\\/techmasterdemexico.com\\\/en\\\/producto\\\/rml-workgroup-license-v9-15-licenses\\\/\",\"url\":\"https:\\\/\\\/techmasterdemexico.com\\\/en\\\/producto\\\/rml-workgroup-license-v9-15-licenses\\\/\",\"name\":\"(R)ML WORKGROUP LICENSE V9, 15 LICENSES - Techmaster de Mexico\",\"isPartOf\":{\"@id\":\"https:\\\/\\\/techmasterdemexico.com\\\/#website\"},\"primaryImageOfPage\":{\"@id\":\"https:\\\/\\\/techmasterdemexico.com\\\/en\\\/producto\\\/rml-workgroup-license-v9-15-licenses\\\/#primaryimage\"},\"image\":{\"@id\":\"https:\\\/\\\/techmasterdemexico.com\\\/en\\\/producto\\\/rml-workgroup-license-v9-15-licenses\\\/#primaryimage\"},\"thumbnailUrl\":\"https:\\\/\\\/techmasterdemexico.com\\\/wp-content\\\/uploads\\\/2021\\\/12\\\/measurelink_cool_graphic_jpg.jpg\",\"datePublished\":\"2021-12-22T01:30:08+00:00\",\"dateModified\":\"2022-02-04T06:46:02+00:00\",\"breadcrumb\":{\"@id\":\"https:\\\/\\\/techmasterdemexico.com\\\/en\\\/producto\\\/rml-workgroup-license-v9-15-licenses\\\/#breadcrumb\"},\"inLanguage\":\"en-US\",\"potentialAction\":[{\"@type\":\"ReadAction\",\"target\":[\"https:\\\/\\\/techmasterdemexico.com\\\/en\\\/producto\\\/rml-workgroup-license-v9-15-licenses\\\/\"]}]},{\"@type\":\"ImageObject\",\"inLanguage\":\"en-US\",\"@id\":\"https:\\\/\\\/techmasterdemexico.com\\\/en\\\/producto\\\/rml-workgroup-license-v9-15-licenses\\\/#primaryimage\",\"url\":\"https:\\\/\\\/techmasterdemexico.com\\\/wp-content\\\/uploads\\\/2021\\\/12\\\/measurelink_cool_graphic_jpg.jpg\",\"contentUrl\":\"https:\\\/\\\/techmasterdemexico.com\\\/wp-content\\\/uploads\\\/2021\\\/12\\\/measurelink_cool_graphic_jpg.jpg\",\"width\":600,\"height\":600},{\"@type\":\"BreadcrumbList\",\"@id\":\"https:\\\/\\\/techmasterdemexico.com\\\/en\\\/producto\\\/rml-workgroup-license-v9-15-licenses\\\/#breadcrumb\",\"itemListElement\":[{\"@type\":\"ListItem\",\"position\":1,\"name\":\"Portada\",\"item\":\"https:\\\/\\\/techmasterdemexico.com\\\/\"},{\"@type\":\"ListItem\",\"position\":2,\"name\":\"(R)ML WORKGROUP LICENSE V9, 15 LICENSES\"}]},{\"@type\":\"WebSite\",\"@id\":\"https:\\\/\\\/techmasterdemexico.com\\\/#website\",\"url\":\"https:\\\/\\\/techmasterdemexico.com\\\/\",\"name\":\"Techmaster de Mexico\",\"description\":\"\",\"potentialAction\":[{\"@type\":\"SearchAction\",\"target\":{\"@type\":\"EntryPoint\",\"urlTemplate\":\"https:\\\/\\\/techmasterdemexico.com\\\/?s={search_term_string}\"},\"query-input\":{\"@type\":\"PropertyValueSpecification\",\"valueRequired\":true,\"valueName\":\"search_term_string\"}}],\"inLanguage\":\"en-US\"}]}<\/script>\n<!-- \/ Yoast SEO plugin. -->","yoast_head_json":{"title":"(R)ML WORKGROUP LICENSE V9, 15 LICENSES - Techmaster de Mexico","robots":{"index":"index","follow":"follow","max-snippet":"max-snippet:-1","max-image-preview":"max-image-preview:large","max-video-preview":"max-video-preview:-1"},"canonical":"https:\/\/techmasterdemexico.com\/en\/producto\/rml-workgroup-license-v9-15-licenses\/","og_locale":"en_US","og_type":"article","og_title":"(R)ML WORKGROUP LICENSE V9, 15 LICENSES - Techmaster de Mexico","og_description":"Descripci\u00f3n: (R)ML Workgroup License V9, 10 Licenses*","og_url":"https:\/\/techmasterdemexico.com\/en\/producto\/rml-workgroup-license-v9-15-licenses\/","og_site_name":"Techmaster de Mexico","article_modified_time":"2022-02-04T06:46:02+00:00","og_image":[{"width":600,"height":600,"url":"https:\/\/techmasterdemexico.com\/wp-content\/uploads\/2021\/12\/measurelink_cool_graphic_jpg.jpg","type":"image\/jpeg"}],"twitter_card":"summary_large_image","twitter_misc":{"Est. reading time":"1 minute"},"schema":{"@context":"https:\/\/schema.org","@graph":[{"@type":"WebPage","@id":"https:\/\/techmasterdemexico.com\/en\/producto\/rml-workgroup-license-v9-15-licenses\/","url":"https:\/\/techmasterdemexico.com\/en\/producto\/rml-workgroup-license-v9-15-licenses\/","name":"(R)ML WORKGROUP LICENSE V9, 15 LICENSES - Techmaster de Mexico","isPartOf":{"@id":"https:\/\/techmasterdemexico.com\/#website"},"primaryImageOfPage":{"@id":"https:\/\/techmasterdemexico.com\/en\/producto\/rml-workgroup-license-v9-15-licenses\/#primaryimage"},"image":{"@id":"https:\/\/techmasterdemexico.com\/en\/producto\/rml-workgroup-license-v9-15-licenses\/#primaryimage"},"thumbnailUrl":"https:\/\/techmasterdemexico.com\/wp-content\/uploads\/2021\/12\/measurelink_cool_graphic_jpg.jpg","datePublished":"2021-12-22T01:30:08+00:00","dateModified":"2022-02-04T06:46:02+00:00","breadcrumb":{"@id":"https:\/\/techmasterdemexico.com\/en\/producto\/rml-workgroup-license-v9-15-licenses\/#breadcrumb"},"inLanguage":"en-US","potentialAction":[{"@type":"ReadAction","target":["https:\/\/techmasterdemexico.com\/en\/producto\/rml-workgroup-license-v9-15-licenses\/"]}]},{"@type":"ImageObject","inLanguage":"en-US","@id":"https:\/\/techmasterdemexico.com\/en\/producto\/rml-workgroup-license-v9-15-licenses\/#primaryimage","url":"https:\/\/techmasterdemexico.com\/wp-content\/uploads\/2021\/12\/measurelink_cool_graphic_jpg.jpg","contentUrl":"https:\/\/techmasterdemexico.com\/wp-content\/uploads\/2021\/12\/measurelink_cool_graphic_jpg.jpg","width":600,"height":600},{"@type":"BreadcrumbList","@id":"https:\/\/techmasterdemexico.com\/en\/producto\/rml-workgroup-license-v9-15-licenses\/#breadcrumb","itemListElement":[{"@type":"ListItem","position":1,"name":"Portada","item":"https:\/\/techmasterdemexico.com\/"},{"@type":"ListItem","position":2,"name":"(R)ML WORKGROUP LICENSE V9, 15 LICENSES"}]},{"@type":"WebSite","@id":"https:\/\/techmasterdemexico.com\/#website","url":"https:\/\/techmasterdemexico.com\/","name":"Techmaster de Mexico","description":"","potentialAction":[{"@type":"SearchAction","target":{"@type":"EntryPoint","urlTemplate":"https:\/\/techmasterdemexico.com\/?s={search_term_string}"},"query-input":{"@type":"PropertyValueSpecification","valueRequired":true,"valueName":"search_term_string"}}],"inLanguage":"en-US"}]}},"brands":[{"id":39,"name":"Mitutoyo","slug":"mitutoyo"}],"_links":{"self":[{"href":"https:\/\/techmasterdemexico.com\/en\/wp-json\/wp\/v2\/product\/16707","targetHints":{"allow":["GET"]}}],"collection":[{"href":"https:\/\/techmasterdemexico.com\/en\/wp-json\/wp\/v2\/product"}],"about":[{"href":"https:\/\/techmasterdemexico.com\/en\/wp-json\/wp\/v2\/types\/product"}],"wp:featuredmedia":[{"embeddable":true,"href":"https:\/\/techmasterdemexico.com\/en\/wp-json\/wp\/v2\/media\/17569"}],"wp:attachment":[{"href":"https:\/\/techmasterdemexico.com\/en\/wp-json\/wp\/v2\/media?parent=16707"}],"wp:term":[{"taxonomy":"pwb-brand","embeddable":true,"href":"https:\/\/techmasterdemexico.com\/en\/wp-json\/wp\/v2\/pwb-brand?post=16707"},{"taxonomy":"product_brand","embeddable":true,"href":"https:\/\/techmasterdemexico.com\/en\/wp-json\/wp\/v2\/product_brand?post=16707"},{"taxonomy":"product_cat","embeddable":true,"href":"https:\/\/techmasterdemexico.com\/en\/wp-json\/wp\/v2\/product_cat?post=16707"},{"taxonomy":"product_tag","embeddable":true,"href":"https:\/\/techmasterdemexico.com\/en\/wp-json\/wp\/v2\/product_tag?post=16707"}],"curies":[{"name":"wp","href":"https:\/\/api.w.org\/{rel}","templated":true}]}}