{"id":16701,"date":"2021-12-22T01:29:53","date_gmt":"2021-12-22T01:29:53","guid":{"rendered":"https:\/\/techmastermx.ddns.net\/producto\/rml-report-scheduler-v9\/"},"modified":"2022-02-04T07:02:44","modified_gmt":"2022-02-04T07:02:44","slug":"rml-report-scheduler-v9","status":"publish","type":"product","link":"https:\/\/techmasterdemexico.com\/en\/producto\/rml-report-scheduler-v9\/","title":{"rendered":"(R)ML REPORT SCHEDULER V9"},"content":{"rendered":"<p>(R)ML REPORT SCHEDULER V9<br \/>\nN\u00famero de art\u00edculo: 64AAB613R<\/p>\n<p>&nbsp;<\/p>\n<p>Report Scheduler Standard Edition es una herramienta que proporciona una distribuci\u00f3n autom\u00e1tica de informes desde un entorno de servicio de Windows. Creaci\u00f3n de tareas de informes que se ejecutar\u00e1n en un programa determinado.<\/p>\n<p><strong>Versi\u00f3n de reporte de tareas<\/strong><\/p>\n<ul>\n<li>Crystal Reports: seleccione un archivo de plantilla de Crystal Reports y una conexi\u00f3n de base de datos para informar. Establecimiento de valores para los par\u00e1metros definidos en la plantilla.<\/li>\n<li>Informes MeasurLink &#8211; Seleccione una conexi\u00f3n de base de datos, plantilla de informe MeasurLink, ejecutar o caracterizar datos para informar y, opcionalmente, seleccione un filtro para aplicar a los datos.<\/li>\n<\/ul>\n<p><strong>Destinos<\/strong><br \/>\nLos informes pueden imprimirse, enviarse por correo electr\u00f3nico y exportarse en formatos como PDF. M\u00faltiples destinos podr\u00e1n seleccionarse para una tarea de informes.<\/p>\n<p><strong>Programaci\u00f3n<\/strong><br \/>\nLos horarios se pueden definir en intervalos por hora, d\u00eda, semana, mes y a\u00f1o. Defina un horario y as\u00edgnelo a una tarea de reporte.<\/p>\n<p><strong>Visualizaci\u00f3n de informes<\/strong><br \/>\nLa vista previa del informe permite la validaci\u00f3n de la salida antes de programar la tarea de reporte.<\/p>\n","protected":false},"excerpt":{"rendered":"<ul>\n<li>Descripci\u00f3n:<br \/>\nMeasurLink 9 Report Scheduler<\/li>\n<\/ul>\n","protected":false},"featured_media":17587,"template":"","meta":{"_acf_changed":false},"pwb-brand":[39],"product_brand":[],"product_cat":[366,331,38,433,439],"product_tag":[],"class_list":{"0":"post-16701","1":"product","2":"type-product","3":"status-publish","4":"has-post-thumbnail","6":"pwb-brand-mitutoyo","7":"product_cat-todos-los-productos","8":"product_cat-instrumentos-de-medicion-y-gestion-de-datos","9":"product_cat-mitutoyo","10":"product_cat-sistema-de-comunicacion-de-datos","11":"product_cat-software-de-gestion-de-calidad","13":"first","14":"instock","15":"taxable","16":"shipping-taxable","17":"product-type-simple"},"acf":[],"yoast_head":"<!-- This site is optimized with the Yoast SEO plugin v27.4 - https:\/\/yoast.com\/product\/yoast-seo-wordpress\/ -->\n<title>(R)ML REPORT SCHEDULER V9 - Techmaster de Mexico<\/title>\n<meta name=\"robots\" content=\"index, follow, max-snippet:-1, max-image-preview:large, max-video-preview:-1\" \/>\n<link rel=\"canonical\" href=\"https:\/\/techmasterdemexico.com\/producto\/rml-report-scheduler-v9\/\" \/>\n<meta property=\"og:locale\" content=\"en_US\" \/>\n<meta property=\"og:type\" content=\"article\" \/>\n<meta property=\"og:title\" content=\"(R)ML REPORT SCHEDULER V9 - Techmaster de Mexico\" \/>\n<meta property=\"og:description\" content=\"Descripci\u00f3n: MeasurLink 9 Report Scheduler\" \/>\n<meta property=\"og:url\" content=\"https:\/\/techmasterdemexico.com\/producto\/rml-report-scheduler-v9\/\" \/>\n<meta property=\"og:site_name\" content=\"Techmaster de Mexico\" \/>\n<meta property=\"article:modified_time\" content=\"2022-02-04T07:02:44+00:00\" \/>\n<meta property=\"og:image\" content=\"https:\/\/techmasterdemexico.com\/wp-content\/uploads\/2021\/12\/600-5.jpg\" \/>\n\t<meta property=\"og:image:width\" content=\"600\" \/>\n\t<meta property=\"og:image:height\" content=\"600\" \/>\n\t<meta property=\"og:image:type\" content=\"image\/jpeg\" \/>\n<meta name=\"twitter:card\" content=\"summary_large_image\" \/>\n<meta name=\"twitter:label1\" content=\"Est. reading time\" \/>\n\t<meta name=\"twitter:data1\" content=\"1 minute\" \/>\n<script type=\"application\/ld+json\" class=\"yoast-schema-graph\">{\"@context\":\"https:\\\/\\\/schema.org\",\"@graph\":[{\"@type\":\"WebPage\",\"@id\":\"https:\\\/\\\/techmasterdemexico.com\\\/producto\\\/rml-report-scheduler-v9\\\/\",\"url\":\"https:\\\/\\\/techmasterdemexico.com\\\/producto\\\/rml-report-scheduler-v9\\\/\",\"name\":\"(R)ML REPORT SCHEDULER V9 - Techmaster de Mexico\",\"isPartOf\":{\"@id\":\"https:\\\/\\\/techmasterdemexico.com\\\/#website\"},\"primaryImageOfPage\":{\"@id\":\"https:\\\/\\\/techmasterdemexico.com\\\/producto\\\/rml-report-scheduler-v9\\\/#primaryimage\"},\"image\":{\"@id\":\"https:\\\/\\\/techmasterdemexico.com\\\/producto\\\/rml-report-scheduler-v9\\\/#primaryimage\"},\"thumbnailUrl\":\"https:\\\/\\\/techmasterdemexico.com\\\/wp-content\\\/uploads\\\/2021\\\/12\\\/600-5.jpg\",\"datePublished\":\"2021-12-22T01:29:53+00:00\",\"dateModified\":\"2022-02-04T07:02:44+00:00\",\"breadcrumb\":{\"@id\":\"https:\\\/\\\/techmasterdemexico.com\\\/producto\\\/rml-report-scheduler-v9\\\/#breadcrumb\"},\"inLanguage\":\"en-US\",\"potentialAction\":[{\"@type\":\"ReadAction\",\"target\":[\"https:\\\/\\\/techmasterdemexico.com\\\/producto\\\/rml-report-scheduler-v9\\\/\"]}]},{\"@type\":\"ImageObject\",\"inLanguage\":\"en-US\",\"@id\":\"https:\\\/\\\/techmasterdemexico.com\\\/producto\\\/rml-report-scheduler-v9\\\/#primaryimage\",\"url\":\"https:\\\/\\\/techmasterdemexico.com\\\/wp-content\\\/uploads\\\/2021\\\/12\\\/600-5.jpg\",\"contentUrl\":\"https:\\\/\\\/techmasterdemexico.com\\\/wp-content\\\/uploads\\\/2021\\\/12\\\/600-5.jpg\",\"width\":600,\"height\":600},{\"@type\":\"BreadcrumbList\",\"@id\":\"https:\\\/\\\/techmasterdemexico.com\\\/producto\\\/rml-report-scheduler-v9\\\/#breadcrumb\",\"itemListElement\":[{\"@type\":\"ListItem\",\"position\":1,\"name\":\"Portada\",\"item\":\"https:\\\/\\\/techmasterdemexico.com\\\/\"},{\"@type\":\"ListItem\",\"position\":2,\"name\":\"(R)ML REPORT SCHEDULER V9\"}]},{\"@type\":\"WebSite\",\"@id\":\"https:\\\/\\\/techmasterdemexico.com\\\/#website\",\"url\":\"https:\\\/\\\/techmasterdemexico.com\\\/\",\"name\":\"Techmaster de Mexico\",\"description\":\"\",\"potentialAction\":[{\"@type\":\"SearchAction\",\"target\":{\"@type\":\"EntryPoint\",\"urlTemplate\":\"https:\\\/\\\/techmasterdemexico.com\\\/?s={search_term_string}\"},\"query-input\":{\"@type\":\"PropertyValueSpecification\",\"valueRequired\":true,\"valueName\":\"search_term_string\"}}],\"inLanguage\":\"en-US\"}]}<\/script>\n<!-- \/ Yoast SEO plugin. -->","yoast_head_json":{"title":"(R)ML REPORT SCHEDULER V9 - Techmaster de Mexico","robots":{"index":"index","follow":"follow","max-snippet":"max-snippet:-1","max-image-preview":"max-image-preview:large","max-video-preview":"max-video-preview:-1"},"canonical":"https:\/\/techmasterdemexico.com\/producto\/rml-report-scheduler-v9\/","og_locale":"en_US","og_type":"article","og_title":"(R)ML REPORT SCHEDULER V9 - Techmaster de Mexico","og_description":"Descripci\u00f3n: MeasurLink 9 Report Scheduler","og_url":"https:\/\/techmasterdemexico.com\/producto\/rml-report-scheduler-v9\/","og_site_name":"Techmaster de Mexico","article_modified_time":"2022-02-04T07:02:44+00:00","og_image":[{"width":600,"height":600,"url":"https:\/\/techmasterdemexico.com\/wp-content\/uploads\/2021\/12\/600-5.jpg","type":"image\/jpeg"}],"twitter_card":"summary_large_image","twitter_misc":{"Est. reading time":"1 minute"},"schema":{"@context":"https:\/\/schema.org","@graph":[{"@type":"WebPage","@id":"https:\/\/techmasterdemexico.com\/producto\/rml-report-scheduler-v9\/","url":"https:\/\/techmasterdemexico.com\/producto\/rml-report-scheduler-v9\/","name":"(R)ML REPORT SCHEDULER V9 - Techmaster de Mexico","isPartOf":{"@id":"https:\/\/techmasterdemexico.com\/#website"},"primaryImageOfPage":{"@id":"https:\/\/techmasterdemexico.com\/producto\/rml-report-scheduler-v9\/#primaryimage"},"image":{"@id":"https:\/\/techmasterdemexico.com\/producto\/rml-report-scheduler-v9\/#primaryimage"},"thumbnailUrl":"https:\/\/techmasterdemexico.com\/wp-content\/uploads\/2021\/12\/600-5.jpg","datePublished":"2021-12-22T01:29:53+00:00","dateModified":"2022-02-04T07:02:44+00:00","breadcrumb":{"@id":"https:\/\/techmasterdemexico.com\/producto\/rml-report-scheduler-v9\/#breadcrumb"},"inLanguage":"en-US","potentialAction":[{"@type":"ReadAction","target":["https:\/\/techmasterdemexico.com\/producto\/rml-report-scheduler-v9\/"]}]},{"@type":"ImageObject","inLanguage":"en-US","@id":"https:\/\/techmasterdemexico.com\/producto\/rml-report-scheduler-v9\/#primaryimage","url":"https:\/\/techmasterdemexico.com\/wp-content\/uploads\/2021\/12\/600-5.jpg","contentUrl":"https:\/\/techmasterdemexico.com\/wp-content\/uploads\/2021\/12\/600-5.jpg","width":600,"height":600},{"@type":"BreadcrumbList","@id":"https:\/\/techmasterdemexico.com\/producto\/rml-report-scheduler-v9\/#breadcrumb","itemListElement":[{"@type":"ListItem","position":1,"name":"Portada","item":"https:\/\/techmasterdemexico.com\/"},{"@type":"ListItem","position":2,"name":"(R)ML REPORT SCHEDULER V9"}]},{"@type":"WebSite","@id":"https:\/\/techmasterdemexico.com\/#website","url":"https:\/\/techmasterdemexico.com\/","name":"Techmaster de Mexico","description":"","potentialAction":[{"@type":"SearchAction","target":{"@type":"EntryPoint","urlTemplate":"https:\/\/techmasterdemexico.com\/?s={search_term_string}"},"query-input":{"@type":"PropertyValueSpecification","valueRequired":true,"valueName":"search_term_string"}}],"inLanguage":"en-US"}]}},"brands":[{"id":39,"name":"Mitutoyo","slug":"mitutoyo"}],"_links":{"self":[{"href":"https:\/\/techmasterdemexico.com\/en\/wp-json\/wp\/v2\/product\/16701","targetHints":{"allow":["GET"]}}],"collection":[{"href":"https:\/\/techmasterdemexico.com\/en\/wp-json\/wp\/v2\/product"}],"about":[{"href":"https:\/\/techmasterdemexico.com\/en\/wp-json\/wp\/v2\/types\/product"}],"wp:featuredmedia":[{"embeddable":true,"href":"https:\/\/techmasterdemexico.com\/en\/wp-json\/wp\/v2\/media\/17587"}],"wp:attachment":[{"href":"https:\/\/techmasterdemexico.com\/en\/wp-json\/wp\/v2\/media?parent=16701"}],"wp:term":[{"taxonomy":"pwb-brand","embeddable":true,"href":"https:\/\/techmasterdemexico.com\/en\/wp-json\/wp\/v2\/pwb-brand?post=16701"},{"taxonomy":"product_brand","embeddable":true,"href":"https:\/\/techmasterdemexico.com\/en\/wp-json\/wp\/v2\/product_brand?post=16701"},{"taxonomy":"product_cat","embeddable":true,"href":"https:\/\/techmasterdemexico.com\/en\/wp-json\/wp\/v2\/product_cat?post=16701"},{"taxonomy":"product_tag","embeddable":true,"href":"https:\/\/techmasterdemexico.com\/en\/wp-json\/wp\/v2\/product_tag?post=16701"}],"curies":[{"name":"wp","href":"https:\/\/api.w.org\/{rel}","templated":true}]}}