{"id":16688,"date":"2021-12-22T01:29:40","date_gmt":"2021-12-22T01:29:40","guid":{"rendered":"https:\/\/techmastermx.ddns.net\/producto\/digimatic-input-tool-usb-hid-vcp-interface-digimatic-digimatic2\/"},"modified":"2022-02-04T07:36:38","modified_gmt":"2022-02-04T07:36:38","slug":"digimatic-input-tool-usb-hid-vcp-interface-digimatic-digimatic2","status":"publish","type":"product","link":"https:\/\/techmasterdemexico.com\/en\/producto\/digimatic-input-tool-usb-hid-vcp-interface-digimatic-digimatic2\/","title":{"rendered":"Digimatic Input Tool USB HID\/VCP Interface Digimatic\/Digimatic2"},"content":{"rendered":"<p>Digimatic Input Tool USB<br \/>\nHID\/VCP Interface Digimatic\/Digimatic2<br \/>\nN\u00famero de art\u00edculo: 264-016-10<\/p>\n<p>&nbsp;<\/p>\n<ul>\n<li>La Herramienta de Entrada USB es una interfaz para la transmisi\u00f3n de datos medidos desde los instrumentos de medici\u00f3n equipados con interfaces Digimatic a un PC. Los datos de medici\u00f3n se convierten en c\u00f3digos de teclado lo que permite la interacci\u00f3n con cualquier programa de trabajo con entradas de teclado , con independencia del sistema operativo.<\/li>\n<li>Las interfaces USB y de conversi\u00f3n de datos permiten la entrada directa de los datos de medici\u00f3n en una hoja de c\u00e1lculo.<\/li>\n<\/ul>\n","protected":false},"excerpt":{"rendered":"<ul>\n<li>Entrada de datos:<br \/>\n1x Digimatic\/Digimatic 2 Entrada de datos<\/li>\n<li>Salida de datos:<br \/>\nUSB Virtual COM-Port (VCP) with USB IT PAK,<br \/>\nUSB keyboard signal (HID)<\/li>\n<li>Decimal en dato de salida:<br \/>\nEmulates the local setting<\/li>\n<li>Conector para pedal:<br \/>\nSi Conector para pedal<\/li>\n<li>Fuente<br \/>\nalimentaci\u00f3n:<br \/>\n5V desde USB<\/li>\n<li>Entregado:<br \/>\nUSB cable (1 m)<\/li>\n<li>Peso:<br \/>\n56 g<\/li>\n<li>Dimensiones:<br \/>\n38 x 64 x 21 mm<\/li>\n<li>Dimensiones (AnchoxAltoxLargo):<br \/>\n77 x 44 x 23.5 (cuerpo principal)<\/li>\n<li>Fuente de alimentaci\u00f3n:<br \/>\n5 V USB<\/li>\n<li>M\u00e1x. n\u00famero de equipos conectables:<br \/>\nMicrosoft\u00ae Windows\u00ae 2000, XP: 100 cables,<br \/>\nWindows\u00ae Vista\u00ae, 7, 8, 8. 1, 10: 20 cables<\/li>\n<li>Compatibilidad OS:<br \/>\nMicrosoft\u00ae Windows\u00ae 2000, XP, Vista\u00ae, 7, 8, 8.1, 10 (32bit, 64bit)<\/li>\n<li>Dimensiones (AnchoxAltoxLargo):<br \/>\n38 x 64 x 21 mm<\/li>\n<\/ul>\n","protected":false},"featured_media":17601,"template":"","meta":{"_acf_changed":false},"pwb-brand":[39],"product_brand":[],"product_cat":[366,331,438,38,433],"product_tag":[],"class_list":{"0":"post-16688","1":"product","2":"type-product","3":"status-publish","4":"has-post-thumbnail","6":"pwb-brand-mitutoyo","7":"product_cat-todos-los-productos","8":"product_cat-instrumentos-de-medicion-y-gestion-de-datos","9":"product_cat-interface-digimatic","10":"product_cat-mitutoyo","11":"product_cat-sistema-de-comunicacion-de-datos","13":"first","14":"instock","15":"taxable","16":"shipping-taxable","17":"product-type-simple"},"acf":[],"yoast_head":"<!-- This site is optimized with the Yoast SEO plugin v27.3 - https:\/\/yoast.com\/product\/yoast-seo-wordpress\/ -->\n<title>Digimatic Input Tool USB HID\/VCP Interface Digimatic\/Digimatic2 - Techmaster de Mexico<\/title>\n<meta name=\"robots\" content=\"index, follow, max-snippet:-1, max-image-preview:large, max-video-preview:-1\" \/>\n<link rel=\"canonical\" href=\"https:\/\/techmasterdemexico.com\/producto\/digimatic-input-tool-usb-hid-vcp-interface-digimatic-digimatic2\/\" \/>\n<meta property=\"og:locale\" content=\"en_US\" \/>\n<meta property=\"og:type\" content=\"article\" \/>\n<meta property=\"og:title\" content=\"Digimatic Input Tool USB HID\/VCP Interface Digimatic\/Digimatic2 - Techmaster de Mexico\" \/>\n<meta property=\"og:description\" content=\"Entrada de datos: 1x Digimatic\/Digimatic 2 Entrada de datos  Salida de datos: USB Virtual COM-Port (VCP) with USB IT PAK, USB keyboard signal (HID)  Decimal en dato de salida: Emulates the local setting  Conector para pedal: Si Conector para pedal  Fuente alimentaci\u00f3n: 5V desde USB  Entregado: USB cable (1 m)  Peso: 56 g  Dimensiones: 38 x 64 x 21 mm  Dimensiones (AnchoxAltoxLargo): 77 x 44 x 23.5 (cuerpo principal)  Fuente de alimentaci\u00f3n: 5 V USB  M\u00e1x. n\u00famero de equipos conectables: Microsoft\u00ae Windows\u00ae 2000, XP: 100 cables, Windows\u00ae Vista\u00ae, 7, 8, 8. 1, 10: 20 cables  Compatibilidad OS: Microsoft\u00ae Windows\u00ae 2000, XP, Vista\u00ae, 7, 8, 8.1, 10 (32bit, 64bit)  Dimensiones (AnchoxAltoxLargo): 38 x 64 x 21 mm\" \/>\n<meta property=\"og:url\" content=\"https:\/\/techmasterdemexico.com\/producto\/digimatic-input-tool-usb-hid-vcp-interface-digimatic-digimatic2\/\" \/>\n<meta property=\"og:site_name\" content=\"Techmaster de Mexico\" \/>\n<meta property=\"article:modified_time\" content=\"2022-02-04T07:36:38+00:00\" \/>\n<meta property=\"og:image\" content=\"https:\/\/techmasterdemexico.com\/wp-content\/uploads\/2021\/12\/264-016_2_eps.jpg\" \/>\n\t<meta property=\"og:image:width\" content=\"600\" \/>\n\t<meta property=\"og:image:height\" content=\"600\" \/>\n\t<meta property=\"og:image:type\" content=\"image\/jpeg\" \/>\n<meta name=\"twitter:card\" content=\"summary_large_image\" \/>\n<meta name=\"twitter:label1\" content=\"Est. reading time\" \/>\n\t<meta name=\"twitter:data1\" content=\"1 minute\" \/>\n<script type=\"application\/ld+json\" class=\"yoast-schema-graph\">{\"@context\":\"https:\\\/\\\/schema.org\",\"@graph\":[{\"@type\":\"WebPage\",\"@id\":\"https:\\\/\\\/techmasterdemexico.com\\\/producto\\\/digimatic-input-tool-usb-hid-vcp-interface-digimatic-digimatic2\\\/\",\"url\":\"https:\\\/\\\/techmasterdemexico.com\\\/producto\\\/digimatic-input-tool-usb-hid-vcp-interface-digimatic-digimatic2\\\/\",\"name\":\"Digimatic Input Tool USB HID\\\/VCP Interface Digimatic\\\/Digimatic2 - Techmaster de Mexico\",\"isPartOf\":{\"@id\":\"https:\\\/\\\/techmasterdemexico.com\\\/#website\"},\"primaryImageOfPage\":{\"@id\":\"https:\\\/\\\/techmasterdemexico.com\\\/producto\\\/digimatic-input-tool-usb-hid-vcp-interface-digimatic-digimatic2\\\/#primaryimage\"},\"image\":{\"@id\":\"https:\\\/\\\/techmasterdemexico.com\\\/producto\\\/digimatic-input-tool-usb-hid-vcp-interface-digimatic-digimatic2\\\/#primaryimage\"},\"thumbnailUrl\":\"https:\\\/\\\/techmasterdemexico.com\\\/wp-content\\\/uploads\\\/2021\\\/12\\\/264-016_2_eps.jpg\",\"datePublished\":\"2021-12-22T01:29:40+00:00\",\"dateModified\":\"2022-02-04T07:36:38+00:00\",\"breadcrumb\":{\"@id\":\"https:\\\/\\\/techmasterdemexico.com\\\/producto\\\/digimatic-input-tool-usb-hid-vcp-interface-digimatic-digimatic2\\\/#breadcrumb\"},\"inLanguage\":\"en-US\",\"potentialAction\":[{\"@type\":\"ReadAction\",\"target\":[\"https:\\\/\\\/techmasterdemexico.com\\\/producto\\\/digimatic-input-tool-usb-hid-vcp-interface-digimatic-digimatic2\\\/\"]}]},{\"@type\":\"ImageObject\",\"inLanguage\":\"en-US\",\"@id\":\"https:\\\/\\\/techmasterdemexico.com\\\/producto\\\/digimatic-input-tool-usb-hid-vcp-interface-digimatic-digimatic2\\\/#primaryimage\",\"url\":\"https:\\\/\\\/techmasterdemexico.com\\\/wp-content\\\/uploads\\\/2021\\\/12\\\/264-016_2_eps.jpg\",\"contentUrl\":\"https:\\\/\\\/techmasterdemexico.com\\\/wp-content\\\/uploads\\\/2021\\\/12\\\/264-016_2_eps.jpg\",\"width\":600,\"height\":600},{\"@type\":\"BreadcrumbList\",\"@id\":\"https:\\\/\\\/techmasterdemexico.com\\\/producto\\\/digimatic-input-tool-usb-hid-vcp-interface-digimatic-digimatic2\\\/#breadcrumb\",\"itemListElement\":[{\"@type\":\"ListItem\",\"position\":1,\"name\":\"Portada\",\"item\":\"https:\\\/\\\/techmasterdemexico.com\\\/\"},{\"@type\":\"ListItem\",\"position\":2,\"name\":\"Digimatic Input Tool USB HID\\\/VCP Interface Digimatic\\\/Digimatic2\"}]},{\"@type\":\"WebSite\",\"@id\":\"https:\\\/\\\/techmasterdemexico.com\\\/#website\",\"url\":\"https:\\\/\\\/techmasterdemexico.com\\\/\",\"name\":\"Techmaster de Mexico\",\"description\":\"\",\"potentialAction\":[{\"@type\":\"SearchAction\",\"target\":{\"@type\":\"EntryPoint\",\"urlTemplate\":\"https:\\\/\\\/techmasterdemexico.com\\\/?s={search_term_string}\"},\"query-input\":{\"@type\":\"PropertyValueSpecification\",\"valueRequired\":true,\"valueName\":\"search_term_string\"}}],\"inLanguage\":\"en-US\"}]}<\/script>\n<!-- \/ Yoast SEO plugin. -->","yoast_head_json":{"title":"Digimatic Input Tool USB HID\/VCP Interface Digimatic\/Digimatic2 - Techmaster de Mexico","robots":{"index":"index","follow":"follow","max-snippet":"max-snippet:-1","max-image-preview":"max-image-preview:large","max-video-preview":"max-video-preview:-1"},"canonical":"https:\/\/techmasterdemexico.com\/producto\/digimatic-input-tool-usb-hid-vcp-interface-digimatic-digimatic2\/","og_locale":"en_US","og_type":"article","og_title":"Digimatic Input Tool USB HID\/VCP Interface Digimatic\/Digimatic2 - Techmaster de Mexico","og_description":"Entrada de datos: 1x Digimatic\/Digimatic 2 Entrada de datos  Salida de datos: USB Virtual COM-Port (VCP) with USB IT PAK, USB keyboard signal (HID)  Decimal en dato de salida: Emulates the local setting  Conector para pedal: Si Conector para pedal  Fuente alimentaci\u00f3n: 5V desde USB  Entregado: USB cable (1 m)  Peso: 56 g  Dimensiones: 38 x 64 x 21 mm  Dimensiones (AnchoxAltoxLargo): 77 x 44 x 23.5 (cuerpo principal)  Fuente de alimentaci\u00f3n: 5 V USB  M\u00e1x. n\u00famero de equipos conectables: Microsoft\u00ae Windows\u00ae 2000, XP: 100 cables, Windows\u00ae Vista\u00ae, 7, 8, 8. 1, 10: 20 cables  Compatibilidad OS: Microsoft\u00ae Windows\u00ae 2000, XP, Vista\u00ae, 7, 8, 8.1, 10 (32bit, 64bit)  Dimensiones (AnchoxAltoxLargo): 38 x 64 x 21 mm","og_url":"https:\/\/techmasterdemexico.com\/producto\/digimatic-input-tool-usb-hid-vcp-interface-digimatic-digimatic2\/","og_site_name":"Techmaster de Mexico","article_modified_time":"2022-02-04T07:36:38+00:00","og_image":[{"width":600,"height":600,"url":"https:\/\/techmasterdemexico.com\/wp-content\/uploads\/2021\/12\/264-016_2_eps.jpg","type":"image\/jpeg"}],"twitter_card":"summary_large_image","twitter_misc":{"Est. reading time":"1 minute"},"schema":{"@context":"https:\/\/schema.org","@graph":[{"@type":"WebPage","@id":"https:\/\/techmasterdemexico.com\/producto\/digimatic-input-tool-usb-hid-vcp-interface-digimatic-digimatic2\/","url":"https:\/\/techmasterdemexico.com\/producto\/digimatic-input-tool-usb-hid-vcp-interface-digimatic-digimatic2\/","name":"Digimatic Input Tool USB HID\/VCP Interface Digimatic\/Digimatic2 - Techmaster de Mexico","isPartOf":{"@id":"https:\/\/techmasterdemexico.com\/#website"},"primaryImageOfPage":{"@id":"https:\/\/techmasterdemexico.com\/producto\/digimatic-input-tool-usb-hid-vcp-interface-digimatic-digimatic2\/#primaryimage"},"image":{"@id":"https:\/\/techmasterdemexico.com\/producto\/digimatic-input-tool-usb-hid-vcp-interface-digimatic-digimatic2\/#primaryimage"},"thumbnailUrl":"https:\/\/techmasterdemexico.com\/wp-content\/uploads\/2021\/12\/264-016_2_eps.jpg","datePublished":"2021-12-22T01:29:40+00:00","dateModified":"2022-02-04T07:36:38+00:00","breadcrumb":{"@id":"https:\/\/techmasterdemexico.com\/producto\/digimatic-input-tool-usb-hid-vcp-interface-digimatic-digimatic2\/#breadcrumb"},"inLanguage":"en-US","potentialAction":[{"@type":"ReadAction","target":["https:\/\/techmasterdemexico.com\/producto\/digimatic-input-tool-usb-hid-vcp-interface-digimatic-digimatic2\/"]}]},{"@type":"ImageObject","inLanguage":"en-US","@id":"https:\/\/techmasterdemexico.com\/producto\/digimatic-input-tool-usb-hid-vcp-interface-digimatic-digimatic2\/#primaryimage","url":"https:\/\/techmasterdemexico.com\/wp-content\/uploads\/2021\/12\/264-016_2_eps.jpg","contentUrl":"https:\/\/techmasterdemexico.com\/wp-content\/uploads\/2021\/12\/264-016_2_eps.jpg","width":600,"height":600},{"@type":"BreadcrumbList","@id":"https:\/\/techmasterdemexico.com\/producto\/digimatic-input-tool-usb-hid-vcp-interface-digimatic-digimatic2\/#breadcrumb","itemListElement":[{"@type":"ListItem","position":1,"name":"Portada","item":"https:\/\/techmasterdemexico.com\/"},{"@type":"ListItem","position":2,"name":"Digimatic Input Tool USB HID\/VCP Interface Digimatic\/Digimatic2"}]},{"@type":"WebSite","@id":"https:\/\/techmasterdemexico.com\/#website","url":"https:\/\/techmasterdemexico.com\/","name":"Techmaster de Mexico","description":"","potentialAction":[{"@type":"SearchAction","target":{"@type":"EntryPoint","urlTemplate":"https:\/\/techmasterdemexico.com\/?s={search_term_string}"},"query-input":{"@type":"PropertyValueSpecification","valueRequired":true,"valueName":"search_term_string"}}],"inLanguage":"en-US"}]}},"brands":[{"id":39,"name":"Mitutoyo","slug":"mitutoyo"}],"_links":{"self":[{"href":"https:\/\/techmasterdemexico.com\/en\/wp-json\/wp\/v2\/product\/16688","targetHints":{"allow":["GET"]}}],"collection":[{"href":"https:\/\/techmasterdemexico.com\/en\/wp-json\/wp\/v2\/product"}],"about":[{"href":"https:\/\/techmasterdemexico.com\/en\/wp-json\/wp\/v2\/types\/product"}],"wp:featuredmedia":[{"embeddable":true,"href":"https:\/\/techmasterdemexico.com\/en\/wp-json\/wp\/v2\/media\/17601"}],"wp:attachment":[{"href":"https:\/\/techmasterdemexico.com\/en\/wp-json\/wp\/v2\/media?parent=16688"}],"wp:term":[{"taxonomy":"pwb-brand","embeddable":true,"href":"https:\/\/techmasterdemexico.com\/en\/wp-json\/wp\/v2\/pwb-brand?post=16688"},{"taxonomy":"product_brand","embeddable":true,"href":"https:\/\/techmasterdemexico.com\/en\/wp-json\/wp\/v2\/product_brand?post=16688"},{"taxonomy":"product_cat","embeddable":true,"href":"https:\/\/techmasterdemexico.com\/en\/wp-json\/wp\/v2\/product_cat?post=16688"},{"taxonomy":"product_tag","embeddable":true,"href":"https:\/\/techmasterdemexico.com\/en\/wp-json\/wp\/v2\/product_tag?post=16688"}],"curies":[{"name":"wp","href":"https:\/\/api.w.org\/{rel}","templated":true}]}}