{"id":16665,"date":"2021-12-22T01:28:58","date_gmt":"2021-12-22T08:28:58","guid":{"rendered":"https:\/\/techmastermx.ddns.net\/producto\/cable-digimatic-con-boton-data-1-m\/"},"modified":"2025-06-26T12:40:31","modified_gmt":"2025-06-26T19:40:31","slug":"cable-digimatic-con-boton-data-1-m","status":"publish","type":"product","link":"https:\/\/techmasterdemexico.com\/en\/producto\/cable-digimatic-con-boton-data-1-m\/","title":{"rendered":"Cable Digimatic con bot\u00f3n Data 1 m"},"content":{"rendered":"<p>Cable Digimatic con bot\u00f3n Data<br \/>\n1 m<br \/>\nN\u00famero de art\u00edculo: 05CZA624<\/p>\n<p>&nbsp;<\/p>\n<p>Estos cables de datos permiten la conexi\u00f3n de instrumentos de medici\u00f3n con una interfaz Digimatic a un PC, directamente a trav\u00e9s de USB o una caja de interfaz (por ejemplo, DMX-Box). Una conexi\u00f3n inal\u00e1mbrica con el transmisor U-WAVE-T es posible usando un cable de conexi\u00f3n.<\/p>\n<p>Su elecci\u00f3n de cables de datos Digimatic (los n\u00fameros se refieren a los siguientes esquemas):<\/p>\n<ul>\n<li>Cable directo para herramienta de entrada USB (1)<\/li>\n<li>Cable digital y caja de interfaz o impresora DP-1 (2)<\/li>\n<li>Sistema inal\u00e1mbrico U-WAVE-T (3)<\/li>\n<\/ul>\n<p>Encuentre los cables apropiados para su instrumento de medici\u00f3n Digimatic en particular en la secci\u00f3n &#8220;Accesorios opcionales&#8221; de su entrada de cat\u00e1logo.<\/p>\n","protected":false},"excerpt":{"rendered":"<p>These cables are used to send measurement data from the digimatic meter with the output function to the digimatic mini processor, digimatic display unit, multiplexer, or other device.<br \/>\nPlease note that the shape of the connector differs depending on the model.<\/p>\n","protected":false},"featured_media":17657,"template":"","meta":{"_acf_changed":false},"pwb-brand":[39],"product_brand":[],"product_cat":[366,434,331,38,433],"product_tag":[],"class_list":{"0":"post-16665","1":"product","2":"type-product","3":"status-publish","4":"has-post-thumbnail","6":"pwb-brand-mitutoyo","7":"product_cat-todos-los-productos","8":"product_cat-cables-de-senales","9":"product_cat-instrumentos-de-medicion-y-gestion-de-datos","10":"product_cat-mitutoyo","11":"product_cat-sistema-de-comunicacion-de-datos","13":"first","14":"instock","15":"taxable","16":"shipping-taxable","17":"purchasable","18":"product-type-simple"},"acf":[],"yoast_head":"<!-- This site is optimized with the Yoast SEO plugin v27.3 - https:\/\/yoast.com\/product\/yoast-seo-wordpress\/ -->\n<title>Cable Digimatic con bot\u00f3n Data 1 m - Techmaster de Mexico<\/title>\n<meta name=\"robots\" content=\"index, follow, max-snippet:-1, max-image-preview:large, max-video-preview:-1\" \/>\n<link rel=\"canonical\" href=\"https:\/\/techmasterdemexico.com\/producto\/cable-digimatic-con-boton-data-1-m\/\" \/>\n<meta property=\"og:locale\" content=\"en_US\" \/>\n<meta property=\"og:type\" content=\"article\" \/>\n<meta property=\"og:title\" content=\"Cable Digimatic con bot\u00f3n Data 1 m - Techmaster de Mexico\" \/>\n<meta property=\"og:description\" content=\"[:es]Estos cables se utilizan para enviar datos de medici\u00f3n desde el medidor digimatic con la funci\u00f3n de salida al mini procesador digimatic, la unidad de visualizaci\u00f3n digimatic, el multiplexor u otro dispositivo.  Tenga en cuenta que la forma del conector difiere seg\u00fan el modelo.[:en]These cables are used to send measurement data from the digimatic meter with the output function to the digimatic mini processor, digimatic display unit, multiplexer, or other device. Please note that the shape of the connector differs depending on the model.[:]\" \/>\n<meta property=\"og:url\" content=\"https:\/\/techmasterdemexico.com\/producto\/cable-digimatic-con-boton-data-1-m\/\" \/>\n<meta property=\"og:site_name\" content=\"Techmaster de Mexico\" \/>\n<meta property=\"article:modified_time\" content=\"2025-06-26T19:40:31+00:00\" \/>\n<meta property=\"og:image\" content=\"https:\/\/techmasterdemexico.com\/wp-content\/uploads\/2021\/12\/05cza624_a2_jpg.jpg\" \/>\n\t<meta property=\"og:image:width\" content=\"600\" \/>\n\t<meta property=\"og:image:height\" content=\"600\" \/>\n\t<meta property=\"og:image:type\" content=\"image\/jpeg\" \/>\n<meta name=\"twitter:card\" content=\"summary_large_image\" \/>\n<meta name=\"twitter:label1\" content=\"Est. reading time\" \/>\n\t<meta name=\"twitter:data1\" content=\"1 minute\" \/>\n<script type=\"application\/ld+json\" class=\"yoast-schema-graph\">{\"@context\":\"https:\\\/\\\/schema.org\",\"@graph\":[{\"@type\":\"WebPage\",\"@id\":\"https:\\\/\\\/techmasterdemexico.com\\\/producto\\\/cable-digimatic-con-boton-data-1-m\\\/\",\"url\":\"https:\\\/\\\/techmasterdemexico.com\\\/producto\\\/cable-digimatic-con-boton-data-1-m\\\/\",\"name\":\"Cable Digimatic con bot\u00f3n Data 1 m - Techmaster de Mexico\",\"isPartOf\":{\"@id\":\"https:\\\/\\\/techmasterdemexico.com\\\/#website\"},\"primaryImageOfPage\":{\"@id\":\"https:\\\/\\\/techmasterdemexico.com\\\/producto\\\/cable-digimatic-con-boton-data-1-m\\\/#primaryimage\"},\"image\":{\"@id\":\"https:\\\/\\\/techmasterdemexico.com\\\/producto\\\/cable-digimatic-con-boton-data-1-m\\\/#primaryimage\"},\"thumbnailUrl\":\"https:\\\/\\\/techmasterdemexico.com\\\/wp-content\\\/uploads\\\/2021\\\/12\\\/05cza624_a2_jpg.jpg\",\"datePublished\":\"2021-12-22T08:28:58+00:00\",\"dateModified\":\"2025-06-26T19:40:31+00:00\",\"breadcrumb\":{\"@id\":\"https:\\\/\\\/techmasterdemexico.com\\\/producto\\\/cable-digimatic-con-boton-data-1-m\\\/#breadcrumb\"},\"inLanguage\":\"en-US\",\"potentialAction\":[{\"@type\":\"ReadAction\",\"target\":[\"https:\\\/\\\/techmasterdemexico.com\\\/producto\\\/cable-digimatic-con-boton-data-1-m\\\/\"]}]},{\"@type\":\"ImageObject\",\"inLanguage\":\"en-US\",\"@id\":\"https:\\\/\\\/techmasterdemexico.com\\\/producto\\\/cable-digimatic-con-boton-data-1-m\\\/#primaryimage\",\"url\":\"https:\\\/\\\/techmasterdemexico.com\\\/wp-content\\\/uploads\\\/2021\\\/12\\\/05cza624_a2_jpg.jpg\",\"contentUrl\":\"https:\\\/\\\/techmasterdemexico.com\\\/wp-content\\\/uploads\\\/2021\\\/12\\\/05cza624_a2_jpg.jpg\",\"width\":600,\"height\":600},{\"@type\":\"BreadcrumbList\",\"@id\":\"https:\\\/\\\/techmasterdemexico.com\\\/producto\\\/cable-digimatic-con-boton-data-1-m\\\/#breadcrumb\",\"itemListElement\":[{\"@type\":\"ListItem\",\"position\":1,\"name\":\"Portada\",\"item\":\"https:\\\/\\\/techmasterdemexico.com\\\/\"},{\"@type\":\"ListItem\",\"position\":2,\"name\":\"Cable Digimatic con bot\u00f3n Data 1 m\"}]},{\"@type\":\"WebSite\",\"@id\":\"https:\\\/\\\/techmasterdemexico.com\\\/#website\",\"url\":\"https:\\\/\\\/techmasterdemexico.com\\\/\",\"name\":\"Techmaster de Mexico\",\"description\":\"\",\"potentialAction\":[{\"@type\":\"SearchAction\",\"target\":{\"@type\":\"EntryPoint\",\"urlTemplate\":\"https:\\\/\\\/techmasterdemexico.com\\\/?s={search_term_string}\"},\"query-input\":{\"@type\":\"PropertyValueSpecification\",\"valueRequired\":true,\"valueName\":\"search_term_string\"}}],\"inLanguage\":\"en-US\"}]}<\/script>\n<!-- \/ Yoast SEO plugin. -->","yoast_head_json":{"title":"Cable Digimatic con bot\u00f3n Data 1 m - Techmaster de Mexico","robots":{"index":"index","follow":"follow","max-snippet":"max-snippet:-1","max-image-preview":"max-image-preview:large","max-video-preview":"max-video-preview:-1"},"canonical":"https:\/\/techmasterdemexico.com\/producto\/cable-digimatic-con-boton-data-1-m\/","og_locale":"en_US","og_type":"article","og_title":"Cable Digimatic con bot\u00f3n Data 1 m - Techmaster de Mexico","og_description":"[:es]Estos cables se utilizan para enviar datos de medici\u00f3n desde el medidor digimatic con la funci\u00f3n de salida al mini procesador digimatic, la unidad de visualizaci\u00f3n digimatic, el multiplexor u otro dispositivo.  Tenga en cuenta que la forma del conector difiere seg\u00fan el modelo.[:en]These cables are used to send measurement data from the digimatic meter with the output function to the digimatic mini processor, digimatic display unit, multiplexer, or other device. Please note that the shape of the connector differs depending on the model.[:]","og_url":"https:\/\/techmasterdemexico.com\/producto\/cable-digimatic-con-boton-data-1-m\/","og_site_name":"Techmaster de Mexico","article_modified_time":"2025-06-26T19:40:31+00:00","og_image":[{"width":600,"height":600,"url":"https:\/\/techmasterdemexico.com\/wp-content\/uploads\/2021\/12\/05cza624_a2_jpg.jpg","type":"image\/jpeg"}],"twitter_card":"summary_large_image","twitter_misc":{"Est. reading time":"1 minute"},"schema":{"@context":"https:\/\/schema.org","@graph":[{"@type":"WebPage","@id":"https:\/\/techmasterdemexico.com\/producto\/cable-digimatic-con-boton-data-1-m\/","url":"https:\/\/techmasterdemexico.com\/producto\/cable-digimatic-con-boton-data-1-m\/","name":"Cable Digimatic con bot\u00f3n Data 1 m - Techmaster de Mexico","isPartOf":{"@id":"https:\/\/techmasterdemexico.com\/#website"},"primaryImageOfPage":{"@id":"https:\/\/techmasterdemexico.com\/producto\/cable-digimatic-con-boton-data-1-m\/#primaryimage"},"image":{"@id":"https:\/\/techmasterdemexico.com\/producto\/cable-digimatic-con-boton-data-1-m\/#primaryimage"},"thumbnailUrl":"https:\/\/techmasterdemexico.com\/wp-content\/uploads\/2021\/12\/05cza624_a2_jpg.jpg","datePublished":"2021-12-22T08:28:58+00:00","dateModified":"2025-06-26T19:40:31+00:00","breadcrumb":{"@id":"https:\/\/techmasterdemexico.com\/producto\/cable-digimatic-con-boton-data-1-m\/#breadcrumb"},"inLanguage":"en-US","potentialAction":[{"@type":"ReadAction","target":["https:\/\/techmasterdemexico.com\/producto\/cable-digimatic-con-boton-data-1-m\/"]}]},{"@type":"ImageObject","inLanguage":"en-US","@id":"https:\/\/techmasterdemexico.com\/producto\/cable-digimatic-con-boton-data-1-m\/#primaryimage","url":"https:\/\/techmasterdemexico.com\/wp-content\/uploads\/2021\/12\/05cza624_a2_jpg.jpg","contentUrl":"https:\/\/techmasterdemexico.com\/wp-content\/uploads\/2021\/12\/05cza624_a2_jpg.jpg","width":600,"height":600},{"@type":"BreadcrumbList","@id":"https:\/\/techmasterdemexico.com\/producto\/cable-digimatic-con-boton-data-1-m\/#breadcrumb","itemListElement":[{"@type":"ListItem","position":1,"name":"Portada","item":"https:\/\/techmasterdemexico.com\/"},{"@type":"ListItem","position":2,"name":"Cable Digimatic con bot\u00f3n Data 1 m"}]},{"@type":"WebSite","@id":"https:\/\/techmasterdemexico.com\/#website","url":"https:\/\/techmasterdemexico.com\/","name":"Techmaster de Mexico","description":"","potentialAction":[{"@type":"SearchAction","target":{"@type":"EntryPoint","urlTemplate":"https:\/\/techmasterdemexico.com\/?s={search_term_string}"},"query-input":{"@type":"PropertyValueSpecification","valueRequired":true,"valueName":"search_term_string"}}],"inLanguage":"en-US"}]}},"brands":[{"id":39,"name":"Mitutoyo","slug":"mitutoyo"}],"_links":{"self":[{"href":"https:\/\/techmasterdemexico.com\/en\/wp-json\/wp\/v2\/product\/16665","targetHints":{"allow":["GET"]}}],"collection":[{"href":"https:\/\/techmasterdemexico.com\/en\/wp-json\/wp\/v2\/product"}],"about":[{"href":"https:\/\/techmasterdemexico.com\/en\/wp-json\/wp\/v2\/types\/product"}],"wp:featuredmedia":[{"embeddable":true,"href":"https:\/\/techmasterdemexico.com\/en\/wp-json\/wp\/v2\/media\/17657"}],"wp:attachment":[{"href":"https:\/\/techmasterdemexico.com\/en\/wp-json\/wp\/v2\/media?parent=16665"}],"wp:term":[{"taxonomy":"pwb-brand","embeddable":true,"href":"https:\/\/techmasterdemexico.com\/en\/wp-json\/wp\/v2\/pwb-brand?post=16665"},{"taxonomy":"product_brand","embeddable":true,"href":"https:\/\/techmasterdemexico.com\/en\/wp-json\/wp\/v2\/product_brand?post=16665"},{"taxonomy":"product_cat","embeddable":true,"href":"https:\/\/techmasterdemexico.com\/en\/wp-json\/wp\/v2\/product_cat?post=16665"},{"taxonomy":"product_tag","embeddable":true,"href":"https:\/\/techmasterdemexico.com\/en\/wp-json\/wp\/v2\/product_tag?post=16665"}],"curies":[{"name":"wp","href":"https:\/\/api.w.org\/{rel}","templated":true}]}}