{"id":16662,"date":"2021-12-22T01:28:55","date_gmt":"2021-12-22T01:28:55","guid":{"rendered":"https:\/\/techmastermx.ddns.net\/producto\/cable-de-senales-usb-modelo-redondo-de-6-pins-2-m\/"},"modified":"2022-02-04T19:23:18","modified_gmt":"2022-02-04T19:23:18","slug":"cable-de-senales-usb-modelo-redondo-de-6-pins-2-m","status":"publish","type":"product","link":"https:\/\/techmasterdemexico.com\/en\/producto\/cable-de-senales-usb-modelo-redondo-de-6-pins-2-m\/","title":{"rendered":"Cable de se\u00f1ales USB, Modelo redondo de 6-pins 2 m"},"content":{"rendered":"<p>Cable de se\u00f1ales USB, Modelo redondo de 6-pins<br \/>\n2 m<br \/>\nN\u00famero de art\u00edculo: 06AFM380E<\/p>\n<p>&nbsp;<\/p>\n<ul>\n<li>Conexi\u00f3n directa de dispositivos de medici\u00f3n Digimatic a una interfaz USB.<\/li>\n<li>Entrada multicanal para valores de medici\u00f3n, por ej, en Microsoft Excel.<\/li>\n<li>7 tipos diferentes de conectores para la salida de datos desde un amplio rango de dispositivos de medici\u00f3n.<\/li>\n<li>El Software USB-ITPAK\u00a0ayuda la f\u00e1cil creaci\u00f3n de hojas de c\u00e1lculo Excel.<\/li>\n<\/ul>\n","protected":false},"excerpt":{"rendered":"<ul>\n<li>Modelo:<br \/>\nE<\/li>\n<li>Observaciones:<br \/>\nCable redondo directa entrada USB de 2 metros, para micrometro Quick<\/li>\n<li>Longitud del cable:<br \/>\n2 m<\/li>\n<li>Salida de datos:<br \/>\nUSB HID and VCP (with optional software USB-ITPAK)<\/li>\n<li>Compatibilidad OS:<br \/>\nWindows\u00ae 2000 Professional (\u2265SP4), Windows\u00ae XP Professional (\u2265SP2), Windows\u00ae XP Home Edition (\u2265SP2), Windows Vista\u00ae\/7 (32bit,64bit), Windows\u00ae 8, 8 .1, 10 (32bit,64bit)<\/li>\n<li>M\u00e1x. n\u00famero de equipos conectables:<br \/>\nMicrosoft\u00ae Windows\u00ae 2000, XP: 100 cables,<br \/>\nWindows\u00ae Vista\u00ae, 7, 8, 8. 1, 10:<br \/>\n20 cables<\/li>\n<li>Tipo:<br \/>\nCable de datos USB<\/li>\n<\/ul>\n","protected":false},"featured_media":17664,"template":"","meta":{"_acf_changed":false},"pwb-brand":[39],"product_brand":[],"product_cat":[366,434,331,38,433],"product_tag":[],"class_list":{"0":"post-16662","1":"product","2":"type-product","3":"status-publish","4":"has-post-thumbnail","6":"pwb-brand-mitutoyo","7":"product_cat-todos-los-productos","8":"product_cat-cables-de-senales","9":"product_cat-instrumentos-de-medicion-y-gestion-de-datos","10":"product_cat-mitutoyo","11":"product_cat-sistema-de-comunicacion-de-datos","13":"first","14":"instock","15":"taxable","16":"shipping-taxable","17":"product-type-simple"},"acf":[],"yoast_head":"<!-- This site is optimized with the Yoast SEO plugin v27.3 - https:\/\/yoast.com\/product\/yoast-seo-wordpress\/ -->\n<title>Cable de se\u00f1ales USB, Modelo redondo de 6-pins 2 m - Techmaster de Mexico<\/title>\n<meta name=\"robots\" content=\"index, follow, max-snippet:-1, max-image-preview:large, max-video-preview:-1\" \/>\n<link rel=\"canonical\" href=\"https:\/\/techmasterdemexico.com\/producto\/cable-de-senales-usb-modelo-redondo-de-6-pins-2-m\/\" \/>\n<meta property=\"og:locale\" content=\"en_US\" \/>\n<meta property=\"og:type\" content=\"article\" \/>\n<meta property=\"og:title\" content=\"Cable de se\u00f1ales USB, Modelo redondo de 6-pins 2 m - Techmaster de Mexico\" \/>\n<meta property=\"og:description\" content=\"Modelo: E  Observaciones: Cable redondo directa entrada USB de 2 metros, para micrometro Quick  Longitud del cable: 2 m  Salida de datos: USB HID and VCP (with optional software USB-ITPAK)  Compatibilidad OS: Windows\u00ae 2000 Professional (\u2265SP4), Windows\u00ae XP Professional (\u2265SP2), Windows\u00ae XP Home Edition (\u2265SP2), Windows Vista\u00ae\/7 (32bit,64bit), Windows\u00ae 8, 8 .1, 10 (32bit,64bit)  M\u00e1x. n\u00famero de equipos conectables: Microsoft\u00ae Windows\u00ae 2000, XP: 100 cables, Windows\u00ae Vista\u00ae, 7, 8, 8. 1, 10: 20 cables  Tipo: Cable de datos USB\" \/>\n<meta property=\"og:url\" content=\"https:\/\/techmasterdemexico.com\/producto\/cable-de-senales-usb-modelo-redondo-de-6-pins-2-m\/\" \/>\n<meta property=\"og:site_name\" content=\"Techmaster de Mexico\" \/>\n<meta property=\"article:modified_time\" content=\"2022-02-04T19:23:18+00:00\" \/>\n<meta property=\"og:image\" content=\"https:\/\/techmasterdemexico.com\/wp-content\/uploads\/2021\/12\/06afm380e_jpg.jpg\" \/>\n\t<meta property=\"og:image:width\" content=\"600\" \/>\n\t<meta property=\"og:image:height\" content=\"600\" \/>\n\t<meta property=\"og:image:type\" content=\"image\/jpeg\" \/>\n<meta name=\"twitter:card\" content=\"summary_large_image\" \/>\n<script type=\"application\/ld+json\" class=\"yoast-schema-graph\">{\"@context\":\"https:\\\/\\\/schema.org\",\"@graph\":[{\"@type\":\"WebPage\",\"@id\":\"https:\\\/\\\/techmasterdemexico.com\\\/producto\\\/cable-de-senales-usb-modelo-redondo-de-6-pins-2-m\\\/\",\"url\":\"https:\\\/\\\/techmasterdemexico.com\\\/producto\\\/cable-de-senales-usb-modelo-redondo-de-6-pins-2-m\\\/\",\"name\":\"Cable de se\u00f1ales USB, Modelo redondo de 6-pins 2 m - Techmaster de Mexico\",\"isPartOf\":{\"@id\":\"https:\\\/\\\/techmasterdemexico.com\\\/#website\"},\"primaryImageOfPage\":{\"@id\":\"https:\\\/\\\/techmasterdemexico.com\\\/producto\\\/cable-de-senales-usb-modelo-redondo-de-6-pins-2-m\\\/#primaryimage\"},\"image\":{\"@id\":\"https:\\\/\\\/techmasterdemexico.com\\\/producto\\\/cable-de-senales-usb-modelo-redondo-de-6-pins-2-m\\\/#primaryimage\"},\"thumbnailUrl\":\"https:\\\/\\\/techmasterdemexico.com\\\/wp-content\\\/uploads\\\/2021\\\/12\\\/06afm380e_jpg.jpg\",\"datePublished\":\"2021-12-22T01:28:55+00:00\",\"dateModified\":\"2022-02-04T19:23:18+00:00\",\"breadcrumb\":{\"@id\":\"https:\\\/\\\/techmasterdemexico.com\\\/producto\\\/cable-de-senales-usb-modelo-redondo-de-6-pins-2-m\\\/#breadcrumb\"},\"inLanguage\":\"en-US\",\"potentialAction\":[{\"@type\":\"ReadAction\",\"target\":[\"https:\\\/\\\/techmasterdemexico.com\\\/producto\\\/cable-de-senales-usb-modelo-redondo-de-6-pins-2-m\\\/\"]}]},{\"@type\":\"ImageObject\",\"inLanguage\":\"en-US\",\"@id\":\"https:\\\/\\\/techmasterdemexico.com\\\/producto\\\/cable-de-senales-usb-modelo-redondo-de-6-pins-2-m\\\/#primaryimage\",\"url\":\"https:\\\/\\\/techmasterdemexico.com\\\/wp-content\\\/uploads\\\/2021\\\/12\\\/06afm380e_jpg.jpg\",\"contentUrl\":\"https:\\\/\\\/techmasterdemexico.com\\\/wp-content\\\/uploads\\\/2021\\\/12\\\/06afm380e_jpg.jpg\",\"width\":600,\"height\":600},{\"@type\":\"BreadcrumbList\",\"@id\":\"https:\\\/\\\/techmasterdemexico.com\\\/producto\\\/cable-de-senales-usb-modelo-redondo-de-6-pins-2-m\\\/#breadcrumb\",\"itemListElement\":[{\"@type\":\"ListItem\",\"position\":1,\"name\":\"Portada\",\"item\":\"https:\\\/\\\/techmasterdemexico.com\\\/\"},{\"@type\":\"ListItem\",\"position\":2,\"name\":\"Cable de se\u00f1ales USB, Modelo redondo de 6-pins 2 m\"}]},{\"@type\":\"WebSite\",\"@id\":\"https:\\\/\\\/techmasterdemexico.com\\\/#website\",\"url\":\"https:\\\/\\\/techmasterdemexico.com\\\/\",\"name\":\"Techmaster de Mexico\",\"description\":\"\",\"potentialAction\":[{\"@type\":\"SearchAction\",\"target\":{\"@type\":\"EntryPoint\",\"urlTemplate\":\"https:\\\/\\\/techmasterdemexico.com\\\/?s={search_term_string}\"},\"query-input\":{\"@type\":\"PropertyValueSpecification\",\"valueRequired\":true,\"valueName\":\"search_term_string\"}}],\"inLanguage\":\"en-US\"}]}<\/script>\n<!-- \/ Yoast SEO plugin. -->","yoast_head_json":{"title":"Cable de se\u00f1ales USB, Modelo redondo de 6-pins 2 m - Techmaster de Mexico","robots":{"index":"index","follow":"follow","max-snippet":"max-snippet:-1","max-image-preview":"max-image-preview:large","max-video-preview":"max-video-preview:-1"},"canonical":"https:\/\/techmasterdemexico.com\/producto\/cable-de-senales-usb-modelo-redondo-de-6-pins-2-m\/","og_locale":"en_US","og_type":"article","og_title":"Cable de se\u00f1ales USB, Modelo redondo de 6-pins 2 m - Techmaster de Mexico","og_description":"Modelo: E  Observaciones: Cable redondo directa entrada USB de 2 metros, para micrometro Quick  Longitud del cable: 2 m  Salida de datos: USB HID and VCP (with optional software USB-ITPAK)  Compatibilidad OS: Windows\u00ae 2000 Professional (\u2265SP4), Windows\u00ae XP Professional (\u2265SP2), Windows\u00ae XP Home Edition (\u2265SP2), Windows Vista\u00ae\/7 (32bit,64bit), Windows\u00ae 8, 8 .1, 10 (32bit,64bit)  M\u00e1x. n\u00famero de equipos conectables: Microsoft\u00ae Windows\u00ae 2000, XP: 100 cables, Windows\u00ae Vista\u00ae, 7, 8, 8. 1, 10: 20 cables  Tipo: Cable de datos USB","og_url":"https:\/\/techmasterdemexico.com\/producto\/cable-de-senales-usb-modelo-redondo-de-6-pins-2-m\/","og_site_name":"Techmaster de Mexico","article_modified_time":"2022-02-04T19:23:18+00:00","og_image":[{"width":600,"height":600,"url":"https:\/\/techmasterdemexico.com\/wp-content\/uploads\/2021\/12\/06afm380e_jpg.jpg","type":"image\/jpeg"}],"twitter_card":"summary_large_image","schema":{"@context":"https:\/\/schema.org","@graph":[{"@type":"WebPage","@id":"https:\/\/techmasterdemexico.com\/producto\/cable-de-senales-usb-modelo-redondo-de-6-pins-2-m\/","url":"https:\/\/techmasterdemexico.com\/producto\/cable-de-senales-usb-modelo-redondo-de-6-pins-2-m\/","name":"Cable de se\u00f1ales USB, Modelo redondo de 6-pins 2 m - Techmaster de Mexico","isPartOf":{"@id":"https:\/\/techmasterdemexico.com\/#website"},"primaryImageOfPage":{"@id":"https:\/\/techmasterdemexico.com\/producto\/cable-de-senales-usb-modelo-redondo-de-6-pins-2-m\/#primaryimage"},"image":{"@id":"https:\/\/techmasterdemexico.com\/producto\/cable-de-senales-usb-modelo-redondo-de-6-pins-2-m\/#primaryimage"},"thumbnailUrl":"https:\/\/techmasterdemexico.com\/wp-content\/uploads\/2021\/12\/06afm380e_jpg.jpg","datePublished":"2021-12-22T01:28:55+00:00","dateModified":"2022-02-04T19:23:18+00:00","breadcrumb":{"@id":"https:\/\/techmasterdemexico.com\/producto\/cable-de-senales-usb-modelo-redondo-de-6-pins-2-m\/#breadcrumb"},"inLanguage":"en-US","potentialAction":[{"@type":"ReadAction","target":["https:\/\/techmasterdemexico.com\/producto\/cable-de-senales-usb-modelo-redondo-de-6-pins-2-m\/"]}]},{"@type":"ImageObject","inLanguage":"en-US","@id":"https:\/\/techmasterdemexico.com\/producto\/cable-de-senales-usb-modelo-redondo-de-6-pins-2-m\/#primaryimage","url":"https:\/\/techmasterdemexico.com\/wp-content\/uploads\/2021\/12\/06afm380e_jpg.jpg","contentUrl":"https:\/\/techmasterdemexico.com\/wp-content\/uploads\/2021\/12\/06afm380e_jpg.jpg","width":600,"height":600},{"@type":"BreadcrumbList","@id":"https:\/\/techmasterdemexico.com\/producto\/cable-de-senales-usb-modelo-redondo-de-6-pins-2-m\/#breadcrumb","itemListElement":[{"@type":"ListItem","position":1,"name":"Portada","item":"https:\/\/techmasterdemexico.com\/"},{"@type":"ListItem","position":2,"name":"Cable de se\u00f1ales USB, Modelo redondo de 6-pins 2 m"}]},{"@type":"WebSite","@id":"https:\/\/techmasterdemexico.com\/#website","url":"https:\/\/techmasterdemexico.com\/","name":"Techmaster de Mexico","description":"","potentialAction":[{"@type":"SearchAction","target":{"@type":"EntryPoint","urlTemplate":"https:\/\/techmasterdemexico.com\/?s={search_term_string}"},"query-input":{"@type":"PropertyValueSpecification","valueRequired":true,"valueName":"search_term_string"}}],"inLanguage":"en-US"}]}},"brands":[{"id":39,"name":"Mitutoyo","slug":"mitutoyo"}],"_links":{"self":[{"href":"https:\/\/techmasterdemexico.com\/en\/wp-json\/wp\/v2\/product\/16662","targetHints":{"allow":["GET"]}}],"collection":[{"href":"https:\/\/techmasterdemexico.com\/en\/wp-json\/wp\/v2\/product"}],"about":[{"href":"https:\/\/techmasterdemexico.com\/en\/wp-json\/wp\/v2\/types\/product"}],"wp:featuredmedia":[{"embeddable":true,"href":"https:\/\/techmasterdemexico.com\/en\/wp-json\/wp\/v2\/media\/17664"}],"wp:attachment":[{"href":"https:\/\/techmasterdemexico.com\/en\/wp-json\/wp\/v2\/media?parent=16662"}],"wp:term":[{"taxonomy":"pwb-brand","embeddable":true,"href":"https:\/\/techmasterdemexico.com\/en\/wp-json\/wp\/v2\/pwb-brand?post=16662"},{"taxonomy":"product_brand","embeddable":true,"href":"https:\/\/techmasterdemexico.com\/en\/wp-json\/wp\/v2\/product_brand?post=16662"},{"taxonomy":"product_cat","embeddable":true,"href":"https:\/\/techmasterdemexico.com\/en\/wp-json\/wp\/v2\/product_cat?post=16662"},{"taxonomy":"product_tag","embeddable":true,"href":"https:\/\/techmasterdemexico.com\/en\/wp-json\/wp\/v2\/product_tag?post=16662"}],"curies":[{"name":"wp","href":"https:\/\/api.w.org\/{rel}","templated":true}]}}