{"id":16648,"date":"2021-12-22T01:28:41","date_gmt":"2021-12-22T01:28:41","guid":{"rendered":"https:\/\/techmastermx.ddns.net\/producto\/passameter-con-reloj-comparador-1-2\/"},"modified":"2022-02-04T20:36:24","modified_gmt":"2022-02-04T20:36:24","slug":"passameter-con-reloj-comparador-1-2","status":"publish","type":"product","link":"https:\/\/techmasterdemexico.com\/en\/producto\/passameter-con-reloj-comparador-1-2\/","title":{"rendered":"Passameter con reloj comparador 1-2&#8243;"},"content":{"rendered":"<p>Passameter con reloj comparador<br \/>\n1-2&#8243;<br \/>\nN\u00famero de art\u00edculo: 523-152<\/p>\n<p>&nbsp;<\/p>\n<div id=\"productDetailPage:j_idt1430\" class=\"description-big\"><span class=\"description\">Con alojamiento para todo tipo de comparadores rectos.<br \/>\nCon bot\u00f3n retr\u00e1ctil de apertura para f\u00e1cil manipulaci\u00f3n.<\/span><\/div>\n<form id=\"productDetailPage:accform\" action=\"https:\/\/shop.mitutoyo.eu\/web\/public\/index.xhtml\" enctype=\"application\/x-www-form-urlencoded\" method=\"post\" name=\"productDetailPage:accform\">\n<div class=\"accordion\">\n<div class=\"accordion-header parameters\"><\/div>\n<\/div>\n<\/form>\n","protected":false},"excerpt":{"rendered":"<ul>\n<li>Rango:<br \/>\n1 &#8211; 2 [Inch]<\/li>\n<li>Recorrido de bot\u00f3n retr\u00e1ctil:<br \/>\n0.078&#8243;<\/li>\n<li>Repetibilidad \u00b5m:<br \/>\n2E-5&#8243; \u00b5m<\/li>\n<li>Parallelism:<br \/>\n0,000024&#8243;<\/li>\n<li>Presi\u00f3n de medida (N):<br \/>\n5 &#8211; 10 N<\/li>\n<li>Peso:<br \/>\n810 g<\/li>\n<li>Superficies de medici\u00f3n:<br \/>\nCarbide-tipped, micro-lap finish \u00f810.8 mm<\/li>\n<li>Husillo de medici\u00f3n:<br \/>\n\u00f810,8 mm<\/li>\n<li>Digital\/Analog:<br \/>\nAnal\u00f3gico<\/li>\n<li>Metrica-pulgadas:<br \/>\n&#8211;<\/li>\n<li>Entregado:<br \/>\nIncluding box, workpiece rest, without indicator<\/li>\n<\/ul>\n","protected":false},"featured_media":17707,"template":"","meta":{"_acf_changed":false},"pwb-brand":[39],"product_brand":[],"product_cat":[366,331,74,432,38],"product_tag":[],"class_list":{"0":"post-16648","1":"product","2":"type-product","3":"status-publish","4":"has-post-thumbnail","6":"pwb-brand-mitutoyo","7":"product_cat-todos-los-productos","8":"product_cat-instrumentos-de-medicion-y-gestion-de-datos","9":"product_cat-micrometros","10":"product_cat-micrometros-digimatic-y-micrometros-mecanicos","11":"product_cat-mitutoyo","13":"first","14":"instock","15":"taxable","16":"shipping-taxable","17":"product-type-simple"},"acf":[],"yoast_head":"<!-- This site is optimized with the Yoast SEO plugin v27.2 - https:\/\/yoast.com\/product\/yoast-seo-wordpress\/ -->\n<title>Passameter con reloj comparador 1-2&quot; - Techmaster de Mexico<\/title>\n<meta name=\"robots\" content=\"index, follow, max-snippet:-1, max-image-preview:large, max-video-preview:-1\" \/>\n<link rel=\"canonical\" href=\"https:\/\/techmasterdemexico.com\/producto\/passameter-con-reloj-comparador-1-2\/\" \/>\n<meta property=\"og:locale\" content=\"en_US\" \/>\n<meta property=\"og:type\" content=\"article\" \/>\n<meta property=\"og:title\" content=\"Passameter con reloj comparador 1-2&quot; - Techmaster de Mexico\" \/>\n<meta property=\"og:description\" content=\"Rango: 1 - 2 [Inch]  Recorrido de bot\u00f3n retr\u00e1ctil: 0.078&quot;  Repetibilidad \u00b5m: 2E-5&quot; \u00b5m  Parallelism: 0,000024&quot;  Presi\u00f3n de medida (N): 5 - 10 N  Peso: 810 g  Superficies de medici\u00f3n: Carbide-tipped, micro-lap finish \u00f810.8 mm  Husillo de medici\u00f3n: \u00f810,8 mm  Digital\/Analog: Anal\u00f3gico  Metrica-pulgadas: -  Entregado: Including box, workpiece rest, without indicator\" \/>\n<meta property=\"og:url\" content=\"https:\/\/techmasterdemexico.com\/producto\/passameter-con-reloj-comparador-1-2\/\" \/>\n<meta property=\"og:site_name\" content=\"Techmaster de Mexico\" \/>\n<meta property=\"article:modified_time\" content=\"2022-02-04T20:36:24+00:00\" \/>\n<meta property=\"og:image\" content=\"https:\/\/techmasterdemexico.com\/wp-content\/uploads\/2021\/12\/523-141_z1_eps.jpg\" \/>\n\t<meta property=\"og:image:width\" content=\"600\" \/>\n\t<meta property=\"og:image:height\" content=\"600\" \/>\n\t<meta property=\"og:image:type\" content=\"image\/jpeg\" \/>\n<meta name=\"twitter:card\" content=\"summary_large_image\" \/>\n<script type=\"application\/ld+json\" class=\"yoast-schema-graph\">{\"@context\":\"https:\/\/schema.org\",\"@graph\":[{\"@type\":\"WebPage\",\"@id\":\"https:\/\/techmasterdemexico.com\/producto\/passameter-con-reloj-comparador-1-2\/\",\"url\":\"https:\/\/techmasterdemexico.com\/producto\/passameter-con-reloj-comparador-1-2\/\",\"name\":\"Passameter con reloj comparador 1-2\\\" - Techmaster de Mexico\",\"isPartOf\":{\"@id\":\"https:\/\/techmasterdemexico.com\/#website\"},\"primaryImageOfPage\":{\"@id\":\"https:\/\/techmasterdemexico.com\/producto\/passameter-con-reloj-comparador-1-2\/#primaryimage\"},\"image\":{\"@id\":\"https:\/\/techmasterdemexico.com\/producto\/passameter-con-reloj-comparador-1-2\/#primaryimage\"},\"thumbnailUrl\":\"https:\/\/techmasterdemexico.com\/wp-content\/uploads\/2021\/12\/523-141_z1_eps.jpg\",\"datePublished\":\"2021-12-22T01:28:41+00:00\",\"dateModified\":\"2022-02-04T20:36:24+00:00\",\"breadcrumb\":{\"@id\":\"https:\/\/techmasterdemexico.com\/producto\/passameter-con-reloj-comparador-1-2\/#breadcrumb\"},\"inLanguage\":\"en-US\",\"potentialAction\":[{\"@type\":\"ReadAction\",\"target\":[\"https:\/\/techmasterdemexico.com\/producto\/passameter-con-reloj-comparador-1-2\/\"]}]},{\"@type\":\"ImageObject\",\"inLanguage\":\"en-US\",\"@id\":\"https:\/\/techmasterdemexico.com\/producto\/passameter-con-reloj-comparador-1-2\/#primaryimage\",\"url\":\"https:\/\/techmasterdemexico.com\/wp-content\/uploads\/2021\/12\/523-141_z1_eps.jpg\",\"contentUrl\":\"https:\/\/techmasterdemexico.com\/wp-content\/uploads\/2021\/12\/523-141_z1_eps.jpg\",\"width\":600,\"height\":600},{\"@type\":\"BreadcrumbList\",\"@id\":\"https:\/\/techmasterdemexico.com\/producto\/passameter-con-reloj-comparador-1-2\/#breadcrumb\",\"itemListElement\":[{\"@type\":\"ListItem\",\"position\":1,\"name\":\"Portada\",\"item\":\"https:\/\/techmasterdemexico.com\/\"},{\"@type\":\"ListItem\",\"position\":2,\"name\":\"Passameter con reloj comparador 1-2&#8243;\"}]},{\"@type\":\"WebSite\",\"@id\":\"https:\/\/techmasterdemexico.com\/#website\",\"url\":\"https:\/\/techmasterdemexico.com\/\",\"name\":\"Techmaster de Mexico\",\"description\":\"\",\"potentialAction\":[{\"@type\":\"SearchAction\",\"target\":{\"@type\":\"EntryPoint\",\"urlTemplate\":\"https:\/\/techmasterdemexico.com\/?s={search_term_string}\"},\"query-input\":{\"@type\":\"PropertyValueSpecification\",\"valueRequired\":true,\"valueName\":\"search_term_string\"}}],\"inLanguage\":\"en-US\"}]}<\/script>\n<!-- \/ Yoast SEO plugin. -->","yoast_head_json":{"title":"Passameter con reloj comparador 1-2\" - Techmaster de Mexico","robots":{"index":"index","follow":"follow","max-snippet":"max-snippet:-1","max-image-preview":"max-image-preview:large","max-video-preview":"max-video-preview:-1"},"canonical":"https:\/\/techmasterdemexico.com\/producto\/passameter-con-reloj-comparador-1-2\/","og_locale":"en_US","og_type":"article","og_title":"Passameter con reloj comparador 1-2\" - Techmaster de Mexico","og_description":"Rango: 1 - 2 [Inch]  Recorrido de bot\u00f3n retr\u00e1ctil: 0.078\"  Repetibilidad \u00b5m: 2E-5\" \u00b5m  Parallelism: 0,000024\"  Presi\u00f3n de medida (N): 5 - 10 N  Peso: 810 g  Superficies de medici\u00f3n: Carbide-tipped, micro-lap finish \u00f810.8 mm  Husillo de medici\u00f3n: \u00f810,8 mm  Digital\/Analog: Anal\u00f3gico  Metrica-pulgadas: -  Entregado: Including box, workpiece rest, without indicator","og_url":"https:\/\/techmasterdemexico.com\/producto\/passameter-con-reloj-comparador-1-2\/","og_site_name":"Techmaster de Mexico","article_modified_time":"2022-02-04T20:36:24+00:00","og_image":[{"width":600,"height":600,"url":"https:\/\/techmasterdemexico.com\/wp-content\/uploads\/2021\/12\/523-141_z1_eps.jpg","type":"image\/jpeg"}],"twitter_card":"summary_large_image","schema":{"@context":"https:\/\/schema.org","@graph":[{"@type":"WebPage","@id":"https:\/\/techmasterdemexico.com\/producto\/passameter-con-reloj-comparador-1-2\/","url":"https:\/\/techmasterdemexico.com\/producto\/passameter-con-reloj-comparador-1-2\/","name":"Passameter con reloj comparador 1-2\" - Techmaster de Mexico","isPartOf":{"@id":"https:\/\/techmasterdemexico.com\/#website"},"primaryImageOfPage":{"@id":"https:\/\/techmasterdemexico.com\/producto\/passameter-con-reloj-comparador-1-2\/#primaryimage"},"image":{"@id":"https:\/\/techmasterdemexico.com\/producto\/passameter-con-reloj-comparador-1-2\/#primaryimage"},"thumbnailUrl":"https:\/\/techmasterdemexico.com\/wp-content\/uploads\/2021\/12\/523-141_z1_eps.jpg","datePublished":"2021-12-22T01:28:41+00:00","dateModified":"2022-02-04T20:36:24+00:00","breadcrumb":{"@id":"https:\/\/techmasterdemexico.com\/producto\/passameter-con-reloj-comparador-1-2\/#breadcrumb"},"inLanguage":"en-US","potentialAction":[{"@type":"ReadAction","target":["https:\/\/techmasterdemexico.com\/producto\/passameter-con-reloj-comparador-1-2\/"]}]},{"@type":"ImageObject","inLanguage":"en-US","@id":"https:\/\/techmasterdemexico.com\/producto\/passameter-con-reloj-comparador-1-2\/#primaryimage","url":"https:\/\/techmasterdemexico.com\/wp-content\/uploads\/2021\/12\/523-141_z1_eps.jpg","contentUrl":"https:\/\/techmasterdemexico.com\/wp-content\/uploads\/2021\/12\/523-141_z1_eps.jpg","width":600,"height":600},{"@type":"BreadcrumbList","@id":"https:\/\/techmasterdemexico.com\/producto\/passameter-con-reloj-comparador-1-2\/#breadcrumb","itemListElement":[{"@type":"ListItem","position":1,"name":"Portada","item":"https:\/\/techmasterdemexico.com\/"},{"@type":"ListItem","position":2,"name":"Passameter con reloj comparador 1-2&#8243;"}]},{"@type":"WebSite","@id":"https:\/\/techmasterdemexico.com\/#website","url":"https:\/\/techmasterdemexico.com\/","name":"Techmaster de Mexico","description":"","potentialAction":[{"@type":"SearchAction","target":{"@type":"EntryPoint","urlTemplate":"https:\/\/techmasterdemexico.com\/?s={search_term_string}"},"query-input":{"@type":"PropertyValueSpecification","valueRequired":true,"valueName":"search_term_string"}}],"inLanguage":"en-US"}]}},"brands":[{"id":39,"name":"Mitutoyo","slug":"mitutoyo"}],"_links":{"self":[{"href":"https:\/\/techmasterdemexico.com\/en\/wp-json\/wp\/v2\/product\/16648","targetHints":{"allow":["GET"]}}],"collection":[{"href":"https:\/\/techmasterdemexico.com\/en\/wp-json\/wp\/v2\/product"}],"about":[{"href":"https:\/\/techmasterdemexico.com\/en\/wp-json\/wp\/v2\/types\/product"}],"wp:featuredmedia":[{"embeddable":true,"href":"https:\/\/techmasterdemexico.com\/en\/wp-json\/wp\/v2\/media\/17707"}],"wp:attachment":[{"href":"https:\/\/techmasterdemexico.com\/en\/wp-json\/wp\/v2\/media?parent=16648"}],"wp:term":[{"taxonomy":"pwb-brand","embeddable":true,"href":"https:\/\/techmasterdemexico.com\/en\/wp-json\/wp\/v2\/pwb-brand?post=16648"},{"taxonomy":"product_brand","embeddable":true,"href":"https:\/\/techmasterdemexico.com\/en\/wp-json\/wp\/v2\/product_brand?post=16648"},{"taxonomy":"product_cat","embeddable":true,"href":"https:\/\/techmasterdemexico.com\/en\/wp-json\/wp\/v2\/product_cat?post=16648"},{"taxonomy":"product_tag","embeddable":true,"href":"https:\/\/techmasterdemexico.com\/en\/wp-json\/wp\/v2\/product_tag?post=16648"}],"curies":[{"name":"wp","href":"https:\/\/api.w.org\/{rel}","templated":true}]}}