{"id":16616,"date":"2021-12-22T01:27:57","date_gmt":"2021-12-22T01:27:57","guid":{"rendered":"https:\/\/techmastermx.ddns.net\/producto\/outside-micrometer-with-heat-ins-plate-0-25mm-0001mm\/"},"modified":"2022-02-27T20:50:09","modified_gmt":"2022-02-27T20:50:09","slug":"outside-micrometer-with-heat-ins-plate-0-25mm-0001mm","status":"publish","type":"product","link":"https:\/\/techmasterdemexico.com\/en\/producto\/outside-micrometer-with-heat-ins-plate-0-25mm-0001mm\/","title":{"rendered":"Outside Micrometer with Heat Ins. Plate 0-25mm, 0,001mm"},"content":{"rendered":"<p>Outside Micrometer with Heat Ins. Plate<br \/>\n0-25mm, 0,001mm<br \/>\nN\u00famero de art\u00edculo: 102-311<\/p>\n<p>&nbsp;<\/p>\n<ul>\n<li>Arco aislado\u00a0y bastidor c\u00f3nico para lugares de dificil acceso.<\/li>\n<li>Con\u00a0carraca normal.<\/li>\n<\/ul>\n","protected":false},"excerpt":{"rendered":"<table class=\"product_properties\">\n<tbody>\n<tr class=\"table-row-odd\">\n<td class=\"parameter\">\n<div class=\"product_properties_propertyName\"><span class=\"name\">Rango:<\/span><\/div>\n<\/td>\n<td class=\"value\">\n<div class=\"product_properties_propertyValue\">0 &#8211; 25<span class=\"shortName\">\u00a0mm<\/span><\/div>\n<\/td>\n<\/tr>\n<tr class=\"table-row-even\">\n<td class=\"parameter\">\n<div class=\"product_properties_propertyName\"><span class=\"name\">Parallelism:<\/span><\/div>\n<\/td>\n<td class=\"value\">\n<div class=\"product_properties_propertyValue\">2 \u03bcm<\/div>\n<\/td>\n<\/tr>\n<tr class=\"table-row-odd\">\n<td class=\"parameter\">\n<div class=\"product_properties_propertyName\"><span class=\"name\">Maximum Permissible Error J MPE:<\/span><\/div>\n<\/td>\n<td class=\"value\">\n<div class=\"product_properties_propertyValue\">\u00b11 \u00b5m<\/div>\n<\/td>\n<\/tr>\n<tr class=\"table-row-even\">\n<td class=\"parameter\">\n<div class=\"product_properties_propertyName\"><span class=\"name\">Presi\u00f3n de medida (N):<\/span><\/div>\n<\/td>\n<td class=\"value\">\n<div class=\"product_properties_propertyValue\">5 &#8211; 10<span class=\"shortName\">\u00a0N<\/span><\/div>\n<\/td>\n<\/tr>\n<tr class=\"table-row-odd\">\n<td class=\"parameter\">\n<div class=\"product_properties_propertyName\"><span class=\"name\">Vol\u00famen de suministro:<\/span><\/div>\n<\/td>\n<td class=\"value\">\n<div class=\"product_properties_propertyValue\">102-701(micr\u00f3metro con tambor carraca)\/-302\/-303\/-304, patrones para 3 micr\u00f3metros<\/div>\n<\/td>\n<\/tr>\n<tr class=\"table-row-even\">\n<td class=\"parameter\">\n<div class=\"product_properties_propertyName\"><span class=\"name\">Observaciones:<\/span><\/div>\n<\/td>\n<td class=\"value\">\n<div class=\"product_properties_propertyValue\">Ratched Stop<\/div>\n<\/td>\n<\/tr>\n<tr class=\"table-row-odd\">\n<td class=\"parameter\">\n<div class=\"product_properties_propertyName\"><span class=\"name\">Peso:<\/span><\/div>\n<\/td>\n<td class=\"value\">\n<div class=\"product_properties_propertyValue\">180<span class=\"shortName\">\u00a0g<\/span><\/div>\n<\/td>\n<\/tr>\n<tr class=\"table-row-even\">\n<td class=\"parameter\">\n<div class=\"product_properties_propertyName\"><span class=\"name\">Superficies de medici\u00f3n:<\/span><\/div>\n<\/td>\n<td class=\"value\">\n<div class=\"product_properties_propertyValue\">Carbide-tipped, micro-lap finish<\/div>\n<\/td>\n<\/tr>\n<tr class=\"table-row-odd\">\n<td class=\"parameter\">\n<div class=\"product_properties_propertyName\"><span class=\"name\">Husillo de medici\u00f3n:<\/span><\/div>\n<\/td>\n<td class=\"value\">\n<div class=\"product_properties_propertyValue\">With spindle lock, \u00f86,35 mm, spindle pitch 0,5 mm<\/div>\n<\/td>\n<\/tr>\n<tr class=\"table-row-even\">\n<td class=\"parameter\">\n<div class=\"product_properties_propertyName\"><span class=\"name\">Scale:<\/span><\/div>\n<\/td>\n<td class=\"value\">\n<div class=\"product_properties_propertyValue\">Thimble and sleeve satin chrome finish, \u00f818 mm<\/div>\n<\/td>\n<\/tr>\n<tr class=\"table-row-odd\">\n<td class=\"parameter\">\n<div class=\"product_properties_propertyName\"><span class=\"name\">Metrica-pulgadas:<\/span><\/div>\n<\/td>\n<td class=\"value\">\n<div class=\"product_properties_propertyValue\">M\u00e9trica<\/div>\n<\/td>\n<\/tr>\n<tr class=\"table-row-even\">\n<td class=\"parameter\">\n<div class=\"product_properties_propertyName\"><span class=\"name\">Digital\/Analog:<\/span><\/div>\n<\/td>\n<td class=\"value\">\n<div class=\"product_properties_propertyValue\">Anal\u00f3gico<\/div>\n<\/td>\n<\/tr>\n<tr class=\"table-row-odd\">\n<td class=\"parameter\">\n<div class=\"product_properties_propertyName\"><span class=\"name\">Entregado:<\/span><\/div>\n<\/td>\n<td class=\"value\">\n<div class=\"product_properties_propertyValue\">Incluye caja, patr\u00f3n de ajuste(de 25 mm en adelante), Certificado de inspecci\u00f3n (rango 0-50 mm )<\/div>\n<\/td>\n<\/tr>\n<\/tbody>\n<\/table>\n","protected":false},"featured_media":18653,"template":"","meta":{"_acf_changed":false},"pwb-brand":[39],"product_brand":[],"product_cat":[366,331,74,432,38],"product_tag":[],"class_list":{"0":"post-16616","1":"product","2":"type-product","3":"status-publish","4":"has-post-thumbnail","6":"pwb-brand-mitutoyo","7":"product_cat-todos-los-productos","8":"product_cat-instrumentos-de-medicion-y-gestion-de-datos","9":"product_cat-micrometros","10":"product_cat-micrometros-digimatic-y-micrometros-mecanicos","11":"product_cat-mitutoyo","13":"first","14":"instock","15":"taxable","16":"shipping-taxable","17":"product-type-simple"},"acf":[],"yoast_head":"<!-- This site is optimized with the Yoast SEO plugin v27.3 - https:\/\/yoast.com\/product\/yoast-seo-wordpress\/ -->\n<title>Outside Micrometer with Heat Ins. Plate 0-25mm, 0,001mm - Techmaster de Mexico<\/title>\n<meta name=\"robots\" content=\"index, follow, max-snippet:-1, max-image-preview:large, max-video-preview:-1\" \/>\n<link rel=\"canonical\" href=\"https:\/\/techmasterdemexico.com\/en\/producto\/outside-micrometer-with-heat-ins-plate-0-25mm-0001mm\/\" \/>\n<meta property=\"og:locale\" content=\"en_US\" \/>\n<meta property=\"og:type\" content=\"article\" \/>\n<meta property=\"og:title\" content=\"Outside Micrometer with Heat Ins. Plate 0-25mm, 0,001mm - Techmaster de Mexico\" \/>\n<meta property=\"og:description\" content=\"Rango:  0 - 25\u00a0mm    Parallelism:  2 \u03bcm    Maximum Permissible Error J MPE:  \u00b11 \u00b5m    Presi\u00f3n de medida (N):  5 - 10\u00a0N    Vol\u00famen de suministro:  102-701(micr\u00f3metro con tambor carraca)\/-302\/-303\/-304, patrones para 3 micr\u00f3metros    Observaciones:  Ratched Stop    Peso:  180\u00a0g    Superficies de medici\u00f3n:  Carbide-tipped, micro-lap finish    Husillo de medici\u00f3n:  With spindle lock, \u00f86,35 mm, spindle pitch 0,5 mm    Scale:  Thimble and sleeve satin chrome finish, \u00f818 mm    Metrica-pulgadas:  M\u00e9trica    Digital\/Analog:  Anal\u00f3gico    Entregado:  Incluye caja, patr\u00f3n de ajuste(de 25 mm en adelante), Certificado de inspecci\u00f3n (rango 0-50 mm )\" \/>\n<meta property=\"og:url\" content=\"https:\/\/techmasterdemexico.com\/en\/producto\/outside-micrometer-with-heat-ins-plate-0-25mm-0001mm\/\" \/>\n<meta property=\"og:site_name\" content=\"Techmaster de Mexico\" \/>\n<meta property=\"article:modified_time\" content=\"2022-02-27T20:50:09+00:00\" \/>\n<meta property=\"og:image\" content=\"https:\/\/techmasterdemexico.com\/wp-content\/uploads\/2021\/12\/102-311_jpg.jpg\" \/>\n\t<meta property=\"og:image:width\" content=\"600\" \/>\n\t<meta property=\"og:image:height\" content=\"600\" \/>\n\t<meta property=\"og:image:type\" content=\"image\/jpeg\" \/>\n<meta name=\"twitter:card\" content=\"summary_large_image\" \/>\n<script type=\"application\/ld+json\" class=\"yoast-schema-graph\">{\"@context\":\"https:\\\/\\\/schema.org\",\"@graph\":[{\"@type\":\"WebPage\",\"@id\":\"https:\\\/\\\/techmasterdemexico.com\\\/en\\\/producto\\\/outside-micrometer-with-heat-ins-plate-0-25mm-0001mm\\\/\",\"url\":\"https:\\\/\\\/techmasterdemexico.com\\\/en\\\/producto\\\/outside-micrometer-with-heat-ins-plate-0-25mm-0001mm\\\/\",\"name\":\"Outside Micrometer with Heat Ins. Plate 0-25mm, 0,001mm - Techmaster de Mexico\",\"isPartOf\":{\"@id\":\"https:\\\/\\\/techmasterdemexico.com\\\/#website\"},\"primaryImageOfPage\":{\"@id\":\"https:\\\/\\\/techmasterdemexico.com\\\/en\\\/producto\\\/outside-micrometer-with-heat-ins-plate-0-25mm-0001mm\\\/#primaryimage\"},\"image\":{\"@id\":\"https:\\\/\\\/techmasterdemexico.com\\\/en\\\/producto\\\/outside-micrometer-with-heat-ins-plate-0-25mm-0001mm\\\/#primaryimage\"},\"thumbnailUrl\":\"https:\\\/\\\/techmasterdemexico.com\\\/wp-content\\\/uploads\\\/2021\\\/12\\\/102-311_jpg.jpg\",\"datePublished\":\"2021-12-22T01:27:57+00:00\",\"dateModified\":\"2022-02-27T20:50:09+00:00\",\"breadcrumb\":{\"@id\":\"https:\\\/\\\/techmasterdemexico.com\\\/en\\\/producto\\\/outside-micrometer-with-heat-ins-plate-0-25mm-0001mm\\\/#breadcrumb\"},\"inLanguage\":\"en-US\",\"potentialAction\":[{\"@type\":\"ReadAction\",\"target\":[\"https:\\\/\\\/techmasterdemexico.com\\\/en\\\/producto\\\/outside-micrometer-with-heat-ins-plate-0-25mm-0001mm\\\/\"]}]},{\"@type\":\"ImageObject\",\"inLanguage\":\"en-US\",\"@id\":\"https:\\\/\\\/techmasterdemexico.com\\\/en\\\/producto\\\/outside-micrometer-with-heat-ins-plate-0-25mm-0001mm\\\/#primaryimage\",\"url\":\"https:\\\/\\\/techmasterdemexico.com\\\/wp-content\\\/uploads\\\/2021\\\/12\\\/102-311_jpg.jpg\",\"contentUrl\":\"https:\\\/\\\/techmasterdemexico.com\\\/wp-content\\\/uploads\\\/2021\\\/12\\\/102-311_jpg.jpg\",\"width\":600,\"height\":600},{\"@type\":\"BreadcrumbList\",\"@id\":\"https:\\\/\\\/techmasterdemexico.com\\\/en\\\/producto\\\/outside-micrometer-with-heat-ins-plate-0-25mm-0001mm\\\/#breadcrumb\",\"itemListElement\":[{\"@type\":\"ListItem\",\"position\":1,\"name\":\"Portada\",\"item\":\"https:\\\/\\\/techmasterdemexico.com\\\/\"},{\"@type\":\"ListItem\",\"position\":2,\"name\":\"Outside Micrometer with Heat Ins. Plate 0-25mm, 0,001mm\"}]},{\"@type\":\"WebSite\",\"@id\":\"https:\\\/\\\/techmasterdemexico.com\\\/#website\",\"url\":\"https:\\\/\\\/techmasterdemexico.com\\\/\",\"name\":\"Techmaster de Mexico\",\"description\":\"\",\"potentialAction\":[{\"@type\":\"SearchAction\",\"target\":{\"@type\":\"EntryPoint\",\"urlTemplate\":\"https:\\\/\\\/techmasterdemexico.com\\\/?s={search_term_string}\"},\"query-input\":{\"@type\":\"PropertyValueSpecification\",\"valueRequired\":true,\"valueName\":\"search_term_string\"}}],\"inLanguage\":\"en-US\"}]}<\/script>\n<!-- \/ Yoast SEO plugin. -->","yoast_head_json":{"title":"Outside Micrometer with Heat Ins. Plate 0-25mm, 0,001mm - Techmaster de Mexico","robots":{"index":"index","follow":"follow","max-snippet":"max-snippet:-1","max-image-preview":"max-image-preview:large","max-video-preview":"max-video-preview:-1"},"canonical":"https:\/\/techmasterdemexico.com\/en\/producto\/outside-micrometer-with-heat-ins-plate-0-25mm-0001mm\/","og_locale":"en_US","og_type":"article","og_title":"Outside Micrometer with Heat Ins. Plate 0-25mm, 0,001mm - Techmaster de Mexico","og_description":"Rango:  0 - 25\u00a0mm    Parallelism:  2 \u03bcm    Maximum Permissible Error J MPE:  \u00b11 \u00b5m    Presi\u00f3n de medida (N):  5 - 10\u00a0N    Vol\u00famen de suministro:  102-701(micr\u00f3metro con tambor carraca)\/-302\/-303\/-304, patrones para 3 micr\u00f3metros    Observaciones:  Ratched Stop    Peso:  180\u00a0g    Superficies de medici\u00f3n:  Carbide-tipped, micro-lap finish    Husillo de medici\u00f3n:  With spindle lock, \u00f86,35 mm, spindle pitch 0,5 mm    Scale:  Thimble and sleeve satin chrome finish, \u00f818 mm    Metrica-pulgadas:  M\u00e9trica    Digital\/Analog:  Anal\u00f3gico    Entregado:  Incluye caja, patr\u00f3n de ajuste(de 25 mm en adelante), Certificado de inspecci\u00f3n (rango 0-50 mm )","og_url":"https:\/\/techmasterdemexico.com\/en\/producto\/outside-micrometer-with-heat-ins-plate-0-25mm-0001mm\/","og_site_name":"Techmaster de Mexico","article_modified_time":"2022-02-27T20:50:09+00:00","og_image":[{"width":600,"height":600,"url":"https:\/\/techmasterdemexico.com\/wp-content\/uploads\/2021\/12\/102-311_jpg.jpg","type":"image\/jpeg"}],"twitter_card":"summary_large_image","schema":{"@context":"https:\/\/schema.org","@graph":[{"@type":"WebPage","@id":"https:\/\/techmasterdemexico.com\/en\/producto\/outside-micrometer-with-heat-ins-plate-0-25mm-0001mm\/","url":"https:\/\/techmasterdemexico.com\/en\/producto\/outside-micrometer-with-heat-ins-plate-0-25mm-0001mm\/","name":"Outside Micrometer with Heat Ins. Plate 0-25mm, 0,001mm - Techmaster de Mexico","isPartOf":{"@id":"https:\/\/techmasterdemexico.com\/#website"},"primaryImageOfPage":{"@id":"https:\/\/techmasterdemexico.com\/en\/producto\/outside-micrometer-with-heat-ins-plate-0-25mm-0001mm\/#primaryimage"},"image":{"@id":"https:\/\/techmasterdemexico.com\/en\/producto\/outside-micrometer-with-heat-ins-plate-0-25mm-0001mm\/#primaryimage"},"thumbnailUrl":"https:\/\/techmasterdemexico.com\/wp-content\/uploads\/2021\/12\/102-311_jpg.jpg","datePublished":"2021-12-22T01:27:57+00:00","dateModified":"2022-02-27T20:50:09+00:00","breadcrumb":{"@id":"https:\/\/techmasterdemexico.com\/en\/producto\/outside-micrometer-with-heat-ins-plate-0-25mm-0001mm\/#breadcrumb"},"inLanguage":"en-US","potentialAction":[{"@type":"ReadAction","target":["https:\/\/techmasterdemexico.com\/en\/producto\/outside-micrometer-with-heat-ins-plate-0-25mm-0001mm\/"]}]},{"@type":"ImageObject","inLanguage":"en-US","@id":"https:\/\/techmasterdemexico.com\/en\/producto\/outside-micrometer-with-heat-ins-plate-0-25mm-0001mm\/#primaryimage","url":"https:\/\/techmasterdemexico.com\/wp-content\/uploads\/2021\/12\/102-311_jpg.jpg","contentUrl":"https:\/\/techmasterdemexico.com\/wp-content\/uploads\/2021\/12\/102-311_jpg.jpg","width":600,"height":600},{"@type":"BreadcrumbList","@id":"https:\/\/techmasterdemexico.com\/en\/producto\/outside-micrometer-with-heat-ins-plate-0-25mm-0001mm\/#breadcrumb","itemListElement":[{"@type":"ListItem","position":1,"name":"Portada","item":"https:\/\/techmasterdemexico.com\/"},{"@type":"ListItem","position":2,"name":"Outside Micrometer with Heat Ins. Plate 0-25mm, 0,001mm"}]},{"@type":"WebSite","@id":"https:\/\/techmasterdemexico.com\/#website","url":"https:\/\/techmasterdemexico.com\/","name":"Techmaster de Mexico","description":"","potentialAction":[{"@type":"SearchAction","target":{"@type":"EntryPoint","urlTemplate":"https:\/\/techmasterdemexico.com\/?s={search_term_string}"},"query-input":{"@type":"PropertyValueSpecification","valueRequired":true,"valueName":"search_term_string"}}],"inLanguage":"en-US"}]}},"brands":[{"id":39,"name":"Mitutoyo","slug":"mitutoyo"}],"_links":{"self":[{"href":"https:\/\/techmasterdemexico.com\/en\/wp-json\/wp\/v2\/product\/16616","targetHints":{"allow":["GET"]}}],"collection":[{"href":"https:\/\/techmasterdemexico.com\/en\/wp-json\/wp\/v2\/product"}],"about":[{"href":"https:\/\/techmasterdemexico.com\/en\/wp-json\/wp\/v2\/types\/product"}],"wp:featuredmedia":[{"embeddable":true,"href":"https:\/\/techmasterdemexico.com\/en\/wp-json\/wp\/v2\/media\/18653"}],"wp:attachment":[{"href":"https:\/\/techmasterdemexico.com\/en\/wp-json\/wp\/v2\/media?parent=16616"}],"wp:term":[{"taxonomy":"pwb-brand","embeddable":true,"href":"https:\/\/techmasterdemexico.com\/en\/wp-json\/wp\/v2\/pwb-brand?post=16616"},{"taxonomy":"product_brand","embeddable":true,"href":"https:\/\/techmasterdemexico.com\/en\/wp-json\/wp\/v2\/product_brand?post=16616"},{"taxonomy":"product_cat","embeddable":true,"href":"https:\/\/techmasterdemexico.com\/en\/wp-json\/wp\/v2\/product_cat?post=16616"},{"taxonomy":"product_tag","embeddable":true,"href":"https:\/\/techmasterdemexico.com\/en\/wp-json\/wp\/v2\/product_tag?post=16616"}],"curies":[{"name":"wp","href":"https:\/\/api.w.org\/{rel}","templated":true}]}}