{"id":16610,"date":"2021-12-22T01:27:39","date_gmt":"2021-12-22T01:27:39","guid":{"rendered":"https:\/\/techmastermx.ddns.net\/producto\/digital-disc-micrometer-quickmike-ip65-inch-metric-0-12-disk20mm\/"},"modified":"2022-02-27T20:58:58","modified_gmt":"2022-02-27T20:58:58","slug":"digital-disc-micrometer-quickmike-ip65-inch-metric-0-12-disk20mm","status":"publish","type":"product","link":"https:\/\/techmasterdemexico.com\/en\/producto\/digital-disc-micrometer-quickmike-ip65-inch-metric-0-12-disk20mm\/","title":{"rendered":"Digital Disc Micrometer QuickMike, IP65 Inch\/Metric, 0-1,2&#8243;, Disk=20mm"},"content":{"rendered":"<p>Digital Disc Micrometer QuickMike, IP65<br \/>\nInch\/Metric, 0-1,2&#8243;, Disk=20mm<br \/>\nN\u00famero de art\u00edculo: 369-421-20<\/p>\n<p>&nbsp;<\/p>\n<p>El Micr\u00f3metro de platillos Digim\u00e1tic ABSOLUTE Quickmike le permite medir con un avance r\u00e1pido del husillo de 10 mm \/ rev. Le ofrece las siguientes ventajas:<\/p>\n<ul>\n<li>Adecuado para medir fieltro, caucho, cart\u00f3n, tela, etc.<\/li>\n<li>Adecuado<br \/>\npara medir la &#8220;longitud de la ra\u00edz tangente&#8221; de engranajes rectos y<br \/>\nengranajes helicoidales.<\/li>\n<li>Con husillo no giratorio y superficie de<br \/>\nmedici\u00f3n en forma de platillo.<\/li>\n<li>La fuerza de medici\u00f3n es ajustable<br \/>\npara varios tipos de piezas (serie 227)<\/li>\n<\/ul>\n","protected":false},"excerpt":{"rendered":"<table class=\"product_properties\">\n<tbody>\n<tr class=\"table-row-odd\">\n<td class=\"parameter\">\n<div class=\"product_properties_propertyName\"><span class=\"name\">Rango:<\/span><\/div>\n<\/td>\n<td class=\"value\">\n<div class=\"product_properties_propertyValue\">1 &#8211; 1.2<span class=\"shortName\">\u00a0[Inch]<\/span><\/div>\n<\/td>\n<\/tr>\n<tr class=\"table-row-even\">\n<td class=\"parameter\">\n<div class=\"product_properties_propertyName\"><span class=\"name\">Parallelism:<\/span><\/div>\n<\/td>\n<td class=\"value\">\n<div class=\"product_properties_propertyValue\">0.0002&#8243;<\/div>\n<\/td>\n<\/tr>\n<tr class=\"table-row-odd\">\n<td class=\"parameter\">\n<div class=\"product_properties_propertyName\"><span class=\"name\">Resoluci\u00f3n:<\/span><\/div>\n<\/td>\n<td class=\"value\">\n<div class=\"product_properties_propertyValue\">0,00005 inch\/0,001 mm<\/div>\n<\/td>\n<\/tr>\n<tr class=\"table-row-even\">\n<td class=\"parameter\">\n<div class=\"product_properties_propertyName\"><span class=\"name\">Maximum Permissible Error J MPE:<\/span><\/div>\n<\/td>\n<td class=\"value\">\n<div class=\"product_properties_propertyValue\">\u00b10,0002&#8243;<\/div>\n<\/td>\n<\/tr>\n<tr class=\"table-row-odd\">\n<td class=\"parameter\">\n<div class=\"product_properties_propertyName\"><span class=\"name\">Presi\u00f3n de medida (N):<\/span><\/div>\n<\/td>\n<td class=\"value\">\n<div class=\"product_properties_propertyValue\">3 &#8211; 8<span class=\"shortName\">\u00a0N<\/span><\/div>\n<\/td>\n<\/tr>\n<tr class=\"table-row-even\">\n<td class=\"parameter\">\n<div class=\"product_properties_propertyName\"><span class=\"name\">Modulo medible:<\/span><\/div>\n<\/td>\n<td class=\"value\">\n<div class=\"product_properties_propertyValue\">0.5 &#8211; 6<\/div>\n<\/td>\n<\/tr>\n<tr class=\"table-row-odd\">\n<td class=\"parameter\">\n<div class=\"product_properties_propertyName\"><span class=\"name\">Peso:<\/span><\/div>\n<\/td>\n<td class=\"value\">\n<div class=\"product_properties_propertyValue\">360<span class=\"shortName\">\u00a0g<\/span><\/div>\n<\/td>\n<\/tr>\n<tr class=\"table-row-even\">\n<td class=\"parameter\">\n<div class=\"product_properties_propertyName\"><span class=\"name\">Visualizador:<\/span><\/div>\n<\/td>\n<td class=\"value\">\n<div class=\"product_properties_propertyValue\">LCD, character height 10 mm<\/div>\n<\/td>\n<\/tr>\n<tr class=\"table-row-odd\">\n<td class=\"parameter\">\n<div class=\"product_properties_propertyName\"><span class=\"name\">Superficies de medici\u00f3n:<\/span><\/div>\n<\/td>\n<td class=\"value\">\n<div class=\"product_properties_propertyValue\">Hardened steel, micro-lap finish<\/div>\n<\/td>\n<\/tr>\n<tr class=\"table-row-even\">\n<td class=\"parameter\">\n<div class=\"product_properties_propertyName\"><span class=\"name\">Husillo de medici\u00f3n:<\/span><\/div>\n<\/td>\n<td class=\"value\">\n<div class=\"product_properties_propertyValue\">\u00f86,35 mm, non-rotating, 10 mm spindle feed<\/div>\n<\/td>\n<\/tr>\n<tr class=\"table-row-odd\">\n<td class=\"parameter\">\n<div class=\"product_properties_propertyName\"><span class=\"name\">Fuente de alimentaci\u00f3n:<\/span><\/div>\n<\/td>\n<td class=\"value\">\n<div class=\"product_properties_propertyValue\">1 battery SR-44<\/div>\n<\/td>\n<\/tr>\n<tr class=\"table-row-even\">\n<td class=\"parameter\">\n<div class=\"product_properties_propertyName\"><span class=\"name\">Duraci\u00f3n bateria:<\/span><\/div>\n<\/td>\n<td class=\"value\">\n<div class=\"product_properties_propertyValue\">Approx. 5 years<\/div>\n<\/td>\n<\/tr>\n<tr class=\"table-row-odd\">\n<td class=\"parameter\">\n<div class=\"product_properties_propertyName\"><span class=\"name\">Metrica-pulgadas:<\/span><\/div>\n<\/td>\n<td class=\"value\">\n<div class=\"product_properties_propertyValue\">Inch\/m\u00e9trica<\/div>\n<\/td>\n<\/tr>\n<tr class=\"table-row-even\">\n<td class=\"parameter\">\n<div class=\"product_properties_propertyName\"><span class=\"name\">Digital\/Analog:<\/span><\/div>\n<\/td>\n<td class=\"value\">\n<div class=\"product_properties_propertyValue\">&#8211;<\/div>\n<\/td>\n<\/tr>\n<tr class=\"table-row-odd\">\n<td class=\"parameter\">\n<div class=\"product_properties_propertyName\"><span class=\"name\">Battery life:<\/span><\/div>\n<\/td>\n<td class=\"value\">\n<div class=\"product_properties_propertyValue\">Approx. 5 years<\/div>\n<\/td>\n<\/tr>\n<tr class=\"table-row-even\">\n<td class=\"parameter\">\n<div class=\"product_properties_propertyName\"><span class=\"name\">Entregado:<\/span><\/div>\n<\/td>\n<td class=\"value\">\n<div class=\"product_properties_propertyValue\">Including box,\u00a0setting standard\u00a0(from 25 mm upward), 1 battery<\/div>\n<\/td>\n<\/tr>\n<\/tbody>\n<\/table>\n","protected":false},"featured_media":18662,"template":"","meta":{"_acf_changed":false},"pwb-brand":[39],"product_brand":[],"product_cat":[366,331,74,432,38],"product_tag":[],"class_list":{"0":"post-16610","1":"product","2":"type-product","3":"status-publish","4":"has-post-thumbnail","6":"pwb-brand-mitutoyo","7":"product_cat-todos-los-productos","8":"product_cat-instrumentos-de-medicion-y-gestion-de-datos","9":"product_cat-micrometros","10":"product_cat-micrometros-digimatic-y-micrometros-mecanicos","11":"product_cat-mitutoyo","13":"first","14":"instock","15":"taxable","16":"shipping-taxable","17":"product-type-simple"},"acf":[],"yoast_head":"<!-- This site is optimized with the Yoast SEO plugin v27.3 - https:\/\/yoast.com\/product\/yoast-seo-wordpress\/ -->\n<title>Digital Disc Micrometer QuickMike, IP65 Inch\/Metric, 0-1,2&quot;, Disk=20mm - Techmaster de Mexico<\/title>\n<meta name=\"robots\" content=\"index, follow, max-snippet:-1, max-image-preview:large, max-video-preview:-1\" \/>\n<link rel=\"canonical\" href=\"https:\/\/techmasterdemexico.com\/producto\/digital-disc-micrometer-quickmike-ip65-inch-metric-0-12-disk20mm\/\" \/>\n<meta property=\"og:locale\" content=\"en_US\" \/>\n<meta property=\"og:type\" content=\"article\" \/>\n<meta property=\"og:title\" content=\"Digital Disc Micrometer QuickMike, IP65 Inch\/Metric, 0-1,2&quot;, Disk=20mm - Techmaster de Mexico\" \/>\n<meta property=\"og:description\" content=\"Rango:  1 - 1.2\u00a0[Inch]    Parallelism:  0.0002&quot;    Resoluci\u00f3n:  0,00005 inch\/0,001 mm    Maximum Permissible Error J MPE:  \u00b10,0002&quot;    Presi\u00f3n de medida (N):  3 - 8\u00a0N    Modulo medible:  0.5 - 6    Peso:  360\u00a0g    Visualizador:  LCD, character height 10 mm    Superficies de medici\u00f3n:  Hardened steel, micro-lap finish    Husillo de medici\u00f3n:  \u00f86,35 mm, non-rotating, 10 mm spindle feed    Fuente de alimentaci\u00f3n:  1 battery SR-44    Duraci\u00f3n bateria:  Approx. 5 years    Metrica-pulgadas:  Inch\/m\u00e9trica    Digital\/Analog:  -    Battery life:  Approx. 5 years    Entregado:  Including box,\u00a0setting standard\u00a0(from 25 mm upward), 1 battery\" \/>\n<meta property=\"og:url\" content=\"https:\/\/techmasterdemexico.com\/producto\/digital-disc-micrometer-quickmike-ip65-inch-metric-0-12-disk20mm\/\" \/>\n<meta property=\"og:site_name\" content=\"Techmaster de Mexico\" \/>\n<meta property=\"article:modified_time\" content=\"2022-02-27T20:58:58+00:00\" \/>\n<meta property=\"og:image\" content=\"https:\/\/techmasterdemexico.com\/wp-content\/uploads\/2021\/12\/369-411-20_jpg.jpg\" \/>\n\t<meta property=\"og:image:width\" content=\"600\" \/>\n\t<meta property=\"og:image:height\" content=\"600\" \/>\n\t<meta property=\"og:image:type\" content=\"image\/jpeg\" \/>\n<meta name=\"twitter:card\" content=\"summary_large_image\" \/>\n<script type=\"application\/ld+json\" class=\"yoast-schema-graph\">{\"@context\":\"https:\\\/\\\/schema.org\",\"@graph\":[{\"@type\":\"WebPage\",\"@id\":\"https:\\\/\\\/techmasterdemexico.com\\\/producto\\\/digital-disc-micrometer-quickmike-ip65-inch-metric-0-12-disk20mm\\\/\",\"url\":\"https:\\\/\\\/techmasterdemexico.com\\\/producto\\\/digital-disc-micrometer-quickmike-ip65-inch-metric-0-12-disk20mm\\\/\",\"name\":\"Digital Disc Micrometer QuickMike, IP65 Inch\\\/Metric, 0-1,2\\\", Disk=20mm - Techmaster de Mexico\",\"isPartOf\":{\"@id\":\"https:\\\/\\\/techmasterdemexico.com\\\/#website\"},\"primaryImageOfPage\":{\"@id\":\"https:\\\/\\\/techmasterdemexico.com\\\/producto\\\/digital-disc-micrometer-quickmike-ip65-inch-metric-0-12-disk20mm\\\/#primaryimage\"},\"image\":{\"@id\":\"https:\\\/\\\/techmasterdemexico.com\\\/producto\\\/digital-disc-micrometer-quickmike-ip65-inch-metric-0-12-disk20mm\\\/#primaryimage\"},\"thumbnailUrl\":\"https:\\\/\\\/techmasterdemexico.com\\\/wp-content\\\/uploads\\\/2021\\\/12\\\/369-411-20_jpg.jpg\",\"datePublished\":\"2021-12-22T01:27:39+00:00\",\"dateModified\":\"2022-02-27T20:58:58+00:00\",\"breadcrumb\":{\"@id\":\"https:\\\/\\\/techmasterdemexico.com\\\/producto\\\/digital-disc-micrometer-quickmike-ip65-inch-metric-0-12-disk20mm\\\/#breadcrumb\"},\"inLanguage\":\"en-US\",\"potentialAction\":[{\"@type\":\"ReadAction\",\"target\":[\"https:\\\/\\\/techmasterdemexico.com\\\/producto\\\/digital-disc-micrometer-quickmike-ip65-inch-metric-0-12-disk20mm\\\/\"]}]},{\"@type\":\"ImageObject\",\"inLanguage\":\"en-US\",\"@id\":\"https:\\\/\\\/techmasterdemexico.com\\\/producto\\\/digital-disc-micrometer-quickmike-ip65-inch-metric-0-12-disk20mm\\\/#primaryimage\",\"url\":\"https:\\\/\\\/techmasterdemexico.com\\\/wp-content\\\/uploads\\\/2021\\\/12\\\/369-411-20_jpg.jpg\",\"contentUrl\":\"https:\\\/\\\/techmasterdemexico.com\\\/wp-content\\\/uploads\\\/2021\\\/12\\\/369-411-20_jpg.jpg\",\"width\":600,\"height\":600},{\"@type\":\"BreadcrumbList\",\"@id\":\"https:\\\/\\\/techmasterdemexico.com\\\/producto\\\/digital-disc-micrometer-quickmike-ip65-inch-metric-0-12-disk20mm\\\/#breadcrumb\",\"itemListElement\":[{\"@type\":\"ListItem\",\"position\":1,\"name\":\"Portada\",\"item\":\"https:\\\/\\\/techmasterdemexico.com\\\/\"},{\"@type\":\"ListItem\",\"position\":2,\"name\":\"Digital Disc Micrometer QuickMike, IP65 Inch\\\/Metric, 0-1,2&#8243;, Disk=20mm\"}]},{\"@type\":\"WebSite\",\"@id\":\"https:\\\/\\\/techmasterdemexico.com\\\/#website\",\"url\":\"https:\\\/\\\/techmasterdemexico.com\\\/\",\"name\":\"Techmaster de Mexico\",\"description\":\"\",\"potentialAction\":[{\"@type\":\"SearchAction\",\"target\":{\"@type\":\"EntryPoint\",\"urlTemplate\":\"https:\\\/\\\/techmasterdemexico.com\\\/?s={search_term_string}\"},\"query-input\":{\"@type\":\"PropertyValueSpecification\",\"valueRequired\":true,\"valueName\":\"search_term_string\"}}],\"inLanguage\":\"en-US\"}]}<\/script>\n<!-- \/ Yoast SEO plugin. -->","yoast_head_json":{"title":"Digital Disc Micrometer QuickMike, IP65 Inch\/Metric, 0-1,2\", Disk=20mm - Techmaster de Mexico","robots":{"index":"index","follow":"follow","max-snippet":"max-snippet:-1","max-image-preview":"max-image-preview:large","max-video-preview":"max-video-preview:-1"},"canonical":"https:\/\/techmasterdemexico.com\/producto\/digital-disc-micrometer-quickmike-ip65-inch-metric-0-12-disk20mm\/","og_locale":"en_US","og_type":"article","og_title":"Digital Disc Micrometer QuickMike, IP65 Inch\/Metric, 0-1,2\", Disk=20mm - Techmaster de Mexico","og_description":"Rango:  1 - 1.2\u00a0[Inch]    Parallelism:  0.0002\"    Resoluci\u00f3n:  0,00005 inch\/0,001 mm    Maximum Permissible Error J MPE:  \u00b10,0002\"    Presi\u00f3n de medida (N):  3 - 8\u00a0N    Modulo medible:  0.5 - 6    Peso:  360\u00a0g    Visualizador:  LCD, character height 10 mm    Superficies de medici\u00f3n:  Hardened steel, micro-lap finish    Husillo de medici\u00f3n:  \u00f86,35 mm, non-rotating, 10 mm spindle feed    Fuente de alimentaci\u00f3n:  1 battery SR-44    Duraci\u00f3n bateria:  Approx. 5 years    Metrica-pulgadas:  Inch\/m\u00e9trica    Digital\/Analog:  -    Battery life:  Approx. 5 years    Entregado:  Including box,\u00a0setting standard\u00a0(from 25 mm upward), 1 battery","og_url":"https:\/\/techmasterdemexico.com\/producto\/digital-disc-micrometer-quickmike-ip65-inch-metric-0-12-disk20mm\/","og_site_name":"Techmaster de Mexico","article_modified_time":"2022-02-27T20:58:58+00:00","og_image":[{"width":600,"height":600,"url":"https:\/\/techmasterdemexico.com\/wp-content\/uploads\/2021\/12\/369-411-20_jpg.jpg","type":"image\/jpeg"}],"twitter_card":"summary_large_image","schema":{"@context":"https:\/\/schema.org","@graph":[{"@type":"WebPage","@id":"https:\/\/techmasterdemexico.com\/producto\/digital-disc-micrometer-quickmike-ip65-inch-metric-0-12-disk20mm\/","url":"https:\/\/techmasterdemexico.com\/producto\/digital-disc-micrometer-quickmike-ip65-inch-metric-0-12-disk20mm\/","name":"Digital Disc Micrometer QuickMike, IP65 Inch\/Metric, 0-1,2\", Disk=20mm - Techmaster de Mexico","isPartOf":{"@id":"https:\/\/techmasterdemexico.com\/#website"},"primaryImageOfPage":{"@id":"https:\/\/techmasterdemexico.com\/producto\/digital-disc-micrometer-quickmike-ip65-inch-metric-0-12-disk20mm\/#primaryimage"},"image":{"@id":"https:\/\/techmasterdemexico.com\/producto\/digital-disc-micrometer-quickmike-ip65-inch-metric-0-12-disk20mm\/#primaryimage"},"thumbnailUrl":"https:\/\/techmasterdemexico.com\/wp-content\/uploads\/2021\/12\/369-411-20_jpg.jpg","datePublished":"2021-12-22T01:27:39+00:00","dateModified":"2022-02-27T20:58:58+00:00","breadcrumb":{"@id":"https:\/\/techmasterdemexico.com\/producto\/digital-disc-micrometer-quickmike-ip65-inch-metric-0-12-disk20mm\/#breadcrumb"},"inLanguage":"en-US","potentialAction":[{"@type":"ReadAction","target":["https:\/\/techmasterdemexico.com\/producto\/digital-disc-micrometer-quickmike-ip65-inch-metric-0-12-disk20mm\/"]}]},{"@type":"ImageObject","inLanguage":"en-US","@id":"https:\/\/techmasterdemexico.com\/producto\/digital-disc-micrometer-quickmike-ip65-inch-metric-0-12-disk20mm\/#primaryimage","url":"https:\/\/techmasterdemexico.com\/wp-content\/uploads\/2021\/12\/369-411-20_jpg.jpg","contentUrl":"https:\/\/techmasterdemexico.com\/wp-content\/uploads\/2021\/12\/369-411-20_jpg.jpg","width":600,"height":600},{"@type":"BreadcrumbList","@id":"https:\/\/techmasterdemexico.com\/producto\/digital-disc-micrometer-quickmike-ip65-inch-metric-0-12-disk20mm\/#breadcrumb","itemListElement":[{"@type":"ListItem","position":1,"name":"Portada","item":"https:\/\/techmasterdemexico.com\/"},{"@type":"ListItem","position":2,"name":"Digital Disc Micrometer QuickMike, IP65 Inch\/Metric, 0-1,2&#8243;, Disk=20mm"}]},{"@type":"WebSite","@id":"https:\/\/techmasterdemexico.com\/#website","url":"https:\/\/techmasterdemexico.com\/","name":"Techmaster de Mexico","description":"","potentialAction":[{"@type":"SearchAction","target":{"@type":"EntryPoint","urlTemplate":"https:\/\/techmasterdemexico.com\/?s={search_term_string}"},"query-input":{"@type":"PropertyValueSpecification","valueRequired":true,"valueName":"search_term_string"}}],"inLanguage":"en-US"}]}},"brands":[{"id":39,"name":"Mitutoyo","slug":"mitutoyo"}],"_links":{"self":[{"href":"https:\/\/techmasterdemexico.com\/en\/wp-json\/wp\/v2\/product\/16610","targetHints":{"allow":["GET"]}}],"collection":[{"href":"https:\/\/techmasterdemexico.com\/en\/wp-json\/wp\/v2\/product"}],"about":[{"href":"https:\/\/techmasterdemexico.com\/en\/wp-json\/wp\/v2\/types\/product"}],"wp:featuredmedia":[{"embeddable":true,"href":"https:\/\/techmasterdemexico.com\/en\/wp-json\/wp\/v2\/media\/18662"}],"wp:attachment":[{"href":"https:\/\/techmasterdemexico.com\/en\/wp-json\/wp\/v2\/media?parent=16610"}],"wp:term":[{"taxonomy":"pwb-brand","embeddable":true,"href":"https:\/\/techmasterdemexico.com\/en\/wp-json\/wp\/v2\/pwb-brand?post=16610"},{"taxonomy":"product_brand","embeddable":true,"href":"https:\/\/techmasterdemexico.com\/en\/wp-json\/wp\/v2\/product_brand?post=16610"},{"taxonomy":"product_cat","embeddable":true,"href":"https:\/\/techmasterdemexico.com\/en\/wp-json\/wp\/v2\/product_cat?post=16610"},{"taxonomy":"product_tag","embeddable":true,"href":"https:\/\/techmasterdemexico.com\/en\/wp-json\/wp\/v2\/product_tag?post=16610"}],"curies":[{"name":"wp","href":"https:\/\/api.w.org\/{rel}","templated":true}]}}