{"id":16606,"date":"2021-12-22T01:27:35","date_gmt":"2021-12-22T01:27:35","guid":{"rendered":"https:\/\/techmastermx.ddns.net\/producto\/absolute-digital-disc-mic-adj-force-quickmike-0-15mm-05-25n-disk143mm\/"},"modified":"2022-02-27T21:03:49","modified_gmt":"2022-02-27T21:03:49","slug":"absolute-digital-disc-mic-adj-force-quickmike-0-15mm-05-25n-disk143mm","status":"publish","type":"product","link":"https:\/\/techmasterdemexico.com\/en\/producto\/absolute-digital-disc-mic-adj-force-quickmike-0-15mm-05-25n-disk143mm\/","title":{"rendered":"Absolute Digital Disc Mic., Adj. Force QuickMike, 0-15mm, 0,5-2,5N, Disk=14,3mm"},"content":{"rendered":"<p>Absolute Digital Disc Mic., Adj. Force<br \/>\nQuickMike, 0-15mm, 0,5-2,5N, Disk=14,3mm<br \/>\nN\u00famero de art\u00edculo: 227-221-20<\/p>\n<p>&nbsp;<\/p>\n<p>El Micr\u00f3metro de platillos Digim\u00e1tic ABSOLUTE Quickmike le permite medir con un avance r\u00e1pido del husillo de 10 mm \/ rev. Le ofrece las siguientes ventajas:<\/p>\n<ul>\n<li>Adecuado para medir fieltro, caucho, cart\u00f3n, tela, etc.<\/li>\n<li>Adecuado<br \/>\npara medir la &#8220;longitud de la ra\u00edz tangente&#8221; de engranajes rectos y<br \/>\nengranajes helicoidales.<\/li>\n<li>Con husillo no giratorio y superficie de<br \/>\nmedici\u00f3n en forma de platillo.<\/li>\n<li>La fuerza de medici\u00f3n es ajustable<br \/>\npara varios tipos de piezas (serie 227)<\/li>\n<\/ul>\n","protected":false},"excerpt":{"rendered":"<table class=\"product_properties\">\n<tbody>\n<tr class=\"table-row-odd\">\n<td class=\"parameter\">\n<div class=\"product_properties_propertyName\"><span class=\"name\">Rango:<\/span><\/div>\n<\/td>\n<td class=\"value\">\n<div class=\"product_properties_propertyValue\">0 &#8211; 15<span class=\"shortName\">\u00a0mm<\/span><\/div>\n<\/td>\n<\/tr>\n<tr class=\"table-row-even\">\n<td class=\"parameter\">\n<div class=\"product_properties_propertyName\"><span class=\"name\">Parallelism:<\/span><\/div>\n<\/td>\n<td class=\"value\">\n<div class=\"product_properties_propertyValue\">3 \u00b5m<\/div>\n<\/td>\n<\/tr>\n<tr class=\"table-row-odd\">\n<td class=\"parameter\">\n<div class=\"product_properties_propertyName\"><span class=\"name\">Resoluci\u00f3n:<\/span><\/div>\n<\/td>\n<td class=\"value\">\n<div class=\"product_properties_propertyValue\">0,001 mm<\/div>\n<\/td>\n<\/tr>\n<tr class=\"table-row-even\">\n<td class=\"parameter\">\n<div class=\"product_properties_propertyName\"><span class=\"name\">Maximum Permissible Error J MPE:<\/span><\/div>\n<\/td>\n<td class=\"value\">\n<div class=\"product_properties_propertyValue\">\u00b14 \u00b5m<\/div>\n<\/td>\n<\/tr>\n<tr class=\"table-row-odd\">\n<td class=\"parameter\">\n<div class=\"product_properties_propertyName\"><span class=\"name\">Presi\u00f3n de medida (N):<\/span><\/div>\n<\/td>\n<td class=\"value\">\n<div class=\"product_properties_propertyValue\">3 &#8211; 8<span class=\"shortName\">\u00a0N<\/span><\/div>\n<\/td>\n<\/tr>\n<tr class=\"table-row-even\">\n<td class=\"parameter\">\n<div class=\"product_properties_propertyName\"><span class=\"name\">Fuerza de medici\u00f3n (N)<br \/>\nprecisi\u00f3n<strong>&lt;sup(1)&lt; sup=&#8221;&#8221;&gt;&lt;\/sup(1)&lt;&gt;<\/strong>:<\/span><\/div>\n<\/td>\n<td class=\"value\">\n<div class=\"product_properties_propertyValue\">\u00b10.1 + (force setting\/10)<span class=\"shortName\">\u00a0N<\/span><\/div>\n<\/td>\n<\/tr>\n<tr class=\"table-row-odd\">\n<td class=\"parameter\">\n<div class=\"product_properties_propertyName\"><span class=\"name\">Modulo medible:<\/span><\/div>\n<\/td>\n<td class=\"value\">\n<div class=\"product_properties_propertyValue\">0.4-3<\/div>\n<\/td>\n<\/tr>\n<tr class=\"table-row-even\">\n<td class=\"parameter\">\n<div class=\"product_properties_propertyName\"><span class=\"name\">Peso:<\/span><\/div>\n<\/td>\n<td class=\"value\">\n<div class=\"product_properties_propertyValue\">300<span class=\"shortName\">\u00a0g<\/span><\/div>\n<\/td>\n<\/tr>\n<tr class=\"table-row-odd\">\n<td class=\"parameter\">\n<div class=\"product_properties_propertyName\"><span class=\"name\">Visualizador:<\/span><\/div>\n<\/td>\n<td class=\"value\">\n<div class=\"product_properties_propertyValue\">LCD, character height 10 mm<\/div>\n<\/td>\n<\/tr>\n<tr class=\"table-row-even\">\n<td class=\"parameter\">\n<div class=\"product_properties_propertyName\"><span class=\"name\">Superficies de medici\u00f3n:<\/span><\/div>\n<\/td>\n<td class=\"value\">\n<div class=\"product_properties_propertyValue\">Hardened steel, micro-lap finish<\/div>\n<\/td>\n<\/tr>\n<tr class=\"table-row-odd\">\n<td class=\"parameter\">\n<div class=\"product_properties_propertyName\"><span class=\"name\">Husillo de medici\u00f3n:<\/span><\/div>\n<\/td>\n<td class=\"value\">\n<div class=\"product_properties_propertyValue\">\u00f86,35 mm, non-rotating, 10 mm spindle feed<\/div>\n<\/td>\n<\/tr>\n<tr class=\"table-row-even\">\n<td class=\"parameter\">\n<div class=\"product_properties_propertyName\"><span class=\"name\">Fuente de alimentaci\u00f3n:<\/span><\/div>\n<\/td>\n<td class=\"value\">\n<div class=\"product_properties_propertyValue\">1 battery SR-44<\/div>\n<\/td>\n<\/tr>\n<tr class=\"table-row-odd\">\n<td class=\"parameter\">\n<div class=\"product_properties_propertyName\"><span class=\"name\">Duraci\u00f3n bateria:<\/span><\/div>\n<\/td>\n<td class=\"value\">\n<div class=\"product_properties_propertyValue\">Approx. 5 years<\/div>\n<\/td>\n<\/tr>\n<tr class=\"table-row-even\">\n<td class=\"parameter\">\n<div class=\"product_properties_propertyName\"><span class=\"name\">Metrica-pulgadas:<\/span><\/div>\n<\/td>\n<td class=\"value\">\n<div class=\"product_properties_propertyValue\">M\u00e9trica<\/div>\n<\/td>\n<\/tr>\n<tr class=\"table-row-odd\">\n<td class=\"parameter\">\n<div class=\"product_properties_propertyName\"><span class=\"name\">Digital\/Analog:<\/span><\/div>\n<\/td>\n<td class=\"value\">\n<div class=\"product_properties_propertyValue\">&#8211;<\/div>\n<\/td>\n<\/tr>\n<tr class=\"table-row-even\">\n<td class=\"parameter\">\n<div class=\"product_properties_propertyName\"><span class=\"name\">Battery life:<\/span><\/div>\n<\/td>\n<td class=\"value\">\n<div class=\"product_properties_propertyValue\">Approx. 5 years<\/div>\n<\/td>\n<\/tr>\n<tr class=\"table-row-odd\">\n<td class=\"parameter\">\n<div class=\"product_properties_propertyName\"><span class=\"name\">Entregado:<\/span><\/div>\n<\/td>\n<td class=\"value\">\n<div class=\"product_properties_propertyValue\">Including box,\u00a0setting standard\u00a0(from 25 mm upward), 1 battery<\/div>\n<\/td>\n<\/tr>\n<\/tbody>\n<\/table>\n","protected":false},"featured_media":18664,"template":"","meta":{"_acf_changed":false},"pwb-brand":[39],"product_brand":[],"product_cat":[366,331,74,432,38],"product_tag":[],"class_list":{"0":"post-16606","1":"product","2":"type-product","3":"status-publish","4":"has-post-thumbnail","6":"pwb-brand-mitutoyo","7":"product_cat-todos-los-productos","8":"product_cat-instrumentos-de-medicion-y-gestion-de-datos","9":"product_cat-micrometros","10":"product_cat-micrometros-digimatic-y-micrometros-mecanicos","11":"product_cat-mitutoyo","13":"first","14":"instock","15":"taxable","16":"shipping-taxable","17":"product-type-simple"},"acf":[],"yoast_head":"<!-- This site is optimized with the Yoast SEO plugin v27.3 - https:\/\/yoast.com\/product\/yoast-seo-wordpress\/ -->\n<title>Absolute Digital Disc Mic., Adj. Force QuickMike, 0-15mm, 0,5-2,5N, Disk=14,3mm - Techmaster de Mexico<\/title>\n<meta name=\"robots\" content=\"index, follow, max-snippet:-1, max-image-preview:large, max-video-preview:-1\" \/>\n<link rel=\"canonical\" href=\"https:\/\/techmasterdemexico.com\/producto\/absolute-digital-disc-mic-adj-force-quickmike-0-15mm-05-25n-disk143mm\/\" \/>\n<meta property=\"og:locale\" content=\"en_US\" \/>\n<meta property=\"og:type\" content=\"article\" \/>\n<meta property=\"og:title\" content=\"Absolute Digital Disc Mic., Adj. Force QuickMike, 0-15mm, 0,5-2,5N, Disk=14,3mm - Techmaster de Mexico\" \/>\n<meta property=\"og:description\" content=\"Rango:  0 - 15\u00a0mm    Parallelism:  3 \u00b5m    Resoluci\u00f3n:  0,001 mm    Maximum Permissible Error J MPE:  \u00b14 \u00b5m    Presi\u00f3n de medida (N):  3 - 8\u00a0N    Fuerza de medici\u00f3n (N) precisi\u00f3n&lt;sup(1)&lt; sup=&quot;&quot;&gt;&lt;\/sup(1)&lt;&gt;:  \u00b10.1 + (force setting\/10)\u00a0N    Modulo medible:  0.4-3    Peso:  300\u00a0g    Visualizador:  LCD, character height 10 mm    Superficies de medici\u00f3n:  Hardened steel, micro-lap finish    Husillo de medici\u00f3n:  \u00f86,35 mm, non-rotating, 10 mm spindle feed    Fuente de alimentaci\u00f3n:  1 battery SR-44    Duraci\u00f3n bateria:  Approx. 5 years    Metrica-pulgadas:  M\u00e9trica    Digital\/Analog:  -    Battery life:  Approx. 5 years    Entregado:  Including box,\u00a0setting standard\u00a0(from 25 mm upward), 1 battery\" \/>\n<meta property=\"og:url\" content=\"https:\/\/techmasterdemexico.com\/producto\/absolute-digital-disc-mic-adj-force-quickmike-0-15mm-05-25n-disk143mm\/\" \/>\n<meta property=\"og:site_name\" content=\"Techmaster de Mexico\" \/>\n<meta property=\"article:modified_time\" content=\"2022-02-27T21:03:49+00:00\" \/>\n<meta property=\"og:image\" content=\"https:\/\/techmasterdemexico.com\/wp-content\/uploads\/2021\/12\/227-223-20_eps.jpg\" \/>\n\t<meta property=\"og:image:width\" content=\"600\" \/>\n\t<meta property=\"og:image:height\" content=\"600\" \/>\n\t<meta property=\"og:image:type\" content=\"image\/jpeg\" \/>\n<meta name=\"twitter:card\" content=\"summary_large_image\" \/>\n<script type=\"application\/ld+json\" class=\"yoast-schema-graph\">{\"@context\":\"https:\\\/\\\/schema.org\",\"@graph\":[{\"@type\":\"WebPage\",\"@id\":\"https:\\\/\\\/techmasterdemexico.com\\\/producto\\\/absolute-digital-disc-mic-adj-force-quickmike-0-15mm-05-25n-disk143mm\\\/\",\"url\":\"https:\\\/\\\/techmasterdemexico.com\\\/producto\\\/absolute-digital-disc-mic-adj-force-quickmike-0-15mm-05-25n-disk143mm\\\/\",\"name\":\"Absolute Digital Disc Mic., Adj. Force QuickMike, 0-15mm, 0,5-2,5N, Disk=14,3mm - Techmaster de Mexico\",\"isPartOf\":{\"@id\":\"https:\\\/\\\/techmasterdemexico.com\\\/#website\"},\"primaryImageOfPage\":{\"@id\":\"https:\\\/\\\/techmasterdemexico.com\\\/producto\\\/absolute-digital-disc-mic-adj-force-quickmike-0-15mm-05-25n-disk143mm\\\/#primaryimage\"},\"image\":{\"@id\":\"https:\\\/\\\/techmasterdemexico.com\\\/producto\\\/absolute-digital-disc-mic-adj-force-quickmike-0-15mm-05-25n-disk143mm\\\/#primaryimage\"},\"thumbnailUrl\":\"https:\\\/\\\/techmasterdemexico.com\\\/wp-content\\\/uploads\\\/2021\\\/12\\\/227-223-20_eps.jpg\",\"datePublished\":\"2021-12-22T01:27:35+00:00\",\"dateModified\":\"2022-02-27T21:03:49+00:00\",\"breadcrumb\":{\"@id\":\"https:\\\/\\\/techmasterdemexico.com\\\/producto\\\/absolute-digital-disc-mic-adj-force-quickmike-0-15mm-05-25n-disk143mm\\\/#breadcrumb\"},\"inLanguage\":\"en-US\",\"potentialAction\":[{\"@type\":\"ReadAction\",\"target\":[\"https:\\\/\\\/techmasterdemexico.com\\\/producto\\\/absolute-digital-disc-mic-adj-force-quickmike-0-15mm-05-25n-disk143mm\\\/\"]}]},{\"@type\":\"ImageObject\",\"inLanguage\":\"en-US\",\"@id\":\"https:\\\/\\\/techmasterdemexico.com\\\/producto\\\/absolute-digital-disc-mic-adj-force-quickmike-0-15mm-05-25n-disk143mm\\\/#primaryimage\",\"url\":\"https:\\\/\\\/techmasterdemexico.com\\\/wp-content\\\/uploads\\\/2021\\\/12\\\/227-223-20_eps.jpg\",\"contentUrl\":\"https:\\\/\\\/techmasterdemexico.com\\\/wp-content\\\/uploads\\\/2021\\\/12\\\/227-223-20_eps.jpg\",\"width\":600,\"height\":600},{\"@type\":\"BreadcrumbList\",\"@id\":\"https:\\\/\\\/techmasterdemexico.com\\\/producto\\\/absolute-digital-disc-mic-adj-force-quickmike-0-15mm-05-25n-disk143mm\\\/#breadcrumb\",\"itemListElement\":[{\"@type\":\"ListItem\",\"position\":1,\"name\":\"Portada\",\"item\":\"https:\\\/\\\/techmasterdemexico.com\\\/\"},{\"@type\":\"ListItem\",\"position\":2,\"name\":\"Absolute Digital Disc Mic., Adj. Force QuickMike, 0-15mm, 0,5-2,5N, Disk=14,3mm\"}]},{\"@type\":\"WebSite\",\"@id\":\"https:\\\/\\\/techmasterdemexico.com\\\/#website\",\"url\":\"https:\\\/\\\/techmasterdemexico.com\\\/\",\"name\":\"Techmaster de Mexico\",\"description\":\"\",\"potentialAction\":[{\"@type\":\"SearchAction\",\"target\":{\"@type\":\"EntryPoint\",\"urlTemplate\":\"https:\\\/\\\/techmasterdemexico.com\\\/?s={search_term_string}\"},\"query-input\":{\"@type\":\"PropertyValueSpecification\",\"valueRequired\":true,\"valueName\":\"search_term_string\"}}],\"inLanguage\":\"en-US\"}]}<\/script>\n<!-- \/ Yoast SEO plugin. -->","yoast_head_json":{"title":"Absolute Digital Disc Mic., Adj. Force QuickMike, 0-15mm, 0,5-2,5N, Disk=14,3mm - Techmaster de Mexico","robots":{"index":"index","follow":"follow","max-snippet":"max-snippet:-1","max-image-preview":"max-image-preview:large","max-video-preview":"max-video-preview:-1"},"canonical":"https:\/\/techmasterdemexico.com\/producto\/absolute-digital-disc-mic-adj-force-quickmike-0-15mm-05-25n-disk143mm\/","og_locale":"en_US","og_type":"article","og_title":"Absolute Digital Disc Mic., Adj. Force QuickMike, 0-15mm, 0,5-2,5N, Disk=14,3mm - Techmaster de Mexico","og_description":"Rango:  0 - 15\u00a0mm    Parallelism:  3 \u00b5m    Resoluci\u00f3n:  0,001 mm    Maximum Permissible Error J MPE:  \u00b14 \u00b5m    Presi\u00f3n de medida (N):  3 - 8\u00a0N    Fuerza de medici\u00f3n (N) precisi\u00f3n&lt;sup(1)&lt; sup=\"\"&gt;&lt;\/sup(1)&lt;&gt;:  \u00b10.1 + (force setting\/10)\u00a0N    Modulo medible:  0.4-3    Peso:  300\u00a0g    Visualizador:  LCD, character height 10 mm    Superficies de medici\u00f3n:  Hardened steel, micro-lap finish    Husillo de medici\u00f3n:  \u00f86,35 mm, non-rotating, 10 mm spindle feed    Fuente de alimentaci\u00f3n:  1 battery SR-44    Duraci\u00f3n bateria:  Approx. 5 years    Metrica-pulgadas:  M\u00e9trica    Digital\/Analog:  -    Battery life:  Approx. 5 years    Entregado:  Including box,\u00a0setting standard\u00a0(from 25 mm upward), 1 battery","og_url":"https:\/\/techmasterdemexico.com\/producto\/absolute-digital-disc-mic-adj-force-quickmike-0-15mm-05-25n-disk143mm\/","og_site_name":"Techmaster de Mexico","article_modified_time":"2022-02-27T21:03:49+00:00","og_image":[{"width":600,"height":600,"url":"https:\/\/techmasterdemexico.com\/wp-content\/uploads\/2021\/12\/227-223-20_eps.jpg","type":"image\/jpeg"}],"twitter_card":"summary_large_image","schema":{"@context":"https:\/\/schema.org","@graph":[{"@type":"WebPage","@id":"https:\/\/techmasterdemexico.com\/producto\/absolute-digital-disc-mic-adj-force-quickmike-0-15mm-05-25n-disk143mm\/","url":"https:\/\/techmasterdemexico.com\/producto\/absolute-digital-disc-mic-adj-force-quickmike-0-15mm-05-25n-disk143mm\/","name":"Absolute Digital Disc Mic., Adj. Force QuickMike, 0-15mm, 0,5-2,5N, Disk=14,3mm - Techmaster de Mexico","isPartOf":{"@id":"https:\/\/techmasterdemexico.com\/#website"},"primaryImageOfPage":{"@id":"https:\/\/techmasterdemexico.com\/producto\/absolute-digital-disc-mic-adj-force-quickmike-0-15mm-05-25n-disk143mm\/#primaryimage"},"image":{"@id":"https:\/\/techmasterdemexico.com\/producto\/absolute-digital-disc-mic-adj-force-quickmike-0-15mm-05-25n-disk143mm\/#primaryimage"},"thumbnailUrl":"https:\/\/techmasterdemexico.com\/wp-content\/uploads\/2021\/12\/227-223-20_eps.jpg","datePublished":"2021-12-22T01:27:35+00:00","dateModified":"2022-02-27T21:03:49+00:00","breadcrumb":{"@id":"https:\/\/techmasterdemexico.com\/producto\/absolute-digital-disc-mic-adj-force-quickmike-0-15mm-05-25n-disk143mm\/#breadcrumb"},"inLanguage":"en-US","potentialAction":[{"@type":"ReadAction","target":["https:\/\/techmasterdemexico.com\/producto\/absolute-digital-disc-mic-adj-force-quickmike-0-15mm-05-25n-disk143mm\/"]}]},{"@type":"ImageObject","inLanguage":"en-US","@id":"https:\/\/techmasterdemexico.com\/producto\/absolute-digital-disc-mic-adj-force-quickmike-0-15mm-05-25n-disk143mm\/#primaryimage","url":"https:\/\/techmasterdemexico.com\/wp-content\/uploads\/2021\/12\/227-223-20_eps.jpg","contentUrl":"https:\/\/techmasterdemexico.com\/wp-content\/uploads\/2021\/12\/227-223-20_eps.jpg","width":600,"height":600},{"@type":"BreadcrumbList","@id":"https:\/\/techmasterdemexico.com\/producto\/absolute-digital-disc-mic-adj-force-quickmike-0-15mm-05-25n-disk143mm\/#breadcrumb","itemListElement":[{"@type":"ListItem","position":1,"name":"Portada","item":"https:\/\/techmasterdemexico.com\/"},{"@type":"ListItem","position":2,"name":"Absolute Digital Disc Mic., Adj. Force QuickMike, 0-15mm, 0,5-2,5N, Disk=14,3mm"}]},{"@type":"WebSite","@id":"https:\/\/techmasterdemexico.com\/#website","url":"https:\/\/techmasterdemexico.com\/","name":"Techmaster de Mexico","description":"","potentialAction":[{"@type":"SearchAction","target":{"@type":"EntryPoint","urlTemplate":"https:\/\/techmasterdemexico.com\/?s={search_term_string}"},"query-input":{"@type":"PropertyValueSpecification","valueRequired":true,"valueName":"search_term_string"}}],"inLanguage":"en-US"}]}},"brands":[{"id":39,"name":"Mitutoyo","slug":"mitutoyo"}],"_links":{"self":[{"href":"https:\/\/techmasterdemexico.com\/en\/wp-json\/wp\/v2\/product\/16606","targetHints":{"allow":["GET"]}}],"collection":[{"href":"https:\/\/techmasterdemexico.com\/en\/wp-json\/wp\/v2\/product"}],"about":[{"href":"https:\/\/techmasterdemexico.com\/en\/wp-json\/wp\/v2\/types\/product"}],"wp:featuredmedia":[{"embeddable":true,"href":"https:\/\/techmasterdemexico.com\/en\/wp-json\/wp\/v2\/media\/18664"}],"wp:attachment":[{"href":"https:\/\/techmasterdemexico.com\/en\/wp-json\/wp\/v2\/media?parent=16606"}],"wp:term":[{"taxonomy":"pwb-brand","embeddable":true,"href":"https:\/\/techmasterdemexico.com\/en\/wp-json\/wp\/v2\/pwb-brand?post=16606"},{"taxonomy":"product_brand","embeddable":true,"href":"https:\/\/techmasterdemexico.com\/en\/wp-json\/wp\/v2\/product_brand?post=16606"},{"taxonomy":"product_cat","embeddable":true,"href":"https:\/\/techmasterdemexico.com\/en\/wp-json\/wp\/v2\/product_cat?post=16606"},{"taxonomy":"product_tag","embeddable":true,"href":"https:\/\/techmasterdemexico.com\/en\/wp-json\/wp\/v2\/product_tag?post=16606"}],"curies":[{"name":"wp","href":"https:\/\/api.w.org\/{rel}","templated":true}]}}