{"id":16596,"date":"2021-12-22T01:27:25","date_gmt":"2021-12-22T01:27:25","guid":{"rendered":"https:\/\/techmastermx.ddns.net\/producto\/micrometro-para-espesor-de-chapa-0-25mm-flat-anvil-spindle-300mm-throat\/"},"modified":"2022-02-27T21:33:44","modified_gmt":"2022-02-27T21:33:44","slug":"micrometro-para-espesor-de-chapa-0-25mm-flat-anvil-spindle-300mm-throat","status":"publish","type":"product","link":"https:\/\/techmasterdemexico.com\/en\/producto\/micrometro-para-espesor-de-chapa-0-25mm-flat-anvil-spindle-300mm-throat\/","title":{"rendered":"Micr\u00f3metro para espesor de chapa 0-25mm, Flat Anvil\/spindle, 300mm Throat"},"content":{"rendered":"<p>Micr\u00f3metro para espesor de chapa 0-25 mm<br \/>\n0-25mm, Flat Anvil\/spindle, 300mm Throat<br \/>\nN\u00famero de art\u00edculo: 118-103<\/p>\n<p>&nbsp;<\/p>\n<div id=\"productDetailPage:j_idt2274\" class=\"description-big\"><span class=\"description\">El Micr\u00f3metro Sheet Metal est\u00e1 dise\u00f1ado con un arco de gran escote para medir el espesor de planchas de materiales a una distancia mayor desde el borde.<\/span><\/div>\n<form id=\"productDetailPage:accform\" action=\"https:\/\/shop.mitutoyo.eu\/web\/public\/index.xhtml\" enctype=\"application\/x-www-form-urlencoded\" method=\"post\" name=\"productDetailPage:accform\">\n<div class=\"accordion\">\n<div class=\"accordion-header parameters\"><\/div>\n<\/div>\n<\/form>\n","protected":false},"excerpt":{"rendered":"<table class=\"product_properties\">\n<tbody>\n<tr class=\"table-row-odd\">\n<td class=\"parameter\">\n<div class=\"product_properties_propertyName\"><span class=\"name\">Rango:<\/span><\/div>\n<\/td>\n<td class=\"value\">\n<div class=\"product_properties_propertyValue\">0 &#8211; 25<span class=\"shortName\">\u00a0mm<\/span><\/div>\n<\/td>\n<\/tr>\n<tr class=\"table-row-even\">\n<td class=\"parameter\">\n<div class=\"product_properties_propertyName\"><span class=\"name\">Parallelism:<\/span><\/div>\n<\/td>\n<td class=\"value\">\n<div class=\"product_properties_propertyValue\">3 \u00b5m<\/div>\n<\/td>\n<\/tr>\n<tr class=\"table-row-odd\">\n<td class=\"parameter\">\n<div class=\"product_properties_propertyName\"><span class=\"name\">Maximum Permissible Error J MPE:<\/span><\/div>\n<\/td>\n<td class=\"value\">\n<div class=\"product_properties_propertyValue\">\u00b15 \u00b5m<\/div>\n<\/td>\n<\/tr>\n<tr class=\"table-row-even\">\n<td class=\"parameter\">\n<div class=\"product_properties_propertyName\"><span class=\"name\">Apoyo \/ Punta:<\/span><\/div>\n<\/td>\n<td class=\"value\">\n<div class=\"product_properties_propertyValue\">Type A, flat\/flat<\/div>\n<\/td>\n<\/tr>\n<tr class=\"table-row-odd\">\n<td class=\"parameter\">\n<div class=\"product_properties_propertyName\"><span class=\"name\">Presi\u00f3n de medida (N):<\/span><\/div>\n<\/td>\n<td class=\"value\">\n<div class=\"product_properties_propertyValue\">10 &#8211; 14<span class=\"shortName\">\u00a0N<\/span><\/div>\n<\/td>\n<\/tr>\n<tr class=\"table-row-even\">\n<td class=\"parameter\">\n<div class=\"product_properties_propertyName\"><span class=\"name\">Peso:<\/span><\/div>\n<\/td>\n<td class=\"value\">\n<div class=\"product_properties_propertyValue\">2650<span class=\"shortName\">\u00a0g<\/span><\/div>\n<\/td>\n<\/tr>\n<tr class=\"table-row-odd\">\n<td class=\"parameter\">\n<div class=\"product_properties_propertyName\"><span class=\"name\">Superficies de medici\u00f3n:<\/span><\/div>\n<\/td>\n<td class=\"value\">\n<div class=\"product_properties_propertyValue\">Carbide-tipped, micro-lap finish<\/div>\n<\/td>\n<\/tr>\n<tr class=\"table-row-even\">\n<td class=\"parameter\">\n<div class=\"product_properties_propertyName\"><span class=\"name\">Husillo de medici\u00f3n:<\/span><\/div>\n<\/td>\n<td class=\"value\">\n<div class=\"product_properties_propertyValue\">\n<p>Profundidad de garganta hasta 300 mm:<br \/>\n\u00d8 8 mm<br \/>\nPaso del husillo 0,5 mm,<br \/>\ncon bloqueo de husillo<\/p>\n<\/div>\n<\/td>\n<\/tr>\n<tr class=\"table-row-odd\">\n<td class=\"parameter\">\n<div class=\"product_properties_propertyName\"><span class=\"name\">Scale:<\/span><\/div>\n<\/td>\n<td class=\"value\">\n<div class=\"product_properties_propertyValue\">Thimble and sleeve satin chrome finish, \u00f821 mm<\/div>\n<\/td>\n<\/tr>\n<tr class=\"table-row-even\">\n<td class=\"parameter\">\n<div class=\"product_properties_propertyName\"><span class=\"name\">Metrica-pulgadas:<\/span><\/div>\n<\/td>\n<td class=\"value\">\n<div class=\"product_properties_propertyValue\">M\u00e9trica<\/div>\n<\/td>\n<\/tr>\n<tr class=\"table-row-odd\">\n<td class=\"parameter\">\n<div class=\"product_properties_propertyName\"><span class=\"name\">Graduation:<\/span><\/div>\n<\/td>\n<td class=\"value\">\n<div class=\"product_properties_propertyValue\">0,01 mm<\/div>\n<\/td>\n<\/tr>\n<tr class=\"table-row-even\">\n<td class=\"parameter\">\n<div class=\"product_properties_propertyName\"><span class=\"name\">Digital\/Analog:<\/span><\/div>\n<\/td>\n<td class=\"value\">\n<div class=\"product_properties_propertyValue\">Anal\u00f3gico<\/div>\n<\/td>\n<\/tr>\n<tr class=\"table-row-odd\">\n<td class=\"parameter\">\n<div class=\"product_properties_propertyName\"><span class=\"name\">Entregado:<\/span><\/div>\n<\/td>\n<td class=\"value\">\n<div class=\"product_properties_propertyValue\">Including box, key, setting standard (from 25 mm upward)<\/div>\n<\/td>\n<\/tr>\n<\/tbody>\n<\/table>\n","protected":false},"featured_media":18675,"template":"","meta":{"_acf_changed":false},"pwb-brand":[39],"product_brand":[],"product_cat":[366,331,74,432,38],"product_tag":[],"class_list":{"0":"post-16596","1":"product","2":"type-product","3":"status-publish","4":"has-post-thumbnail","6":"pwb-brand-mitutoyo","7":"product_cat-todos-los-productos","8":"product_cat-instrumentos-de-medicion-y-gestion-de-datos","9":"product_cat-micrometros","10":"product_cat-micrometros-digimatic-y-micrometros-mecanicos","11":"product_cat-mitutoyo","13":"first","14":"instock","15":"taxable","16":"shipping-taxable","17":"product-type-simple"},"acf":[],"yoast_head":"<!-- This site is optimized with the Yoast SEO plugin v27.3 - https:\/\/yoast.com\/product\/yoast-seo-wordpress\/ -->\n<title>Micr\u00f3metro para espesor de chapa 0-25mm, Flat Anvil\/spindle, 300mm Throat - Techmaster de Mexico<\/title>\n<meta name=\"robots\" content=\"index, follow, max-snippet:-1, max-image-preview:large, max-video-preview:-1\" \/>\n<link rel=\"canonical\" href=\"https:\/\/techmasterdemexico.com\/en\/producto\/micrometro-para-espesor-de-chapa-0-25mm-flat-anvil-spindle-300mm-throat\/\" \/>\n<meta property=\"og:locale\" content=\"en_US\" \/>\n<meta property=\"og:type\" content=\"article\" \/>\n<meta property=\"og:title\" content=\"Micr\u00f3metro para espesor de chapa 0-25mm, Flat Anvil\/spindle, 300mm Throat - Techmaster de Mexico\" \/>\n<meta property=\"og:description\" content=\"Rango:  0 - 25\u00a0mm    Parallelism:  3 \u00b5m    Maximum Permissible Error J MPE:  \u00b15 \u00b5m    Apoyo \/ Punta:  Type A, flat\/flat    Presi\u00f3n de medida (N):  10 - 14\u00a0N    Peso:  2650\u00a0g    Superficies de medici\u00f3n:  Carbide-tipped, micro-lap finish    Husillo de medici\u00f3n:    Profundidad de garganta hasta 300 mm: \u00d8 8 mm Paso del husillo 0,5 mm, con bloqueo de husillo      Scale:  Thimble and sleeve satin chrome finish, \u00f821 mm    Metrica-pulgadas:  M\u00e9trica    Graduation:  0,01 mm    Digital\/Analog:  Anal\u00f3gico    Entregado:  Including box, key, setting standard (from 25 mm upward)\" \/>\n<meta property=\"og:url\" content=\"https:\/\/techmasterdemexico.com\/en\/producto\/micrometro-para-espesor-de-chapa-0-25mm-flat-anvil-spindle-300mm-throat\/\" \/>\n<meta property=\"og:site_name\" content=\"Techmaster de Mexico\" \/>\n<meta property=\"article:modified_time\" content=\"2022-02-27T21:33:44+00:00\" \/>\n<meta property=\"og:image\" content=\"https:\/\/techmasterdemexico.com\/wp-content\/uploads\/2021\/12\/118-103_jpg.jpg\" \/>\n\t<meta property=\"og:image:width\" content=\"600\" \/>\n\t<meta property=\"og:image:height\" content=\"600\" \/>\n\t<meta property=\"og:image:type\" content=\"image\/jpeg\" \/>\n<meta name=\"twitter:card\" content=\"summary_large_image\" \/>\n<script type=\"application\/ld+json\" class=\"yoast-schema-graph\">{\"@context\":\"https:\\\/\\\/schema.org\",\"@graph\":[{\"@type\":\"WebPage\",\"@id\":\"https:\\\/\\\/techmasterdemexico.com\\\/en\\\/producto\\\/micrometro-para-espesor-de-chapa-0-25mm-flat-anvil-spindle-300mm-throat\\\/\",\"url\":\"https:\\\/\\\/techmasterdemexico.com\\\/en\\\/producto\\\/micrometro-para-espesor-de-chapa-0-25mm-flat-anvil-spindle-300mm-throat\\\/\",\"name\":\"Micr\u00f3metro para espesor de chapa 0-25mm, Flat Anvil\\\/spindle, 300mm Throat - Techmaster de Mexico\",\"isPartOf\":{\"@id\":\"https:\\\/\\\/techmasterdemexico.com\\\/#website\"},\"primaryImageOfPage\":{\"@id\":\"https:\\\/\\\/techmasterdemexico.com\\\/en\\\/producto\\\/micrometro-para-espesor-de-chapa-0-25mm-flat-anvil-spindle-300mm-throat\\\/#primaryimage\"},\"image\":{\"@id\":\"https:\\\/\\\/techmasterdemexico.com\\\/en\\\/producto\\\/micrometro-para-espesor-de-chapa-0-25mm-flat-anvil-spindle-300mm-throat\\\/#primaryimage\"},\"thumbnailUrl\":\"https:\\\/\\\/techmasterdemexico.com\\\/wp-content\\\/uploads\\\/2021\\\/12\\\/118-103_jpg.jpg\",\"datePublished\":\"2021-12-22T01:27:25+00:00\",\"dateModified\":\"2022-02-27T21:33:44+00:00\",\"breadcrumb\":{\"@id\":\"https:\\\/\\\/techmasterdemexico.com\\\/en\\\/producto\\\/micrometro-para-espesor-de-chapa-0-25mm-flat-anvil-spindle-300mm-throat\\\/#breadcrumb\"},\"inLanguage\":\"en-US\",\"potentialAction\":[{\"@type\":\"ReadAction\",\"target\":[\"https:\\\/\\\/techmasterdemexico.com\\\/en\\\/producto\\\/micrometro-para-espesor-de-chapa-0-25mm-flat-anvil-spindle-300mm-throat\\\/\"]}]},{\"@type\":\"ImageObject\",\"inLanguage\":\"en-US\",\"@id\":\"https:\\\/\\\/techmasterdemexico.com\\\/en\\\/producto\\\/micrometro-para-espesor-de-chapa-0-25mm-flat-anvil-spindle-300mm-throat\\\/#primaryimage\",\"url\":\"https:\\\/\\\/techmasterdemexico.com\\\/wp-content\\\/uploads\\\/2021\\\/12\\\/118-103_jpg.jpg\",\"contentUrl\":\"https:\\\/\\\/techmasterdemexico.com\\\/wp-content\\\/uploads\\\/2021\\\/12\\\/118-103_jpg.jpg\",\"width\":600,\"height\":600},{\"@type\":\"BreadcrumbList\",\"@id\":\"https:\\\/\\\/techmasterdemexico.com\\\/en\\\/producto\\\/micrometro-para-espesor-de-chapa-0-25mm-flat-anvil-spindle-300mm-throat\\\/#breadcrumb\",\"itemListElement\":[{\"@type\":\"ListItem\",\"position\":1,\"name\":\"Portada\",\"item\":\"https:\\\/\\\/techmasterdemexico.com\\\/\"},{\"@type\":\"ListItem\",\"position\":2,\"name\":\"Micr\u00f3metro para espesor de chapa 0-25mm, Flat Anvil\\\/spindle, 300mm Throat\"}]},{\"@type\":\"WebSite\",\"@id\":\"https:\\\/\\\/techmasterdemexico.com\\\/#website\",\"url\":\"https:\\\/\\\/techmasterdemexico.com\\\/\",\"name\":\"Techmaster de Mexico\",\"description\":\"\",\"potentialAction\":[{\"@type\":\"SearchAction\",\"target\":{\"@type\":\"EntryPoint\",\"urlTemplate\":\"https:\\\/\\\/techmasterdemexico.com\\\/?s={search_term_string}\"},\"query-input\":{\"@type\":\"PropertyValueSpecification\",\"valueRequired\":true,\"valueName\":\"search_term_string\"}}],\"inLanguage\":\"en-US\"}]}<\/script>\n<!-- \/ Yoast SEO plugin. -->","yoast_head_json":{"title":"Micr\u00f3metro para espesor de chapa 0-25mm, Flat Anvil\/spindle, 300mm Throat - Techmaster de Mexico","robots":{"index":"index","follow":"follow","max-snippet":"max-snippet:-1","max-image-preview":"max-image-preview:large","max-video-preview":"max-video-preview:-1"},"canonical":"https:\/\/techmasterdemexico.com\/en\/producto\/micrometro-para-espesor-de-chapa-0-25mm-flat-anvil-spindle-300mm-throat\/","og_locale":"en_US","og_type":"article","og_title":"Micr\u00f3metro para espesor de chapa 0-25mm, Flat Anvil\/spindle, 300mm Throat - Techmaster de Mexico","og_description":"Rango:  0 - 25\u00a0mm    Parallelism:  3 \u00b5m    Maximum Permissible Error J MPE:  \u00b15 \u00b5m    Apoyo \/ Punta:  Type A, flat\/flat    Presi\u00f3n de medida (N):  10 - 14\u00a0N    Peso:  2650\u00a0g    Superficies de medici\u00f3n:  Carbide-tipped, micro-lap finish    Husillo de medici\u00f3n:    Profundidad de garganta hasta 300 mm: \u00d8 8 mm Paso del husillo 0,5 mm, con bloqueo de husillo      Scale:  Thimble and sleeve satin chrome finish, \u00f821 mm    Metrica-pulgadas:  M\u00e9trica    Graduation:  0,01 mm    Digital\/Analog:  Anal\u00f3gico    Entregado:  Including box, key, setting standard (from 25 mm upward)","og_url":"https:\/\/techmasterdemexico.com\/en\/producto\/micrometro-para-espesor-de-chapa-0-25mm-flat-anvil-spindle-300mm-throat\/","og_site_name":"Techmaster de Mexico","article_modified_time":"2022-02-27T21:33:44+00:00","og_image":[{"width":600,"height":600,"url":"https:\/\/techmasterdemexico.com\/wp-content\/uploads\/2021\/12\/118-103_jpg.jpg","type":"image\/jpeg"}],"twitter_card":"summary_large_image","schema":{"@context":"https:\/\/schema.org","@graph":[{"@type":"WebPage","@id":"https:\/\/techmasterdemexico.com\/en\/producto\/micrometro-para-espesor-de-chapa-0-25mm-flat-anvil-spindle-300mm-throat\/","url":"https:\/\/techmasterdemexico.com\/en\/producto\/micrometro-para-espesor-de-chapa-0-25mm-flat-anvil-spindle-300mm-throat\/","name":"Micr\u00f3metro para espesor de chapa 0-25mm, Flat Anvil\/spindle, 300mm Throat - Techmaster de Mexico","isPartOf":{"@id":"https:\/\/techmasterdemexico.com\/#website"},"primaryImageOfPage":{"@id":"https:\/\/techmasterdemexico.com\/en\/producto\/micrometro-para-espesor-de-chapa-0-25mm-flat-anvil-spindle-300mm-throat\/#primaryimage"},"image":{"@id":"https:\/\/techmasterdemexico.com\/en\/producto\/micrometro-para-espesor-de-chapa-0-25mm-flat-anvil-spindle-300mm-throat\/#primaryimage"},"thumbnailUrl":"https:\/\/techmasterdemexico.com\/wp-content\/uploads\/2021\/12\/118-103_jpg.jpg","datePublished":"2021-12-22T01:27:25+00:00","dateModified":"2022-02-27T21:33:44+00:00","breadcrumb":{"@id":"https:\/\/techmasterdemexico.com\/en\/producto\/micrometro-para-espesor-de-chapa-0-25mm-flat-anvil-spindle-300mm-throat\/#breadcrumb"},"inLanguage":"en-US","potentialAction":[{"@type":"ReadAction","target":["https:\/\/techmasterdemexico.com\/en\/producto\/micrometro-para-espesor-de-chapa-0-25mm-flat-anvil-spindle-300mm-throat\/"]}]},{"@type":"ImageObject","inLanguage":"en-US","@id":"https:\/\/techmasterdemexico.com\/en\/producto\/micrometro-para-espesor-de-chapa-0-25mm-flat-anvil-spindle-300mm-throat\/#primaryimage","url":"https:\/\/techmasterdemexico.com\/wp-content\/uploads\/2021\/12\/118-103_jpg.jpg","contentUrl":"https:\/\/techmasterdemexico.com\/wp-content\/uploads\/2021\/12\/118-103_jpg.jpg","width":600,"height":600},{"@type":"BreadcrumbList","@id":"https:\/\/techmasterdemexico.com\/en\/producto\/micrometro-para-espesor-de-chapa-0-25mm-flat-anvil-spindle-300mm-throat\/#breadcrumb","itemListElement":[{"@type":"ListItem","position":1,"name":"Portada","item":"https:\/\/techmasterdemexico.com\/"},{"@type":"ListItem","position":2,"name":"Micr\u00f3metro para espesor de chapa 0-25mm, Flat Anvil\/spindle, 300mm Throat"}]},{"@type":"WebSite","@id":"https:\/\/techmasterdemexico.com\/#website","url":"https:\/\/techmasterdemexico.com\/","name":"Techmaster de Mexico","description":"","potentialAction":[{"@type":"SearchAction","target":{"@type":"EntryPoint","urlTemplate":"https:\/\/techmasterdemexico.com\/?s={search_term_string}"},"query-input":{"@type":"PropertyValueSpecification","valueRequired":true,"valueName":"search_term_string"}}],"inLanguage":"en-US"}]}},"brands":[{"id":39,"name":"Mitutoyo","slug":"mitutoyo"}],"_links":{"self":[{"href":"https:\/\/techmasterdemexico.com\/en\/wp-json\/wp\/v2\/product\/16596","targetHints":{"allow":["GET"]}}],"collection":[{"href":"https:\/\/techmasterdemexico.com\/en\/wp-json\/wp\/v2\/product"}],"about":[{"href":"https:\/\/techmasterdemexico.com\/en\/wp-json\/wp\/v2\/types\/product"}],"wp:featuredmedia":[{"embeddable":true,"href":"https:\/\/techmasterdemexico.com\/en\/wp-json\/wp\/v2\/media\/18675"}],"wp:attachment":[{"href":"https:\/\/techmasterdemexico.com\/en\/wp-json\/wp\/v2\/media?parent=16596"}],"wp:term":[{"taxonomy":"pwb-brand","embeddable":true,"href":"https:\/\/techmasterdemexico.com\/en\/wp-json\/wp\/v2\/pwb-brand?post=16596"},{"taxonomy":"product_brand","embeddable":true,"href":"https:\/\/techmasterdemexico.com\/en\/wp-json\/wp\/v2\/product_brand?post=16596"},{"taxonomy":"product_cat","embeddable":true,"href":"https:\/\/techmasterdemexico.com\/en\/wp-json\/wp\/v2\/product_cat?post=16596"},{"taxonomy":"product_tag","embeddable":true,"href":"https:\/\/techmasterdemexico.com\/en\/wp-json\/wp\/v2\/product_tag?post=16596"}],"curies":[{"name":"wp","href":"https:\/\/api.w.org\/{rel}","templated":true}]}}